{"id":54730,"date":"2026-01-10T22:58:27","date_gmt":"2026-01-10T20:58:27","guid":{"rendered":"https:\/\/serennashop.com\/prod\/epiluch-innovagoods\/"},"modified":"2026-03-26T00:06:12","modified_gmt":"2026-03-25T22:06:12","slug":"epiluch-innovagoods","status":"publish","type":"product","link":"https:\/\/serennashop.com\/sv\/prod\/epiluch-innovagoods\/","title":{"rendered":"Uppladdningsbar mini-epilator med LED-ljus Epiluch InnovaGoods"},"content":{"rendered":"<div class=\"col-md-6\">\n<p><b>InnovaGoods<\/b> g\u00f6r det enkelt att prioritera personlig v\u00e5rd utan urs\u00e4kter och erbjuder de b\u00e4sta och senaste produkterna f\u00f6r sk\u00f6nhet, avkoppling och v\u00e4lbefinnande! <b>Den uppladdningsbara mini-epilatorn med LED-ljus Epiluch InnovaGoods<\/b>\u00e4r ett bra exempel p\u00e5 detta! Uppt\u00e4ck ett brett utbud av h\u00f6gkvalitativa produkter som utm\u00e4rker sig f\u00f6r sin praktiska, effektiva och innovativa design.<\/p>\n<p>En modern och unik uppladdningsbar epilator med LED-ljus f\u00f6r kvinnor, idealisk f\u00f6r sm\u00e4rtfri, snabb och effektiv h\u00e5rborttagning n\u00e4r och var du \u00e4n beh\u00f6ver det. Tack vare sin mikrovibrationsteknik tar apparaten bort h\u00e5r p\u00e5 en g\u00e5ng utan sm\u00e4rta eller irritation. Ett enkelt och behagligt s\u00e4tt att ta bort h\u00e5r, som l\u00e4mnar din hud len och mjuk. Tack vare sin lilla storlek, l\u00e5ga vikt och kompakta design \u00e4r apparaten mycket l\u00e4tt att b\u00e4ra med sig och f\u00f6rvara var som helst, och tar mycket lite plats. Denna ergonomiska och b\u00e4rbara mini-h\u00e5rborttagare \u00e4r mycket enkel att anv\u00e4nda med fullst\u00e4ndig komfort, utan behov av sladdar eller kontakter. Enheten har ett skydd \u00f6ver bladet och en p\u00e5\/av-knapp. Tack vare s\u00e4kerhetssensorn b\u00f6rjar enheten bara fungera n\u00e4r den \u00e4r i kontakt med huden. Om enheten inte \u00e4r i kontakt med huden stannar den automatiskt efter n\u00e5gra sekunder. Tack vare LED-lampan (\u201dsense-light\u201d-teknik) ger enheten b\u00e4ttre synlighet av h\u00e5rborttagningsomr\u00e5det, s\u00e5 att du kan se \u00e4ven de kortaste och finaste h\u00e5rstr\u00e5na. F\u00f6r b\u00e4sta resultat, dra h\u00e5rborttagaren mot h\u00e5rv\u00e4xtens riktning (i en vinkel p\u00e5 25\u00b0-35\u00b0) utan att trycka f\u00f6r h\u00e5rt. H\u00e5rborttagaren kan anv\u00e4ndas p\u00e5 hela kroppen och \u00e4r \u00e4ven l\u00e4mplig f\u00f6r torr anv\u00e4ndning. Enhetens huvud kan enkelt tas bort om du vill ta is\u00e4r den. Inkluderar en liten reng\u00f6ringsborste och en USB\/mikro-USB-laddningskabel.<\/p>\n<ul>\n<li>Material:\n<ul>\n<li>ABS<\/li>\n<li>Rostfritt st\u00e5l<\/li>\n<\/ul>\n<\/li>\n<li>F\u00e4rg\n<ul>\n<li>Vit<\/li>\n<li>Lila<\/li>\n<\/ul>\n<\/li>\n<li>Modern design: Ergonomisk<\/li>\n<li>Typ\n<ul>\n<li>Elektronisk<\/li>\n<li>Uppladdningsbar<\/li>\n<li>Sladdl\u00f6s<\/li>\n<\/ul>\n<\/li>\n<li>Den ultimata personliga rakapparaten f\u00f6r kvinnor: Sm\u00e4rtfri<\/li>\n<li>Uppladdningsbar h\u00e5rborttagare f\u00f6r kvinnor: Torr h\u00e5rborttagning<\/li>\n<li>Unik och b\u00e4rbar: Inga kablar<\/li>\n<li>Minskad kompakt storlek: Tar liten plats<\/li>\n<li>L\u00e4tt och bekv\u00e4m: L\u00e4tt att b\u00e4ra och f\u00f6rvara<\/li>\n<li>LED-ljus: Se b\u00e4ttre<\/li>\n<li>Touchsensor: Touchkontroll<\/li>\n<li>M\u00e5ngsidig och anpassningsbar: Passande storlek f\u00f6r kroppen<\/li>\n<li>En knapp: Str\u00f6mbrytare<\/li>\n<li>L\u00e4tt att anv\u00e4nda: Bekv\u00e4m, enkel och l\u00e4tt att anv\u00e4nda<\/li>\n<li>Inkluderar: Liten reng\u00f6ringsborste<\/li>\n<li>USB-laddning: Inkluderar USB- till mikro-USB-kabel<\/li>\n<li>Batteri: Li-ion 150 mAh<\/li>\n<li>DC-ing\u00e5ng: 5 V \/ 500 mA<\/li>\n<li>M\u00e5tt ca: 12 x 4,8 x 1,8 cm<\/li>\n<li>F\u00f6rpackning och instruktioner p\u00e5 24 spr\u00e5k: engelska, franska, spanska, tyska, italienska, portugisiska, nederl\u00e4ndska, polska, ungerska, rum\u00e4nska, danska, svenska, finska, litauiska, norska, slovenska, grekiska, tjeckiska, bulgariska, kroatiska, slovakiska, estniska, ryska och lettiska<\/li>\n<\/ul>\n<p>F\u00f6rpackning och instruktioner p\u00e5 24 spr\u00e5k: engelska, franska, spanska, tyska, italienska, portugisiska, nederl\u00e4ndska, polska, ungerska, rum\u00e4nska, danska, svenska, finska, litauiska, norska, slovenska, grekiska, tjeckiska, bulgariska, kroatiska, slovakiska, estniska, ryska och lettiska.<\/p>\n<\/div>\n<div class=\"col-md-6\">\n<div class=\"embed-responsive embed-responsive-16by9\"><\/div>\n<\/div>\n","protected":false},"excerpt":{"rendered":"<p>InnovaGoods g\u00f6r det enkelt att prioritera personlig v\u00e5rd utan urs\u00e4kter och erbjuder de b\u00e4sta och senaste produkterna f\u00f6r sk\u00f6nhet, avkoppling och v\u00e4lbefinnande! Den uppladdningsbara mini-epilatorn med LED-ljus Epiluch InnovaGoods\u00e4r ett bra exempel p\u00e5 detta! Uppt\u00e4ck ett brett utbud av h\u00f6gkvalitativa produkter som utm\u00e4rker sig f\u00f6r sin praktiska, effektiva och innovativa design. En modern och unik [&#8230;]\n","protected":false},"featured_media":13699,"comment_status":"open","ping_status":"closed","template":"","meta":[],"product_brand":[],"product_cat":[1355,898],"product_tag":[901,1363],"class_list":{"0":"post-54730","1":"product","2":"type-product","3":"status-publish","4":"has-post-thumbnail","6":"product_cat-har-skagg","7":"product_cat-skonhet-och-halsa","8":"product_tag-tag_217","9":"product_tag-tag_218","11":"first","12":"instock","13":"taxable","14":"shipping-taxable","15":"purchasable","16":"product-type-simple"},"yoast_head":"<!-- This site is optimized with the Yoast SEO plugin v27.4 - https:\/\/yoast.com\/product\/yoast-seo-wordpress\/ -->\n<title>Uppladdningsbar mini-epilator med LED-ljus Epiluch InnovaGoods - Serenna<\/title>\n<meta name=\"robots\" content=\"index, follow, max-snippet:-1, max-image-preview:large, max-video-preview:-1\" \/>\n<link rel=\"canonical\" href=\"https:\/\/serennashop.com\/sv\/prod\/epiluch-innovagoods\/\" \/>\n<meta property=\"og:locale\" content=\"sv_SE\" \/>\n<meta property=\"og:type\" content=\"article\" \/>\n<meta property=\"og:title\" content=\"Uppladdningsbar mini-epilator med LED-ljus Epiluch InnovaGoods - Serenna\" \/>\n<meta property=\"og:description\" content=\"InnovaGoods g\u00f6r det enkelt att prioritera personlig v\u00e5rd utan urs\u00e4kter och erbjuder de b\u00e4sta och senaste produkterna f\u00f6r sk\u00f6nhet, avkoppling och v\u00e4lbefinnande! Den uppladdningsbara mini-epilatorn med LED-ljus Epiluch InnovaGoods\u00e4r ett bra exempel p\u00e5 detta! Uppt\u00e4ck ett brett utbud av h\u00f6gkvalitativa produkter som utm\u00e4rker sig f\u00f6r sin praktiska, effektiva och innovativa design. En modern och unik [...]\" \/>\n<meta property=\"og:url\" content=\"https:\/\/serennashop.com\/sv\/prod\/epiluch-innovagoods\/\" \/>\n<meta property=\"og:site_name\" content=\"Serenna\" \/>\n<meta property=\"article:publisher\" content=\"https:\/\/www.facebook.com\/serennadecor\" \/>\n<meta property=\"article:modified_time\" content=\"2026-03-25T22:06:12+00:00\" \/>\n<meta property=\"og:image\" content=\"https:\/\/serennashop.com\/wp-content\/uploads\/2026\/01\/V0103457_000_MKT-v_15.jpg\" \/>\n\t<meta property=\"og:image:width\" content=\"1200\" \/>\n\t<meta property=\"og:image:height\" content=\"1200\" \/>\n\t<meta property=\"og:image:type\" content=\"image\/jpeg\" \/>\n<meta name=\"twitter:card\" content=\"summary_large_image\" \/>\n<meta name=\"twitter:label1\" content=\"Ber\u00e4knad l\u00e4stid\" \/>\n\t<meta name=\"twitter:data1\" content=\"3 minuter\" \/>\n<script type=\"application\/ld+json\" class=\"yoast-schema-graph\">{\"@context\":\"https:\\\/\\\/schema.org\",\"@graph\":[{\"@type\":\"WebPage\",\"@id\":\"https:\\\/\\\/serennashop.com\\\/sv\\\/prod\\\/epiluch-innovagoods\\\/\",\"url\":\"https:\\\/\\\/serennashop.com\\\/sv\\\/prod\\\/epiluch-innovagoods\\\/\",\"name\":\"Uppladdningsbar mini-epilator med LED-ljus Epiluch InnovaGoods - Serenna\",\"isPartOf\":{\"@id\":\"https:\\\/\\\/serennashop.com\\\/sv\\\/#website\"},\"primaryImageOfPage\":{\"@id\":\"https:\\\/\\\/serennashop.com\\\/sv\\\/prod\\\/epiluch-innovagoods\\\/#primaryimage\"},\"image\":{\"@id\":\"https:\\\/\\\/serennashop.com\\\/sv\\\/prod\\\/epiluch-innovagoods\\\/#primaryimage\"},\"thumbnailUrl\":\"https:\\\/\\\/serennashop.com\\\/wp-content\\\/uploads\\\/2026\\\/01\\\/V0103457_000_MKT-v_15.jpg\",\"datePublished\":\"2026-01-10T20:58:27+00:00\",\"dateModified\":\"2026-03-25T22:06:12+00:00\",\"breadcrumb\":{\"@id\":\"https:\\\/\\\/serennashop.com\\\/sv\\\/prod\\\/epiluch-innovagoods\\\/#breadcrumb\"},\"inLanguage\":\"sv-SE\",\"potentialAction\":[{\"@type\":\"ReadAction\",\"target\":[\"https:\\\/\\\/serennashop.com\\\/sv\\\/prod\\\/epiluch-innovagoods\\\/\"]}]},{\"@type\":\"ImageObject\",\"inLanguage\":\"sv-SE\",\"@id\":\"https:\\\/\\\/serennashop.com\\\/sv\\\/prod\\\/epiluch-innovagoods\\\/#primaryimage\",\"url\":\"https:\\\/\\\/serennashop.com\\\/wp-content\\\/uploads\\\/2026\\\/01\\\/V0103457_000_MKT-v_15.jpg\",\"contentUrl\":\"https:\\\/\\\/serennashop.com\\\/wp-content\\\/uploads\\\/2026\\\/01\\\/V0103457_000_MKT-v_15.jpg\",\"width\":1200,\"height\":1200,\"caption\":\"V0103457_0\"},{\"@type\":\"BreadcrumbList\",\"@id\":\"https:\\\/\\\/serennashop.com\\\/sv\\\/prod\\\/epiluch-innovagoods\\\/#breadcrumb\",\"itemListElement\":[{\"@type\":\"ListItem\",\"position\":1,\"name\":\"Etusivu\",\"item\":\"https:\\\/\\\/serennashop.com\\\/sv\\\/\"},{\"@type\":\"ListItem\",\"position\":2,\"name\":\"Butik\",\"item\":\"https:\\\/\\\/serennashop.com\\\/sv\\\/shop\\\/\"},{\"@type\":\"ListItem\",\"position\":3,\"name\":\"Uppladdningsbar mini-epilator med LED-ljus Epiluch InnovaGoods\"}]},{\"@type\":\"WebSite\",\"@id\":\"https:\\\/\\\/serennashop.com\\\/sv\\\/#website\",\"url\":\"https:\\\/\\\/serennashop.com\\\/sv\\\/\",\"name\":\"Serenna\",\"description\":\"\",\"publisher\":{\"@id\":\"https:\\\/\\\/serennashop.com\\\/sv\\\/#organization\"},\"potentialAction\":[{\"@type\":\"SearchAction\",\"target\":{\"@type\":\"EntryPoint\",\"urlTemplate\":\"https:\\\/\\\/serennashop.com\\\/sv\\\/?s={search_term_string}\"},\"query-input\":{\"@type\":\"PropertyValueSpecification\",\"valueRequired\":true,\"valueName\":\"search_term_string\"}}],\"inLanguage\":\"sv-SE\"},{\"@type\":\"Organization\",\"@id\":\"https:\\\/\\\/serennashop.com\\\/sv\\\/#organization\",\"name\":\"Serenna\",\"url\":\"https:\\\/\\\/serennashop.com\\\/sv\\\/\",\"logo\":{\"@type\":\"ImageObject\",\"inLanguage\":\"sv-SE\",\"@id\":\"https:\\\/\\\/serennashop.com\\\/sv\\\/#\\\/schema\\\/logo\\\/image\\\/\",\"url\":\"https:\\\/\\\/www.serenna.fi\\\/wp-content\\\/uploads\\\/2025\\\/12\\\/serenna-logo2.png\",\"contentUrl\":\"https:\\\/\\\/www.serenna.fi\\\/wp-content\\\/uploads\\\/2025\\\/12\\\/serenna-logo2.png\",\"width\":2383,\"height\":317,\"caption\":\"Serenna\"},\"image\":{\"@id\":\"https:\\\/\\\/serennashop.com\\\/sv\\\/#\\\/schema\\\/logo\\\/image\\\/\"},\"sameAs\":[\"https:\\\/\\\/www.facebook.com\\\/serennadecor\",\"https:\\\/\\\/www.instagram.com\\\/serennadecor\"]}]}<\/script>\n<!-- \/ Yoast SEO plugin. -->","yoast_head_json":{"title":"Uppladdningsbar mini-epilator med LED-ljus Epiluch InnovaGoods - Serenna","robots":{"index":"index","follow":"follow","max-snippet":"max-snippet:-1","max-image-preview":"max-image-preview:large","max-video-preview":"max-video-preview:-1"},"canonical":"https:\/\/serennashop.com\/sv\/prod\/epiluch-innovagoods\/","og_locale":"sv_SE","og_type":"article","og_title":"Uppladdningsbar mini-epilator med LED-ljus Epiluch InnovaGoods - Serenna","og_description":"InnovaGoods g\u00f6r det enkelt att prioritera personlig v\u00e5rd utan urs\u00e4kter och erbjuder de b\u00e4sta och senaste produkterna f\u00f6r sk\u00f6nhet, avkoppling och v\u00e4lbefinnande! Den uppladdningsbara mini-epilatorn med LED-ljus Epiluch InnovaGoods\u00e4r ett bra exempel p\u00e5 detta! Uppt\u00e4ck ett brett utbud av h\u00f6gkvalitativa produkter som utm\u00e4rker sig f\u00f6r sin praktiska, effektiva och innovativa design. En modern och unik [...]","og_url":"https:\/\/serennashop.com\/sv\/prod\/epiluch-innovagoods\/","og_site_name":"Serenna","article_publisher":"https:\/\/www.facebook.com\/serennadecor","article_modified_time":"2026-03-25T22:06:12+00:00","og_image":[{"width":1200,"height":1200,"url":"https:\/\/serennashop.com\/wp-content\/uploads\/2026\/01\/V0103457_000_MKT-v_15.jpg","type":"image\/jpeg"}],"twitter_card":"summary_large_image","twitter_misc":{"Ber\u00e4knad l\u00e4stid":"3 minuter"},"schema":{"@context":"https:\/\/schema.org","@graph":[{"@type":"WebPage","@id":"https:\/\/serennashop.com\/sv\/prod\/epiluch-innovagoods\/","url":"https:\/\/serennashop.com\/sv\/prod\/epiluch-innovagoods\/","name":"Uppladdningsbar mini-epilator med LED-ljus Epiluch InnovaGoods - Serenna","isPartOf":{"@id":"https:\/\/serennashop.com\/sv\/#website"},"primaryImageOfPage":{"@id":"https:\/\/serennashop.com\/sv\/prod\/epiluch-innovagoods\/#primaryimage"},"image":{"@id":"https:\/\/serennashop.com\/sv\/prod\/epiluch-innovagoods\/#primaryimage"},"thumbnailUrl":"https:\/\/serennashop.com\/wp-content\/uploads\/2026\/01\/V0103457_000_MKT-v_15.jpg","datePublished":"2026-01-10T20:58:27+00:00","dateModified":"2026-03-25T22:06:12+00:00","breadcrumb":{"@id":"https:\/\/serennashop.com\/sv\/prod\/epiluch-innovagoods\/#breadcrumb"},"inLanguage":"sv-SE","potentialAction":[{"@type":"ReadAction","target":["https:\/\/serennashop.com\/sv\/prod\/epiluch-innovagoods\/"]}]},{"@type":"ImageObject","inLanguage":"sv-SE","@id":"https:\/\/serennashop.com\/sv\/prod\/epiluch-innovagoods\/#primaryimage","url":"https:\/\/serennashop.com\/wp-content\/uploads\/2026\/01\/V0103457_000_MKT-v_15.jpg","contentUrl":"https:\/\/serennashop.com\/wp-content\/uploads\/2026\/01\/V0103457_000_MKT-v_15.jpg","width":1200,"height":1200,"caption":"V0103457_0"},{"@type":"BreadcrumbList","@id":"https:\/\/serennashop.com\/sv\/prod\/epiluch-innovagoods\/#breadcrumb","itemListElement":[{"@type":"ListItem","position":1,"name":"Etusivu","item":"https:\/\/serennashop.com\/sv\/"},{"@type":"ListItem","position":2,"name":"Butik","item":"https:\/\/serennashop.com\/sv\/shop\/"},{"@type":"ListItem","position":3,"name":"Uppladdningsbar mini-epilator med LED-ljus Epiluch InnovaGoods"}]},{"@type":"WebSite","@id":"https:\/\/serennashop.com\/sv\/#website","url":"https:\/\/serennashop.com\/sv\/","name":"Serenna","description":"","publisher":{"@id":"https:\/\/serennashop.com\/sv\/#organization"},"potentialAction":[{"@type":"SearchAction","target":{"@type":"EntryPoint","urlTemplate":"https:\/\/serennashop.com\/sv\/?s={search_term_string}"},"query-input":{"@type":"PropertyValueSpecification","valueRequired":true,"valueName":"search_term_string"}}],"inLanguage":"sv-SE"},{"@type":"Organization","@id":"https:\/\/serennashop.com\/sv\/#organization","name":"Serenna","url":"https:\/\/serennashop.com\/sv\/","logo":{"@type":"ImageObject","inLanguage":"sv-SE","@id":"https:\/\/serennashop.com\/sv\/#\/schema\/logo\/image\/","url":"https:\/\/www.serenna.fi\/wp-content\/uploads\/2025\/12\/serenna-logo2.png","contentUrl":"https:\/\/www.serenna.fi\/wp-content\/uploads\/2025\/12\/serenna-logo2.png","width":2383,"height":317,"caption":"Serenna"},"image":{"@id":"https:\/\/serennashop.com\/sv\/#\/schema\/logo\/image\/"},"sameAs":["https:\/\/www.facebook.com\/serennadecor","https:\/\/www.instagram.com\/serennadecor"]}]}},"_links":{"self":[{"href":"https:\/\/serennashop.com\/sv\/wp-json\/wp\/v2\/product\/54730","targetHints":{"allow":["GET"]}}],"collection":[{"href":"https:\/\/serennashop.com\/sv\/wp-json\/wp\/v2\/product"}],"about":[{"href":"https:\/\/serennashop.com\/sv\/wp-json\/wp\/v2\/types\/product"}],"replies":[{"embeddable":true,"href":"https:\/\/serennashop.com\/sv\/wp-json\/wp\/v2\/comments?post=54730"}],"wp:featuredmedia":[{"embeddable":true,"href":"https:\/\/serennashop.com\/sv\/wp-json\/wp\/v2\/media\/13699"}],"wp:attachment":[{"href":"https:\/\/serennashop.com\/sv\/wp-json\/wp\/v2\/media?parent=54730"}],"wp:term":[{"taxonomy":"product_brand","embeddable":true,"href":"https:\/\/serennashop.com\/sv\/wp-json\/wp\/v2\/product_brand?post=54730"},{"taxonomy":"product_cat","embeddable":true,"href":"https:\/\/serennashop.com\/sv\/wp-json\/wp\/v2\/product_cat?post=54730"},{"taxonomy":"product_tag","embeddable":true,"href":"https:\/\/serennashop.com\/sv\/wp-json\/wp\/v2\/product_tag?post=54730"}],"curies":[{"name":"wp","href":"https:\/\/api.w.org\/{rel}","templated":true}]}}