{"id":54723,"date":"2026-01-10T22:58:22","date_gmt":"2026-01-10T20:58:22","guid":{"rendered":"https:\/\/serennashop.com\/prod\/trimpen-innovagoods\/"},"modified":"2026-03-26T00:06:11","modified_gmt":"2026-03-25T22:06:11","slug":"trimpen-innovagoods","status":"publish","type":"product","link":"https:\/\/serennashop.com\/sv\/prod\/trimpen-innovagoods\/","title":{"rendered":"N\u00e4s- och \u00f6ronh\u00e5rstrimmer Trimpen InnovaGoods"},"content":{"rendered":"<div class=\"col-md-6\">\n<p><b>InnovaGoods<\/b> g\u00f6r det enkelt att prioritera personlig v\u00e5rd utan urs\u00e4kter, eftersom det erbjuder de b\u00e4sta och senaste produkterna f\u00f6r sk\u00f6nhet, avkoppling och v\u00e4lbefinnande! <b>N\u00e4s- och \u00f6ronh\u00e5rstrimmern Trimpen InnovaGoods Wellness Beauty<\/b> \u00e4r ett bra exempel p\u00e5 detta! Uppt\u00e4ck ett brett utbud av h\u00f6gkvalitativa produkter som utm\u00e4rker sig f\u00f6r sin praktiska, effektiva och innovativa design.<\/p>\n<p>N\u00e4s- och \u00f6rontrimmern, med sin moderna, ergonomiska och kompakta design, \u00e4r idealisk f\u00f6r att trimma och ta bort h\u00e5r i n\u00e4san och \u00f6ronen. Den \u00e4r sladdl\u00f6s och drivs av 1 x AAA-batteri (ing\u00e5r ej), s\u00e5 det beh\u00f6vs inga besv\u00e4rliga kablar eller uttag. Den \u00e4r liten och diskret, vilket g\u00f6r den l\u00e4tt att transportera och f\u00f6rvara var som helst, och den tar mycket lite plats. Denna minitrimmer n\u00e5r \u00e4ven de sv\u00e5raste omr\u00e5dena. En av dess viktigaste egenskaper \u00e4r att den \u00e4r sm\u00e4rtfri, eftersom den inte drar eller plockar h\u00e5r fr\u00e5n roten, utan klipper dem utan att orsaka sm\u00e4rta eller skada k\u00e4nsliga omr\u00e5den. Den har en enda p\u00e5\/av-knapp och \u00e4r mycket enkel att anv\u00e4nda. Den fungerar med hj\u00e4lp av en roterande sk\u00e4rmetod. G\u00f6r helt enkelt f\u00f6rsiktiga cirkul\u00e4ra r\u00f6relser inuti n\u00e4san och \u00f6ronen och upprepa tills h\u00e5ren \u00e4r borttagna. Sk\u00e4rhuvudet \u00e4r avtagbart, vilket g\u00f6r det l\u00e4tt att reng\u00f6ra, och den har ett bladskydd. En liten reng\u00f6ringsborste medf\u00f6ljer ocks\u00e5.<\/p>\n<ul>\n<li>Material:\n<ul>\n<li>ABS<\/li>\n<li>Aluminium<\/li>\n<\/ul>\n<\/li>\n<li>F\u00e4rg\n<ul>\n<li>Svart<\/li>\n<li>Gr\u00e5<\/li>\n<\/ul>\n<\/li>\n<li>Modern design: Ergonomisk<\/li>\n<li>Typ: Elektronisk<\/li>\n<li>Tr\u00e5dl\u00f6s: Inga kablar<\/li>\n<li>Batteridriven (ing\u00e5r ej): 1 x AAA 1,5 V<\/li>\n<li>Profiltrimmer\/precisionstrimmer: Trimmer f\u00f6r n\u00e4sa och \u00f6ron<\/li>\n<li>Sm\u00e4rtfri: Bekv\u00e4m, enkel och l\u00e4tt att anv\u00e4nda<\/li>\n<li>Avtagbart huvud: L\u00e4tt att reng\u00f6ra<\/li>\n<li>Skyddsk\u00e5pa: L\u00e4tt att \u00f6ppna<\/li>\n<li>Str\u00f6mbrytare: L\u00e4tt att anv\u00e4nda<\/li>\n<li>Inkluderar: Liten reng\u00f6ringsborste<\/li>\n<li>Mindre kompakt storlek: Tar liten plats<\/li>\n<li>L\u00e4tt och smidig: L\u00e4tt att b\u00e4ra och f\u00f6rvara<\/li>\n<li>Hastighet: 15 000 rpm<\/li>\n<li>L\u00e5g str\u00f6mf\u00f6rbrukning: 0,5 W<\/li>\n<li>M\u00e5tt ca: \u00d81,4 x 11,3 cm<\/li>\n<li>F\u00f6rpackning och bruksanvisning p\u00e5 24 spr\u00e5k: engelska, franska, spanska, tyska, italienska, portugisiska, nederl\u00e4ndska, polska, ungerska, rum\u00e4nska, danska, svenska, finska, litauiska, norska, slovenska, grekiska, tjeckiska, bulgariska, kroatiska, slovakiska, estniska, ryska och lettiska<\/li>\n<\/ul>\n<p>F\u00f6rpackning och instruktioner p\u00e5 24 spr\u00e5k: engelska, franska, spanska, tyska, italienska, portugisiska, nederl\u00e4ndska, polska, ungerska, rum\u00e4nska, danska, svenska, finska, litauiska, norska, slovenska, grekiska, tjeckiska, bulgariska, kroatiska, slovakiska, estniska, ryska och lettiska.<\/p>\n<\/div>\n<div class=\"col-md-6\">\n<div class=\"embed-responsive embed-responsive-16by9\"><\/div>\n<\/div>\n","protected":false},"excerpt":{"rendered":"<p>InnovaGoods g\u00f6r det enkelt att prioritera personlig v\u00e5rd utan urs\u00e4kter, eftersom det erbjuder de b\u00e4sta och senaste produkterna f\u00f6r sk\u00f6nhet, avkoppling och v\u00e4lbefinnande! N\u00e4s- och \u00f6ronh\u00e5rstrimmern Trimpen InnovaGoods Wellness Beauty \u00e4r ett bra exempel p\u00e5 detta! Uppt\u00e4ck ett brett utbud av h\u00f6gkvalitativa produkter som utm\u00e4rker sig f\u00f6r sin praktiska, effektiva och innovativa design. N\u00e4s- och [&#8230;]\n","protected":false},"featured_media":13686,"comment_status":"open","ping_status":"closed","template":"","meta":[],"product_brand":[],"product_cat":[1355,898],"product_tag":[901],"class_list":{"0":"post-54723","1":"product","2":"type-product","3":"status-publish","4":"has-post-thumbnail","6":"product_cat-har-skagg","7":"product_cat-skonhet-och-halsa","8":"product_tag-tag_217","10":"first","11":"instock","12":"taxable","13":"shipping-taxable","14":"purchasable","15":"product-type-simple"},"yoast_head":"<!-- This site is optimized with the Yoast SEO plugin v27.4 - https:\/\/yoast.com\/product\/yoast-seo-wordpress\/ -->\n<title>N\u00e4s- och \u00f6ronh\u00e5rstrimmer Trimpen InnovaGoods - Serenna<\/title>\n<meta name=\"robots\" content=\"index, follow, max-snippet:-1, max-image-preview:large, max-video-preview:-1\" \/>\n<link rel=\"canonical\" href=\"https:\/\/serennashop.com\/sv\/prod\/trimpen-innovagoods\/\" \/>\n<meta property=\"og:locale\" content=\"sv_SE\" \/>\n<meta property=\"og:type\" content=\"article\" \/>\n<meta property=\"og:title\" content=\"N\u00e4s- och \u00f6ronh\u00e5rstrimmer Trimpen InnovaGoods - Serenna\" \/>\n<meta property=\"og:description\" content=\"InnovaGoods g\u00f6r det enkelt att prioritera personlig v\u00e5rd utan urs\u00e4kter, eftersom det erbjuder de b\u00e4sta och senaste produkterna f\u00f6r sk\u00f6nhet, avkoppling och v\u00e4lbefinnande! N\u00e4s- och \u00f6ronh\u00e5rstrimmern Trimpen InnovaGoods Wellness Beauty \u00e4r ett bra exempel p\u00e5 detta! Uppt\u00e4ck ett brett utbud av h\u00f6gkvalitativa produkter som utm\u00e4rker sig f\u00f6r sin praktiska, effektiva och innovativa design. N\u00e4s- och [...]\" \/>\n<meta property=\"og:url\" content=\"https:\/\/serennashop.com\/sv\/prod\/trimpen-innovagoods\/\" \/>\n<meta property=\"og:site_name\" content=\"Serenna\" \/>\n<meta property=\"article:publisher\" content=\"https:\/\/www.facebook.com\/serennadecor\" \/>\n<meta property=\"article:modified_time\" content=\"2026-03-25T22:06:11+00:00\" \/>\n<meta property=\"og:image\" content=\"https:\/\/serennashop.com\/wp-content\/uploads\/2026\/01\/V0103330_000_MKT-v_13.jpg\" \/>\n\t<meta property=\"og:image:width\" content=\"1200\" \/>\n\t<meta property=\"og:image:height\" content=\"1200\" \/>\n\t<meta property=\"og:image:type\" content=\"image\/jpeg\" \/>\n<meta name=\"twitter:card\" content=\"summary_large_image\" \/>\n<meta name=\"twitter:label1\" content=\"Ber\u00e4knad l\u00e4stid\" \/>\n\t<meta name=\"twitter:data1\" content=\"3 minuter\" \/>\n<script type=\"application\/ld+json\" class=\"yoast-schema-graph\">{\"@context\":\"https:\\\/\\\/schema.org\",\"@graph\":[{\"@type\":\"WebPage\",\"@id\":\"https:\\\/\\\/serennashop.com\\\/sv\\\/prod\\\/trimpen-innovagoods\\\/\",\"url\":\"https:\\\/\\\/serennashop.com\\\/sv\\\/prod\\\/trimpen-innovagoods\\\/\",\"name\":\"N\u00e4s- och \u00f6ronh\u00e5rstrimmer Trimpen InnovaGoods - Serenna\",\"isPartOf\":{\"@id\":\"https:\\\/\\\/serennashop.com\\\/sv\\\/#website\"},\"primaryImageOfPage\":{\"@id\":\"https:\\\/\\\/serennashop.com\\\/sv\\\/prod\\\/trimpen-innovagoods\\\/#primaryimage\"},\"image\":{\"@id\":\"https:\\\/\\\/serennashop.com\\\/sv\\\/prod\\\/trimpen-innovagoods\\\/#primaryimage\"},\"thumbnailUrl\":\"https:\\\/\\\/serennashop.com\\\/wp-content\\\/uploads\\\/2026\\\/01\\\/V0103330_000_MKT-v_13.jpg\",\"datePublished\":\"2026-01-10T20:58:22+00:00\",\"dateModified\":\"2026-03-25T22:06:11+00:00\",\"breadcrumb\":{\"@id\":\"https:\\\/\\\/serennashop.com\\\/sv\\\/prod\\\/trimpen-innovagoods\\\/#breadcrumb\"},\"inLanguage\":\"sv-SE\",\"potentialAction\":[{\"@type\":\"ReadAction\",\"target\":[\"https:\\\/\\\/serennashop.com\\\/sv\\\/prod\\\/trimpen-innovagoods\\\/\"]}]},{\"@type\":\"ImageObject\",\"inLanguage\":\"sv-SE\",\"@id\":\"https:\\\/\\\/serennashop.com\\\/sv\\\/prod\\\/trimpen-innovagoods\\\/#primaryimage\",\"url\":\"https:\\\/\\\/serennashop.com\\\/wp-content\\\/uploads\\\/2026\\\/01\\\/V0103330_000_MKT-v_13.jpg\",\"contentUrl\":\"https:\\\/\\\/serennashop.com\\\/wp-content\\\/uploads\\\/2026\\\/01\\\/V0103330_000_MKT-v_13.jpg\",\"width\":1200,\"height\":1200,\"caption\":\"V0103330_0\"},{\"@type\":\"BreadcrumbList\",\"@id\":\"https:\\\/\\\/serennashop.com\\\/sv\\\/prod\\\/trimpen-innovagoods\\\/#breadcrumb\",\"itemListElement\":[{\"@type\":\"ListItem\",\"position\":1,\"name\":\"Etusivu\",\"item\":\"https:\\\/\\\/serennashop.com\\\/sv\\\/\"},{\"@type\":\"ListItem\",\"position\":2,\"name\":\"Butik\",\"item\":\"https:\\\/\\\/serennashop.com\\\/sv\\\/shop\\\/\"},{\"@type\":\"ListItem\",\"position\":3,\"name\":\"N\u00e4s- och \u00f6ronh\u00e5rstrimmer Trimpen InnovaGoods\"}]},{\"@type\":\"WebSite\",\"@id\":\"https:\\\/\\\/serennashop.com\\\/sv\\\/#website\",\"url\":\"https:\\\/\\\/serennashop.com\\\/sv\\\/\",\"name\":\"Serenna\",\"description\":\"\",\"publisher\":{\"@id\":\"https:\\\/\\\/serennashop.com\\\/sv\\\/#organization\"},\"potentialAction\":[{\"@type\":\"SearchAction\",\"target\":{\"@type\":\"EntryPoint\",\"urlTemplate\":\"https:\\\/\\\/serennashop.com\\\/sv\\\/?s={search_term_string}\"},\"query-input\":{\"@type\":\"PropertyValueSpecification\",\"valueRequired\":true,\"valueName\":\"search_term_string\"}}],\"inLanguage\":\"sv-SE\"},{\"@type\":\"Organization\",\"@id\":\"https:\\\/\\\/serennashop.com\\\/sv\\\/#organization\",\"name\":\"Serenna\",\"url\":\"https:\\\/\\\/serennashop.com\\\/sv\\\/\",\"logo\":{\"@type\":\"ImageObject\",\"inLanguage\":\"sv-SE\",\"@id\":\"https:\\\/\\\/serennashop.com\\\/sv\\\/#\\\/schema\\\/logo\\\/image\\\/\",\"url\":\"https:\\\/\\\/www.serenna.fi\\\/wp-content\\\/uploads\\\/2025\\\/12\\\/serenna-logo2.png\",\"contentUrl\":\"https:\\\/\\\/www.serenna.fi\\\/wp-content\\\/uploads\\\/2025\\\/12\\\/serenna-logo2.png\",\"width\":2383,\"height\":317,\"caption\":\"Serenna\"},\"image\":{\"@id\":\"https:\\\/\\\/serennashop.com\\\/sv\\\/#\\\/schema\\\/logo\\\/image\\\/\"},\"sameAs\":[\"https:\\\/\\\/www.facebook.com\\\/serennadecor\",\"https:\\\/\\\/www.instagram.com\\\/serennadecor\"]}]}<\/script>\n<!-- \/ Yoast SEO plugin. -->","yoast_head_json":{"title":"N\u00e4s- och \u00f6ronh\u00e5rstrimmer Trimpen InnovaGoods - Serenna","robots":{"index":"index","follow":"follow","max-snippet":"max-snippet:-1","max-image-preview":"max-image-preview:large","max-video-preview":"max-video-preview:-1"},"canonical":"https:\/\/serennashop.com\/sv\/prod\/trimpen-innovagoods\/","og_locale":"sv_SE","og_type":"article","og_title":"N\u00e4s- och \u00f6ronh\u00e5rstrimmer Trimpen InnovaGoods - Serenna","og_description":"InnovaGoods g\u00f6r det enkelt att prioritera personlig v\u00e5rd utan urs\u00e4kter, eftersom det erbjuder de b\u00e4sta och senaste produkterna f\u00f6r sk\u00f6nhet, avkoppling och v\u00e4lbefinnande! N\u00e4s- och \u00f6ronh\u00e5rstrimmern Trimpen InnovaGoods Wellness Beauty \u00e4r ett bra exempel p\u00e5 detta! Uppt\u00e4ck ett brett utbud av h\u00f6gkvalitativa produkter som utm\u00e4rker sig f\u00f6r sin praktiska, effektiva och innovativa design. N\u00e4s- och [...]","og_url":"https:\/\/serennashop.com\/sv\/prod\/trimpen-innovagoods\/","og_site_name":"Serenna","article_publisher":"https:\/\/www.facebook.com\/serennadecor","article_modified_time":"2026-03-25T22:06:11+00:00","og_image":[{"width":1200,"height":1200,"url":"https:\/\/serennashop.com\/wp-content\/uploads\/2026\/01\/V0103330_000_MKT-v_13.jpg","type":"image\/jpeg"}],"twitter_card":"summary_large_image","twitter_misc":{"Ber\u00e4knad l\u00e4stid":"3 minuter"},"schema":{"@context":"https:\/\/schema.org","@graph":[{"@type":"WebPage","@id":"https:\/\/serennashop.com\/sv\/prod\/trimpen-innovagoods\/","url":"https:\/\/serennashop.com\/sv\/prod\/trimpen-innovagoods\/","name":"N\u00e4s- och \u00f6ronh\u00e5rstrimmer Trimpen InnovaGoods - Serenna","isPartOf":{"@id":"https:\/\/serennashop.com\/sv\/#website"},"primaryImageOfPage":{"@id":"https:\/\/serennashop.com\/sv\/prod\/trimpen-innovagoods\/#primaryimage"},"image":{"@id":"https:\/\/serennashop.com\/sv\/prod\/trimpen-innovagoods\/#primaryimage"},"thumbnailUrl":"https:\/\/serennashop.com\/wp-content\/uploads\/2026\/01\/V0103330_000_MKT-v_13.jpg","datePublished":"2026-01-10T20:58:22+00:00","dateModified":"2026-03-25T22:06:11+00:00","breadcrumb":{"@id":"https:\/\/serennashop.com\/sv\/prod\/trimpen-innovagoods\/#breadcrumb"},"inLanguage":"sv-SE","potentialAction":[{"@type":"ReadAction","target":["https:\/\/serennashop.com\/sv\/prod\/trimpen-innovagoods\/"]}]},{"@type":"ImageObject","inLanguage":"sv-SE","@id":"https:\/\/serennashop.com\/sv\/prod\/trimpen-innovagoods\/#primaryimage","url":"https:\/\/serennashop.com\/wp-content\/uploads\/2026\/01\/V0103330_000_MKT-v_13.jpg","contentUrl":"https:\/\/serennashop.com\/wp-content\/uploads\/2026\/01\/V0103330_000_MKT-v_13.jpg","width":1200,"height":1200,"caption":"V0103330_0"},{"@type":"BreadcrumbList","@id":"https:\/\/serennashop.com\/sv\/prod\/trimpen-innovagoods\/#breadcrumb","itemListElement":[{"@type":"ListItem","position":1,"name":"Etusivu","item":"https:\/\/serennashop.com\/sv\/"},{"@type":"ListItem","position":2,"name":"Butik","item":"https:\/\/serennashop.com\/sv\/shop\/"},{"@type":"ListItem","position":3,"name":"N\u00e4s- och \u00f6ronh\u00e5rstrimmer Trimpen InnovaGoods"}]},{"@type":"WebSite","@id":"https:\/\/serennashop.com\/sv\/#website","url":"https:\/\/serennashop.com\/sv\/","name":"Serenna","description":"","publisher":{"@id":"https:\/\/serennashop.com\/sv\/#organization"},"potentialAction":[{"@type":"SearchAction","target":{"@type":"EntryPoint","urlTemplate":"https:\/\/serennashop.com\/sv\/?s={search_term_string}"},"query-input":{"@type":"PropertyValueSpecification","valueRequired":true,"valueName":"search_term_string"}}],"inLanguage":"sv-SE"},{"@type":"Organization","@id":"https:\/\/serennashop.com\/sv\/#organization","name":"Serenna","url":"https:\/\/serennashop.com\/sv\/","logo":{"@type":"ImageObject","inLanguage":"sv-SE","@id":"https:\/\/serennashop.com\/sv\/#\/schema\/logo\/image\/","url":"https:\/\/www.serenna.fi\/wp-content\/uploads\/2025\/12\/serenna-logo2.png","contentUrl":"https:\/\/www.serenna.fi\/wp-content\/uploads\/2025\/12\/serenna-logo2.png","width":2383,"height":317,"caption":"Serenna"},"image":{"@id":"https:\/\/serennashop.com\/sv\/#\/schema\/logo\/image\/"},"sameAs":["https:\/\/www.facebook.com\/serennadecor","https:\/\/www.instagram.com\/serennadecor"]}]}},"_links":{"self":[{"href":"https:\/\/serennashop.com\/sv\/wp-json\/wp\/v2\/product\/54723","targetHints":{"allow":["GET"]}}],"collection":[{"href":"https:\/\/serennashop.com\/sv\/wp-json\/wp\/v2\/product"}],"about":[{"href":"https:\/\/serennashop.com\/sv\/wp-json\/wp\/v2\/types\/product"}],"replies":[{"embeddable":true,"href":"https:\/\/serennashop.com\/sv\/wp-json\/wp\/v2\/comments?post=54723"}],"wp:featuredmedia":[{"embeddable":true,"href":"https:\/\/serennashop.com\/sv\/wp-json\/wp\/v2\/media\/13686"}],"wp:attachment":[{"href":"https:\/\/serennashop.com\/sv\/wp-json\/wp\/v2\/media?parent=54723"}],"wp:term":[{"taxonomy":"product_brand","embeddable":true,"href":"https:\/\/serennashop.com\/sv\/wp-json\/wp\/v2\/product_brand?post=54723"},{"taxonomy":"product_cat","embeddable":true,"href":"https:\/\/serennashop.com\/sv\/wp-json\/wp\/v2\/product_cat?post=54723"},{"taxonomy":"product_tag","embeddable":true,"href":"https:\/\/serennashop.com\/sv\/wp-json\/wp\/v2\/product_tag?post=54723"}],"curies":[{"name":"wp","href":"https:\/\/api.w.org\/{rel}","templated":true}]}}