{"id":54709,"date":"2026-01-10T22:58:16","date_gmt":"2026-01-10T20:58:16","guid":{"rendered":"https:\/\/serennashop.com\/prod\/jeanne-piaubert-jeanne-piaubert-100-ml\/"},"modified":"2026-03-26T00:06:11","modified_gmt":"2026-03-25T22:06:11","slug":"jeanne-piaubert-jeanne-piaubert-100-ml","status":"publish","type":"product","link":"https:\/\/serennashop.com\/sv\/prod\/jeanne-piaubert-jeanne-piaubert-100-ml\/","title":{"rendered":"Jeanne Piaubert Rakbalsam Jeanne Piaubert 100 ml"},"content":{"rendered":"<p>Aftershave Balm Methode for Men Jeanne Piaubert (100 ml) \u00e4r en exklusiv produkt av h\u00f6gsta kvalitet f\u00f6r kroppsv\u00e5rd. Om du letar efter de b\u00e4sta produkterna f\u00f6r personlig hygien \u00e4r 100 % \u00e4kta Jeanne Piaubert-produkter precis vad du beh\u00f6ver.<\/p>\n<p><b>B\u00e1lsamo Aftershave Jeanne Piaubert M\u00e9thode For Men<\/b> \u00e4r en produkt som \u00e4r speciellt utformad f\u00f6r efterv\u00e5rd efter rakning f\u00f6r m\u00e4n och kombinerar effektivitet och komfort i en f\u00f6rpackning p\u00e5 <b>100 ml<\/b>. Denna aftershave-balsam, tillverkad utifr\u00e5n en kombination av spanska och franska kosmetiska traditioner, har <b>lugnande<\/b> egenskaper som lindrar irriterad hud orsakad av rakning och hj\u00e4lper till att minska obehag och rodnad. Den mjuka konsistensen absorberas snabbt och ger n\u00e4rande fukt som hj\u00e4lper till att h\u00e5lla ansiktshuden i gott skick efter daglig rakning. Denna balsam ing\u00e5r i <b>M\u00e9thode For Men<\/b>-serien och \u00e4r en effektiv, h\u00f6gkvalitativ produkt f\u00f6r m\u00e4n som s\u00f6ker effektiv v\u00e5rd som f\u00f6rbereder och skyddar huden dagligen. Formulan \u00e4r utformad f\u00f6r att skydda och \u00e5terst\u00e4lla hudens skyddande lager, vilket \u00e4r viktigt f\u00f6r att f\u00f6rebygga torrhet och sp\u00e4nningar efter rakning. Sammantaget \u00e4r <b>B\u00e1lsamo Aftershave Jeanne Piaubert<\/b> ett p\u00e5litligt val f\u00f6r att lugna, mjuka upp och ge n\u00e4ring \u00e5t huden efter rakning, som en del av en personlig v\u00e5rdrutin f\u00f6r m\u00e4n som betonar effektivitet och komfort.<\/p>\n<p>\u00a0<\/p>\n<ul>\n<li>K\u00f6n: M\u00e4n<\/li>\n<li>Volym: 100 ml<\/li>\n<li>Typ\n<ul>\n<li>After Shave-balsam<\/li>\n<li>After Shave<\/li>\n<\/ul>\n<\/li>\n<li>Doftnamn: Methode For Men<\/li>\n<\/ul>\n","protected":false},"excerpt":{"rendered":"<p><span class=\"unit-info\">23.0000 \u20ac \/ 100 ml<\/span><\/p>\n","protected":false},"featured_media":72964,"comment_status":"open","ping_status":"closed","template":"","meta":[],"product_brand":[],"product_cat":[1601,898],"product_tag":[901],"class_list":{"0":"post-54709","1":"product","2":"type-product","3":"status-publish","4":"has-post-thumbnail","6":"product_cat-produkter-for-man","7":"product_cat-skonhet-och-halsa","8":"product_tag-tag_217","10":"first","11":"instock","12":"taxable","13":"shipping-taxable","14":"purchasable","15":"product-type-simple"},"yoast_head":"<!-- This site is optimized with the Yoast SEO plugin v27.4 - https:\/\/yoast.com\/product\/yoast-seo-wordpress\/ -->\n<title>Jeanne Piaubert Rakbalsam Jeanne Piaubert 100 ml - Serenna<\/title>\n<meta name=\"robots\" content=\"index, follow, max-snippet:-1, max-image-preview:large, max-video-preview:-1\" \/>\n<link rel=\"canonical\" href=\"https:\/\/serennashop.com\/sv\/prod\/jeanne-piaubert-jeanne-piaubert-100-ml\/\" \/>\n<meta property=\"og:locale\" content=\"sv_SE\" \/>\n<meta property=\"og:type\" content=\"article\" \/>\n<meta property=\"og:title\" content=\"Jeanne Piaubert Rakbalsam Jeanne Piaubert 100 ml - Serenna\" \/>\n<meta property=\"og:description\" content=\"23.0000 \u20ac \/ 100 ml\" \/>\n<meta property=\"og:url\" content=\"https:\/\/serennashop.com\/sv\/prod\/jeanne-piaubert-jeanne-piaubert-100-ml\/\" \/>\n<meta property=\"og:site_name\" content=\"Serenna\" \/>\n<meta property=\"article:publisher\" content=\"https:\/\/www.facebook.com\/serennadecor\" \/>\n<meta property=\"article:modified_time\" content=\"2026-03-25T22:06:11+00:00\" \/>\n<meta property=\"og:image\" content=\"https:\/\/serennashop.com\/wp-content\/uploads\/2026\/02\/import_images-2021042711004701-1.jpg\" \/>\n\t<meta property=\"og:image:width\" content=\"1200\" \/>\n\t<meta property=\"og:image:height\" content=\"1200\" \/>\n\t<meta property=\"og:image:type\" content=\"image\/jpeg\" \/>\n<meta name=\"twitter:card\" content=\"summary_large_image\" \/>\n<meta name=\"twitter:label1\" content=\"Ber\u00e4knad l\u00e4stid\" \/>\n\t<meta name=\"twitter:data1\" content=\"2 minuter\" \/>\n<script type=\"application\/ld+json\" class=\"yoast-schema-graph\">{\"@context\":\"https:\\\/\\\/schema.org\",\"@graph\":[{\"@type\":\"WebPage\",\"@id\":\"https:\\\/\\\/serennashop.com\\\/sv\\\/prod\\\/jeanne-piaubert-jeanne-piaubert-100-ml\\\/\",\"url\":\"https:\\\/\\\/serennashop.com\\\/sv\\\/prod\\\/jeanne-piaubert-jeanne-piaubert-100-ml\\\/\",\"name\":\"Jeanne Piaubert Rakbalsam Jeanne Piaubert 100 ml - Serenna\",\"isPartOf\":{\"@id\":\"https:\\\/\\\/serennashop.com\\\/sv\\\/#website\"},\"primaryImageOfPage\":{\"@id\":\"https:\\\/\\\/serennashop.com\\\/sv\\\/prod\\\/jeanne-piaubert-jeanne-piaubert-100-ml\\\/#primaryimage\"},\"image\":{\"@id\":\"https:\\\/\\\/serennashop.com\\\/sv\\\/prod\\\/jeanne-piaubert-jeanne-piaubert-100-ml\\\/#primaryimage\"},\"thumbnailUrl\":\"https:\\\/\\\/serennashop.com\\\/wp-content\\\/uploads\\\/2026\\\/04\\\/import_images-2021042711004701.jpg\",\"datePublished\":\"2026-01-10T20:58:16+00:00\",\"dateModified\":\"2026-03-25T22:06:11+00:00\",\"breadcrumb\":{\"@id\":\"https:\\\/\\\/serennashop.com\\\/sv\\\/prod\\\/jeanne-piaubert-jeanne-piaubert-100-ml\\\/#breadcrumb\"},\"inLanguage\":\"sv-SE\",\"potentialAction\":[{\"@type\":\"ReadAction\",\"target\":[\"https:\\\/\\\/serennashop.com\\\/sv\\\/prod\\\/jeanne-piaubert-jeanne-piaubert-100-ml\\\/\"]}]},{\"@type\":\"ImageObject\",\"inLanguage\":\"sv-SE\",\"@id\":\"https:\\\/\\\/serennashop.com\\\/sv\\\/prod\\\/jeanne-piaubert-jeanne-piaubert-100-ml\\\/#primaryimage\",\"url\":\"https:\\\/\\\/serennashop.com\\\/wp-content\\\/uploads\\\/2026\\\/04\\\/import_images-2021042711004701.jpg\",\"contentUrl\":\"https:\\\/\\\/serennashop.com\\\/wp-content\\\/uploads\\\/2026\\\/04\\\/import_images-2021042711004701.jpg\",\"width\":1200,\"height\":1200,\"caption\":\"S0584419_0\"},{\"@type\":\"BreadcrumbList\",\"@id\":\"https:\\\/\\\/serennashop.com\\\/sv\\\/prod\\\/jeanne-piaubert-jeanne-piaubert-100-ml\\\/#breadcrumb\",\"itemListElement\":[{\"@type\":\"ListItem\",\"position\":1,\"name\":\"Etusivu\",\"item\":\"https:\\\/\\\/serennashop.com\\\/sv\\\/\"},{\"@type\":\"ListItem\",\"position\":2,\"name\":\"Butik\",\"item\":\"https:\\\/\\\/serennashop.com\\\/sv\\\/shop\\\/\"},{\"@type\":\"ListItem\",\"position\":3,\"name\":\"Jeanne Piaubert Rakbalsam Jeanne Piaubert 100 ml\"}]},{\"@type\":\"WebSite\",\"@id\":\"https:\\\/\\\/serennashop.com\\\/sv\\\/#website\",\"url\":\"https:\\\/\\\/serennashop.com\\\/sv\\\/\",\"name\":\"Serenna\",\"description\":\"\",\"publisher\":{\"@id\":\"https:\\\/\\\/serennashop.com\\\/sv\\\/#organization\"},\"potentialAction\":[{\"@type\":\"SearchAction\",\"target\":{\"@type\":\"EntryPoint\",\"urlTemplate\":\"https:\\\/\\\/serennashop.com\\\/sv\\\/?s={search_term_string}\"},\"query-input\":{\"@type\":\"PropertyValueSpecification\",\"valueRequired\":true,\"valueName\":\"search_term_string\"}}],\"inLanguage\":\"sv-SE\"},{\"@type\":\"Organization\",\"@id\":\"https:\\\/\\\/serennashop.com\\\/sv\\\/#organization\",\"name\":\"Serenna\",\"url\":\"https:\\\/\\\/serennashop.com\\\/sv\\\/\",\"logo\":{\"@type\":\"ImageObject\",\"inLanguage\":\"sv-SE\",\"@id\":\"https:\\\/\\\/serennashop.com\\\/sv\\\/#\\\/schema\\\/logo\\\/image\\\/\",\"url\":\"https:\\\/\\\/www.serenna.fi\\\/wp-content\\\/uploads\\\/2025\\\/12\\\/serenna-logo2.png\",\"contentUrl\":\"https:\\\/\\\/www.serenna.fi\\\/wp-content\\\/uploads\\\/2025\\\/12\\\/serenna-logo2.png\",\"width\":2383,\"height\":317,\"caption\":\"Serenna\"},\"image\":{\"@id\":\"https:\\\/\\\/serennashop.com\\\/sv\\\/#\\\/schema\\\/logo\\\/image\\\/\"},\"sameAs\":[\"https:\\\/\\\/www.facebook.com\\\/serennadecor\",\"https:\\\/\\\/www.instagram.com\\\/serennadecor\"]}]}<\/script>\n<!-- \/ Yoast SEO plugin. -->","yoast_head_json":{"title":"Jeanne Piaubert Rakbalsam Jeanne Piaubert 100 ml - Serenna","robots":{"index":"index","follow":"follow","max-snippet":"max-snippet:-1","max-image-preview":"max-image-preview:large","max-video-preview":"max-video-preview:-1"},"canonical":"https:\/\/serennashop.com\/sv\/prod\/jeanne-piaubert-jeanne-piaubert-100-ml\/","og_locale":"sv_SE","og_type":"article","og_title":"Jeanne Piaubert Rakbalsam Jeanne Piaubert 100 ml - Serenna","og_description":"23.0000 \u20ac \/ 100 ml","og_url":"https:\/\/serennashop.com\/sv\/prod\/jeanne-piaubert-jeanne-piaubert-100-ml\/","og_site_name":"Serenna","article_publisher":"https:\/\/www.facebook.com\/serennadecor","article_modified_time":"2026-03-25T22:06:11+00:00","og_image":[{"width":1200,"height":1200,"url":"https:\/\/serennashop.com\/wp-content\/uploads\/2026\/02\/import_images-2021042711004701-1.jpg","type":"image\/jpeg"}],"twitter_card":"summary_large_image","twitter_misc":{"Ber\u00e4knad l\u00e4stid":"2 minuter"},"schema":{"@context":"https:\/\/schema.org","@graph":[{"@type":"WebPage","@id":"https:\/\/serennashop.com\/sv\/prod\/jeanne-piaubert-jeanne-piaubert-100-ml\/","url":"https:\/\/serennashop.com\/sv\/prod\/jeanne-piaubert-jeanne-piaubert-100-ml\/","name":"Jeanne Piaubert Rakbalsam Jeanne Piaubert 100 ml - Serenna","isPartOf":{"@id":"https:\/\/serennashop.com\/sv\/#website"},"primaryImageOfPage":{"@id":"https:\/\/serennashop.com\/sv\/prod\/jeanne-piaubert-jeanne-piaubert-100-ml\/#primaryimage"},"image":{"@id":"https:\/\/serennashop.com\/sv\/prod\/jeanne-piaubert-jeanne-piaubert-100-ml\/#primaryimage"},"thumbnailUrl":"https:\/\/serennashop.com\/wp-content\/uploads\/2026\/04\/import_images-2021042711004701.jpg","datePublished":"2026-01-10T20:58:16+00:00","dateModified":"2026-03-25T22:06:11+00:00","breadcrumb":{"@id":"https:\/\/serennashop.com\/sv\/prod\/jeanne-piaubert-jeanne-piaubert-100-ml\/#breadcrumb"},"inLanguage":"sv-SE","potentialAction":[{"@type":"ReadAction","target":["https:\/\/serennashop.com\/sv\/prod\/jeanne-piaubert-jeanne-piaubert-100-ml\/"]}]},{"@type":"ImageObject","inLanguage":"sv-SE","@id":"https:\/\/serennashop.com\/sv\/prod\/jeanne-piaubert-jeanne-piaubert-100-ml\/#primaryimage","url":"https:\/\/serennashop.com\/wp-content\/uploads\/2026\/04\/import_images-2021042711004701.jpg","contentUrl":"https:\/\/serennashop.com\/wp-content\/uploads\/2026\/04\/import_images-2021042711004701.jpg","width":1200,"height":1200,"caption":"S0584419_0"},{"@type":"BreadcrumbList","@id":"https:\/\/serennashop.com\/sv\/prod\/jeanne-piaubert-jeanne-piaubert-100-ml\/#breadcrumb","itemListElement":[{"@type":"ListItem","position":1,"name":"Etusivu","item":"https:\/\/serennashop.com\/sv\/"},{"@type":"ListItem","position":2,"name":"Butik","item":"https:\/\/serennashop.com\/sv\/shop\/"},{"@type":"ListItem","position":3,"name":"Jeanne Piaubert Rakbalsam Jeanne Piaubert 100 ml"}]},{"@type":"WebSite","@id":"https:\/\/serennashop.com\/sv\/#website","url":"https:\/\/serennashop.com\/sv\/","name":"Serenna","description":"","publisher":{"@id":"https:\/\/serennashop.com\/sv\/#organization"},"potentialAction":[{"@type":"SearchAction","target":{"@type":"EntryPoint","urlTemplate":"https:\/\/serennashop.com\/sv\/?s={search_term_string}"},"query-input":{"@type":"PropertyValueSpecification","valueRequired":true,"valueName":"search_term_string"}}],"inLanguage":"sv-SE"},{"@type":"Organization","@id":"https:\/\/serennashop.com\/sv\/#organization","name":"Serenna","url":"https:\/\/serennashop.com\/sv\/","logo":{"@type":"ImageObject","inLanguage":"sv-SE","@id":"https:\/\/serennashop.com\/sv\/#\/schema\/logo\/image\/","url":"https:\/\/www.serenna.fi\/wp-content\/uploads\/2025\/12\/serenna-logo2.png","contentUrl":"https:\/\/www.serenna.fi\/wp-content\/uploads\/2025\/12\/serenna-logo2.png","width":2383,"height":317,"caption":"Serenna"},"image":{"@id":"https:\/\/serennashop.com\/sv\/#\/schema\/logo\/image\/"},"sameAs":["https:\/\/www.facebook.com\/serennadecor","https:\/\/www.instagram.com\/serennadecor"]}]}},"_links":{"self":[{"href":"https:\/\/serennashop.com\/sv\/wp-json\/wp\/v2\/product\/54709","targetHints":{"allow":["GET"]}}],"collection":[{"href":"https:\/\/serennashop.com\/sv\/wp-json\/wp\/v2\/product"}],"about":[{"href":"https:\/\/serennashop.com\/sv\/wp-json\/wp\/v2\/types\/product"}],"replies":[{"embeddable":true,"href":"https:\/\/serennashop.com\/sv\/wp-json\/wp\/v2\/comments?post=54709"}],"wp:featuredmedia":[{"embeddable":true,"href":"https:\/\/serennashop.com\/sv\/wp-json\/wp\/v2\/media\/72964"}],"wp:attachment":[{"href":"https:\/\/serennashop.com\/sv\/wp-json\/wp\/v2\/media?parent=54709"}],"wp:term":[{"taxonomy":"product_brand","embeddable":true,"href":"https:\/\/serennashop.com\/sv\/wp-json\/wp\/v2\/product_brand?post=54709"},{"taxonomy":"product_cat","embeddable":true,"href":"https:\/\/serennashop.com\/sv\/wp-json\/wp\/v2\/product_cat?post=54709"},{"taxonomy":"product_tag","embeddable":true,"href":"https:\/\/serennashop.com\/sv\/wp-json\/wp\/v2\/product_tag?post=54709"}],"curies":[{"name":"wp","href":"https:\/\/api.w.org\/{rel}","templated":true}]}}