{"id":54303,"date":"2026-01-09T10:23:16","date_gmt":"2026-01-09T08:23:16","guid":{"rendered":"https:\/\/serennashop.com\/prod\/guess-gf5082-6052f\/"},"modified":"2026-03-26T00:05:48","modified_gmt":"2026-03-25T22:05:48","slug":"guess-gf5082-6052f","status":"publish","type":"product","link":"https:\/\/serennashop.com\/sv\/prod\/guess-gf5082-6052f\/","title":{"rendered":"Herr-solglas\u00f6gon Guess GF5082 6052F"},"content":{"rendered":"<p><b>Herr-solglas\u00f6gon Guess GF5082 6052F<\/b><\/p>\n<ul>\n<li>Typ: Herr-solglas\u00f6gon<\/li>\n<li>K\u00f6n: Herr<\/li>\n<li>Skydd: 100 % UV-skydd (UV400)<\/li>\n<li>Inkluderar: Inkluderar m\u00e4rkesv\u00e4ska<\/li>\n<\/ul>\n<p><strong>Guess solglas\u00f6gon \u2013 dj\u00e4rv mode, ikonisk attityd<\/strong><\/p>\n<p>Guess solglas\u00f6gon kombinerar trendig design, glamor\u00f6s elegans och en ungdomlig attityd p\u00e5 ett s\u00e4tt som g\u00f6r varum\u00e4rket till ett av de mest igenk\u00e4nnliga namnen i modev\u00e4rlden. Guess har alltid varit en pionj\u00e4r inom dj\u00e4rv och sj\u00e4lvs\u00e4ker stil \u2013 och detta \u00e5terspeglas \u00e4ven i deras solglas\u00f6gonkollektion. Varje modell \u00e4r designad f\u00f6r att framh\u00e4va personligheten, ge en outfit den sista touchen och tillf\u00f6ra en touch av lyx till vardagen.<\/p>\n<p>Guess-solglas\u00f6gon \u00e4r det perfekta valet f\u00f6r dig som \u00e4lskar trendig mode och en polerad stil. Kollektionen inneh\u00e5ller b\u00e5de sl\u00e5ende, glamor\u00f6sa b\u00e5gar och mer minimalistiska, moderna och eleganta modeller. Urvalet inkluderar \u00f6verdimensionerade former, cat-eye-b\u00e5gar, aviatorglas\u00f6gon och klassiska raka modeller \u2013 alla med det igenk\u00e4nnliga priset fr\u00e5n modehuset Guess.<\/p>\n<p>H\u00f6gkvalitativa linser erbjuder komfort och skydd, och l\u00e4tta b\u00e5gar garanterar en bekv\u00e4m passform hela dagen l\u00e5ng. Snygga detaljer som logotyper, metalldetaljer och sofistikerade designelement g\u00f6r dessa glas\u00f6gon till ett elegant tillbeh\u00f6r f\u00f6r alla tillf\u00e4llen.<\/p>\n<p><strong>Varf\u00f6r v\u00e4lja solglas\u00f6gon fr\u00e5n Guess?<\/strong><\/p>\n<ul>\n<li>\u2728 Trendig, lyxig design<\/li>\n<li>\ud83c\udf1e H\u00f6gkvalitativt UV-skydd i m\u00e5nga modeller<\/li>\n<li>\ud83d\udc53 L\u00e4tta och bekv\u00e4ma att b\u00e4ra<\/li>\n<li>\ud83d\udc8e Ikoniska Guess-detaljer<\/li>\n<li>\ud83d\udc60 Det perfekta valet f\u00f6r den modemedvetna<\/li>\n<\/ul>\n<p>\nGuess-solglas\u00f6gon \u00e4r n\u00e5got f\u00f6r dig som vill sticka ut med din stil och ge din outfit en touch av glamour \u2013 enkelt och effektfullt.<br \/>\nSkapa en dj\u00e4rv och sj\u00e4lvs\u00e4ker look med Guess ikoniska solglas\u00f6gon.<\/p>\n<p>\u00a0<\/p>\n","protected":false},"excerpt":{"rendered":"<p>Herr-solglas\u00f6gon Guess GF5082 6052F Typ: Herr-solglas\u00f6gon K\u00f6n: Herr Skydd: 100 % UV-skydd (UV400) Inkluderar: Inkluderar m\u00e4rkesv\u00e4ska<\/p>\n","protected":false},"featured_media":13243,"comment_status":"open","ping_status":"closed","template":"","meta":[],"product_brand":[],"product_cat":[2501,1206],"product_tag":[768,838,837,1209],"class_list":{"0":"post-54303","1":"product","2":"type-product","3":"status-publish","4":"has-post-thumbnail","6":"product_cat-solglasogon","7":"product_cat-solglasogon-fo","8":"product_tag-tag_188","9":"product_tag-tag_189","10":"product_tag-tag_195","11":"product_tag-tag_194","13":"first","14":"instock","15":"taxable","16":"shipping-taxable","17":"purchasable","18":"product-type-simple"},"yoast_head":"<!-- This site is optimized with the Yoast SEO plugin v27.4 - https:\/\/yoast.com\/product\/yoast-seo-wordpress\/ -->\n<title>Herr-solglas\u00f6gon Guess GF5082 6052F - Serenna<\/title>\n<meta name=\"description\" content=\"Aurinkolasit \u2013 tyylikk\u00e4\u00e4t ja laadukkaat aurinkolasit miehille. Suojaa silm\u00e4si UV-s\u00e4teilylt\u00e4 ja viimeistele asusi tunnetuilla br\u00e4ndeill\u00e4.\" \/>\n<meta name=\"robots\" content=\"index, follow, max-snippet:-1, max-image-preview:large, max-video-preview:-1\" \/>\n<link rel=\"canonical\" href=\"https:\/\/serennashop.com\/sv\/prod\/guess-gf5082-6052f\/\" \/>\n<meta property=\"og:locale\" content=\"sv_SE\" \/>\n<meta property=\"og:type\" content=\"article\" \/>\n<meta property=\"og:title\" content=\"Herr-solglas\u00f6gon Guess GF5082 6052F - Serenna\" \/>\n<meta property=\"og:description\" content=\"Aurinkolasit \u2013 tyylikk\u00e4\u00e4t ja laadukkaat aurinkolasit miehille. Suojaa silm\u00e4si UV-s\u00e4teilylt\u00e4 ja viimeistele asusi tunnetuilla br\u00e4ndeill\u00e4.\" \/>\n<meta property=\"og:url\" content=\"https:\/\/serennashop.com\/sv\/prod\/guess-gf5082-6052f\/\" \/>\n<meta property=\"og:site_name\" content=\"Serenna\" \/>\n<meta property=\"article:publisher\" content=\"https:\/\/www.facebook.com\/serennadecor\" \/>\n<meta property=\"article:modified_time\" content=\"2026-03-25T22:05:48+00:00\" \/>\n<meta property=\"og:image\" content=\"https:\/\/serennashop.com\/wp-content\/uploads\/2026\/01\/0889214290601_S7234365_P01.jpg\" \/>\n\t<meta property=\"og:image:width\" content=\"1200\" \/>\n\t<meta property=\"og:image:height\" content=\"1200\" \/>\n\t<meta property=\"og:image:type\" content=\"image\/jpeg\" \/>\n<meta name=\"twitter:card\" content=\"summary_large_image\" \/>\n<meta name=\"twitter:label1\" content=\"Ber\u00e4knad l\u00e4stid\" \/>\n\t<meta name=\"twitter:data1\" content=\"1 minut\" \/>\n<script type=\"application\/ld+json\" class=\"yoast-schema-graph\">{\"@context\":\"https:\\\/\\\/schema.org\",\"@graph\":[{\"@type\":\"WebPage\",\"@id\":\"https:\\\/\\\/serennashop.com\\\/sv\\\/prod\\\/guess-gf5082-6052f\\\/\",\"url\":\"https:\\\/\\\/serennashop.com\\\/sv\\\/prod\\\/guess-gf5082-6052f\\\/\",\"name\":\"Herr-solglas\u00f6gon Guess GF5082 6052F - Serenna\",\"isPartOf\":{\"@id\":\"https:\\\/\\\/serennashop.com\\\/sv\\\/#website\"},\"primaryImageOfPage\":{\"@id\":\"https:\\\/\\\/serennashop.com\\\/sv\\\/prod\\\/guess-gf5082-6052f\\\/#primaryimage\"},\"image\":{\"@id\":\"https:\\\/\\\/serennashop.com\\\/sv\\\/prod\\\/guess-gf5082-6052f\\\/#primaryimage\"},\"thumbnailUrl\":\"https:\\\/\\\/serennashop.com\\\/wp-content\\\/uploads\\\/2026\\\/01\\\/0889214290601_S7234365_P01.jpg\",\"datePublished\":\"2026-01-09T08:23:16+00:00\",\"dateModified\":\"2026-03-25T22:05:48+00:00\",\"description\":\"Aurinkolasit \u2013 tyylikk\u00e4\u00e4t ja laadukkaat aurinkolasit miehille. Suojaa silm\u00e4si UV-s\u00e4teilylt\u00e4 ja viimeistele asusi tunnetuilla br\u00e4ndeill\u00e4.\",\"breadcrumb\":{\"@id\":\"https:\\\/\\\/serennashop.com\\\/sv\\\/prod\\\/guess-gf5082-6052f\\\/#breadcrumb\"},\"inLanguage\":\"sv-SE\",\"potentialAction\":[{\"@type\":\"ReadAction\",\"target\":[\"https:\\\/\\\/serennashop.com\\\/sv\\\/prod\\\/guess-gf5082-6052f\\\/\"]}]},{\"@type\":\"ImageObject\",\"inLanguage\":\"sv-SE\",\"@id\":\"https:\\\/\\\/serennashop.com\\\/sv\\\/prod\\\/guess-gf5082-6052f\\\/#primaryimage\",\"url\":\"https:\\\/\\\/serennashop.com\\\/wp-content\\\/uploads\\\/2026\\\/01\\\/0889214290601_S7234365_P01.jpg\",\"contentUrl\":\"https:\\\/\\\/serennashop.com\\\/wp-content\\\/uploads\\\/2026\\\/01\\\/0889214290601_S7234365_P01.jpg\",\"width\":1200,\"height\":1200,\"caption\":\"S7234365_0\"},{\"@type\":\"BreadcrumbList\",\"@id\":\"https:\\\/\\\/serennashop.com\\\/sv\\\/prod\\\/guess-gf5082-6052f\\\/#breadcrumb\",\"itemListElement\":[{\"@type\":\"ListItem\",\"position\":1,\"name\":\"Etusivu\",\"item\":\"https:\\\/\\\/serennashop.com\\\/sv\\\/\"},{\"@type\":\"ListItem\",\"position\":2,\"name\":\"Butik\",\"item\":\"https:\\\/\\\/serennashop.com\\\/sv\\\/shop\\\/\"},{\"@type\":\"ListItem\",\"position\":3,\"name\":\"Herr-solglas\u00f6gon Guess GF5082 6052F\"}]},{\"@type\":\"WebSite\",\"@id\":\"https:\\\/\\\/serennashop.com\\\/sv\\\/#website\",\"url\":\"https:\\\/\\\/serennashop.com\\\/sv\\\/\",\"name\":\"Serenna\",\"description\":\"\",\"publisher\":{\"@id\":\"https:\\\/\\\/serennashop.com\\\/sv\\\/#organization\"},\"potentialAction\":[{\"@type\":\"SearchAction\",\"target\":{\"@type\":\"EntryPoint\",\"urlTemplate\":\"https:\\\/\\\/serennashop.com\\\/sv\\\/?s={search_term_string}\"},\"query-input\":{\"@type\":\"PropertyValueSpecification\",\"valueRequired\":true,\"valueName\":\"search_term_string\"}}],\"inLanguage\":\"sv-SE\"},{\"@type\":\"Organization\",\"@id\":\"https:\\\/\\\/serennashop.com\\\/sv\\\/#organization\",\"name\":\"Serenna\",\"url\":\"https:\\\/\\\/serennashop.com\\\/sv\\\/\",\"logo\":{\"@type\":\"ImageObject\",\"inLanguage\":\"sv-SE\",\"@id\":\"https:\\\/\\\/serennashop.com\\\/sv\\\/#\\\/schema\\\/logo\\\/image\\\/\",\"url\":\"https:\\\/\\\/www.serenna.fi\\\/wp-content\\\/uploads\\\/2025\\\/12\\\/serenna-logo2.png\",\"contentUrl\":\"https:\\\/\\\/www.serenna.fi\\\/wp-content\\\/uploads\\\/2025\\\/12\\\/serenna-logo2.png\",\"width\":2383,\"height\":317,\"caption\":\"Serenna\"},\"image\":{\"@id\":\"https:\\\/\\\/serennashop.com\\\/sv\\\/#\\\/schema\\\/logo\\\/image\\\/\"},\"sameAs\":[\"https:\\\/\\\/www.facebook.com\\\/serennadecor\",\"https:\\\/\\\/www.instagram.com\\\/serennadecor\"]}]}<\/script>\n<!-- \/ Yoast SEO plugin. -->","yoast_head_json":{"title":"Herr-solglas\u00f6gon Guess GF5082 6052F - Serenna","description":"Aurinkolasit \u2013 tyylikk\u00e4\u00e4t ja laadukkaat aurinkolasit miehille. Suojaa silm\u00e4si UV-s\u00e4teilylt\u00e4 ja viimeistele asusi tunnetuilla br\u00e4ndeill\u00e4.","robots":{"index":"index","follow":"follow","max-snippet":"max-snippet:-1","max-image-preview":"max-image-preview:large","max-video-preview":"max-video-preview:-1"},"canonical":"https:\/\/serennashop.com\/sv\/prod\/guess-gf5082-6052f\/","og_locale":"sv_SE","og_type":"article","og_title":"Herr-solglas\u00f6gon Guess GF5082 6052F - Serenna","og_description":"Aurinkolasit \u2013 tyylikk\u00e4\u00e4t ja laadukkaat aurinkolasit miehille. Suojaa silm\u00e4si UV-s\u00e4teilylt\u00e4 ja viimeistele asusi tunnetuilla br\u00e4ndeill\u00e4.","og_url":"https:\/\/serennashop.com\/sv\/prod\/guess-gf5082-6052f\/","og_site_name":"Serenna","article_publisher":"https:\/\/www.facebook.com\/serennadecor","article_modified_time":"2026-03-25T22:05:48+00:00","og_image":[{"width":1200,"height":1200,"url":"https:\/\/serennashop.com\/wp-content\/uploads\/2026\/01\/0889214290601_S7234365_P01.jpg","type":"image\/jpeg"}],"twitter_card":"summary_large_image","twitter_misc":{"Ber\u00e4knad l\u00e4stid":"1 minut"},"schema":{"@context":"https:\/\/schema.org","@graph":[{"@type":"WebPage","@id":"https:\/\/serennashop.com\/sv\/prod\/guess-gf5082-6052f\/","url":"https:\/\/serennashop.com\/sv\/prod\/guess-gf5082-6052f\/","name":"Herr-solglas\u00f6gon Guess GF5082 6052F - Serenna","isPartOf":{"@id":"https:\/\/serennashop.com\/sv\/#website"},"primaryImageOfPage":{"@id":"https:\/\/serennashop.com\/sv\/prod\/guess-gf5082-6052f\/#primaryimage"},"image":{"@id":"https:\/\/serennashop.com\/sv\/prod\/guess-gf5082-6052f\/#primaryimage"},"thumbnailUrl":"https:\/\/serennashop.com\/wp-content\/uploads\/2026\/01\/0889214290601_S7234365_P01.jpg","datePublished":"2026-01-09T08:23:16+00:00","dateModified":"2026-03-25T22:05:48+00:00","description":"Aurinkolasit \u2013 tyylikk\u00e4\u00e4t ja laadukkaat aurinkolasit miehille. Suojaa silm\u00e4si UV-s\u00e4teilylt\u00e4 ja viimeistele asusi tunnetuilla br\u00e4ndeill\u00e4.","breadcrumb":{"@id":"https:\/\/serennashop.com\/sv\/prod\/guess-gf5082-6052f\/#breadcrumb"},"inLanguage":"sv-SE","potentialAction":[{"@type":"ReadAction","target":["https:\/\/serennashop.com\/sv\/prod\/guess-gf5082-6052f\/"]}]},{"@type":"ImageObject","inLanguage":"sv-SE","@id":"https:\/\/serennashop.com\/sv\/prod\/guess-gf5082-6052f\/#primaryimage","url":"https:\/\/serennashop.com\/wp-content\/uploads\/2026\/01\/0889214290601_S7234365_P01.jpg","contentUrl":"https:\/\/serennashop.com\/wp-content\/uploads\/2026\/01\/0889214290601_S7234365_P01.jpg","width":1200,"height":1200,"caption":"S7234365_0"},{"@type":"BreadcrumbList","@id":"https:\/\/serennashop.com\/sv\/prod\/guess-gf5082-6052f\/#breadcrumb","itemListElement":[{"@type":"ListItem","position":1,"name":"Etusivu","item":"https:\/\/serennashop.com\/sv\/"},{"@type":"ListItem","position":2,"name":"Butik","item":"https:\/\/serennashop.com\/sv\/shop\/"},{"@type":"ListItem","position":3,"name":"Herr-solglas\u00f6gon Guess GF5082 6052F"}]},{"@type":"WebSite","@id":"https:\/\/serennashop.com\/sv\/#website","url":"https:\/\/serennashop.com\/sv\/","name":"Serenna","description":"","publisher":{"@id":"https:\/\/serennashop.com\/sv\/#organization"},"potentialAction":[{"@type":"SearchAction","target":{"@type":"EntryPoint","urlTemplate":"https:\/\/serennashop.com\/sv\/?s={search_term_string}"},"query-input":{"@type":"PropertyValueSpecification","valueRequired":true,"valueName":"search_term_string"}}],"inLanguage":"sv-SE"},{"@type":"Organization","@id":"https:\/\/serennashop.com\/sv\/#organization","name":"Serenna","url":"https:\/\/serennashop.com\/sv\/","logo":{"@type":"ImageObject","inLanguage":"sv-SE","@id":"https:\/\/serennashop.com\/sv\/#\/schema\/logo\/image\/","url":"https:\/\/www.serenna.fi\/wp-content\/uploads\/2025\/12\/serenna-logo2.png","contentUrl":"https:\/\/www.serenna.fi\/wp-content\/uploads\/2025\/12\/serenna-logo2.png","width":2383,"height":317,"caption":"Serenna"},"image":{"@id":"https:\/\/serennashop.com\/sv\/#\/schema\/logo\/image\/"},"sameAs":["https:\/\/www.facebook.com\/serennadecor","https:\/\/www.instagram.com\/serennadecor"]}]}},"_links":{"self":[{"href":"https:\/\/serennashop.com\/sv\/wp-json\/wp\/v2\/product\/54303","targetHints":{"allow":["GET"]}}],"collection":[{"href":"https:\/\/serennashop.com\/sv\/wp-json\/wp\/v2\/product"}],"about":[{"href":"https:\/\/serennashop.com\/sv\/wp-json\/wp\/v2\/types\/product"}],"replies":[{"embeddable":true,"href":"https:\/\/serennashop.com\/sv\/wp-json\/wp\/v2\/comments?post=54303"}],"wp:featuredmedia":[{"embeddable":true,"href":"https:\/\/serennashop.com\/sv\/wp-json\/wp\/v2\/media\/13243"}],"wp:attachment":[{"href":"https:\/\/serennashop.com\/sv\/wp-json\/wp\/v2\/media?parent=54303"}],"wp:term":[{"taxonomy":"product_brand","embeddable":true,"href":"https:\/\/serennashop.com\/sv\/wp-json\/wp\/v2\/product_brand?post=54303"},{"taxonomy":"product_cat","embeddable":true,"href":"https:\/\/serennashop.com\/sv\/wp-json\/wp\/v2\/product_cat?post=54303"},{"taxonomy":"product_tag","embeddable":true,"href":"https:\/\/serennashop.com\/sv\/wp-json\/wp\/v2\/product_tag?post=54303"}],"curies":[{"name":"wp","href":"https:\/\/api.w.org\/{rel}","templated":true}]}}