{"id":53785,"date":"2026-01-08T19:58:15","date_gmt":"2026-01-08T17:58:15","guid":{"rendered":"https:\/\/serennashop.com\/prod\/mavala-flex-10-ml\/"},"modified":"2026-03-26T00:05:42","modified_gmt":"2026-03-25T22:05:42","slug":"mavala-flex-10-ml","status":"publish","type":"product","link":"https:\/\/serennashop.com\/sv\/prod\/mavala-flex-10-ml\/","title":{"rendered":"Nagelv\u00e5rd Mavala Flex 10 ml Serum Mjukg\u00f6rande"},"content":{"rendered":"<p><b>Mava-Flex nagelserum<\/b> fr\u00e5n <b>Mavala<\/b> \u00e4r <b>en nagelv\u00e5rdsprodukt<\/b> som \u00e4r speciellt utvecklad f\u00f6r att behandla och st\u00e4rka naglarna, l\u00e4mplig f\u00f6r kvinnor och unisex. Produkten finns i <b>en<\/b> hygienisk <b>serumform p\u00e5<\/b> <b>10 ml<\/b> som kombinerar egenskaperna hos en behandling och ett parafarmaceutiskt produkt f\u00f6r att f\u00f6rb\u00e4ttra naglarnas h\u00e4lsa. Den \u00e4r utvecklad och tillverkad i tv\u00e5 europeiska l\u00e4nder, Spanien och Schweiz, vilket garanterar kvalitet och processkontroll. Serumet anv\u00e4nds f\u00f6r att skydda, reparera och underh\u00e5lla naglarna och ger en omfattande v\u00e5rd som hj\u00e4lper till att f\u00f6rebygga spr\u00f6dhet och slitage orsakat av yttre faktorer eller dagliga rutiner. Tack vare sin l\u00e4tta konsistens och enkla applicering absorberas det effektivt i nageln och nagelbanden, vilket fr\u00e4mjar regenerering och f\u00f6rst\u00e4rkning utan att l\u00e4mna feta rester. Regelbunden anv\u00e4ndning rekommenderas f\u00f6r att uppn\u00e5 l\u00e5ngvariga resultat och f\u00f6rb\u00e4ttra hygienen och h\u00e5llbarheten hos skadade eller spr\u00f6da naglar. Sammans\u00e4ttningen av Mava-Flex \u00e4r utformad f\u00f6r att balansera effektivitet och tolerabilitet, vilket g\u00f6r den l\u00e4mplig b\u00e5de f\u00f6r personlig anv\u00e4ndning och som ett komplement till professionella parafarmaceutiska behandlingar. Tillsammans erbjuder detta serum en teknisk och praktisk l\u00f6sning f\u00f6r dem som s\u00f6ker p\u00e5litlig och specialiserad nagelv\u00e5rd, och kombinerar europeiskt ursprung med erfarenhet inom omr\u00e5det nagelh\u00e4lsa och sk\u00f6nhet.<\/p>\n<p>\u00a0<\/p>\n<ul>\n<li>Typ:\n<ul>\n<li>Hygien<\/li>\n<li>Serum<\/li>\n<li>Nagelv\u00e5rd<\/li>\n<li>Apotek<\/li>\n<\/ul>\n<\/li>\n<li>Egenskaper\n<ul>\n<li>Mjukg\u00f6rande<\/li>\n<li>F\u00f6rhindrar uttorkning<\/li>\n<\/ul>\n<\/li>\n<li>Volym: 10 ml<\/li>\n<li>K\u00f6n: Unisex<\/li>\n<li>Ingrediens\n<ul>\n<li>Polyquaternium-51<\/li>\n<li>Natriumhyaluronat<\/li>\n<li>Natrium-PCA<\/li>\n<li>Trehalos<\/li>\n<li>Triacetin<\/li>\n<li>Urea<\/li>\n<li>Vatten (Aqua)<\/li>\n<li>Kalciumpantotenat<\/li>\n<li>Kaprylylglykol<\/li>\n<li>Citrus limon (citron) fruktextrakt<\/li>\n<li>Etylhexylglycerin<\/li>\n<li>Glycin<\/li>\n<li>Hexylenglykol<\/li>\n<li>Hydroxietylcellulosa<\/li>\n<li>Fenoxietanol<\/li>\n<li>Glycerin<\/li>\n<li>Alkohol denat (etylalkohol)<\/li>\n<\/ul>\n<\/li>\n<\/ul>\n","protected":false},"excerpt":{"rendered":"<p><span class=\"unit-info\">184.0000 \u20ac \/ 100 ml<\/span><\/p>\n","protected":false},"featured_media":72914,"comment_status":"open","ping_status":"closed","template":"","meta":[],"product_brand":[],"product_cat":[1356,1357,898],"product_tag":[901],"class_list":{"0":"post-53785","1":"product","2":"type-product","3":"status-publish","4":"has-post-thumbnail","6":"product_cat-nagelvard","7":"product_cat-kynsien-hoitovalineet","8":"product_cat-skonhet-och-halsa","9":"product_tag-tag_217","11":"first","12":"instock","13":"taxable","14":"shipping-taxable","15":"purchasable","16":"product-type-simple"},"yoast_head":"<!-- This site is optimized with the Yoast SEO plugin v27.4 - https:\/\/yoast.com\/product\/yoast-seo-wordpress\/ -->\n<title>Nagelv\u00e5rd Mavala Flex 10 ml Serum Mjukg\u00f6rande - Serenna<\/title>\n<meta name=\"robots\" content=\"index, follow, max-snippet:-1, max-image-preview:large, max-video-preview:-1\" \/>\n<link rel=\"canonical\" href=\"https:\/\/serennashop.com\/sv\/prod\/mavala-flex-10-ml\/\" \/>\n<meta property=\"og:locale\" content=\"sv_SE\" \/>\n<meta property=\"og:type\" content=\"article\" \/>\n<meta property=\"og:title\" content=\"Nagelv\u00e5rd Mavala Flex 10 ml Serum Mjukg\u00f6rande - Serenna\" \/>\n<meta property=\"og:description\" content=\"184.0000 \u20ac \/ 100 ml\" \/>\n<meta property=\"og:url\" content=\"https:\/\/serennashop.com\/sv\/prod\/mavala-flex-10-ml\/\" \/>\n<meta property=\"og:site_name\" content=\"Serenna\" \/>\n<meta property=\"article:publisher\" content=\"https:\/\/www.facebook.com\/serennadecor\" \/>\n<meta property=\"article:modified_time\" content=\"2026-03-25T22:05:42+00:00\" \/>\n<meta property=\"og:image\" content=\"https:\/\/serennashop.com\/wp-content\/uploads\/2026\/01\/7618900998056_S05110999_P01.jpg\" \/>\n\t<meta property=\"og:image:width\" content=\"1200\" \/>\n\t<meta property=\"og:image:height\" content=\"1200\" \/>\n\t<meta property=\"og:image:type\" content=\"image\/jpeg\" \/>\n<meta name=\"twitter:card\" content=\"summary_large_image\" \/>\n<meta name=\"twitter:label1\" content=\"Ber\u00e4knad l\u00e4stid\" \/>\n\t<meta name=\"twitter:data1\" content=\"2 minuter\" \/>\n<script type=\"application\/ld+json\" class=\"yoast-schema-graph\">{\"@context\":\"https:\\\/\\\/schema.org\",\"@graph\":[{\"@type\":\"WebPage\",\"@id\":\"https:\\\/\\\/serennashop.com\\\/sv\\\/prod\\\/mavala-flex-10-ml\\\/\",\"url\":\"https:\\\/\\\/serennashop.com\\\/sv\\\/prod\\\/mavala-flex-10-ml\\\/\",\"name\":\"Nagelv\u00e5rd Mavala Flex 10 ml Serum Mjukg\u00f6rande - Serenna\",\"isPartOf\":{\"@id\":\"https:\\\/\\\/serennashop.com\\\/sv\\\/#website\"},\"primaryImageOfPage\":{\"@id\":\"https:\\\/\\\/serennashop.com\\\/sv\\\/prod\\\/mavala-flex-10-ml\\\/#primaryimage\"},\"image\":{\"@id\":\"https:\\\/\\\/serennashop.com\\\/sv\\\/prod\\\/mavala-flex-10-ml\\\/#primaryimage\"},\"thumbnailUrl\":\"https:\\\/\\\/serennashop.com\\\/wp-content\\\/uploads\\\/2026\\\/04\\\/7618900998056_S05110999_P01.jpg\",\"datePublished\":\"2026-01-08T17:58:15+00:00\",\"dateModified\":\"2026-03-25T22:05:42+00:00\",\"breadcrumb\":{\"@id\":\"https:\\\/\\\/serennashop.com\\\/sv\\\/prod\\\/mavala-flex-10-ml\\\/#breadcrumb\"},\"inLanguage\":\"sv-SE\",\"potentialAction\":[{\"@type\":\"ReadAction\",\"target\":[\"https:\\\/\\\/serennashop.com\\\/sv\\\/prod\\\/mavala-flex-10-ml\\\/\"]}]},{\"@type\":\"ImageObject\",\"inLanguage\":\"sv-SE\",\"@id\":\"https:\\\/\\\/serennashop.com\\\/sv\\\/prod\\\/mavala-flex-10-ml\\\/#primaryimage\",\"url\":\"https:\\\/\\\/serennashop.com\\\/wp-content\\\/uploads\\\/2026\\\/04\\\/7618900998056_S05110999_P01.jpg\",\"contentUrl\":\"https:\\\/\\\/serennashop.com\\\/wp-content\\\/uploads\\\/2026\\\/04\\\/7618900998056_S05110999_P01.jpg\",\"width\":1200,\"height\":1200,\"caption\":\"S05110999_0\"},{\"@type\":\"BreadcrumbList\",\"@id\":\"https:\\\/\\\/serennashop.com\\\/sv\\\/prod\\\/mavala-flex-10-ml\\\/#breadcrumb\",\"itemListElement\":[{\"@type\":\"ListItem\",\"position\":1,\"name\":\"Etusivu\",\"item\":\"https:\\\/\\\/serennashop.com\\\/sv\\\/\"},{\"@type\":\"ListItem\",\"position\":2,\"name\":\"Butik\",\"item\":\"https:\\\/\\\/serennashop.com\\\/sv\\\/shop\\\/\"},{\"@type\":\"ListItem\",\"position\":3,\"name\":\"Nagelv\u00e5rd Mavala Flex 10 ml Serum Mjukg\u00f6rande\"}]},{\"@type\":\"WebSite\",\"@id\":\"https:\\\/\\\/serennashop.com\\\/sv\\\/#website\",\"url\":\"https:\\\/\\\/serennashop.com\\\/sv\\\/\",\"name\":\"Serenna\",\"description\":\"\",\"publisher\":{\"@id\":\"https:\\\/\\\/serennashop.com\\\/sv\\\/#organization\"},\"potentialAction\":[{\"@type\":\"SearchAction\",\"target\":{\"@type\":\"EntryPoint\",\"urlTemplate\":\"https:\\\/\\\/serennashop.com\\\/sv\\\/?s={search_term_string}\"},\"query-input\":{\"@type\":\"PropertyValueSpecification\",\"valueRequired\":true,\"valueName\":\"search_term_string\"}}],\"inLanguage\":\"sv-SE\"},{\"@type\":\"Organization\",\"@id\":\"https:\\\/\\\/serennashop.com\\\/sv\\\/#organization\",\"name\":\"Serenna\",\"url\":\"https:\\\/\\\/serennashop.com\\\/sv\\\/\",\"logo\":{\"@type\":\"ImageObject\",\"inLanguage\":\"sv-SE\",\"@id\":\"https:\\\/\\\/serennashop.com\\\/sv\\\/#\\\/schema\\\/logo\\\/image\\\/\",\"url\":\"https:\\\/\\\/www.serenna.fi\\\/wp-content\\\/uploads\\\/2025\\\/12\\\/serenna-logo2.png\",\"contentUrl\":\"https:\\\/\\\/www.serenna.fi\\\/wp-content\\\/uploads\\\/2025\\\/12\\\/serenna-logo2.png\",\"width\":2383,\"height\":317,\"caption\":\"Serenna\"},\"image\":{\"@id\":\"https:\\\/\\\/serennashop.com\\\/sv\\\/#\\\/schema\\\/logo\\\/image\\\/\"},\"sameAs\":[\"https:\\\/\\\/www.facebook.com\\\/serennadecor\",\"https:\\\/\\\/www.instagram.com\\\/serennadecor\"]}]}<\/script>\n<!-- \/ Yoast SEO plugin. -->","yoast_head_json":{"title":"Nagelv\u00e5rd Mavala Flex 10 ml Serum Mjukg\u00f6rande - Serenna","robots":{"index":"index","follow":"follow","max-snippet":"max-snippet:-1","max-image-preview":"max-image-preview:large","max-video-preview":"max-video-preview:-1"},"canonical":"https:\/\/serennashop.com\/sv\/prod\/mavala-flex-10-ml\/","og_locale":"sv_SE","og_type":"article","og_title":"Nagelv\u00e5rd Mavala Flex 10 ml Serum Mjukg\u00f6rande - Serenna","og_description":"184.0000 \u20ac \/ 100 ml","og_url":"https:\/\/serennashop.com\/sv\/prod\/mavala-flex-10-ml\/","og_site_name":"Serenna","article_publisher":"https:\/\/www.facebook.com\/serennadecor","article_modified_time":"2026-03-25T22:05:42+00:00","og_image":[{"width":1200,"height":1200,"url":"https:\/\/serennashop.com\/wp-content\/uploads\/2026\/01\/7618900998056_S05110999_P01.jpg","type":"image\/jpeg"}],"twitter_card":"summary_large_image","twitter_misc":{"Ber\u00e4knad l\u00e4stid":"2 minuter"},"schema":{"@context":"https:\/\/schema.org","@graph":[{"@type":"WebPage","@id":"https:\/\/serennashop.com\/sv\/prod\/mavala-flex-10-ml\/","url":"https:\/\/serennashop.com\/sv\/prod\/mavala-flex-10-ml\/","name":"Nagelv\u00e5rd Mavala Flex 10 ml Serum Mjukg\u00f6rande - Serenna","isPartOf":{"@id":"https:\/\/serennashop.com\/sv\/#website"},"primaryImageOfPage":{"@id":"https:\/\/serennashop.com\/sv\/prod\/mavala-flex-10-ml\/#primaryimage"},"image":{"@id":"https:\/\/serennashop.com\/sv\/prod\/mavala-flex-10-ml\/#primaryimage"},"thumbnailUrl":"https:\/\/serennashop.com\/wp-content\/uploads\/2026\/04\/7618900998056_S05110999_P01.jpg","datePublished":"2026-01-08T17:58:15+00:00","dateModified":"2026-03-25T22:05:42+00:00","breadcrumb":{"@id":"https:\/\/serennashop.com\/sv\/prod\/mavala-flex-10-ml\/#breadcrumb"},"inLanguage":"sv-SE","potentialAction":[{"@type":"ReadAction","target":["https:\/\/serennashop.com\/sv\/prod\/mavala-flex-10-ml\/"]}]},{"@type":"ImageObject","inLanguage":"sv-SE","@id":"https:\/\/serennashop.com\/sv\/prod\/mavala-flex-10-ml\/#primaryimage","url":"https:\/\/serennashop.com\/wp-content\/uploads\/2026\/04\/7618900998056_S05110999_P01.jpg","contentUrl":"https:\/\/serennashop.com\/wp-content\/uploads\/2026\/04\/7618900998056_S05110999_P01.jpg","width":1200,"height":1200,"caption":"S05110999_0"},{"@type":"BreadcrumbList","@id":"https:\/\/serennashop.com\/sv\/prod\/mavala-flex-10-ml\/#breadcrumb","itemListElement":[{"@type":"ListItem","position":1,"name":"Etusivu","item":"https:\/\/serennashop.com\/sv\/"},{"@type":"ListItem","position":2,"name":"Butik","item":"https:\/\/serennashop.com\/sv\/shop\/"},{"@type":"ListItem","position":3,"name":"Nagelv\u00e5rd Mavala Flex 10 ml Serum Mjukg\u00f6rande"}]},{"@type":"WebSite","@id":"https:\/\/serennashop.com\/sv\/#website","url":"https:\/\/serennashop.com\/sv\/","name":"Serenna","description":"","publisher":{"@id":"https:\/\/serennashop.com\/sv\/#organization"},"potentialAction":[{"@type":"SearchAction","target":{"@type":"EntryPoint","urlTemplate":"https:\/\/serennashop.com\/sv\/?s={search_term_string}"},"query-input":{"@type":"PropertyValueSpecification","valueRequired":true,"valueName":"search_term_string"}}],"inLanguage":"sv-SE"},{"@type":"Organization","@id":"https:\/\/serennashop.com\/sv\/#organization","name":"Serenna","url":"https:\/\/serennashop.com\/sv\/","logo":{"@type":"ImageObject","inLanguage":"sv-SE","@id":"https:\/\/serennashop.com\/sv\/#\/schema\/logo\/image\/","url":"https:\/\/www.serenna.fi\/wp-content\/uploads\/2025\/12\/serenna-logo2.png","contentUrl":"https:\/\/www.serenna.fi\/wp-content\/uploads\/2025\/12\/serenna-logo2.png","width":2383,"height":317,"caption":"Serenna"},"image":{"@id":"https:\/\/serennashop.com\/sv\/#\/schema\/logo\/image\/"},"sameAs":["https:\/\/www.facebook.com\/serennadecor","https:\/\/www.instagram.com\/serennadecor"]}]}},"_links":{"self":[{"href":"https:\/\/serennashop.com\/sv\/wp-json\/wp\/v2\/product\/53785","targetHints":{"allow":["GET"]}}],"collection":[{"href":"https:\/\/serennashop.com\/sv\/wp-json\/wp\/v2\/product"}],"about":[{"href":"https:\/\/serennashop.com\/sv\/wp-json\/wp\/v2\/types\/product"}],"replies":[{"embeddable":true,"href":"https:\/\/serennashop.com\/sv\/wp-json\/wp\/v2\/comments?post=53785"}],"wp:featuredmedia":[{"embeddable":true,"href":"https:\/\/serennashop.com\/sv\/wp-json\/wp\/v2\/media\/72914"}],"wp:attachment":[{"href":"https:\/\/serennashop.com\/sv\/wp-json\/wp\/v2\/media?parent=53785"}],"wp:term":[{"taxonomy":"product_brand","embeddable":true,"href":"https:\/\/serennashop.com\/sv\/wp-json\/wp\/v2\/product_brand?post=53785"},{"taxonomy":"product_cat","embeddable":true,"href":"https:\/\/serennashop.com\/sv\/wp-json\/wp\/v2\/product_cat?post=53785"},{"taxonomy":"product_tag","embeddable":true,"href":"https:\/\/serennashop.com\/sv\/wp-json\/wp\/v2\/product_tag?post=53785"}],"curies":[{"name":"wp","href":"https:\/\/api.w.org\/{rel}","templated":true}]}}