{"id":50818,"date":"2025-12-24T21:28:35","date_gmt":"2025-12-24T19:28:35","guid":{"rendered":"https:\/\/serennashop.com\/prod\/morellato-saww01-gilded\/"},"modified":"2026-03-26T00:03:17","modified_gmt":"2026-03-25T22:03:17","slug":"morellato-saww01-gilded","status":"publish","type":"product","link":"https:\/\/serennashop.com\/sv\/prod\/morellato-saww01-gilded\/","title":{"rendered":"Halsband Morellato Paillettes SAWW01 Guldpl\u00e4terat"},"content":{"rendered":"<p><strong>Morellato-smycken<\/strong> representerar italiensk designtradition och kombinerar raffinerad elegans, h\u00f6gkvalitativa material och tidl\u00f6s stil. Varum\u00e4rkets signaturestetik h\u00e4mtar inspiration fr\u00e5n klassisk italiensk sk\u00f6nhet, samtidigt som den bibeh\u00e5ller en modern och m\u00e5ngsidig look som passar b\u00e5de till vardags och till fest.<\/p><p>Morellatos kollektion omfattar ett brett utbud av smycken, s\u00e5som halsband, armband, \u00f6rh\u00e4ngen och ringar. M\u00e5nga av produkterna har en noggrann finish och uppm\u00e4rksamhet p\u00e5 detaljer \u2013 till exempel polerade ytor, h\u00e5llbart framst\u00e4llda metallmaterial och tidl\u00f6sa former g\u00f6r smyckena l\u00e4tta att kombinera med olika stilar. Morellato-smycken \u00e4r ocks\u00e5 ett utm\u00e4rkt presentalternativ, eftersom de tillf\u00f6r en touch av italiensk charm och raffinerad elegans till alla outfits.<\/p><p><strong>Viktiga egenskaper hos Morellatos smycken:<\/strong><\/p><ul><li>Elegant och tidl\u00f6s italiensk design<\/li><li>H\u00f6gkvalitativa material och noggrann finish<\/li><li>M\u00e5ngsidiga stilalternativ f\u00f6r vardagsbruk och speciella tillf\u00e4llen<\/li><li>L\u00e4tt att kombinera med andra accessoarer<\/li><li>En utm\u00e4rkt presentid\u00e9 f\u00f6r den stilmedvetne<\/li><\/ul><p>Morellatos smycken \u00e4r perfekta f\u00f6r dig som vill ha vackra, h\u00f6gkvalitativa och l\u00e4ttkombinerade smycken som h\u00e5ller \u00f6ver tid, b\u00e5de vad g\u00e4ller stil och material.<\/p>\n<ul>\n<li>Typ:\n<ul>\n<li>Halsband<\/li>\n<li>Halsband f\u00f6r kvinnor<\/li>\n<\/ul>\n<\/li>\n<li>Design: Elegant<\/li>\n<li>F\u00e4rg: Guldpl\u00e4terad<\/li>\n<li>Material: Rostfritt st\u00e5l, guldpl\u00e4terat<\/li>\n<\/ul>\n","protected":false},"excerpt":{"rendered":"<p>Typ: Halsband Halsband f\u00f6r kvinnor Design: Elegant F\u00e4rg: Guldpl\u00e4terad Material: Rostfritt st\u00e5l, guldpl\u00e4terat<\/p>\n","protected":false},"featured_media":4371,"comment_status":"open","ping_status":"closed","template":"","meta":[],"product_brand":[],"product_cat":[1161,782],"product_tag":[768,838,766],"class_list":{"0":"post-50818","1":"product","2":"type-product","3":"status-publish","4":"has-post-thumbnail","6":"product_cat-damssmycken","7":"product_cat-smycken","8":"product_tag-tag_188","9":"product_tag-tag_189","10":"product_tag-tag_203","12":"first","13":"instock","14":"taxable","15":"shipping-taxable","16":"purchasable","17":"product-type-simple"},"yoast_head":"<!-- This site is optimized with the Yoast SEO plugin v27.4 - https:\/\/yoast.com\/product\/yoast-seo-wordpress\/ -->\n<title>Halsband Morellato Paillettes SAWW01 Guldpl\u00e4terat - Serenna<\/title>\n<meta name=\"description\" content=\"Korut viimeistelev\u00e4t tyylin arjessa ja juhlassa. Valikoimasta l\u00f6yd\u00e4t kauniit ja ajattomat korut eri tyyleihin ja tilaisuuksiin.\" \/>\n<meta name=\"robots\" content=\"index, follow, max-snippet:-1, max-image-preview:large, max-video-preview:-1\" \/>\n<link rel=\"canonical\" href=\"https:\/\/serennashop.com\/sv\/prod\/morellato-saww01-gilded\/\" \/>\n<meta property=\"og:locale\" content=\"sv_SE\" \/>\n<meta property=\"og:type\" content=\"article\" \/>\n<meta property=\"og:title\" content=\"Halsband Morellato Paillettes SAWW01 Guldpl\u00e4terat - Serenna\" \/>\n<meta property=\"og:description\" content=\"Korut viimeistelev\u00e4t tyylin arjessa ja juhlassa. Valikoimasta l\u00f6yd\u00e4t kauniit ja ajattomat korut eri tyyleihin ja tilaisuuksiin.\" \/>\n<meta property=\"og:url\" content=\"https:\/\/serennashop.com\/sv\/prod\/morellato-saww01-gilded\/\" \/>\n<meta property=\"og:site_name\" content=\"Serenna\" \/>\n<meta property=\"article:publisher\" content=\"https:\/\/www.facebook.com\/serennadecor\" \/>\n<meta property=\"article:modified_time\" content=\"2026-03-25T22:03:17+00:00\" \/>\n<meta property=\"og:image\" content=\"https:\/\/serennashop.com\/wp-content\/uploads\/2025\/12\/8056783057009_S72133879_P00.jpg\" \/>\n\t<meta property=\"og:image:width\" content=\"1200\" \/>\n\t<meta property=\"og:image:height\" content=\"1200\" \/>\n\t<meta property=\"og:image:type\" content=\"image\/jpeg\" \/>\n<meta name=\"twitter:card\" content=\"summary_large_image\" \/>\n<script type=\"application\/ld+json\" class=\"yoast-schema-graph\">{\"@context\":\"https:\\\/\\\/schema.org\",\"@graph\":[{\"@type\":\"WebPage\",\"@id\":\"https:\\\/\\\/serennashop.com\\\/sv\\\/prod\\\/morellato-saww01-gilded\\\/\",\"url\":\"https:\\\/\\\/serennashop.com\\\/sv\\\/prod\\\/morellato-saww01-gilded\\\/\",\"name\":\"Halsband Morellato Paillettes SAWW01 Guldpl\u00e4terat - Serenna\",\"isPartOf\":{\"@id\":\"https:\\\/\\\/serennashop.com\\\/sv\\\/#website\"},\"primaryImageOfPage\":{\"@id\":\"https:\\\/\\\/serennashop.com\\\/sv\\\/prod\\\/morellato-saww01-gilded\\\/#primaryimage\"},\"image\":{\"@id\":\"https:\\\/\\\/serennashop.com\\\/sv\\\/prod\\\/morellato-saww01-gilded\\\/#primaryimage\"},\"thumbnailUrl\":\"https:\\\/\\\/serennashop.com\\\/wp-content\\\/uploads\\\/2025\\\/12\\\/8056783057009_S72133879_P00.jpg\",\"datePublished\":\"2025-12-24T19:28:35+00:00\",\"dateModified\":\"2026-03-25T22:03:17+00:00\",\"description\":\"Korut viimeistelev\u00e4t tyylin arjessa ja juhlassa. Valikoimasta l\u00f6yd\u00e4t kauniit ja ajattomat korut eri tyyleihin ja tilaisuuksiin.\",\"breadcrumb\":{\"@id\":\"https:\\\/\\\/serennashop.com\\\/sv\\\/prod\\\/morellato-saww01-gilded\\\/#breadcrumb\"},\"inLanguage\":\"sv-SE\",\"potentialAction\":[{\"@type\":\"ReadAction\",\"target\":[\"https:\\\/\\\/serennashop.com\\\/sv\\\/prod\\\/morellato-saww01-gilded\\\/\"]}]},{\"@type\":\"ImageObject\",\"inLanguage\":\"sv-SE\",\"@id\":\"https:\\\/\\\/serennashop.com\\\/sv\\\/prod\\\/morellato-saww01-gilded\\\/#primaryimage\",\"url\":\"https:\\\/\\\/serennashop.com\\\/wp-content\\\/uploads\\\/2025\\\/12\\\/8056783057009_S72133879_P00.jpg\",\"contentUrl\":\"https:\\\/\\\/serennashop.com\\\/wp-content\\\/uploads\\\/2025\\\/12\\\/8056783057009_S72133879_P00.jpg\",\"width\":1200,\"height\":1200,\"caption\":\"S72133879_0\"},{\"@type\":\"BreadcrumbList\",\"@id\":\"https:\\\/\\\/serennashop.com\\\/sv\\\/prod\\\/morellato-saww01-gilded\\\/#breadcrumb\",\"itemListElement\":[{\"@type\":\"ListItem\",\"position\":1,\"name\":\"Etusivu\",\"item\":\"https:\\\/\\\/serennashop.com\\\/sv\\\/\"},{\"@type\":\"ListItem\",\"position\":2,\"name\":\"Butik\",\"item\":\"https:\\\/\\\/serennashop.com\\\/sv\\\/shop\\\/\"},{\"@type\":\"ListItem\",\"position\":3,\"name\":\"Halsband Morellato Paillettes SAWW01 Guldpl\u00e4terat\"}]},{\"@type\":\"WebSite\",\"@id\":\"https:\\\/\\\/serennashop.com\\\/sv\\\/#website\",\"url\":\"https:\\\/\\\/serennashop.com\\\/sv\\\/\",\"name\":\"Serenna\",\"description\":\"\",\"publisher\":{\"@id\":\"https:\\\/\\\/serennashop.com\\\/sv\\\/#organization\"},\"potentialAction\":[{\"@type\":\"SearchAction\",\"target\":{\"@type\":\"EntryPoint\",\"urlTemplate\":\"https:\\\/\\\/serennashop.com\\\/sv\\\/?s={search_term_string}\"},\"query-input\":{\"@type\":\"PropertyValueSpecification\",\"valueRequired\":true,\"valueName\":\"search_term_string\"}}],\"inLanguage\":\"sv-SE\"},{\"@type\":\"Organization\",\"@id\":\"https:\\\/\\\/serennashop.com\\\/sv\\\/#organization\",\"name\":\"Serenna\",\"url\":\"https:\\\/\\\/serennashop.com\\\/sv\\\/\",\"logo\":{\"@type\":\"ImageObject\",\"inLanguage\":\"sv-SE\",\"@id\":\"https:\\\/\\\/serennashop.com\\\/sv\\\/#\\\/schema\\\/logo\\\/image\\\/\",\"url\":\"https:\\\/\\\/www.serenna.fi\\\/wp-content\\\/uploads\\\/2025\\\/12\\\/serenna-logo2.png\",\"contentUrl\":\"https:\\\/\\\/www.serenna.fi\\\/wp-content\\\/uploads\\\/2025\\\/12\\\/serenna-logo2.png\",\"width\":2383,\"height\":317,\"caption\":\"Serenna\"},\"image\":{\"@id\":\"https:\\\/\\\/serennashop.com\\\/sv\\\/#\\\/schema\\\/logo\\\/image\\\/\"},\"sameAs\":[\"https:\\\/\\\/www.facebook.com\\\/serennadecor\",\"https:\\\/\\\/www.instagram.com\\\/serennadecor\"]}]}<\/script>\n<!-- \/ Yoast SEO plugin. -->","yoast_head_json":{"title":"Halsband Morellato Paillettes SAWW01 Guldpl\u00e4terat - Serenna","description":"Korut viimeistelev\u00e4t tyylin arjessa ja juhlassa. Valikoimasta l\u00f6yd\u00e4t kauniit ja ajattomat korut eri tyyleihin ja tilaisuuksiin.","robots":{"index":"index","follow":"follow","max-snippet":"max-snippet:-1","max-image-preview":"max-image-preview:large","max-video-preview":"max-video-preview:-1"},"canonical":"https:\/\/serennashop.com\/sv\/prod\/morellato-saww01-gilded\/","og_locale":"sv_SE","og_type":"article","og_title":"Halsband Morellato Paillettes SAWW01 Guldpl\u00e4terat - Serenna","og_description":"Korut viimeistelev\u00e4t tyylin arjessa ja juhlassa. Valikoimasta l\u00f6yd\u00e4t kauniit ja ajattomat korut eri tyyleihin ja tilaisuuksiin.","og_url":"https:\/\/serennashop.com\/sv\/prod\/morellato-saww01-gilded\/","og_site_name":"Serenna","article_publisher":"https:\/\/www.facebook.com\/serennadecor","article_modified_time":"2026-03-25T22:03:17+00:00","og_image":[{"width":1200,"height":1200,"url":"https:\/\/serennashop.com\/wp-content\/uploads\/2025\/12\/8056783057009_S72133879_P00.jpg","type":"image\/jpeg"}],"twitter_card":"summary_large_image","schema":{"@context":"https:\/\/schema.org","@graph":[{"@type":"WebPage","@id":"https:\/\/serennashop.com\/sv\/prod\/morellato-saww01-gilded\/","url":"https:\/\/serennashop.com\/sv\/prod\/morellato-saww01-gilded\/","name":"Halsband Morellato Paillettes SAWW01 Guldpl\u00e4terat - Serenna","isPartOf":{"@id":"https:\/\/serennashop.com\/sv\/#website"},"primaryImageOfPage":{"@id":"https:\/\/serennashop.com\/sv\/prod\/morellato-saww01-gilded\/#primaryimage"},"image":{"@id":"https:\/\/serennashop.com\/sv\/prod\/morellato-saww01-gilded\/#primaryimage"},"thumbnailUrl":"https:\/\/serennashop.com\/wp-content\/uploads\/2025\/12\/8056783057009_S72133879_P00.jpg","datePublished":"2025-12-24T19:28:35+00:00","dateModified":"2026-03-25T22:03:17+00:00","description":"Korut viimeistelev\u00e4t tyylin arjessa ja juhlassa. Valikoimasta l\u00f6yd\u00e4t kauniit ja ajattomat korut eri tyyleihin ja tilaisuuksiin.","breadcrumb":{"@id":"https:\/\/serennashop.com\/sv\/prod\/morellato-saww01-gilded\/#breadcrumb"},"inLanguage":"sv-SE","potentialAction":[{"@type":"ReadAction","target":["https:\/\/serennashop.com\/sv\/prod\/morellato-saww01-gilded\/"]}]},{"@type":"ImageObject","inLanguage":"sv-SE","@id":"https:\/\/serennashop.com\/sv\/prod\/morellato-saww01-gilded\/#primaryimage","url":"https:\/\/serennashop.com\/wp-content\/uploads\/2025\/12\/8056783057009_S72133879_P00.jpg","contentUrl":"https:\/\/serennashop.com\/wp-content\/uploads\/2025\/12\/8056783057009_S72133879_P00.jpg","width":1200,"height":1200,"caption":"S72133879_0"},{"@type":"BreadcrumbList","@id":"https:\/\/serennashop.com\/sv\/prod\/morellato-saww01-gilded\/#breadcrumb","itemListElement":[{"@type":"ListItem","position":1,"name":"Etusivu","item":"https:\/\/serennashop.com\/sv\/"},{"@type":"ListItem","position":2,"name":"Butik","item":"https:\/\/serennashop.com\/sv\/shop\/"},{"@type":"ListItem","position":3,"name":"Halsband Morellato Paillettes SAWW01 Guldpl\u00e4terat"}]},{"@type":"WebSite","@id":"https:\/\/serennashop.com\/sv\/#website","url":"https:\/\/serennashop.com\/sv\/","name":"Serenna","description":"","publisher":{"@id":"https:\/\/serennashop.com\/sv\/#organization"},"potentialAction":[{"@type":"SearchAction","target":{"@type":"EntryPoint","urlTemplate":"https:\/\/serennashop.com\/sv\/?s={search_term_string}"},"query-input":{"@type":"PropertyValueSpecification","valueRequired":true,"valueName":"search_term_string"}}],"inLanguage":"sv-SE"},{"@type":"Organization","@id":"https:\/\/serennashop.com\/sv\/#organization","name":"Serenna","url":"https:\/\/serennashop.com\/sv\/","logo":{"@type":"ImageObject","inLanguage":"sv-SE","@id":"https:\/\/serennashop.com\/sv\/#\/schema\/logo\/image\/","url":"https:\/\/www.serenna.fi\/wp-content\/uploads\/2025\/12\/serenna-logo2.png","contentUrl":"https:\/\/www.serenna.fi\/wp-content\/uploads\/2025\/12\/serenna-logo2.png","width":2383,"height":317,"caption":"Serenna"},"image":{"@id":"https:\/\/serennashop.com\/sv\/#\/schema\/logo\/image\/"},"sameAs":["https:\/\/www.facebook.com\/serennadecor","https:\/\/www.instagram.com\/serennadecor"]}]}},"_links":{"self":[{"href":"https:\/\/serennashop.com\/sv\/wp-json\/wp\/v2\/product\/50818","targetHints":{"allow":["GET"]}}],"collection":[{"href":"https:\/\/serennashop.com\/sv\/wp-json\/wp\/v2\/product"}],"about":[{"href":"https:\/\/serennashop.com\/sv\/wp-json\/wp\/v2\/types\/product"}],"replies":[{"embeddable":true,"href":"https:\/\/serennashop.com\/sv\/wp-json\/wp\/v2\/comments?post=50818"}],"wp:featuredmedia":[{"embeddable":true,"href":"https:\/\/serennashop.com\/sv\/wp-json\/wp\/v2\/media\/4371"}],"wp:attachment":[{"href":"https:\/\/serennashop.com\/sv\/wp-json\/wp\/v2\/media?parent=50818"}],"wp:term":[{"taxonomy":"product_brand","embeddable":true,"href":"https:\/\/serennashop.com\/sv\/wp-json\/wp\/v2\/product_brand?post=50818"},{"taxonomy":"product_cat","embeddable":true,"href":"https:\/\/serennashop.com\/sv\/wp-json\/wp\/v2\/product_cat?post=50818"},{"taxonomy":"product_tag","embeddable":true,"href":"https:\/\/serennashop.com\/sv\/wp-json\/wp\/v2\/product_tag?post=50818"}],"curies":[{"name":"wp","href":"https:\/\/api.w.org\/{rel}","templated":true}]}}