{"id":50363,"date":"2025-12-24T21:23:23","date_gmt":"2025-12-24T19:23:23","guid":{"rendered":"https:\/\/serennashop.com\/prod\/calvin-klein-35000294\/"},"modified":"2026-03-26T00:03:05","modified_gmt":"2026-03-25T22:03:05","slug":"calvin-klein-35000294","status":"publish","type":"product","link":"https:\/\/serennashop.com\/sv\/prod\/calvin-klein-35000294\/","title":{"rendered":"Halsband Calvin Klein 35000294"},"content":{"rendered":"<p><strong>Calvin Klein-smycken<\/strong> representerar modern minimalism och skandinavisk klarhet, med en kombination av enkla linjer, diskret estetik och noggrann finish. Varum\u00e4rket k\u00e4nnetecknas av ett tidl\u00f6st men \u00e4nd\u00e5 trendigt formspr\u00e5k som passar perfekt till modern kl\u00e4dstil, oavsett om stilen \u00e4r avslappnad och ledig eller elegant och festlig.<\/p><p>Calvin Kleins smyckeskollektion omfattar ett brett utbud av accessoarer, s\u00e5som halsband, armband, \u00f6rh\u00e4ngen och ringar. Smyckena \u00e4r ofta designade med en minimalistisk touch, vilket g\u00f6r dem till ett stilfullt och l\u00e4ttkombinerat komplement till andra accessoarer. H\u00f6gkvalitativa material och noggrann finish s\u00e4kerst\u00e4ller att smyckena \u00e4r h\u00e5llbara och kommer att se stilfulla ut under l\u00e5ng tid.<\/p><p><strong>Viktiga egenskaper hos Calvin Klein-smycken:<\/strong><\/p><ul><li>Modern och minimalistisk design<\/li><li>Rena linjer och tidl\u00f6s estetik<\/li><li>H\u00f6gkvalitativa material och finish<\/li><li>M\u00e5ngsidiga f\u00f6r vardagsbruk och speciella tillf\u00e4llen<\/li><li>L\u00e4tt att kombinera med andra accessoarer<\/li><\/ul><p>Calvin Klein-smycken \u00e4r ett utm\u00e4rkt val f\u00f6r dig som uppskattar ren design, enkel elegans och m\u00e5ngsidiga accessoarer som kompletterar din stil p\u00e5 ett diskret men stilfullt s\u00e4tt.<\/p>\n<ul>\n<li>Typ: Halsband f\u00f6r kvinnor<\/li>\n<li>Inkluderar: Inkluderar m\u00e4rkesv\u00e4ska<\/li>\n<li>Material: Rostfritt st\u00e5l<\/li>\n<\/ul>\n","protected":false},"excerpt":{"rendered":"<p>Typ: Halsband f\u00f6r kvinnor Inkluderar: Inkluderar m\u00e4rkesv\u00e4ska Material: Rostfritt st\u00e5l<\/p>\n","protected":false},"featured_media":74249,"comment_status":"open","ping_status":"closed","template":"","meta":[],"product_brand":[],"product_cat":[1161,782],"product_tag":[838,766],"class_list":{"0":"post-50363","1":"product","2":"type-product","3":"status-publish","4":"has-post-thumbnail","6":"product_cat-damssmycken","7":"product_cat-smycken","8":"product_tag-tag_189","9":"product_tag-tag_203","11":"first","12":"instock","13":"taxable","14":"shipping-taxable","15":"purchasable","16":"product-type-simple"},"yoast_head":"<!-- This site is optimized with the Yoast SEO plugin v27.4 - https:\/\/yoast.com\/product\/yoast-seo-wordpress\/ -->\n<title>Halsband Calvin Klein 35000294 - Serenna<\/title>\n<meta name=\"description\" content=\"Korut viimeistelev\u00e4t tyylin arjessa ja juhlassa. Valikoimasta l\u00f6yd\u00e4t kauniit ja ajattomat korut eri tyyleihin ja tilaisuuksiin.\" \/>\n<meta name=\"robots\" content=\"index, follow, max-snippet:-1, max-image-preview:large, max-video-preview:-1\" \/>\n<link rel=\"canonical\" href=\"https:\/\/serennashop.com\/sv\/prod\/calvin-klein-35000294\/\" \/>\n<meta property=\"og:locale\" content=\"sv_SE\" \/>\n<meta property=\"og:type\" content=\"article\" \/>\n<meta property=\"og:title\" content=\"Halsband Calvin Klein 35000294 - Serenna\" \/>\n<meta property=\"og:description\" content=\"Korut viimeistelev\u00e4t tyylin arjessa ja juhlassa. Valikoimasta l\u00f6yd\u00e4t kauniit ja ajattomat korut eri tyyleihin ja tilaisuuksiin.\" \/>\n<meta property=\"og:url\" content=\"https:\/\/serennashop.com\/sv\/prod\/calvin-klein-35000294\/\" \/>\n<meta property=\"og:site_name\" content=\"Serenna\" \/>\n<meta property=\"article:publisher\" content=\"https:\/\/www.facebook.com\/serennadecor\" \/>\n<meta property=\"article:modified_time\" content=\"2026-03-25T22:03:05+00:00\" \/>\n<meta property=\"og:image\" content=\"https:\/\/serennashop.com\/wp-content\/uploads\/2025\/12\/7613272501842_S7298078_P00.jpg\" \/>\n\t<meta property=\"og:image:width\" content=\"1200\" \/>\n\t<meta property=\"og:image:height\" content=\"1200\" \/>\n\t<meta property=\"og:image:type\" content=\"image\/jpeg\" \/>\n<meta name=\"twitter:card\" content=\"summary_large_image\" \/>\n<script type=\"application\/ld+json\" class=\"yoast-schema-graph\">{\"@context\":\"https:\\\/\\\/schema.org\",\"@graph\":[{\"@type\":\"WebPage\",\"@id\":\"https:\\\/\\\/serennashop.com\\\/sv\\\/prod\\\/calvin-klein-35000294\\\/\",\"url\":\"https:\\\/\\\/serennashop.com\\\/sv\\\/prod\\\/calvin-klein-35000294\\\/\",\"name\":\"Halsband Calvin Klein 35000294 - Serenna\",\"isPartOf\":{\"@id\":\"https:\\\/\\\/serennashop.com\\\/sv\\\/#website\"},\"primaryImageOfPage\":{\"@id\":\"https:\\\/\\\/serennashop.com\\\/sv\\\/prod\\\/calvin-klein-35000294\\\/#primaryimage\"},\"image\":{\"@id\":\"https:\\\/\\\/serennashop.com\\\/sv\\\/prod\\\/calvin-klein-35000294\\\/#primaryimage\"},\"thumbnailUrl\":\"https:\\\/\\\/serennashop.com\\\/wp-content\\\/uploads\\\/2026\\\/04\\\/7613272501842_S7298078_P00.jpg\",\"datePublished\":\"2025-12-24T19:23:23+00:00\",\"dateModified\":\"2026-03-25T22:03:05+00:00\",\"description\":\"Korut viimeistelev\u00e4t tyylin arjessa ja juhlassa. Valikoimasta l\u00f6yd\u00e4t kauniit ja ajattomat korut eri tyyleihin ja tilaisuuksiin.\",\"breadcrumb\":{\"@id\":\"https:\\\/\\\/serennashop.com\\\/sv\\\/prod\\\/calvin-klein-35000294\\\/#breadcrumb\"},\"inLanguage\":\"sv-SE\",\"potentialAction\":[{\"@type\":\"ReadAction\",\"target\":[\"https:\\\/\\\/serennashop.com\\\/sv\\\/prod\\\/calvin-klein-35000294\\\/\"]}]},{\"@type\":\"ImageObject\",\"inLanguage\":\"sv-SE\",\"@id\":\"https:\\\/\\\/serennashop.com\\\/sv\\\/prod\\\/calvin-klein-35000294\\\/#primaryimage\",\"url\":\"https:\\\/\\\/serennashop.com\\\/wp-content\\\/uploads\\\/2026\\\/04\\\/7613272501842_S7298078_P00.jpg\",\"contentUrl\":\"https:\\\/\\\/serennashop.com\\\/wp-content\\\/uploads\\\/2026\\\/04\\\/7613272501842_S7298078_P00.jpg\",\"width\":1200,\"height\":1200,\"caption\":\"S7298078_0\"},{\"@type\":\"BreadcrumbList\",\"@id\":\"https:\\\/\\\/serennashop.com\\\/sv\\\/prod\\\/calvin-klein-35000294\\\/#breadcrumb\",\"itemListElement\":[{\"@type\":\"ListItem\",\"position\":1,\"name\":\"Etusivu\",\"item\":\"https:\\\/\\\/serennashop.com\\\/sv\\\/\"},{\"@type\":\"ListItem\",\"position\":2,\"name\":\"Butik\",\"item\":\"https:\\\/\\\/serennashop.com\\\/sv\\\/shop\\\/\"},{\"@type\":\"ListItem\",\"position\":3,\"name\":\"Halsband Calvin Klein 35000294\"}]},{\"@type\":\"WebSite\",\"@id\":\"https:\\\/\\\/serennashop.com\\\/sv\\\/#website\",\"url\":\"https:\\\/\\\/serennashop.com\\\/sv\\\/\",\"name\":\"Serenna\",\"description\":\"\",\"publisher\":{\"@id\":\"https:\\\/\\\/serennashop.com\\\/sv\\\/#organization\"},\"potentialAction\":[{\"@type\":\"SearchAction\",\"target\":{\"@type\":\"EntryPoint\",\"urlTemplate\":\"https:\\\/\\\/serennashop.com\\\/sv\\\/?s={search_term_string}\"},\"query-input\":{\"@type\":\"PropertyValueSpecification\",\"valueRequired\":true,\"valueName\":\"search_term_string\"}}],\"inLanguage\":\"sv-SE\"},{\"@type\":\"Organization\",\"@id\":\"https:\\\/\\\/serennashop.com\\\/sv\\\/#organization\",\"name\":\"Serenna\",\"url\":\"https:\\\/\\\/serennashop.com\\\/sv\\\/\",\"logo\":{\"@type\":\"ImageObject\",\"inLanguage\":\"sv-SE\",\"@id\":\"https:\\\/\\\/serennashop.com\\\/sv\\\/#\\\/schema\\\/logo\\\/image\\\/\",\"url\":\"https:\\\/\\\/www.serenna.fi\\\/wp-content\\\/uploads\\\/2025\\\/12\\\/serenna-logo2.png\",\"contentUrl\":\"https:\\\/\\\/www.serenna.fi\\\/wp-content\\\/uploads\\\/2025\\\/12\\\/serenna-logo2.png\",\"width\":2383,\"height\":317,\"caption\":\"Serenna\"},\"image\":{\"@id\":\"https:\\\/\\\/serennashop.com\\\/sv\\\/#\\\/schema\\\/logo\\\/image\\\/\"},\"sameAs\":[\"https:\\\/\\\/www.facebook.com\\\/serennadecor\",\"https:\\\/\\\/www.instagram.com\\\/serennadecor\"]}]}<\/script>\n<!-- \/ Yoast SEO plugin. -->","yoast_head_json":{"title":"Halsband Calvin Klein 35000294 - Serenna","description":"Korut viimeistelev\u00e4t tyylin arjessa ja juhlassa. Valikoimasta l\u00f6yd\u00e4t kauniit ja ajattomat korut eri tyyleihin ja tilaisuuksiin.","robots":{"index":"index","follow":"follow","max-snippet":"max-snippet:-1","max-image-preview":"max-image-preview:large","max-video-preview":"max-video-preview:-1"},"canonical":"https:\/\/serennashop.com\/sv\/prod\/calvin-klein-35000294\/","og_locale":"sv_SE","og_type":"article","og_title":"Halsband Calvin Klein 35000294 - Serenna","og_description":"Korut viimeistelev\u00e4t tyylin arjessa ja juhlassa. Valikoimasta l\u00f6yd\u00e4t kauniit ja ajattomat korut eri tyyleihin ja tilaisuuksiin.","og_url":"https:\/\/serennashop.com\/sv\/prod\/calvin-klein-35000294\/","og_site_name":"Serenna","article_publisher":"https:\/\/www.facebook.com\/serennadecor","article_modified_time":"2026-03-25T22:03:05+00:00","og_image":[{"width":1200,"height":1200,"url":"https:\/\/serennashop.com\/wp-content\/uploads\/2025\/12\/7613272501842_S7298078_P00.jpg","type":"image\/jpeg"}],"twitter_card":"summary_large_image","schema":{"@context":"https:\/\/schema.org","@graph":[{"@type":"WebPage","@id":"https:\/\/serennashop.com\/sv\/prod\/calvin-klein-35000294\/","url":"https:\/\/serennashop.com\/sv\/prod\/calvin-klein-35000294\/","name":"Halsband Calvin Klein 35000294 - Serenna","isPartOf":{"@id":"https:\/\/serennashop.com\/sv\/#website"},"primaryImageOfPage":{"@id":"https:\/\/serennashop.com\/sv\/prod\/calvin-klein-35000294\/#primaryimage"},"image":{"@id":"https:\/\/serennashop.com\/sv\/prod\/calvin-klein-35000294\/#primaryimage"},"thumbnailUrl":"https:\/\/serennashop.com\/wp-content\/uploads\/2026\/04\/7613272501842_S7298078_P00.jpg","datePublished":"2025-12-24T19:23:23+00:00","dateModified":"2026-03-25T22:03:05+00:00","description":"Korut viimeistelev\u00e4t tyylin arjessa ja juhlassa. Valikoimasta l\u00f6yd\u00e4t kauniit ja ajattomat korut eri tyyleihin ja tilaisuuksiin.","breadcrumb":{"@id":"https:\/\/serennashop.com\/sv\/prod\/calvin-klein-35000294\/#breadcrumb"},"inLanguage":"sv-SE","potentialAction":[{"@type":"ReadAction","target":["https:\/\/serennashop.com\/sv\/prod\/calvin-klein-35000294\/"]}]},{"@type":"ImageObject","inLanguage":"sv-SE","@id":"https:\/\/serennashop.com\/sv\/prod\/calvin-klein-35000294\/#primaryimage","url":"https:\/\/serennashop.com\/wp-content\/uploads\/2026\/04\/7613272501842_S7298078_P00.jpg","contentUrl":"https:\/\/serennashop.com\/wp-content\/uploads\/2026\/04\/7613272501842_S7298078_P00.jpg","width":1200,"height":1200,"caption":"S7298078_0"},{"@type":"BreadcrumbList","@id":"https:\/\/serennashop.com\/sv\/prod\/calvin-klein-35000294\/#breadcrumb","itemListElement":[{"@type":"ListItem","position":1,"name":"Etusivu","item":"https:\/\/serennashop.com\/sv\/"},{"@type":"ListItem","position":2,"name":"Butik","item":"https:\/\/serennashop.com\/sv\/shop\/"},{"@type":"ListItem","position":3,"name":"Halsband Calvin Klein 35000294"}]},{"@type":"WebSite","@id":"https:\/\/serennashop.com\/sv\/#website","url":"https:\/\/serennashop.com\/sv\/","name":"Serenna","description":"","publisher":{"@id":"https:\/\/serennashop.com\/sv\/#organization"},"potentialAction":[{"@type":"SearchAction","target":{"@type":"EntryPoint","urlTemplate":"https:\/\/serennashop.com\/sv\/?s={search_term_string}"},"query-input":{"@type":"PropertyValueSpecification","valueRequired":true,"valueName":"search_term_string"}}],"inLanguage":"sv-SE"},{"@type":"Organization","@id":"https:\/\/serennashop.com\/sv\/#organization","name":"Serenna","url":"https:\/\/serennashop.com\/sv\/","logo":{"@type":"ImageObject","inLanguage":"sv-SE","@id":"https:\/\/serennashop.com\/sv\/#\/schema\/logo\/image\/","url":"https:\/\/www.serenna.fi\/wp-content\/uploads\/2025\/12\/serenna-logo2.png","contentUrl":"https:\/\/www.serenna.fi\/wp-content\/uploads\/2025\/12\/serenna-logo2.png","width":2383,"height":317,"caption":"Serenna"},"image":{"@id":"https:\/\/serennashop.com\/sv\/#\/schema\/logo\/image\/"},"sameAs":["https:\/\/www.facebook.com\/serennadecor","https:\/\/www.instagram.com\/serennadecor"]}]}},"_links":{"self":[{"href":"https:\/\/serennashop.com\/sv\/wp-json\/wp\/v2\/product\/50363","targetHints":{"allow":["GET"]}}],"collection":[{"href":"https:\/\/serennashop.com\/sv\/wp-json\/wp\/v2\/product"}],"about":[{"href":"https:\/\/serennashop.com\/sv\/wp-json\/wp\/v2\/types\/product"}],"replies":[{"embeddable":true,"href":"https:\/\/serennashop.com\/sv\/wp-json\/wp\/v2\/comments?post=50363"}],"wp:featuredmedia":[{"embeddable":true,"href":"https:\/\/serennashop.com\/sv\/wp-json\/wp\/v2\/media\/74249"}],"wp:attachment":[{"href":"https:\/\/serennashop.com\/sv\/wp-json\/wp\/v2\/media?parent=50363"}],"wp:term":[{"taxonomy":"product_brand","embeddable":true,"href":"https:\/\/serennashop.com\/sv\/wp-json\/wp\/v2\/product_brand?post=50363"},{"taxonomy":"product_cat","embeddable":true,"href":"https:\/\/serennashop.com\/sv\/wp-json\/wp\/v2\/product_cat?post=50363"},{"taxonomy":"product_tag","embeddable":true,"href":"https:\/\/serennashop.com\/sv\/wp-json\/wp\/v2\/product_tag?post=50363"}],"curies":[{"name":"wp","href":"https:\/\/api.w.org\/{rel}","templated":true}]}}