{"id":53129,"date":"2026-01-07T21:53:17","date_gmt":"2026-01-07T19:53:17","guid":{"rendered":"https:\/\/serennashop.com\/prod\/citizen-tsuyosa-automatic-o-40-mm-2\/"},"modified":"2026-03-26T00:05:23","modified_gmt":"2026-03-25T22:05:23","slug":"citizen-tsuyosa-automatic-o-40-mm-2","status":"publish","type":"product","link":"https:\/\/serennashop.com\/nl\/prod\/citizen-tsuyosa-automatic-o-40-mm-2\/","title":{"rendered":"Herenhorloges Citizen TSUYOSA AUTOMATIC Zilver (\u00d8 40 mm)"},"content":{"rendered":"<p><strong>Herenhorloges Citizen TSUYOSA AUTOMATIC Zilver (\u00d8 40 mm)<\/strong><\/p>\n<ul>\n<li>Geslacht: Mannen<\/li>\n<li>Extra schakels: Nee<\/li>\n<li>Type horloge: Polshorloge<\/li>\n<li>Functies: Datum<\/li>\n<li>Kleur band: Roestvrij staal<\/li>\n<li>Inclusief: Inclusief merkzakje<\/li>\n<li>Waterdichtheid: 5 atm<\/li>\n<li>Glas: Saffier<\/li>\n<li>Type uurwerk:\n<ul>\n<li>Automatisch<\/li>\n<li>Kwarts<\/li>\n<\/ul>\n<\/li>\n<li>Diameter horlogekast: \u00d8 40 mm<\/li>\n<li>Kleur: Zilver<\/li>\n<li>Ontwerp: Dames<\/li>\n<\/ul>\n<p><strong>Citizen-polshorloges \u2013 Japanse toptechnologie, tijdloos elegant design en betrouwbare nauwkeurigheid<\/strong><\/p>\n<p>Citizen-polshorloges vertegenwoordigen het neusje van de zalm in de horlogewereld, waarbij geavanceerde technologie, nauwkeurige tijdmeting en tijdloos design samenkomen. <strong>Citizen<\/strong> is een van &#x27;s werelds meest gewaardeerde horlogefabrikanten, vooral bekend om zijn innovaties, duurzaamheid en compromisloze kwaliteit. Citizen-horloges zijn ontworpen voor mensen die functionaliteit, duurzaamheid en zorgvuldige afwerking waarderen \u2013 zonder onnodige opsmuk.<\/p>\n<p>Het ontwerp van Citizen-polshorloges is veelzijdig en doordacht. De collectie omvat elegante dresswatches, sportieve chronografen, praktische horloges voor dagelijks gebruik en technisch geavanceerde modellen voor outdoor- en professioneel gebruik. Alle Citizen-horloges hebben een duidelijke afleesbaarheid, een evenwichtig ontwerp en een tijdloze esthetiek die de tand des tijds en trends doorstaat.<\/p>\n<p>Een van de bekendste sterke punten van Citizen is de technologie. Het merk is vooral beroemd <strong>om zijn Eco-Drive-technologie<\/strong>, waarbij de horloge werkt op licht en geen batterijwissel nodig heeft. Dit maakt Citizen-horloges milieuvriendelijk, onderhoudsvrij en zeer betrouwbaar. Bovendien hebben veel modellen functies zoals waterdichtheid, saffierglas, radiogestuurde tijd, chronograaf of wereldtijd \u2013 voor praktisch gebruik.<\/p>\n<p><strong>Waarom kiezen voor een Citizen-polshorloge?<\/strong><\/p>\n<ul>\n<li>\u231a Japanse horlogemakerij van topkwaliteit<\/li>\n<li>\ud83c\udf1e Eco-Drive-technologie \u2013 werkt op licht, geen batterijvervanging<\/li>\n<li>\ud83d\udee0\ufe0f Zeer betrouwbare en nauwkeurige tijdmeting<\/li>\n<li>\ud83d\udca7 Duurzame constructies en veelzijdige functies<\/li>\n<li>\ud83c\udf0d Wereldwijd gewaardeerd premiummerk<\/li>\n<\/ul>\n<p>Een Citizen-polshorloge is de perfecte keuze voor wie op zoek is naar een duurzaam, technisch geavanceerd en stijlvol horloge voor dagelijks gebruik of veeleisender toepassingen. Citizen volgt niet alleen de tijd, maar bepaalt deze ook.<\/p>\n","protected":false},"excerpt":{"rendered":"<p>Herenhorloges Citizen TSUYOSA AUTOMATIC Zilver (\u00d8 40 mm) Geslacht: Mannen Extra schakels: Nee Type horloge: Polshorloge Functies: Datum Kleur band: Roestvrij staal Inclusief: Inclusief merkzakje Waterdichtheid: 5 atm Glas: Saffier Type uurwerk: Automatisch Kwarts Diameter horlogekast: \u00d8 40 mm Kleur: Zilver Ontwerp: Dames<\/p>\n","protected":false},"featured_media":11756,"comment_status":"open","ping_status":"closed","template":"","meta":[],"product_brand":[],"product_cat":[1217,1216],"product_tag":[798,733],"class_list":{"0":"post-53129","1":"product","2":"type-product","3":"status-publish","4":"has-post-thumbnail","6":"product_cat-herenhorloges","7":"product_cat-polshorloges","8":"product_tag-tag_189","9":"product_tag-tag_188","11":"first","12":"instock","13":"taxable","14":"shipping-taxable","15":"purchasable","16":"product-type-simple"},"yoast_head":"<!-- This site is optimized with the Yoast SEO plugin v27.4 - https:\/\/yoast.com\/product\/yoast-seo-wordpress\/ -->\n<title>Herenhorloges Citizen TSUYOSA AUTOMATIC Zilver (\u00d8 40 mm) - Serenna<\/title>\n<meta name=\"description\" content=\"Miesten rannekellot yhdist\u00e4v\u00e4t tyylin ja k\u00e4yt\u00e4nn\u00f6llisyyden. Valikoimasta l\u00f6yd\u00e4t ajattomat ja modernit kellot arkeen ja juhlaan.\" \/>\n<meta name=\"robots\" content=\"index, follow, max-snippet:-1, max-image-preview:large, max-video-preview:-1\" \/>\n<link rel=\"canonical\" href=\"https:\/\/serennashop.com\/nl\/prod\/citizen-tsuyosa-automatic-o-40-mm-2\/\" \/>\n<meta property=\"og:locale\" content=\"nl_NL\" \/>\n<meta property=\"og:type\" content=\"article\" \/>\n<meta property=\"og:title\" content=\"Herenhorloges Citizen TSUYOSA AUTOMATIC Zilver (\u00d8 40 mm) - Serenna\" \/>\n<meta property=\"og:description\" content=\"Miesten rannekellot yhdist\u00e4v\u00e4t tyylin ja k\u00e4yt\u00e4nn\u00f6llisyyden. Valikoimasta l\u00f6yd\u00e4t ajattomat ja modernit kellot arkeen ja juhlaan.\" \/>\n<meta property=\"og:url\" content=\"https:\/\/serennashop.com\/nl\/prod\/citizen-tsuyosa-automatic-o-40-mm-2\/\" \/>\n<meta property=\"og:site_name\" content=\"Serenna\" \/>\n<meta property=\"article:publisher\" content=\"https:\/\/www.facebook.com\/serennadecor\" \/>\n<meta property=\"article:modified_time\" content=\"2026-03-25T22:05:23+00:00\" \/>\n<meta property=\"og:image\" content=\"https:\/\/serennashop.com\/wp-content\/uploads\/2026\/01\/8018225036737_S7273484_P01.jpg\" \/>\n\t<meta property=\"og:image:width\" content=\"1200\" \/>\n\t<meta property=\"og:image:height\" content=\"1200\" \/>\n\t<meta property=\"og:image:type\" content=\"image\/jpeg\" \/>\n<meta name=\"twitter:card\" content=\"summary_large_image\" \/>\n<meta name=\"twitter:label1\" content=\"Geschatte leestijd\" \/>\n\t<meta name=\"twitter:data1\" content=\"1 minuut\" \/>\n<script type=\"application\/ld+json\" class=\"yoast-schema-graph\">{\"@context\":\"https:\\\/\\\/schema.org\",\"@graph\":[{\"@type\":\"WebPage\",\"@id\":\"https:\\\/\\\/serennashop.com\\\/nl\\\/prod\\\/citizen-tsuyosa-automatic-o-40-mm-2\\\/\",\"url\":\"https:\\\/\\\/serennashop.com\\\/nl\\\/prod\\\/citizen-tsuyosa-automatic-o-40-mm-2\\\/\",\"name\":\"Herenhorloges Citizen TSUYOSA AUTOMATIC Zilver (\u00d8 40 mm) - Serenna\",\"isPartOf\":{\"@id\":\"https:\\\/\\\/serennashop.com\\\/nl\\\/#website\"},\"primaryImageOfPage\":{\"@id\":\"https:\\\/\\\/serennashop.com\\\/nl\\\/prod\\\/citizen-tsuyosa-automatic-o-40-mm-2\\\/#primaryimage\"},\"image\":{\"@id\":\"https:\\\/\\\/serennashop.com\\\/nl\\\/prod\\\/citizen-tsuyosa-automatic-o-40-mm-2\\\/#primaryimage\"},\"thumbnailUrl\":\"https:\\\/\\\/serennashop.com\\\/wp-content\\\/uploads\\\/2026\\\/01\\\/8018225036737_S7273484_P01.jpg\",\"datePublished\":\"2026-01-07T19:53:17+00:00\",\"dateModified\":\"2026-03-25T22:05:23+00:00\",\"description\":\"Miesten rannekellot yhdist\u00e4v\u00e4t tyylin ja k\u00e4yt\u00e4nn\u00f6llisyyden. Valikoimasta l\u00f6yd\u00e4t ajattomat ja modernit kellot arkeen ja juhlaan.\",\"breadcrumb\":{\"@id\":\"https:\\\/\\\/serennashop.com\\\/nl\\\/prod\\\/citizen-tsuyosa-automatic-o-40-mm-2\\\/#breadcrumb\"},\"inLanguage\":\"nl-NL\",\"potentialAction\":[{\"@type\":\"ReadAction\",\"target\":[\"https:\\\/\\\/serennashop.com\\\/nl\\\/prod\\\/citizen-tsuyosa-automatic-o-40-mm-2\\\/\"]}]},{\"@type\":\"ImageObject\",\"inLanguage\":\"nl-NL\",\"@id\":\"https:\\\/\\\/serennashop.com\\\/nl\\\/prod\\\/citizen-tsuyosa-automatic-o-40-mm-2\\\/#primaryimage\",\"url\":\"https:\\\/\\\/serennashop.com\\\/wp-content\\\/uploads\\\/2026\\\/01\\\/8018225036737_S7273484_P01.jpg\",\"contentUrl\":\"https:\\\/\\\/serennashop.com\\\/wp-content\\\/uploads\\\/2026\\\/01\\\/8018225036737_S7273484_P01.jpg\",\"width\":1200,\"height\":1200,\"caption\":\"S7273484_0\"},{\"@type\":\"BreadcrumbList\",\"@id\":\"https:\\\/\\\/serennashop.com\\\/nl\\\/prod\\\/citizen-tsuyosa-automatic-o-40-mm-2\\\/#breadcrumb\",\"itemListElement\":[{\"@type\":\"ListItem\",\"position\":1,\"name\":\"Etusivu\",\"item\":\"https:\\\/\\\/serennashop.com\\\/nl\\\/\"},{\"@type\":\"ListItem\",\"position\":2,\"name\":\"Winkel\",\"item\":\"https:\\\/\\\/serennashop.com\\\/nl\\\/shop\\\/\"},{\"@type\":\"ListItem\",\"position\":3,\"name\":\"Herenhorloges Citizen TSUYOSA AUTOMATIC Zilver (\u00d8 40 mm)\"}]},{\"@type\":\"WebSite\",\"@id\":\"https:\\\/\\\/serennashop.com\\\/nl\\\/#website\",\"url\":\"https:\\\/\\\/serennashop.com\\\/nl\\\/\",\"name\":\"Serenna\",\"description\":\"\",\"publisher\":{\"@id\":\"https:\\\/\\\/serennashop.com\\\/nl\\\/#organization\"},\"potentialAction\":[{\"@type\":\"SearchAction\",\"target\":{\"@type\":\"EntryPoint\",\"urlTemplate\":\"https:\\\/\\\/serennashop.com\\\/nl\\\/?s={search_term_string}\"},\"query-input\":{\"@type\":\"PropertyValueSpecification\",\"valueRequired\":true,\"valueName\":\"search_term_string\"}}],\"inLanguage\":\"nl-NL\"},{\"@type\":\"Organization\",\"@id\":\"https:\\\/\\\/serennashop.com\\\/nl\\\/#organization\",\"name\":\"Serenna\",\"url\":\"https:\\\/\\\/serennashop.com\\\/nl\\\/\",\"logo\":{\"@type\":\"ImageObject\",\"inLanguage\":\"nl-NL\",\"@id\":\"https:\\\/\\\/serennashop.com\\\/nl\\\/#\\\/schema\\\/logo\\\/image\\\/\",\"url\":\"https:\\\/\\\/www.serenna.fi\\\/wp-content\\\/uploads\\\/2025\\\/12\\\/serenna-logo2.png\",\"contentUrl\":\"https:\\\/\\\/www.serenna.fi\\\/wp-content\\\/uploads\\\/2025\\\/12\\\/serenna-logo2.png\",\"width\":2383,\"height\":317,\"caption\":\"Serenna\"},\"image\":{\"@id\":\"https:\\\/\\\/serennashop.com\\\/nl\\\/#\\\/schema\\\/logo\\\/image\\\/\"},\"sameAs\":[\"https:\\\/\\\/www.facebook.com\\\/serennadecor\",\"https:\\\/\\\/www.instagram.com\\\/serennadecor\"]}]}<\/script>\n<!-- \/ Yoast SEO plugin. -->","yoast_head_json":{"title":"Herenhorloges Citizen TSUYOSA AUTOMATIC Zilver (\u00d8 40 mm) - Serenna","description":"Miesten rannekellot yhdist\u00e4v\u00e4t tyylin ja k\u00e4yt\u00e4nn\u00f6llisyyden. Valikoimasta l\u00f6yd\u00e4t ajattomat ja modernit kellot arkeen ja juhlaan.","robots":{"index":"index","follow":"follow","max-snippet":"max-snippet:-1","max-image-preview":"max-image-preview:large","max-video-preview":"max-video-preview:-1"},"canonical":"https:\/\/serennashop.com\/nl\/prod\/citizen-tsuyosa-automatic-o-40-mm-2\/","og_locale":"nl_NL","og_type":"article","og_title":"Herenhorloges Citizen TSUYOSA AUTOMATIC Zilver (\u00d8 40 mm) - Serenna","og_description":"Miesten rannekellot yhdist\u00e4v\u00e4t tyylin ja k\u00e4yt\u00e4nn\u00f6llisyyden. Valikoimasta l\u00f6yd\u00e4t ajattomat ja modernit kellot arkeen ja juhlaan.","og_url":"https:\/\/serennashop.com\/nl\/prod\/citizen-tsuyosa-automatic-o-40-mm-2\/","og_site_name":"Serenna","article_publisher":"https:\/\/www.facebook.com\/serennadecor","article_modified_time":"2026-03-25T22:05:23+00:00","og_image":[{"width":1200,"height":1200,"url":"https:\/\/serennashop.com\/wp-content\/uploads\/2026\/01\/8018225036737_S7273484_P01.jpg","type":"image\/jpeg"}],"twitter_card":"summary_large_image","twitter_misc":{"Geschatte leestijd":"1 minuut"},"schema":{"@context":"https:\/\/schema.org","@graph":[{"@type":"WebPage","@id":"https:\/\/serennashop.com\/nl\/prod\/citizen-tsuyosa-automatic-o-40-mm-2\/","url":"https:\/\/serennashop.com\/nl\/prod\/citizen-tsuyosa-automatic-o-40-mm-2\/","name":"Herenhorloges Citizen TSUYOSA AUTOMATIC Zilver (\u00d8 40 mm) - Serenna","isPartOf":{"@id":"https:\/\/serennashop.com\/nl\/#website"},"primaryImageOfPage":{"@id":"https:\/\/serennashop.com\/nl\/prod\/citizen-tsuyosa-automatic-o-40-mm-2\/#primaryimage"},"image":{"@id":"https:\/\/serennashop.com\/nl\/prod\/citizen-tsuyosa-automatic-o-40-mm-2\/#primaryimage"},"thumbnailUrl":"https:\/\/serennashop.com\/wp-content\/uploads\/2026\/01\/8018225036737_S7273484_P01.jpg","datePublished":"2026-01-07T19:53:17+00:00","dateModified":"2026-03-25T22:05:23+00:00","description":"Miesten rannekellot yhdist\u00e4v\u00e4t tyylin ja k\u00e4yt\u00e4nn\u00f6llisyyden. Valikoimasta l\u00f6yd\u00e4t ajattomat ja modernit kellot arkeen ja juhlaan.","breadcrumb":{"@id":"https:\/\/serennashop.com\/nl\/prod\/citizen-tsuyosa-automatic-o-40-mm-2\/#breadcrumb"},"inLanguage":"nl-NL","potentialAction":[{"@type":"ReadAction","target":["https:\/\/serennashop.com\/nl\/prod\/citizen-tsuyosa-automatic-o-40-mm-2\/"]}]},{"@type":"ImageObject","inLanguage":"nl-NL","@id":"https:\/\/serennashop.com\/nl\/prod\/citizen-tsuyosa-automatic-o-40-mm-2\/#primaryimage","url":"https:\/\/serennashop.com\/wp-content\/uploads\/2026\/01\/8018225036737_S7273484_P01.jpg","contentUrl":"https:\/\/serennashop.com\/wp-content\/uploads\/2026\/01\/8018225036737_S7273484_P01.jpg","width":1200,"height":1200,"caption":"S7273484_0"},{"@type":"BreadcrumbList","@id":"https:\/\/serennashop.com\/nl\/prod\/citizen-tsuyosa-automatic-o-40-mm-2\/#breadcrumb","itemListElement":[{"@type":"ListItem","position":1,"name":"Etusivu","item":"https:\/\/serennashop.com\/nl\/"},{"@type":"ListItem","position":2,"name":"Winkel","item":"https:\/\/serennashop.com\/nl\/shop\/"},{"@type":"ListItem","position":3,"name":"Herenhorloges Citizen TSUYOSA AUTOMATIC Zilver (\u00d8 40 mm)"}]},{"@type":"WebSite","@id":"https:\/\/serennashop.com\/nl\/#website","url":"https:\/\/serennashop.com\/nl\/","name":"Serenna","description":"","publisher":{"@id":"https:\/\/serennashop.com\/nl\/#organization"},"potentialAction":[{"@type":"SearchAction","target":{"@type":"EntryPoint","urlTemplate":"https:\/\/serennashop.com\/nl\/?s={search_term_string}"},"query-input":{"@type":"PropertyValueSpecification","valueRequired":true,"valueName":"search_term_string"}}],"inLanguage":"nl-NL"},{"@type":"Organization","@id":"https:\/\/serennashop.com\/nl\/#organization","name":"Serenna","url":"https:\/\/serennashop.com\/nl\/","logo":{"@type":"ImageObject","inLanguage":"nl-NL","@id":"https:\/\/serennashop.com\/nl\/#\/schema\/logo\/image\/","url":"https:\/\/www.serenna.fi\/wp-content\/uploads\/2025\/12\/serenna-logo2.png","contentUrl":"https:\/\/www.serenna.fi\/wp-content\/uploads\/2025\/12\/serenna-logo2.png","width":2383,"height":317,"caption":"Serenna"},"image":{"@id":"https:\/\/serennashop.com\/nl\/#\/schema\/logo\/image\/"},"sameAs":["https:\/\/www.facebook.com\/serennadecor","https:\/\/www.instagram.com\/serennadecor"]}]}},"_links":{"self":[{"href":"https:\/\/serennashop.com\/nl\/wp-json\/wp\/v2\/product\/53129","targetHints":{"allow":["GET"]}}],"collection":[{"href":"https:\/\/serennashop.com\/nl\/wp-json\/wp\/v2\/product"}],"about":[{"href":"https:\/\/serennashop.com\/nl\/wp-json\/wp\/v2\/types\/product"}],"replies":[{"embeddable":true,"href":"https:\/\/serennashop.com\/nl\/wp-json\/wp\/v2\/comments?post=53129"}],"wp:featuredmedia":[{"embeddable":true,"href":"https:\/\/serennashop.com\/nl\/wp-json\/wp\/v2\/media\/11756"}],"wp:attachment":[{"href":"https:\/\/serennashop.com\/nl\/wp-json\/wp\/v2\/media?parent=53129"}],"wp:term":[{"taxonomy":"product_brand","embeddable":true,"href":"https:\/\/serennashop.com\/nl\/wp-json\/wp\/v2\/product_brand?post=53129"},{"taxonomy":"product_cat","embeddable":true,"href":"https:\/\/serennashop.com\/nl\/wp-json\/wp\/v2\/product_cat?post=53129"},{"taxonomy":"product_tag","embeddable":true,"href":"https:\/\/serennashop.com\/nl\/wp-json\/wp\/v2\/product_tag?post=53129"}],"curies":[{"name":"wp","href":"https:\/\/api.w.org\/{rel}","templated":true}]}}