{"id":50281,"date":"2025-12-24T21:23:14","date_gmt":"2025-12-24T19:23:14","guid":{"rendered":"https:\/\/serennashop.com\/prod\/calvin-klein-ck23506s-2\/"},"modified":"2026-03-26T00:02:13","modified_gmt":"2026-03-25T22:02:13","slug":"calvin-klein-ck23506s-2","status":"publish","type":"product","link":"https:\/\/serennashop.com\/nl\/prod\/calvin-klein-ck23506s-2\/","title":{"rendered":"Zonnebrillen voor dames Calvin Klein CK23506S"},"content":{"rendered":"<p><strong>Calvin Klein-zonnebrillen<\/strong> vertegenwoordigen een minimalistische en moderne modewereld, waarin strakke lijnen worden gecombineerd met hoogwaardige materialen en een verzorgde uitstraling. Het merk staat bekend om zijn tijdloze esthetiek, die moeiteloos verschillende stijlen aanvult \u2013 casual alledaagse kleding, een urban look of een verzorgde vrijetijdslook.<\/p><p>Calvin Klein-zonnebrillen zijn ontworpen met het oog op zowel design als functionaliteit: de glazen bieden effectieve bescherming tegen UV-straling en de monturen zitten de hele dag comfortabel op het gezicht. De collectie biedt een breed scala aan stijlen \u2013 van klassieke en ingetogen modellen tot meer gewaagde en trendy opties \u2013 zodat iedereen zijn of haar favoriet kan vinden.<\/p><p><strong>De belangrijkste kenmerken van Calvin Klein-zonnebrillen:<\/strong><\/p><ul><li>Modern en minimalistisch ontwerp<\/li><li>Hoogwaardige UV-beschermende glazen<\/li><li>Lichte en comfortabele monturen<\/li><li>Veelzijdige stijlopties voor verschillende kledingstijlen<\/li><li>Geschikt voor dagelijks gebruik, vrije tijd en het stadsleven<\/li><\/ul><p>Calvin Klein-zonnebrillen zijn een uitstekende keuze als u functionele bescherming en een stijlvolle, tijdloze look wilt combineren in \u00e9\u00e9n hoogwaardig accessoire.<\/p>\n<ul>\n<li>Type: Dameszonnebrillen<\/li>\n<li>Bescherming: 100% bescherming tegen UV-straling (UV400)<\/li>\n<\/ul>\n","protected":false},"excerpt":{"rendered":"<p>Type: Dameszonnebrillen Bescherming: 100% bescherming tegen UV-straling (UV400)<\/p>\n","protected":false},"featured_media":42811,"comment_status":"open","ping_status":"closed","template":"","meta":[],"product_brand":[],"product_cat":[2505,1389],"product_tag":[731,798,1179],"class_list":{"0":"post-50281","1":"product","2":"type-product","3":"status-publish","4":"has-post-thumbnail","6":"product_cat-zonnebrillen","7":"product_cat-zonnebrillen-voor-dames","8":"product_tag-tag_203","9":"product_tag-tag_189","10":"product_tag-tag_194","12":"first","13":"instock","14":"taxable","15":"shipping-taxable","16":"purchasable","17":"product-type-simple"},"yoast_head":"<!-- This site is optimized with the Yoast SEO plugin v27.4 - https:\/\/yoast.com\/product\/yoast-seo-wordpress\/ -->\n<title>Zonnebrillen voor dames Calvin Klein CK23506S - Serenna<\/title>\n<meta name=\"description\" content=\"Aurinkolasit \u2013 tyylikk\u00e4\u00e4t ja laadukkaat aurinkolasit naisille. Suojaa silm\u00e4si UV-s\u00e4teilylt\u00e4 ja viimeistele asusi tunnetuilla br\u00e4ndeill\u00e4.\" \/>\n<meta name=\"robots\" content=\"index, follow, max-snippet:-1, max-image-preview:large, max-video-preview:-1\" \/>\n<link rel=\"canonical\" href=\"https:\/\/serennashop.com\/nl\/prod\/calvin-klein-ck23506s-2\/\" \/>\n<meta property=\"og:locale\" content=\"nl_NL\" \/>\n<meta property=\"og:type\" content=\"article\" \/>\n<meta property=\"og:title\" content=\"Zonnebrillen voor dames Calvin Klein CK23506S - Serenna\" \/>\n<meta property=\"og:description\" content=\"Aurinkolasit \u2013 tyylikk\u00e4\u00e4t ja laadukkaat aurinkolasit naisille. Suojaa silm\u00e4si UV-s\u00e4teilylt\u00e4 ja viimeistele asusi tunnetuilla br\u00e4ndeill\u00e4.\" \/>\n<meta property=\"og:url\" content=\"https:\/\/serennashop.com\/nl\/prod\/calvin-klein-ck23506s-2\/\" \/>\n<meta property=\"og:site_name\" content=\"Serenna\" \/>\n<meta property=\"article:publisher\" content=\"https:\/\/www.facebook.com\/serennadecor\" \/>\n<meta property=\"article:modified_time\" content=\"2026-03-25T22:02:13+00:00\" \/>\n<meta property=\"og:image\" content=\"https:\/\/serennashop.com\/wp-content\/uploads\/2025\/12\/0883901151787_S7270822_P01.jpg\" \/>\n\t<meta property=\"og:image:width\" content=\"1200\" \/>\n\t<meta property=\"og:image:height\" content=\"1200\" \/>\n\t<meta property=\"og:image:type\" content=\"image\/jpeg\" \/>\n<meta name=\"twitter:card\" content=\"summary_large_image\" \/>\n<script type=\"application\/ld+json\" class=\"yoast-schema-graph\">{\"@context\":\"https:\\\/\\\/schema.org\",\"@graph\":[{\"@type\":\"WebPage\",\"@id\":\"https:\\\/\\\/serennashop.com\\\/nl\\\/prod\\\/calvin-klein-ck23506s-2\\\/\",\"url\":\"https:\\\/\\\/serennashop.com\\\/nl\\\/prod\\\/calvin-klein-ck23506s-2\\\/\",\"name\":\"Zonnebrillen voor dames Calvin Klein CK23506S - Serenna\",\"isPartOf\":{\"@id\":\"https:\\\/\\\/serennashop.com\\\/nl\\\/#website\"},\"primaryImageOfPage\":{\"@id\":\"https:\\\/\\\/serennashop.com\\\/nl\\\/prod\\\/calvin-klein-ck23506s-2\\\/#primaryimage\"},\"image\":{\"@id\":\"https:\\\/\\\/serennashop.com\\\/nl\\\/prod\\\/calvin-klein-ck23506s-2\\\/#primaryimage\"},\"thumbnailUrl\":\"https:\\\/\\\/serennashop.com\\\/wp-content\\\/uploads\\\/2025\\\/12\\\/0883901151787_S7270822_P01.jpg\",\"datePublished\":\"2025-12-24T19:23:14+00:00\",\"dateModified\":\"2026-03-25T22:02:13+00:00\",\"description\":\"Aurinkolasit \u2013 tyylikk\u00e4\u00e4t ja laadukkaat aurinkolasit naisille. Suojaa silm\u00e4si UV-s\u00e4teilylt\u00e4 ja viimeistele asusi tunnetuilla br\u00e4ndeill\u00e4.\",\"breadcrumb\":{\"@id\":\"https:\\\/\\\/serennashop.com\\\/nl\\\/prod\\\/calvin-klein-ck23506s-2\\\/#breadcrumb\"},\"inLanguage\":\"nl-NL\",\"potentialAction\":[{\"@type\":\"ReadAction\",\"target\":[\"https:\\\/\\\/serennashop.com\\\/nl\\\/prod\\\/calvin-klein-ck23506s-2\\\/\"]}]},{\"@type\":\"ImageObject\",\"inLanguage\":\"nl-NL\",\"@id\":\"https:\\\/\\\/serennashop.com\\\/nl\\\/prod\\\/calvin-klein-ck23506s-2\\\/#primaryimage\",\"url\":\"https:\\\/\\\/serennashop.com\\\/wp-content\\\/uploads\\\/2025\\\/12\\\/0883901151787_S7270822_P01.jpg\",\"contentUrl\":\"https:\\\/\\\/serennashop.com\\\/wp-content\\\/uploads\\\/2025\\\/12\\\/0883901151787_S7270822_P01.jpg\",\"width\":1200,\"height\":1200,\"caption\":\"S7270822_0\"},{\"@type\":\"BreadcrumbList\",\"@id\":\"https:\\\/\\\/serennashop.com\\\/nl\\\/prod\\\/calvin-klein-ck23506s-2\\\/#breadcrumb\",\"itemListElement\":[{\"@type\":\"ListItem\",\"position\":1,\"name\":\"Etusivu\",\"item\":\"https:\\\/\\\/serennashop.com\\\/nl\\\/\"},{\"@type\":\"ListItem\",\"position\":2,\"name\":\"Winkel\",\"item\":\"https:\\\/\\\/serennashop.com\\\/nl\\\/shop\\\/\"},{\"@type\":\"ListItem\",\"position\":3,\"name\":\"Zonnebrillen voor dames Calvin Klein CK23506S\"}]},{\"@type\":\"WebSite\",\"@id\":\"https:\\\/\\\/serennashop.com\\\/nl\\\/#website\",\"url\":\"https:\\\/\\\/serennashop.com\\\/nl\\\/\",\"name\":\"Serenna\",\"description\":\"\",\"publisher\":{\"@id\":\"https:\\\/\\\/serennashop.com\\\/nl\\\/#organization\"},\"potentialAction\":[{\"@type\":\"SearchAction\",\"target\":{\"@type\":\"EntryPoint\",\"urlTemplate\":\"https:\\\/\\\/serennashop.com\\\/nl\\\/?s={search_term_string}\"},\"query-input\":{\"@type\":\"PropertyValueSpecification\",\"valueRequired\":true,\"valueName\":\"search_term_string\"}}],\"inLanguage\":\"nl-NL\"},{\"@type\":\"Organization\",\"@id\":\"https:\\\/\\\/serennashop.com\\\/nl\\\/#organization\",\"name\":\"Serenna\",\"url\":\"https:\\\/\\\/serennashop.com\\\/nl\\\/\",\"logo\":{\"@type\":\"ImageObject\",\"inLanguage\":\"nl-NL\",\"@id\":\"https:\\\/\\\/serennashop.com\\\/nl\\\/#\\\/schema\\\/logo\\\/image\\\/\",\"url\":\"https:\\\/\\\/www.serenna.fi\\\/wp-content\\\/uploads\\\/2025\\\/12\\\/serenna-logo2.png\",\"contentUrl\":\"https:\\\/\\\/www.serenna.fi\\\/wp-content\\\/uploads\\\/2025\\\/12\\\/serenna-logo2.png\",\"width\":2383,\"height\":317,\"caption\":\"Serenna\"},\"image\":{\"@id\":\"https:\\\/\\\/serennashop.com\\\/nl\\\/#\\\/schema\\\/logo\\\/image\\\/\"},\"sameAs\":[\"https:\\\/\\\/www.facebook.com\\\/serennadecor\",\"https:\\\/\\\/www.instagram.com\\\/serennadecor\"]}]}<\/script>\n<!-- \/ Yoast SEO plugin. -->","yoast_head_json":{"title":"Zonnebrillen voor dames Calvin Klein CK23506S - Serenna","description":"Aurinkolasit \u2013 tyylikk\u00e4\u00e4t ja laadukkaat aurinkolasit naisille. Suojaa silm\u00e4si UV-s\u00e4teilylt\u00e4 ja viimeistele asusi tunnetuilla br\u00e4ndeill\u00e4.","robots":{"index":"index","follow":"follow","max-snippet":"max-snippet:-1","max-image-preview":"max-image-preview:large","max-video-preview":"max-video-preview:-1"},"canonical":"https:\/\/serennashop.com\/nl\/prod\/calvin-klein-ck23506s-2\/","og_locale":"nl_NL","og_type":"article","og_title":"Zonnebrillen voor dames Calvin Klein CK23506S - Serenna","og_description":"Aurinkolasit \u2013 tyylikk\u00e4\u00e4t ja laadukkaat aurinkolasit naisille. Suojaa silm\u00e4si UV-s\u00e4teilylt\u00e4 ja viimeistele asusi tunnetuilla br\u00e4ndeill\u00e4.","og_url":"https:\/\/serennashop.com\/nl\/prod\/calvin-klein-ck23506s-2\/","og_site_name":"Serenna","article_publisher":"https:\/\/www.facebook.com\/serennadecor","article_modified_time":"2026-03-25T22:02:13+00:00","og_image":[{"width":1200,"height":1200,"url":"https:\/\/serennashop.com\/wp-content\/uploads\/2025\/12\/0883901151787_S7270822_P01.jpg","type":"image\/jpeg"}],"twitter_card":"summary_large_image","schema":{"@context":"https:\/\/schema.org","@graph":[{"@type":"WebPage","@id":"https:\/\/serennashop.com\/nl\/prod\/calvin-klein-ck23506s-2\/","url":"https:\/\/serennashop.com\/nl\/prod\/calvin-klein-ck23506s-2\/","name":"Zonnebrillen voor dames Calvin Klein CK23506S - Serenna","isPartOf":{"@id":"https:\/\/serennashop.com\/nl\/#website"},"primaryImageOfPage":{"@id":"https:\/\/serennashop.com\/nl\/prod\/calvin-klein-ck23506s-2\/#primaryimage"},"image":{"@id":"https:\/\/serennashop.com\/nl\/prod\/calvin-klein-ck23506s-2\/#primaryimage"},"thumbnailUrl":"https:\/\/serennashop.com\/wp-content\/uploads\/2025\/12\/0883901151787_S7270822_P01.jpg","datePublished":"2025-12-24T19:23:14+00:00","dateModified":"2026-03-25T22:02:13+00:00","description":"Aurinkolasit \u2013 tyylikk\u00e4\u00e4t ja laadukkaat aurinkolasit naisille. Suojaa silm\u00e4si UV-s\u00e4teilylt\u00e4 ja viimeistele asusi tunnetuilla br\u00e4ndeill\u00e4.","breadcrumb":{"@id":"https:\/\/serennashop.com\/nl\/prod\/calvin-klein-ck23506s-2\/#breadcrumb"},"inLanguage":"nl-NL","potentialAction":[{"@type":"ReadAction","target":["https:\/\/serennashop.com\/nl\/prod\/calvin-klein-ck23506s-2\/"]}]},{"@type":"ImageObject","inLanguage":"nl-NL","@id":"https:\/\/serennashop.com\/nl\/prod\/calvin-klein-ck23506s-2\/#primaryimage","url":"https:\/\/serennashop.com\/wp-content\/uploads\/2025\/12\/0883901151787_S7270822_P01.jpg","contentUrl":"https:\/\/serennashop.com\/wp-content\/uploads\/2025\/12\/0883901151787_S7270822_P01.jpg","width":1200,"height":1200,"caption":"S7270822_0"},{"@type":"BreadcrumbList","@id":"https:\/\/serennashop.com\/nl\/prod\/calvin-klein-ck23506s-2\/#breadcrumb","itemListElement":[{"@type":"ListItem","position":1,"name":"Etusivu","item":"https:\/\/serennashop.com\/nl\/"},{"@type":"ListItem","position":2,"name":"Winkel","item":"https:\/\/serennashop.com\/nl\/shop\/"},{"@type":"ListItem","position":3,"name":"Zonnebrillen voor dames Calvin Klein CK23506S"}]},{"@type":"WebSite","@id":"https:\/\/serennashop.com\/nl\/#website","url":"https:\/\/serennashop.com\/nl\/","name":"Serenna","description":"","publisher":{"@id":"https:\/\/serennashop.com\/nl\/#organization"},"potentialAction":[{"@type":"SearchAction","target":{"@type":"EntryPoint","urlTemplate":"https:\/\/serennashop.com\/nl\/?s={search_term_string}"},"query-input":{"@type":"PropertyValueSpecification","valueRequired":true,"valueName":"search_term_string"}}],"inLanguage":"nl-NL"},{"@type":"Organization","@id":"https:\/\/serennashop.com\/nl\/#organization","name":"Serenna","url":"https:\/\/serennashop.com\/nl\/","logo":{"@type":"ImageObject","inLanguage":"nl-NL","@id":"https:\/\/serennashop.com\/nl\/#\/schema\/logo\/image\/","url":"https:\/\/www.serenna.fi\/wp-content\/uploads\/2025\/12\/serenna-logo2.png","contentUrl":"https:\/\/www.serenna.fi\/wp-content\/uploads\/2025\/12\/serenna-logo2.png","width":2383,"height":317,"caption":"Serenna"},"image":{"@id":"https:\/\/serennashop.com\/nl\/#\/schema\/logo\/image\/"},"sameAs":["https:\/\/www.facebook.com\/serennadecor","https:\/\/www.instagram.com\/serennadecor"]}]}},"_links":{"self":[{"href":"https:\/\/serennashop.com\/nl\/wp-json\/wp\/v2\/product\/50281","targetHints":{"allow":["GET"]}}],"collection":[{"href":"https:\/\/serennashop.com\/nl\/wp-json\/wp\/v2\/product"}],"about":[{"href":"https:\/\/serennashop.com\/nl\/wp-json\/wp\/v2\/types\/product"}],"replies":[{"embeddable":true,"href":"https:\/\/serennashop.com\/nl\/wp-json\/wp\/v2\/comments?post=50281"}],"wp:featuredmedia":[{"embeddable":true,"href":"https:\/\/serennashop.com\/nl\/wp-json\/wp\/v2\/media\/42811"}],"wp:attachment":[{"href":"https:\/\/serennashop.com\/nl\/wp-json\/wp\/v2\/media?parent=50281"}],"wp:term":[{"taxonomy":"product_brand","embeddable":true,"href":"https:\/\/serennashop.com\/nl\/wp-json\/wp\/v2\/product_brand?post=50281"},{"taxonomy":"product_cat","embeddable":true,"href":"https:\/\/serennashop.com\/nl\/wp-json\/wp\/v2\/product_cat?post=50281"},{"taxonomy":"product_tag","embeddable":true,"href":"https:\/\/serennashop.com\/nl\/wp-json\/wp\/v2\/product_tag?post=50281"}],"curies":[{"name":"wp","href":"https:\/\/api.w.org\/{rel}","templated":true}]}}