{"id":50204,"date":"2025-12-24T18:49:00","date_gmt":"2025-12-24T16:49:00","guid":{"rendered":"https:\/\/serennashop.com\/prod\/police-pewjk2002802m\/"},"modified":"2026-03-26T00:02:11","modified_gmt":"2026-03-25T22:02:11","slug":"police-pewjk2002802m","status":"publish","type":"product","link":"https:\/\/serennashop.com\/nl\/prod\/police-pewjk2002802m\/","title":{"rendered":"Herenhorloge Police PEWJK2002802M"},"content":{"rendered":"<p><strong>Police-polshorloges<\/strong> zijn een gedurfde en stijlvolle keuze voor wie tijdloos design en een zelfverzekerde uitstraling wil combineren in een accessoire voor dagelijks gebruik. De kenmerkende stijl van het merk omvat een urban edge, een moderne esthetiek en een verfijnde afwerking van de details, waardoor Police-horloges een opvallende aanvulling vormen op zowel dagelijkse als vrijetijdskleding.<\/p><p>Het assortiment van Police-horloges omvat modellen in verschillende stijlen, vari\u00ebrend van klassieke en ingetogen uitvoeringen tot sportievere en opvallendere ontwerpen \u2013 van strakke, minimalistische wijzerplaten tot gedetailleerdere en dynamische totaliteitsontwerpen. Hoogwaardige materialen, zoals roestvrij staal, duurzaam mineraalglas en een nauwkeurig quartz uurwerk, garanderen een betrouwbare werking en een lange levensduur.<\/p><p><strong>De belangrijkste kenmerken van Police-polshorloges:<\/strong><\/p><ul>\n<li>Een uitgesproken en modern ontwerp<\/li>\n<li>Hoogwaardige materialen en afwerking<\/li>\n<li>Nauwkeurige en betrouwbare tijdregistratie<\/li>\n<li>Veelzijdige stijlopties voor dagelijks gebruik en speciale gelegenheden<\/li>\n<li>Gemakkelijk te combineren met verschillende outfits<\/li>\n<\/ul><p>Police-polshorloges zijn vooral geschikt voor mensen die op zoek zijn naar een accessoire met persoonlijkheid en pit \u2013 een horloge dat niet alleen de tijd aangeeft, maar ook iets zegt over de stijl van de drager.<\/p><p><br data-mce-bogus=\"1\"><\/p>\n","protected":false},"excerpt":{"rendered":"","protected":false},"featured_media":65811,"comment_status":"open","ping_status":"closed","template":"","meta":[],"product_brand":[],"product_cat":[1217,1216],"product_tag":[798,733],"class_list":{"0":"post-50204","1":"product","2":"type-product","3":"status-publish","4":"has-post-thumbnail","6":"product_cat-herenhorloges","7":"product_cat-polshorloges","8":"product_tag-tag_189","9":"product_tag-tag_188","11":"first","12":"instock","13":"taxable","14":"shipping-taxable","15":"purchasable","16":"product-type-simple"},"yoast_head":"<!-- This site is optimized with the Yoast SEO plugin v27.4 - https:\/\/yoast.com\/product\/yoast-seo-wordpress\/ -->\n<title>Herenhorloge Police PEWJK2002802M - Serenna<\/title>\n<meta name=\"description\" content=\"Miesten rannekellot yhdist\u00e4v\u00e4t tyylin ja k\u00e4yt\u00e4nn\u00f6llisyyden. Valikoimasta l\u00f6yd\u00e4t ajattomat ja modernit kellot arkeen ja juhlaan.\" \/>\n<meta name=\"robots\" content=\"index, follow, max-snippet:-1, max-image-preview:large, max-video-preview:-1\" \/>\n<link rel=\"canonical\" href=\"https:\/\/serennashop.com\/nl\/prod\/police-pewjk2002802m\/\" \/>\n<meta property=\"og:locale\" content=\"nl_NL\" \/>\n<meta property=\"og:type\" content=\"article\" \/>\n<meta property=\"og:title\" content=\"Herenhorloge Police PEWJK2002802M - Serenna\" \/>\n<meta property=\"og:description\" content=\"Miesten rannekellot yhdist\u00e4v\u00e4t tyylin ja k\u00e4yt\u00e4nn\u00f6llisyyden. Valikoimasta l\u00f6yd\u00e4t ajattomat ja modernit kellot arkeen ja juhlaan.\" \/>\n<meta property=\"og:url\" content=\"https:\/\/serennashop.com\/nl\/prod\/police-pewjk2002802m\/\" \/>\n<meta property=\"og:site_name\" content=\"Serenna\" \/>\n<meta property=\"article:publisher\" content=\"https:\/\/www.facebook.com\/serennadecor\" \/>\n<meta property=\"article:modified_time\" content=\"2026-03-25T22:02:11+00:00\" \/>\n<meta property=\"og:image\" content=\"https:\/\/serennashop.com\/wp-content\/uploads\/2025\/12\/4894816134242_S72131087_P00.jpg\" \/>\n\t<meta property=\"og:image:width\" content=\"1200\" \/>\n\t<meta property=\"og:image:height\" content=\"1200\" \/>\n\t<meta property=\"og:image:type\" content=\"image\/jpeg\" \/>\n<meta name=\"twitter:card\" content=\"summary_large_image\" \/>\n<script type=\"application\/ld+json\" class=\"yoast-schema-graph\">{\"@context\":\"https:\\\/\\\/schema.org\",\"@graph\":[{\"@type\":\"WebPage\",\"@id\":\"https:\\\/\\\/serennashop.com\\\/nl\\\/prod\\\/police-pewjk2002802m\\\/\",\"url\":\"https:\\\/\\\/serennashop.com\\\/nl\\\/prod\\\/police-pewjk2002802m\\\/\",\"name\":\"Herenhorloge Police PEWJK2002802M - Serenna\",\"isPartOf\":{\"@id\":\"https:\\\/\\\/serennashop.com\\\/nl\\\/#website\"},\"primaryImageOfPage\":{\"@id\":\"https:\\\/\\\/serennashop.com\\\/nl\\\/prod\\\/police-pewjk2002802m\\\/#primaryimage\"},\"image\":{\"@id\":\"https:\\\/\\\/serennashop.com\\\/nl\\\/prod\\\/police-pewjk2002802m\\\/#primaryimage\"},\"thumbnailUrl\":\"https:\\\/\\\/serennashop.com\\\/wp-content\\\/uploads\\\/2025\\\/12\\\/4894816134242_S72131087_P00.jpg\",\"datePublished\":\"2025-12-24T16:49:00+00:00\",\"dateModified\":\"2026-03-25T22:02:11+00:00\",\"description\":\"Miesten rannekellot yhdist\u00e4v\u00e4t tyylin ja k\u00e4yt\u00e4nn\u00f6llisyyden. Valikoimasta l\u00f6yd\u00e4t ajattomat ja modernit kellot arkeen ja juhlaan.\",\"breadcrumb\":{\"@id\":\"https:\\\/\\\/serennashop.com\\\/nl\\\/prod\\\/police-pewjk2002802m\\\/#breadcrumb\"},\"inLanguage\":\"nl-NL\",\"potentialAction\":[{\"@type\":\"ReadAction\",\"target\":[\"https:\\\/\\\/serennashop.com\\\/nl\\\/prod\\\/police-pewjk2002802m\\\/\"]}]},{\"@type\":\"ImageObject\",\"inLanguage\":\"nl-NL\",\"@id\":\"https:\\\/\\\/serennashop.com\\\/nl\\\/prod\\\/police-pewjk2002802m\\\/#primaryimage\",\"url\":\"https:\\\/\\\/serennashop.com\\\/wp-content\\\/uploads\\\/2025\\\/12\\\/4894816134242_S72131087_P00.jpg\",\"contentUrl\":\"https:\\\/\\\/serennashop.com\\\/wp-content\\\/uploads\\\/2025\\\/12\\\/4894816134242_S72131087_P00.jpg\",\"width\":1200,\"height\":1200,\"caption\":\"S72131087_0\"},{\"@type\":\"BreadcrumbList\",\"@id\":\"https:\\\/\\\/serennashop.com\\\/nl\\\/prod\\\/police-pewjk2002802m\\\/#breadcrumb\",\"itemListElement\":[{\"@type\":\"ListItem\",\"position\":1,\"name\":\"Etusivu\",\"item\":\"https:\\\/\\\/serennashop.com\\\/nl\\\/\"},{\"@type\":\"ListItem\",\"position\":2,\"name\":\"Winkel\",\"item\":\"https:\\\/\\\/serennashop.com\\\/nl\\\/shop\\\/\"},{\"@type\":\"ListItem\",\"position\":3,\"name\":\"Herenhorloge Police PEWJK2002802M\"}]},{\"@type\":\"WebSite\",\"@id\":\"https:\\\/\\\/serennashop.com\\\/nl\\\/#website\",\"url\":\"https:\\\/\\\/serennashop.com\\\/nl\\\/\",\"name\":\"Serenna\",\"description\":\"\",\"publisher\":{\"@id\":\"https:\\\/\\\/serennashop.com\\\/nl\\\/#organization\"},\"potentialAction\":[{\"@type\":\"SearchAction\",\"target\":{\"@type\":\"EntryPoint\",\"urlTemplate\":\"https:\\\/\\\/serennashop.com\\\/nl\\\/?s={search_term_string}\"},\"query-input\":{\"@type\":\"PropertyValueSpecification\",\"valueRequired\":true,\"valueName\":\"search_term_string\"}}],\"inLanguage\":\"nl-NL\"},{\"@type\":\"Organization\",\"@id\":\"https:\\\/\\\/serennashop.com\\\/nl\\\/#organization\",\"name\":\"Serenna\",\"url\":\"https:\\\/\\\/serennashop.com\\\/nl\\\/\",\"logo\":{\"@type\":\"ImageObject\",\"inLanguage\":\"nl-NL\",\"@id\":\"https:\\\/\\\/serennashop.com\\\/nl\\\/#\\\/schema\\\/logo\\\/image\\\/\",\"url\":\"https:\\\/\\\/www.serenna.fi\\\/wp-content\\\/uploads\\\/2025\\\/12\\\/serenna-logo2.png\",\"contentUrl\":\"https:\\\/\\\/www.serenna.fi\\\/wp-content\\\/uploads\\\/2025\\\/12\\\/serenna-logo2.png\",\"width\":2383,\"height\":317,\"caption\":\"Serenna\"},\"image\":{\"@id\":\"https:\\\/\\\/serennashop.com\\\/nl\\\/#\\\/schema\\\/logo\\\/image\\\/\"},\"sameAs\":[\"https:\\\/\\\/www.facebook.com\\\/serennadecor\",\"https:\\\/\\\/www.instagram.com\\\/serennadecor\"]}]}<\/script>\n<!-- \/ Yoast SEO plugin. -->","yoast_head_json":{"title":"Herenhorloge Police PEWJK2002802M - Serenna","description":"Miesten rannekellot yhdist\u00e4v\u00e4t tyylin ja k\u00e4yt\u00e4nn\u00f6llisyyden. Valikoimasta l\u00f6yd\u00e4t ajattomat ja modernit kellot arkeen ja juhlaan.","robots":{"index":"index","follow":"follow","max-snippet":"max-snippet:-1","max-image-preview":"max-image-preview:large","max-video-preview":"max-video-preview:-1"},"canonical":"https:\/\/serennashop.com\/nl\/prod\/police-pewjk2002802m\/","og_locale":"nl_NL","og_type":"article","og_title":"Herenhorloge Police PEWJK2002802M - Serenna","og_description":"Miesten rannekellot yhdist\u00e4v\u00e4t tyylin ja k\u00e4yt\u00e4nn\u00f6llisyyden. Valikoimasta l\u00f6yd\u00e4t ajattomat ja modernit kellot arkeen ja juhlaan.","og_url":"https:\/\/serennashop.com\/nl\/prod\/police-pewjk2002802m\/","og_site_name":"Serenna","article_publisher":"https:\/\/www.facebook.com\/serennadecor","article_modified_time":"2026-03-25T22:02:11+00:00","og_image":[{"width":1200,"height":1200,"url":"https:\/\/serennashop.com\/wp-content\/uploads\/2025\/12\/4894816134242_S72131087_P00.jpg","type":"image\/jpeg"}],"twitter_card":"summary_large_image","schema":{"@context":"https:\/\/schema.org","@graph":[{"@type":"WebPage","@id":"https:\/\/serennashop.com\/nl\/prod\/police-pewjk2002802m\/","url":"https:\/\/serennashop.com\/nl\/prod\/police-pewjk2002802m\/","name":"Herenhorloge Police PEWJK2002802M - Serenna","isPartOf":{"@id":"https:\/\/serennashop.com\/nl\/#website"},"primaryImageOfPage":{"@id":"https:\/\/serennashop.com\/nl\/prod\/police-pewjk2002802m\/#primaryimage"},"image":{"@id":"https:\/\/serennashop.com\/nl\/prod\/police-pewjk2002802m\/#primaryimage"},"thumbnailUrl":"https:\/\/serennashop.com\/wp-content\/uploads\/2025\/12\/4894816134242_S72131087_P00.jpg","datePublished":"2025-12-24T16:49:00+00:00","dateModified":"2026-03-25T22:02:11+00:00","description":"Miesten rannekellot yhdist\u00e4v\u00e4t tyylin ja k\u00e4yt\u00e4nn\u00f6llisyyden. Valikoimasta l\u00f6yd\u00e4t ajattomat ja modernit kellot arkeen ja juhlaan.","breadcrumb":{"@id":"https:\/\/serennashop.com\/nl\/prod\/police-pewjk2002802m\/#breadcrumb"},"inLanguage":"nl-NL","potentialAction":[{"@type":"ReadAction","target":["https:\/\/serennashop.com\/nl\/prod\/police-pewjk2002802m\/"]}]},{"@type":"ImageObject","inLanguage":"nl-NL","@id":"https:\/\/serennashop.com\/nl\/prod\/police-pewjk2002802m\/#primaryimage","url":"https:\/\/serennashop.com\/wp-content\/uploads\/2025\/12\/4894816134242_S72131087_P00.jpg","contentUrl":"https:\/\/serennashop.com\/wp-content\/uploads\/2025\/12\/4894816134242_S72131087_P00.jpg","width":1200,"height":1200,"caption":"S72131087_0"},{"@type":"BreadcrumbList","@id":"https:\/\/serennashop.com\/nl\/prod\/police-pewjk2002802m\/#breadcrumb","itemListElement":[{"@type":"ListItem","position":1,"name":"Etusivu","item":"https:\/\/serennashop.com\/nl\/"},{"@type":"ListItem","position":2,"name":"Winkel","item":"https:\/\/serennashop.com\/nl\/shop\/"},{"@type":"ListItem","position":3,"name":"Herenhorloge Police PEWJK2002802M"}]},{"@type":"WebSite","@id":"https:\/\/serennashop.com\/nl\/#website","url":"https:\/\/serennashop.com\/nl\/","name":"Serenna","description":"","publisher":{"@id":"https:\/\/serennashop.com\/nl\/#organization"},"potentialAction":[{"@type":"SearchAction","target":{"@type":"EntryPoint","urlTemplate":"https:\/\/serennashop.com\/nl\/?s={search_term_string}"},"query-input":{"@type":"PropertyValueSpecification","valueRequired":true,"valueName":"search_term_string"}}],"inLanguage":"nl-NL"},{"@type":"Organization","@id":"https:\/\/serennashop.com\/nl\/#organization","name":"Serenna","url":"https:\/\/serennashop.com\/nl\/","logo":{"@type":"ImageObject","inLanguage":"nl-NL","@id":"https:\/\/serennashop.com\/nl\/#\/schema\/logo\/image\/","url":"https:\/\/www.serenna.fi\/wp-content\/uploads\/2025\/12\/serenna-logo2.png","contentUrl":"https:\/\/www.serenna.fi\/wp-content\/uploads\/2025\/12\/serenna-logo2.png","width":2383,"height":317,"caption":"Serenna"},"image":{"@id":"https:\/\/serennashop.com\/nl\/#\/schema\/logo\/image\/"},"sameAs":["https:\/\/www.facebook.com\/serennadecor","https:\/\/www.instagram.com\/serennadecor"]}]}},"_links":{"self":[{"href":"https:\/\/serennashop.com\/nl\/wp-json\/wp\/v2\/product\/50204","targetHints":{"allow":["GET"]}}],"collection":[{"href":"https:\/\/serennashop.com\/nl\/wp-json\/wp\/v2\/product"}],"about":[{"href":"https:\/\/serennashop.com\/nl\/wp-json\/wp\/v2\/types\/product"}],"replies":[{"embeddable":true,"href":"https:\/\/serennashop.com\/nl\/wp-json\/wp\/v2\/comments?post=50204"}],"wp:featuredmedia":[{"embeddable":true,"href":"https:\/\/serennashop.com\/nl\/wp-json\/wp\/v2\/media\/65811"}],"wp:attachment":[{"href":"https:\/\/serennashop.com\/nl\/wp-json\/wp\/v2\/media?parent=50204"}],"wp:term":[{"taxonomy":"product_brand","embeddable":true,"href":"https:\/\/serennashop.com\/nl\/wp-json\/wp\/v2\/product_brand?post=50204"},{"taxonomy":"product_cat","embeddable":true,"href":"https:\/\/serennashop.com\/nl\/wp-json\/wp\/v2\/product_cat?post=50204"},{"taxonomy":"product_tag","embeddable":true,"href":"https:\/\/serennashop.com\/nl\/wp-json\/wp\/v2\/product_tag?post=50204"}],"curies":[{"name":"wp","href":"https:\/\/api.w.org\/{rel}","templated":true}]}}