{"id":45143,"date":"2025-12-18T08:48:10","date_gmt":"2025-12-18T06:48:10","guid":{"rendered":"https:\/\/serennashop.com\/prod\/bmw-bs0017-6008u\/"},"modified":"2026-03-25T23:57:04","modified_gmt":"2026-03-25T21:57:04","slug":"bmw-bs0017-6008u","status":"publish","type":"product","link":"https:\/\/serennashop.com\/nl\/prod\/bmw-bs0017-6008u\/","title":{"rendered":"Herenzonnebril BMW BS0017 6008U"},"content":{"rendered":"<p><strong>De BMW BS0017 6008U<\/strong> zijn stijlvolle en moderne zonnebrillen die het iconische <strong>BMW<\/strong>-merk combineren met een verzorgd ontwerp en effectieve bescherming tegen zonlicht. Deze bril is ontworpen als aanvulling op zowel uw dagelijkse als uw vrijetijdskleding en is bijvoorbeeld uitermate geschikt voor gebruik in de stad, tijdens het autorijden of op vakantie.<\/p>\n<p>Het montuur van de zonnebril is gemaakt van hoogwaardige materialen die zorgen voor lichtheid en comfort, zelfs bij langdurig gebruik. De glazen bieden UV-bescherming, waardoor fel zonlicht aangenamer wordt en uw ogen effectief worden beschermd. Door het ingetogen maar stijlvolle ontwerp zijn de brillen gemakkelijk te combineren met verschillende stijlen.<\/p>\n<p><strong>Belangrijkste kenmerken:<\/strong><\/p>\n<ul>\n<li>Tijdloos en modern BMW-design<\/li>\n<li>UV-beschermende glazen<\/li>\n<li>Lichte en comfortabele constructie<\/li>\n<li>Geschikt voor dagelijks gebruik, vrije tijd en autorijden<\/li>\n<li>Veelzijdige zonnebrilaccessoire<\/li>\n<\/ul>\n<p>De BMW BS0017 6008U zonnebril biedt hoogwaardige bescherming en een stijlvolle uitstraling \u2013 de perfecte keuze als u mode en functionaliteit in \u00e9\u00e9n accessoire wilt combineren.<\/p>\n<p>\u00a0<\/p>\n","protected":false},"excerpt":{"rendered":"<p>De BMW BS0017 6008U zijn stijlvolle en moderne zonnebrillen die het iconische BMW-merk combineren met een verzorgd ontwerp en effectieve bescherming tegen zonlicht. Deze bril is ontworpen als aanvulling op zowel uw dagelijkse als uw vrijetijdskleding en is bijvoorbeeld uitermate geschikt voor gebruik in de stad, tijdens het autorijden of op vakantie. Het montuur van [&#8230;]\n","protected":false},"featured_media":43172,"comment_status":"open","ping_status":"closed","template":"","meta":[],"product_brand":[],"product_cat":[2505,1176],"product_tag":[797,798,733,1179],"class_list":{"0":"post-45143","1":"product","2":"type-product","3":"status-publish","4":"has-post-thumbnail","6":"product_cat-zonnebrillen","7":"product_cat-zonnebrillen-voor-mannen","8":"product_tag-tag_195","9":"product_tag-tag_189","10":"product_tag-tag_188","11":"product_tag-tag_194","13":"first","14":"instock","15":"taxable","16":"shipping-taxable","17":"purchasable","18":"product-type-simple"},"yoast_head":"<!-- This site is optimized with the Yoast SEO plugin v27.4 - https:\/\/yoast.com\/product\/yoast-seo-wordpress\/ -->\n<title>Herenzonnebril BMW BS0017 6008U - Serenna<\/title>\n<meta name=\"description\" content=\"Aurinkolasit \u2013 tyylikk\u00e4\u00e4t ja laadukkaat aurinkolasit miehille. Suojaa silm\u00e4si UV-s\u00e4teilylt\u00e4 ja viimeistele asusi tunnetuilla br\u00e4ndeill\u00e4.\" \/>\n<meta name=\"robots\" content=\"index, follow, max-snippet:-1, max-image-preview:large, max-video-preview:-1\" \/>\n<link rel=\"canonical\" href=\"https:\/\/serennashop.com\/nl\/prod\/bmw-bs0017-6008u\/\" \/>\n<meta property=\"og:locale\" content=\"nl_NL\" \/>\n<meta property=\"og:type\" content=\"article\" \/>\n<meta property=\"og:title\" content=\"Herenzonnebril BMW BS0017 6008U - Serenna\" \/>\n<meta property=\"og:description\" content=\"Aurinkolasit \u2013 tyylikk\u00e4\u00e4t ja laadukkaat aurinkolasit miehille. Suojaa silm\u00e4si UV-s\u00e4teilylt\u00e4 ja viimeistele asusi tunnetuilla br\u00e4ndeill\u00e4.\" \/>\n<meta property=\"og:url\" content=\"https:\/\/serennashop.com\/nl\/prod\/bmw-bs0017-6008u\/\" \/>\n<meta property=\"og:site_name\" content=\"Serenna\" \/>\n<meta property=\"article:publisher\" content=\"https:\/\/www.facebook.com\/serennadecor\" \/>\n<meta property=\"article:modified_time\" content=\"2026-03-25T21:57:04+00:00\" \/>\n<meta property=\"og:image\" content=\"https:\/\/serennashop.com\/wp-content\/uploads\/2025\/12\/0889214361998_S72121667_P00.jpg\" \/>\n\t<meta property=\"og:image:width\" content=\"1200\" \/>\n\t<meta property=\"og:image:height\" content=\"1200\" \/>\n\t<meta property=\"og:image:type\" content=\"image\/jpeg\" \/>\n<meta name=\"twitter:card\" content=\"summary_large_image\" \/>\n<meta name=\"twitter:label1\" content=\"Geschatte leestijd\" \/>\n\t<meta name=\"twitter:data1\" content=\"1 minuut\" \/>\n<script type=\"application\/ld+json\" class=\"yoast-schema-graph\">{\"@context\":\"https:\\\/\\\/schema.org\",\"@graph\":[{\"@type\":\"WebPage\",\"@id\":\"https:\\\/\\\/serennashop.com\\\/nl\\\/prod\\\/bmw-bs0017-6008u\\\/\",\"url\":\"https:\\\/\\\/serennashop.com\\\/nl\\\/prod\\\/bmw-bs0017-6008u\\\/\",\"name\":\"Herenzonnebril BMW BS0017 6008U - Serenna\",\"isPartOf\":{\"@id\":\"https:\\\/\\\/serennashop.com\\\/nl\\\/#website\"},\"primaryImageOfPage\":{\"@id\":\"https:\\\/\\\/serennashop.com\\\/nl\\\/prod\\\/bmw-bs0017-6008u\\\/#primaryimage\"},\"image\":{\"@id\":\"https:\\\/\\\/serennashop.com\\\/nl\\\/prod\\\/bmw-bs0017-6008u\\\/#primaryimage\"},\"thumbnailUrl\":\"https:\\\/\\\/serennashop.com\\\/wp-content\\\/uploads\\\/2025\\\/12\\\/0889214361998_S72121667_P00.jpg\",\"datePublished\":\"2025-12-18T06:48:10+00:00\",\"dateModified\":\"2026-03-25T21:57:04+00:00\",\"description\":\"Aurinkolasit \u2013 tyylikk\u00e4\u00e4t ja laadukkaat aurinkolasit miehille. Suojaa silm\u00e4si UV-s\u00e4teilylt\u00e4 ja viimeistele asusi tunnetuilla br\u00e4ndeill\u00e4.\",\"breadcrumb\":{\"@id\":\"https:\\\/\\\/serennashop.com\\\/nl\\\/prod\\\/bmw-bs0017-6008u\\\/#breadcrumb\"},\"inLanguage\":\"nl-NL\",\"potentialAction\":[{\"@type\":\"ReadAction\",\"target\":[\"https:\\\/\\\/serennashop.com\\\/nl\\\/prod\\\/bmw-bs0017-6008u\\\/\"]}]},{\"@type\":\"ImageObject\",\"inLanguage\":\"nl-NL\",\"@id\":\"https:\\\/\\\/serennashop.com\\\/nl\\\/prod\\\/bmw-bs0017-6008u\\\/#primaryimage\",\"url\":\"https:\\\/\\\/serennashop.com\\\/wp-content\\\/uploads\\\/2025\\\/12\\\/0889214361998_S72121667_P00.jpg\",\"contentUrl\":\"https:\\\/\\\/serennashop.com\\\/wp-content\\\/uploads\\\/2025\\\/12\\\/0889214361998_S72121667_P00.jpg\",\"width\":1200,\"height\":1200,\"caption\":\"S72121667_0\"},{\"@type\":\"BreadcrumbList\",\"@id\":\"https:\\\/\\\/serennashop.com\\\/nl\\\/prod\\\/bmw-bs0017-6008u\\\/#breadcrumb\",\"itemListElement\":[{\"@type\":\"ListItem\",\"position\":1,\"name\":\"Etusivu\",\"item\":\"https:\\\/\\\/serennashop.com\\\/nl\\\/\"},{\"@type\":\"ListItem\",\"position\":2,\"name\":\"Winkel\",\"item\":\"https:\\\/\\\/serennashop.com\\\/nl\\\/shop\\\/\"},{\"@type\":\"ListItem\",\"position\":3,\"name\":\"Herenzonnebril BMW BS0017 6008U\"}]},{\"@type\":\"WebSite\",\"@id\":\"https:\\\/\\\/serennashop.com\\\/nl\\\/#website\",\"url\":\"https:\\\/\\\/serennashop.com\\\/nl\\\/\",\"name\":\"Serenna\",\"description\":\"\",\"publisher\":{\"@id\":\"https:\\\/\\\/serennashop.com\\\/nl\\\/#organization\"},\"potentialAction\":[{\"@type\":\"SearchAction\",\"target\":{\"@type\":\"EntryPoint\",\"urlTemplate\":\"https:\\\/\\\/serennashop.com\\\/nl\\\/?s={search_term_string}\"},\"query-input\":{\"@type\":\"PropertyValueSpecification\",\"valueRequired\":true,\"valueName\":\"search_term_string\"}}],\"inLanguage\":\"nl-NL\"},{\"@type\":\"Organization\",\"@id\":\"https:\\\/\\\/serennashop.com\\\/nl\\\/#organization\",\"name\":\"Serenna\",\"url\":\"https:\\\/\\\/serennashop.com\\\/nl\\\/\",\"logo\":{\"@type\":\"ImageObject\",\"inLanguage\":\"nl-NL\",\"@id\":\"https:\\\/\\\/serennashop.com\\\/nl\\\/#\\\/schema\\\/logo\\\/image\\\/\",\"url\":\"https:\\\/\\\/www.serenna.fi\\\/wp-content\\\/uploads\\\/2025\\\/12\\\/serenna-logo2.png\",\"contentUrl\":\"https:\\\/\\\/www.serenna.fi\\\/wp-content\\\/uploads\\\/2025\\\/12\\\/serenna-logo2.png\",\"width\":2383,\"height\":317,\"caption\":\"Serenna\"},\"image\":{\"@id\":\"https:\\\/\\\/serennashop.com\\\/nl\\\/#\\\/schema\\\/logo\\\/image\\\/\"},\"sameAs\":[\"https:\\\/\\\/www.facebook.com\\\/serennadecor\",\"https:\\\/\\\/www.instagram.com\\\/serennadecor\"]}]}<\/script>\n<!-- \/ Yoast SEO plugin. -->","yoast_head_json":{"title":"Herenzonnebril BMW BS0017 6008U - Serenna","description":"Aurinkolasit \u2013 tyylikk\u00e4\u00e4t ja laadukkaat aurinkolasit miehille. Suojaa silm\u00e4si UV-s\u00e4teilylt\u00e4 ja viimeistele asusi tunnetuilla br\u00e4ndeill\u00e4.","robots":{"index":"index","follow":"follow","max-snippet":"max-snippet:-1","max-image-preview":"max-image-preview:large","max-video-preview":"max-video-preview:-1"},"canonical":"https:\/\/serennashop.com\/nl\/prod\/bmw-bs0017-6008u\/","og_locale":"nl_NL","og_type":"article","og_title":"Herenzonnebril BMW BS0017 6008U - Serenna","og_description":"Aurinkolasit \u2013 tyylikk\u00e4\u00e4t ja laadukkaat aurinkolasit miehille. Suojaa silm\u00e4si UV-s\u00e4teilylt\u00e4 ja viimeistele asusi tunnetuilla br\u00e4ndeill\u00e4.","og_url":"https:\/\/serennashop.com\/nl\/prod\/bmw-bs0017-6008u\/","og_site_name":"Serenna","article_publisher":"https:\/\/www.facebook.com\/serennadecor","article_modified_time":"2026-03-25T21:57:04+00:00","og_image":[{"width":1200,"height":1200,"url":"https:\/\/serennashop.com\/wp-content\/uploads\/2025\/12\/0889214361998_S72121667_P00.jpg","type":"image\/jpeg"}],"twitter_card":"summary_large_image","twitter_misc":{"Geschatte leestijd":"1 minuut"},"schema":{"@context":"https:\/\/schema.org","@graph":[{"@type":"WebPage","@id":"https:\/\/serennashop.com\/nl\/prod\/bmw-bs0017-6008u\/","url":"https:\/\/serennashop.com\/nl\/prod\/bmw-bs0017-6008u\/","name":"Herenzonnebril BMW BS0017 6008U - Serenna","isPartOf":{"@id":"https:\/\/serennashop.com\/nl\/#website"},"primaryImageOfPage":{"@id":"https:\/\/serennashop.com\/nl\/prod\/bmw-bs0017-6008u\/#primaryimage"},"image":{"@id":"https:\/\/serennashop.com\/nl\/prod\/bmw-bs0017-6008u\/#primaryimage"},"thumbnailUrl":"https:\/\/serennashop.com\/wp-content\/uploads\/2025\/12\/0889214361998_S72121667_P00.jpg","datePublished":"2025-12-18T06:48:10+00:00","dateModified":"2026-03-25T21:57:04+00:00","description":"Aurinkolasit \u2013 tyylikk\u00e4\u00e4t ja laadukkaat aurinkolasit miehille. Suojaa silm\u00e4si UV-s\u00e4teilylt\u00e4 ja viimeistele asusi tunnetuilla br\u00e4ndeill\u00e4.","breadcrumb":{"@id":"https:\/\/serennashop.com\/nl\/prod\/bmw-bs0017-6008u\/#breadcrumb"},"inLanguage":"nl-NL","potentialAction":[{"@type":"ReadAction","target":["https:\/\/serennashop.com\/nl\/prod\/bmw-bs0017-6008u\/"]}]},{"@type":"ImageObject","inLanguage":"nl-NL","@id":"https:\/\/serennashop.com\/nl\/prod\/bmw-bs0017-6008u\/#primaryimage","url":"https:\/\/serennashop.com\/wp-content\/uploads\/2025\/12\/0889214361998_S72121667_P00.jpg","contentUrl":"https:\/\/serennashop.com\/wp-content\/uploads\/2025\/12\/0889214361998_S72121667_P00.jpg","width":1200,"height":1200,"caption":"S72121667_0"},{"@type":"BreadcrumbList","@id":"https:\/\/serennashop.com\/nl\/prod\/bmw-bs0017-6008u\/#breadcrumb","itemListElement":[{"@type":"ListItem","position":1,"name":"Etusivu","item":"https:\/\/serennashop.com\/nl\/"},{"@type":"ListItem","position":2,"name":"Winkel","item":"https:\/\/serennashop.com\/nl\/shop\/"},{"@type":"ListItem","position":3,"name":"Herenzonnebril BMW BS0017 6008U"}]},{"@type":"WebSite","@id":"https:\/\/serennashop.com\/nl\/#website","url":"https:\/\/serennashop.com\/nl\/","name":"Serenna","description":"","publisher":{"@id":"https:\/\/serennashop.com\/nl\/#organization"},"potentialAction":[{"@type":"SearchAction","target":{"@type":"EntryPoint","urlTemplate":"https:\/\/serennashop.com\/nl\/?s={search_term_string}"},"query-input":{"@type":"PropertyValueSpecification","valueRequired":true,"valueName":"search_term_string"}}],"inLanguage":"nl-NL"},{"@type":"Organization","@id":"https:\/\/serennashop.com\/nl\/#organization","name":"Serenna","url":"https:\/\/serennashop.com\/nl\/","logo":{"@type":"ImageObject","inLanguage":"nl-NL","@id":"https:\/\/serennashop.com\/nl\/#\/schema\/logo\/image\/","url":"https:\/\/www.serenna.fi\/wp-content\/uploads\/2025\/12\/serenna-logo2.png","contentUrl":"https:\/\/www.serenna.fi\/wp-content\/uploads\/2025\/12\/serenna-logo2.png","width":2383,"height":317,"caption":"Serenna"},"image":{"@id":"https:\/\/serennashop.com\/nl\/#\/schema\/logo\/image\/"},"sameAs":["https:\/\/www.facebook.com\/serennadecor","https:\/\/www.instagram.com\/serennadecor"]}]}},"_links":{"self":[{"href":"https:\/\/serennashop.com\/nl\/wp-json\/wp\/v2\/product\/45143","targetHints":{"allow":["GET"]}}],"collection":[{"href":"https:\/\/serennashop.com\/nl\/wp-json\/wp\/v2\/product"}],"about":[{"href":"https:\/\/serennashop.com\/nl\/wp-json\/wp\/v2\/types\/product"}],"replies":[{"embeddable":true,"href":"https:\/\/serennashop.com\/nl\/wp-json\/wp\/v2\/comments?post=45143"}],"wp:featuredmedia":[{"embeddable":true,"href":"https:\/\/serennashop.com\/nl\/wp-json\/wp\/v2\/media\/43172"}],"wp:attachment":[{"href":"https:\/\/serennashop.com\/nl\/wp-json\/wp\/v2\/media?parent=45143"}],"wp:term":[{"taxonomy":"product_brand","embeddable":true,"href":"https:\/\/serennashop.com\/nl\/wp-json\/wp\/v2\/product_brand?post=45143"},{"taxonomy":"product_cat","embeddable":true,"href":"https:\/\/serennashop.com\/nl\/wp-json\/wp\/v2\/product_cat?post=45143"},{"taxonomy":"product_tag","embeddable":true,"href":"https:\/\/serennashop.com\/nl\/wp-json\/wp\/v2\/product_tag?post=45143"}],"curies":[{"name":"wp","href":"https:\/\/api.w.org\/{rel}","templated":true}]}}