{"id":54722,"date":"2026-01-10T22:58:22","date_gmt":"2026-01-10T20:58:22","guid":{"rendered":"https:\/\/serennashop.com\/prod\/trimpen-innovagoods\/"},"modified":"2026-03-26T00:06:11","modified_gmt":"2026-03-25T22:06:11","slug":"trimpen-innovagoods","status":"publish","type":"product","link":"https:\/\/serennashop.com\/it\/prod\/trimpen-innovagoods\/","title":{"rendered":"Trimmer per peli del naso e delle orecchie Trimpen InnovaGoods"},"content":{"rendered":"<div class=\"col-md-6\">\n<p><b>InnovaGoods<\/b> rende facile dare priorit\u00e0 alla cura personale senza scuse, poich\u00e9 offre i migliori e pi\u00f9 recenti prodotti di bellezza, relax e benessere! <b>Il tagliacapelli per naso e orecchie Trimpen InnovaGoods Wellness Beauty<\/b> ne \u00e8 un ottimo esempio! Scopri la vasta gamma di prodotti di alta qualit\u00e0 che si distinguono per la loro praticit\u00e0, efficacia e design innovativo.<\/p>\n<p>Il tagliapeli per naso e orecchie, dal design moderno, ergonomico e compatto, \u00e8 eccellente per tagliare e rimuovere i peli del naso e delle orecchie. \u00c8 senza fili e funziona con 1 batteria AAA (non inclusa), quindi non sono necessari cavi o prese di corrente. Grazie alle sue dimensioni ridotte e discrete, \u00e8 facile da trasportare e riporre ovunque, occupando poco spazio. Con questo mini rifinitore \u00e8 possibile raggiungere anche i punti pi\u00f9 difficili. Una delle sue caratteristiche principali \u00e8 l&#x27;indolore, poich\u00e9 non strappa n\u00e9 tira i peli dalla radice, ma li taglia senza dolore e senza danneggiare le zone sensibili. \u00c8 dotato di un unico pulsante on\/off ed \u00e8 molto facile da usare. Funziona utilizzando un sistema di taglio rotante. Basta semplicemente eseguire delicati movimenti rotatori all&#x27;interno del naso e dell&#x27;orecchio e ripetere l&#x27;operazione fino a quando i peli non sono stati rimossi. La testina di taglio \u00e8 rimovibile, quindi facile da pulire, ed \u00e8 dotata di una protezione per la lama. \u00c8 inclusa anche una piccola spazzola per la pulizia.<\/p>\n<ul>\n<li>Materiale:\n<ul>\n<li>ABS<\/li>\n<li>Alluminio<\/li>\n<\/ul>\n<\/li>\n<li>Colore\n<ul>\n<li>Nero<\/li>\n<li>Grigio<\/li>\n<\/ul>\n<\/li>\n<li>Design moderno: Ergonomico<\/li>\n<li>Tipo: Elettronico<\/li>\n<li>Wireless: senza cavi<\/li>\n<li>Funziona a batterie (non incluse): 1 x AAA 1,5 V<\/li>\n<li>Taglierina di precisione \/ taglierina di precisione: Taglierina per peli del naso e delle orecchie<\/li>\n<li>Indolore: comodo, semplice e facile da usare<\/li>\n<li>Testina rimovibile: facile da pulire<\/li>\n<li>Coperchio di protezione: facile da aprire<\/li>\n<li>Pulsante di accensione: facile da usare<\/li>\n<li>Include: piccola spazzola per la pulizia<\/li>\n<li>Dimensioni compatte: occupa poco spazio<\/li>\n<li>Leggero e maneggevole: facile da trasportare e riporre<\/li>\n<li>Velocit\u00e0: 15000 giri\/min<\/li>\n<li>Basso consumo: 0,5 W<\/li>\n<li>Dimensioni approssimative: \u00d81,4 x 11,3 cm<\/li>\n<li>Confezione e istruzioni in 24 lingue: inglese, francese, spagnolo, tedesco, italiano, portoghese, olandese, polacco, ungherese, rumeno, danese, svedese, finlandese, lituano, norvegese, sloveno, greco, ceco, bulgaro, croato, slovacco, estone, russo e lettone<\/li>\n<\/ul>\n<p>Confezione e istruzioni in 24 lingue: inglese, francese, spagnolo, tedesco, italiano, portoghese, olandese, polacco, ungherese, rumeno, danese, svedese, finlandese, lituano, norvegese, sloveno, greco, ceco, bulgaro, croato, slovacco, estone, russo e lettone.<\/p>\n<\/div>\n<div class=\"col-md-6\">\n<div class=\"embed-responsive embed-responsive-16by9\"><\/div>\n<\/div>\n","protected":false},"excerpt":{"rendered":"<p>InnovaGoods rende facile dare priorit\u00e0 alla cura personale senza scuse, poich\u00e9 offre i migliori e pi\u00f9 recenti prodotti di bellezza, relax e benessere! Il tagliacapelli per naso e orecchie Trimpen InnovaGoods Wellness Beauty ne \u00e8 un ottimo esempio! Scopri la vasta gamma di prodotti di alta qualit\u00e0 che si distinguono per la loro praticit\u00e0, efficacia [&#8230;]\n","protected":false},"featured_media":13686,"comment_status":"open","ping_status":"closed","template":"","meta":[],"product_brand":[],"product_cat":[893,1345],"product_tag":[896],"class_list":{"0":"post-54722","1":"product","2":"type-product","3":"status-publish","4":"has-post-thumbnail","6":"product_cat-bellezza-e-salute","7":"product_cat-capelli-e-barba","8":"product_tag-tag_217","10":"first","11":"instock","12":"taxable","13":"shipping-taxable","14":"purchasable","15":"product-type-simple"},"yoast_head":"<!-- This site is optimized with the Yoast SEO plugin v27.4 - https:\/\/yoast.com\/product\/yoast-seo-wordpress\/ -->\n<title>Trimmer per peli del naso e delle orecchie Trimpen InnovaGoods - Serenna<\/title>\n<meta name=\"robots\" content=\"index, follow, max-snippet:-1, max-image-preview:large, max-video-preview:-1\" \/>\n<link rel=\"canonical\" href=\"https:\/\/serennashop.com\/it\/prod\/trimpen-innovagoods\/\" \/>\n<meta property=\"og:locale\" content=\"it_IT\" \/>\n<meta property=\"og:type\" content=\"article\" \/>\n<meta property=\"og:title\" content=\"Trimmer per peli del naso e delle orecchie Trimpen InnovaGoods - Serenna\" \/>\n<meta property=\"og:description\" content=\"InnovaGoods rende facile dare priorit\u00e0 alla cura personale senza scuse, poich\u00e9 offre i migliori e pi\u00f9 recenti prodotti di bellezza, relax e benessere! Il tagliacapelli per naso e orecchie Trimpen InnovaGoods Wellness Beauty ne \u00e8 un ottimo esempio! Scopri la vasta gamma di prodotti di alta qualit\u00e0 che si distinguono per la loro praticit\u00e0, efficacia [...]\" \/>\n<meta property=\"og:url\" content=\"https:\/\/serennashop.com\/it\/prod\/trimpen-innovagoods\/\" \/>\n<meta property=\"og:site_name\" content=\"Serenna\" \/>\n<meta property=\"article:publisher\" content=\"https:\/\/www.facebook.com\/serennadecor\" \/>\n<meta property=\"article:modified_time\" content=\"2026-03-25T22:06:11+00:00\" \/>\n<meta property=\"og:image\" content=\"https:\/\/serennashop.com\/wp-content\/uploads\/2026\/01\/V0103330_000_MKT-v_13.jpg\" \/>\n\t<meta property=\"og:image:width\" content=\"1200\" \/>\n\t<meta property=\"og:image:height\" content=\"1200\" \/>\n\t<meta property=\"og:image:type\" content=\"image\/jpeg\" \/>\n<meta name=\"twitter:card\" content=\"summary_large_image\" \/>\n<meta name=\"twitter:label1\" content=\"Tempo di lettura stimato\" \/>\n\t<meta name=\"twitter:data1\" content=\"3 minuti\" \/>\n<script type=\"application\/ld+json\" class=\"yoast-schema-graph\">{\"@context\":\"https:\\\/\\\/schema.org\",\"@graph\":[{\"@type\":\"WebPage\",\"@id\":\"https:\\\/\\\/serennashop.com\\\/it\\\/prod\\\/trimpen-innovagoods\\\/\",\"url\":\"https:\\\/\\\/serennashop.com\\\/it\\\/prod\\\/trimpen-innovagoods\\\/\",\"name\":\"Trimmer per peli del naso e delle orecchie Trimpen InnovaGoods - Serenna\",\"isPartOf\":{\"@id\":\"https:\\\/\\\/serennashop.com\\\/it\\\/#website\"},\"primaryImageOfPage\":{\"@id\":\"https:\\\/\\\/serennashop.com\\\/it\\\/prod\\\/trimpen-innovagoods\\\/#primaryimage\"},\"image\":{\"@id\":\"https:\\\/\\\/serennashop.com\\\/it\\\/prod\\\/trimpen-innovagoods\\\/#primaryimage\"},\"thumbnailUrl\":\"https:\\\/\\\/serennashop.com\\\/wp-content\\\/uploads\\\/2026\\\/01\\\/V0103330_000_MKT-v_13.jpg\",\"datePublished\":\"2026-01-10T20:58:22+00:00\",\"dateModified\":\"2026-03-25T22:06:11+00:00\",\"breadcrumb\":{\"@id\":\"https:\\\/\\\/serennashop.com\\\/it\\\/prod\\\/trimpen-innovagoods\\\/#breadcrumb\"},\"inLanguage\":\"it-IT\",\"potentialAction\":[{\"@type\":\"ReadAction\",\"target\":[\"https:\\\/\\\/serennashop.com\\\/it\\\/prod\\\/trimpen-innovagoods\\\/\"]}]},{\"@type\":\"ImageObject\",\"inLanguage\":\"it-IT\",\"@id\":\"https:\\\/\\\/serennashop.com\\\/it\\\/prod\\\/trimpen-innovagoods\\\/#primaryimage\",\"url\":\"https:\\\/\\\/serennashop.com\\\/wp-content\\\/uploads\\\/2026\\\/01\\\/V0103330_000_MKT-v_13.jpg\",\"contentUrl\":\"https:\\\/\\\/serennashop.com\\\/wp-content\\\/uploads\\\/2026\\\/01\\\/V0103330_000_MKT-v_13.jpg\",\"width\":1200,\"height\":1200,\"caption\":\"V0103330_0\"},{\"@type\":\"BreadcrumbList\",\"@id\":\"https:\\\/\\\/serennashop.com\\\/it\\\/prod\\\/trimpen-innovagoods\\\/#breadcrumb\",\"itemListElement\":[{\"@type\":\"ListItem\",\"position\":1,\"name\":\"Etusivu\",\"item\":\"https:\\\/\\\/serennashop.com\\\/it\\\/\"},{\"@type\":\"ListItem\",\"position\":2,\"name\":\"Kauppa\",\"item\":\"https:\\\/\\\/serennashop.com\\\/it\\\/shop\\\/\"},{\"@type\":\"ListItem\",\"position\":3,\"name\":\"Trimmer per peli del naso e delle orecchie Trimpen InnovaGoods\"}]},{\"@type\":\"WebSite\",\"@id\":\"https:\\\/\\\/serennashop.com\\\/it\\\/#website\",\"url\":\"https:\\\/\\\/serennashop.com\\\/it\\\/\",\"name\":\"Serenna\",\"description\":\"\",\"publisher\":{\"@id\":\"https:\\\/\\\/serennashop.com\\\/it\\\/#organization\"},\"potentialAction\":[{\"@type\":\"SearchAction\",\"target\":{\"@type\":\"EntryPoint\",\"urlTemplate\":\"https:\\\/\\\/serennashop.com\\\/it\\\/?s={search_term_string}\"},\"query-input\":{\"@type\":\"PropertyValueSpecification\",\"valueRequired\":true,\"valueName\":\"search_term_string\"}}],\"inLanguage\":\"it-IT\"},{\"@type\":\"Organization\",\"@id\":\"https:\\\/\\\/serennashop.com\\\/it\\\/#organization\",\"name\":\"Serenna\",\"url\":\"https:\\\/\\\/serennashop.com\\\/it\\\/\",\"logo\":{\"@type\":\"ImageObject\",\"inLanguage\":\"it-IT\",\"@id\":\"https:\\\/\\\/serennashop.com\\\/it\\\/#\\\/schema\\\/logo\\\/image\\\/\",\"url\":\"https:\\\/\\\/www.serenna.fi\\\/wp-content\\\/uploads\\\/2025\\\/12\\\/serenna-logo2.png\",\"contentUrl\":\"https:\\\/\\\/www.serenna.fi\\\/wp-content\\\/uploads\\\/2025\\\/12\\\/serenna-logo2.png\",\"width\":2383,\"height\":317,\"caption\":\"Serenna\"},\"image\":{\"@id\":\"https:\\\/\\\/serennashop.com\\\/it\\\/#\\\/schema\\\/logo\\\/image\\\/\"},\"sameAs\":[\"https:\\\/\\\/www.facebook.com\\\/serennadecor\",\"https:\\\/\\\/www.instagram.com\\\/serennadecor\"]}]}<\/script>\n<!-- \/ Yoast SEO plugin. -->","yoast_head_json":{"title":"Trimmer per peli del naso e delle orecchie Trimpen InnovaGoods - Serenna","robots":{"index":"index","follow":"follow","max-snippet":"max-snippet:-1","max-image-preview":"max-image-preview:large","max-video-preview":"max-video-preview:-1"},"canonical":"https:\/\/serennashop.com\/it\/prod\/trimpen-innovagoods\/","og_locale":"it_IT","og_type":"article","og_title":"Trimmer per peli del naso e delle orecchie Trimpen InnovaGoods - Serenna","og_description":"InnovaGoods rende facile dare priorit\u00e0 alla cura personale senza scuse, poich\u00e9 offre i migliori e pi\u00f9 recenti prodotti di bellezza, relax e benessere! Il tagliacapelli per naso e orecchie Trimpen InnovaGoods Wellness Beauty ne \u00e8 un ottimo esempio! Scopri la vasta gamma di prodotti di alta qualit\u00e0 che si distinguono per la loro praticit\u00e0, efficacia [...]","og_url":"https:\/\/serennashop.com\/it\/prod\/trimpen-innovagoods\/","og_site_name":"Serenna","article_publisher":"https:\/\/www.facebook.com\/serennadecor","article_modified_time":"2026-03-25T22:06:11+00:00","og_image":[{"width":1200,"height":1200,"url":"https:\/\/serennashop.com\/wp-content\/uploads\/2026\/01\/V0103330_000_MKT-v_13.jpg","type":"image\/jpeg"}],"twitter_card":"summary_large_image","twitter_misc":{"Tempo di lettura stimato":"3 minuti"},"schema":{"@context":"https:\/\/schema.org","@graph":[{"@type":"WebPage","@id":"https:\/\/serennashop.com\/it\/prod\/trimpen-innovagoods\/","url":"https:\/\/serennashop.com\/it\/prod\/trimpen-innovagoods\/","name":"Trimmer per peli del naso e delle orecchie Trimpen InnovaGoods - Serenna","isPartOf":{"@id":"https:\/\/serennashop.com\/it\/#website"},"primaryImageOfPage":{"@id":"https:\/\/serennashop.com\/it\/prod\/trimpen-innovagoods\/#primaryimage"},"image":{"@id":"https:\/\/serennashop.com\/it\/prod\/trimpen-innovagoods\/#primaryimage"},"thumbnailUrl":"https:\/\/serennashop.com\/wp-content\/uploads\/2026\/01\/V0103330_000_MKT-v_13.jpg","datePublished":"2026-01-10T20:58:22+00:00","dateModified":"2026-03-25T22:06:11+00:00","breadcrumb":{"@id":"https:\/\/serennashop.com\/it\/prod\/trimpen-innovagoods\/#breadcrumb"},"inLanguage":"it-IT","potentialAction":[{"@type":"ReadAction","target":["https:\/\/serennashop.com\/it\/prod\/trimpen-innovagoods\/"]}]},{"@type":"ImageObject","inLanguage":"it-IT","@id":"https:\/\/serennashop.com\/it\/prod\/trimpen-innovagoods\/#primaryimage","url":"https:\/\/serennashop.com\/wp-content\/uploads\/2026\/01\/V0103330_000_MKT-v_13.jpg","contentUrl":"https:\/\/serennashop.com\/wp-content\/uploads\/2026\/01\/V0103330_000_MKT-v_13.jpg","width":1200,"height":1200,"caption":"V0103330_0"},{"@type":"BreadcrumbList","@id":"https:\/\/serennashop.com\/it\/prod\/trimpen-innovagoods\/#breadcrumb","itemListElement":[{"@type":"ListItem","position":1,"name":"Etusivu","item":"https:\/\/serennashop.com\/it\/"},{"@type":"ListItem","position":2,"name":"Kauppa","item":"https:\/\/serennashop.com\/it\/shop\/"},{"@type":"ListItem","position":3,"name":"Trimmer per peli del naso e delle orecchie Trimpen InnovaGoods"}]},{"@type":"WebSite","@id":"https:\/\/serennashop.com\/it\/#website","url":"https:\/\/serennashop.com\/it\/","name":"Serenna","description":"","publisher":{"@id":"https:\/\/serennashop.com\/it\/#organization"},"potentialAction":[{"@type":"SearchAction","target":{"@type":"EntryPoint","urlTemplate":"https:\/\/serennashop.com\/it\/?s={search_term_string}"},"query-input":{"@type":"PropertyValueSpecification","valueRequired":true,"valueName":"search_term_string"}}],"inLanguage":"it-IT"},{"@type":"Organization","@id":"https:\/\/serennashop.com\/it\/#organization","name":"Serenna","url":"https:\/\/serennashop.com\/it\/","logo":{"@type":"ImageObject","inLanguage":"it-IT","@id":"https:\/\/serennashop.com\/it\/#\/schema\/logo\/image\/","url":"https:\/\/www.serenna.fi\/wp-content\/uploads\/2025\/12\/serenna-logo2.png","contentUrl":"https:\/\/www.serenna.fi\/wp-content\/uploads\/2025\/12\/serenna-logo2.png","width":2383,"height":317,"caption":"Serenna"},"image":{"@id":"https:\/\/serennashop.com\/it\/#\/schema\/logo\/image\/"},"sameAs":["https:\/\/www.facebook.com\/serennadecor","https:\/\/www.instagram.com\/serennadecor"]}]}},"_links":{"self":[{"href":"https:\/\/serennashop.com\/it\/wp-json\/wp\/v2\/product\/54722","targetHints":{"allow":["GET"]}}],"collection":[{"href":"https:\/\/serennashop.com\/it\/wp-json\/wp\/v2\/product"}],"about":[{"href":"https:\/\/serennashop.com\/it\/wp-json\/wp\/v2\/types\/product"}],"replies":[{"embeddable":true,"href":"https:\/\/serennashop.com\/it\/wp-json\/wp\/v2\/comments?post=54722"}],"wp:featuredmedia":[{"embeddable":true,"href":"https:\/\/serennashop.com\/it\/wp-json\/wp\/v2\/media\/13686"}],"wp:attachment":[{"href":"https:\/\/serennashop.com\/it\/wp-json\/wp\/v2\/media?parent=54722"}],"wp:term":[{"taxonomy":"product_brand","embeddable":true,"href":"https:\/\/serennashop.com\/it\/wp-json\/wp\/v2\/product_brand?post=54722"},{"taxonomy":"product_cat","embeddable":true,"href":"https:\/\/serennashop.com\/it\/wp-json\/wp\/v2\/product_cat?post=54722"},{"taxonomy":"product_tag","embeddable":true,"href":"https:\/\/serennashop.com\/it\/wp-json\/wp\/v2\/product_tag?post=54722"}],"curies":[{"name":"wp","href":"https:\/\/api.w.org\/{rel}","templated":true}]}}