{"id":54316,"date":"2026-01-09T10:23:23","date_gmt":"2026-01-09T08:23:23","guid":{"rendered":"https:\/\/serennashop.com\/prod\/guess-gu3047-5384x\/"},"modified":"2026-03-26T00:05:49","modified_gmt":"2026-03-25T22:05:49","slug":"guess-gu3047-5384x","status":"publish","type":"product","link":"https:\/\/serennashop.com\/it\/prod\/guess-gu3047-5384x\/","title":{"rendered":"Occhiali da sole da uomo Guess GU3047 5384X"},"content":{"rendered":"<p><b>Occhiali da sole da uomo Guess GU3047 5384X<\/b><\/p>\n<ul>\n<li>Tipo: Occhiali da sole da uomo<\/li>\n<li>Protezione: Protezione totale dai raggi UV (UV400)<\/li>\n<li>Sesso: Uomo<\/li>\n<li>Include: Include una custodia con marchio<\/li>\n<\/ul>\n<p><strong>Occhiali da sole Guess: moda audace, atteggiamento iconico<\/strong><\/p>\r\n<p>Gli occhiali da sole Guess combinano design alla moda, eleganza glamour e atteggiamento giovanile in un modo che rende il marchio uno dei nomi pi\u00f9 famosi nel mondo della moda. Guess \u00e8 sempre stato un pioniere dello stile audace e sicuro di s\u00e9, e questo si riflette anche nella sua collezione di occhiali da sole. Ogni modello \u00e8 progettato per enfatizzare la personalit\u00e0, aggiungere un tocco di raffinatezza al look e dare un pizzico di lusso alla vita quotidiana.\r\n<p>Gli occhiali da sole Guess sono la scelta perfetta per chi ama la moda trendy e lo stile curato. La collezione comprende sia montature appariscenti e glamour che modelli pi\u00f9 semplici, moderni ed eleganti. La selezione comprende, tra l'altro, modelli oversize, montature a occhio di gatto, occhiali da aviatore e modelli classici dalle linee dritte, tutti caratterizzati dal tocco inconfondibile della maison Guess.\r\n<p>Le lenti di alta qualit\u00e0 offrono comfort e protezione, mentre le montature leggere garantiscono una vestibilit\u00e0 confortevole per tutto il giorno. Dettagli eleganti come loghi, parti metalliche ed elementi di design raffinati rendono questi occhiali un accessorio perfetto per ogni occasione. <\/p>\r\n<p><strong>Perch\u00e9 scegliere gli occhiali da sole Guess?<\/strong><\/p>\r\n<ul>\r\n<li>\u2728 Design trendy e lussuoso<\/li>\r\n<li>\ud83c\udf1e Protezione UV di alta qualit\u00e0 in molti modelli<\/li>\r\n<li>\ud83d\udc53 Leggeri e comodi da indossare<\/li>\r\n<li>\ud83d\udc8e Iconici dettagli Guess<\/li>\r\n<li>\ud83d\udc60 La scelta perfetta per chi \u00e8 attento alla moda<\/li>\r\n<\/ul>\r\n<p>Gli occhiali da sole Guess sono perfetti per chi desidera distinguersi con stile e aggiungere un tocco di glamour al proprio look, in modo semplice e appariscente. <br>\r\nCrea un look audace e sicuro di te con gli iconici occhiali da sole Guess.\r\n<p>&nbsp;<\/p><\/p><\/p><\/p>\n","protected":false},"excerpt":{"rendered":"<p>Occhiali da sole da uomo Guess GU3047 5384X Tipo: Occhiali da sole da uomo Protezione: Protezione totale dai raggi UV (UV400) Sesso: Uomo Include: Include una custodia con marchio<\/p>\n","protected":false},"featured_media":13252,"comment_status":"open","ping_status":"closed","template":"","meta":[],"product_brand":[],"product_cat":[2503,1200],"product_tag":[1203,830,829,761],"class_list":{"0":"post-54316","1":"product","2":"type-product","3":"status-publish","4":"has-post-thumbnail","6":"product_cat-occhiali-da-sole","7":"product_cat-occhiali-da-sole-da-uomo","8":"product_tag-tag_194","9":"product_tag-tag_189","10":"product_tag-tag_195","11":"product_tag-tag_188","13":"first","14":"instock","15":"taxable","16":"shipping-taxable","17":"purchasable","18":"product-type-simple"},"yoast_head":"<!-- This site is optimized with the Yoast SEO plugin v27.4 - https:\/\/yoast.com\/product\/yoast-seo-wordpress\/ -->\n<title>Occhiali da sole da uomo Guess GU3047 5384X - Serenna<\/title>\n<meta name=\"description\" content=\"Aurinkolasit \u2013 tyylikk\u00e4\u00e4t ja laadukkaat aurinkolasit miehille. Suojaa silm\u00e4si UV-s\u00e4teilylt\u00e4 ja viimeistele asusi tunnetuilla br\u00e4ndeill\u00e4.\" \/>\n<meta name=\"robots\" content=\"index, follow, max-snippet:-1, max-image-preview:large, max-video-preview:-1\" \/>\n<link rel=\"canonical\" href=\"https:\/\/serennashop.com\/it\/prod\/guess-gu3047-5384x\/\" \/>\n<meta property=\"og:locale\" content=\"it_IT\" \/>\n<meta property=\"og:type\" content=\"article\" \/>\n<meta property=\"og:title\" content=\"Occhiali da sole da uomo Guess GU3047 5384X - Serenna\" \/>\n<meta property=\"og:description\" content=\"Aurinkolasit \u2013 tyylikk\u00e4\u00e4t ja laadukkaat aurinkolasit miehille. Suojaa silm\u00e4si UV-s\u00e4teilylt\u00e4 ja viimeistele asusi tunnetuilla br\u00e4ndeill\u00e4.\" \/>\n<meta property=\"og:url\" content=\"https:\/\/serennashop.com\/it\/prod\/guess-gu3047-5384x\/\" \/>\n<meta property=\"og:site_name\" content=\"Serenna\" \/>\n<meta property=\"article:publisher\" content=\"https:\/\/www.facebook.com\/serennadecor\" \/>\n<meta property=\"article:modified_time\" content=\"2026-03-25T22:05:49+00:00\" \/>\n<meta property=\"og:image\" content=\"https:\/\/serennashop.com\/wp-content\/uploads\/2026\/01\/0889214045867_S7234353_P01.jpg\" \/>\n\t<meta property=\"og:image:width\" content=\"1200\" \/>\n\t<meta property=\"og:image:height\" content=\"1200\" \/>\n\t<meta property=\"og:image:type\" content=\"image\/jpeg\" \/>\n<meta name=\"twitter:card\" content=\"summary_large_image\" \/>\n<meta name=\"twitter:label1\" content=\"Tempo di lettura stimato\" \/>\n\t<meta name=\"twitter:data1\" content=\"1 minuto\" \/>\n<script type=\"application\/ld+json\" class=\"yoast-schema-graph\">{\"@context\":\"https:\\\/\\\/schema.org\",\"@graph\":[{\"@type\":\"WebPage\",\"@id\":\"https:\\\/\\\/serennashop.com\\\/it\\\/prod\\\/guess-gu3047-5384x\\\/\",\"url\":\"https:\\\/\\\/serennashop.com\\\/it\\\/prod\\\/guess-gu3047-5384x\\\/\",\"name\":\"Occhiali da sole da uomo Guess GU3047 5384X - Serenna\",\"isPartOf\":{\"@id\":\"https:\\\/\\\/serennashop.com\\\/it\\\/#website\"},\"primaryImageOfPage\":{\"@id\":\"https:\\\/\\\/serennashop.com\\\/it\\\/prod\\\/guess-gu3047-5384x\\\/#primaryimage\"},\"image\":{\"@id\":\"https:\\\/\\\/serennashop.com\\\/it\\\/prod\\\/guess-gu3047-5384x\\\/#primaryimage\"},\"thumbnailUrl\":\"https:\\\/\\\/serennashop.com\\\/wp-content\\\/uploads\\\/2026\\\/01\\\/0889214045867_S7234353_P01.jpg\",\"datePublished\":\"2026-01-09T08:23:23+00:00\",\"dateModified\":\"2026-03-25T22:05:49+00:00\",\"description\":\"Aurinkolasit \u2013 tyylikk\u00e4\u00e4t ja laadukkaat aurinkolasit miehille. Suojaa silm\u00e4si UV-s\u00e4teilylt\u00e4 ja viimeistele asusi tunnetuilla br\u00e4ndeill\u00e4.\",\"breadcrumb\":{\"@id\":\"https:\\\/\\\/serennashop.com\\\/it\\\/prod\\\/guess-gu3047-5384x\\\/#breadcrumb\"},\"inLanguage\":\"it-IT\",\"potentialAction\":[{\"@type\":\"ReadAction\",\"target\":[\"https:\\\/\\\/serennashop.com\\\/it\\\/prod\\\/guess-gu3047-5384x\\\/\"]}]},{\"@type\":\"ImageObject\",\"inLanguage\":\"it-IT\",\"@id\":\"https:\\\/\\\/serennashop.com\\\/it\\\/prod\\\/guess-gu3047-5384x\\\/#primaryimage\",\"url\":\"https:\\\/\\\/serennashop.com\\\/wp-content\\\/uploads\\\/2026\\\/01\\\/0889214045867_S7234353_P01.jpg\",\"contentUrl\":\"https:\\\/\\\/serennashop.com\\\/wp-content\\\/uploads\\\/2026\\\/01\\\/0889214045867_S7234353_P01.jpg\",\"width\":1200,\"height\":1200,\"caption\":\"S7234353_0\"},{\"@type\":\"BreadcrumbList\",\"@id\":\"https:\\\/\\\/serennashop.com\\\/it\\\/prod\\\/guess-gu3047-5384x\\\/#breadcrumb\",\"itemListElement\":[{\"@type\":\"ListItem\",\"position\":1,\"name\":\"Etusivu\",\"item\":\"https:\\\/\\\/serennashop.com\\\/it\\\/\"},{\"@type\":\"ListItem\",\"position\":2,\"name\":\"Kauppa\",\"item\":\"https:\\\/\\\/serennashop.com\\\/it\\\/shop\\\/\"},{\"@type\":\"ListItem\",\"position\":3,\"name\":\"Occhiali da sole da uomo Guess GU3047 5384X\"}]},{\"@type\":\"WebSite\",\"@id\":\"https:\\\/\\\/serennashop.com\\\/it\\\/#website\",\"url\":\"https:\\\/\\\/serennashop.com\\\/it\\\/\",\"name\":\"Serenna\",\"description\":\"\",\"publisher\":{\"@id\":\"https:\\\/\\\/serennashop.com\\\/it\\\/#organization\"},\"potentialAction\":[{\"@type\":\"SearchAction\",\"target\":{\"@type\":\"EntryPoint\",\"urlTemplate\":\"https:\\\/\\\/serennashop.com\\\/it\\\/?s={search_term_string}\"},\"query-input\":{\"@type\":\"PropertyValueSpecification\",\"valueRequired\":true,\"valueName\":\"search_term_string\"}}],\"inLanguage\":\"it-IT\"},{\"@type\":\"Organization\",\"@id\":\"https:\\\/\\\/serennashop.com\\\/it\\\/#organization\",\"name\":\"Serenna\",\"url\":\"https:\\\/\\\/serennashop.com\\\/it\\\/\",\"logo\":{\"@type\":\"ImageObject\",\"inLanguage\":\"it-IT\",\"@id\":\"https:\\\/\\\/serennashop.com\\\/it\\\/#\\\/schema\\\/logo\\\/image\\\/\",\"url\":\"https:\\\/\\\/www.serenna.fi\\\/wp-content\\\/uploads\\\/2025\\\/12\\\/serenna-logo2.png\",\"contentUrl\":\"https:\\\/\\\/www.serenna.fi\\\/wp-content\\\/uploads\\\/2025\\\/12\\\/serenna-logo2.png\",\"width\":2383,\"height\":317,\"caption\":\"Serenna\"},\"image\":{\"@id\":\"https:\\\/\\\/serennashop.com\\\/it\\\/#\\\/schema\\\/logo\\\/image\\\/\"},\"sameAs\":[\"https:\\\/\\\/www.facebook.com\\\/serennadecor\",\"https:\\\/\\\/www.instagram.com\\\/serennadecor\"]}]}<\/script>\n<!-- \/ Yoast SEO plugin. -->","yoast_head_json":{"title":"Occhiali da sole da uomo Guess GU3047 5384X - Serenna","description":"Aurinkolasit \u2013 tyylikk\u00e4\u00e4t ja laadukkaat aurinkolasit miehille. Suojaa silm\u00e4si UV-s\u00e4teilylt\u00e4 ja viimeistele asusi tunnetuilla br\u00e4ndeill\u00e4.","robots":{"index":"index","follow":"follow","max-snippet":"max-snippet:-1","max-image-preview":"max-image-preview:large","max-video-preview":"max-video-preview:-1"},"canonical":"https:\/\/serennashop.com\/it\/prod\/guess-gu3047-5384x\/","og_locale":"it_IT","og_type":"article","og_title":"Occhiali da sole da uomo Guess GU3047 5384X - Serenna","og_description":"Aurinkolasit \u2013 tyylikk\u00e4\u00e4t ja laadukkaat aurinkolasit miehille. Suojaa silm\u00e4si UV-s\u00e4teilylt\u00e4 ja viimeistele asusi tunnetuilla br\u00e4ndeill\u00e4.","og_url":"https:\/\/serennashop.com\/it\/prod\/guess-gu3047-5384x\/","og_site_name":"Serenna","article_publisher":"https:\/\/www.facebook.com\/serennadecor","article_modified_time":"2026-03-25T22:05:49+00:00","og_image":[{"width":1200,"height":1200,"url":"https:\/\/serennashop.com\/wp-content\/uploads\/2026\/01\/0889214045867_S7234353_P01.jpg","type":"image\/jpeg"}],"twitter_card":"summary_large_image","twitter_misc":{"Tempo di lettura stimato":"1 minuto"},"schema":{"@context":"https:\/\/schema.org","@graph":[{"@type":"WebPage","@id":"https:\/\/serennashop.com\/it\/prod\/guess-gu3047-5384x\/","url":"https:\/\/serennashop.com\/it\/prod\/guess-gu3047-5384x\/","name":"Occhiali da sole da uomo Guess GU3047 5384X - Serenna","isPartOf":{"@id":"https:\/\/serennashop.com\/it\/#website"},"primaryImageOfPage":{"@id":"https:\/\/serennashop.com\/it\/prod\/guess-gu3047-5384x\/#primaryimage"},"image":{"@id":"https:\/\/serennashop.com\/it\/prod\/guess-gu3047-5384x\/#primaryimage"},"thumbnailUrl":"https:\/\/serennashop.com\/wp-content\/uploads\/2026\/01\/0889214045867_S7234353_P01.jpg","datePublished":"2026-01-09T08:23:23+00:00","dateModified":"2026-03-25T22:05:49+00:00","description":"Aurinkolasit \u2013 tyylikk\u00e4\u00e4t ja laadukkaat aurinkolasit miehille. Suojaa silm\u00e4si UV-s\u00e4teilylt\u00e4 ja viimeistele asusi tunnetuilla br\u00e4ndeill\u00e4.","breadcrumb":{"@id":"https:\/\/serennashop.com\/it\/prod\/guess-gu3047-5384x\/#breadcrumb"},"inLanguage":"it-IT","potentialAction":[{"@type":"ReadAction","target":["https:\/\/serennashop.com\/it\/prod\/guess-gu3047-5384x\/"]}]},{"@type":"ImageObject","inLanguage":"it-IT","@id":"https:\/\/serennashop.com\/it\/prod\/guess-gu3047-5384x\/#primaryimage","url":"https:\/\/serennashop.com\/wp-content\/uploads\/2026\/01\/0889214045867_S7234353_P01.jpg","contentUrl":"https:\/\/serennashop.com\/wp-content\/uploads\/2026\/01\/0889214045867_S7234353_P01.jpg","width":1200,"height":1200,"caption":"S7234353_0"},{"@type":"BreadcrumbList","@id":"https:\/\/serennashop.com\/it\/prod\/guess-gu3047-5384x\/#breadcrumb","itemListElement":[{"@type":"ListItem","position":1,"name":"Etusivu","item":"https:\/\/serennashop.com\/it\/"},{"@type":"ListItem","position":2,"name":"Kauppa","item":"https:\/\/serennashop.com\/it\/shop\/"},{"@type":"ListItem","position":3,"name":"Occhiali da sole da uomo Guess GU3047 5384X"}]},{"@type":"WebSite","@id":"https:\/\/serennashop.com\/it\/#website","url":"https:\/\/serennashop.com\/it\/","name":"Serenna","description":"","publisher":{"@id":"https:\/\/serennashop.com\/it\/#organization"},"potentialAction":[{"@type":"SearchAction","target":{"@type":"EntryPoint","urlTemplate":"https:\/\/serennashop.com\/it\/?s={search_term_string}"},"query-input":{"@type":"PropertyValueSpecification","valueRequired":true,"valueName":"search_term_string"}}],"inLanguage":"it-IT"},{"@type":"Organization","@id":"https:\/\/serennashop.com\/it\/#organization","name":"Serenna","url":"https:\/\/serennashop.com\/it\/","logo":{"@type":"ImageObject","inLanguage":"it-IT","@id":"https:\/\/serennashop.com\/it\/#\/schema\/logo\/image\/","url":"https:\/\/www.serenna.fi\/wp-content\/uploads\/2025\/12\/serenna-logo2.png","contentUrl":"https:\/\/www.serenna.fi\/wp-content\/uploads\/2025\/12\/serenna-logo2.png","width":2383,"height":317,"caption":"Serenna"},"image":{"@id":"https:\/\/serennashop.com\/it\/#\/schema\/logo\/image\/"},"sameAs":["https:\/\/www.facebook.com\/serennadecor","https:\/\/www.instagram.com\/serennadecor"]}]}},"_links":{"self":[{"href":"https:\/\/serennashop.com\/it\/wp-json\/wp\/v2\/product\/54316","targetHints":{"allow":["GET"]}}],"collection":[{"href":"https:\/\/serennashop.com\/it\/wp-json\/wp\/v2\/product"}],"about":[{"href":"https:\/\/serennashop.com\/it\/wp-json\/wp\/v2\/types\/product"}],"replies":[{"embeddable":true,"href":"https:\/\/serennashop.com\/it\/wp-json\/wp\/v2\/comments?post=54316"}],"wp:featuredmedia":[{"embeddable":true,"href":"https:\/\/serennashop.com\/it\/wp-json\/wp\/v2\/media\/13252"}],"wp:attachment":[{"href":"https:\/\/serennashop.com\/it\/wp-json\/wp\/v2\/media?parent=54316"}],"wp:term":[{"taxonomy":"product_brand","embeddable":true,"href":"https:\/\/serennashop.com\/it\/wp-json\/wp\/v2\/product_brand?post=54316"},{"taxonomy":"product_cat","embeddable":true,"href":"https:\/\/serennashop.com\/it\/wp-json\/wp\/v2\/product_cat?post=54316"},{"taxonomy":"product_tag","embeddable":true,"href":"https:\/\/serennashop.com\/it\/wp-json\/wp\/v2\/product_tag?post=54316"}],"curies":[{"name":"wp","href":"https:\/\/api.w.org\/{rel}","templated":true}]}}