{"id":53105,"date":"2026-01-07T21:53:09","date_gmt":"2026-01-07T19:53:09","guid":{"rendered":"https:\/\/serennashop.com\/prod\/calvin-klein-accent-o-41-mm\/"},"modified":"2026-03-26T00:05:22","modified_gmt":"2026-03-25T22:05:22","slug":"calvin-klein-accent-o-41-mm","status":"publish","type":"product","link":"https:\/\/serennashop.com\/it\/prod\/calvin-klein-accent-o-41-mm\/","title":{"rendered":"Orologi da polso da uomo Calvin Klein ACCENT (\u00d8 41 mm)"},"content":{"rendered":"<p><strong>Orologi da polso da uomo Calvin Klein ACCENT (\u00d8 41 mm)<\/strong><\/p>\n<ul>\n<li>Sesso: Uomo<\/li>\n<li>Colore del cinturino: Pelle<\/li>\n<li>Impermeabilit\u00e0: 3 atm<\/li>\n<li>Cristallo: minerale<\/li>\n<li>Include: Include sacchetto con marchio<\/li>\n<li>Tipo di movimento: Quarzo<\/li>\n<li>Diametro cassa: \u00d8 41 mm<\/li>\n<\/ul>\n<p><strong>Orologi da polso Calvin Klein: design minimalista e modernit\u00e0 senza tempo&nbsp;<\/strong><\/p>\r\n<p>Gli orologi da polso Calvin Klein rappresentano il design pulito e moderno e l'estetica elegante e senza tempo per cui <strong>Calvin Klein<\/strong> \u00e8 famoso in tutto il mondo. Gli orologi del marchio sono pensati per chi apprezza il design essenziale, le linee pulite e l'aspetto curato senza inutili fronzoli. Un orologio Calvin Klein non \u00e8 solo un indicatore del tempo, ma parte integrante di un look studiato e attento allo stile.\r\n<p>Il linguaggio stilistico degli orologi da polso Calvin Klein \u00e8 minimalista ed elegante. I quadranti sono chiari e di facile lettura, mentre la palette di colori privilegia tonalit\u00e0 intramontabili come il nero, il bianco, l'argento, l'oro e i colori metallici sobri. La collezione comprende sia modelli delicati e femminili che opzioni moderne e maschili, spesso con un profilo sottile e una struttura leggera che si adatta comodamente al polso.\r\n<p>Dal punto di vista tecnico, gli orologi Calvin Klein sono progettati per un uso quotidiano senza pensieri. La maggior parte dei modelli \u00e8 dotata di un affidabile movimento al quarzo che garantisce un cronometraggio preciso e un utilizzo senza problemi. Gli orologi sono perfetti sia per il lavoro che per il tempo libero e le occasioni pi\u00f9 formali: il design minimalista li rende facilmente abbinabili a diversi stili.\r\n<p><strong>Perch\u00e9 scegliere un orologio da polso Calvin Klein?<\/strong><\/p>\r\n<ul>\r\n<li>\u231a Design intramontabile e minimalista<\/li>\r\n<li>\u2728 Linee moderne, eleganti e pulite<\/li>\r\n<li>\ud83d\udc53 Leggero e comodo da indossare<\/li>\r\n<li>\ud83d\udd27 Movimento al quarzo affidabile<\/li>\r\n<li>\ud83c\udf0d Marchio di moda apprezzato a livello internazionale<\/li>\r\n<\/ul>\r\n<p>Gli orologi da polso Calvin Klein sono la scelta perfetta per chi apprezza il lusso sobrio, l'estetica pulita e le scelte senza tempo. Completano con eleganza il tuo outfit, senza attirare troppo l'attenzione, ma sempre nel modo giusto.<\/p><\/p><\/p><\/p>\n","protected":false},"excerpt":{"rendered":"<p>Orologi da polso da uomo Calvin Klein ACCENT (\u00d8 41 mm) Sesso: Uomo Colore del cinturino: Pelle Impermeabilit\u00e0: 3 atm Cristallo: minerale Include: Include sacchetto con marchio Tipo di movimento: Quarzo Diametro cassa: \u00d8 41 mm<\/p>\n","protected":false},"featured_media":11743,"comment_status":"open","ping_status":"closed","template":"","meta":[],"product_brand":[],"product_cat":[1236,1237],"product_tag":[830,761],"class_list":{"0":"post-53105","1":"product","2":"type-product","3":"status-publish","4":"has-post-thumbnail","6":"product_cat-orologi-da-polso","7":"product_cat-orologi-da-polso-da-uomo","8":"product_tag-tag_189","9":"product_tag-tag_188","11":"first","12":"instock","13":"taxable","14":"shipping-taxable","15":"purchasable","16":"product-type-simple"},"yoast_head":"<!-- This site is optimized with the Yoast SEO plugin v27.4 - https:\/\/yoast.com\/product\/yoast-seo-wordpress\/ -->\n<title>Orologi da polso da uomo Calvin Klein ACCENT (\u00d8 41 mm) - Serenna<\/title>\n<meta name=\"description\" content=\"Miesten rannekellot yhdist\u00e4v\u00e4t tyylin ja k\u00e4yt\u00e4nn\u00f6llisyyden. Valikoimasta l\u00f6yd\u00e4t ajattomat ja modernit kellot arkeen ja juhlaan.\" \/>\n<meta name=\"robots\" content=\"index, follow, max-snippet:-1, max-image-preview:large, max-video-preview:-1\" \/>\n<link rel=\"canonical\" href=\"https:\/\/serennashop.com\/it\/prod\/calvin-klein-accent-o-41-mm\/\" \/>\n<meta property=\"og:locale\" content=\"it_IT\" \/>\n<meta property=\"og:type\" content=\"article\" \/>\n<meta property=\"og:title\" content=\"Orologi da polso da uomo Calvin Klein ACCENT (\u00d8 41 mm) - Serenna\" \/>\n<meta property=\"og:description\" content=\"Miesten rannekellot yhdist\u00e4v\u00e4t tyylin ja k\u00e4yt\u00e4nn\u00f6llisyyden. Valikoimasta l\u00f6yd\u00e4t ajattomat ja modernit kellot arkeen ja juhlaan.\" \/>\n<meta property=\"og:url\" content=\"https:\/\/serennashop.com\/it\/prod\/calvin-klein-accent-o-41-mm\/\" \/>\n<meta property=\"og:site_name\" content=\"Serenna\" \/>\n<meta property=\"article:publisher\" content=\"https:\/\/www.facebook.com\/serennadecor\" \/>\n<meta property=\"article:modified_time\" content=\"2026-03-25T22:05:22+00:00\" \/>\n<meta property=\"og:image\" content=\"https:\/\/serennashop.com\/wp-content\/uploads\/2026\/01\/7612635075051_S7223547_P0_WBG2.jpg\" \/>\n\t<meta property=\"og:image:width\" content=\"1200\" \/>\n\t<meta property=\"og:image:height\" content=\"1200\" \/>\n\t<meta property=\"og:image:type\" content=\"image\/jpeg\" \/>\n<meta name=\"twitter:card\" content=\"summary_large_image\" \/>\n<meta name=\"twitter:label1\" content=\"Tempo di lettura stimato\" \/>\n\t<meta name=\"twitter:data1\" content=\"1 minuto\" \/>\n<script type=\"application\/ld+json\" class=\"yoast-schema-graph\">{\"@context\":\"https:\\\/\\\/schema.org\",\"@graph\":[{\"@type\":\"WebPage\",\"@id\":\"https:\\\/\\\/serennashop.com\\\/it\\\/prod\\\/calvin-klein-accent-o-41-mm\\\/\",\"url\":\"https:\\\/\\\/serennashop.com\\\/it\\\/prod\\\/calvin-klein-accent-o-41-mm\\\/\",\"name\":\"Orologi da polso da uomo Calvin Klein ACCENT (\u00d8 41 mm) - Serenna\",\"isPartOf\":{\"@id\":\"https:\\\/\\\/serennashop.com\\\/it\\\/#website\"},\"primaryImageOfPage\":{\"@id\":\"https:\\\/\\\/serennashop.com\\\/it\\\/prod\\\/calvin-klein-accent-o-41-mm\\\/#primaryimage\"},\"image\":{\"@id\":\"https:\\\/\\\/serennashop.com\\\/it\\\/prod\\\/calvin-klein-accent-o-41-mm\\\/#primaryimage\"},\"thumbnailUrl\":\"https:\\\/\\\/serennashop.com\\\/wp-content\\\/uploads\\\/2026\\\/01\\\/7612635075051_S7223547_P0_WBG2.jpg\",\"datePublished\":\"2026-01-07T19:53:09+00:00\",\"dateModified\":\"2026-03-25T22:05:22+00:00\",\"description\":\"Miesten rannekellot yhdist\u00e4v\u00e4t tyylin ja k\u00e4yt\u00e4nn\u00f6llisyyden. Valikoimasta l\u00f6yd\u00e4t ajattomat ja modernit kellot arkeen ja juhlaan.\",\"breadcrumb\":{\"@id\":\"https:\\\/\\\/serennashop.com\\\/it\\\/prod\\\/calvin-klein-accent-o-41-mm\\\/#breadcrumb\"},\"inLanguage\":\"it-IT\",\"potentialAction\":[{\"@type\":\"ReadAction\",\"target\":[\"https:\\\/\\\/serennashop.com\\\/it\\\/prod\\\/calvin-klein-accent-o-41-mm\\\/\"]}]},{\"@type\":\"ImageObject\",\"inLanguage\":\"it-IT\",\"@id\":\"https:\\\/\\\/serennashop.com\\\/it\\\/prod\\\/calvin-klein-accent-o-41-mm\\\/#primaryimage\",\"url\":\"https:\\\/\\\/serennashop.com\\\/wp-content\\\/uploads\\\/2026\\\/01\\\/7612635075051_S7223547_P0_WBG2.jpg\",\"contentUrl\":\"https:\\\/\\\/serennashop.com\\\/wp-content\\\/uploads\\\/2026\\\/01\\\/7612635075051_S7223547_P0_WBG2.jpg\",\"width\":1200,\"height\":1200,\"caption\":\"S7223547_0\"},{\"@type\":\"BreadcrumbList\",\"@id\":\"https:\\\/\\\/serennashop.com\\\/it\\\/prod\\\/calvin-klein-accent-o-41-mm\\\/#breadcrumb\",\"itemListElement\":[{\"@type\":\"ListItem\",\"position\":1,\"name\":\"Etusivu\",\"item\":\"https:\\\/\\\/serennashop.com\\\/it\\\/\"},{\"@type\":\"ListItem\",\"position\":2,\"name\":\"Kauppa\",\"item\":\"https:\\\/\\\/serennashop.com\\\/it\\\/shop\\\/\"},{\"@type\":\"ListItem\",\"position\":3,\"name\":\"Orologi da polso da uomo Calvin Klein ACCENT (\u00d8 41 mm)\"}]},{\"@type\":\"WebSite\",\"@id\":\"https:\\\/\\\/serennashop.com\\\/it\\\/#website\",\"url\":\"https:\\\/\\\/serennashop.com\\\/it\\\/\",\"name\":\"Serenna\",\"description\":\"\",\"publisher\":{\"@id\":\"https:\\\/\\\/serennashop.com\\\/it\\\/#organization\"},\"potentialAction\":[{\"@type\":\"SearchAction\",\"target\":{\"@type\":\"EntryPoint\",\"urlTemplate\":\"https:\\\/\\\/serennashop.com\\\/it\\\/?s={search_term_string}\"},\"query-input\":{\"@type\":\"PropertyValueSpecification\",\"valueRequired\":true,\"valueName\":\"search_term_string\"}}],\"inLanguage\":\"it-IT\"},{\"@type\":\"Organization\",\"@id\":\"https:\\\/\\\/serennashop.com\\\/it\\\/#organization\",\"name\":\"Serenna\",\"url\":\"https:\\\/\\\/serennashop.com\\\/it\\\/\",\"logo\":{\"@type\":\"ImageObject\",\"inLanguage\":\"it-IT\",\"@id\":\"https:\\\/\\\/serennashop.com\\\/it\\\/#\\\/schema\\\/logo\\\/image\\\/\",\"url\":\"https:\\\/\\\/www.serenna.fi\\\/wp-content\\\/uploads\\\/2025\\\/12\\\/serenna-logo2.png\",\"contentUrl\":\"https:\\\/\\\/www.serenna.fi\\\/wp-content\\\/uploads\\\/2025\\\/12\\\/serenna-logo2.png\",\"width\":2383,\"height\":317,\"caption\":\"Serenna\"},\"image\":{\"@id\":\"https:\\\/\\\/serennashop.com\\\/it\\\/#\\\/schema\\\/logo\\\/image\\\/\"},\"sameAs\":[\"https:\\\/\\\/www.facebook.com\\\/serennadecor\",\"https:\\\/\\\/www.instagram.com\\\/serennadecor\"]}]}<\/script>\n<!-- \/ Yoast SEO plugin. -->","yoast_head_json":{"title":"Orologi da polso da uomo Calvin Klein ACCENT (\u00d8 41 mm) - Serenna","description":"Miesten rannekellot yhdist\u00e4v\u00e4t tyylin ja k\u00e4yt\u00e4nn\u00f6llisyyden. Valikoimasta l\u00f6yd\u00e4t ajattomat ja modernit kellot arkeen ja juhlaan.","robots":{"index":"index","follow":"follow","max-snippet":"max-snippet:-1","max-image-preview":"max-image-preview:large","max-video-preview":"max-video-preview:-1"},"canonical":"https:\/\/serennashop.com\/it\/prod\/calvin-klein-accent-o-41-mm\/","og_locale":"it_IT","og_type":"article","og_title":"Orologi da polso da uomo Calvin Klein ACCENT (\u00d8 41 mm) - Serenna","og_description":"Miesten rannekellot yhdist\u00e4v\u00e4t tyylin ja k\u00e4yt\u00e4nn\u00f6llisyyden. Valikoimasta l\u00f6yd\u00e4t ajattomat ja modernit kellot arkeen ja juhlaan.","og_url":"https:\/\/serennashop.com\/it\/prod\/calvin-klein-accent-o-41-mm\/","og_site_name":"Serenna","article_publisher":"https:\/\/www.facebook.com\/serennadecor","article_modified_time":"2026-03-25T22:05:22+00:00","og_image":[{"width":1200,"height":1200,"url":"https:\/\/serennashop.com\/wp-content\/uploads\/2026\/01\/7612635075051_S7223547_P0_WBG2.jpg","type":"image\/jpeg"}],"twitter_card":"summary_large_image","twitter_misc":{"Tempo di lettura stimato":"1 minuto"},"schema":{"@context":"https:\/\/schema.org","@graph":[{"@type":"WebPage","@id":"https:\/\/serennashop.com\/it\/prod\/calvin-klein-accent-o-41-mm\/","url":"https:\/\/serennashop.com\/it\/prod\/calvin-klein-accent-o-41-mm\/","name":"Orologi da polso da uomo Calvin Klein ACCENT (\u00d8 41 mm) - Serenna","isPartOf":{"@id":"https:\/\/serennashop.com\/it\/#website"},"primaryImageOfPage":{"@id":"https:\/\/serennashop.com\/it\/prod\/calvin-klein-accent-o-41-mm\/#primaryimage"},"image":{"@id":"https:\/\/serennashop.com\/it\/prod\/calvin-klein-accent-o-41-mm\/#primaryimage"},"thumbnailUrl":"https:\/\/serennashop.com\/wp-content\/uploads\/2026\/01\/7612635075051_S7223547_P0_WBG2.jpg","datePublished":"2026-01-07T19:53:09+00:00","dateModified":"2026-03-25T22:05:22+00:00","description":"Miesten rannekellot yhdist\u00e4v\u00e4t tyylin ja k\u00e4yt\u00e4nn\u00f6llisyyden. Valikoimasta l\u00f6yd\u00e4t ajattomat ja modernit kellot arkeen ja juhlaan.","breadcrumb":{"@id":"https:\/\/serennashop.com\/it\/prod\/calvin-klein-accent-o-41-mm\/#breadcrumb"},"inLanguage":"it-IT","potentialAction":[{"@type":"ReadAction","target":["https:\/\/serennashop.com\/it\/prod\/calvin-klein-accent-o-41-mm\/"]}]},{"@type":"ImageObject","inLanguage":"it-IT","@id":"https:\/\/serennashop.com\/it\/prod\/calvin-klein-accent-o-41-mm\/#primaryimage","url":"https:\/\/serennashop.com\/wp-content\/uploads\/2026\/01\/7612635075051_S7223547_P0_WBG2.jpg","contentUrl":"https:\/\/serennashop.com\/wp-content\/uploads\/2026\/01\/7612635075051_S7223547_P0_WBG2.jpg","width":1200,"height":1200,"caption":"S7223547_0"},{"@type":"BreadcrumbList","@id":"https:\/\/serennashop.com\/it\/prod\/calvin-klein-accent-o-41-mm\/#breadcrumb","itemListElement":[{"@type":"ListItem","position":1,"name":"Etusivu","item":"https:\/\/serennashop.com\/it\/"},{"@type":"ListItem","position":2,"name":"Kauppa","item":"https:\/\/serennashop.com\/it\/shop\/"},{"@type":"ListItem","position":3,"name":"Orologi da polso da uomo Calvin Klein ACCENT (\u00d8 41 mm)"}]},{"@type":"WebSite","@id":"https:\/\/serennashop.com\/it\/#website","url":"https:\/\/serennashop.com\/it\/","name":"Serenna","description":"","publisher":{"@id":"https:\/\/serennashop.com\/it\/#organization"},"potentialAction":[{"@type":"SearchAction","target":{"@type":"EntryPoint","urlTemplate":"https:\/\/serennashop.com\/it\/?s={search_term_string}"},"query-input":{"@type":"PropertyValueSpecification","valueRequired":true,"valueName":"search_term_string"}}],"inLanguage":"it-IT"},{"@type":"Organization","@id":"https:\/\/serennashop.com\/it\/#organization","name":"Serenna","url":"https:\/\/serennashop.com\/it\/","logo":{"@type":"ImageObject","inLanguage":"it-IT","@id":"https:\/\/serennashop.com\/it\/#\/schema\/logo\/image\/","url":"https:\/\/www.serenna.fi\/wp-content\/uploads\/2025\/12\/serenna-logo2.png","contentUrl":"https:\/\/www.serenna.fi\/wp-content\/uploads\/2025\/12\/serenna-logo2.png","width":2383,"height":317,"caption":"Serenna"},"image":{"@id":"https:\/\/serennashop.com\/it\/#\/schema\/logo\/image\/"},"sameAs":["https:\/\/www.facebook.com\/serennadecor","https:\/\/www.instagram.com\/serennadecor"]}]}},"_links":{"self":[{"href":"https:\/\/serennashop.com\/it\/wp-json\/wp\/v2\/product\/53105","targetHints":{"allow":["GET"]}}],"collection":[{"href":"https:\/\/serennashop.com\/it\/wp-json\/wp\/v2\/product"}],"about":[{"href":"https:\/\/serennashop.com\/it\/wp-json\/wp\/v2\/types\/product"}],"replies":[{"embeddable":true,"href":"https:\/\/serennashop.com\/it\/wp-json\/wp\/v2\/comments?post=53105"}],"wp:featuredmedia":[{"embeddable":true,"href":"https:\/\/serennashop.com\/it\/wp-json\/wp\/v2\/media\/11743"}],"wp:attachment":[{"href":"https:\/\/serennashop.com\/it\/wp-json\/wp\/v2\/media?parent=53105"}],"wp:term":[{"taxonomy":"product_brand","embeddable":true,"href":"https:\/\/serennashop.com\/it\/wp-json\/wp\/v2\/product_brand?post=53105"},{"taxonomy":"product_cat","embeddable":true,"href":"https:\/\/serennashop.com\/it\/wp-json\/wp\/v2\/product_cat?post=53105"},{"taxonomy":"product_tag","embeddable":true,"href":"https:\/\/serennashop.com\/it\/wp-json\/wp\/v2\/product_tag?post=53105"}],"curies":[{"name":"wp","href":"https:\/\/api.w.org\/{rel}","templated":true}]}}