{"id":53028,"date":"2026-01-07T11:35:46","date_gmt":"2026-01-07T09:35:46","guid":{"rendered":"https:\/\/serennashop.com\/prod\/gant-ga00011-5632s\/"},"modified":"2026-03-26T00:05:19","modified_gmt":"2026-03-25T22:05:19","slug":"gant-ga00011-5632s","status":"publish","type":"product","link":"https:\/\/serennashop.com\/it\/prod\/gant-ga00011-5632s\/","title":{"rendered":"Occhiali da sole da donna Gant GA00011 5632S"},"content":{"rendered":"<p><b>Occhiali da sole da donna Gant GA00011 5632S<\/b><\/p>\n<ul>\n<li>Genere:\n<ul>\n<li>Donna<\/li>\n<li>Uomo<\/li>\n<\/ul>\n<\/li>\n<li>Protezione: Protezione totale dai raggi UV (UV400)<\/li>\n<li>Design:\n<ul>\n<li>Elegante<\/li>\n<li>Quadrato<\/li>\n<\/ul>\n<\/li>\n<li>Tipo\n<ul>\n<li>Occhiali da sole<\/li>\n<li>Occhiali da sole da uomo<\/li>\n<\/ul>\n<\/li>\n<li>Lenti: \u00f8 56 mm<\/li>\n<li>Ponte: 16 mm<\/li>\n<li>Colore: Rosso dorato<\/li>\n<\/ul>\n<p><strong>Occhiali da sole GANT: intramontabile stile preppy americano e comfort moderno<\/strong><\/p>\r\n<p>Gli occhiali da sole GANT combinano il classico stile preppy americano, il design moderno e l'accurata lavorazione artigianale. Il marchio \u00e8 noto per i suoi prodotti di alta qualit\u00e0 e dallo stile casual ed elegante, e lo stesso look iconico si ritrova anche nella collezione di occhiali da sole. Gli occhiali da sole GANT sono la scelta perfetta per chi apprezza l'intramontabilit\u00e0, il comfort e uno stile curato ma casual.\r\n<p>La collezione offre una vasta gamma di forme e stili diversi: classici occhiali da aviatore, moderne montature rettangolari, modelli rotondi dal gusto vintage ed eleganti opzioni unisex. Il design \u00e8 pulito e sobrio, con piccoli dettagli studiati che rendono questi occhiali un accessorio di alta qualit\u00e0 senza essere eccessivamente appariscenti.\r\n<p>Gli occhiali da sole GANT sono progettati per l'uso quotidiano, quindi sono comodi da indossare e resistenti per uno stile di vita attivo. Le lenti di alta qualit\u00e0 offrono protezione dai raggi UV, aiutando a proteggere gli occhi dai raggi solari dannosi. Le montature leggere ed ergonomiche rendono questi occhiali comodi da indossare in citt\u00e0, in spiaggia o in vacanza.\r\n<p><strong>Perch\u00e9 scegliere gli occhiali da sole GANT?<\/strong><\/p>\r\n<ul>\r\n<li>\ud83d\udc53 Design preppy intramontabile e raffinato<\/li>\r\n<li>\ud83c\udf1e Protezione UV totale in molti modelli<\/li>\r\n<li>\u2696\ufe0f Montature leggere e comode per l'uso quotidiano<\/li>\r\n<li>\ud83d\udcbc Look elegante e curato, adatto alla vita quotidiana e al tempo libero<\/li>\r\n<li>\ud83c\udf0d Marchio di qualit\u00e0 apprezzato a livello internazionale<\/li>\r\n<\/ul>\r\n<p>Gli occhiali da sole GANT completano il tuo look in modo elegante e raffinato. Sono la scelta perfetta per chi desidera combinare praticit\u00e0, qualit\u00e0 e moda classica in modo semplice e disinvolto.<\/p><\/p><\/p><\/p>\n","protected":false},"excerpt":{"rendered":"<p>Occhiali da sole da donna Gant GA00011 5632S Genere: Donna Uomo Protezione: Protezione totale dai raggi UV (UV400) Design: Elegante Quadrato Tipo Occhiali da sole Occhiali da sole da uomo Lenti: \u00f8 56 mm Ponte: 16 mm Colore: Rosso dorato<\/p>\n","protected":false},"featured_media":11561,"comment_status":"open","ping_status":"closed","template":"","meta":[],"product_brand":[],"product_cat":[2503,1401],"product_tag":[1203,830,759,761],"class_list":{"0":"post-53028","1":"product","2":"type-product","3":"status-publish","4":"has-post-thumbnail","6":"product_cat-occhiali-da-sole","7":"product_cat-occhiali-da-sole-da-donna","8":"product_tag-tag_194","9":"product_tag-tag_189","10":"product_tag-tag_203","11":"product_tag-tag_188","13":"first","14":"instock","15":"taxable","16":"shipping-taxable","17":"purchasable","18":"product-type-simple"},"yoast_head":"<!-- This site is optimized with the Yoast SEO plugin v27.4 - https:\/\/yoast.com\/product\/yoast-seo-wordpress\/ -->\n<title>Occhiali da sole da donna Gant GA00011 5632S - Serenna<\/title>\n<meta name=\"description\" content=\"Aurinkolasit \u2013 tyylikk\u00e4\u00e4t ja laadukkaat aurinkolasit naisille. Suojaa silm\u00e4si UV-s\u00e4teilylt\u00e4 ja viimeistele asusi tunnetuilla br\u00e4ndeill\u00e4.\" \/>\n<meta name=\"robots\" content=\"index, follow, max-snippet:-1, max-image-preview:large, max-video-preview:-1\" \/>\n<link rel=\"canonical\" href=\"https:\/\/serennashop.com\/it\/prod\/gant-ga00011-5632s\/\" \/>\n<meta property=\"og:locale\" content=\"it_IT\" \/>\n<meta property=\"og:type\" content=\"article\" \/>\n<meta property=\"og:title\" content=\"Occhiali da sole da donna Gant GA00011 5632S - Serenna\" \/>\n<meta property=\"og:description\" content=\"Aurinkolasit \u2013 tyylikk\u00e4\u00e4t ja laadukkaat aurinkolasit naisille. Suojaa silm\u00e4si UV-s\u00e4teilylt\u00e4 ja viimeistele asusi tunnetuilla br\u00e4ndeill\u00e4.\" \/>\n<meta property=\"og:url\" content=\"https:\/\/serennashop.com\/it\/prod\/gant-ga00011-5632s\/\" \/>\n<meta property=\"og:site_name\" content=\"Serenna\" \/>\n<meta property=\"article:publisher\" content=\"https:\/\/www.facebook.com\/serennadecor\" \/>\n<meta property=\"article:modified_time\" content=\"2026-03-25T22:05:19+00:00\" \/>\n<meta property=\"og:image\" content=\"https:\/\/serennashop.com\/wp-content\/uploads\/2026\/01\/0889214515773_S72132369_P00.jpg\" \/>\n\t<meta property=\"og:image:width\" content=\"1200\" \/>\n\t<meta property=\"og:image:height\" content=\"1200\" \/>\n\t<meta property=\"og:image:type\" content=\"image\/jpeg\" \/>\n<meta name=\"twitter:card\" content=\"summary_large_image\" \/>\n<meta name=\"twitter:label1\" content=\"Tempo di lettura stimato\" \/>\n\t<meta name=\"twitter:data1\" content=\"1 minuto\" \/>\n<script type=\"application\/ld+json\" class=\"yoast-schema-graph\">{\"@context\":\"https:\\\/\\\/schema.org\",\"@graph\":[{\"@type\":\"WebPage\",\"@id\":\"https:\\\/\\\/serennashop.com\\\/it\\\/prod\\\/gant-ga00011-5632s\\\/\",\"url\":\"https:\\\/\\\/serennashop.com\\\/it\\\/prod\\\/gant-ga00011-5632s\\\/\",\"name\":\"Occhiali da sole da donna Gant GA00011 5632S - Serenna\",\"isPartOf\":{\"@id\":\"https:\\\/\\\/serennashop.com\\\/it\\\/#website\"},\"primaryImageOfPage\":{\"@id\":\"https:\\\/\\\/serennashop.com\\\/it\\\/prod\\\/gant-ga00011-5632s\\\/#primaryimage\"},\"image\":{\"@id\":\"https:\\\/\\\/serennashop.com\\\/it\\\/prod\\\/gant-ga00011-5632s\\\/#primaryimage\"},\"thumbnailUrl\":\"https:\\\/\\\/serennashop.com\\\/wp-content\\\/uploads\\\/2026\\\/01\\\/0889214515773_S72132369_P00.jpg\",\"datePublished\":\"2026-01-07T09:35:46+00:00\",\"dateModified\":\"2026-03-25T22:05:19+00:00\",\"description\":\"Aurinkolasit \u2013 tyylikk\u00e4\u00e4t ja laadukkaat aurinkolasit naisille. Suojaa silm\u00e4si UV-s\u00e4teilylt\u00e4 ja viimeistele asusi tunnetuilla br\u00e4ndeill\u00e4.\",\"breadcrumb\":{\"@id\":\"https:\\\/\\\/serennashop.com\\\/it\\\/prod\\\/gant-ga00011-5632s\\\/#breadcrumb\"},\"inLanguage\":\"it-IT\",\"potentialAction\":[{\"@type\":\"ReadAction\",\"target\":[\"https:\\\/\\\/serennashop.com\\\/it\\\/prod\\\/gant-ga00011-5632s\\\/\"]}]},{\"@type\":\"ImageObject\",\"inLanguage\":\"it-IT\",\"@id\":\"https:\\\/\\\/serennashop.com\\\/it\\\/prod\\\/gant-ga00011-5632s\\\/#primaryimage\",\"url\":\"https:\\\/\\\/serennashop.com\\\/wp-content\\\/uploads\\\/2026\\\/01\\\/0889214515773_S72132369_P00.jpg\",\"contentUrl\":\"https:\\\/\\\/serennashop.com\\\/wp-content\\\/uploads\\\/2026\\\/01\\\/0889214515773_S72132369_P00.jpg\",\"width\":1200,\"height\":1200,\"caption\":\"S72132369_0\"},{\"@type\":\"BreadcrumbList\",\"@id\":\"https:\\\/\\\/serennashop.com\\\/it\\\/prod\\\/gant-ga00011-5632s\\\/#breadcrumb\",\"itemListElement\":[{\"@type\":\"ListItem\",\"position\":1,\"name\":\"Etusivu\",\"item\":\"https:\\\/\\\/serennashop.com\\\/it\\\/\"},{\"@type\":\"ListItem\",\"position\":2,\"name\":\"Kauppa\",\"item\":\"https:\\\/\\\/serennashop.com\\\/it\\\/shop\\\/\"},{\"@type\":\"ListItem\",\"position\":3,\"name\":\"Occhiali da sole da donna Gant GA00011 5632S\"}]},{\"@type\":\"WebSite\",\"@id\":\"https:\\\/\\\/serennashop.com\\\/it\\\/#website\",\"url\":\"https:\\\/\\\/serennashop.com\\\/it\\\/\",\"name\":\"Serenna\",\"description\":\"\",\"publisher\":{\"@id\":\"https:\\\/\\\/serennashop.com\\\/it\\\/#organization\"},\"potentialAction\":[{\"@type\":\"SearchAction\",\"target\":{\"@type\":\"EntryPoint\",\"urlTemplate\":\"https:\\\/\\\/serennashop.com\\\/it\\\/?s={search_term_string}\"},\"query-input\":{\"@type\":\"PropertyValueSpecification\",\"valueRequired\":true,\"valueName\":\"search_term_string\"}}],\"inLanguage\":\"it-IT\"},{\"@type\":\"Organization\",\"@id\":\"https:\\\/\\\/serennashop.com\\\/it\\\/#organization\",\"name\":\"Serenna\",\"url\":\"https:\\\/\\\/serennashop.com\\\/it\\\/\",\"logo\":{\"@type\":\"ImageObject\",\"inLanguage\":\"it-IT\",\"@id\":\"https:\\\/\\\/serennashop.com\\\/it\\\/#\\\/schema\\\/logo\\\/image\\\/\",\"url\":\"https:\\\/\\\/www.serenna.fi\\\/wp-content\\\/uploads\\\/2025\\\/12\\\/serenna-logo2.png\",\"contentUrl\":\"https:\\\/\\\/www.serenna.fi\\\/wp-content\\\/uploads\\\/2025\\\/12\\\/serenna-logo2.png\",\"width\":2383,\"height\":317,\"caption\":\"Serenna\"},\"image\":{\"@id\":\"https:\\\/\\\/serennashop.com\\\/it\\\/#\\\/schema\\\/logo\\\/image\\\/\"},\"sameAs\":[\"https:\\\/\\\/www.facebook.com\\\/serennadecor\",\"https:\\\/\\\/www.instagram.com\\\/serennadecor\"]}]}<\/script>\n<!-- \/ Yoast SEO plugin. -->","yoast_head_json":{"title":"Occhiali da sole da donna Gant GA00011 5632S - Serenna","description":"Aurinkolasit \u2013 tyylikk\u00e4\u00e4t ja laadukkaat aurinkolasit naisille. Suojaa silm\u00e4si UV-s\u00e4teilylt\u00e4 ja viimeistele asusi tunnetuilla br\u00e4ndeill\u00e4.","robots":{"index":"index","follow":"follow","max-snippet":"max-snippet:-1","max-image-preview":"max-image-preview:large","max-video-preview":"max-video-preview:-1"},"canonical":"https:\/\/serennashop.com\/it\/prod\/gant-ga00011-5632s\/","og_locale":"it_IT","og_type":"article","og_title":"Occhiali da sole da donna Gant GA00011 5632S - Serenna","og_description":"Aurinkolasit \u2013 tyylikk\u00e4\u00e4t ja laadukkaat aurinkolasit naisille. Suojaa silm\u00e4si UV-s\u00e4teilylt\u00e4 ja viimeistele asusi tunnetuilla br\u00e4ndeill\u00e4.","og_url":"https:\/\/serennashop.com\/it\/prod\/gant-ga00011-5632s\/","og_site_name":"Serenna","article_publisher":"https:\/\/www.facebook.com\/serennadecor","article_modified_time":"2026-03-25T22:05:19+00:00","og_image":[{"width":1200,"height":1200,"url":"https:\/\/serennashop.com\/wp-content\/uploads\/2026\/01\/0889214515773_S72132369_P00.jpg","type":"image\/jpeg"}],"twitter_card":"summary_large_image","twitter_misc":{"Tempo di lettura stimato":"1 minuto"},"schema":{"@context":"https:\/\/schema.org","@graph":[{"@type":"WebPage","@id":"https:\/\/serennashop.com\/it\/prod\/gant-ga00011-5632s\/","url":"https:\/\/serennashop.com\/it\/prod\/gant-ga00011-5632s\/","name":"Occhiali da sole da donna Gant GA00011 5632S - Serenna","isPartOf":{"@id":"https:\/\/serennashop.com\/it\/#website"},"primaryImageOfPage":{"@id":"https:\/\/serennashop.com\/it\/prod\/gant-ga00011-5632s\/#primaryimage"},"image":{"@id":"https:\/\/serennashop.com\/it\/prod\/gant-ga00011-5632s\/#primaryimage"},"thumbnailUrl":"https:\/\/serennashop.com\/wp-content\/uploads\/2026\/01\/0889214515773_S72132369_P00.jpg","datePublished":"2026-01-07T09:35:46+00:00","dateModified":"2026-03-25T22:05:19+00:00","description":"Aurinkolasit \u2013 tyylikk\u00e4\u00e4t ja laadukkaat aurinkolasit naisille. Suojaa silm\u00e4si UV-s\u00e4teilylt\u00e4 ja viimeistele asusi tunnetuilla br\u00e4ndeill\u00e4.","breadcrumb":{"@id":"https:\/\/serennashop.com\/it\/prod\/gant-ga00011-5632s\/#breadcrumb"},"inLanguage":"it-IT","potentialAction":[{"@type":"ReadAction","target":["https:\/\/serennashop.com\/it\/prod\/gant-ga00011-5632s\/"]}]},{"@type":"ImageObject","inLanguage":"it-IT","@id":"https:\/\/serennashop.com\/it\/prod\/gant-ga00011-5632s\/#primaryimage","url":"https:\/\/serennashop.com\/wp-content\/uploads\/2026\/01\/0889214515773_S72132369_P00.jpg","contentUrl":"https:\/\/serennashop.com\/wp-content\/uploads\/2026\/01\/0889214515773_S72132369_P00.jpg","width":1200,"height":1200,"caption":"S72132369_0"},{"@type":"BreadcrumbList","@id":"https:\/\/serennashop.com\/it\/prod\/gant-ga00011-5632s\/#breadcrumb","itemListElement":[{"@type":"ListItem","position":1,"name":"Etusivu","item":"https:\/\/serennashop.com\/it\/"},{"@type":"ListItem","position":2,"name":"Kauppa","item":"https:\/\/serennashop.com\/it\/shop\/"},{"@type":"ListItem","position":3,"name":"Occhiali da sole da donna Gant GA00011 5632S"}]},{"@type":"WebSite","@id":"https:\/\/serennashop.com\/it\/#website","url":"https:\/\/serennashop.com\/it\/","name":"Serenna","description":"","publisher":{"@id":"https:\/\/serennashop.com\/it\/#organization"},"potentialAction":[{"@type":"SearchAction","target":{"@type":"EntryPoint","urlTemplate":"https:\/\/serennashop.com\/it\/?s={search_term_string}"},"query-input":{"@type":"PropertyValueSpecification","valueRequired":true,"valueName":"search_term_string"}}],"inLanguage":"it-IT"},{"@type":"Organization","@id":"https:\/\/serennashop.com\/it\/#organization","name":"Serenna","url":"https:\/\/serennashop.com\/it\/","logo":{"@type":"ImageObject","inLanguage":"it-IT","@id":"https:\/\/serennashop.com\/it\/#\/schema\/logo\/image\/","url":"https:\/\/www.serenna.fi\/wp-content\/uploads\/2025\/12\/serenna-logo2.png","contentUrl":"https:\/\/www.serenna.fi\/wp-content\/uploads\/2025\/12\/serenna-logo2.png","width":2383,"height":317,"caption":"Serenna"},"image":{"@id":"https:\/\/serennashop.com\/it\/#\/schema\/logo\/image\/"},"sameAs":["https:\/\/www.facebook.com\/serennadecor","https:\/\/www.instagram.com\/serennadecor"]}]}},"_links":{"self":[{"href":"https:\/\/serennashop.com\/it\/wp-json\/wp\/v2\/product\/53028","targetHints":{"allow":["GET"]}}],"collection":[{"href":"https:\/\/serennashop.com\/it\/wp-json\/wp\/v2\/product"}],"about":[{"href":"https:\/\/serennashop.com\/it\/wp-json\/wp\/v2\/types\/product"}],"replies":[{"embeddable":true,"href":"https:\/\/serennashop.com\/it\/wp-json\/wp\/v2\/comments?post=53028"}],"wp:featuredmedia":[{"embeddable":true,"href":"https:\/\/serennashop.com\/it\/wp-json\/wp\/v2\/media\/11561"}],"wp:attachment":[{"href":"https:\/\/serennashop.com\/it\/wp-json\/wp\/v2\/media?parent=53028"}],"wp:term":[{"taxonomy":"product_brand","embeddable":true,"href":"https:\/\/serennashop.com\/it\/wp-json\/wp\/v2\/product_brand?post=53028"},{"taxonomy":"product_cat","embeddable":true,"href":"https:\/\/serennashop.com\/it\/wp-json\/wp\/v2\/product_cat?post=53028"},{"taxonomy":"product_tag","embeddable":true,"href":"https:\/\/serennashop.com\/it\/wp-json\/wp\/v2\/product_tag?post=53028"}],"curies":[{"name":"wp","href":"https:\/\/api.w.org\/{rel}","templated":true}]}}