{"id":51608,"date":"2025-12-27T18:49:01","date_gmt":"2025-12-27T16:49:01","guid":{"rendered":"https:\/\/serennashop.com\/prod\/valkoisen-kohinan-unikone-slewel-innovagoods\/"},"modified":"2026-03-26T00:04:03","modified_gmt":"2026-03-25T22:04:03","slug":"valkoisen-kohinan-unikone-slewel-innovagoods","status":"publish","type":"product","link":"https:\/\/serennashop.com\/it\/prod\/valkoisen-kohinan-unikone-slewel-innovagoods\/","title":{"rendered":"Macchina per il sonno InnovaGoods Slewel"},"content":{"rendered":"<p><strong>La macchina del rumore bianco Slewel InnovaGoods<\/strong> aiuta a rilassarsi e ad addormentarsi grazie a un delicato mondo di suoni e luci. Il dispositivo dispone di sei funzioni sonore rilassanti e due modalit\u00e0 di illuminazione: una luce notturna fissa e una luce leggermente pulsante che segue il ritmo del respiro. Insieme, creano un ambiente tranquillo che riduce lo stress e facilita il sonno, sia negli adulti che nei bambini.<\/p>\n<p>Il dispositivo \u00e8 ideale anche per i momenti in cui si desidera semplicemente rilassarsi: per meditare, leggere o riprendersi dalla frenesia della giornata. Il volume \u00e8 regolabile e grazie al timer (15\/30\/60 min) il dispositivo si spegne automaticamente.<\/p>\n<p>Il design pratico e ricaricabile rende questo dispositivo facile da portare con s\u00e9 in camera da letto, in ufficio o in viaggio. Le dimensioni compatte occupano poco spazio e i piedini antiscivolo mantengono il dispositivo saldamente in posizione.<\/p>\n<p><strong>Caratteristiche<\/strong><\/p>\n<ul>\n<li>6 suoni rilassanti (rumore bianco, melodie, suoni della natura)<\/li>\n<li>2 modalit\u00e0 di illuminazione: fissa e sincronizzata con il respiro<\/li>\n<li>Volume regolabile<\/li>\n<li>Timer: 15 \/ 30 \/ 60 minuti<\/li>\n<li>Ricaricabile (cavo USB-C incluso)<\/li>\n<li>Leggero e facile da trasportare<\/li>\n<li>Capacit\u00e0 della batteria 400 mAh<\/li>\n<\/ul>\n<p>Nel complesso, la macchina per dormire Slewel \u00e8 un modo piacevole e naturale per favorire un sonno di qualit\u00e0 e un rilassamento pi\u00f9 profondo.<\/p>\n","protected":false},"excerpt":{"rendered":"<p>La macchina del rumore bianco Slewel InnovaGoods aiuta a rilassarsi e ad addormentarsi grazie a un delicato mondo di suoni e luci. Il dispositivo dispone di sei funzioni sonore rilassanti e due modalit\u00e0 di illuminazione: una luce notturna fissa e una luce leggermente pulsante che segue il ritmo del respiro. Insieme, creano un ambiente tranquillo [&#8230;]\n","protected":false},"featured_media":57469,"comment_status":"open","ping_status":"closed","template":"","meta":[],"product_brand":[],"product_cat":[893],"product_tag":[567,830,1725,1290],"class_list":{"0":"post-51608","1":"product","2":"type-product","3":"status-publish","4":"has-post-thumbnail","6":"product_cat-bellezza-e-salute","7":"product_tag-tag_193","8":"product_tag-tag_189","9":"product_tag-tag_315","10":"product_tag-tag_205","12":"first","13":"instock","14":"taxable","15":"shipping-taxable","16":"purchasable","17":"product-type-simple"},"yoast_head":"<!-- This site is optimized with the Yoast SEO plugin v27.4 - https:\/\/yoast.com\/product\/yoast-seo-wordpress\/ -->\n<title>Macchina per il sonno InnovaGoods Slewel - Serenna<\/title>\n<meta name=\"robots\" content=\"index, follow, max-snippet:-1, max-image-preview:large, max-video-preview:-1\" \/>\n<link rel=\"canonical\" href=\"https:\/\/serennashop.com\/it\/prod\/valkoisen-kohinan-unikone-slewel-innovagoods\/\" \/>\n<meta property=\"og:locale\" content=\"it_IT\" \/>\n<meta property=\"og:type\" content=\"article\" \/>\n<meta property=\"og:title\" content=\"Macchina per il sonno InnovaGoods Slewel - Serenna\" \/>\n<meta property=\"og:description\" content=\"La macchina del rumore bianco Slewel InnovaGoods aiuta a rilassarsi e ad addormentarsi grazie a un delicato mondo di suoni e luci. Il dispositivo dispone di sei funzioni sonore rilassanti e due modalit\u00e0 di illuminazione: una luce notturna fissa e una luce leggermente pulsante che segue il ritmo del respiro. Insieme, creano un ambiente tranquillo [...]\" \/>\n<meta property=\"og:url\" content=\"https:\/\/serennashop.com\/it\/prod\/valkoisen-kohinan-unikone-slewel-innovagoods\/\" \/>\n<meta property=\"og:site_name\" content=\"Serenna\" \/>\n<meta property=\"article:publisher\" content=\"https:\/\/www.facebook.com\/serennadecor\" \/>\n<meta property=\"article:modified_time\" content=\"2026-03-25T22:04:03+00:00\" \/>\n<meta property=\"og:image\" content=\"https:\/\/serennashop.com\/wp-content\/uploads\/2026\/01\/8435527826765_V0103815_000_MKT3.jpg\" \/>\n\t<meta property=\"og:image:width\" content=\"1200\" \/>\n\t<meta property=\"og:image:height\" content=\"1200\" \/>\n\t<meta property=\"og:image:type\" content=\"image\/jpeg\" \/>\n<meta name=\"twitter:card\" content=\"summary_large_image\" \/>\n<meta name=\"twitter:label1\" content=\"Tempo di lettura stimato\" \/>\n\t<meta name=\"twitter:data1\" content=\"1 minuto\" \/>\n<script type=\"application\/ld+json\" class=\"yoast-schema-graph\">{\"@context\":\"https:\\\/\\\/schema.org\",\"@graph\":[{\"@type\":\"WebPage\",\"@id\":\"https:\\\/\\\/serennashop.com\\\/it\\\/prod\\\/valkoisen-kohinan-unikone-slewel-innovagoods\\\/\",\"url\":\"https:\\\/\\\/serennashop.com\\\/it\\\/prod\\\/valkoisen-kohinan-unikone-slewel-innovagoods\\\/\",\"name\":\"Macchina per il sonno InnovaGoods Slewel - Serenna\",\"isPartOf\":{\"@id\":\"https:\\\/\\\/serennashop.com\\\/it\\\/#website\"},\"primaryImageOfPage\":{\"@id\":\"https:\\\/\\\/serennashop.com\\\/it\\\/prod\\\/valkoisen-kohinan-unikone-slewel-innovagoods\\\/#primaryimage\"},\"image\":{\"@id\":\"https:\\\/\\\/serennashop.com\\\/it\\\/prod\\\/valkoisen-kohinan-unikone-slewel-innovagoods\\\/#primaryimage\"},\"thumbnailUrl\":\"https:\\\/\\\/serennashop.com\\\/wp-content\\\/uploads\\\/2026\\\/01\\\/8435527826765_V0103815_000_MKT3.jpg\",\"datePublished\":\"2025-12-27T16:49:01+00:00\",\"dateModified\":\"2026-03-25T22:04:03+00:00\",\"breadcrumb\":{\"@id\":\"https:\\\/\\\/serennashop.com\\\/it\\\/prod\\\/valkoisen-kohinan-unikone-slewel-innovagoods\\\/#breadcrumb\"},\"inLanguage\":\"it-IT\",\"potentialAction\":[{\"@type\":\"ReadAction\",\"target\":[\"https:\\\/\\\/serennashop.com\\\/it\\\/prod\\\/valkoisen-kohinan-unikone-slewel-innovagoods\\\/\"]}]},{\"@type\":\"ImageObject\",\"inLanguage\":\"it-IT\",\"@id\":\"https:\\\/\\\/serennashop.com\\\/it\\\/prod\\\/valkoisen-kohinan-unikone-slewel-innovagoods\\\/#primaryimage\",\"url\":\"https:\\\/\\\/serennashop.com\\\/wp-content\\\/uploads\\\/2026\\\/01\\\/8435527826765_V0103815_000_MKT3.jpg\",\"contentUrl\":\"https:\\\/\\\/serennashop.com\\\/wp-content\\\/uploads\\\/2026\\\/01\\\/8435527826765_V0103815_000_MKT3.jpg\",\"width\":1200,\"height\":1200,\"caption\":\"V0103815_0\"},{\"@type\":\"BreadcrumbList\",\"@id\":\"https:\\\/\\\/serennashop.com\\\/it\\\/prod\\\/valkoisen-kohinan-unikone-slewel-innovagoods\\\/#breadcrumb\",\"itemListElement\":[{\"@type\":\"ListItem\",\"position\":1,\"name\":\"Etusivu\",\"item\":\"https:\\\/\\\/serennashop.com\\\/it\\\/\"},{\"@type\":\"ListItem\",\"position\":2,\"name\":\"Kauppa\",\"item\":\"https:\\\/\\\/serennashop.com\\\/it\\\/shop\\\/\"},{\"@type\":\"ListItem\",\"position\":3,\"name\":\"Macchina per il sonno InnovaGoods Slewel\"}]},{\"@type\":\"WebSite\",\"@id\":\"https:\\\/\\\/serennashop.com\\\/it\\\/#website\",\"url\":\"https:\\\/\\\/serennashop.com\\\/it\\\/\",\"name\":\"Serenna\",\"description\":\"\",\"publisher\":{\"@id\":\"https:\\\/\\\/serennashop.com\\\/it\\\/#organization\"},\"potentialAction\":[{\"@type\":\"SearchAction\",\"target\":{\"@type\":\"EntryPoint\",\"urlTemplate\":\"https:\\\/\\\/serennashop.com\\\/it\\\/?s={search_term_string}\"},\"query-input\":{\"@type\":\"PropertyValueSpecification\",\"valueRequired\":true,\"valueName\":\"search_term_string\"}}],\"inLanguage\":\"it-IT\"},{\"@type\":\"Organization\",\"@id\":\"https:\\\/\\\/serennashop.com\\\/it\\\/#organization\",\"name\":\"Serenna\",\"url\":\"https:\\\/\\\/serennashop.com\\\/it\\\/\",\"logo\":{\"@type\":\"ImageObject\",\"inLanguage\":\"it-IT\",\"@id\":\"https:\\\/\\\/serennashop.com\\\/it\\\/#\\\/schema\\\/logo\\\/image\\\/\",\"url\":\"https:\\\/\\\/www.serenna.fi\\\/wp-content\\\/uploads\\\/2025\\\/12\\\/serenna-logo2.png\",\"contentUrl\":\"https:\\\/\\\/www.serenna.fi\\\/wp-content\\\/uploads\\\/2025\\\/12\\\/serenna-logo2.png\",\"width\":2383,\"height\":317,\"caption\":\"Serenna\"},\"image\":{\"@id\":\"https:\\\/\\\/serennashop.com\\\/it\\\/#\\\/schema\\\/logo\\\/image\\\/\"},\"sameAs\":[\"https:\\\/\\\/www.facebook.com\\\/serennadecor\",\"https:\\\/\\\/www.instagram.com\\\/serennadecor\"]}]}<\/script>\n<!-- \/ Yoast SEO plugin. -->","yoast_head_json":{"title":"Macchina per il sonno InnovaGoods Slewel - Serenna","robots":{"index":"index","follow":"follow","max-snippet":"max-snippet:-1","max-image-preview":"max-image-preview:large","max-video-preview":"max-video-preview:-1"},"canonical":"https:\/\/serennashop.com\/it\/prod\/valkoisen-kohinan-unikone-slewel-innovagoods\/","og_locale":"it_IT","og_type":"article","og_title":"Macchina per il sonno InnovaGoods Slewel - Serenna","og_description":"La macchina del rumore bianco Slewel InnovaGoods aiuta a rilassarsi e ad addormentarsi grazie a un delicato mondo di suoni e luci. Il dispositivo dispone di sei funzioni sonore rilassanti e due modalit\u00e0 di illuminazione: una luce notturna fissa e una luce leggermente pulsante che segue il ritmo del respiro. Insieme, creano un ambiente tranquillo [...]","og_url":"https:\/\/serennashop.com\/it\/prod\/valkoisen-kohinan-unikone-slewel-innovagoods\/","og_site_name":"Serenna","article_publisher":"https:\/\/www.facebook.com\/serennadecor","article_modified_time":"2026-03-25T22:04:03+00:00","og_image":[{"width":1200,"height":1200,"url":"https:\/\/serennashop.com\/wp-content\/uploads\/2026\/01\/8435527826765_V0103815_000_MKT3.jpg","type":"image\/jpeg"}],"twitter_card":"summary_large_image","twitter_misc":{"Tempo di lettura stimato":"1 minuto"},"schema":{"@context":"https:\/\/schema.org","@graph":[{"@type":"WebPage","@id":"https:\/\/serennashop.com\/it\/prod\/valkoisen-kohinan-unikone-slewel-innovagoods\/","url":"https:\/\/serennashop.com\/it\/prod\/valkoisen-kohinan-unikone-slewel-innovagoods\/","name":"Macchina per il sonno InnovaGoods Slewel - Serenna","isPartOf":{"@id":"https:\/\/serennashop.com\/it\/#website"},"primaryImageOfPage":{"@id":"https:\/\/serennashop.com\/it\/prod\/valkoisen-kohinan-unikone-slewel-innovagoods\/#primaryimage"},"image":{"@id":"https:\/\/serennashop.com\/it\/prod\/valkoisen-kohinan-unikone-slewel-innovagoods\/#primaryimage"},"thumbnailUrl":"https:\/\/serennashop.com\/wp-content\/uploads\/2026\/01\/8435527826765_V0103815_000_MKT3.jpg","datePublished":"2025-12-27T16:49:01+00:00","dateModified":"2026-03-25T22:04:03+00:00","breadcrumb":{"@id":"https:\/\/serennashop.com\/it\/prod\/valkoisen-kohinan-unikone-slewel-innovagoods\/#breadcrumb"},"inLanguage":"it-IT","potentialAction":[{"@type":"ReadAction","target":["https:\/\/serennashop.com\/it\/prod\/valkoisen-kohinan-unikone-slewel-innovagoods\/"]}]},{"@type":"ImageObject","inLanguage":"it-IT","@id":"https:\/\/serennashop.com\/it\/prod\/valkoisen-kohinan-unikone-slewel-innovagoods\/#primaryimage","url":"https:\/\/serennashop.com\/wp-content\/uploads\/2026\/01\/8435527826765_V0103815_000_MKT3.jpg","contentUrl":"https:\/\/serennashop.com\/wp-content\/uploads\/2026\/01\/8435527826765_V0103815_000_MKT3.jpg","width":1200,"height":1200,"caption":"V0103815_0"},{"@type":"BreadcrumbList","@id":"https:\/\/serennashop.com\/it\/prod\/valkoisen-kohinan-unikone-slewel-innovagoods\/#breadcrumb","itemListElement":[{"@type":"ListItem","position":1,"name":"Etusivu","item":"https:\/\/serennashop.com\/it\/"},{"@type":"ListItem","position":2,"name":"Kauppa","item":"https:\/\/serennashop.com\/it\/shop\/"},{"@type":"ListItem","position":3,"name":"Macchina per il sonno InnovaGoods Slewel"}]},{"@type":"WebSite","@id":"https:\/\/serennashop.com\/it\/#website","url":"https:\/\/serennashop.com\/it\/","name":"Serenna","description":"","publisher":{"@id":"https:\/\/serennashop.com\/it\/#organization"},"potentialAction":[{"@type":"SearchAction","target":{"@type":"EntryPoint","urlTemplate":"https:\/\/serennashop.com\/it\/?s={search_term_string}"},"query-input":{"@type":"PropertyValueSpecification","valueRequired":true,"valueName":"search_term_string"}}],"inLanguage":"it-IT"},{"@type":"Organization","@id":"https:\/\/serennashop.com\/it\/#organization","name":"Serenna","url":"https:\/\/serennashop.com\/it\/","logo":{"@type":"ImageObject","inLanguage":"it-IT","@id":"https:\/\/serennashop.com\/it\/#\/schema\/logo\/image\/","url":"https:\/\/www.serenna.fi\/wp-content\/uploads\/2025\/12\/serenna-logo2.png","contentUrl":"https:\/\/www.serenna.fi\/wp-content\/uploads\/2025\/12\/serenna-logo2.png","width":2383,"height":317,"caption":"Serenna"},"image":{"@id":"https:\/\/serennashop.com\/it\/#\/schema\/logo\/image\/"},"sameAs":["https:\/\/www.facebook.com\/serennadecor","https:\/\/www.instagram.com\/serennadecor"]}]}},"_links":{"self":[{"href":"https:\/\/serennashop.com\/it\/wp-json\/wp\/v2\/product\/51608","targetHints":{"allow":["GET"]}}],"collection":[{"href":"https:\/\/serennashop.com\/it\/wp-json\/wp\/v2\/product"}],"about":[{"href":"https:\/\/serennashop.com\/it\/wp-json\/wp\/v2\/types\/product"}],"replies":[{"embeddable":true,"href":"https:\/\/serennashop.com\/it\/wp-json\/wp\/v2\/comments?post=51608"}],"wp:featuredmedia":[{"embeddable":true,"href":"https:\/\/serennashop.com\/it\/wp-json\/wp\/v2\/media\/57469"}],"wp:attachment":[{"href":"https:\/\/serennashop.com\/it\/wp-json\/wp\/v2\/media?parent=51608"}],"wp:term":[{"taxonomy":"product_brand","embeddable":true,"href":"https:\/\/serennashop.com\/it\/wp-json\/wp\/v2\/product_brand?post=51608"},{"taxonomy":"product_cat","embeddable":true,"href":"https:\/\/serennashop.com\/it\/wp-json\/wp\/v2\/product_cat?post=51608"},{"taxonomy":"product_tag","embeddable":true,"href":"https:\/\/serennashop.com\/it\/wp-json\/wp\/v2\/product_tag?post=51608"}],"curies":[{"name":"wp","href":"https:\/\/api.w.org\/{rel}","templated":true}]}}