{"id":49704,"date":"2025-12-23T18:18:08","date_gmt":"2025-12-23T16:18:08","guid":{"rendered":"https:\/\/serennashop.com\/prod\/tommy-hilfiger-tj-0094_s\/"},"modified":"2026-03-26T00:02:03","modified_gmt":"2026-03-25T22:02:03","slug":"tommy-hilfiger-tj-0094_s","status":"publish","type":"product","link":"https:\/\/serennashop.com\/it\/prod\/tommy-hilfiger-tj-0094_s\/","title":{"rendered":"Occhiali da sole da uomo Tommy Hilfiger TJ 0094_S"},"content":{"rendered":"<p><strong>Tommy Hilfiger TJ 0094_S<\/strong> sono occhiali da sole eleganti che combinano un design moderno con il look intramontabile caratteristico del marchio. Rappresentano lo stile <strong>Tommy Hilfiger<\/strong>, in cui le linee classiche incontrano uno stile urbano e disinvolto.<\/p>\n<p>Il design chiaro ed equilibrato di questi occhiali da sole li rende un accessorio versatile, adatto sia alla vita quotidiana che al tempo libero e all&#x27;abbigliamento urbano. Le lenti di alta qualit\u00e0 offrono un&#x27;efficace protezione dai raggi UV e una piacevole esperienza visiva in condizioni di luce solare intensa. La struttura leggera e la buona vestibilit\u00e0 garantiscono comfort anche dopo un uso prolungato.<\/p>\n<p><strong>Caratteristiche principali:<\/strong><\/p>\n<ul>\n<li>Design Tommy Hilfiger moderno e intramontabile<\/li>\n<li>Lenti con protezione UV<\/li>\n<li>Leggeri e comodi da indossare<\/li>\n<li>Facili da abbinare a diversi outfit<\/li>\n<li>Adatte alla vita quotidiana, al tempo libero e ai viaggi<\/li>\n<\/ul>\n<p>Gli occhiali da sole Tommy Hilfiger TJ 0094_S sono la scelta giusta se desideri un accessorio di qualit\u00e0, facile da abbinare ed elegante, che completi il tuo look con disinvoltura.<\/p>\n<p>\u00a0<\/p>\n","protected":false},"excerpt":{"rendered":"<p>Tommy Hilfiger TJ 0094_S sono occhiali da sole eleganti che combinano un design moderno con il look intramontabile caratteristico del marchio. Rappresentano lo stile Tommy Hilfiger, in cui le linee classiche incontrano uno stile urbano e disinvolto. Il design chiaro ed equilibrato di questi occhiali da sole li rende un accessorio versatile, adatto sia alla [&#8230;]\n","protected":false},"featured_media":76622,"comment_status":"open","ping_status":"closed","template":"","meta":[],"product_brand":[],"product_cat":[2503,1200],"product_tag":[1203,830,829,761],"class_list":{"0":"post-49704","1":"product","2":"type-product","3":"status-publish","4":"has-post-thumbnail","6":"product_cat-occhiali-da-sole","7":"product_cat-occhiali-da-sole-da-uomo","8":"product_tag-tag_194","9":"product_tag-tag_189","10":"product_tag-tag_195","11":"product_tag-tag_188","13":"first","14":"instock","15":"taxable","16":"shipping-taxable","17":"purchasable","18":"product-type-simple"},"yoast_head":"<!-- This site is optimized with the Yoast SEO plugin v27.4 - https:\/\/yoast.com\/product\/yoast-seo-wordpress\/ -->\n<title>Occhiali da sole da uomo Tommy Hilfiger TJ 0094_S - Serenna<\/title>\n<meta name=\"description\" content=\"Aurinkolasit \u2013 tyylikk\u00e4\u00e4t ja laadukkaat aurinkolasit miehille. Suojaa silm\u00e4si UV-s\u00e4teilylt\u00e4 ja viimeistele asusi tunnetuilla br\u00e4ndeill\u00e4.\" \/>\n<meta name=\"robots\" content=\"index, follow, max-snippet:-1, max-image-preview:large, max-video-preview:-1\" \/>\n<link rel=\"canonical\" href=\"https:\/\/serennashop.com\/it\/prod\/tommy-hilfiger-tj-0094_s\/\" \/>\n<meta property=\"og:locale\" content=\"it_IT\" \/>\n<meta property=\"og:type\" content=\"article\" \/>\n<meta property=\"og:title\" content=\"Occhiali da sole da uomo Tommy Hilfiger TJ 0094_S - Serenna\" \/>\n<meta property=\"og:description\" content=\"Aurinkolasit \u2013 tyylikk\u00e4\u00e4t ja laadukkaat aurinkolasit miehille. Suojaa silm\u00e4si UV-s\u00e4teilylt\u00e4 ja viimeistele asusi tunnetuilla br\u00e4ndeill\u00e4.\" \/>\n<meta property=\"og:url\" content=\"https:\/\/serennashop.com\/it\/prod\/tommy-hilfiger-tj-0094_s\/\" \/>\n<meta property=\"og:site_name\" content=\"Serenna\" \/>\n<meta property=\"article:publisher\" content=\"https:\/\/www.facebook.com\/serennadecor\" \/>\n<meta property=\"article:modified_time\" content=\"2026-03-25T22:02:03+00:00\" \/>\n<meta property=\"og:image\" content=\"https:\/\/serennashop.com\/wp-content\/uploads\/2025\/12\/0716736823041_R01.jpg\" \/>\n\t<meta property=\"og:image:width\" content=\"1200\" \/>\n\t<meta property=\"og:image:height\" content=\"1200\" \/>\n\t<meta property=\"og:image:type\" content=\"image\/jpeg\" \/>\n<meta name=\"twitter:card\" content=\"summary_large_image\" \/>\n<meta name=\"twitter:label1\" content=\"Tempo di lettura stimato\" \/>\n\t<meta name=\"twitter:data1\" content=\"1 minuto\" \/>\n<script type=\"application\/ld+json\" class=\"yoast-schema-graph\">{\"@context\":\"https:\\\/\\\/schema.org\",\"@graph\":[{\"@type\":\"WebPage\",\"@id\":\"https:\\\/\\\/serennashop.com\\\/it\\\/prod\\\/tommy-hilfiger-tj-0094_s\\\/\",\"url\":\"https:\\\/\\\/serennashop.com\\\/it\\\/prod\\\/tommy-hilfiger-tj-0094_s\\\/\",\"name\":\"Occhiali da sole da uomo Tommy Hilfiger TJ 0094_S - Serenna\",\"isPartOf\":{\"@id\":\"https:\\\/\\\/serennashop.com\\\/it\\\/#website\"},\"primaryImageOfPage\":{\"@id\":\"https:\\\/\\\/serennashop.com\\\/it\\\/prod\\\/tommy-hilfiger-tj-0094_s\\\/#primaryimage\"},\"image\":{\"@id\":\"https:\\\/\\\/serennashop.com\\\/it\\\/prod\\\/tommy-hilfiger-tj-0094_s\\\/#primaryimage\"},\"thumbnailUrl\":\"https:\\\/\\\/serennashop.com\\\/wp-content\\\/uploads\\\/2025\\\/12\\\/0716736823041_R01.jpg\",\"datePublished\":\"2025-12-23T16:18:08+00:00\",\"dateModified\":\"2026-03-25T22:02:03+00:00\",\"description\":\"Aurinkolasit \u2013 tyylikk\u00e4\u00e4t ja laadukkaat aurinkolasit miehille. Suojaa silm\u00e4si UV-s\u00e4teilylt\u00e4 ja viimeistele asusi tunnetuilla br\u00e4ndeill\u00e4.\",\"breadcrumb\":{\"@id\":\"https:\\\/\\\/serennashop.com\\\/it\\\/prod\\\/tommy-hilfiger-tj-0094_s\\\/#breadcrumb\"},\"inLanguage\":\"it-IT\",\"potentialAction\":[{\"@type\":\"ReadAction\",\"target\":[\"https:\\\/\\\/serennashop.com\\\/it\\\/prod\\\/tommy-hilfiger-tj-0094_s\\\/\"]}]},{\"@type\":\"ImageObject\",\"inLanguage\":\"it-IT\",\"@id\":\"https:\\\/\\\/serennashop.com\\\/it\\\/prod\\\/tommy-hilfiger-tj-0094_s\\\/#primaryimage\",\"url\":\"https:\\\/\\\/serennashop.com\\\/wp-content\\\/uploads\\\/2025\\\/12\\\/0716736823041_R01.jpg\",\"contentUrl\":\"https:\\\/\\\/serennashop.com\\\/wp-content\\\/uploads\\\/2025\\\/12\\\/0716736823041_R01.jpg\",\"width\":1200,\"height\":1200,\"caption\":\"S7268347_0\"},{\"@type\":\"BreadcrumbList\",\"@id\":\"https:\\\/\\\/serennashop.com\\\/it\\\/prod\\\/tommy-hilfiger-tj-0094_s\\\/#breadcrumb\",\"itemListElement\":[{\"@type\":\"ListItem\",\"position\":1,\"name\":\"Etusivu\",\"item\":\"https:\\\/\\\/serennashop.com\\\/it\\\/\"},{\"@type\":\"ListItem\",\"position\":2,\"name\":\"Kauppa\",\"item\":\"https:\\\/\\\/serennashop.com\\\/it\\\/shop\\\/\"},{\"@type\":\"ListItem\",\"position\":3,\"name\":\"Occhiali da sole da uomo Tommy Hilfiger TJ 0094_S\"}]},{\"@type\":\"WebSite\",\"@id\":\"https:\\\/\\\/serennashop.com\\\/it\\\/#website\",\"url\":\"https:\\\/\\\/serennashop.com\\\/it\\\/\",\"name\":\"Serenna\",\"description\":\"\",\"publisher\":{\"@id\":\"https:\\\/\\\/serennashop.com\\\/it\\\/#organization\"},\"potentialAction\":[{\"@type\":\"SearchAction\",\"target\":{\"@type\":\"EntryPoint\",\"urlTemplate\":\"https:\\\/\\\/serennashop.com\\\/it\\\/?s={search_term_string}\"},\"query-input\":{\"@type\":\"PropertyValueSpecification\",\"valueRequired\":true,\"valueName\":\"search_term_string\"}}],\"inLanguage\":\"it-IT\"},{\"@type\":\"Organization\",\"@id\":\"https:\\\/\\\/serennashop.com\\\/it\\\/#organization\",\"name\":\"Serenna\",\"url\":\"https:\\\/\\\/serennashop.com\\\/it\\\/\",\"logo\":{\"@type\":\"ImageObject\",\"inLanguage\":\"it-IT\",\"@id\":\"https:\\\/\\\/serennashop.com\\\/it\\\/#\\\/schema\\\/logo\\\/image\\\/\",\"url\":\"https:\\\/\\\/www.serenna.fi\\\/wp-content\\\/uploads\\\/2025\\\/12\\\/serenna-logo2.png\",\"contentUrl\":\"https:\\\/\\\/www.serenna.fi\\\/wp-content\\\/uploads\\\/2025\\\/12\\\/serenna-logo2.png\",\"width\":2383,\"height\":317,\"caption\":\"Serenna\"},\"image\":{\"@id\":\"https:\\\/\\\/serennashop.com\\\/it\\\/#\\\/schema\\\/logo\\\/image\\\/\"},\"sameAs\":[\"https:\\\/\\\/www.facebook.com\\\/serennadecor\",\"https:\\\/\\\/www.instagram.com\\\/serennadecor\"]}]}<\/script>\n<!-- \/ Yoast SEO plugin. -->","yoast_head_json":{"title":"Occhiali da sole da uomo Tommy Hilfiger TJ 0094_S - Serenna","description":"Aurinkolasit \u2013 tyylikk\u00e4\u00e4t ja laadukkaat aurinkolasit miehille. Suojaa silm\u00e4si UV-s\u00e4teilylt\u00e4 ja viimeistele asusi tunnetuilla br\u00e4ndeill\u00e4.","robots":{"index":"index","follow":"follow","max-snippet":"max-snippet:-1","max-image-preview":"max-image-preview:large","max-video-preview":"max-video-preview:-1"},"canonical":"https:\/\/serennashop.com\/it\/prod\/tommy-hilfiger-tj-0094_s\/","og_locale":"it_IT","og_type":"article","og_title":"Occhiali da sole da uomo Tommy Hilfiger TJ 0094_S - Serenna","og_description":"Aurinkolasit \u2013 tyylikk\u00e4\u00e4t ja laadukkaat aurinkolasit miehille. Suojaa silm\u00e4si UV-s\u00e4teilylt\u00e4 ja viimeistele asusi tunnetuilla br\u00e4ndeill\u00e4.","og_url":"https:\/\/serennashop.com\/it\/prod\/tommy-hilfiger-tj-0094_s\/","og_site_name":"Serenna","article_publisher":"https:\/\/www.facebook.com\/serennadecor","article_modified_time":"2026-03-25T22:02:03+00:00","og_image":[{"width":1200,"height":1200,"url":"https:\/\/serennashop.com\/wp-content\/uploads\/2025\/12\/0716736823041_R01.jpg","type":"image\/jpeg"}],"twitter_card":"summary_large_image","twitter_misc":{"Tempo di lettura stimato":"1 minuto"},"schema":{"@context":"https:\/\/schema.org","@graph":[{"@type":"WebPage","@id":"https:\/\/serennashop.com\/it\/prod\/tommy-hilfiger-tj-0094_s\/","url":"https:\/\/serennashop.com\/it\/prod\/tommy-hilfiger-tj-0094_s\/","name":"Occhiali da sole da uomo Tommy Hilfiger TJ 0094_S - Serenna","isPartOf":{"@id":"https:\/\/serennashop.com\/it\/#website"},"primaryImageOfPage":{"@id":"https:\/\/serennashop.com\/it\/prod\/tommy-hilfiger-tj-0094_s\/#primaryimage"},"image":{"@id":"https:\/\/serennashop.com\/it\/prod\/tommy-hilfiger-tj-0094_s\/#primaryimage"},"thumbnailUrl":"https:\/\/serennashop.com\/wp-content\/uploads\/2025\/12\/0716736823041_R01.jpg","datePublished":"2025-12-23T16:18:08+00:00","dateModified":"2026-03-25T22:02:03+00:00","description":"Aurinkolasit \u2013 tyylikk\u00e4\u00e4t ja laadukkaat aurinkolasit miehille. Suojaa silm\u00e4si UV-s\u00e4teilylt\u00e4 ja viimeistele asusi tunnetuilla br\u00e4ndeill\u00e4.","breadcrumb":{"@id":"https:\/\/serennashop.com\/it\/prod\/tommy-hilfiger-tj-0094_s\/#breadcrumb"},"inLanguage":"it-IT","potentialAction":[{"@type":"ReadAction","target":["https:\/\/serennashop.com\/it\/prod\/tommy-hilfiger-tj-0094_s\/"]}]},{"@type":"ImageObject","inLanguage":"it-IT","@id":"https:\/\/serennashop.com\/it\/prod\/tommy-hilfiger-tj-0094_s\/#primaryimage","url":"https:\/\/serennashop.com\/wp-content\/uploads\/2025\/12\/0716736823041_R01.jpg","contentUrl":"https:\/\/serennashop.com\/wp-content\/uploads\/2025\/12\/0716736823041_R01.jpg","width":1200,"height":1200,"caption":"S7268347_0"},{"@type":"BreadcrumbList","@id":"https:\/\/serennashop.com\/it\/prod\/tommy-hilfiger-tj-0094_s\/#breadcrumb","itemListElement":[{"@type":"ListItem","position":1,"name":"Etusivu","item":"https:\/\/serennashop.com\/it\/"},{"@type":"ListItem","position":2,"name":"Kauppa","item":"https:\/\/serennashop.com\/it\/shop\/"},{"@type":"ListItem","position":3,"name":"Occhiali da sole da uomo Tommy Hilfiger TJ 0094_S"}]},{"@type":"WebSite","@id":"https:\/\/serennashop.com\/it\/#website","url":"https:\/\/serennashop.com\/it\/","name":"Serenna","description":"","publisher":{"@id":"https:\/\/serennashop.com\/it\/#organization"},"potentialAction":[{"@type":"SearchAction","target":{"@type":"EntryPoint","urlTemplate":"https:\/\/serennashop.com\/it\/?s={search_term_string}"},"query-input":{"@type":"PropertyValueSpecification","valueRequired":true,"valueName":"search_term_string"}}],"inLanguage":"it-IT"},{"@type":"Organization","@id":"https:\/\/serennashop.com\/it\/#organization","name":"Serenna","url":"https:\/\/serennashop.com\/it\/","logo":{"@type":"ImageObject","inLanguage":"it-IT","@id":"https:\/\/serennashop.com\/it\/#\/schema\/logo\/image\/","url":"https:\/\/www.serenna.fi\/wp-content\/uploads\/2025\/12\/serenna-logo2.png","contentUrl":"https:\/\/www.serenna.fi\/wp-content\/uploads\/2025\/12\/serenna-logo2.png","width":2383,"height":317,"caption":"Serenna"},"image":{"@id":"https:\/\/serennashop.com\/it\/#\/schema\/logo\/image\/"},"sameAs":["https:\/\/www.facebook.com\/serennadecor","https:\/\/www.instagram.com\/serennadecor"]}]}},"_links":{"self":[{"href":"https:\/\/serennashop.com\/it\/wp-json\/wp\/v2\/product\/49704","targetHints":{"allow":["GET"]}}],"collection":[{"href":"https:\/\/serennashop.com\/it\/wp-json\/wp\/v2\/product"}],"about":[{"href":"https:\/\/serennashop.com\/it\/wp-json\/wp\/v2\/types\/product"}],"replies":[{"embeddable":true,"href":"https:\/\/serennashop.com\/it\/wp-json\/wp\/v2\/comments?post=49704"}],"wp:featuredmedia":[{"embeddable":true,"href":"https:\/\/serennashop.com\/it\/wp-json\/wp\/v2\/media\/76622"}],"wp:attachment":[{"href":"https:\/\/serennashop.com\/it\/wp-json\/wp\/v2\/media?parent=49704"}],"wp:term":[{"taxonomy":"product_brand","embeddable":true,"href":"https:\/\/serennashop.com\/it\/wp-json\/wp\/v2\/product_brand?post=49704"},{"taxonomy":"product_cat","embeddable":true,"href":"https:\/\/serennashop.com\/it\/wp-json\/wp\/v2\/product_cat?post=49704"},{"taxonomy":"product_tag","embeddable":true,"href":"https:\/\/serennashop.com\/it\/wp-json\/wp\/v2\/product_tag?post=49704"}],"curies":[{"name":"wp","href":"https:\/\/api.w.org\/{rel}","templated":true}]}}