{"id":54755,"date":"2026-01-11T14:18:24","date_gmt":"2026-01-11T12:18:24","guid":{"rendered":"https:\/\/serennashop.com\/prod\/t-vibe-innovagoods\/"},"modified":"2026-03-26T00:06:12","modified_gmt":"2026-03-25T22:06:12","slug":"t-vibe-innovagoods","status":"publish","type":"product","link":"https:\/\/serennashop.com\/fr\/prod\/t-vibe-innovagoods\/","title":{"rendered":"Appareil de massage facial rajeunissant \u00e0 haute fr\u00e9quence T-Vibe InnovaGoods"},"content":{"rendered":"<div class=\"col-md-6\"><b>InnovaGoods<\/b> vous aide \u00e0 prendre soin de vous sans excuses, en vous proposant les meilleurs et les plus r\u00e9cents produits de beaut\u00e9, de d\u00e9tente et de bien-\u00eatre ! <b>Le masseur facial rajeunissant \u00e0 haute fr\u00e9quence T-Vibe InnovaGoods<\/b>  en est un bon exemple ! D\u00e9couvrez une large gamme de produits de haute qualit\u00e9 qui se distinguent par leur praticit\u00e9, leur efficacit\u00e9 et leur design innovant.<\/p>\n<p>Appareil de massage et de rajeunissement du visage qui \u00e9limine les rides et les rides d&#x27;expression gr\u00e2ce \u00e0 des vibrations \u00e0 haute fr\u00e9quence (6 000 vibrations par minute). Sp\u00e9cialement con\u00e7u pour les pommettes, les oreilles, le double menton et la zone T. La fonction de massage d\u00e9tend les muscles du visage et procure une sensation agr\u00e9able de d\u00e9tente et de bien-\u00eatre. De plus, elle renforce l&#x27;efficacit\u00e9 des cr\u00e8mes et des s\u00e9rums en favorisant leur absorption en profondeur dans la peau.<\/p>\n<ul>\n<li>Mat\u00e9riau :\n<ul>\n<li>Aluminium<\/li>\n<li>Laiton<\/li>\n<\/ul>\n<\/li>\n<li>Couleur : dor\u00e9<\/li>\n<li>Type : Appareil de massage facial<\/li>\n<li>Vibration \u00e0 haute fr\u00e9quence : 6000 v.p.m.<\/li>\n<li>Design moderne et ergonomique : innovant et pratique<\/li>\n<li>Anti-\u00e2ge : am\u00e9liore l&#x27;\u00e9tat et l&#x27;apparence de la peau<\/li>\n<li>Multifonctionnel :\n<ul>\n<li>Fonction massage<\/li>\n<li>Soin r\u00e9g\u00e9n\u00e9rant<\/li>\n<\/ul>\n<\/li>\n<li>Effets b\u00e9n\u00e9fiques :\n<ul>\n<li>D\u00e9tend les muscles du visage<\/li>\n<li>R\u00e9duit les rides et les rides d&#x27;expression<\/li>\n<li>Renforce l&#x27;effet des cr\u00e8mes et des s\u00e9rums<\/li>\n<\/ul>\n<\/li>\n<li>Facile \u00e0 utiliser : agr\u00e9able et simple d&#x27;utilisation<\/li>\n<li>Caract\u00e9ristiques : \u00c9tanche<\/li>\n<li>Compact : taille r\u00e9duite et compacte<\/li>\n<li>Unique et portable : prend peu de place<\/li>\n<li>L\u00e9ger et pratique : facile \u00e0 transporter et \u00e0 ranger<\/li>\n<li>Nombre de piles : 1<\/li>\n<li>Type de batterie : AA<\/li>\n<li>Piles incluses : Non<\/li>\n<li>Dimensions approximatives : 3,3 x 14 x 1,5 cm<\/li>\n<li>Emballage et instructions en 24 langues : anglais, fran\u00e7ais, espagnol, allemand, italien, portugais, n\u00e9erlandais, polonais, hongrois, roumain, danois, su\u00e9dois, finnois, lituanien, norv\u00e9gien, slov\u00e8ne, grec, tch\u00e8que, bulgare, croate, slovaque, estonien, russe et letton<\/li>\n<\/ul>\n<\/div>\n<div class=\"col-md-6\">\n<div class=\"embed-responsive embed-responsive-16by9\"><\/div>\n<\/div>\n","protected":false},"excerpt":{"rendered":"<p>InnovaGoods vous aide \u00e0 prendre soin de vous sans excuses, en vous proposant les meilleurs et les plus r\u00e9cents produits de beaut\u00e9, de d\u00e9tente et de bien-\u00eatre ! Le masseur facial rajeunissant \u00e0 haute fr\u00e9quence T-Vibe InnovaGoods en est un bon exemple ! D\u00e9couvrez une large gamme de produits de haute qualit\u00e9 qui se distinguent [&#8230;]\n","protected":false},"featured_media":13907,"comment_status":"open","ping_status":"closed","template":"","meta":[],"product_brand":[],"product_cat":[883,1325],"product_tag":[886,557],"class_list":{"0":"post-54755","1":"product","2":"type-product","3":"status-publish","4":"has-post-thumbnail","6":"product_cat-beaute-et-sante","7":"product_cat-cheveux-et-barbe","8":"product_tag-tag_217","9":"product_tag-tag_193","11":"first","12":"instock","13":"taxable","14":"shipping-taxable","15":"purchasable","16":"product-type-simple"},"yoast_head":"<!-- This site is optimized with the Yoast SEO plugin v27.4 - https:\/\/yoast.com\/product\/yoast-seo-wordpress\/ -->\n<title>Appareil de massage facial rajeunissant \u00e0 haute fr\u00e9quence T-Vibe InnovaGoods - Serenna<\/title>\n<meta name=\"robots\" content=\"index, follow, max-snippet:-1, max-image-preview:large, max-video-preview:-1\" \/>\n<link rel=\"canonical\" href=\"https:\/\/serennashop.com\/fr\/prod\/t-vibe-innovagoods\/\" \/>\n<meta property=\"og:locale\" content=\"fr_FR\" \/>\n<meta property=\"og:type\" content=\"article\" \/>\n<meta property=\"og:title\" content=\"Appareil de massage facial rajeunissant \u00e0 haute fr\u00e9quence T-Vibe InnovaGoods - Serenna\" \/>\n<meta property=\"og:description\" content=\"InnovaGoods vous aide \u00e0 prendre soin de vous sans excuses, en vous proposant les meilleurs et les plus r\u00e9cents produits de beaut\u00e9, de d\u00e9tente et de bien-\u00eatre ! Le masseur facial rajeunissant \u00e0 haute fr\u00e9quence T-Vibe InnovaGoods en est un bon exemple ! D\u00e9couvrez une large gamme de produits de haute qualit\u00e9 qui se distinguent [...]\" \/>\n<meta property=\"og:url\" content=\"https:\/\/serennashop.com\/fr\/prod\/t-vibe-innovagoods\/\" \/>\n<meta property=\"og:site_name\" content=\"Serenna\" \/>\n<meta property=\"article:publisher\" content=\"https:\/\/www.facebook.com\/serennadecor\" \/>\n<meta property=\"article:modified_time\" content=\"2026-03-25T22:06:12+00:00\" \/>\n<meta property=\"og:image\" content=\"https:\/\/serennashop.com\/wp-content\/uploads\/2026\/01\/V0103113_000_MKT3.jpg\" \/>\n\t<meta property=\"og:image:width\" content=\"1200\" \/>\n\t<meta property=\"og:image:height\" content=\"1200\" \/>\n\t<meta property=\"og:image:type\" content=\"image\/jpeg\" \/>\n<meta name=\"twitter:card\" content=\"summary_large_image\" \/>\n<meta name=\"twitter:label1\" content=\"Dur\u00e9e de lecture estim\u00e9e\" \/>\n\t<meta name=\"twitter:data1\" content=\"1 minute\" \/>\n<script type=\"application\/ld+json\" class=\"yoast-schema-graph\">{\"@context\":\"https:\\\/\\\/schema.org\",\"@graph\":[{\"@type\":\"WebPage\",\"@id\":\"https:\\\/\\\/serennashop.com\\\/fr\\\/prod\\\/t-vibe-innovagoods\\\/\",\"url\":\"https:\\\/\\\/serennashop.com\\\/fr\\\/prod\\\/t-vibe-innovagoods\\\/\",\"name\":\"Appareil de massage facial rajeunissant \u00e0 haute fr\u00e9quence T-Vibe InnovaGoods - Serenna\",\"isPartOf\":{\"@id\":\"https:\\\/\\\/serennashop.com\\\/fr\\\/#website\"},\"primaryImageOfPage\":{\"@id\":\"https:\\\/\\\/serennashop.com\\\/fr\\\/prod\\\/t-vibe-innovagoods\\\/#primaryimage\"},\"image\":{\"@id\":\"https:\\\/\\\/serennashop.com\\\/fr\\\/prod\\\/t-vibe-innovagoods\\\/#primaryimage\"},\"thumbnailUrl\":\"https:\\\/\\\/serennashop.com\\\/wp-content\\\/uploads\\\/2026\\\/01\\\/V0103113_000_MKT3.jpg\",\"datePublished\":\"2026-01-11T12:18:24+00:00\",\"dateModified\":\"2026-03-25T22:06:12+00:00\",\"breadcrumb\":{\"@id\":\"https:\\\/\\\/serennashop.com\\\/fr\\\/prod\\\/t-vibe-innovagoods\\\/#breadcrumb\"},\"inLanguage\":\"fr-FR\",\"potentialAction\":[{\"@type\":\"ReadAction\",\"target\":[\"https:\\\/\\\/serennashop.com\\\/fr\\\/prod\\\/t-vibe-innovagoods\\\/\"]}]},{\"@type\":\"ImageObject\",\"inLanguage\":\"fr-FR\",\"@id\":\"https:\\\/\\\/serennashop.com\\\/fr\\\/prod\\\/t-vibe-innovagoods\\\/#primaryimage\",\"url\":\"https:\\\/\\\/serennashop.com\\\/wp-content\\\/uploads\\\/2026\\\/01\\\/V0103113_000_MKT3.jpg\",\"contentUrl\":\"https:\\\/\\\/serennashop.com\\\/wp-content\\\/uploads\\\/2026\\\/01\\\/V0103113_000_MKT3.jpg\",\"width\":1200,\"height\":1200,\"caption\":\"V0103113_0\"},{\"@type\":\"BreadcrumbList\",\"@id\":\"https:\\\/\\\/serennashop.com\\\/fr\\\/prod\\\/t-vibe-innovagoods\\\/#breadcrumb\",\"itemListElement\":[{\"@type\":\"ListItem\",\"position\":1,\"name\":\"Etusivu\",\"item\":\"https:\\\/\\\/serennashop.com\\\/fr\\\/\"},{\"@type\":\"ListItem\",\"position\":2,\"name\":\"Magasin\",\"item\":\"https:\\\/\\\/serennashop.com\\\/fr\\\/shop\\\/\"},{\"@type\":\"ListItem\",\"position\":3,\"name\":\"Appareil de massage facial rajeunissant \u00e0 haute fr\u00e9quence T-Vibe InnovaGoods\"}]},{\"@type\":\"WebSite\",\"@id\":\"https:\\\/\\\/serennashop.com\\\/fr\\\/#website\",\"url\":\"https:\\\/\\\/serennashop.com\\\/fr\\\/\",\"name\":\"Serenna\",\"description\":\"\",\"publisher\":{\"@id\":\"https:\\\/\\\/serennashop.com\\\/fr\\\/#organization\"},\"potentialAction\":[{\"@type\":\"SearchAction\",\"target\":{\"@type\":\"EntryPoint\",\"urlTemplate\":\"https:\\\/\\\/serennashop.com\\\/fr\\\/?s={search_term_string}\"},\"query-input\":{\"@type\":\"PropertyValueSpecification\",\"valueRequired\":true,\"valueName\":\"search_term_string\"}}],\"inLanguage\":\"fr-FR\"},{\"@type\":\"Organization\",\"@id\":\"https:\\\/\\\/serennashop.com\\\/fr\\\/#organization\",\"name\":\"Serenna\",\"url\":\"https:\\\/\\\/serennashop.com\\\/fr\\\/\",\"logo\":{\"@type\":\"ImageObject\",\"inLanguage\":\"fr-FR\",\"@id\":\"https:\\\/\\\/serennashop.com\\\/fr\\\/#\\\/schema\\\/logo\\\/image\\\/\",\"url\":\"https:\\\/\\\/www.serenna.fi\\\/wp-content\\\/uploads\\\/2025\\\/12\\\/serenna-logo2.png\",\"contentUrl\":\"https:\\\/\\\/www.serenna.fi\\\/wp-content\\\/uploads\\\/2025\\\/12\\\/serenna-logo2.png\",\"width\":2383,\"height\":317,\"caption\":\"Serenna\"},\"image\":{\"@id\":\"https:\\\/\\\/serennashop.com\\\/fr\\\/#\\\/schema\\\/logo\\\/image\\\/\"},\"sameAs\":[\"https:\\\/\\\/www.facebook.com\\\/serennadecor\",\"https:\\\/\\\/www.instagram.com\\\/serennadecor\"]}]}<\/script>\n<!-- \/ Yoast SEO plugin. -->","yoast_head_json":{"title":"Appareil de massage facial rajeunissant \u00e0 haute fr\u00e9quence T-Vibe InnovaGoods - Serenna","robots":{"index":"index","follow":"follow","max-snippet":"max-snippet:-1","max-image-preview":"max-image-preview:large","max-video-preview":"max-video-preview:-1"},"canonical":"https:\/\/serennashop.com\/fr\/prod\/t-vibe-innovagoods\/","og_locale":"fr_FR","og_type":"article","og_title":"Appareil de massage facial rajeunissant \u00e0 haute fr\u00e9quence T-Vibe InnovaGoods - Serenna","og_description":"InnovaGoods vous aide \u00e0 prendre soin de vous sans excuses, en vous proposant les meilleurs et les plus r\u00e9cents produits de beaut\u00e9, de d\u00e9tente et de bien-\u00eatre ! Le masseur facial rajeunissant \u00e0 haute fr\u00e9quence T-Vibe InnovaGoods en est un bon exemple ! D\u00e9couvrez une large gamme de produits de haute qualit\u00e9 qui se distinguent [...]","og_url":"https:\/\/serennashop.com\/fr\/prod\/t-vibe-innovagoods\/","og_site_name":"Serenna","article_publisher":"https:\/\/www.facebook.com\/serennadecor","article_modified_time":"2026-03-25T22:06:12+00:00","og_image":[{"width":1200,"height":1200,"url":"https:\/\/serennashop.com\/wp-content\/uploads\/2026\/01\/V0103113_000_MKT3.jpg","type":"image\/jpeg"}],"twitter_card":"summary_large_image","twitter_misc":{"Dur\u00e9e de lecture estim\u00e9e":"1 minute"},"schema":{"@context":"https:\/\/schema.org","@graph":[{"@type":"WebPage","@id":"https:\/\/serennashop.com\/fr\/prod\/t-vibe-innovagoods\/","url":"https:\/\/serennashop.com\/fr\/prod\/t-vibe-innovagoods\/","name":"Appareil de massage facial rajeunissant \u00e0 haute fr\u00e9quence T-Vibe InnovaGoods - Serenna","isPartOf":{"@id":"https:\/\/serennashop.com\/fr\/#website"},"primaryImageOfPage":{"@id":"https:\/\/serennashop.com\/fr\/prod\/t-vibe-innovagoods\/#primaryimage"},"image":{"@id":"https:\/\/serennashop.com\/fr\/prod\/t-vibe-innovagoods\/#primaryimage"},"thumbnailUrl":"https:\/\/serennashop.com\/wp-content\/uploads\/2026\/01\/V0103113_000_MKT3.jpg","datePublished":"2026-01-11T12:18:24+00:00","dateModified":"2026-03-25T22:06:12+00:00","breadcrumb":{"@id":"https:\/\/serennashop.com\/fr\/prod\/t-vibe-innovagoods\/#breadcrumb"},"inLanguage":"fr-FR","potentialAction":[{"@type":"ReadAction","target":["https:\/\/serennashop.com\/fr\/prod\/t-vibe-innovagoods\/"]}]},{"@type":"ImageObject","inLanguage":"fr-FR","@id":"https:\/\/serennashop.com\/fr\/prod\/t-vibe-innovagoods\/#primaryimage","url":"https:\/\/serennashop.com\/wp-content\/uploads\/2026\/01\/V0103113_000_MKT3.jpg","contentUrl":"https:\/\/serennashop.com\/wp-content\/uploads\/2026\/01\/V0103113_000_MKT3.jpg","width":1200,"height":1200,"caption":"V0103113_0"},{"@type":"BreadcrumbList","@id":"https:\/\/serennashop.com\/fr\/prod\/t-vibe-innovagoods\/#breadcrumb","itemListElement":[{"@type":"ListItem","position":1,"name":"Etusivu","item":"https:\/\/serennashop.com\/fr\/"},{"@type":"ListItem","position":2,"name":"Magasin","item":"https:\/\/serennashop.com\/fr\/shop\/"},{"@type":"ListItem","position":3,"name":"Appareil de massage facial rajeunissant \u00e0 haute fr\u00e9quence T-Vibe InnovaGoods"}]},{"@type":"WebSite","@id":"https:\/\/serennashop.com\/fr\/#website","url":"https:\/\/serennashop.com\/fr\/","name":"Serenna","description":"","publisher":{"@id":"https:\/\/serennashop.com\/fr\/#organization"},"potentialAction":[{"@type":"SearchAction","target":{"@type":"EntryPoint","urlTemplate":"https:\/\/serennashop.com\/fr\/?s={search_term_string}"},"query-input":{"@type":"PropertyValueSpecification","valueRequired":true,"valueName":"search_term_string"}}],"inLanguage":"fr-FR"},{"@type":"Organization","@id":"https:\/\/serennashop.com\/fr\/#organization","name":"Serenna","url":"https:\/\/serennashop.com\/fr\/","logo":{"@type":"ImageObject","inLanguage":"fr-FR","@id":"https:\/\/serennashop.com\/fr\/#\/schema\/logo\/image\/","url":"https:\/\/www.serenna.fi\/wp-content\/uploads\/2025\/12\/serenna-logo2.png","contentUrl":"https:\/\/www.serenna.fi\/wp-content\/uploads\/2025\/12\/serenna-logo2.png","width":2383,"height":317,"caption":"Serenna"},"image":{"@id":"https:\/\/serennashop.com\/fr\/#\/schema\/logo\/image\/"},"sameAs":["https:\/\/www.facebook.com\/serennadecor","https:\/\/www.instagram.com\/serennadecor"]}]}},"_links":{"self":[{"href":"https:\/\/serennashop.com\/fr\/wp-json\/wp\/v2\/product\/54755","targetHints":{"allow":["GET"]}}],"collection":[{"href":"https:\/\/serennashop.com\/fr\/wp-json\/wp\/v2\/product"}],"about":[{"href":"https:\/\/serennashop.com\/fr\/wp-json\/wp\/v2\/types\/product"}],"replies":[{"embeddable":true,"href":"https:\/\/serennashop.com\/fr\/wp-json\/wp\/v2\/comments?post=54755"}],"wp:featuredmedia":[{"embeddable":true,"href":"https:\/\/serennashop.com\/fr\/wp-json\/wp\/v2\/media\/13907"}],"wp:attachment":[{"href":"https:\/\/serennashop.com\/fr\/wp-json\/wp\/v2\/media?parent=54755"}],"wp:term":[{"taxonomy":"product_brand","embeddable":true,"href":"https:\/\/serennashop.com\/fr\/wp-json\/wp\/v2\/product_brand?post=54755"},{"taxonomy":"product_cat","embeddable":true,"href":"https:\/\/serennashop.com\/fr\/wp-json\/wp\/v2\/product_cat?post=54755"},{"taxonomy":"product_tag","embeddable":true,"href":"https:\/\/serennashop.com\/fr\/wp-json\/wp\/v2\/product_tag?post=54755"}],"curies":[{"name":"wp","href":"https:\/\/api.w.org\/{rel}","templated":true}]}}