{"id":54720,"date":"2026-01-10T22:58:22","date_gmt":"2026-01-10T20:58:22","guid":{"rendered":"https:\/\/serennashop.com\/prod\/trimpen-innovagoods\/"},"modified":"2026-03-26T00:06:11","modified_gmt":"2026-03-25T22:06:11","slug":"trimpen-innovagoods","status":"publish","type":"product","link":"https:\/\/serennashop.com\/fr\/prod\/trimpen-innovagoods\/","title":{"rendered":"Tondeuse pour poils du nez et des oreilles Trimpen InnovaGoods"},"content":{"rendered":"<div class=\"col-md-6\">\n<p><b>InnovaGoods<\/b> vous aide \u00e0 prendre soin de vous sans excuses, en vous proposant les meilleurs et les plus r\u00e9cents produits de beaut\u00e9, de relaxation et de bien-\u00eatre ! <b>La tondeuse pour poils du nez et des oreilles Trimpen InnovaGoods Wellness Beauty<\/b> en est un bon exemple ! D\u00e9couvrez une large gamme de produits de haute qualit\u00e9 qui se distinguent par leur praticit\u00e9, leur efficacit\u00e9 et leur design innovant.<\/p>\n<p>La tondeuse pour nez et oreilles, au design moderne, ergonomique et compact, est id\u00e9ale pour tailler et \u00e9liminer les poils du nez et des oreilles. Il est sans fil et fonctionne avec 1 pile AAA (non incluse), ce qui \u00e9vite d&#x27;avoir \u00e0 utiliser des c\u00e2bles encombrants ou des prises \u00e9lectriques. Gr\u00e2ce \u00e0 sa taille r\u00e9duite et discr\u00e8te, il est facile \u00e0 transporter et \u00e0 ranger n&#x27;importe o\u00f9, sans prendre beaucoup de place. Ce mini-tondeuse permet \u00e9galement d&#x27;atteindre les zones les plus difficiles. L&#x27;une de ses principales caract\u00e9ristiques est son caract\u00e8re indolore, car il ne tire pas et n&#x27;arrache pas les poils \u00e0 la racine, mais les coupe sans douleur et sans endommager les zones sensibles. Il est \u00e9quip\u00e9 d&#x27;un seul bouton marche\/arr\u00eat et est tr\u00e8s facile \u00e0 utiliser. Il fonctionne selon un principe de coupe rotative. Il suffit de le passer d\u00e9licatement \u00e0 l&#x27;int\u00e9rieur du nez et des oreilles en effectuant des mouvements rotatifs et de r\u00e9p\u00e9ter l&#x27;op\u00e9ration jusqu&#x27;\u00e0 ce que les poils soient \u00e9limin\u00e9s. La t\u00eate de coupe est amovible, ce qui facilite son nettoyage, et elle est \u00e9quip\u00e9e d&#x27;un prot\u00e8ge-lame. Une petite brosse de nettoyage est \u00e9galement fournie.<\/p>\n<ul>\n<li>Mat\u00e9riau :\n<ul>\n<li>ABS<\/li>\n<li>Aluminium<\/li>\n<\/ul>\n<\/li>\n<li>Couleur\n<ul>\n<li>Noir<\/li>\n<li>Gris<\/li>\n<\/ul>\n<\/li>\n<li>Design moderne : Ergonomique<\/li>\n<li>Type : \u00c9lectronique<\/li>\n<li>Sans fil : sans c\u00e2bles<\/li>\n<li>Fonctionne avec des piles (non fournies) : 1 x AAA 1,5 V<\/li>\n<li>Tondeuse de profil \/ tondeuse de pr\u00e9cision : Tondeuse pour poils du nez et des oreilles<\/li>\n<li>Indolore : Confortable, simple et facile \u00e0 utiliser<\/li>\n<li>T\u00eate amovible : facile \u00e0 nettoyer<\/li>\n<li>Capot de protection : facile \u00e0 ouvrir<\/li>\n<li>Bouton d&#x27;alimentation : facile \u00e0 utiliser<\/li>\n<li>Comprend : petite brosse de nettoyage<\/li>\n<li>Taille compacte r\u00e9duite : prend peu de place<\/li>\n<li>L\u00e9ger et pratique : facile \u00e0 transporter et \u00e0 ranger<\/li>\n<li>Vitesse : 15 000 tr\/min<\/li>\n<li>Faible consommation : 0,5 W<\/li>\n<li>Dimensions approximatives : \u00d81,4 x 11,3 cm<\/li>\n<li>Emballage et instructions en 24 langues : anglais, fran\u00e7ais, espagnol, allemand, italien, portugais, n\u00e9erlandais, polonais, hongrois, roumain, danois, su\u00e9dois, finnois, lituanien, norv\u00e9gien, slov\u00e8ne, grec, tch\u00e8que, bulgare, croate, slovaque, estonien, russe et letton<\/li>\n<\/ul>\n<p>Emballage et instructions en 24 langues : anglais, fran\u00e7ais, espagnol, allemand, italien, portugais, n\u00e9erlandais, polonais, hongrois, roumain, danois, su\u00e9dois, finnois, lituanien, norv\u00e9gien, slov\u00e8ne, grec, tch\u00e8que, bulgare, croate, slovaque, estonien, russe et letton.<\/p>\n<\/div>\n<div class=\"col-md-6\">\n<div class=\"embed-responsive embed-responsive-16by9\"><\/div>\n<\/div>\n","protected":false},"excerpt":{"rendered":"<p>InnovaGoods vous aide \u00e0 prendre soin de vous sans excuses, en vous proposant les meilleurs et les plus r\u00e9cents produits de beaut\u00e9, de relaxation et de bien-\u00eatre ! La tondeuse pour poils du nez et des oreilles Trimpen InnovaGoods Wellness Beauty en est un bon exemple ! D\u00e9couvrez une large gamme de produits de haute [&#8230;]\n","protected":false},"featured_media":13686,"comment_status":"open","ping_status":"closed","template":"","meta":[],"product_brand":[],"product_cat":[883,1325],"product_tag":[886],"class_list":{"0":"post-54720","1":"product","2":"type-product","3":"status-publish","4":"has-post-thumbnail","6":"product_cat-beaute-et-sante","7":"product_cat-cheveux-et-barbe","8":"product_tag-tag_217","10":"first","11":"instock","12":"taxable","13":"shipping-taxable","14":"purchasable","15":"product-type-simple"},"yoast_head":"<!-- This site is optimized with the Yoast SEO plugin v27.4 - https:\/\/yoast.com\/product\/yoast-seo-wordpress\/ -->\n<title>Tondeuse pour poils du nez et des oreilles Trimpen InnovaGoods - Serenna<\/title>\n<meta name=\"robots\" content=\"index, follow, max-snippet:-1, max-image-preview:large, max-video-preview:-1\" \/>\n<link rel=\"canonical\" href=\"https:\/\/serennashop.com\/fr\/prod\/trimpen-innovagoods\/\" \/>\n<meta property=\"og:locale\" content=\"fr_FR\" \/>\n<meta property=\"og:type\" content=\"article\" \/>\n<meta property=\"og:title\" content=\"Tondeuse pour poils du nez et des oreilles Trimpen InnovaGoods - Serenna\" \/>\n<meta property=\"og:description\" content=\"InnovaGoods vous aide \u00e0 prendre soin de vous sans excuses, en vous proposant les meilleurs et les plus r\u00e9cents produits de beaut\u00e9, de relaxation et de bien-\u00eatre ! La tondeuse pour poils du nez et des oreilles Trimpen InnovaGoods Wellness Beauty en est un bon exemple ! D\u00e9couvrez une large gamme de produits de haute [...]\" \/>\n<meta property=\"og:url\" content=\"https:\/\/serennashop.com\/fr\/prod\/trimpen-innovagoods\/\" \/>\n<meta property=\"og:site_name\" content=\"Serenna\" \/>\n<meta property=\"article:publisher\" content=\"https:\/\/www.facebook.com\/serennadecor\" \/>\n<meta property=\"article:modified_time\" content=\"2026-03-25T22:06:11+00:00\" \/>\n<meta property=\"og:image\" content=\"https:\/\/serennashop.com\/wp-content\/uploads\/2026\/01\/V0103330_000_MKT-v_13.jpg\" \/>\n\t<meta property=\"og:image:width\" content=\"1200\" \/>\n\t<meta property=\"og:image:height\" content=\"1200\" \/>\n\t<meta property=\"og:image:type\" content=\"image\/jpeg\" \/>\n<meta name=\"twitter:card\" content=\"summary_large_image\" \/>\n<meta name=\"twitter:label1\" content=\"Dur\u00e9e de lecture estim\u00e9e\" \/>\n\t<meta name=\"twitter:data1\" content=\"3 minutes\" \/>\n<script type=\"application\/ld+json\" class=\"yoast-schema-graph\">{\"@context\":\"https:\\\/\\\/schema.org\",\"@graph\":[{\"@type\":\"WebPage\",\"@id\":\"https:\\\/\\\/serennashop.com\\\/fr\\\/prod\\\/trimpen-innovagoods\\\/\",\"url\":\"https:\\\/\\\/serennashop.com\\\/fr\\\/prod\\\/trimpen-innovagoods\\\/\",\"name\":\"Tondeuse pour poils du nez et des oreilles Trimpen InnovaGoods - Serenna\",\"isPartOf\":{\"@id\":\"https:\\\/\\\/serennashop.com\\\/fr\\\/#website\"},\"primaryImageOfPage\":{\"@id\":\"https:\\\/\\\/serennashop.com\\\/fr\\\/prod\\\/trimpen-innovagoods\\\/#primaryimage\"},\"image\":{\"@id\":\"https:\\\/\\\/serennashop.com\\\/fr\\\/prod\\\/trimpen-innovagoods\\\/#primaryimage\"},\"thumbnailUrl\":\"https:\\\/\\\/serennashop.com\\\/wp-content\\\/uploads\\\/2026\\\/01\\\/V0103330_000_MKT-v_13.jpg\",\"datePublished\":\"2026-01-10T20:58:22+00:00\",\"dateModified\":\"2026-03-25T22:06:11+00:00\",\"breadcrumb\":{\"@id\":\"https:\\\/\\\/serennashop.com\\\/fr\\\/prod\\\/trimpen-innovagoods\\\/#breadcrumb\"},\"inLanguage\":\"fr-FR\",\"potentialAction\":[{\"@type\":\"ReadAction\",\"target\":[\"https:\\\/\\\/serennashop.com\\\/fr\\\/prod\\\/trimpen-innovagoods\\\/\"]}]},{\"@type\":\"ImageObject\",\"inLanguage\":\"fr-FR\",\"@id\":\"https:\\\/\\\/serennashop.com\\\/fr\\\/prod\\\/trimpen-innovagoods\\\/#primaryimage\",\"url\":\"https:\\\/\\\/serennashop.com\\\/wp-content\\\/uploads\\\/2026\\\/01\\\/V0103330_000_MKT-v_13.jpg\",\"contentUrl\":\"https:\\\/\\\/serennashop.com\\\/wp-content\\\/uploads\\\/2026\\\/01\\\/V0103330_000_MKT-v_13.jpg\",\"width\":1200,\"height\":1200,\"caption\":\"V0103330_0\"},{\"@type\":\"BreadcrumbList\",\"@id\":\"https:\\\/\\\/serennashop.com\\\/fr\\\/prod\\\/trimpen-innovagoods\\\/#breadcrumb\",\"itemListElement\":[{\"@type\":\"ListItem\",\"position\":1,\"name\":\"Etusivu\",\"item\":\"https:\\\/\\\/serennashop.com\\\/fr\\\/\"},{\"@type\":\"ListItem\",\"position\":2,\"name\":\"Magasin\",\"item\":\"https:\\\/\\\/serennashop.com\\\/fr\\\/shop\\\/\"},{\"@type\":\"ListItem\",\"position\":3,\"name\":\"Tondeuse pour poils du nez et des oreilles Trimpen InnovaGoods\"}]},{\"@type\":\"WebSite\",\"@id\":\"https:\\\/\\\/serennashop.com\\\/fr\\\/#website\",\"url\":\"https:\\\/\\\/serennashop.com\\\/fr\\\/\",\"name\":\"Serenna\",\"description\":\"\",\"publisher\":{\"@id\":\"https:\\\/\\\/serennashop.com\\\/fr\\\/#organization\"},\"potentialAction\":[{\"@type\":\"SearchAction\",\"target\":{\"@type\":\"EntryPoint\",\"urlTemplate\":\"https:\\\/\\\/serennashop.com\\\/fr\\\/?s={search_term_string}\"},\"query-input\":{\"@type\":\"PropertyValueSpecification\",\"valueRequired\":true,\"valueName\":\"search_term_string\"}}],\"inLanguage\":\"fr-FR\"},{\"@type\":\"Organization\",\"@id\":\"https:\\\/\\\/serennashop.com\\\/fr\\\/#organization\",\"name\":\"Serenna\",\"url\":\"https:\\\/\\\/serennashop.com\\\/fr\\\/\",\"logo\":{\"@type\":\"ImageObject\",\"inLanguage\":\"fr-FR\",\"@id\":\"https:\\\/\\\/serennashop.com\\\/fr\\\/#\\\/schema\\\/logo\\\/image\\\/\",\"url\":\"https:\\\/\\\/www.serenna.fi\\\/wp-content\\\/uploads\\\/2025\\\/12\\\/serenna-logo2.png\",\"contentUrl\":\"https:\\\/\\\/www.serenna.fi\\\/wp-content\\\/uploads\\\/2025\\\/12\\\/serenna-logo2.png\",\"width\":2383,\"height\":317,\"caption\":\"Serenna\"},\"image\":{\"@id\":\"https:\\\/\\\/serennashop.com\\\/fr\\\/#\\\/schema\\\/logo\\\/image\\\/\"},\"sameAs\":[\"https:\\\/\\\/www.facebook.com\\\/serennadecor\",\"https:\\\/\\\/www.instagram.com\\\/serennadecor\"]}]}<\/script>\n<!-- \/ Yoast SEO plugin. -->","yoast_head_json":{"title":"Tondeuse pour poils du nez et des oreilles Trimpen InnovaGoods - Serenna","robots":{"index":"index","follow":"follow","max-snippet":"max-snippet:-1","max-image-preview":"max-image-preview:large","max-video-preview":"max-video-preview:-1"},"canonical":"https:\/\/serennashop.com\/fr\/prod\/trimpen-innovagoods\/","og_locale":"fr_FR","og_type":"article","og_title":"Tondeuse pour poils du nez et des oreilles Trimpen InnovaGoods - Serenna","og_description":"InnovaGoods vous aide \u00e0 prendre soin de vous sans excuses, en vous proposant les meilleurs et les plus r\u00e9cents produits de beaut\u00e9, de relaxation et de bien-\u00eatre ! La tondeuse pour poils du nez et des oreilles Trimpen InnovaGoods Wellness Beauty en est un bon exemple ! D\u00e9couvrez une large gamme de produits de haute [...]","og_url":"https:\/\/serennashop.com\/fr\/prod\/trimpen-innovagoods\/","og_site_name":"Serenna","article_publisher":"https:\/\/www.facebook.com\/serennadecor","article_modified_time":"2026-03-25T22:06:11+00:00","og_image":[{"width":1200,"height":1200,"url":"https:\/\/serennashop.com\/wp-content\/uploads\/2026\/01\/V0103330_000_MKT-v_13.jpg","type":"image\/jpeg"}],"twitter_card":"summary_large_image","twitter_misc":{"Dur\u00e9e de lecture estim\u00e9e":"3 minutes"},"schema":{"@context":"https:\/\/schema.org","@graph":[{"@type":"WebPage","@id":"https:\/\/serennashop.com\/fr\/prod\/trimpen-innovagoods\/","url":"https:\/\/serennashop.com\/fr\/prod\/trimpen-innovagoods\/","name":"Tondeuse pour poils du nez et des oreilles Trimpen InnovaGoods - Serenna","isPartOf":{"@id":"https:\/\/serennashop.com\/fr\/#website"},"primaryImageOfPage":{"@id":"https:\/\/serennashop.com\/fr\/prod\/trimpen-innovagoods\/#primaryimage"},"image":{"@id":"https:\/\/serennashop.com\/fr\/prod\/trimpen-innovagoods\/#primaryimage"},"thumbnailUrl":"https:\/\/serennashop.com\/wp-content\/uploads\/2026\/01\/V0103330_000_MKT-v_13.jpg","datePublished":"2026-01-10T20:58:22+00:00","dateModified":"2026-03-25T22:06:11+00:00","breadcrumb":{"@id":"https:\/\/serennashop.com\/fr\/prod\/trimpen-innovagoods\/#breadcrumb"},"inLanguage":"fr-FR","potentialAction":[{"@type":"ReadAction","target":["https:\/\/serennashop.com\/fr\/prod\/trimpen-innovagoods\/"]}]},{"@type":"ImageObject","inLanguage":"fr-FR","@id":"https:\/\/serennashop.com\/fr\/prod\/trimpen-innovagoods\/#primaryimage","url":"https:\/\/serennashop.com\/wp-content\/uploads\/2026\/01\/V0103330_000_MKT-v_13.jpg","contentUrl":"https:\/\/serennashop.com\/wp-content\/uploads\/2026\/01\/V0103330_000_MKT-v_13.jpg","width":1200,"height":1200,"caption":"V0103330_0"},{"@type":"BreadcrumbList","@id":"https:\/\/serennashop.com\/fr\/prod\/trimpen-innovagoods\/#breadcrumb","itemListElement":[{"@type":"ListItem","position":1,"name":"Etusivu","item":"https:\/\/serennashop.com\/fr\/"},{"@type":"ListItem","position":2,"name":"Magasin","item":"https:\/\/serennashop.com\/fr\/shop\/"},{"@type":"ListItem","position":3,"name":"Tondeuse pour poils du nez et des oreilles Trimpen InnovaGoods"}]},{"@type":"WebSite","@id":"https:\/\/serennashop.com\/fr\/#website","url":"https:\/\/serennashop.com\/fr\/","name":"Serenna","description":"","publisher":{"@id":"https:\/\/serennashop.com\/fr\/#organization"},"potentialAction":[{"@type":"SearchAction","target":{"@type":"EntryPoint","urlTemplate":"https:\/\/serennashop.com\/fr\/?s={search_term_string}"},"query-input":{"@type":"PropertyValueSpecification","valueRequired":true,"valueName":"search_term_string"}}],"inLanguage":"fr-FR"},{"@type":"Organization","@id":"https:\/\/serennashop.com\/fr\/#organization","name":"Serenna","url":"https:\/\/serennashop.com\/fr\/","logo":{"@type":"ImageObject","inLanguage":"fr-FR","@id":"https:\/\/serennashop.com\/fr\/#\/schema\/logo\/image\/","url":"https:\/\/www.serenna.fi\/wp-content\/uploads\/2025\/12\/serenna-logo2.png","contentUrl":"https:\/\/www.serenna.fi\/wp-content\/uploads\/2025\/12\/serenna-logo2.png","width":2383,"height":317,"caption":"Serenna"},"image":{"@id":"https:\/\/serennashop.com\/fr\/#\/schema\/logo\/image\/"},"sameAs":["https:\/\/www.facebook.com\/serennadecor","https:\/\/www.instagram.com\/serennadecor"]}]}},"_links":{"self":[{"href":"https:\/\/serennashop.com\/fr\/wp-json\/wp\/v2\/product\/54720","targetHints":{"allow":["GET"]}}],"collection":[{"href":"https:\/\/serennashop.com\/fr\/wp-json\/wp\/v2\/product"}],"about":[{"href":"https:\/\/serennashop.com\/fr\/wp-json\/wp\/v2\/types\/product"}],"replies":[{"embeddable":true,"href":"https:\/\/serennashop.com\/fr\/wp-json\/wp\/v2\/comments?post=54720"}],"wp:featuredmedia":[{"embeddable":true,"href":"https:\/\/serennashop.com\/fr\/wp-json\/wp\/v2\/media\/13686"}],"wp:attachment":[{"href":"https:\/\/serennashop.com\/fr\/wp-json\/wp\/v2\/media?parent=54720"}],"wp:term":[{"taxonomy":"product_brand","embeddable":true,"href":"https:\/\/serennashop.com\/fr\/wp-json\/wp\/v2\/product_brand?post=54720"},{"taxonomy":"product_cat","embeddable":true,"href":"https:\/\/serennashop.com\/fr\/wp-json\/wp\/v2\/product_cat?post=54720"},{"taxonomy":"product_tag","embeddable":true,"href":"https:\/\/serennashop.com\/fr\/wp-json\/wp\/v2\/product_tag?post=54720"}],"curies":[{"name":"wp","href":"https:\/\/api.w.org\/{rel}","templated":true}]}}