{"id":54706,"date":"2026-01-10T22:58:16","date_gmt":"2026-01-10T20:58:16","guid":{"rendered":"https:\/\/serennashop.com\/prod\/jeanne-piaubert-jeanne-piaubert-100-ml\/"},"modified":"2026-03-26T00:06:11","modified_gmt":"2026-03-25T22:06:11","slug":"jeanne-piaubert-jeanne-piaubert-100-ml","status":"publish","type":"product","link":"https:\/\/serennashop.com\/fr\/prod\/jeanne-piaubert-jeanne-piaubert-100-ml\/","title":{"rendered":"Baume \u00e0 barbe Jeanne Piaubert Jeanne Piaubert 100 ml"},"content":{"rendered":"<p>Le baume apr\u00e8s-rasage Methode for Men Jeanne Piaubert (100 ml) est un produit exclusif et haut de gamme pour le soin du corps. Si vous recherchez les meilleurs produits d&#x27;hygi\u00e8ne personnelle, les produits 100 % authentiques Jeanne Piaubert sont exactement ce qu&#x27;il vous faut.<\/p>\n<p><b>Le baume apr\u00e8s-rasage Jeanne Piaubert M\u00e9thode For Men<\/b> est un produit sp\u00e9cialement con\u00e7u pour le soin apr\u00e8s-rasage des hommes, qui allie efficacit\u00e9 et confort dans un flacon de <b>100 ml<\/b>. Issu de l&#x27;alliance des traditions cosm\u00e9tiques espagnoles et fran\u00e7aises, ce baume apr\u00e8s-rasage poss\u00e8de des propri\u00e9t\u00e9s <b>apaisantes<\/b> qui soulagent les irritations cutan\u00e9es caus\u00e9es par le rasage, contribuant ainsi \u00e0 r\u00e9duire l&#x27;inconfort et les rougeurs. Sa texture onctueuse p\u00e9n\u00e8tre rapidement et offre une hydratation nourrissante qui aide \u00e0 maintenir la peau du visage en bonne sant\u00e9 apr\u00e8s le rasage quotidien. Issu de la gamme <b>M\u00e9thode For Men<\/b>, ce baume est un produit efficace et de qualit\u00e9 pour les hommes qui recherchent un soin performant qui pr\u00e9pare et prot\u00e8ge la peau au quotidien. Sa formule est con\u00e7ue pour prot\u00e9ger et restaurer la couche protectrice de la peau, ce qui est essentiel pour pr\u00e9venir la s\u00e9cheresse et les tiraillements apr\u00e8s le rasage. Dans l&#x27;ensemble, <b>le baume apr\u00e8s-rasage Jeanne Piaubert<\/b> est un choix fiable pour apaiser, adoucir et nourrir la peau apr\u00e8s le rasage, dans le cadre d&#x27;une routine de soins personnels pour hommes qui met l&#x27;accent sur l&#x27;efficacit\u00e9 et le confort.<\/p>\n<p>\u00a0<\/p>\n<ul>\n<li>Sexe : Hommes<\/li>\n<li>Contenance : 100 ml<\/li>\n<li>Type :\n<ul>\n<li>Baume apr\u00e8s-rasage<\/li>\n<li>Apr\u00e8s-rasage<\/li>\n<\/ul>\n<\/li>\n<li>Nom du parfum : Methode For Men<\/li>\n<\/ul>\n","protected":false},"excerpt":{"rendered":"<p><span class=\"unit-info\">23.0000 \u20ac \/ 100 ml<\/span><\/p>\n","protected":false},"featured_media":72964,"comment_status":"open","ping_status":"closed","template":"","meta":[],"product_brand":[],"product_cat":[883,1595],"product_tag":[886],"class_list":{"0":"post-54706","1":"product","2":"type-product","3":"status-publish","4":"has-post-thumbnail","6":"product_cat-beaute-et-sante","7":"product_cat-produits-pour-hommes","8":"product_tag-tag_217","10":"first","11":"instock","12":"taxable","13":"shipping-taxable","14":"purchasable","15":"product-type-simple"},"yoast_head":"<!-- This site is optimized with the Yoast SEO plugin v27.4 - https:\/\/yoast.com\/product\/yoast-seo-wordpress\/ -->\n<title>Baume \u00e0 barbe Jeanne Piaubert Jeanne Piaubert 100 ml - Serenna<\/title>\n<meta name=\"robots\" content=\"index, follow, max-snippet:-1, max-image-preview:large, max-video-preview:-1\" \/>\n<link rel=\"canonical\" href=\"https:\/\/serennashop.com\/fr\/prod\/jeanne-piaubert-jeanne-piaubert-100-ml\/\" \/>\n<meta property=\"og:locale\" content=\"fr_FR\" \/>\n<meta property=\"og:type\" content=\"article\" \/>\n<meta property=\"og:title\" content=\"Baume \u00e0 barbe Jeanne Piaubert Jeanne Piaubert 100 ml - Serenna\" \/>\n<meta property=\"og:description\" content=\"23.0000 \u20ac \/ 100 ml\" \/>\n<meta property=\"og:url\" content=\"https:\/\/serennashop.com\/fr\/prod\/jeanne-piaubert-jeanne-piaubert-100-ml\/\" \/>\n<meta property=\"og:site_name\" content=\"Serenna\" \/>\n<meta property=\"article:publisher\" content=\"https:\/\/www.facebook.com\/serennadecor\" \/>\n<meta property=\"article:modified_time\" content=\"2026-03-25T22:06:11+00:00\" \/>\n<meta property=\"og:image\" content=\"https:\/\/serennashop.com\/wp-content\/uploads\/2026\/02\/import_images-2021042711004701-1.jpg\" \/>\n\t<meta property=\"og:image:width\" content=\"1200\" \/>\n\t<meta property=\"og:image:height\" content=\"1200\" \/>\n\t<meta property=\"og:image:type\" content=\"image\/jpeg\" \/>\n<meta name=\"twitter:card\" content=\"summary_large_image\" \/>\n<meta name=\"twitter:label1\" content=\"Dur\u00e9e de lecture estim\u00e9e\" \/>\n\t<meta name=\"twitter:data1\" content=\"2 minutes\" \/>\n<script type=\"application\/ld+json\" class=\"yoast-schema-graph\">{\"@context\":\"https:\\\/\\\/schema.org\",\"@graph\":[{\"@type\":\"WebPage\",\"@id\":\"https:\\\/\\\/serennashop.com\\\/fr\\\/prod\\\/jeanne-piaubert-jeanne-piaubert-100-ml\\\/\",\"url\":\"https:\\\/\\\/serennashop.com\\\/fr\\\/prod\\\/jeanne-piaubert-jeanne-piaubert-100-ml\\\/\",\"name\":\"Baume \u00e0 barbe Jeanne Piaubert Jeanne Piaubert 100 ml - Serenna\",\"isPartOf\":{\"@id\":\"https:\\\/\\\/serennashop.com\\\/fr\\\/#website\"},\"primaryImageOfPage\":{\"@id\":\"https:\\\/\\\/serennashop.com\\\/fr\\\/prod\\\/jeanne-piaubert-jeanne-piaubert-100-ml\\\/#primaryimage\"},\"image\":{\"@id\":\"https:\\\/\\\/serennashop.com\\\/fr\\\/prod\\\/jeanne-piaubert-jeanne-piaubert-100-ml\\\/#primaryimage\"},\"thumbnailUrl\":\"https:\\\/\\\/serennashop.com\\\/wp-content\\\/uploads\\\/2026\\\/04\\\/import_images-2021042711004701.jpg\",\"datePublished\":\"2026-01-10T20:58:16+00:00\",\"dateModified\":\"2026-03-25T22:06:11+00:00\",\"breadcrumb\":{\"@id\":\"https:\\\/\\\/serennashop.com\\\/fr\\\/prod\\\/jeanne-piaubert-jeanne-piaubert-100-ml\\\/#breadcrumb\"},\"inLanguage\":\"fr-FR\",\"potentialAction\":[{\"@type\":\"ReadAction\",\"target\":[\"https:\\\/\\\/serennashop.com\\\/fr\\\/prod\\\/jeanne-piaubert-jeanne-piaubert-100-ml\\\/\"]}]},{\"@type\":\"ImageObject\",\"inLanguage\":\"fr-FR\",\"@id\":\"https:\\\/\\\/serennashop.com\\\/fr\\\/prod\\\/jeanne-piaubert-jeanne-piaubert-100-ml\\\/#primaryimage\",\"url\":\"https:\\\/\\\/serennashop.com\\\/wp-content\\\/uploads\\\/2026\\\/04\\\/import_images-2021042711004701.jpg\",\"contentUrl\":\"https:\\\/\\\/serennashop.com\\\/wp-content\\\/uploads\\\/2026\\\/04\\\/import_images-2021042711004701.jpg\",\"width\":1200,\"height\":1200,\"caption\":\"S0584419_0\"},{\"@type\":\"BreadcrumbList\",\"@id\":\"https:\\\/\\\/serennashop.com\\\/fr\\\/prod\\\/jeanne-piaubert-jeanne-piaubert-100-ml\\\/#breadcrumb\",\"itemListElement\":[{\"@type\":\"ListItem\",\"position\":1,\"name\":\"Etusivu\",\"item\":\"https:\\\/\\\/serennashop.com\\\/fr\\\/\"},{\"@type\":\"ListItem\",\"position\":2,\"name\":\"Magasin\",\"item\":\"https:\\\/\\\/serennashop.com\\\/fr\\\/shop\\\/\"},{\"@type\":\"ListItem\",\"position\":3,\"name\":\"Baume \u00e0 barbe Jeanne Piaubert Jeanne Piaubert 100 ml\"}]},{\"@type\":\"WebSite\",\"@id\":\"https:\\\/\\\/serennashop.com\\\/fr\\\/#website\",\"url\":\"https:\\\/\\\/serennashop.com\\\/fr\\\/\",\"name\":\"Serenna\",\"description\":\"\",\"publisher\":{\"@id\":\"https:\\\/\\\/serennashop.com\\\/fr\\\/#organization\"},\"potentialAction\":[{\"@type\":\"SearchAction\",\"target\":{\"@type\":\"EntryPoint\",\"urlTemplate\":\"https:\\\/\\\/serennashop.com\\\/fr\\\/?s={search_term_string}\"},\"query-input\":{\"@type\":\"PropertyValueSpecification\",\"valueRequired\":true,\"valueName\":\"search_term_string\"}}],\"inLanguage\":\"fr-FR\"},{\"@type\":\"Organization\",\"@id\":\"https:\\\/\\\/serennashop.com\\\/fr\\\/#organization\",\"name\":\"Serenna\",\"url\":\"https:\\\/\\\/serennashop.com\\\/fr\\\/\",\"logo\":{\"@type\":\"ImageObject\",\"inLanguage\":\"fr-FR\",\"@id\":\"https:\\\/\\\/serennashop.com\\\/fr\\\/#\\\/schema\\\/logo\\\/image\\\/\",\"url\":\"https:\\\/\\\/www.serenna.fi\\\/wp-content\\\/uploads\\\/2025\\\/12\\\/serenna-logo2.png\",\"contentUrl\":\"https:\\\/\\\/www.serenna.fi\\\/wp-content\\\/uploads\\\/2025\\\/12\\\/serenna-logo2.png\",\"width\":2383,\"height\":317,\"caption\":\"Serenna\"},\"image\":{\"@id\":\"https:\\\/\\\/serennashop.com\\\/fr\\\/#\\\/schema\\\/logo\\\/image\\\/\"},\"sameAs\":[\"https:\\\/\\\/www.facebook.com\\\/serennadecor\",\"https:\\\/\\\/www.instagram.com\\\/serennadecor\"]}]}<\/script>\n<!-- \/ Yoast SEO plugin. -->","yoast_head_json":{"title":"Baume \u00e0 barbe Jeanne Piaubert Jeanne Piaubert 100 ml - Serenna","robots":{"index":"index","follow":"follow","max-snippet":"max-snippet:-1","max-image-preview":"max-image-preview:large","max-video-preview":"max-video-preview:-1"},"canonical":"https:\/\/serennashop.com\/fr\/prod\/jeanne-piaubert-jeanne-piaubert-100-ml\/","og_locale":"fr_FR","og_type":"article","og_title":"Baume \u00e0 barbe Jeanne Piaubert Jeanne Piaubert 100 ml - Serenna","og_description":"23.0000 \u20ac \/ 100 ml","og_url":"https:\/\/serennashop.com\/fr\/prod\/jeanne-piaubert-jeanne-piaubert-100-ml\/","og_site_name":"Serenna","article_publisher":"https:\/\/www.facebook.com\/serennadecor","article_modified_time":"2026-03-25T22:06:11+00:00","og_image":[{"width":1200,"height":1200,"url":"https:\/\/serennashop.com\/wp-content\/uploads\/2026\/02\/import_images-2021042711004701-1.jpg","type":"image\/jpeg"}],"twitter_card":"summary_large_image","twitter_misc":{"Dur\u00e9e de lecture estim\u00e9e":"2 minutes"},"schema":{"@context":"https:\/\/schema.org","@graph":[{"@type":"WebPage","@id":"https:\/\/serennashop.com\/fr\/prod\/jeanne-piaubert-jeanne-piaubert-100-ml\/","url":"https:\/\/serennashop.com\/fr\/prod\/jeanne-piaubert-jeanne-piaubert-100-ml\/","name":"Baume \u00e0 barbe Jeanne Piaubert Jeanne Piaubert 100 ml - Serenna","isPartOf":{"@id":"https:\/\/serennashop.com\/fr\/#website"},"primaryImageOfPage":{"@id":"https:\/\/serennashop.com\/fr\/prod\/jeanne-piaubert-jeanne-piaubert-100-ml\/#primaryimage"},"image":{"@id":"https:\/\/serennashop.com\/fr\/prod\/jeanne-piaubert-jeanne-piaubert-100-ml\/#primaryimage"},"thumbnailUrl":"https:\/\/serennashop.com\/wp-content\/uploads\/2026\/04\/import_images-2021042711004701.jpg","datePublished":"2026-01-10T20:58:16+00:00","dateModified":"2026-03-25T22:06:11+00:00","breadcrumb":{"@id":"https:\/\/serennashop.com\/fr\/prod\/jeanne-piaubert-jeanne-piaubert-100-ml\/#breadcrumb"},"inLanguage":"fr-FR","potentialAction":[{"@type":"ReadAction","target":["https:\/\/serennashop.com\/fr\/prod\/jeanne-piaubert-jeanne-piaubert-100-ml\/"]}]},{"@type":"ImageObject","inLanguage":"fr-FR","@id":"https:\/\/serennashop.com\/fr\/prod\/jeanne-piaubert-jeanne-piaubert-100-ml\/#primaryimage","url":"https:\/\/serennashop.com\/wp-content\/uploads\/2026\/04\/import_images-2021042711004701.jpg","contentUrl":"https:\/\/serennashop.com\/wp-content\/uploads\/2026\/04\/import_images-2021042711004701.jpg","width":1200,"height":1200,"caption":"S0584419_0"},{"@type":"BreadcrumbList","@id":"https:\/\/serennashop.com\/fr\/prod\/jeanne-piaubert-jeanne-piaubert-100-ml\/#breadcrumb","itemListElement":[{"@type":"ListItem","position":1,"name":"Etusivu","item":"https:\/\/serennashop.com\/fr\/"},{"@type":"ListItem","position":2,"name":"Magasin","item":"https:\/\/serennashop.com\/fr\/shop\/"},{"@type":"ListItem","position":3,"name":"Baume \u00e0 barbe Jeanne Piaubert Jeanne Piaubert 100 ml"}]},{"@type":"WebSite","@id":"https:\/\/serennashop.com\/fr\/#website","url":"https:\/\/serennashop.com\/fr\/","name":"Serenna","description":"","publisher":{"@id":"https:\/\/serennashop.com\/fr\/#organization"},"potentialAction":[{"@type":"SearchAction","target":{"@type":"EntryPoint","urlTemplate":"https:\/\/serennashop.com\/fr\/?s={search_term_string}"},"query-input":{"@type":"PropertyValueSpecification","valueRequired":true,"valueName":"search_term_string"}}],"inLanguage":"fr-FR"},{"@type":"Organization","@id":"https:\/\/serennashop.com\/fr\/#organization","name":"Serenna","url":"https:\/\/serennashop.com\/fr\/","logo":{"@type":"ImageObject","inLanguage":"fr-FR","@id":"https:\/\/serennashop.com\/fr\/#\/schema\/logo\/image\/","url":"https:\/\/www.serenna.fi\/wp-content\/uploads\/2025\/12\/serenna-logo2.png","contentUrl":"https:\/\/www.serenna.fi\/wp-content\/uploads\/2025\/12\/serenna-logo2.png","width":2383,"height":317,"caption":"Serenna"},"image":{"@id":"https:\/\/serennashop.com\/fr\/#\/schema\/logo\/image\/"},"sameAs":["https:\/\/www.facebook.com\/serennadecor","https:\/\/www.instagram.com\/serennadecor"]}]}},"_links":{"self":[{"href":"https:\/\/serennashop.com\/fr\/wp-json\/wp\/v2\/product\/54706","targetHints":{"allow":["GET"]}}],"collection":[{"href":"https:\/\/serennashop.com\/fr\/wp-json\/wp\/v2\/product"}],"about":[{"href":"https:\/\/serennashop.com\/fr\/wp-json\/wp\/v2\/types\/product"}],"replies":[{"embeddable":true,"href":"https:\/\/serennashop.com\/fr\/wp-json\/wp\/v2\/comments?post=54706"}],"wp:featuredmedia":[{"embeddable":true,"href":"https:\/\/serennashop.com\/fr\/wp-json\/wp\/v2\/media\/72964"}],"wp:attachment":[{"href":"https:\/\/serennashop.com\/fr\/wp-json\/wp\/v2\/media?parent=54706"}],"wp:term":[{"taxonomy":"product_brand","embeddable":true,"href":"https:\/\/serennashop.com\/fr\/wp-json\/wp\/v2\/product_brand?post=54706"},{"taxonomy":"product_cat","embeddable":true,"href":"https:\/\/serennashop.com\/fr\/wp-json\/wp\/v2\/product_cat?post=54706"},{"taxonomy":"product_tag","embeddable":true,"href":"https:\/\/serennashop.com\/fr\/wp-json\/wp\/v2\/product_tag?post=54706"}],"curies":[{"name":"wp","href":"https:\/\/api.w.org\/{rel}","templated":true}]}}