{"id":53523,"date":"2026-01-08T14:33:18","date_gmt":"2026-01-08T12:33:18","guid":{"rendered":"https:\/\/serennashop.com\/prod\/police-s14bg04b\/"},"modified":"2026-03-26T00:05:33","modified_gmt":"2026-03-25T22:05:33","slug":"police-s14bg04b","status":"publish","type":"product","link":"https:\/\/serennashop.com\/fr\/prod\/police-s14bg04b\/","title":{"rendered":"Bracelets pour hommes Police S14BG04B"},"content":{"rendered":"<p>D\u00e9couvrez <b>les bracelets pour hommes Police S14BG04B<\/b> et une large s\u00e9lection de bagues, bracelets, boucles d&#x27;oreilles, pendentifs, etc. \u00e0 des prix imbattables. D\u00e9couvrez nos bijoux et accessoires exclusifs et \u00e9l\u00e9gants, adapt\u00e9s \u00e0 tous les go\u00fbts et tous les styles.<\/p>\n<ul>\n<li>Type : Bracelets<\/li>\n<li>Sexe : Hommes<\/li>\n<li>Mat\u00e9riau : cuir<\/li>\n<li>Ajustable : Non<\/li>\n<li>Utilisation recommand\u00e9e : Unisexe adulte<\/li>\n<\/ul>\n","protected":false},"excerpt":{"rendered":"<p>D\u00e9couvrez les bracelets pour hommes Police S14BG04B et une large s\u00e9lection de bagues, bracelets, boucles d&#x27;oreilles, pendentifs, etc. \u00e0 des prix imbattables. D\u00e9couvrez nos bijoux et accessoires exclusifs et \u00e9l\u00e9gants, adapt\u00e9s \u00e0 tous les go\u00fbts et tous les styles. Type : Bracelets Sexe : Hommes Mat\u00e9riau : cuir Ajustable : Non Utilisation recommand\u00e9e : Unisexe [&#8230;]\n","protected":false},"featured_media":12473,"comment_status":"open","ping_status":"closed","template":"","meta":[],"product_brand":[],"product_cat":[776,808],"product_tag":[814,813],"class_list":{"0":"post-53523","1":"product","2":"type-product","3":"status-publish","4":"has-post-thumbnail","6":"product_cat-bijoux","7":"product_cat-bijoux-pour-hommes","8":"product_tag-tag_189","9":"product_tag-tag_195","11":"first","12":"instock","13":"taxable","14":"shipping-taxable","15":"purchasable","16":"product-type-simple"},"yoast_head":"<!-- This site is optimized with the Yoast SEO plugin v27.4 - https:\/\/yoast.com\/product\/yoast-seo-wordpress\/ -->\n<title>Bracelets pour hommes Police S14BG04B - Serenna<\/title>\n<meta name=\"description\" content=\"Korut viimeistelev\u00e4t tyylin arjessa ja juhlassa. Valikoimasta l\u00f6yd\u00e4t kauniit ja ajattomat korut eri tyyleihin ja tilaisuuksiin.\" \/>\n<meta name=\"robots\" content=\"index, follow, max-snippet:-1, max-image-preview:large, max-video-preview:-1\" \/>\n<link rel=\"canonical\" href=\"https:\/\/serennashop.com\/fr\/prod\/police-s14bg04b\/\" \/>\n<meta property=\"og:locale\" content=\"fr_FR\" \/>\n<meta property=\"og:type\" content=\"article\" \/>\n<meta property=\"og:title\" content=\"Bracelets pour hommes Police S14BG04B - Serenna\" \/>\n<meta property=\"og:description\" content=\"Korut viimeistelev\u00e4t tyylin arjessa ja juhlassa. Valikoimasta l\u00f6yd\u00e4t kauniit ja ajattomat korut eri tyyleihin ja tilaisuuksiin.\" \/>\n<meta property=\"og:url\" content=\"https:\/\/serennashop.com\/fr\/prod\/police-s14bg04b\/\" \/>\n<meta property=\"og:site_name\" content=\"Serenna\" \/>\n<meta property=\"article:publisher\" content=\"https:\/\/www.facebook.com\/serennadecor\" \/>\n<meta property=\"article:modified_time\" content=\"2026-03-25T22:05:33+00:00\" \/>\n<meta property=\"og:image\" content=\"https:\/\/serennashop.com\/wp-content\/uploads\/2026\/01\/4895148615393_S7277661_P00.jpg\" \/>\n\t<meta property=\"og:image:width\" content=\"1200\" \/>\n\t<meta property=\"og:image:height\" content=\"1200\" \/>\n\t<meta property=\"og:image:type\" content=\"image\/jpeg\" \/>\n<meta name=\"twitter:card\" content=\"summary_large_image\" \/>\n<script type=\"application\/ld+json\" class=\"yoast-schema-graph\">{\"@context\":\"https:\\\/\\\/schema.org\",\"@graph\":[{\"@type\":\"WebPage\",\"@id\":\"https:\\\/\\\/serennashop.com\\\/fr\\\/prod\\\/police-s14bg04b\\\/\",\"url\":\"https:\\\/\\\/serennashop.com\\\/fr\\\/prod\\\/police-s14bg04b\\\/\",\"name\":\"Bracelets pour hommes Police S14BG04B - Serenna\",\"isPartOf\":{\"@id\":\"https:\\\/\\\/serennashop.com\\\/fr\\\/#website\"},\"primaryImageOfPage\":{\"@id\":\"https:\\\/\\\/serennashop.com\\\/fr\\\/prod\\\/police-s14bg04b\\\/#primaryimage\"},\"image\":{\"@id\":\"https:\\\/\\\/serennashop.com\\\/fr\\\/prod\\\/police-s14bg04b\\\/#primaryimage\"},\"thumbnailUrl\":\"https:\\\/\\\/serennashop.com\\\/wp-content\\\/uploads\\\/2026\\\/01\\\/4895148615393_S7277661_P00.jpg\",\"datePublished\":\"2026-01-08T12:33:18+00:00\",\"dateModified\":\"2026-03-25T22:05:33+00:00\",\"description\":\"Korut viimeistelev\u00e4t tyylin arjessa ja juhlassa. Valikoimasta l\u00f6yd\u00e4t kauniit ja ajattomat korut eri tyyleihin ja tilaisuuksiin.\",\"breadcrumb\":{\"@id\":\"https:\\\/\\\/serennashop.com\\\/fr\\\/prod\\\/police-s14bg04b\\\/#breadcrumb\"},\"inLanguage\":\"fr-FR\",\"potentialAction\":[{\"@type\":\"ReadAction\",\"target\":[\"https:\\\/\\\/serennashop.com\\\/fr\\\/prod\\\/police-s14bg04b\\\/\"]}]},{\"@type\":\"ImageObject\",\"inLanguage\":\"fr-FR\",\"@id\":\"https:\\\/\\\/serennashop.com\\\/fr\\\/prod\\\/police-s14bg04b\\\/#primaryimage\",\"url\":\"https:\\\/\\\/serennashop.com\\\/wp-content\\\/uploads\\\/2026\\\/01\\\/4895148615393_S7277661_P00.jpg\",\"contentUrl\":\"https:\\\/\\\/serennashop.com\\\/wp-content\\\/uploads\\\/2026\\\/01\\\/4895148615393_S7277661_P00.jpg\",\"width\":1200,\"height\":1200,\"caption\":\"S7277661_0\"},{\"@type\":\"BreadcrumbList\",\"@id\":\"https:\\\/\\\/serennashop.com\\\/fr\\\/prod\\\/police-s14bg04b\\\/#breadcrumb\",\"itemListElement\":[{\"@type\":\"ListItem\",\"position\":1,\"name\":\"Etusivu\",\"item\":\"https:\\\/\\\/serennashop.com\\\/fr\\\/\"},{\"@type\":\"ListItem\",\"position\":2,\"name\":\"Magasin\",\"item\":\"https:\\\/\\\/serennashop.com\\\/fr\\\/shop\\\/\"},{\"@type\":\"ListItem\",\"position\":3,\"name\":\"Bracelets pour hommes Police S14BG04B\"}]},{\"@type\":\"WebSite\",\"@id\":\"https:\\\/\\\/serennashop.com\\\/fr\\\/#website\",\"url\":\"https:\\\/\\\/serennashop.com\\\/fr\\\/\",\"name\":\"Serenna\",\"description\":\"\",\"publisher\":{\"@id\":\"https:\\\/\\\/serennashop.com\\\/fr\\\/#organization\"},\"potentialAction\":[{\"@type\":\"SearchAction\",\"target\":{\"@type\":\"EntryPoint\",\"urlTemplate\":\"https:\\\/\\\/serennashop.com\\\/fr\\\/?s={search_term_string}\"},\"query-input\":{\"@type\":\"PropertyValueSpecification\",\"valueRequired\":true,\"valueName\":\"search_term_string\"}}],\"inLanguage\":\"fr-FR\"},{\"@type\":\"Organization\",\"@id\":\"https:\\\/\\\/serennashop.com\\\/fr\\\/#organization\",\"name\":\"Serenna\",\"url\":\"https:\\\/\\\/serennashop.com\\\/fr\\\/\",\"logo\":{\"@type\":\"ImageObject\",\"inLanguage\":\"fr-FR\",\"@id\":\"https:\\\/\\\/serennashop.com\\\/fr\\\/#\\\/schema\\\/logo\\\/image\\\/\",\"url\":\"https:\\\/\\\/www.serenna.fi\\\/wp-content\\\/uploads\\\/2025\\\/12\\\/serenna-logo2.png\",\"contentUrl\":\"https:\\\/\\\/www.serenna.fi\\\/wp-content\\\/uploads\\\/2025\\\/12\\\/serenna-logo2.png\",\"width\":2383,\"height\":317,\"caption\":\"Serenna\"},\"image\":{\"@id\":\"https:\\\/\\\/serennashop.com\\\/fr\\\/#\\\/schema\\\/logo\\\/image\\\/\"},\"sameAs\":[\"https:\\\/\\\/www.facebook.com\\\/serennadecor\",\"https:\\\/\\\/www.instagram.com\\\/serennadecor\"]}]}<\/script>\n<!-- \/ Yoast SEO plugin. -->","yoast_head_json":{"title":"Bracelets pour hommes Police S14BG04B - Serenna","description":"Korut viimeistelev\u00e4t tyylin arjessa ja juhlassa. Valikoimasta l\u00f6yd\u00e4t kauniit ja ajattomat korut eri tyyleihin ja tilaisuuksiin.","robots":{"index":"index","follow":"follow","max-snippet":"max-snippet:-1","max-image-preview":"max-image-preview:large","max-video-preview":"max-video-preview:-1"},"canonical":"https:\/\/serennashop.com\/fr\/prod\/police-s14bg04b\/","og_locale":"fr_FR","og_type":"article","og_title":"Bracelets pour hommes Police S14BG04B - Serenna","og_description":"Korut viimeistelev\u00e4t tyylin arjessa ja juhlassa. Valikoimasta l\u00f6yd\u00e4t kauniit ja ajattomat korut eri tyyleihin ja tilaisuuksiin.","og_url":"https:\/\/serennashop.com\/fr\/prod\/police-s14bg04b\/","og_site_name":"Serenna","article_publisher":"https:\/\/www.facebook.com\/serennadecor","article_modified_time":"2026-03-25T22:05:33+00:00","og_image":[{"width":1200,"height":1200,"url":"https:\/\/serennashop.com\/wp-content\/uploads\/2026\/01\/4895148615393_S7277661_P00.jpg","type":"image\/jpeg"}],"twitter_card":"summary_large_image","schema":{"@context":"https:\/\/schema.org","@graph":[{"@type":"WebPage","@id":"https:\/\/serennashop.com\/fr\/prod\/police-s14bg04b\/","url":"https:\/\/serennashop.com\/fr\/prod\/police-s14bg04b\/","name":"Bracelets pour hommes Police S14BG04B - Serenna","isPartOf":{"@id":"https:\/\/serennashop.com\/fr\/#website"},"primaryImageOfPage":{"@id":"https:\/\/serennashop.com\/fr\/prod\/police-s14bg04b\/#primaryimage"},"image":{"@id":"https:\/\/serennashop.com\/fr\/prod\/police-s14bg04b\/#primaryimage"},"thumbnailUrl":"https:\/\/serennashop.com\/wp-content\/uploads\/2026\/01\/4895148615393_S7277661_P00.jpg","datePublished":"2026-01-08T12:33:18+00:00","dateModified":"2026-03-25T22:05:33+00:00","description":"Korut viimeistelev\u00e4t tyylin arjessa ja juhlassa. Valikoimasta l\u00f6yd\u00e4t kauniit ja ajattomat korut eri tyyleihin ja tilaisuuksiin.","breadcrumb":{"@id":"https:\/\/serennashop.com\/fr\/prod\/police-s14bg04b\/#breadcrumb"},"inLanguage":"fr-FR","potentialAction":[{"@type":"ReadAction","target":["https:\/\/serennashop.com\/fr\/prod\/police-s14bg04b\/"]}]},{"@type":"ImageObject","inLanguage":"fr-FR","@id":"https:\/\/serennashop.com\/fr\/prod\/police-s14bg04b\/#primaryimage","url":"https:\/\/serennashop.com\/wp-content\/uploads\/2026\/01\/4895148615393_S7277661_P00.jpg","contentUrl":"https:\/\/serennashop.com\/wp-content\/uploads\/2026\/01\/4895148615393_S7277661_P00.jpg","width":1200,"height":1200,"caption":"S7277661_0"},{"@type":"BreadcrumbList","@id":"https:\/\/serennashop.com\/fr\/prod\/police-s14bg04b\/#breadcrumb","itemListElement":[{"@type":"ListItem","position":1,"name":"Etusivu","item":"https:\/\/serennashop.com\/fr\/"},{"@type":"ListItem","position":2,"name":"Magasin","item":"https:\/\/serennashop.com\/fr\/shop\/"},{"@type":"ListItem","position":3,"name":"Bracelets pour hommes Police S14BG04B"}]},{"@type":"WebSite","@id":"https:\/\/serennashop.com\/fr\/#website","url":"https:\/\/serennashop.com\/fr\/","name":"Serenna","description":"","publisher":{"@id":"https:\/\/serennashop.com\/fr\/#organization"},"potentialAction":[{"@type":"SearchAction","target":{"@type":"EntryPoint","urlTemplate":"https:\/\/serennashop.com\/fr\/?s={search_term_string}"},"query-input":{"@type":"PropertyValueSpecification","valueRequired":true,"valueName":"search_term_string"}}],"inLanguage":"fr-FR"},{"@type":"Organization","@id":"https:\/\/serennashop.com\/fr\/#organization","name":"Serenna","url":"https:\/\/serennashop.com\/fr\/","logo":{"@type":"ImageObject","inLanguage":"fr-FR","@id":"https:\/\/serennashop.com\/fr\/#\/schema\/logo\/image\/","url":"https:\/\/www.serenna.fi\/wp-content\/uploads\/2025\/12\/serenna-logo2.png","contentUrl":"https:\/\/www.serenna.fi\/wp-content\/uploads\/2025\/12\/serenna-logo2.png","width":2383,"height":317,"caption":"Serenna"},"image":{"@id":"https:\/\/serennashop.com\/fr\/#\/schema\/logo\/image\/"},"sameAs":["https:\/\/www.facebook.com\/serennadecor","https:\/\/www.instagram.com\/serennadecor"]}]}},"_links":{"self":[{"href":"https:\/\/serennashop.com\/fr\/wp-json\/wp\/v2\/product\/53523","targetHints":{"allow":["GET"]}}],"collection":[{"href":"https:\/\/serennashop.com\/fr\/wp-json\/wp\/v2\/product"}],"about":[{"href":"https:\/\/serennashop.com\/fr\/wp-json\/wp\/v2\/types\/product"}],"replies":[{"embeddable":true,"href":"https:\/\/serennashop.com\/fr\/wp-json\/wp\/v2\/comments?post=53523"}],"wp:featuredmedia":[{"embeddable":true,"href":"https:\/\/serennashop.com\/fr\/wp-json\/wp\/v2\/media\/12473"}],"wp:attachment":[{"href":"https:\/\/serennashop.com\/fr\/wp-json\/wp\/v2\/media?parent=53523"}],"wp:term":[{"taxonomy":"product_brand","embeddable":true,"href":"https:\/\/serennashop.com\/fr\/wp-json\/wp\/v2\/product_brand?post=53523"},{"taxonomy":"product_cat","embeddable":true,"href":"https:\/\/serennashop.com\/fr\/wp-json\/wp\/v2\/product_cat?post=53523"},{"taxonomy":"product_tag","embeddable":true,"href":"https:\/\/serennashop.com\/fr\/wp-json\/wp\/v2\/product_tag?post=53523"}],"curies":[{"name":"wp","href":"https:\/\/api.w.org\/{rel}","templated":true}]}}