{"id":51816,"date":"2025-12-29T21:08:08","date_gmt":"2025-12-29T19:08:08","guid":{"rendered":"https:\/\/serennashop.com\/prod\/body-spray-chance-eau-tendre-chanel-chance-eau-tendre-100-ml\/"},"modified":"2026-03-26T00:04:04","modified_gmt":"2026-03-25T22:04:04","slug":"body-spray-chance-eau-tendre-chanel-chance-eau-tendre-100-ml","status":"publish","type":"product","link":"https:\/\/serennashop.com\/fr\/prod\/body-spray-chance-eau-tendre-chanel-chance-eau-tendre-100-ml\/","title":{"rendered":"Chanel Chance Eau Tendre Brume Hydratante Transparente 100 ml"},"content":{"rendered":"<h3>Chanel Chance Eau Tendre Sheer Moisture Mist \u2013 Une fra\u00eecheur l\u00e9g\u00e8re et un \u00e9clat pur pour la peau<\/h3>\n<p><strong>Chanel Chance Eau Tendre Sheer Moisture Mist<\/strong> est un spray corporel l\u00e9ger et luxueux qui compl\u00e8te l&#x27;univers du parfum embl\u00e9matique <em>Chanel Chance Eau Tendre<\/em>. Cette brume hydratante ne se contente pas de sentir bon, elle prend \u00e9galement soin de la peau en la laissant douce, hydrat\u00e9e et fra\u00eeche. Sheer Moisture Mist est parfaite pour celles qui recherchent un produit pour le corps l\u00e9ger, mais d\u00e9licieusement parfum\u00e9 et nourrissant, \u00e0 utiliser au quotidien.<\/p>\n<p><strong>Profil olfactif : l\u00e9ger, fruit\u00e9 et romantique<\/strong><\/p>\n<p>Chanel Chance Eau Tendre Sheer Moisture Mist s&#x27;inspire du m\u00eame univers olfactif que le parfum original Chance Eau Tendre :<\/p>\n<ul>\n<li><strong>Note de t\u00eate :<\/strong> notes citronn\u00e9es et fra\u00eeches \u2013 pamplemousse blanc et mandarine<\/li>\n<li><strong>Notes de c\u0153ur :<\/strong> rose et jasmin doux et rayonnants<\/li>\n<li><strong>Note de fond :<\/strong> douceur musqu\u00e9e et bois\u00e9e \u2013 subtile et \u00e9l\u00e9gante<\/li>\n<\/ul>\n<p>L&#x27;ensemble est l\u00e9ger, fruit\u00e9 et d\u00e9licieusement f\u00e9minin \u2013 parfait pour un parfum de jour d\u00e9licat et frais.<\/p>\n<p><strong>Que fait Chanel Chance Eau Tendre Sheer Moisture Mist ?<\/strong><\/p>\n<p>\u2714 <strong>Hydrate la peau<\/strong> : contient des ingr\u00e9dients hydratants qui laissent la peau douce et lisse.<br \/>\u2714 <strong>Laisse un parfum frais :<\/strong> le parfum se diffuse de mani\u00e8re fra\u00eeche et a\u00e9rienne sans devenir trop intense.<br \/>\u2714 <strong>Facile \u00e0 utiliser :<\/strong> le spray est une alternative plus l\u00e9g\u00e8re au parfum et peut \u00eatre utilis\u00e9 seul ou en compl\u00e9ment de votre parfum habituel.<br \/>\u2714 <strong>Beau et \u00e9l\u00e9gant :<\/strong> le flacon est \u00e9l\u00e9gant et facile \u00e0 transporter.<\/p>\n<p><strong>\u00c0 qui convient-il ?<\/strong><\/p>\n<ul>\n<li>\u00c0 vous qui aimez <strong>les parfums l\u00e9gers, frais et fruit\u00e9s<\/strong><\/li>\n<li>Pour un usage quotidien \u2013 au travail, pendant vos loisirs ou en vacances<\/li>\n<li>Pour ceux qui recherchent <strong>un parfum plus l\u00e9ger<\/strong> que l&#x27;Eau de Parfum<\/li>\n<li>Excellent choix \u00e9galement <strong>comme cadeau<\/strong><\/li>\n<\/ul>\n<p><strong>Conseil d&#x27;utilisation<\/strong><\/p>\n<p>Vaporisez la brume hydratante sur votre corps, en particulier sur le cou, les poignets et les \u00e9paules, imm\u00e9diatement apr\u00e8s la douche, lorsque la peau est encore l\u00e9g\u00e8rement humide. Cela renforce l&#x27;effet hydratant et permet au parfum de tenir plus longtemps sur la peau.<\/p>\n<p><strong>Informations<\/strong><\/p>\n<ul>\n<li><strong>Marque :<\/strong> Chanel<\/li>\n<li><strong>Parfum :<\/strong> Chance Eau Tendre Sheer Moisture Mist<\/li>\n<li><strong>Type de produit :<\/strong> Brume pour le corps \/ brume hydratante<\/li>\n<li><strong>Groupe cible :<\/strong> Femmes<\/li>\n<li><strong>Famille de parfum :<\/strong> Citrique \/ fruit\u00e9 \/ floral \/ l\u00e9ger<\/li>\n<\/ul>\n<p><strong>Pourquoi choisir Chanel Chance Eau Tendre Sheer Moisture Mist ?<\/strong><\/p>\n<p>\u2714 Parfum l\u00e9ger et frais, qui n&#x27;est pas envahissant<br \/>\u2714 Hydrate et adoucit la peau<br \/>\u2714 Convient \u00e0 toutes les situations quotidiennes<br \/>\u2714 Qualit\u00e9 Chanel \u00e9l\u00e9gante et luxueuse<\/p>\n<p><strong>Chanel Chance Eau Tendre Sheer Moisture Mist<\/strong> est le choix id\u00e9al lorsque vous souhaitez allier un parfum subtil et des soins quotidiens pour la peau : fra\u00eecheur, l\u00e9g\u00e8ret\u00e9 et luxe dans un seul et m\u00eame flacon \u00e9tincelant.<\/p>\n<p>\u00a0<\/p>\n","protected":false},"excerpt":{"rendered":"<p>Chanel Chance Eau Tendre Sheer Moisture Mist \u2013 Une fra\u00eecheur l\u00e9g\u00e8re et un \u00e9clat pur pour la peau Chanel Chance Eau Tendre Sheer Moisture Mist est un spray corporel l\u00e9ger et luxueux qui compl\u00e8te l&#x27;univers du parfum embl\u00e9matique Chanel Chance Eau Tendre. Cette brume hydratante ne se contente pas de sentir bon, elle prend \u00e9galement [&#8230;]\n","protected":false},"featured_media":74295,"comment_status":"open","ping_status":"closed","template":"","meta":[],"product_brand":[],"product_cat":[883,884],"product_tag":[886,745,1740,217,746],"class_list":{"0":"post-51816","1":"product","2":"type-product","3":"status-publish","4":"has-post-thumbnail","6":"product_cat-beaute-et-sante","7":"product_cat-parfums-2","8":"product_tag-tag_217","9":"product_tag-tag_203","10":"product_tag-tag_335","12":"product_tag-tag_341","14":"first","15":"instock","16":"taxable","17":"shipping-taxable","18":"purchasable","19":"product-type-variable"},"yoast_head":"<!-- This site is optimized with the Yoast SEO plugin v27.4 - https:\/\/yoast.com\/product\/yoast-seo-wordpress\/ -->\n<title>Chanel Chance Eau Tendre Brume Hydratante Transparente 100 ml - Serenna<\/title>\n<meta name=\"robots\" content=\"index, follow, max-snippet:-1, max-image-preview:large, max-video-preview:-1\" \/>\n<link rel=\"canonical\" href=\"https:\/\/serennashop.com\/fr\/prod\/body-spray-chance-eau-tendre-chanel-chance-eau-tendre-100-ml\/\" \/>\n<meta property=\"og:locale\" content=\"fr_FR\" \/>\n<meta property=\"og:type\" content=\"article\" \/>\n<meta property=\"og:title\" content=\"Chanel Chance Eau Tendre Brume Hydratante Transparente 100 ml - Serenna\" \/>\n<meta property=\"og:description\" content=\"Chanel Chance Eau Tendre Sheer Moisture Mist \u2013 Une fra\u00eecheur l\u00e9g\u00e8re et un \u00e9clat pur pour la peau Chanel Chance Eau Tendre Sheer Moisture Mist est un spray corporel l\u00e9ger et luxueux qui compl\u00e8te l&#x27;univers du parfum embl\u00e9matique Chanel Chance Eau Tendre. Cette brume hydratante ne se contente pas de sentir bon, elle prend \u00e9galement [...]\" \/>\n<meta property=\"og:url\" content=\"https:\/\/serennashop.com\/fr\/prod\/body-spray-chance-eau-tendre-chanel-chance-eau-tendre-100-ml\/\" \/>\n<meta property=\"og:site_name\" content=\"Serenna\" \/>\n<meta property=\"article:publisher\" content=\"https:\/\/www.facebook.com\/serennadecor\" \/>\n<meta property=\"article:modified_time\" content=\"2026-03-25T22:04:04+00:00\" \/>\n<meta property=\"og:image\" content=\"https:\/\/serennashop.com\/wp-content\/uploads\/2026\/01\/3145891268102_0_P02.jpg\" \/>\n\t<meta property=\"og:image:width\" content=\"1200\" \/>\n\t<meta property=\"og:image:height\" content=\"1200\" \/>\n\t<meta property=\"og:image:type\" content=\"image\/jpeg\" \/>\n<meta name=\"twitter:card\" content=\"summary_large_image\" \/>\n<meta name=\"twitter:label1\" content=\"Dur\u00e9e de lecture estim\u00e9e\" \/>\n\t<meta name=\"twitter:data1\" content=\"2 minutes\" \/>\n<script type=\"application\/ld+json\" class=\"yoast-schema-graph\">{\"@context\":\"https:\\\/\\\/schema.org\",\"@graph\":[{\"@type\":\"WebPage\",\"@id\":\"https:\\\/\\\/serennashop.com\\\/fr\\\/prod\\\/body-spray-chance-eau-tendre-chanel-chance-eau-tendre-100-ml\\\/\",\"url\":\"https:\\\/\\\/serennashop.com\\\/fr\\\/prod\\\/body-spray-chance-eau-tendre-chanel-chance-eau-tendre-100-ml\\\/\",\"name\":\"Chanel Chance Eau Tendre Brume Hydratante Transparente 100 ml - Serenna\",\"isPartOf\":{\"@id\":\"https:\\\/\\\/serennashop.com\\\/fr\\\/#website\"},\"primaryImageOfPage\":{\"@id\":\"https:\\\/\\\/serennashop.com\\\/fr\\\/prod\\\/body-spray-chance-eau-tendre-chanel-chance-eau-tendre-100-ml\\\/#primaryimage\"},\"image\":{\"@id\":\"https:\\\/\\\/serennashop.com\\\/fr\\\/prod\\\/body-spray-chance-eau-tendre-chanel-chance-eau-tendre-100-ml\\\/#primaryimage\"},\"thumbnailUrl\":\"https:\\\/\\\/serennashop.com\\\/wp-content\\\/uploads\\\/2026\\\/04\\\/3145891268102_0_P02.jpg\",\"datePublished\":\"2025-12-29T19:08:08+00:00\",\"dateModified\":\"2026-03-25T22:04:04+00:00\",\"breadcrumb\":{\"@id\":\"https:\\\/\\\/serennashop.com\\\/fr\\\/prod\\\/body-spray-chance-eau-tendre-chanel-chance-eau-tendre-100-ml\\\/#breadcrumb\"},\"inLanguage\":\"fr-FR\",\"potentialAction\":[{\"@type\":\"ReadAction\",\"target\":[\"https:\\\/\\\/serennashop.com\\\/fr\\\/prod\\\/body-spray-chance-eau-tendre-chanel-chance-eau-tendre-100-ml\\\/\"]}]},{\"@type\":\"ImageObject\",\"inLanguage\":\"fr-FR\",\"@id\":\"https:\\\/\\\/serennashop.com\\\/fr\\\/prod\\\/body-spray-chance-eau-tendre-chanel-chance-eau-tendre-100-ml\\\/#primaryimage\",\"url\":\"https:\\\/\\\/serennashop.com\\\/wp-content\\\/uploads\\\/2026\\\/04\\\/3145891268102_0_P02.jpg\",\"contentUrl\":\"https:\\\/\\\/serennashop.com\\\/wp-content\\\/uploads\\\/2026\\\/04\\\/3145891268102_0_P02.jpg\",\"width\":1200,\"height\":1200,\"caption\":\"S0507666_0\"},{\"@type\":\"BreadcrumbList\",\"@id\":\"https:\\\/\\\/serennashop.com\\\/fr\\\/prod\\\/body-spray-chance-eau-tendre-chanel-chance-eau-tendre-100-ml\\\/#breadcrumb\",\"itemListElement\":[{\"@type\":\"ListItem\",\"position\":1,\"name\":\"Etusivu\",\"item\":\"https:\\\/\\\/serennashop.com\\\/fr\\\/\"},{\"@type\":\"ListItem\",\"position\":2,\"name\":\"Magasin\",\"item\":\"https:\\\/\\\/serennashop.com\\\/fr\\\/shop\\\/\"},{\"@type\":\"ListItem\",\"position\":3,\"name\":\"Chanel Chance Eau Tendre Brume Hydratante Transparente 100 ml\"}]},{\"@type\":\"WebSite\",\"@id\":\"https:\\\/\\\/serennashop.com\\\/fr\\\/#website\",\"url\":\"https:\\\/\\\/serennashop.com\\\/fr\\\/\",\"name\":\"Serenna\",\"description\":\"\",\"publisher\":{\"@id\":\"https:\\\/\\\/serennashop.com\\\/fr\\\/#organization\"},\"potentialAction\":[{\"@type\":\"SearchAction\",\"target\":{\"@type\":\"EntryPoint\",\"urlTemplate\":\"https:\\\/\\\/serennashop.com\\\/fr\\\/?s={search_term_string}\"},\"query-input\":{\"@type\":\"PropertyValueSpecification\",\"valueRequired\":true,\"valueName\":\"search_term_string\"}}],\"inLanguage\":\"fr-FR\"},{\"@type\":\"Organization\",\"@id\":\"https:\\\/\\\/serennashop.com\\\/fr\\\/#organization\",\"name\":\"Serenna\",\"url\":\"https:\\\/\\\/serennashop.com\\\/fr\\\/\",\"logo\":{\"@type\":\"ImageObject\",\"inLanguage\":\"fr-FR\",\"@id\":\"https:\\\/\\\/serennashop.com\\\/fr\\\/#\\\/schema\\\/logo\\\/image\\\/\",\"url\":\"https:\\\/\\\/www.serenna.fi\\\/wp-content\\\/uploads\\\/2025\\\/12\\\/serenna-logo2.png\",\"contentUrl\":\"https:\\\/\\\/www.serenna.fi\\\/wp-content\\\/uploads\\\/2025\\\/12\\\/serenna-logo2.png\",\"width\":2383,\"height\":317,\"caption\":\"Serenna\"},\"image\":{\"@id\":\"https:\\\/\\\/serennashop.com\\\/fr\\\/#\\\/schema\\\/logo\\\/image\\\/\"},\"sameAs\":[\"https:\\\/\\\/www.facebook.com\\\/serennadecor\",\"https:\\\/\\\/www.instagram.com\\\/serennadecor\"]}]}<\/script>\n<!-- \/ Yoast SEO plugin. -->","yoast_head_json":{"title":"Chanel Chance Eau Tendre Brume Hydratante Transparente 100 ml - Serenna","robots":{"index":"index","follow":"follow","max-snippet":"max-snippet:-1","max-image-preview":"max-image-preview:large","max-video-preview":"max-video-preview:-1"},"canonical":"https:\/\/serennashop.com\/fr\/prod\/body-spray-chance-eau-tendre-chanel-chance-eau-tendre-100-ml\/","og_locale":"fr_FR","og_type":"article","og_title":"Chanel Chance Eau Tendre Brume Hydratante Transparente 100 ml - Serenna","og_description":"Chanel Chance Eau Tendre Sheer Moisture Mist \u2013 Une fra\u00eecheur l\u00e9g\u00e8re et un \u00e9clat pur pour la peau Chanel Chance Eau Tendre Sheer Moisture Mist est un spray corporel l\u00e9ger et luxueux qui compl\u00e8te l&#x27;univers du parfum embl\u00e9matique Chanel Chance Eau Tendre. Cette brume hydratante ne se contente pas de sentir bon, elle prend \u00e9galement [...]","og_url":"https:\/\/serennashop.com\/fr\/prod\/body-spray-chance-eau-tendre-chanel-chance-eau-tendre-100-ml\/","og_site_name":"Serenna","article_publisher":"https:\/\/www.facebook.com\/serennadecor","article_modified_time":"2026-03-25T22:04:04+00:00","og_image":[{"width":1200,"height":1200,"url":"https:\/\/serennashop.com\/wp-content\/uploads\/2026\/01\/3145891268102_0_P02.jpg","type":"image\/jpeg"}],"twitter_card":"summary_large_image","twitter_misc":{"Dur\u00e9e de lecture estim\u00e9e":"2 minutes"},"schema":{"@context":"https:\/\/schema.org","@graph":[{"@type":"WebPage","@id":"https:\/\/serennashop.com\/fr\/prod\/body-spray-chance-eau-tendre-chanel-chance-eau-tendre-100-ml\/","url":"https:\/\/serennashop.com\/fr\/prod\/body-spray-chance-eau-tendre-chanel-chance-eau-tendre-100-ml\/","name":"Chanel Chance Eau Tendre Brume Hydratante Transparente 100 ml - Serenna","isPartOf":{"@id":"https:\/\/serennashop.com\/fr\/#website"},"primaryImageOfPage":{"@id":"https:\/\/serennashop.com\/fr\/prod\/body-spray-chance-eau-tendre-chanel-chance-eau-tendre-100-ml\/#primaryimage"},"image":{"@id":"https:\/\/serennashop.com\/fr\/prod\/body-spray-chance-eau-tendre-chanel-chance-eau-tendre-100-ml\/#primaryimage"},"thumbnailUrl":"https:\/\/serennashop.com\/wp-content\/uploads\/2026\/04\/3145891268102_0_P02.jpg","datePublished":"2025-12-29T19:08:08+00:00","dateModified":"2026-03-25T22:04:04+00:00","breadcrumb":{"@id":"https:\/\/serennashop.com\/fr\/prod\/body-spray-chance-eau-tendre-chanel-chance-eau-tendre-100-ml\/#breadcrumb"},"inLanguage":"fr-FR","potentialAction":[{"@type":"ReadAction","target":["https:\/\/serennashop.com\/fr\/prod\/body-spray-chance-eau-tendre-chanel-chance-eau-tendre-100-ml\/"]}]},{"@type":"ImageObject","inLanguage":"fr-FR","@id":"https:\/\/serennashop.com\/fr\/prod\/body-spray-chance-eau-tendre-chanel-chance-eau-tendre-100-ml\/#primaryimage","url":"https:\/\/serennashop.com\/wp-content\/uploads\/2026\/04\/3145891268102_0_P02.jpg","contentUrl":"https:\/\/serennashop.com\/wp-content\/uploads\/2026\/04\/3145891268102_0_P02.jpg","width":1200,"height":1200,"caption":"S0507666_0"},{"@type":"BreadcrumbList","@id":"https:\/\/serennashop.com\/fr\/prod\/body-spray-chance-eau-tendre-chanel-chance-eau-tendre-100-ml\/#breadcrumb","itemListElement":[{"@type":"ListItem","position":1,"name":"Etusivu","item":"https:\/\/serennashop.com\/fr\/"},{"@type":"ListItem","position":2,"name":"Magasin","item":"https:\/\/serennashop.com\/fr\/shop\/"},{"@type":"ListItem","position":3,"name":"Chanel Chance Eau Tendre Brume Hydratante Transparente 100 ml"}]},{"@type":"WebSite","@id":"https:\/\/serennashop.com\/fr\/#website","url":"https:\/\/serennashop.com\/fr\/","name":"Serenna","description":"","publisher":{"@id":"https:\/\/serennashop.com\/fr\/#organization"},"potentialAction":[{"@type":"SearchAction","target":{"@type":"EntryPoint","urlTemplate":"https:\/\/serennashop.com\/fr\/?s={search_term_string}"},"query-input":{"@type":"PropertyValueSpecification","valueRequired":true,"valueName":"search_term_string"}}],"inLanguage":"fr-FR"},{"@type":"Organization","@id":"https:\/\/serennashop.com\/fr\/#organization","name":"Serenna","url":"https:\/\/serennashop.com\/fr\/","logo":{"@type":"ImageObject","inLanguage":"fr-FR","@id":"https:\/\/serennashop.com\/fr\/#\/schema\/logo\/image\/","url":"https:\/\/www.serenna.fi\/wp-content\/uploads\/2025\/12\/serenna-logo2.png","contentUrl":"https:\/\/www.serenna.fi\/wp-content\/uploads\/2025\/12\/serenna-logo2.png","width":2383,"height":317,"caption":"Serenna"},"image":{"@id":"https:\/\/serennashop.com\/fr\/#\/schema\/logo\/image\/"},"sameAs":["https:\/\/www.facebook.com\/serennadecor","https:\/\/www.instagram.com\/serennadecor"]}]}},"_links":{"self":[{"href":"https:\/\/serennashop.com\/fr\/wp-json\/wp\/v2\/product\/51816","targetHints":{"allow":["GET"]}}],"collection":[{"href":"https:\/\/serennashop.com\/fr\/wp-json\/wp\/v2\/product"}],"about":[{"href":"https:\/\/serennashop.com\/fr\/wp-json\/wp\/v2\/types\/product"}],"replies":[{"embeddable":true,"href":"https:\/\/serennashop.com\/fr\/wp-json\/wp\/v2\/comments?post=51816"}],"wp:featuredmedia":[{"embeddable":true,"href":"https:\/\/serennashop.com\/fr\/wp-json\/wp\/v2\/media\/74295"}],"wp:attachment":[{"href":"https:\/\/serennashop.com\/fr\/wp-json\/wp\/v2\/media?parent=51816"}],"wp:term":[{"taxonomy":"product_brand","embeddable":true,"href":"https:\/\/serennashop.com\/fr\/wp-json\/wp\/v2\/product_brand?post=51816"},{"taxonomy":"product_cat","embeddable":true,"href":"https:\/\/serennashop.com\/fr\/wp-json\/wp\/v2\/product_cat?post=51816"},{"taxonomy":"product_tag","embeddable":true,"href":"https:\/\/serennashop.com\/fr\/wp-json\/wp\/v2\/product_tag?post=51816"}],"curies":[{"name":"wp","href":"https:\/\/api.w.org\/{rel}","templated":true}]}}