{"id":4339,"date":"2025-12-24T21:28:22","date_gmt":"2025-12-24T19:28:22","guid":{"rendered":"https:\/\/www.serenna.fi\/?post_type=product&#038;p=4339"},"modified":"2026-04-16T18:37:09","modified_gmt":"2026-04-16T15:37:09","slug":"lotus-hin00264-45-gilded","status":"publish","type":"product","link":"https:\/\/serennashop.com\/fi\/prod\/lotus-hin00264-45-gilded\/","title":{"rendered":"Kaulakoru Lotus HIN00264\/45"},"content":{"rendered":"<p><strong>Lotus-korut<\/strong>\u00a0ovat monipuolinen valikoima, johon kuuluu erilaisia miesten ja naisten asusteita, kuten rannekoruja, kaulakoruja, sormuksia, korvakoruja ja kelloja. Korut tunnetaan tyypillisesti\u00a0<strong>minimalistisesta<\/strong>, perinteisest\u00e4, trendikk\u00e4\u00e4st\u00e4 ja nykyaikaisesta muotoilustaan.<\/p>\n<p><strong>Tyyli ja ominaisuudet<\/strong><\/p>\n<ul>\n<li><strong>Symboliikka:<\/strong>\u00a0Monissa malleissa esiintyy lootuskukka-symboli, joka edustaa puhtautta, uudistumista ja sis\u00e4ist\u00e4 voimaa.<\/li>\n<li><strong>Materiaali:<\/strong>\u00a0Mallista riippuen materiaaleina k\u00e4ytet\u00e4\u00e4n esimerkiksi kullattua metallia tai ruostumatonta ter\u00e4st\u00e4, joista osa on ihoyst\u00e4v\u00e4llisi\u00e4 ja kest\u00e4vi\u00e4.<\/li>\n<li><strong>K\u00e4ytt\u00f6tarkoitus:<\/strong>\u00a0Ne sopivat hyvin sek\u00e4 arjen rauhallisiin hetkiin ett\u00e4 juhlavampiin tilaisuuksiin, tarjoten hillitty\u00e4 eleganssia.<\/li>\n<\/ul>\n<ul>\n<li>Tyyppi: Riipukset<\/li>\n<li>Sukupuoli: Nainen<\/li>\n<li>V\u00e4ri: Kullattu<\/li>\n<\/ul>\n","protected":false},"excerpt":{"rendered":"<p>Tyyppi: Riipukset Sukupuoli: Nainen V\u00e4ri: Kullattu<\/p>\n","protected":false},"featured_media":4338,"comment_status":"open","ping_status":"closed","template":"","meta":[],"product_brand":[],"product_cat":[280,301],"product_tag":[203,189,188],"class_list":{"0":"post-4339","1":"product","2":"type-product","3":"status-publish","4":"has-post-thumbnail","6":"product_cat-korut","7":"product_cat-naisten-korut","8":"product_tag-tag_203","9":"product_tag-tag_189","10":"product_tag-tag_188","12":"first","13":"instock","14":"taxable","15":"shipping-taxable","16":"purchasable","17":"product-type-simple"},"yoast_head":"<!-- This site is optimized with the Yoast SEO plugin v27.4 - https:\/\/yoast.com\/product\/yoast-seo-wordpress\/ -->\n<title>Kaulakoru Lotus HIN00264\/45 - Serenna<\/title>\n<meta name=\"description\" content=\"Korut viimeistelev\u00e4t tyylin arjessa ja juhlassa. Valikoimasta l\u00f6yd\u00e4t kauniit ja ajattomat korut eri tyyleihin ja tilaisuuksiin.\" \/>\n<meta name=\"robots\" content=\"index, follow, max-snippet:-1, max-image-preview:large, max-video-preview:-1\" \/>\n<link rel=\"canonical\" href=\"https:\/\/serennashop.com\/fi\/prod\/lotus-hin00264-45-gilded\/\" \/>\n<meta property=\"og:locale\" content=\"fi_FI\" \/>\n<meta property=\"og:type\" content=\"article\" \/>\n<meta property=\"og:title\" content=\"Kaulakoru Lotus HIN00264\/45 - Serenna\" \/>\n<meta property=\"og:description\" content=\"Korut viimeistelev\u00e4t tyylin arjessa ja juhlassa. Valikoimasta l\u00f6yd\u00e4t kauniit ja ajattomat korut eri tyyleihin ja tilaisuuksiin.\" \/>\n<meta property=\"og:url\" content=\"https:\/\/serennashop.com\/fi\/prod\/lotus-hin00264-45-gilded\/\" \/>\n<meta property=\"og:site_name\" content=\"Serenna\" \/>\n<meta property=\"article:publisher\" content=\"https:\/\/www.facebook.com\/serennadecor\" \/>\n<meta property=\"article:modified_time\" content=\"2026-04-16T15:37:09+00:00\" \/>\n<meta property=\"og:image\" content=\"https:\/\/serennashop.com\/wp-content\/uploads\/2025\/12\/S72115101_8433594238177_R10.jpg\" \/>\n\t<meta property=\"og:image:width\" content=\"1200\" \/>\n\t<meta property=\"og:image:height\" content=\"1200\" \/>\n\t<meta property=\"og:image:type\" content=\"image\/jpeg\" \/>\n<meta name=\"twitter:card\" content=\"summary_large_image\" \/>\n<script type=\"application\/ld+json\" class=\"yoast-schema-graph\">{\"@context\":\"https:\\\/\\\/schema.org\",\"@graph\":[{\"@type\":\"WebPage\",\"@id\":\"https:\\\/\\\/serennashop.com\\\/fi\\\/prod\\\/lotus-hin00264-45-gilded\\\/\",\"url\":\"https:\\\/\\\/serennashop.com\\\/fi\\\/prod\\\/lotus-hin00264-45-gilded\\\/\",\"name\":\"Kaulakoru Lotus HIN00264\\\/45 - Serenna\",\"isPartOf\":{\"@id\":\"https:\\\/\\\/serennashop.com\\\/fi\\\/#website\"},\"primaryImageOfPage\":{\"@id\":\"https:\\\/\\\/serennashop.com\\\/fi\\\/prod\\\/lotus-hin00264-45-gilded\\\/#primaryimage\"},\"image\":{\"@id\":\"https:\\\/\\\/serennashop.com\\\/fi\\\/prod\\\/lotus-hin00264-45-gilded\\\/#primaryimage\"},\"thumbnailUrl\":\"https:\\\/\\\/serennashop.com\\\/wp-content\\\/uploads\\\/2025\\\/12\\\/S72115101_8433594238177_R10.jpg\",\"datePublished\":\"2025-12-24T19:28:22+00:00\",\"dateModified\":\"2026-04-16T15:37:09+00:00\",\"description\":\"Korut viimeistelev\u00e4t tyylin arjessa ja juhlassa. Valikoimasta l\u00f6yd\u00e4t kauniit ja ajattomat korut eri tyyleihin ja tilaisuuksiin.\",\"breadcrumb\":{\"@id\":\"https:\\\/\\\/serennashop.com\\\/fi\\\/prod\\\/lotus-hin00264-45-gilded\\\/#breadcrumb\"},\"inLanguage\":\"fi\",\"potentialAction\":[{\"@type\":\"ReadAction\",\"target\":[\"https:\\\/\\\/serennashop.com\\\/fi\\\/prod\\\/lotus-hin00264-45-gilded\\\/\"]}]},{\"@type\":\"ImageObject\",\"inLanguage\":\"fi\",\"@id\":\"https:\\\/\\\/serennashop.com\\\/fi\\\/prod\\\/lotus-hin00264-45-gilded\\\/#primaryimage\",\"url\":\"https:\\\/\\\/serennashop.com\\\/wp-content\\\/uploads\\\/2025\\\/12\\\/S72115101_8433594238177_R10.jpg\",\"contentUrl\":\"https:\\\/\\\/serennashop.com\\\/wp-content\\\/uploads\\\/2025\\\/12\\\/S72115101_8433594238177_R10.jpg\",\"width\":1200,\"height\":1200,\"caption\":\"S72115101_0\"},{\"@type\":\"BreadcrumbList\",\"@id\":\"https:\\\/\\\/serennashop.com\\\/fi\\\/prod\\\/lotus-hin00264-45-gilded\\\/#breadcrumb\",\"itemListElement\":[{\"@type\":\"ListItem\",\"position\":1,\"name\":\"Etusivu\",\"item\":\"https:\\\/\\\/serennashop.com\\\/fi\"},{\"@type\":\"ListItem\",\"position\":2,\"name\":\"Kauppa\",\"item\":\"https:\\\/\\\/serennashop.com\\\/fi\\\/shop\\\/\"},{\"@type\":\"ListItem\",\"position\":3,\"name\":\"Kaulakoru Lotus HIN00264\\\/45\"}]},{\"@type\":\"WebSite\",\"@id\":\"https:\\\/\\\/serennashop.com\\\/fi\\\/#website\",\"url\":\"https:\\\/\\\/serennashop.com\\\/fi\\\/\",\"name\":\"Serenna\",\"description\":\"\",\"publisher\":{\"@id\":\"https:\\\/\\\/serennashop.com\\\/fi\\\/#organization\"},\"potentialAction\":[{\"@type\":\"SearchAction\",\"target\":{\"@type\":\"EntryPoint\",\"urlTemplate\":\"https:\\\/\\\/serennashop.com\\\/fi\\\/?s={search_term_string}\"},\"query-input\":{\"@type\":\"PropertyValueSpecification\",\"valueRequired\":true,\"valueName\":\"search_term_string\"}}],\"inLanguage\":\"fi\"},{\"@type\":\"Organization\",\"@id\":\"https:\\\/\\\/serennashop.com\\\/fi\\\/#organization\",\"name\":\"Serenna\",\"url\":\"https:\\\/\\\/serennashop.com\\\/fi\\\/\",\"logo\":{\"@type\":\"ImageObject\",\"inLanguage\":\"fi\",\"@id\":\"https:\\\/\\\/serennashop.com\\\/fi\\\/#\\\/schema\\\/logo\\\/image\\\/\",\"url\":\"https:\\\/\\\/www.serenna.fi\\\/wp-content\\\/uploads\\\/2025\\\/12\\\/serenna-logo2.png\",\"contentUrl\":\"https:\\\/\\\/www.serenna.fi\\\/wp-content\\\/uploads\\\/2025\\\/12\\\/serenna-logo2.png\",\"width\":2383,\"height\":317,\"caption\":\"Serenna\"},\"image\":{\"@id\":\"https:\\\/\\\/serennashop.com\\\/fi\\\/#\\\/schema\\\/logo\\\/image\\\/\"},\"sameAs\":[\"https:\\\/\\\/www.facebook.com\\\/serennadecor\",\"https:\\\/\\\/www.instagram.com\\\/serennadecor\"]}]}<\/script>\n<!-- \/ Yoast SEO plugin. -->","yoast_head_json":{"title":"Kaulakoru Lotus HIN00264\/45 - Serenna","description":"Korut viimeistelev\u00e4t tyylin arjessa ja juhlassa. Valikoimasta l\u00f6yd\u00e4t kauniit ja ajattomat korut eri tyyleihin ja tilaisuuksiin.","robots":{"index":"index","follow":"follow","max-snippet":"max-snippet:-1","max-image-preview":"max-image-preview:large","max-video-preview":"max-video-preview:-1"},"canonical":"https:\/\/serennashop.com\/fi\/prod\/lotus-hin00264-45-gilded\/","og_locale":"fi_FI","og_type":"article","og_title":"Kaulakoru Lotus HIN00264\/45 - Serenna","og_description":"Korut viimeistelev\u00e4t tyylin arjessa ja juhlassa. Valikoimasta l\u00f6yd\u00e4t kauniit ja ajattomat korut eri tyyleihin ja tilaisuuksiin.","og_url":"https:\/\/serennashop.com\/fi\/prod\/lotus-hin00264-45-gilded\/","og_site_name":"Serenna","article_publisher":"https:\/\/www.facebook.com\/serennadecor","article_modified_time":"2026-04-16T15:37:09+00:00","og_image":[{"width":1200,"height":1200,"url":"https:\/\/serennashop.com\/wp-content\/uploads\/2025\/12\/S72115101_8433594238177_R10.jpg","type":"image\/jpeg"}],"twitter_card":"summary_large_image","schema":{"@context":"https:\/\/schema.org","@graph":[{"@type":"WebPage","@id":"https:\/\/serennashop.com\/fi\/prod\/lotus-hin00264-45-gilded\/","url":"https:\/\/serennashop.com\/fi\/prod\/lotus-hin00264-45-gilded\/","name":"Kaulakoru Lotus HIN00264\/45 - Serenna","isPartOf":{"@id":"https:\/\/serennashop.com\/fi\/#website"},"primaryImageOfPage":{"@id":"https:\/\/serennashop.com\/fi\/prod\/lotus-hin00264-45-gilded\/#primaryimage"},"image":{"@id":"https:\/\/serennashop.com\/fi\/prod\/lotus-hin00264-45-gilded\/#primaryimage"},"thumbnailUrl":"https:\/\/serennashop.com\/wp-content\/uploads\/2025\/12\/S72115101_8433594238177_R10.jpg","datePublished":"2025-12-24T19:28:22+00:00","dateModified":"2026-04-16T15:37:09+00:00","description":"Korut viimeistelev\u00e4t tyylin arjessa ja juhlassa. Valikoimasta l\u00f6yd\u00e4t kauniit ja ajattomat korut eri tyyleihin ja tilaisuuksiin.","breadcrumb":{"@id":"https:\/\/serennashop.com\/fi\/prod\/lotus-hin00264-45-gilded\/#breadcrumb"},"inLanguage":"fi","potentialAction":[{"@type":"ReadAction","target":["https:\/\/serennashop.com\/fi\/prod\/lotus-hin00264-45-gilded\/"]}]},{"@type":"ImageObject","inLanguage":"fi","@id":"https:\/\/serennashop.com\/fi\/prod\/lotus-hin00264-45-gilded\/#primaryimage","url":"https:\/\/serennashop.com\/wp-content\/uploads\/2025\/12\/S72115101_8433594238177_R10.jpg","contentUrl":"https:\/\/serennashop.com\/wp-content\/uploads\/2025\/12\/S72115101_8433594238177_R10.jpg","width":1200,"height":1200,"caption":"S72115101_0"},{"@type":"BreadcrumbList","@id":"https:\/\/serennashop.com\/fi\/prod\/lotus-hin00264-45-gilded\/#breadcrumb","itemListElement":[{"@type":"ListItem","position":1,"name":"Etusivu","item":"https:\/\/serennashop.com\/fi"},{"@type":"ListItem","position":2,"name":"Kauppa","item":"https:\/\/serennashop.com\/fi\/shop\/"},{"@type":"ListItem","position":3,"name":"Kaulakoru Lotus HIN00264\/45"}]},{"@type":"WebSite","@id":"https:\/\/serennashop.com\/fi\/#website","url":"https:\/\/serennashop.com\/fi\/","name":"Serenna","description":"","publisher":{"@id":"https:\/\/serennashop.com\/fi\/#organization"},"potentialAction":[{"@type":"SearchAction","target":{"@type":"EntryPoint","urlTemplate":"https:\/\/serennashop.com\/fi\/?s={search_term_string}"},"query-input":{"@type":"PropertyValueSpecification","valueRequired":true,"valueName":"search_term_string"}}],"inLanguage":"fi"},{"@type":"Organization","@id":"https:\/\/serennashop.com\/fi\/#organization","name":"Serenna","url":"https:\/\/serennashop.com\/fi\/","logo":{"@type":"ImageObject","inLanguage":"fi","@id":"https:\/\/serennashop.com\/fi\/#\/schema\/logo\/image\/","url":"https:\/\/www.serenna.fi\/wp-content\/uploads\/2025\/12\/serenna-logo2.png","contentUrl":"https:\/\/www.serenna.fi\/wp-content\/uploads\/2025\/12\/serenna-logo2.png","width":2383,"height":317,"caption":"Serenna"},"image":{"@id":"https:\/\/serennashop.com\/fi\/#\/schema\/logo\/image\/"},"sameAs":["https:\/\/www.facebook.com\/serennadecor","https:\/\/www.instagram.com\/serennadecor"]}]}},"_links":{"self":[{"href":"https:\/\/serennashop.com\/fi\/wp-json\/wp\/v2\/product\/4339","targetHints":{"allow":["GET"]}}],"collection":[{"href":"https:\/\/serennashop.com\/fi\/wp-json\/wp\/v2\/product"}],"about":[{"href":"https:\/\/serennashop.com\/fi\/wp-json\/wp\/v2\/types\/product"}],"replies":[{"embeddable":true,"href":"https:\/\/serennashop.com\/fi\/wp-json\/wp\/v2\/comments?post=4339"}],"wp:featuredmedia":[{"embeddable":true,"href":"https:\/\/serennashop.com\/fi\/wp-json\/wp\/v2\/media\/4338"}],"wp:attachment":[{"href":"https:\/\/serennashop.com\/fi\/wp-json\/wp\/v2\/media?parent=4339"}],"wp:term":[{"taxonomy":"product_brand","embeddable":true,"href":"https:\/\/serennashop.com\/fi\/wp-json\/wp\/v2\/product_brand?post=4339"},{"taxonomy":"product_cat","embeddable":true,"href":"https:\/\/serennashop.com\/fi\/wp-json\/wp\/v2\/product_cat?post=4339"},{"taxonomy":"product_tag","embeddable":true,"href":"https:\/\/serennashop.com\/fi\/wp-json\/wp\/v2\/product_tag?post=4339"}],"curies":[{"name":"wp","href":"https:\/\/api.w.org\/{rel}","templated":true}]}}