{"id":4317,"date":"2025-12-24T21:28:16","date_gmt":"2025-12-24T19:28:16","guid":{"rendered":"https:\/\/www.serenna.fi\/?post_type=product&#038;p=4317"},"modified":"2026-04-16T17:43:46","modified_gmt":"2026-04-16T14:43:46","slug":"tommy-hilfiger-2770171","status":"publish","type":"product","link":"https:\/\/serennashop.com\/fi\/prod\/tommy-hilfiger-2770171\/","title":{"rendered":"Ranneke ja korvarenkaat -setti Tommy Hilfiger 2770171 Musta Hopeinen"},"content":{"rendered":"<p><strong>Tommy Hilfiger -korut<\/strong> edustavat klassista, amerikkalaista muotihenkisyytt\u00e4, jossa tyylikk\u00e4\u00e4t linjat ja huolitellut yksityiskohdat kohtaavat modernin arjen estetiikan. Br\u00e4ndille ominaista on ajaton mutta trendik\u00e4s muotokieli, joka tekee koruista helppoja yhdistell\u00e4 eri tyyleihin \u2013 rentoon arkipukeutumiseen, toimistoon tai juhlavampiin tilaisuuksiin.<\/p>\n<p>Tommy Hilfiger -koruvalikoima sis\u00e4lt\u00e4\u00e4 monipuolisesti vaihtoehtoja, kuten kaulakoruja, rannekoruja, korvakoruja ja sormuksia, jotka usein kantavat br\u00e4ndin tunnistettavaa logo-ilmett\u00e4. Koruissa k\u00e4ytetyt materiaalit ja viimeistelyt suunnitellaan huolella, jotta ne kest\u00e4v\u00e4t k\u00e4ytt\u00f6\u00e4 ja n\u00e4ytt\u00e4v\u00e4t tyylikk\u00e4ilt\u00e4 pitk\u00e4\u00e4n.<\/p>\n<p><strong>Tommy Hilfiger -korujen keskeiset ominaisuudet:<\/strong><\/p>\n<ul>\n<li>Moderni ja ajaton design, jossa yhdistyv\u00e4t klassiset ja trendikk\u00e4\u00e4t elementit<\/li>\n<li>Laadukkaat materiaalit ja huoliteltu viimeistely<\/li>\n<li>Helppo yhdistelt\u00e4vyys eri asuihin ja tilanteisiin<\/li>\n<li>Monipuoliset koruvaihtoehdot arkeen ja juhlaan<\/li>\n<li>Tyylik\u00e4s lis\u00e4 muiden asusteiden rinnalle<\/li>\n<\/ul>\n<p>Tommy Hilfiger -korut ovat erinomainen valinta, kun haluat asusteeseen ripauksen hienostunutta tyyli\u00e4 ja br\u00e4ndille ominaista muotitietoista ilmett\u00e4. Ne sopivat sek\u00e4 yksitt\u00e4iseksi yksityiskohdaksi ett\u00e4 osaksi monikerroksista korukokonaisuutta.<\/p>\n<ul>\n<li>Sis\u00e4lt\u00e4\u00e4:\n<ul>\n<li>Rannekorut<\/li>\n<li>Korvakorut<\/li>\n<li>Sis\u00e4lt\u00e4\u00e4 merkkikotelo tai -suojus<\/li>\n<\/ul>\n<\/li>\n<li>Tyyppi:\n<ul>\n<li>Naisten kaulakoru- ja korvakorusetit<\/li>\n<li>Rannekorut<\/li>\n<li>Kaulakorut<\/li>\n<\/ul>\n<\/li>\n<li>V\u00e4ri:\n<ul>\n<li>Musta<\/li>\n<li>Hopeinen<\/li>\n<\/ul>\n<\/li>\n<li>Materiaali: Sterlinghopea 925<\/li>\n<\/ul>\n","protected":false},"excerpt":{"rendered":"<p>Sis\u00e4lt\u00e4\u00e4: Rannekorut Korvakorut Sis\u00e4lt\u00e4\u00e4 merkkikotelo tai -suojus Tyyppi: Naisten kaulakoru- ja korvakorusetit Rannekorut Kaulakorut V\u00e4ri: Musta Hopeinen Materiaali: Sterlinghopea 925<\/p>\n","protected":false},"featured_media":4316,"comment_status":"open","ping_status":"closed","template":"","meta":[],"product_brand":[],"product_cat":[280,301],"product_tag":[203,189],"class_list":{"0":"post-4317","1":"product","2":"type-product","3":"status-publish","4":"has-post-thumbnail","6":"product_cat-korut","7":"product_cat-naisten-korut","8":"product_tag-tag_203","9":"product_tag-tag_189","11":"first","12":"instock","13":"taxable","14":"shipping-taxable","15":"purchasable","16":"product-type-simple"},"yoast_head":"<!-- This site is optimized with the Yoast SEO plugin v27.4 - https:\/\/yoast.com\/product\/yoast-seo-wordpress\/ -->\n<title>Ranneke ja korvarenkaat -setti Tommy Hilfiger 2770171 Musta Hopeinen - Serenna<\/title>\n<meta name=\"description\" content=\"Korut viimeistelev\u00e4t tyylin arjessa ja juhlassa. Valikoimasta l\u00f6yd\u00e4t kauniit ja ajattomat korut eri tyyleihin ja tilaisuuksiin.\" \/>\n<meta name=\"robots\" content=\"index, follow, max-snippet:-1, max-image-preview:large, max-video-preview:-1\" \/>\n<link rel=\"canonical\" href=\"https:\/\/serennashop.com\/fi\/prod\/tommy-hilfiger-2770171\/\" \/>\n<meta property=\"og:locale\" content=\"fi_FI\" \/>\n<meta property=\"og:type\" content=\"article\" \/>\n<meta property=\"og:title\" content=\"Ranneke ja korvarenkaat -setti Tommy Hilfiger 2770171 Musta Hopeinen - Serenna\" \/>\n<meta property=\"og:description\" content=\"Korut viimeistelev\u00e4t tyylin arjessa ja juhlassa. Valikoimasta l\u00f6yd\u00e4t kauniit ja ajattomat korut eri tyyleihin ja tilaisuuksiin.\" \/>\n<meta property=\"og:url\" content=\"https:\/\/serennashop.com\/fi\/prod\/tommy-hilfiger-2770171\/\" \/>\n<meta property=\"og:site_name\" content=\"Serenna\" \/>\n<meta property=\"article:publisher\" content=\"https:\/\/www.facebook.com\/serennadecor\" \/>\n<meta property=\"article:modified_time\" content=\"2026-04-16T14:43:46+00:00\" \/>\n<meta property=\"og:image\" content=\"https:\/\/serennashop.com\/wp-content\/uploads\/2025\/12\/S72109459_P00.jpg\" \/>\n\t<meta property=\"og:image:width\" content=\"1200\" \/>\n\t<meta property=\"og:image:height\" content=\"1200\" \/>\n\t<meta property=\"og:image:type\" content=\"image\/jpeg\" \/>\n<meta name=\"twitter:card\" content=\"summary_large_image\" \/>\n<script type=\"application\/ld+json\" class=\"yoast-schema-graph\">{\"@context\":\"https:\\\/\\\/schema.org\",\"@graph\":[{\"@type\":\"WebPage\",\"@id\":\"https:\\\/\\\/serennashop.com\\\/fi\\\/prod\\\/tommy-hilfiger-2770171\\\/\",\"url\":\"https:\\\/\\\/serennashop.com\\\/fi\\\/prod\\\/tommy-hilfiger-2770171\\\/\",\"name\":\"Ranneke ja korvarenkaat -setti Tommy Hilfiger 2770171 Musta Hopeinen - Serenna\",\"isPartOf\":{\"@id\":\"https:\\\/\\\/serennashop.com\\\/fi\\\/#website\"},\"primaryImageOfPage\":{\"@id\":\"https:\\\/\\\/serennashop.com\\\/fi\\\/prod\\\/tommy-hilfiger-2770171\\\/#primaryimage\"},\"image\":{\"@id\":\"https:\\\/\\\/serennashop.com\\\/fi\\\/prod\\\/tommy-hilfiger-2770171\\\/#primaryimage\"},\"thumbnailUrl\":\"https:\\\/\\\/serennashop.com\\\/wp-content\\\/uploads\\\/2025\\\/12\\\/S72109459_P00.jpg\",\"datePublished\":\"2025-12-24T19:28:16+00:00\",\"dateModified\":\"2026-04-16T14:43:46+00:00\",\"description\":\"Korut viimeistelev\u00e4t tyylin arjessa ja juhlassa. Valikoimasta l\u00f6yd\u00e4t kauniit ja ajattomat korut eri tyyleihin ja tilaisuuksiin.\",\"breadcrumb\":{\"@id\":\"https:\\\/\\\/serennashop.com\\\/fi\\\/prod\\\/tommy-hilfiger-2770171\\\/#breadcrumb\"},\"inLanguage\":\"fi\",\"potentialAction\":[{\"@type\":\"ReadAction\",\"target\":[\"https:\\\/\\\/serennashop.com\\\/fi\\\/prod\\\/tommy-hilfiger-2770171\\\/\"]}]},{\"@type\":\"ImageObject\",\"inLanguage\":\"fi\",\"@id\":\"https:\\\/\\\/serennashop.com\\\/fi\\\/prod\\\/tommy-hilfiger-2770171\\\/#primaryimage\",\"url\":\"https:\\\/\\\/serennashop.com\\\/wp-content\\\/uploads\\\/2025\\\/12\\\/S72109459_P00.jpg\",\"contentUrl\":\"https:\\\/\\\/serennashop.com\\\/wp-content\\\/uploads\\\/2025\\\/12\\\/S72109459_P00.jpg\",\"width\":1200,\"height\":1200,\"caption\":\"S72109459_0\"},{\"@type\":\"BreadcrumbList\",\"@id\":\"https:\\\/\\\/serennashop.com\\\/fi\\\/prod\\\/tommy-hilfiger-2770171\\\/#breadcrumb\",\"itemListElement\":[{\"@type\":\"ListItem\",\"position\":1,\"name\":\"Etusivu\",\"item\":\"https:\\\/\\\/serennashop.com\\\/fi\"},{\"@type\":\"ListItem\",\"position\":2,\"name\":\"Kauppa\",\"item\":\"https:\\\/\\\/serennashop.com\\\/fi\\\/shop\\\/\"},{\"@type\":\"ListItem\",\"position\":3,\"name\":\"Ranneke ja korvarenkaat -setti Tommy Hilfiger 2770171 Musta Hopeinen\"}]},{\"@type\":\"WebSite\",\"@id\":\"https:\\\/\\\/serennashop.com\\\/fi\\\/#website\",\"url\":\"https:\\\/\\\/serennashop.com\\\/fi\\\/\",\"name\":\"Serenna\",\"description\":\"\",\"publisher\":{\"@id\":\"https:\\\/\\\/serennashop.com\\\/fi\\\/#organization\"},\"potentialAction\":[{\"@type\":\"SearchAction\",\"target\":{\"@type\":\"EntryPoint\",\"urlTemplate\":\"https:\\\/\\\/serennashop.com\\\/fi\\\/?s={search_term_string}\"},\"query-input\":{\"@type\":\"PropertyValueSpecification\",\"valueRequired\":true,\"valueName\":\"search_term_string\"}}],\"inLanguage\":\"fi\"},{\"@type\":\"Organization\",\"@id\":\"https:\\\/\\\/serennashop.com\\\/fi\\\/#organization\",\"name\":\"Serenna\",\"url\":\"https:\\\/\\\/serennashop.com\\\/fi\\\/\",\"logo\":{\"@type\":\"ImageObject\",\"inLanguage\":\"fi\",\"@id\":\"https:\\\/\\\/serennashop.com\\\/fi\\\/#\\\/schema\\\/logo\\\/image\\\/\",\"url\":\"https:\\\/\\\/www.serenna.fi\\\/wp-content\\\/uploads\\\/2025\\\/12\\\/serenna-logo2.png\",\"contentUrl\":\"https:\\\/\\\/www.serenna.fi\\\/wp-content\\\/uploads\\\/2025\\\/12\\\/serenna-logo2.png\",\"width\":2383,\"height\":317,\"caption\":\"Serenna\"},\"image\":{\"@id\":\"https:\\\/\\\/serennashop.com\\\/fi\\\/#\\\/schema\\\/logo\\\/image\\\/\"},\"sameAs\":[\"https:\\\/\\\/www.facebook.com\\\/serennadecor\",\"https:\\\/\\\/www.instagram.com\\\/serennadecor\"]}]}<\/script>\n<!-- \/ Yoast SEO plugin. -->","yoast_head_json":{"title":"Ranneke ja korvarenkaat -setti Tommy Hilfiger 2770171 Musta Hopeinen - Serenna","description":"Korut viimeistelev\u00e4t tyylin arjessa ja juhlassa. Valikoimasta l\u00f6yd\u00e4t kauniit ja ajattomat korut eri tyyleihin ja tilaisuuksiin.","robots":{"index":"index","follow":"follow","max-snippet":"max-snippet:-1","max-image-preview":"max-image-preview:large","max-video-preview":"max-video-preview:-1"},"canonical":"https:\/\/serennashop.com\/fi\/prod\/tommy-hilfiger-2770171\/","og_locale":"fi_FI","og_type":"article","og_title":"Ranneke ja korvarenkaat -setti Tommy Hilfiger 2770171 Musta Hopeinen - Serenna","og_description":"Korut viimeistelev\u00e4t tyylin arjessa ja juhlassa. Valikoimasta l\u00f6yd\u00e4t kauniit ja ajattomat korut eri tyyleihin ja tilaisuuksiin.","og_url":"https:\/\/serennashop.com\/fi\/prod\/tommy-hilfiger-2770171\/","og_site_name":"Serenna","article_publisher":"https:\/\/www.facebook.com\/serennadecor","article_modified_time":"2026-04-16T14:43:46+00:00","og_image":[{"width":1200,"height":1200,"url":"https:\/\/serennashop.com\/wp-content\/uploads\/2025\/12\/S72109459_P00.jpg","type":"image\/jpeg"}],"twitter_card":"summary_large_image","schema":{"@context":"https:\/\/schema.org","@graph":[{"@type":"WebPage","@id":"https:\/\/serennashop.com\/fi\/prod\/tommy-hilfiger-2770171\/","url":"https:\/\/serennashop.com\/fi\/prod\/tommy-hilfiger-2770171\/","name":"Ranneke ja korvarenkaat -setti Tommy Hilfiger 2770171 Musta Hopeinen - Serenna","isPartOf":{"@id":"https:\/\/serennashop.com\/fi\/#website"},"primaryImageOfPage":{"@id":"https:\/\/serennashop.com\/fi\/prod\/tommy-hilfiger-2770171\/#primaryimage"},"image":{"@id":"https:\/\/serennashop.com\/fi\/prod\/tommy-hilfiger-2770171\/#primaryimage"},"thumbnailUrl":"https:\/\/serennashop.com\/wp-content\/uploads\/2025\/12\/S72109459_P00.jpg","datePublished":"2025-12-24T19:28:16+00:00","dateModified":"2026-04-16T14:43:46+00:00","description":"Korut viimeistelev\u00e4t tyylin arjessa ja juhlassa. Valikoimasta l\u00f6yd\u00e4t kauniit ja ajattomat korut eri tyyleihin ja tilaisuuksiin.","breadcrumb":{"@id":"https:\/\/serennashop.com\/fi\/prod\/tommy-hilfiger-2770171\/#breadcrumb"},"inLanguage":"fi","potentialAction":[{"@type":"ReadAction","target":["https:\/\/serennashop.com\/fi\/prod\/tommy-hilfiger-2770171\/"]}]},{"@type":"ImageObject","inLanguage":"fi","@id":"https:\/\/serennashop.com\/fi\/prod\/tommy-hilfiger-2770171\/#primaryimage","url":"https:\/\/serennashop.com\/wp-content\/uploads\/2025\/12\/S72109459_P00.jpg","contentUrl":"https:\/\/serennashop.com\/wp-content\/uploads\/2025\/12\/S72109459_P00.jpg","width":1200,"height":1200,"caption":"S72109459_0"},{"@type":"BreadcrumbList","@id":"https:\/\/serennashop.com\/fi\/prod\/tommy-hilfiger-2770171\/#breadcrumb","itemListElement":[{"@type":"ListItem","position":1,"name":"Etusivu","item":"https:\/\/serennashop.com\/fi"},{"@type":"ListItem","position":2,"name":"Kauppa","item":"https:\/\/serennashop.com\/fi\/shop\/"},{"@type":"ListItem","position":3,"name":"Ranneke ja korvarenkaat -setti Tommy Hilfiger 2770171 Musta Hopeinen"}]},{"@type":"WebSite","@id":"https:\/\/serennashop.com\/fi\/#website","url":"https:\/\/serennashop.com\/fi\/","name":"Serenna","description":"","publisher":{"@id":"https:\/\/serennashop.com\/fi\/#organization"},"potentialAction":[{"@type":"SearchAction","target":{"@type":"EntryPoint","urlTemplate":"https:\/\/serennashop.com\/fi\/?s={search_term_string}"},"query-input":{"@type":"PropertyValueSpecification","valueRequired":true,"valueName":"search_term_string"}}],"inLanguage":"fi"},{"@type":"Organization","@id":"https:\/\/serennashop.com\/fi\/#organization","name":"Serenna","url":"https:\/\/serennashop.com\/fi\/","logo":{"@type":"ImageObject","inLanguage":"fi","@id":"https:\/\/serennashop.com\/fi\/#\/schema\/logo\/image\/","url":"https:\/\/www.serenna.fi\/wp-content\/uploads\/2025\/12\/serenna-logo2.png","contentUrl":"https:\/\/www.serenna.fi\/wp-content\/uploads\/2025\/12\/serenna-logo2.png","width":2383,"height":317,"caption":"Serenna"},"image":{"@id":"https:\/\/serennashop.com\/fi\/#\/schema\/logo\/image\/"},"sameAs":["https:\/\/www.facebook.com\/serennadecor","https:\/\/www.instagram.com\/serennadecor"]}]}},"_links":{"self":[{"href":"https:\/\/serennashop.com\/fi\/wp-json\/wp\/v2\/product\/4317","targetHints":{"allow":["GET"]}}],"collection":[{"href":"https:\/\/serennashop.com\/fi\/wp-json\/wp\/v2\/product"}],"about":[{"href":"https:\/\/serennashop.com\/fi\/wp-json\/wp\/v2\/types\/product"}],"replies":[{"embeddable":true,"href":"https:\/\/serennashop.com\/fi\/wp-json\/wp\/v2\/comments?post=4317"}],"wp:featuredmedia":[{"embeddable":true,"href":"https:\/\/serennashop.com\/fi\/wp-json\/wp\/v2\/media\/4316"}],"wp:attachment":[{"href":"https:\/\/serennashop.com\/fi\/wp-json\/wp\/v2\/media?parent=4317"}],"wp:term":[{"taxonomy":"product_brand","embeddable":true,"href":"https:\/\/serennashop.com\/fi\/wp-json\/wp\/v2\/product_brand?post=4317"},{"taxonomy":"product_cat","embeddable":true,"href":"https:\/\/serennashop.com\/fi\/wp-json\/wp\/v2\/product_cat?post=4317"},{"taxonomy":"product_tag","embeddable":true,"href":"https:\/\/serennashop.com\/fi\/wp-json\/wp\/v2\/product_tag?post=4317"}],"curies":[{"name":"wp","href":"https:\/\/api.w.org\/{rel}","templated":true}]}}