{"id":19107,"date":"2026-01-24T13:10:30","date_gmt":"2026-01-24T11:10:30","guid":{"rendered":"https:\/\/www.serenna.fi\/?post_type=product&#038;p=19107"},"modified":"2026-04-16T17:31:09","modified_gmt":"2026-04-16T14:31:09","slug":"arnette-catfish-an-4302","status":"publish","type":"product","link":"https:\/\/serennashop.com\/fi\/prod\/arnette-catfish-an-4302\/","title":{"rendered":"Naisten aurinkolasit Arnette CATFISH AN 4302"},"content":{"rendered":"<p><b>Naisten aurinkolasit Arnette CATFISH AN 4302<\/b><\/p>\n<ul>\n<li>Tyyppi: Naisten aurinkolasit<\/li>\n<li>Sukupuoli: Nainen<\/li>\n<li>Suoja: Suojaa 100 %:sesti UV-s\u00e4teilylt\u00e4 (UV400)<\/li>\n<\/ul>\n<p><strong>Arnette-aurinkolasit \u2013 rentoa street-tyyli\u00e4 ja nuorekasta asennetta<\/strong><\/p>\r\n<p>Arnette-aurinkolasit edustavat rohkeaa, rentoa ja nuorekasta tyyli\u00e4, jossa yhdistyv\u00e4t urbaani muotoilu ja k\u00e4yt\u00e4nn\u00f6llinen k\u00e4ytt\u00f6mukavuus. Br\u00e4ndi tunnetaan vahvasti skeitti- ja katukulttuurista ammentavasta ilmeest\u00e4\u00e4n, joka puhuttelee erityisesti aktiivista ja vapaamielist\u00e4 k\u00e4ytt\u00e4j\u00e4\u00e4.<\/p>\r\n<p>Arnette-aurinkolasien design on <strong>sporttinen, moderni ja huolettoman cool<\/strong>, tarjoten selkeit\u00e4 muotoja, vahvoja kehyksi\u00e4 ja ajankohtaisia v\u00e4rivaihtoehtoja. Mallistosta l\u00f6ytyy monipuolisia vaihtoehtoja niin vapaa-aikaan, matkalle kuin p\u00e4ivitt\u00e4iseen kaupunkik\u00e4ytt\u00f6\u00f6n. Lasit on suunniteltu kest\u00e4m\u00e4\u00e4n aktiivista el\u00e4m\u00e4ntapaa ja vaihtelevia olosuhteita.<\/p>\r\n<p>Materiaalit ovat kevyit\u00e4 mutta kest\u00e4vi\u00e4, mik\u00e4 takaa miellytt\u00e4v\u00e4n istuvuuden my\u00f6s pitk\u00e4aikaisessa k\u00e4yt\u00f6ss\u00e4. Linssit tarjoavat luotettavan UV-suojan, auttaen suojaamaan silmi\u00e4 auringon haitalliselta s\u00e4teilylt\u00e4 ja v\u00e4hent\u00e4en h\u00e4ik\u00e4isy\u00e4 kirkkaissa olosuhteissa.<\/p>\r\n<p>Arnette-aurinkolasit sopivat sinulle, joka arvostat <strong>rentoa tyyli\u00e4, urheilullista muotoilua ja huoletonta asennetta<\/strong>. Ne ovat erinomainen valinta aktiiviseen arkeen ja vapaa-aikaan \u2013 aurinkolasit, jotka korostavat persoonallisuutta ja vapaata el\u00e4m\u00e4ntapaa.<\/p>\r\n<p>\u00a0<\/p>\n","protected":false},"excerpt":{"rendered":"<p>Naisten aurinkolasit Arnette CATFISH AN 4302 Tyyppi: Naisten aurinkolasit Sukupuoli: Nainen Suoja: Suojaa 100 %:sesti UV-s\u00e4teilylt\u00e4 (UV400)<\/p>\n","protected":false},"featured_media":19105,"comment_status":"open","ping_status":"closed","template":"","meta":[],"product_brand":[],"product_cat":[274,282],"product_tag":[194,203,189,188],"class_list":{"0":"post-19107","1":"product","2":"type-product","3":"status-publish","4":"has-post-thumbnail","6":"product_cat-aurinkolasit","7":"product_cat-naisten-aurinkolasit","8":"product_tag-tag_194","9":"product_tag-tag_203","10":"product_tag-tag_189","11":"product_tag-tag_188","13":"first","14":"instock","15":"taxable","16":"shipping-taxable","17":"purchasable","18":"product-type-simple"},"yoast_head":"<!-- This site is optimized with the Yoast SEO plugin v27.4 - https:\/\/yoast.com\/product\/yoast-seo-wordpress\/ -->\n<title>Naisten aurinkolasit Arnette CATFISH AN 4302 - Serenna<\/title>\n<meta name=\"robots\" content=\"index, follow, max-snippet:-1, max-image-preview:large, max-video-preview:-1\" \/>\n<link rel=\"canonical\" href=\"https:\/\/serennashop.com\/fi\/prod\/arnette-catfish-an-4302\/\" \/>\n<meta property=\"og:locale\" content=\"fi_FI\" \/>\n<meta property=\"og:type\" content=\"article\" \/>\n<meta property=\"og:title\" content=\"Naisten aurinkolasit Arnette CATFISH AN 4302 - Serenna\" \/>\n<meta property=\"og:description\" content=\"Naisten aurinkolasit Arnette CATFISH AN 4302 Tyyppi: Naisten aurinkolasit Sukupuoli: Nainen Suoja: Suojaa 100 %:sesti UV-s\u00e4teilylt\u00e4 (UV400)\" \/>\n<meta property=\"og:url\" content=\"https:\/\/serennashop.com\/fi\/prod\/arnette-catfish-an-4302\/\" \/>\n<meta property=\"og:site_name\" content=\"Serenna\" \/>\n<meta property=\"article:publisher\" content=\"https:\/\/www.facebook.com\/serennadecor\" \/>\n<meta property=\"article:modified_time\" content=\"2026-04-16T14:31:09+00:00\" \/>\n<meta property=\"og:image\" content=\"https:\/\/serennashop.com\/wp-content\/uploads\/2026\/01\/0888392589484_S7272583_P00.jpg\" \/>\n\t<meta property=\"og:image:width\" content=\"1200\" \/>\n\t<meta property=\"og:image:height\" content=\"1200\" \/>\n\t<meta property=\"og:image:type\" content=\"image\/jpeg\" \/>\n<meta name=\"twitter:card\" content=\"summary_large_image\" \/>\n<script type=\"application\/ld+json\" class=\"yoast-schema-graph\">{\"@context\":\"https:\\\/\\\/schema.org\",\"@graph\":[{\"@type\":\"WebPage\",\"@id\":\"https:\\\/\\\/serennashop.com\\\/fi\\\/prod\\\/arnette-catfish-an-4302\\\/\",\"url\":\"https:\\\/\\\/serennashop.com\\\/fi\\\/prod\\\/arnette-catfish-an-4302\\\/\",\"name\":\"Naisten aurinkolasit Arnette CATFISH AN 4302 - Serenna\",\"isPartOf\":{\"@id\":\"https:\\\/\\\/serennashop.com\\\/fi\\\/#website\"},\"primaryImageOfPage\":{\"@id\":\"https:\\\/\\\/serennashop.com\\\/fi\\\/prod\\\/arnette-catfish-an-4302\\\/#primaryimage\"},\"image\":{\"@id\":\"https:\\\/\\\/serennashop.com\\\/fi\\\/prod\\\/arnette-catfish-an-4302\\\/#primaryimage\"},\"thumbnailUrl\":\"https:\\\/\\\/serennashop.com\\\/wp-content\\\/uploads\\\/2026\\\/01\\\/0888392589484_S7272583_P00.jpg\",\"datePublished\":\"2026-01-24T11:10:30+00:00\",\"dateModified\":\"2026-04-16T14:31:09+00:00\",\"breadcrumb\":{\"@id\":\"https:\\\/\\\/serennashop.com\\\/fi\\\/prod\\\/arnette-catfish-an-4302\\\/#breadcrumb\"},\"inLanguage\":\"fi\",\"potentialAction\":[{\"@type\":\"ReadAction\",\"target\":[\"https:\\\/\\\/serennashop.com\\\/fi\\\/prod\\\/arnette-catfish-an-4302\\\/\"]}]},{\"@type\":\"ImageObject\",\"inLanguage\":\"fi\",\"@id\":\"https:\\\/\\\/serennashop.com\\\/fi\\\/prod\\\/arnette-catfish-an-4302\\\/#primaryimage\",\"url\":\"https:\\\/\\\/serennashop.com\\\/wp-content\\\/uploads\\\/2026\\\/01\\\/0888392589484_S7272583_P00.jpg\",\"contentUrl\":\"https:\\\/\\\/serennashop.com\\\/wp-content\\\/uploads\\\/2026\\\/01\\\/0888392589484_S7272583_P00.jpg\",\"width\":1200,\"height\":1200,\"caption\":\"S7272583_0\"},{\"@type\":\"BreadcrumbList\",\"@id\":\"https:\\\/\\\/serennashop.com\\\/fi\\\/prod\\\/arnette-catfish-an-4302\\\/#breadcrumb\",\"itemListElement\":[{\"@type\":\"ListItem\",\"position\":1,\"name\":\"Etusivu\",\"item\":\"https:\\\/\\\/serennashop.com\\\/fi\"},{\"@type\":\"ListItem\",\"position\":2,\"name\":\"Kauppa\",\"item\":\"https:\\\/\\\/serennashop.com\\\/fi\\\/shop\\\/\"},{\"@type\":\"ListItem\",\"position\":3,\"name\":\"Naisten aurinkolasit Arnette CATFISH AN 4302\"}]},{\"@type\":\"WebSite\",\"@id\":\"https:\\\/\\\/serennashop.com\\\/fi\\\/#website\",\"url\":\"https:\\\/\\\/serennashop.com\\\/fi\\\/\",\"name\":\"Serenna\",\"description\":\"\",\"publisher\":{\"@id\":\"https:\\\/\\\/serennashop.com\\\/fi\\\/#organization\"},\"potentialAction\":[{\"@type\":\"SearchAction\",\"target\":{\"@type\":\"EntryPoint\",\"urlTemplate\":\"https:\\\/\\\/serennashop.com\\\/fi\\\/?s={search_term_string}\"},\"query-input\":{\"@type\":\"PropertyValueSpecification\",\"valueRequired\":true,\"valueName\":\"search_term_string\"}}],\"inLanguage\":\"fi\"},{\"@type\":\"Organization\",\"@id\":\"https:\\\/\\\/serennashop.com\\\/fi\\\/#organization\",\"name\":\"Serenna\",\"url\":\"https:\\\/\\\/serennashop.com\\\/fi\\\/\",\"logo\":{\"@type\":\"ImageObject\",\"inLanguage\":\"fi\",\"@id\":\"https:\\\/\\\/serennashop.com\\\/fi\\\/#\\\/schema\\\/logo\\\/image\\\/\",\"url\":\"https:\\\/\\\/www.serenna.fi\\\/wp-content\\\/uploads\\\/2025\\\/12\\\/serenna-logo2.png\",\"contentUrl\":\"https:\\\/\\\/www.serenna.fi\\\/wp-content\\\/uploads\\\/2025\\\/12\\\/serenna-logo2.png\",\"width\":2383,\"height\":317,\"caption\":\"Serenna\"},\"image\":{\"@id\":\"https:\\\/\\\/serennashop.com\\\/fi\\\/#\\\/schema\\\/logo\\\/image\\\/\"},\"sameAs\":[\"https:\\\/\\\/www.facebook.com\\\/serennadecor\",\"https:\\\/\\\/www.instagram.com\\\/serennadecor\"]}]}<\/script>\n<!-- \/ Yoast SEO plugin. -->","yoast_head_json":{"title":"Naisten aurinkolasit Arnette CATFISH AN 4302 - Serenna","robots":{"index":"index","follow":"follow","max-snippet":"max-snippet:-1","max-image-preview":"max-image-preview:large","max-video-preview":"max-video-preview:-1"},"canonical":"https:\/\/serennashop.com\/fi\/prod\/arnette-catfish-an-4302\/","og_locale":"fi_FI","og_type":"article","og_title":"Naisten aurinkolasit Arnette CATFISH AN 4302 - Serenna","og_description":"Naisten aurinkolasit Arnette CATFISH AN 4302 Tyyppi: Naisten aurinkolasit Sukupuoli: Nainen Suoja: Suojaa 100 %:sesti UV-s\u00e4teilylt\u00e4 (UV400)","og_url":"https:\/\/serennashop.com\/fi\/prod\/arnette-catfish-an-4302\/","og_site_name":"Serenna","article_publisher":"https:\/\/www.facebook.com\/serennadecor","article_modified_time":"2026-04-16T14:31:09+00:00","og_image":[{"width":1200,"height":1200,"url":"https:\/\/serennashop.com\/wp-content\/uploads\/2026\/01\/0888392589484_S7272583_P00.jpg","type":"image\/jpeg"}],"twitter_card":"summary_large_image","schema":{"@context":"https:\/\/schema.org","@graph":[{"@type":"WebPage","@id":"https:\/\/serennashop.com\/fi\/prod\/arnette-catfish-an-4302\/","url":"https:\/\/serennashop.com\/fi\/prod\/arnette-catfish-an-4302\/","name":"Naisten aurinkolasit Arnette CATFISH AN 4302 - Serenna","isPartOf":{"@id":"https:\/\/serennashop.com\/fi\/#website"},"primaryImageOfPage":{"@id":"https:\/\/serennashop.com\/fi\/prod\/arnette-catfish-an-4302\/#primaryimage"},"image":{"@id":"https:\/\/serennashop.com\/fi\/prod\/arnette-catfish-an-4302\/#primaryimage"},"thumbnailUrl":"https:\/\/serennashop.com\/wp-content\/uploads\/2026\/01\/0888392589484_S7272583_P00.jpg","datePublished":"2026-01-24T11:10:30+00:00","dateModified":"2026-04-16T14:31:09+00:00","breadcrumb":{"@id":"https:\/\/serennashop.com\/fi\/prod\/arnette-catfish-an-4302\/#breadcrumb"},"inLanguage":"fi","potentialAction":[{"@type":"ReadAction","target":["https:\/\/serennashop.com\/fi\/prod\/arnette-catfish-an-4302\/"]}]},{"@type":"ImageObject","inLanguage":"fi","@id":"https:\/\/serennashop.com\/fi\/prod\/arnette-catfish-an-4302\/#primaryimage","url":"https:\/\/serennashop.com\/wp-content\/uploads\/2026\/01\/0888392589484_S7272583_P00.jpg","contentUrl":"https:\/\/serennashop.com\/wp-content\/uploads\/2026\/01\/0888392589484_S7272583_P00.jpg","width":1200,"height":1200,"caption":"S7272583_0"},{"@type":"BreadcrumbList","@id":"https:\/\/serennashop.com\/fi\/prod\/arnette-catfish-an-4302\/#breadcrumb","itemListElement":[{"@type":"ListItem","position":1,"name":"Etusivu","item":"https:\/\/serennashop.com\/fi"},{"@type":"ListItem","position":2,"name":"Kauppa","item":"https:\/\/serennashop.com\/fi\/shop\/"},{"@type":"ListItem","position":3,"name":"Naisten aurinkolasit Arnette CATFISH AN 4302"}]},{"@type":"WebSite","@id":"https:\/\/serennashop.com\/fi\/#website","url":"https:\/\/serennashop.com\/fi\/","name":"Serenna","description":"","publisher":{"@id":"https:\/\/serennashop.com\/fi\/#organization"},"potentialAction":[{"@type":"SearchAction","target":{"@type":"EntryPoint","urlTemplate":"https:\/\/serennashop.com\/fi\/?s={search_term_string}"},"query-input":{"@type":"PropertyValueSpecification","valueRequired":true,"valueName":"search_term_string"}}],"inLanguage":"fi"},{"@type":"Organization","@id":"https:\/\/serennashop.com\/fi\/#organization","name":"Serenna","url":"https:\/\/serennashop.com\/fi\/","logo":{"@type":"ImageObject","inLanguage":"fi","@id":"https:\/\/serennashop.com\/fi\/#\/schema\/logo\/image\/","url":"https:\/\/www.serenna.fi\/wp-content\/uploads\/2025\/12\/serenna-logo2.png","contentUrl":"https:\/\/www.serenna.fi\/wp-content\/uploads\/2025\/12\/serenna-logo2.png","width":2383,"height":317,"caption":"Serenna"},"image":{"@id":"https:\/\/serennashop.com\/fi\/#\/schema\/logo\/image\/"},"sameAs":["https:\/\/www.facebook.com\/serennadecor","https:\/\/www.instagram.com\/serennadecor"]}]}},"_links":{"self":[{"href":"https:\/\/serennashop.com\/fi\/wp-json\/wp\/v2\/product\/19107","targetHints":{"allow":["GET"]}}],"collection":[{"href":"https:\/\/serennashop.com\/fi\/wp-json\/wp\/v2\/product"}],"about":[{"href":"https:\/\/serennashop.com\/fi\/wp-json\/wp\/v2\/types\/product"}],"replies":[{"embeddable":true,"href":"https:\/\/serennashop.com\/fi\/wp-json\/wp\/v2\/comments?post=19107"}],"wp:featuredmedia":[{"embeddable":true,"href":"https:\/\/serennashop.com\/fi\/wp-json\/wp\/v2\/media\/19105"}],"wp:attachment":[{"href":"https:\/\/serennashop.com\/fi\/wp-json\/wp\/v2\/media?parent=19107"}],"wp:term":[{"taxonomy":"product_brand","embeddable":true,"href":"https:\/\/serennashop.com\/fi\/wp-json\/wp\/v2\/product_brand?post=19107"},{"taxonomy":"product_cat","embeddable":true,"href":"https:\/\/serennashop.com\/fi\/wp-json\/wp\/v2\/product_cat?post=19107"},{"taxonomy":"product_tag","embeddable":true,"href":"https:\/\/serennashop.com\/fi\/wp-json\/wp\/v2\/product_tag?post=19107"}],"curies":[{"name":"wp","href":"https:\/\/api.w.org\/{rel}","templated":true}]}}