{"id":19104,"date":"2026-01-24T13:10:22","date_gmt":"2026-01-24T11:10:22","guid":{"rendered":"https:\/\/www.serenna.fi\/?post_type=product&#038;p=19104"},"modified":"2026-04-16T17:30:37","modified_gmt":"2026-04-16T14:30:37","slug":"burberry-harper-be-3144","status":"publish","type":"product","link":"https:\/\/serennashop.com\/fi\/prod\/burberry-harper-be-3144\/","title":{"rendered":"Naisten aurinkolasit Burberry HARPER BE 3144"},"content":{"rendered":"<p><b>Naisten aurinkolasit Burberry HARPER BE 3144<\/b><\/p>\n<ul>\n<li>Tyyppi: Naisten aurinkolasit<\/li>\n<li>Sukupuoli: Nainen<\/li>\n<li>Suoja: Suojaa 100 %:sesti UV-s\u00e4teilylt\u00e4 (UV400)<\/li>\n<\/ul>\n<p><strong>Burberry-aurinkolasit \u2013 ikonista brittil\u00e4ist\u00e4 tyyli\u00e4 ja ajatonta eleganssia&nbsp;<\/strong><\/p>\n<p>Burberry-aurinkolasit edustavat klassista brittil\u00e4ist\u00e4 muotoilua, jossa yhdistyv\u00e4t ajaton eleganssi, moderni viimeistely ja ensiluokkainen laatu. Burberry on yksi maailman tunnetuimmista luksusbr\u00e4ndeist\u00e4, ja sen aurinkolasimallistot heijastavat samaa hienostunutta estetiikkaa ja tunnistettavaa tyyli\u00e4 kuin br\u00e4ndin muotiluomukset.<\/p>\n<p>Burberry-aurinkolaseille ovat tyypillisi\u00e4 <strong>selke\u00e4t linjat, hillityt yksityiskohdat ja ikoniset design-elementit<\/strong>, kuten hienovaraiset logot ja klassisesta ruutukuosista inspiraationsa saaneet yksityiskohdat. Mallistot vaihtelevat ajattomista ja minimalistisista kehyksist\u00e4 rohkeampiin ja trendikk\u00e4isiin muotoihin, tarjoten vaihtoehtoja sek\u00e4 arkeen ett\u00e4 tyylikk\u00e4isiin asukokonaisuuksiin.<\/p>\n<p>Materiaalivalinnoissa painotetaan laatua ja k\u00e4ytt\u00f6mukavuutta. Kehykset valmistetaan kest\u00e4vist\u00e4 ja kevyist\u00e4 materiaaleista, ja linssit tarjoavat tehokkaan suojan auringon haitallisia UV-s\u00e4teit\u00e4 vastaan. Burberry-aurinkolasit on suunniteltu mukaviksi pitk\u00e4aikaiseen k\u00e4ytt\u00f6\u00f6n, tinkim\u00e4tt\u00e4 ulkon\u00e4\u00f6st\u00e4 tai toiminnallisuudesta.<\/p>\n<p>Burberry-aurinkolasit sopivat sinulle, joka arvostat <strong>luksusta, ajatonta designia ja hienostunutta tyyli\u00e4<\/strong>. Ne ovat t\u00e4ydellinen valinta viimeistelem\u00e4\u00e4n niin modernin kuin klassisenkin lookin \u2013 aurinkolasit, joissa yhdistyv\u00e4t perinteet, laatu ja nykyaikainen muoti.<\/p>\n<p><br data-mce-bogus=\"1\"><\/p>\n","protected":false},"excerpt":{"rendered":"<p>Naisten aurinkolasit Burberry HARPER BE 3144 Tyyppi: Naisten aurinkolasit Sukupuoli: Nainen Suoja: Suojaa 100 %:sesti UV-s\u00e4teilylt\u00e4 (UV400)<\/p>\n","protected":false},"featured_media":19102,"comment_status":"open","ping_status":"closed","template":"","meta":[],"product_brand":[],"product_cat":[274,282],"product_tag":[194,203,189,188],"class_list":{"0":"post-19104","1":"product","2":"type-product","3":"status-publish","4":"has-post-thumbnail","6":"product_cat-aurinkolasit","7":"product_cat-naisten-aurinkolasit","8":"product_tag-tag_194","9":"product_tag-tag_203","10":"product_tag-tag_189","11":"product_tag-tag_188","13":"first","14":"instock","15":"taxable","16":"shipping-taxable","17":"purchasable","18":"product-type-simple"},"yoast_head":"<!-- This site is optimized with the Yoast SEO plugin v27.4 - https:\/\/yoast.com\/product\/yoast-seo-wordpress\/ -->\n<title>Naisten aurinkolasit Burberry HARPER BE 3144 - Serenna<\/title>\n<meta name=\"robots\" content=\"index, follow, max-snippet:-1, max-image-preview:large, max-video-preview:-1\" \/>\n<link rel=\"canonical\" href=\"https:\/\/serennashop.com\/fi\/prod\/burberry-harper-be-3144\/\" \/>\n<meta property=\"og:locale\" content=\"fi_FI\" \/>\n<meta property=\"og:type\" content=\"article\" \/>\n<meta property=\"og:title\" content=\"Naisten aurinkolasit Burberry HARPER BE 3144 - Serenna\" \/>\n<meta property=\"og:description\" content=\"Naisten aurinkolasit Burberry HARPER BE 3144 Tyyppi: Naisten aurinkolasit Sukupuoli: Nainen Suoja: Suojaa 100 %:sesti UV-s\u00e4teilylt\u00e4 (UV400)\" \/>\n<meta property=\"og:url\" content=\"https:\/\/serennashop.com\/fi\/prod\/burberry-harper-be-3144\/\" \/>\n<meta property=\"og:site_name\" content=\"Serenna\" \/>\n<meta property=\"article:publisher\" content=\"https:\/\/www.facebook.com\/serennadecor\" \/>\n<meta property=\"article:modified_time\" content=\"2026-04-16T14:30:37+00:00\" \/>\n<meta property=\"og:image\" content=\"https:\/\/serennashop.com\/wp-content\/uploads\/2026\/01\/8056597832946_S7270686_P01.jpg\" \/>\n\t<meta property=\"og:image:width\" content=\"1200\" \/>\n\t<meta property=\"og:image:height\" content=\"1200\" \/>\n\t<meta property=\"og:image:type\" content=\"image\/jpeg\" \/>\n<meta name=\"twitter:card\" content=\"summary_large_image\" \/>\n<script type=\"application\/ld+json\" class=\"yoast-schema-graph\">{\"@context\":\"https:\\\/\\\/schema.org\",\"@graph\":[{\"@type\":\"WebPage\",\"@id\":\"https:\\\/\\\/serennashop.com\\\/fi\\\/prod\\\/burberry-harper-be-3144\\\/\",\"url\":\"https:\\\/\\\/serennashop.com\\\/fi\\\/prod\\\/burberry-harper-be-3144\\\/\",\"name\":\"Naisten aurinkolasit Burberry HARPER BE 3144 - Serenna\",\"isPartOf\":{\"@id\":\"https:\\\/\\\/serennashop.com\\\/fi\\\/#website\"},\"primaryImageOfPage\":{\"@id\":\"https:\\\/\\\/serennashop.com\\\/fi\\\/prod\\\/burberry-harper-be-3144\\\/#primaryimage\"},\"image\":{\"@id\":\"https:\\\/\\\/serennashop.com\\\/fi\\\/prod\\\/burberry-harper-be-3144\\\/#primaryimage\"},\"thumbnailUrl\":\"https:\\\/\\\/serennashop.com\\\/wp-content\\\/uploads\\\/2026\\\/01\\\/8056597832946_S7270686_P01.jpg\",\"datePublished\":\"2026-01-24T11:10:22+00:00\",\"dateModified\":\"2026-04-16T14:30:37+00:00\",\"breadcrumb\":{\"@id\":\"https:\\\/\\\/serennashop.com\\\/fi\\\/prod\\\/burberry-harper-be-3144\\\/#breadcrumb\"},\"inLanguage\":\"fi\",\"potentialAction\":[{\"@type\":\"ReadAction\",\"target\":[\"https:\\\/\\\/serennashop.com\\\/fi\\\/prod\\\/burberry-harper-be-3144\\\/\"]}]},{\"@type\":\"ImageObject\",\"inLanguage\":\"fi\",\"@id\":\"https:\\\/\\\/serennashop.com\\\/fi\\\/prod\\\/burberry-harper-be-3144\\\/#primaryimage\",\"url\":\"https:\\\/\\\/serennashop.com\\\/wp-content\\\/uploads\\\/2026\\\/01\\\/8056597832946_S7270686_P01.jpg\",\"contentUrl\":\"https:\\\/\\\/serennashop.com\\\/wp-content\\\/uploads\\\/2026\\\/01\\\/8056597832946_S7270686_P01.jpg\",\"width\":1200,\"height\":1200,\"caption\":\"S7270686_0\"},{\"@type\":\"BreadcrumbList\",\"@id\":\"https:\\\/\\\/serennashop.com\\\/fi\\\/prod\\\/burberry-harper-be-3144\\\/#breadcrumb\",\"itemListElement\":[{\"@type\":\"ListItem\",\"position\":1,\"name\":\"Etusivu\",\"item\":\"https:\\\/\\\/serennashop.com\\\/fi\"},{\"@type\":\"ListItem\",\"position\":2,\"name\":\"Kauppa\",\"item\":\"https:\\\/\\\/serennashop.com\\\/fi\\\/shop\\\/\"},{\"@type\":\"ListItem\",\"position\":3,\"name\":\"Naisten aurinkolasit Burberry HARPER BE 3144\"}]},{\"@type\":\"WebSite\",\"@id\":\"https:\\\/\\\/serennashop.com\\\/fi\\\/#website\",\"url\":\"https:\\\/\\\/serennashop.com\\\/fi\\\/\",\"name\":\"Serenna\",\"description\":\"\",\"publisher\":{\"@id\":\"https:\\\/\\\/serennashop.com\\\/fi\\\/#organization\"},\"potentialAction\":[{\"@type\":\"SearchAction\",\"target\":{\"@type\":\"EntryPoint\",\"urlTemplate\":\"https:\\\/\\\/serennashop.com\\\/fi\\\/?s={search_term_string}\"},\"query-input\":{\"@type\":\"PropertyValueSpecification\",\"valueRequired\":true,\"valueName\":\"search_term_string\"}}],\"inLanguage\":\"fi\"},{\"@type\":\"Organization\",\"@id\":\"https:\\\/\\\/serennashop.com\\\/fi\\\/#organization\",\"name\":\"Serenna\",\"url\":\"https:\\\/\\\/serennashop.com\\\/fi\\\/\",\"logo\":{\"@type\":\"ImageObject\",\"inLanguage\":\"fi\",\"@id\":\"https:\\\/\\\/serennashop.com\\\/fi\\\/#\\\/schema\\\/logo\\\/image\\\/\",\"url\":\"https:\\\/\\\/www.serenna.fi\\\/wp-content\\\/uploads\\\/2025\\\/12\\\/serenna-logo2.png\",\"contentUrl\":\"https:\\\/\\\/www.serenna.fi\\\/wp-content\\\/uploads\\\/2025\\\/12\\\/serenna-logo2.png\",\"width\":2383,\"height\":317,\"caption\":\"Serenna\"},\"image\":{\"@id\":\"https:\\\/\\\/serennashop.com\\\/fi\\\/#\\\/schema\\\/logo\\\/image\\\/\"},\"sameAs\":[\"https:\\\/\\\/www.facebook.com\\\/serennadecor\",\"https:\\\/\\\/www.instagram.com\\\/serennadecor\"]}]}<\/script>\n<!-- \/ Yoast SEO plugin. -->","yoast_head_json":{"title":"Naisten aurinkolasit Burberry HARPER BE 3144 - Serenna","robots":{"index":"index","follow":"follow","max-snippet":"max-snippet:-1","max-image-preview":"max-image-preview:large","max-video-preview":"max-video-preview:-1"},"canonical":"https:\/\/serennashop.com\/fi\/prod\/burberry-harper-be-3144\/","og_locale":"fi_FI","og_type":"article","og_title":"Naisten aurinkolasit Burberry HARPER BE 3144 - Serenna","og_description":"Naisten aurinkolasit Burberry HARPER BE 3144 Tyyppi: Naisten aurinkolasit Sukupuoli: Nainen Suoja: Suojaa 100 %:sesti UV-s\u00e4teilylt\u00e4 (UV400)","og_url":"https:\/\/serennashop.com\/fi\/prod\/burberry-harper-be-3144\/","og_site_name":"Serenna","article_publisher":"https:\/\/www.facebook.com\/serennadecor","article_modified_time":"2026-04-16T14:30:37+00:00","og_image":[{"width":1200,"height":1200,"url":"https:\/\/serennashop.com\/wp-content\/uploads\/2026\/01\/8056597832946_S7270686_P01.jpg","type":"image\/jpeg"}],"twitter_card":"summary_large_image","schema":{"@context":"https:\/\/schema.org","@graph":[{"@type":"WebPage","@id":"https:\/\/serennashop.com\/fi\/prod\/burberry-harper-be-3144\/","url":"https:\/\/serennashop.com\/fi\/prod\/burberry-harper-be-3144\/","name":"Naisten aurinkolasit Burberry HARPER BE 3144 - Serenna","isPartOf":{"@id":"https:\/\/serennashop.com\/fi\/#website"},"primaryImageOfPage":{"@id":"https:\/\/serennashop.com\/fi\/prod\/burberry-harper-be-3144\/#primaryimage"},"image":{"@id":"https:\/\/serennashop.com\/fi\/prod\/burberry-harper-be-3144\/#primaryimage"},"thumbnailUrl":"https:\/\/serennashop.com\/wp-content\/uploads\/2026\/01\/8056597832946_S7270686_P01.jpg","datePublished":"2026-01-24T11:10:22+00:00","dateModified":"2026-04-16T14:30:37+00:00","breadcrumb":{"@id":"https:\/\/serennashop.com\/fi\/prod\/burberry-harper-be-3144\/#breadcrumb"},"inLanguage":"fi","potentialAction":[{"@type":"ReadAction","target":["https:\/\/serennashop.com\/fi\/prod\/burberry-harper-be-3144\/"]}]},{"@type":"ImageObject","inLanguage":"fi","@id":"https:\/\/serennashop.com\/fi\/prod\/burberry-harper-be-3144\/#primaryimage","url":"https:\/\/serennashop.com\/wp-content\/uploads\/2026\/01\/8056597832946_S7270686_P01.jpg","contentUrl":"https:\/\/serennashop.com\/wp-content\/uploads\/2026\/01\/8056597832946_S7270686_P01.jpg","width":1200,"height":1200,"caption":"S7270686_0"},{"@type":"BreadcrumbList","@id":"https:\/\/serennashop.com\/fi\/prod\/burberry-harper-be-3144\/#breadcrumb","itemListElement":[{"@type":"ListItem","position":1,"name":"Etusivu","item":"https:\/\/serennashop.com\/fi"},{"@type":"ListItem","position":2,"name":"Kauppa","item":"https:\/\/serennashop.com\/fi\/shop\/"},{"@type":"ListItem","position":3,"name":"Naisten aurinkolasit Burberry HARPER BE 3144"}]},{"@type":"WebSite","@id":"https:\/\/serennashop.com\/fi\/#website","url":"https:\/\/serennashop.com\/fi\/","name":"Serenna","description":"","publisher":{"@id":"https:\/\/serennashop.com\/fi\/#organization"},"potentialAction":[{"@type":"SearchAction","target":{"@type":"EntryPoint","urlTemplate":"https:\/\/serennashop.com\/fi\/?s={search_term_string}"},"query-input":{"@type":"PropertyValueSpecification","valueRequired":true,"valueName":"search_term_string"}}],"inLanguage":"fi"},{"@type":"Organization","@id":"https:\/\/serennashop.com\/fi\/#organization","name":"Serenna","url":"https:\/\/serennashop.com\/fi\/","logo":{"@type":"ImageObject","inLanguage":"fi","@id":"https:\/\/serennashop.com\/fi\/#\/schema\/logo\/image\/","url":"https:\/\/www.serenna.fi\/wp-content\/uploads\/2025\/12\/serenna-logo2.png","contentUrl":"https:\/\/www.serenna.fi\/wp-content\/uploads\/2025\/12\/serenna-logo2.png","width":2383,"height":317,"caption":"Serenna"},"image":{"@id":"https:\/\/serennashop.com\/fi\/#\/schema\/logo\/image\/"},"sameAs":["https:\/\/www.facebook.com\/serennadecor","https:\/\/www.instagram.com\/serennadecor"]}]}},"_links":{"self":[{"href":"https:\/\/serennashop.com\/fi\/wp-json\/wp\/v2\/product\/19104","targetHints":{"allow":["GET"]}}],"collection":[{"href":"https:\/\/serennashop.com\/fi\/wp-json\/wp\/v2\/product"}],"about":[{"href":"https:\/\/serennashop.com\/fi\/wp-json\/wp\/v2\/types\/product"}],"replies":[{"embeddable":true,"href":"https:\/\/serennashop.com\/fi\/wp-json\/wp\/v2\/comments?post=19104"}],"wp:featuredmedia":[{"embeddable":true,"href":"https:\/\/serennashop.com\/fi\/wp-json\/wp\/v2\/media\/19102"}],"wp:attachment":[{"href":"https:\/\/serennashop.com\/fi\/wp-json\/wp\/v2\/media?parent=19104"}],"wp:term":[{"taxonomy":"product_brand","embeddable":true,"href":"https:\/\/serennashop.com\/fi\/wp-json\/wp\/v2\/product_brand?post=19104"},{"taxonomy":"product_cat","embeddable":true,"href":"https:\/\/serennashop.com\/fi\/wp-json\/wp\/v2\/product_cat?post=19104"},{"taxonomy":"product_tag","embeddable":true,"href":"https:\/\/serennashop.com\/fi\/wp-json\/wp\/v2\/product_tag?post=19104"}],"curies":[{"name":"wp","href":"https:\/\/api.w.org\/{rel}","templated":true}]}}