{"id":17499,"date":"2026-01-20T10:58:14","date_gmt":"2026-01-20T08:58:14","guid":{"rendered":"https:\/\/www.serenna.fi\/?post_type=product&#038;p=17499"},"modified":"2026-04-09T23:50:00","modified_gmt":"2026-04-09T20:50:00","slug":"chanel-allure-homme-sport-100-ml","status":"publish","type":"product","link":"https:\/\/serennashop.com\/fi\/prod\/chanel-allure-homme-sport-100-ml\/","title":{"rendered":"Chanel Allure Homme Sport partavesi 100 ml"},"content":{"rendered":"<h3>Chanel Allure Homme Sport Partavesi \u2013 raikasta eleganssia aktiiviselle miehelle<\/h3>\n<p><strong>Chanel Allure Homme Sport partavesi<\/strong> on parranajon j\u00e4lkeinen klassikko, joka yhdist\u00e4\u00e4 tehokkaan ihonhoidon ja ikonisen, raikkaan maskuliinisen tuoksun. T\u00e4m\u00e4 virkist\u00e4v\u00e4 ja rauhoittava partavesi on suunniteltu miehelle, joka arvostaa sporttista el\u00e4m\u00e4ntyyli\u00e4, huoliteltua ulkon\u00e4k\u00f6\u00e4 ja ajattoman tyylik\u00e4st\u00e4 tuoksua.<\/p>\n<p>Allure Homme Sport -tuoksu on energinen ja elegantti yhdistelm\u00e4 sitruksista raikkautta, aromaattisia s\u00e4vyj\u00e4 ja puista l\u00e4mp\u00f6\u00e4. Se antaa v\u00e4litt\u00f6m\u00e4n raikkauden tunteen ja viimeistelee parranajon puhtaalla, itsevarmalla lopputuloksella.<\/p>\n<p><strong>Tehokasta hoitoa parranajon j\u00e4lkeen<\/strong><\/p>\n<p>Chanel Allure Homme Sport partavesi:<\/p>\n<ul>\n<li>Rauhoittaa ihoa ja v\u00e4hent\u00e4\u00e4 parranajon aiheuttamaa \u00e4rsytyst\u00e4<\/li>\n<li>Virkist\u00e4\u00e4 ja viilent\u00e4\u00e4 ihoa v\u00e4litt\u00f6m\u00e4sti<\/li>\n<li>Auttaa ehk\u00e4isem\u00e4\u00e4n punoitusta ja ep\u00e4mukavaa kirist\u00e4v\u00e4\u00e4 tunnetta<\/li>\n<li>J\u00e4tt\u00e4\u00e4 ihon puhtaaksi, raikkaaksi ja miellytt\u00e4v\u00e4n tuoksuiseksi<\/li>\n<\/ul>\n<p>Kevyt koostumus imeytyy nopeasti eik\u00e4 j\u00e4t\u00e4 tahmaista tunnetta, joten se sopii erinomaisesti p\u00e4ivitt\u00e4iseen k\u00e4ytt\u00f6\u00f6n.<\/p>\n<p><strong>Raikas ja sporttinen tuoksumaailma<\/strong><\/p>\n<p>Allure Homme Sport on yksi Chanelin suosituimmista miesten tuoksuista \u2013 energinen mutta hienostunut, voimakas mutta tasapainoinen.<\/p>\n<p><strong>Tuoksuprofiili:<\/strong><\/p>\n<ul>\n<li>Raikkaat sitrushedelm\u00e4t ja merelliset vivahteet alussa<\/li>\n<li>Aromaattinen ja mausteinen syd\u00e4n<\/li>\n<li>L\u00e4mmin, puinen ja maskuliininen pohja<\/li>\n<\/ul>\n<p>Tuoksu on selke\u00e4 mutta hillitty, tehden siit\u00e4 t\u00e4ydellisen valinnan niin arkeen kuin vapaa-aikaan.<\/p>\n<p><strong>K\u00e4ytt\u00f6ohje<\/strong><\/p>\n<p>Levit\u00e4 partavett\u00e4 parranajon j\u00e4lkeen puhtaalle ja kuivalle iholle. Taputtele kevyesti, kunnes tuote on imeytynyt.<\/p>\n<p><strong>Miksi valita Chanel Allure Homme Sport partavesi?<\/strong><\/p>\n<ul>\n<li>Ikoninen ja raikas Chanel-tuoksu<\/li>\n<li>Tehokas ja virkist\u00e4v\u00e4 parranajon j\u00e4lkeinen hoito<\/li>\n<li>Sopii aktiiviselle ja modernille miehelle<\/li>\n<li>T\u00e4ydellinen pari Allure Homme Sport Eau de Toiletten kanssa<\/li>\n<\/ul>\n<p><strong>Chanel Allure Homme Sport partavesi<\/strong> on erinomainen valinta miehelle, joka haluaa viimeistell\u00e4 parranajon raikkaalla, sporttisella ja elegantilla tuoksulla. T\u00e4m\u00e4 ajaton Chanel-klassikko tuo p\u00e4ivitt\u00e4iseen rutiiniin puhtautta, energiaa ja itsevarmuutta.<\/p>\n<ul>\n<li>Sukupuoli: Miehet<\/li>\n<li>Kosteuttaa ja rauhoittaa ihoa<\/li>\n<li>Tuoksun nimi: Allure Homme Sport<\/li>\n<li>Tilavuus: 100 ml<\/li>\n<li>Tyyppi: After Shave<\/li>\n<li>Ainesosa:\n<ul>\n<li>Sodium benzoate<\/li>\n<li>Sodium citrate<\/li>\n<li>Tocopherol<\/li>\n<li>Water (Aqua)<\/li>\n<li>Ascorbic acid<\/li>\n<li>Benzyl salicylate<\/li>\n<li>Butylene glycol<\/li>\n<li>Caprylyl glycol<\/li>\n<li>Chlorphenesin<\/li>\n<li>Citric acid<\/li>\n<li>Citronellol<\/li>\n<li>Coumarin<\/li>\n<li>Dimethicone<\/li>\n<li>Fragance (parfum)<\/li>\n<li>Hexyl cinnamal<\/li>\n<li>Hydrogenated lecithin<\/li>\n<li>Limonene<\/li>\n<li>Linalool<\/li>\n<li>Peg-30 dipolyhydroxystearate<\/li>\n<li>Peg-8<\/li>\n<li>Pentylene glycol<\/li>\n<li>Citral<\/li>\n<li>Geraniol<\/li>\n<li>Ascorbyl palmitate<\/li>\n<li>Phytic acid<\/li>\n<\/ul>\n<\/li>\n<\/ul>\n","protected":false},"excerpt":{"rendered":"<p><span class=\"unit-info\">69.5000 \u20ac \/ 100 ml<\/span><\/p>\n","protected":false},"featured_media":73109,"comment_status":"open","ping_status":"closed","template":"","meta":[],"product_brand":[],"product_cat":[278,340],"product_tag":[217,335],"class_list":{"0":"post-17499","1":"product","2":"type-product","3":"status-publish","4":"has-post-thumbnail","6":"product_cat-kauneus-ja-terveys","7":"product_cat-parta-ja-hoito","8":"product_tag-tag_217","9":"product_tag-tag_335","11":"first","12":"instock","13":"taxable","14":"shipping-taxable","15":"purchasable","16":"product-type-simple"},"yoast_head":"<!-- This site is optimized with the Yoast SEO plugin v27.4 - https:\/\/yoast.com\/product\/yoast-seo-wordpress\/ -->\n<title>Chanel Allure Homme Sport partavesi 100 ml - Serenna<\/title>\n<meta name=\"robots\" content=\"index, follow, max-snippet:-1, max-image-preview:large, max-video-preview:-1\" \/>\n<link rel=\"canonical\" href=\"https:\/\/serennashop.com\/fi\/prod\/chanel-allure-homme-sport-100-ml\/\" \/>\n<meta property=\"og:locale\" content=\"fi_FI\" \/>\n<meta property=\"og:type\" content=\"article\" \/>\n<meta property=\"og:title\" content=\"Chanel Allure Homme Sport partavesi 100 ml - Serenna\" \/>\n<meta property=\"og:description\" content=\"69.5000 \u20ac \/ 100 ml\" \/>\n<meta property=\"og:url\" content=\"https:\/\/serennashop.com\/fi\/prod\/chanel-allure-homme-sport-100-ml\/\" \/>\n<meta property=\"og:site_name\" content=\"Serenna\" \/>\n<meta property=\"article:publisher\" content=\"https:\/\/www.facebook.com\/serennadecor\" \/>\n<meta property=\"article:modified_time\" content=\"2026-04-09T20:50:00+00:00\" \/>\n<meta property=\"og:image\" content=\"https:\/\/serennashop.com\/wp-content\/uploads\/2026\/04\/3145891232509_0_P00.jpg\" \/>\n\t<meta property=\"og:image:width\" content=\"1200\" \/>\n\t<meta property=\"og:image:height\" content=\"1200\" \/>\n\t<meta property=\"og:image:type\" content=\"image\/jpeg\" \/>\n<meta name=\"twitter:card\" content=\"summary_large_image\" \/>\n<meta name=\"twitter:label1\" content=\"Arvioitu lukuaika\" \/>\n\t<meta name=\"twitter:data1\" content=\"2 minuuttia\" \/>\n<script type=\"application\/ld+json\" class=\"yoast-schema-graph\">{\"@context\":\"https:\\\/\\\/schema.org\",\"@graph\":[{\"@type\":\"WebPage\",\"@id\":\"https:\\\/\\\/serennashop.com\\\/fi\\\/prod\\\/chanel-allure-homme-sport-100-ml\\\/\",\"url\":\"https:\\\/\\\/serennashop.com\\\/fi\\\/prod\\\/chanel-allure-homme-sport-100-ml\\\/\",\"name\":\"Chanel Allure Homme Sport partavesi 100 ml - Serenna\",\"isPartOf\":{\"@id\":\"https:\\\/\\\/serennashop.com\\\/fi\\\/#website\"},\"primaryImageOfPage\":{\"@id\":\"https:\\\/\\\/serennashop.com\\\/fi\\\/prod\\\/chanel-allure-homme-sport-100-ml\\\/#primaryimage\"},\"image\":{\"@id\":\"https:\\\/\\\/serennashop.com\\\/fi\\\/prod\\\/chanel-allure-homme-sport-100-ml\\\/#primaryimage\"},\"thumbnailUrl\":\"https:\\\/\\\/serennashop.com\\\/wp-content\\\/uploads\\\/2026\\\/04\\\/3145891232509_0_P00.jpg\",\"datePublished\":\"2026-01-20T08:58:14+00:00\",\"dateModified\":\"2026-04-09T20:50:00+00:00\",\"breadcrumb\":{\"@id\":\"https:\\\/\\\/serennashop.com\\\/fi\\\/prod\\\/chanel-allure-homme-sport-100-ml\\\/#breadcrumb\"},\"inLanguage\":\"fi\",\"potentialAction\":[{\"@type\":\"ReadAction\",\"target\":[\"https:\\\/\\\/serennashop.com\\\/fi\\\/prod\\\/chanel-allure-homme-sport-100-ml\\\/\"]}]},{\"@type\":\"ImageObject\",\"inLanguage\":\"fi\",\"@id\":\"https:\\\/\\\/serennashop.com\\\/fi\\\/prod\\\/chanel-allure-homme-sport-100-ml\\\/#primaryimage\",\"url\":\"https:\\\/\\\/serennashop.com\\\/wp-content\\\/uploads\\\/2026\\\/04\\\/3145891232509_0_P00.jpg\",\"contentUrl\":\"https:\\\/\\\/serennashop.com\\\/wp-content\\\/uploads\\\/2026\\\/04\\\/3145891232509_0_P00.jpg\",\"width\":1200,\"height\":1200,\"caption\":\"S0543256_0\"},{\"@type\":\"BreadcrumbList\",\"@id\":\"https:\\\/\\\/serennashop.com\\\/fi\\\/prod\\\/chanel-allure-homme-sport-100-ml\\\/#breadcrumb\",\"itemListElement\":[{\"@type\":\"ListItem\",\"position\":1,\"name\":\"Etusivu\",\"item\":\"https:\\\/\\\/serennashop.com\\\/fi\"},{\"@type\":\"ListItem\",\"position\":2,\"name\":\"Kauppa\",\"item\":\"https:\\\/\\\/serennashop.com\\\/fi\\\/shop\\\/\"},{\"@type\":\"ListItem\",\"position\":3,\"name\":\"Chanel Allure Homme Sport partavesi 100 ml\"}]},{\"@type\":\"WebSite\",\"@id\":\"https:\\\/\\\/serennashop.com\\\/fi\\\/#website\",\"url\":\"https:\\\/\\\/serennashop.com\\\/fi\\\/\",\"name\":\"Serenna\",\"description\":\"\",\"publisher\":{\"@id\":\"https:\\\/\\\/serennashop.com\\\/fi\\\/#organization\"},\"potentialAction\":[{\"@type\":\"SearchAction\",\"target\":{\"@type\":\"EntryPoint\",\"urlTemplate\":\"https:\\\/\\\/serennashop.com\\\/fi\\\/?s={search_term_string}\"},\"query-input\":{\"@type\":\"PropertyValueSpecification\",\"valueRequired\":true,\"valueName\":\"search_term_string\"}}],\"inLanguage\":\"fi\"},{\"@type\":\"Organization\",\"@id\":\"https:\\\/\\\/serennashop.com\\\/fi\\\/#organization\",\"name\":\"Serenna\",\"url\":\"https:\\\/\\\/serennashop.com\\\/fi\\\/\",\"logo\":{\"@type\":\"ImageObject\",\"inLanguage\":\"fi\",\"@id\":\"https:\\\/\\\/serennashop.com\\\/fi\\\/#\\\/schema\\\/logo\\\/image\\\/\",\"url\":\"https:\\\/\\\/www.serenna.fi\\\/wp-content\\\/uploads\\\/2025\\\/12\\\/serenna-logo2.png\",\"contentUrl\":\"https:\\\/\\\/www.serenna.fi\\\/wp-content\\\/uploads\\\/2025\\\/12\\\/serenna-logo2.png\",\"width\":2383,\"height\":317,\"caption\":\"Serenna\"},\"image\":{\"@id\":\"https:\\\/\\\/serennashop.com\\\/fi\\\/#\\\/schema\\\/logo\\\/image\\\/\"},\"sameAs\":[\"https:\\\/\\\/www.facebook.com\\\/serennadecor\",\"https:\\\/\\\/www.instagram.com\\\/serennadecor\"]}]}<\/script>\n<!-- \/ Yoast SEO plugin. -->","yoast_head_json":{"title":"Chanel Allure Homme Sport partavesi 100 ml - Serenna","robots":{"index":"index","follow":"follow","max-snippet":"max-snippet:-1","max-image-preview":"max-image-preview:large","max-video-preview":"max-video-preview:-1"},"canonical":"https:\/\/serennashop.com\/fi\/prod\/chanel-allure-homme-sport-100-ml\/","og_locale":"fi_FI","og_type":"article","og_title":"Chanel Allure Homme Sport partavesi 100 ml - Serenna","og_description":"69.5000 \u20ac \/ 100 ml","og_url":"https:\/\/serennashop.com\/fi\/prod\/chanel-allure-homme-sport-100-ml\/","og_site_name":"Serenna","article_publisher":"https:\/\/www.facebook.com\/serennadecor","article_modified_time":"2026-04-09T20:50:00+00:00","og_image":[{"width":1200,"height":1200,"url":"https:\/\/serennashop.com\/wp-content\/uploads\/2026\/04\/3145891232509_0_P00.jpg","type":"image\/jpeg"}],"twitter_card":"summary_large_image","twitter_misc":{"Arvioitu lukuaika":"2 minuuttia"},"schema":{"@context":"https:\/\/schema.org","@graph":[{"@type":"WebPage","@id":"https:\/\/serennashop.com\/fi\/prod\/chanel-allure-homme-sport-100-ml\/","url":"https:\/\/serennashop.com\/fi\/prod\/chanel-allure-homme-sport-100-ml\/","name":"Chanel Allure Homme Sport partavesi 100 ml - Serenna","isPartOf":{"@id":"https:\/\/serennashop.com\/fi\/#website"},"primaryImageOfPage":{"@id":"https:\/\/serennashop.com\/fi\/prod\/chanel-allure-homme-sport-100-ml\/#primaryimage"},"image":{"@id":"https:\/\/serennashop.com\/fi\/prod\/chanel-allure-homme-sport-100-ml\/#primaryimage"},"thumbnailUrl":"https:\/\/serennashop.com\/wp-content\/uploads\/2026\/04\/3145891232509_0_P00.jpg","datePublished":"2026-01-20T08:58:14+00:00","dateModified":"2026-04-09T20:50:00+00:00","breadcrumb":{"@id":"https:\/\/serennashop.com\/fi\/prod\/chanel-allure-homme-sport-100-ml\/#breadcrumb"},"inLanguage":"fi","potentialAction":[{"@type":"ReadAction","target":["https:\/\/serennashop.com\/fi\/prod\/chanel-allure-homme-sport-100-ml\/"]}]},{"@type":"ImageObject","inLanguage":"fi","@id":"https:\/\/serennashop.com\/fi\/prod\/chanel-allure-homme-sport-100-ml\/#primaryimage","url":"https:\/\/serennashop.com\/wp-content\/uploads\/2026\/04\/3145891232509_0_P00.jpg","contentUrl":"https:\/\/serennashop.com\/wp-content\/uploads\/2026\/04\/3145891232509_0_P00.jpg","width":1200,"height":1200,"caption":"S0543256_0"},{"@type":"BreadcrumbList","@id":"https:\/\/serennashop.com\/fi\/prod\/chanel-allure-homme-sport-100-ml\/#breadcrumb","itemListElement":[{"@type":"ListItem","position":1,"name":"Etusivu","item":"https:\/\/serennashop.com\/fi"},{"@type":"ListItem","position":2,"name":"Kauppa","item":"https:\/\/serennashop.com\/fi\/shop\/"},{"@type":"ListItem","position":3,"name":"Chanel Allure Homme Sport partavesi 100 ml"}]},{"@type":"WebSite","@id":"https:\/\/serennashop.com\/fi\/#website","url":"https:\/\/serennashop.com\/fi\/","name":"Serenna","description":"","publisher":{"@id":"https:\/\/serennashop.com\/fi\/#organization"},"potentialAction":[{"@type":"SearchAction","target":{"@type":"EntryPoint","urlTemplate":"https:\/\/serennashop.com\/fi\/?s={search_term_string}"},"query-input":{"@type":"PropertyValueSpecification","valueRequired":true,"valueName":"search_term_string"}}],"inLanguage":"fi"},{"@type":"Organization","@id":"https:\/\/serennashop.com\/fi\/#organization","name":"Serenna","url":"https:\/\/serennashop.com\/fi\/","logo":{"@type":"ImageObject","inLanguage":"fi","@id":"https:\/\/serennashop.com\/fi\/#\/schema\/logo\/image\/","url":"https:\/\/www.serenna.fi\/wp-content\/uploads\/2025\/12\/serenna-logo2.png","contentUrl":"https:\/\/www.serenna.fi\/wp-content\/uploads\/2025\/12\/serenna-logo2.png","width":2383,"height":317,"caption":"Serenna"},"image":{"@id":"https:\/\/serennashop.com\/fi\/#\/schema\/logo\/image\/"},"sameAs":["https:\/\/www.facebook.com\/serennadecor","https:\/\/www.instagram.com\/serennadecor"]}]}},"_links":{"self":[{"href":"https:\/\/serennashop.com\/fi\/wp-json\/wp\/v2\/product\/17499","targetHints":{"allow":["GET"]}}],"collection":[{"href":"https:\/\/serennashop.com\/fi\/wp-json\/wp\/v2\/product"}],"about":[{"href":"https:\/\/serennashop.com\/fi\/wp-json\/wp\/v2\/types\/product"}],"replies":[{"embeddable":true,"href":"https:\/\/serennashop.com\/fi\/wp-json\/wp\/v2\/comments?post=17499"}],"wp:featuredmedia":[{"embeddable":true,"href":"https:\/\/serennashop.com\/fi\/wp-json\/wp\/v2\/media\/73109"}],"wp:attachment":[{"href":"https:\/\/serennashop.com\/fi\/wp-json\/wp\/v2\/media?parent=17499"}],"wp:term":[{"taxonomy":"product_brand","embeddable":true,"href":"https:\/\/serennashop.com\/fi\/wp-json\/wp\/v2\/product_brand?post=17499"},{"taxonomy":"product_cat","embeddable":true,"href":"https:\/\/serennashop.com\/fi\/wp-json\/wp\/v2\/product_cat?post=17499"},{"taxonomy":"product_tag","embeddable":true,"href":"https:\/\/serennashop.com\/fi\/wp-json\/wp\/v2\/product_tag?post=17499"}],"curies":[{"name":"wp","href":"https:\/\/api.w.org\/{rel}","templated":true}]}}