{"id":13698,"date":"2026-01-10T22:58:22","date_gmt":"2026-01-10T20:58:22","guid":{"rendered":"https:\/\/www.serenna.fi\/?post_type=product&#038;p=13698"},"modified":"2026-04-10T00:03:40","modified_gmt":"2026-04-09T21:03:40","slug":"trimpen-innovagoods","status":"publish","type":"product","link":"https:\/\/serennashop.com\/fi\/prod\/trimpen-innovagoods\/","title":{"rendered":"Nen\u00e4- ja korvakarvatrimmeri Trimpen InnovaGoods"},"content":{"rendered":"<div class=\"col-md-6\">\n<p><b>InnovaGoods<\/b> tekee helpoksi priorisoida henkil\u00f6kohtaisen huolehtimisen ilman tekosyit\u00e4, sill\u00e4 se tarjoaa parhaat ja uusimmat kauneuden, rentoutuksen ja hyvin voinnin tuotteet! <b>Nen\u00e4- ja korvakarvatrimmeri Trimpen InnovaGoods Wellness Beauty<\/b> on hyv\u00e4 esimerkki t\u00e4st\u00e4! Tutustu laajaan valikoimaan korkealaatuisia tuotteita, jotka erottuvat edukseen k\u00e4yt\u00e4nn\u00f6llisyydell\u00e4\u00e4n, tehokkuudellaan ja innovatiivisella muotoilulla.<\/p>\n<p>Nen\u00e4- ja korvatrimmeri modernilla, ergonomisella ja kompaktilla muotoilulla on erinomainen nen\u00e4- ja korvakarvojen trimmaukseen ja poistamiseen. Se on johdoton ja toimii 1 x AAA-paristolla (ei sis\u00e4lly), joten hankalia johtoja tai pistorasioita ei tarvita. Pienen ja huomaamattoman kokonsa ansiosta se on helppo kuljettaa ja s\u00e4ilytt\u00e4\u00e4 miss\u00e4 tahnsa vieden vain v\u00e4h\u00e4n tilaa. T\u00e4ll\u00e4 minitrimmaajalla p\u00e4\u00e4see my\u00f6s kaikkein hankaliimpiin kohtiin. Yksi sen t\u00e4rkeimmist\u00e4 ominaisuuksista on sen kivuttomuus, koska se ei ved\u00e4 tai nypi ihokarvoja juurineen, vaan leikkaa ne ilman kipua ja vahingoittamatta herkki\u00e4 alueita. Siin\u00e4 on yksi on\/off-painike, ja se on eritt\u00e4in helppok\u00e4ytt\u00f6inen. Se toimii k\u00e4ytt\u00e4m\u00e4ll\u00e4 py\u00f6riv\u00e4\u00e4 leikkuutapaa. Yksinkertaisesti teet sill\u00e4 vain varovasti py\u00f6rivi\u00e4 liikkeit\u00e4 nen\u00e4n ja korvan sis\u00e4ll\u00e4 ja toistat t\u00e4t\u00e4 kunnes karvat on poistettu. Leikkausp\u00e4\u00e4 on irrotettava, joten se on helppo puhdistaaa, ja siin\u00e4 on ter\u00e4suojus. My\u00f6s pieni puhdistusharja sis\u00e4ltyy.<\/p>\n<ul>\n<li>Materiaali:\n<ul>\n<li>ABS<\/li>\n<li>Alumiini<\/li>\n<\/ul>\n<\/li>\n<li>V\u00e4ri:\n<ul>\n<li>Musta<\/li>\n<li>Harmaa<\/li>\n<\/ul>\n<\/li>\n<li>Moderni design: Ergonominen<\/li>\n<li>Tyyppi: Elektroninen<\/li>\n<li>Langaton: Ei kaapeleita<\/li>\n<li>Toimii paristoilla (eiv\u00e4t sis\u00e4lly): 1 x AAA 1,5 V<\/li>\n<li>Profiilileikkuri \/ tarkkuusleikkuri: Nen\u00e4- ja korvakarvatrimmeri<\/li>\n<li>Kivuton: Mukava, yksinkertainen ja helppo k\u00e4ytt\u00e4\u00e4<\/li>\n<li>Irrotettava p\u00e4\u00e4: Helppo puhdistaa<\/li>\n<li>Suojakansi: Helppo avata<\/li>\n<li>Virtapainike: Helppok\u00e4ytt\u00f6inen<\/li>\n<li>Sis\u00e4lt\u00e4\u00e4: Pieni puhdistusharja<\/li>\n<li>Pienennetty kompakti koko: Vie vain v\u00e4h\u00e4n tilaa<\/li>\n<li>Kevyt ja k\u00e4tev\u00e4: Helppo kuljettaa ja s\u00e4ilytt\u00e4\u00e4<\/li>\n<li>Nopeus: 15000 r.p.m.<\/li>\n<li>Alhainen kulutus: 0,5 W<\/li>\n<li>Mitat noin: \u00d81,4 x 11,3 cm<\/li>\n<li>Pakkaus ja ohjeet 24 kielell\u00e4: englanti, ranska, espanja, saksa, italia, portugali, hollanti, puola, unkari, romania, tanska, ruotsi, suomi, liettua, norja, sloveeni, kreikka, tsekki, bulgaria, kroatia, slovakki, viro, ven\u00e4j\u00e4 ja latvia<\/li>\n<\/ul>\n<p>Pakkaus ja ohjeet 24 kielell\u00e4: englanti, ranska, espanja, saksa, italia, portugali, hollanti, puola, unkari, romania, tanska, ruotsi, suomi, liettua, norja, sloveeni, kreikka, tsekki, bulgaria, kroatia, slovakki, viro, ven\u00e4j\u00e4 ja latvia.<\/p>\n<\/div>\n<div class=\"col-md-6\">\n<div class=\"embed-responsive embed-responsive-16by9\"><\/div>\n<\/div>\n","protected":false},"excerpt":{"rendered":"<p>InnovaGoods tekee helpoksi priorisoida henkil\u00f6kohtaisen huolehtimisen ilman tekosyit\u00e4, sill\u00e4 se tarjoaa parhaat ja uusimmat kauneuden, rentoutuksen ja hyvin voinnin tuotteet! Nen\u00e4- ja korvakarvatrimmeri Trimpen InnovaGoods Wellness Beauty on hyv\u00e4 esimerkki t\u00e4st\u00e4! Tutustu laajaan valikoimaan korkealaatuisia tuotteita, jotka erottuvat edukseen k\u00e4yt\u00e4nn\u00f6llisyydell\u00e4\u00e4n, tehokkuudellaan ja innovatiivisella muotoilulla. Nen\u00e4- ja korvatrimmeri modernilla, ergonomisella ja kompaktilla muotoilulla on erinomainen nen\u00e4- [&#8230;]\n","protected":false},"featured_media":13686,"comment_status":"open","ping_status":"closed","template":"","meta":[],"product_brand":[],"product_cat":[288,278],"product_tag":[217],"class_list":{"0":"post-13698","1":"product","2":"type-product","3":"status-publish","4":"has-post-thumbnail","6":"product_cat-kauneus-tarvikkeet","7":"product_cat-kauneus-ja-terveys","8":"product_tag-tag_217","10":"first","11":"instock","12":"taxable","13":"shipping-taxable","14":"purchasable","15":"product-type-simple"},"yoast_head":"<!-- This site is optimized with the Yoast SEO plugin v27.4 - https:\/\/yoast.com\/product\/yoast-seo-wordpress\/ -->\n<title>Nen\u00e4- ja korvakarvatrimmeri Trimpen InnovaGoods - Serenna<\/title>\n<meta name=\"robots\" content=\"index, follow, max-snippet:-1, max-image-preview:large, max-video-preview:-1\" \/>\n<link rel=\"canonical\" href=\"https:\/\/serennashop.com\/fi\/prod\/trimpen-innovagoods\/\" \/>\n<meta property=\"og:locale\" content=\"fi_FI\" \/>\n<meta property=\"og:type\" content=\"article\" \/>\n<meta property=\"og:title\" content=\"Nen\u00e4- ja korvakarvatrimmeri Trimpen InnovaGoods - Serenna\" \/>\n<meta property=\"og:description\" content=\"InnovaGoods tekee helpoksi priorisoida henkil\u00f6kohtaisen huolehtimisen ilman tekosyit\u00e4, sill\u00e4 se tarjoaa parhaat ja uusimmat kauneuden, rentoutuksen ja hyvin voinnin tuotteet! Nen\u00e4- ja korvakarvatrimmeri Trimpen InnovaGoods Wellness Beauty on hyv\u00e4 esimerkki t\u00e4st\u00e4! Tutustu laajaan valikoimaan korkealaatuisia tuotteita, jotka erottuvat edukseen k\u00e4yt\u00e4nn\u00f6llisyydell\u00e4\u00e4n, tehokkuudellaan ja innovatiivisella muotoilulla. Nen\u00e4- ja korvatrimmeri modernilla, ergonomisella ja kompaktilla muotoilulla on erinomainen nen\u00e4- [...]\" \/>\n<meta property=\"og:url\" content=\"https:\/\/serennashop.com\/fi\/prod\/trimpen-innovagoods\/\" \/>\n<meta property=\"og:site_name\" content=\"Serenna\" \/>\n<meta property=\"article:publisher\" content=\"https:\/\/www.facebook.com\/serennadecor\" \/>\n<meta property=\"article:modified_time\" content=\"2026-04-09T21:03:40+00:00\" \/>\n<meta property=\"og:image\" content=\"https:\/\/serennashop.com\/wp-content\/uploads\/2026\/01\/V0103330_000_MKT-v_13.jpg\" \/>\n\t<meta property=\"og:image:width\" content=\"1200\" \/>\n\t<meta property=\"og:image:height\" content=\"1200\" \/>\n\t<meta property=\"og:image:type\" content=\"image\/jpeg\" \/>\n<meta name=\"twitter:card\" content=\"summary_large_image\" \/>\n<meta name=\"twitter:label1\" content=\"Arvioitu lukuaika\" \/>\n\t<meta name=\"twitter:data1\" content=\"3 minuuttia\" \/>\n<script type=\"application\/ld+json\" class=\"yoast-schema-graph\">{\"@context\":\"https:\\\/\\\/schema.org\",\"@graph\":[{\"@type\":\"WebPage\",\"@id\":\"https:\\\/\\\/serennashop.com\\\/fi\\\/prod\\\/trimpen-innovagoods\\\/\",\"url\":\"https:\\\/\\\/serennashop.com\\\/fi\\\/prod\\\/trimpen-innovagoods\\\/\",\"name\":\"Nen\u00e4- ja korvakarvatrimmeri Trimpen InnovaGoods - Serenna\",\"isPartOf\":{\"@id\":\"https:\\\/\\\/serennashop.com\\\/fi\\\/#website\"},\"primaryImageOfPage\":{\"@id\":\"https:\\\/\\\/serennashop.com\\\/fi\\\/prod\\\/trimpen-innovagoods\\\/#primaryimage\"},\"image\":{\"@id\":\"https:\\\/\\\/serennashop.com\\\/fi\\\/prod\\\/trimpen-innovagoods\\\/#primaryimage\"},\"thumbnailUrl\":\"https:\\\/\\\/serennashop.com\\\/wp-content\\\/uploads\\\/2026\\\/01\\\/V0103330_000_MKT-v_13.jpg\",\"datePublished\":\"2026-01-10T20:58:22+00:00\",\"dateModified\":\"2026-04-09T21:03:40+00:00\",\"breadcrumb\":{\"@id\":\"https:\\\/\\\/serennashop.com\\\/fi\\\/prod\\\/trimpen-innovagoods\\\/#breadcrumb\"},\"inLanguage\":\"fi\",\"potentialAction\":[{\"@type\":\"ReadAction\",\"target\":[\"https:\\\/\\\/serennashop.com\\\/fi\\\/prod\\\/trimpen-innovagoods\\\/\"]}]},{\"@type\":\"ImageObject\",\"inLanguage\":\"fi\",\"@id\":\"https:\\\/\\\/serennashop.com\\\/fi\\\/prod\\\/trimpen-innovagoods\\\/#primaryimage\",\"url\":\"https:\\\/\\\/serennashop.com\\\/wp-content\\\/uploads\\\/2026\\\/01\\\/V0103330_000_MKT-v_13.jpg\",\"contentUrl\":\"https:\\\/\\\/serennashop.com\\\/wp-content\\\/uploads\\\/2026\\\/01\\\/V0103330_000_MKT-v_13.jpg\",\"width\":1200,\"height\":1200,\"caption\":\"V0103330_0\"},{\"@type\":\"BreadcrumbList\",\"@id\":\"https:\\\/\\\/serennashop.com\\\/fi\\\/prod\\\/trimpen-innovagoods\\\/#breadcrumb\",\"itemListElement\":[{\"@type\":\"ListItem\",\"position\":1,\"name\":\"Etusivu\",\"item\":\"https:\\\/\\\/serennashop.com\\\/fi\"},{\"@type\":\"ListItem\",\"position\":2,\"name\":\"Kauppa\",\"item\":\"https:\\\/\\\/serennashop.com\\\/fi\\\/shop\\\/\"},{\"@type\":\"ListItem\",\"position\":3,\"name\":\"Nen\u00e4- ja korvakarvatrimmeri Trimpen InnovaGoods\"}]},{\"@type\":\"WebSite\",\"@id\":\"https:\\\/\\\/serennashop.com\\\/fi\\\/#website\",\"url\":\"https:\\\/\\\/serennashop.com\\\/fi\\\/\",\"name\":\"Serenna\",\"description\":\"\",\"publisher\":{\"@id\":\"https:\\\/\\\/serennashop.com\\\/fi\\\/#organization\"},\"potentialAction\":[{\"@type\":\"SearchAction\",\"target\":{\"@type\":\"EntryPoint\",\"urlTemplate\":\"https:\\\/\\\/serennashop.com\\\/fi\\\/?s={search_term_string}\"},\"query-input\":{\"@type\":\"PropertyValueSpecification\",\"valueRequired\":true,\"valueName\":\"search_term_string\"}}],\"inLanguage\":\"fi\"},{\"@type\":\"Organization\",\"@id\":\"https:\\\/\\\/serennashop.com\\\/fi\\\/#organization\",\"name\":\"Serenna\",\"url\":\"https:\\\/\\\/serennashop.com\\\/fi\\\/\",\"logo\":{\"@type\":\"ImageObject\",\"inLanguage\":\"fi\",\"@id\":\"https:\\\/\\\/serennashop.com\\\/fi\\\/#\\\/schema\\\/logo\\\/image\\\/\",\"url\":\"https:\\\/\\\/www.serenna.fi\\\/wp-content\\\/uploads\\\/2025\\\/12\\\/serenna-logo2.png\",\"contentUrl\":\"https:\\\/\\\/www.serenna.fi\\\/wp-content\\\/uploads\\\/2025\\\/12\\\/serenna-logo2.png\",\"width\":2383,\"height\":317,\"caption\":\"Serenna\"},\"image\":{\"@id\":\"https:\\\/\\\/serennashop.com\\\/fi\\\/#\\\/schema\\\/logo\\\/image\\\/\"},\"sameAs\":[\"https:\\\/\\\/www.facebook.com\\\/serennadecor\",\"https:\\\/\\\/www.instagram.com\\\/serennadecor\"]}]}<\/script>\n<!-- \/ Yoast SEO plugin. -->","yoast_head_json":{"title":"Nen\u00e4- ja korvakarvatrimmeri Trimpen InnovaGoods - Serenna","robots":{"index":"index","follow":"follow","max-snippet":"max-snippet:-1","max-image-preview":"max-image-preview:large","max-video-preview":"max-video-preview:-1"},"canonical":"https:\/\/serennashop.com\/fi\/prod\/trimpen-innovagoods\/","og_locale":"fi_FI","og_type":"article","og_title":"Nen\u00e4- ja korvakarvatrimmeri Trimpen InnovaGoods - Serenna","og_description":"InnovaGoods tekee helpoksi priorisoida henkil\u00f6kohtaisen huolehtimisen ilman tekosyit\u00e4, sill\u00e4 se tarjoaa parhaat ja uusimmat kauneuden, rentoutuksen ja hyvin voinnin tuotteet! Nen\u00e4- ja korvakarvatrimmeri Trimpen InnovaGoods Wellness Beauty on hyv\u00e4 esimerkki t\u00e4st\u00e4! Tutustu laajaan valikoimaan korkealaatuisia tuotteita, jotka erottuvat edukseen k\u00e4yt\u00e4nn\u00f6llisyydell\u00e4\u00e4n, tehokkuudellaan ja innovatiivisella muotoilulla. Nen\u00e4- ja korvatrimmeri modernilla, ergonomisella ja kompaktilla muotoilulla on erinomainen nen\u00e4- [...]","og_url":"https:\/\/serennashop.com\/fi\/prod\/trimpen-innovagoods\/","og_site_name":"Serenna","article_publisher":"https:\/\/www.facebook.com\/serennadecor","article_modified_time":"2026-04-09T21:03:40+00:00","og_image":[{"width":1200,"height":1200,"url":"https:\/\/serennashop.com\/wp-content\/uploads\/2026\/01\/V0103330_000_MKT-v_13.jpg","type":"image\/jpeg"}],"twitter_card":"summary_large_image","twitter_misc":{"Arvioitu lukuaika":"3 minuuttia"},"schema":{"@context":"https:\/\/schema.org","@graph":[{"@type":"WebPage","@id":"https:\/\/serennashop.com\/fi\/prod\/trimpen-innovagoods\/","url":"https:\/\/serennashop.com\/fi\/prod\/trimpen-innovagoods\/","name":"Nen\u00e4- ja korvakarvatrimmeri Trimpen InnovaGoods - Serenna","isPartOf":{"@id":"https:\/\/serennashop.com\/fi\/#website"},"primaryImageOfPage":{"@id":"https:\/\/serennashop.com\/fi\/prod\/trimpen-innovagoods\/#primaryimage"},"image":{"@id":"https:\/\/serennashop.com\/fi\/prod\/trimpen-innovagoods\/#primaryimage"},"thumbnailUrl":"https:\/\/serennashop.com\/wp-content\/uploads\/2026\/01\/V0103330_000_MKT-v_13.jpg","datePublished":"2026-01-10T20:58:22+00:00","dateModified":"2026-04-09T21:03:40+00:00","breadcrumb":{"@id":"https:\/\/serennashop.com\/fi\/prod\/trimpen-innovagoods\/#breadcrumb"},"inLanguage":"fi","potentialAction":[{"@type":"ReadAction","target":["https:\/\/serennashop.com\/fi\/prod\/trimpen-innovagoods\/"]}]},{"@type":"ImageObject","inLanguage":"fi","@id":"https:\/\/serennashop.com\/fi\/prod\/trimpen-innovagoods\/#primaryimage","url":"https:\/\/serennashop.com\/wp-content\/uploads\/2026\/01\/V0103330_000_MKT-v_13.jpg","contentUrl":"https:\/\/serennashop.com\/wp-content\/uploads\/2026\/01\/V0103330_000_MKT-v_13.jpg","width":1200,"height":1200,"caption":"V0103330_0"},{"@type":"BreadcrumbList","@id":"https:\/\/serennashop.com\/fi\/prod\/trimpen-innovagoods\/#breadcrumb","itemListElement":[{"@type":"ListItem","position":1,"name":"Etusivu","item":"https:\/\/serennashop.com\/fi"},{"@type":"ListItem","position":2,"name":"Kauppa","item":"https:\/\/serennashop.com\/fi\/shop\/"},{"@type":"ListItem","position":3,"name":"Nen\u00e4- ja korvakarvatrimmeri Trimpen InnovaGoods"}]},{"@type":"WebSite","@id":"https:\/\/serennashop.com\/fi\/#website","url":"https:\/\/serennashop.com\/fi\/","name":"Serenna","description":"","publisher":{"@id":"https:\/\/serennashop.com\/fi\/#organization"},"potentialAction":[{"@type":"SearchAction","target":{"@type":"EntryPoint","urlTemplate":"https:\/\/serennashop.com\/fi\/?s={search_term_string}"},"query-input":{"@type":"PropertyValueSpecification","valueRequired":true,"valueName":"search_term_string"}}],"inLanguage":"fi"},{"@type":"Organization","@id":"https:\/\/serennashop.com\/fi\/#organization","name":"Serenna","url":"https:\/\/serennashop.com\/fi\/","logo":{"@type":"ImageObject","inLanguage":"fi","@id":"https:\/\/serennashop.com\/fi\/#\/schema\/logo\/image\/","url":"https:\/\/www.serenna.fi\/wp-content\/uploads\/2025\/12\/serenna-logo2.png","contentUrl":"https:\/\/www.serenna.fi\/wp-content\/uploads\/2025\/12\/serenna-logo2.png","width":2383,"height":317,"caption":"Serenna"},"image":{"@id":"https:\/\/serennashop.com\/fi\/#\/schema\/logo\/image\/"},"sameAs":["https:\/\/www.facebook.com\/serennadecor","https:\/\/www.instagram.com\/serennadecor"]}]}},"_links":{"self":[{"href":"https:\/\/serennashop.com\/fi\/wp-json\/wp\/v2\/product\/13698","targetHints":{"allow":["GET"]}}],"collection":[{"href":"https:\/\/serennashop.com\/fi\/wp-json\/wp\/v2\/product"}],"about":[{"href":"https:\/\/serennashop.com\/fi\/wp-json\/wp\/v2\/types\/product"}],"replies":[{"embeddable":true,"href":"https:\/\/serennashop.com\/fi\/wp-json\/wp\/v2\/comments?post=13698"}],"wp:featuredmedia":[{"embeddable":true,"href":"https:\/\/serennashop.com\/fi\/wp-json\/wp\/v2\/media\/13686"}],"wp:attachment":[{"href":"https:\/\/serennashop.com\/fi\/wp-json\/wp\/v2\/media?parent=13698"}],"wp:term":[{"taxonomy":"product_brand","embeddable":true,"href":"https:\/\/serennashop.com\/fi\/wp-json\/wp\/v2\/product_brand?post=13698"},{"taxonomy":"product_cat","embeddable":true,"href":"https:\/\/serennashop.com\/fi\/wp-json\/wp\/v2\/product_cat?post=13698"},{"taxonomy":"product_tag","embeddable":true,"href":"https:\/\/serennashop.com\/fi\/wp-json\/wp\/v2\/product_tag?post=13698"}],"curies":[{"name":"wp","href":"https:\/\/api.w.org\/{rel}","templated":true}]}}