{"id":13683,"date":"2026-01-10T22:58:16","date_gmt":"2026-01-10T20:58:16","guid":{"rendered":"https:\/\/www.serenna.fi\/?post_type=product&#038;p=13683"},"modified":"2026-04-10T00:03:21","modified_gmt":"2026-04-09T21:03:21","slug":"jeanne-piaubert-jeanne-piaubert-100-ml","status":"publish","type":"product","link":"https:\/\/serennashop.com\/fi\/prod\/jeanne-piaubert-jeanne-piaubert-100-ml\/","title":{"rendered":"Partabalsami Jeanne Piaubert Jeanne Piaubert 100 ml"},"content":{"rendered":"<p>Aftershavebalsami Methode for Men Jeanne Piaubert (100 ml) on eksklusiivinen, huippulaadukas tuote vartalonhoitoon. Jos etsit parhaita henkil\u00f6kohtaisen hygienian tuotteita, 100 % aidot Jeanne Piaubert -tuotteet ovat juuri sit\u00e4 mit\u00e4 etsit.<\/p>\n<p><b>B\u00e1lsamo Aftershave Jeanne Piaubert M\u00e9thode For Men<\/b> on erityisesti miehen parranajon j\u00e4lkeiseen hoitoon suunniteltu tuote, joka yhdist\u00e4\u00e4 tehokkuuden ja mukavuuden <b>100 ml<\/b> pakkauksessa. T\u00e4m\u00e4 aftershave-balsami, joka on valmistettu espanjalaisen ja ranskalaisen kosmetiikkaperinteen yhdist\u00e4m\u00e4n\u00e4, sis\u00e4lt\u00e4\u00e4 <b>rauhoittavia<\/b> ominaisuuksia, jotka lievitt\u00e4v\u00e4t parranajon aiheuttamaa \u00e4rtynytt\u00e4 ihoa, auttaen v\u00e4hent\u00e4m\u00e4\u00e4n ep\u00e4mukavuutta ja punoitusta. Sen pehme\u00e4 koostumus imeytyy nopeasti ja tarjoaa ravitsevaa kosteutusta, joka auttaa pit\u00e4m\u00e4\u00e4n kasvojen ihon hyv\u00e4ss\u00e4 kunnossa p\u00e4ivitt\u00e4isen parranajon j\u00e4lkeen. Osana <b>M\u00e9thode For Men<\/b> -sarjaa t\u00e4m\u00e4 balsami on toimiva ja laadukas tuote miehille, jotka etsiv\u00e4t tehokasta hoitoa, joka valmistaa ja suojaa ihoa arjessa. Sen koostumus on suunniteltu suojaamaan ja palauttamaan ihon suojakerrosta, mik\u00e4 on olennaista parranajon j\u00e4lkeisen kuivumisen ja kiristyksen ehk\u00e4isyss\u00e4. Kaiken kaikkiaan <b>B\u00e1lsamo Aftershave Jeanne Piaubert<\/b> on luotettava valinta rauhoittamaan, pehment\u00e4m\u00e4\u00e4n ja ravitsemaan ihoa parranajon j\u00e4lkeen, osana miesten henkil\u00f6kohtaisen hoitorutiinin, joka painottaa tehokkuutta ja mukavuutta.<\/p>\n<p>&nbsp;<\/p>\n<ul>\n<li>Sukupuoli: Miehet<\/li>\n<li>Tilavuus: 100 ml<\/li>\n<li>Tyyppi:\n<ul>\n<li>After Shave -balsami<\/li>\n<li>After Shave<\/li>\n<\/ul>\n<\/li>\n<li>Tuoksun nimi: Methode For Men<\/li>\n<\/ul>\n","protected":false},"excerpt":{"rendered":"<p><span class=\"unit-info\">23.0000 \u20ac \/ 100 ml<\/span><\/p>\n","protected":false},"featured_media":72964,"comment_status":"open","ping_status":"closed","template":"","meta":[],"product_brand":[],"product_cat":[278,340],"product_tag":[217],"class_list":{"0":"post-13683","1":"product","2":"type-product","3":"status-publish","4":"has-post-thumbnail","6":"product_cat-kauneus-ja-terveys","7":"product_cat-parta-ja-hoito","8":"product_tag-tag_217","10":"first","11":"instock","12":"taxable","13":"shipping-taxable","14":"purchasable","15":"product-type-simple"},"yoast_head":"<!-- This site is optimized with the Yoast SEO plugin v27.4 - https:\/\/yoast.com\/product\/yoast-seo-wordpress\/ -->\n<title>Partabalsami Jeanne Piaubert Jeanne Piaubert 100 ml - Serenna<\/title>\n<meta name=\"robots\" content=\"index, follow, max-snippet:-1, max-image-preview:large, max-video-preview:-1\" \/>\n<link rel=\"canonical\" href=\"https:\/\/serennashop.com\/fi\/prod\/jeanne-piaubert-jeanne-piaubert-100-ml\/\" \/>\n<meta property=\"og:locale\" content=\"fi_FI\" \/>\n<meta property=\"og:type\" content=\"article\" \/>\n<meta property=\"og:title\" content=\"Partabalsami Jeanne Piaubert Jeanne Piaubert 100 ml - Serenna\" \/>\n<meta property=\"og:description\" content=\"23.0000 \u20ac \/ 100 ml\" \/>\n<meta property=\"og:url\" content=\"https:\/\/serennashop.com\/fi\/prod\/jeanne-piaubert-jeanne-piaubert-100-ml\/\" \/>\n<meta property=\"og:site_name\" content=\"Serenna\" \/>\n<meta property=\"article:publisher\" content=\"https:\/\/www.facebook.com\/serennadecor\" \/>\n<meta property=\"article:modified_time\" content=\"2026-04-09T21:03:21+00:00\" \/>\n<meta property=\"og:image\" content=\"https:\/\/serennashop.com\/wp-content\/uploads\/2026\/04\/import_images-2021042711004701.jpg\" \/>\n\t<meta property=\"og:image:width\" content=\"1200\" \/>\n\t<meta property=\"og:image:height\" content=\"1200\" \/>\n\t<meta property=\"og:image:type\" content=\"image\/jpeg\" \/>\n<meta name=\"twitter:card\" content=\"summary_large_image\" \/>\n<meta name=\"twitter:label1\" content=\"Arvioitu lukuaika\" \/>\n\t<meta name=\"twitter:data1\" content=\"2 minuuttia\" \/>\n<script type=\"application\/ld+json\" class=\"yoast-schema-graph\">{\"@context\":\"https:\\\/\\\/schema.org\",\"@graph\":[{\"@type\":\"WebPage\",\"@id\":\"https:\\\/\\\/serennashop.com\\\/fi\\\/prod\\\/jeanne-piaubert-jeanne-piaubert-100-ml\\\/\",\"url\":\"https:\\\/\\\/serennashop.com\\\/fi\\\/prod\\\/jeanne-piaubert-jeanne-piaubert-100-ml\\\/\",\"name\":\"Partabalsami Jeanne Piaubert Jeanne Piaubert 100 ml - Serenna\",\"isPartOf\":{\"@id\":\"https:\\\/\\\/serennashop.com\\\/fi\\\/#website\"},\"primaryImageOfPage\":{\"@id\":\"https:\\\/\\\/serennashop.com\\\/fi\\\/prod\\\/jeanne-piaubert-jeanne-piaubert-100-ml\\\/#primaryimage\"},\"image\":{\"@id\":\"https:\\\/\\\/serennashop.com\\\/fi\\\/prod\\\/jeanne-piaubert-jeanne-piaubert-100-ml\\\/#primaryimage\"},\"thumbnailUrl\":\"https:\\\/\\\/serennashop.com\\\/wp-content\\\/uploads\\\/2026\\\/04\\\/import_images-2021042711004701.jpg\",\"datePublished\":\"2026-01-10T20:58:16+00:00\",\"dateModified\":\"2026-04-09T21:03:21+00:00\",\"breadcrumb\":{\"@id\":\"https:\\\/\\\/serennashop.com\\\/fi\\\/prod\\\/jeanne-piaubert-jeanne-piaubert-100-ml\\\/#breadcrumb\"},\"inLanguage\":\"fi\",\"potentialAction\":[{\"@type\":\"ReadAction\",\"target\":[\"https:\\\/\\\/serennashop.com\\\/fi\\\/prod\\\/jeanne-piaubert-jeanne-piaubert-100-ml\\\/\"]}]},{\"@type\":\"ImageObject\",\"inLanguage\":\"fi\",\"@id\":\"https:\\\/\\\/serennashop.com\\\/fi\\\/prod\\\/jeanne-piaubert-jeanne-piaubert-100-ml\\\/#primaryimage\",\"url\":\"https:\\\/\\\/serennashop.com\\\/wp-content\\\/uploads\\\/2026\\\/04\\\/import_images-2021042711004701.jpg\",\"contentUrl\":\"https:\\\/\\\/serennashop.com\\\/wp-content\\\/uploads\\\/2026\\\/04\\\/import_images-2021042711004701.jpg\",\"width\":1200,\"height\":1200,\"caption\":\"S0584419_0\"},{\"@type\":\"BreadcrumbList\",\"@id\":\"https:\\\/\\\/serennashop.com\\\/fi\\\/prod\\\/jeanne-piaubert-jeanne-piaubert-100-ml\\\/#breadcrumb\",\"itemListElement\":[{\"@type\":\"ListItem\",\"position\":1,\"name\":\"Etusivu\",\"item\":\"https:\\\/\\\/serennashop.com\\\/fi\"},{\"@type\":\"ListItem\",\"position\":2,\"name\":\"Kauppa\",\"item\":\"https:\\\/\\\/serennashop.com\\\/fi\\\/shop\\\/\"},{\"@type\":\"ListItem\",\"position\":3,\"name\":\"Partabalsami Jeanne Piaubert Jeanne Piaubert 100 ml\"}]},{\"@type\":\"WebSite\",\"@id\":\"https:\\\/\\\/serennashop.com\\\/fi\\\/#website\",\"url\":\"https:\\\/\\\/serennashop.com\\\/fi\\\/\",\"name\":\"Serenna\",\"description\":\"\",\"publisher\":{\"@id\":\"https:\\\/\\\/serennashop.com\\\/fi\\\/#organization\"},\"potentialAction\":[{\"@type\":\"SearchAction\",\"target\":{\"@type\":\"EntryPoint\",\"urlTemplate\":\"https:\\\/\\\/serennashop.com\\\/fi\\\/?s={search_term_string}\"},\"query-input\":{\"@type\":\"PropertyValueSpecification\",\"valueRequired\":true,\"valueName\":\"search_term_string\"}}],\"inLanguage\":\"fi\"},{\"@type\":\"Organization\",\"@id\":\"https:\\\/\\\/serennashop.com\\\/fi\\\/#organization\",\"name\":\"Serenna\",\"url\":\"https:\\\/\\\/serennashop.com\\\/fi\\\/\",\"logo\":{\"@type\":\"ImageObject\",\"inLanguage\":\"fi\",\"@id\":\"https:\\\/\\\/serennashop.com\\\/fi\\\/#\\\/schema\\\/logo\\\/image\\\/\",\"url\":\"https:\\\/\\\/www.serenna.fi\\\/wp-content\\\/uploads\\\/2025\\\/12\\\/serenna-logo2.png\",\"contentUrl\":\"https:\\\/\\\/www.serenna.fi\\\/wp-content\\\/uploads\\\/2025\\\/12\\\/serenna-logo2.png\",\"width\":2383,\"height\":317,\"caption\":\"Serenna\"},\"image\":{\"@id\":\"https:\\\/\\\/serennashop.com\\\/fi\\\/#\\\/schema\\\/logo\\\/image\\\/\"},\"sameAs\":[\"https:\\\/\\\/www.facebook.com\\\/serennadecor\",\"https:\\\/\\\/www.instagram.com\\\/serennadecor\"]}]}<\/script>\n<!-- \/ Yoast SEO plugin. -->","yoast_head_json":{"title":"Partabalsami Jeanne Piaubert Jeanne Piaubert 100 ml - Serenna","robots":{"index":"index","follow":"follow","max-snippet":"max-snippet:-1","max-image-preview":"max-image-preview:large","max-video-preview":"max-video-preview:-1"},"canonical":"https:\/\/serennashop.com\/fi\/prod\/jeanne-piaubert-jeanne-piaubert-100-ml\/","og_locale":"fi_FI","og_type":"article","og_title":"Partabalsami Jeanne Piaubert Jeanne Piaubert 100 ml - Serenna","og_description":"23.0000 \u20ac \/ 100 ml","og_url":"https:\/\/serennashop.com\/fi\/prod\/jeanne-piaubert-jeanne-piaubert-100-ml\/","og_site_name":"Serenna","article_publisher":"https:\/\/www.facebook.com\/serennadecor","article_modified_time":"2026-04-09T21:03:21+00:00","og_image":[{"width":1200,"height":1200,"url":"https:\/\/serennashop.com\/wp-content\/uploads\/2026\/04\/import_images-2021042711004701.jpg","type":"image\/jpeg"}],"twitter_card":"summary_large_image","twitter_misc":{"Arvioitu lukuaika":"2 minuuttia"},"schema":{"@context":"https:\/\/schema.org","@graph":[{"@type":"WebPage","@id":"https:\/\/serennashop.com\/fi\/prod\/jeanne-piaubert-jeanne-piaubert-100-ml\/","url":"https:\/\/serennashop.com\/fi\/prod\/jeanne-piaubert-jeanne-piaubert-100-ml\/","name":"Partabalsami Jeanne Piaubert Jeanne Piaubert 100 ml - Serenna","isPartOf":{"@id":"https:\/\/serennashop.com\/fi\/#website"},"primaryImageOfPage":{"@id":"https:\/\/serennashop.com\/fi\/prod\/jeanne-piaubert-jeanne-piaubert-100-ml\/#primaryimage"},"image":{"@id":"https:\/\/serennashop.com\/fi\/prod\/jeanne-piaubert-jeanne-piaubert-100-ml\/#primaryimage"},"thumbnailUrl":"https:\/\/serennashop.com\/wp-content\/uploads\/2026\/04\/import_images-2021042711004701.jpg","datePublished":"2026-01-10T20:58:16+00:00","dateModified":"2026-04-09T21:03:21+00:00","breadcrumb":{"@id":"https:\/\/serennashop.com\/fi\/prod\/jeanne-piaubert-jeanne-piaubert-100-ml\/#breadcrumb"},"inLanguage":"fi","potentialAction":[{"@type":"ReadAction","target":["https:\/\/serennashop.com\/fi\/prod\/jeanne-piaubert-jeanne-piaubert-100-ml\/"]}]},{"@type":"ImageObject","inLanguage":"fi","@id":"https:\/\/serennashop.com\/fi\/prod\/jeanne-piaubert-jeanne-piaubert-100-ml\/#primaryimage","url":"https:\/\/serennashop.com\/wp-content\/uploads\/2026\/04\/import_images-2021042711004701.jpg","contentUrl":"https:\/\/serennashop.com\/wp-content\/uploads\/2026\/04\/import_images-2021042711004701.jpg","width":1200,"height":1200,"caption":"S0584419_0"},{"@type":"BreadcrumbList","@id":"https:\/\/serennashop.com\/fi\/prod\/jeanne-piaubert-jeanne-piaubert-100-ml\/#breadcrumb","itemListElement":[{"@type":"ListItem","position":1,"name":"Etusivu","item":"https:\/\/serennashop.com\/fi"},{"@type":"ListItem","position":2,"name":"Kauppa","item":"https:\/\/serennashop.com\/fi\/shop\/"},{"@type":"ListItem","position":3,"name":"Partabalsami Jeanne Piaubert Jeanne Piaubert 100 ml"}]},{"@type":"WebSite","@id":"https:\/\/serennashop.com\/fi\/#website","url":"https:\/\/serennashop.com\/fi\/","name":"Serenna","description":"","publisher":{"@id":"https:\/\/serennashop.com\/fi\/#organization"},"potentialAction":[{"@type":"SearchAction","target":{"@type":"EntryPoint","urlTemplate":"https:\/\/serennashop.com\/fi\/?s={search_term_string}"},"query-input":{"@type":"PropertyValueSpecification","valueRequired":true,"valueName":"search_term_string"}}],"inLanguage":"fi"},{"@type":"Organization","@id":"https:\/\/serennashop.com\/fi\/#organization","name":"Serenna","url":"https:\/\/serennashop.com\/fi\/","logo":{"@type":"ImageObject","inLanguage":"fi","@id":"https:\/\/serennashop.com\/fi\/#\/schema\/logo\/image\/","url":"https:\/\/www.serenna.fi\/wp-content\/uploads\/2025\/12\/serenna-logo2.png","contentUrl":"https:\/\/www.serenna.fi\/wp-content\/uploads\/2025\/12\/serenna-logo2.png","width":2383,"height":317,"caption":"Serenna"},"image":{"@id":"https:\/\/serennashop.com\/fi\/#\/schema\/logo\/image\/"},"sameAs":["https:\/\/www.facebook.com\/serennadecor","https:\/\/www.instagram.com\/serennadecor"]}]}},"_links":{"self":[{"href":"https:\/\/serennashop.com\/fi\/wp-json\/wp\/v2\/product\/13683","targetHints":{"allow":["GET"]}}],"collection":[{"href":"https:\/\/serennashop.com\/fi\/wp-json\/wp\/v2\/product"}],"about":[{"href":"https:\/\/serennashop.com\/fi\/wp-json\/wp\/v2\/types\/product"}],"replies":[{"embeddable":true,"href":"https:\/\/serennashop.com\/fi\/wp-json\/wp\/v2\/comments?post=13683"}],"wp:featuredmedia":[{"embeddable":true,"href":"https:\/\/serennashop.com\/fi\/wp-json\/wp\/v2\/media\/72964"}],"wp:attachment":[{"href":"https:\/\/serennashop.com\/fi\/wp-json\/wp\/v2\/media?parent=13683"}],"wp:term":[{"taxonomy":"product_brand","embeddable":true,"href":"https:\/\/serennashop.com\/fi\/wp-json\/wp\/v2\/product_brand?post=13683"},{"taxonomy":"product_cat","embeddable":true,"href":"https:\/\/serennashop.com\/fi\/wp-json\/wp\/v2\/product_cat?post=13683"},{"taxonomy":"product_tag","embeddable":true,"href":"https:\/\/serennashop.com\/fi\/wp-json\/wp\/v2\/product_tag?post=13683"}],"curies":[{"name":"wp","href":"https:\/\/api.w.org\/{rel}","templated":true}]}}