{"id":54299,"date":"2026-01-09T10:23:16","date_gmt":"2026-01-09T08:23:16","guid":{"rendered":"https:\/\/serennashop.com\/prod\/guess-gf5082-6052f\/"},"modified":"2026-03-26T00:05:48","modified_gmt":"2026-03-25T22:05:48","slug":"guess-gf5082-6052f","status":"publish","type":"product","link":"https:\/\/serennashop.com\/en\/prod\/guess-gf5082-6052f\/","title":{"rendered":"Men&#x27;s sunglasses Guess GF5082 6052F"},"content":{"rendered":"<p><b>Men&#x27;s sunglasses Guess GF5082 6052F<\/b><\/p>\n<ul>\n<li>Type: Men&#x27;s sunglasses<\/li>\n<li>Gender: Men<\/li>\n<li>Protection: 100% UV protection (UV400)<\/li>\n<li>Includes: Includes branded bag<\/li>\n<\/ul>\n<p><strong>Guess sunglasses \u2013 bold fashion, iconic attitude<\/strong><\/p>\n<p>Guess sunglasses combine trendy design, glamorous elegance and a youthful attitude in a way that makes the brand one of the most recognisable names in the fashion world. Guess has always been a pioneer of bold and confident style \u2013 and this is also reflected in its sunglasses collection. Each model is designed to emphasise personality, add a finishing touch to an outfit and bring a touch of luxury to everyday life.<\/p>\n<p>Guess sunglasses are the perfect choice for those who love trendy fashion and sophisticated style. The collection includes both striking, glamorous frames and more minimalist, modern and elegant models. The selection includes oversized shapes, cat-eye frames, aviator glasses and classic straight-line models \u2013 all bearing the recognisable signature of the Guess fashion house.<\/p>\n<p>High-quality lenses offer comfort and protection, and lightweight frames ensure a comfortable fit all day long. Stylish details such as logos, metal accents and sophisticated design elements make these glasses a polished accessory for any occasion.<\/p>\n<p><strong>Why choose Guess sunglasses?<\/strong><\/p>\n<ul>\n<li>\u2728 Trendy, luxurious design<\/li>\n<li>\ud83c\udf1e High-quality UV protection in many models<\/li>\n<li>\ud83d\udc53 Lightweight and comfortable to wear<\/li>\n<li>\ud83d\udc8e Iconic Guess details<\/li>\n<li>\ud83d\udc60 The perfect choice for the fashion-conscious<\/li>\n<\/ul>\n<p>\nGuess sunglasses are for you if you want to stand out with your style and add a touch of glamour to your outfit \u2013 easily and impressively.<br \/>\nCreate a bold and confident look with Guess&#x27;s iconic sunglasses.<\/p>\n<p>\u00a0<\/p>\n","protected":false},"excerpt":{"rendered":"<p>Men&#x27;s sunglasses Guess GF5082 6052F Type: Men&#x27;s sunglasses Gender: Men Protection: 100% UV protection (UV400) Includes: Includes branded bag<\/p>\n","protected":false},"featured_media":13243,"comment_status":"open","ping_status":"closed","template":"","meta":[],"product_brand":[],"product_cat":[1182,2502],"product_tag":[805,1185,806,740],"class_list":{"0":"post-54299","1":"product","2":"type-product","3":"status-publish","4":"has-post-thumbnail","6":"product_cat-mens-sunglasses","7":"product_cat-sunglasses","8":"product_tag-tag_195","9":"product_tag-tag_194","10":"product_tag-tag_189","11":"product_tag-tag_188","13":"first","14":"instock","15":"taxable","16":"shipping-taxable","17":"purchasable","18":"product-type-simple"},"yoast_head":"<!-- This site is optimized with the Yoast SEO plugin v27.4 - https:\/\/yoast.com\/product\/yoast-seo-wordpress\/ -->\n<title>Men&#x27;s sunglasses Guess GF5082 6052F - Serenna<\/title>\n<meta name=\"description\" content=\"Aurinkolasit \u2013 tyylikk\u00e4\u00e4t ja laadukkaat aurinkolasit miehille. Suojaa silm\u00e4si UV-s\u00e4teilylt\u00e4 ja viimeistele asusi tunnetuilla br\u00e4ndeill\u00e4.\" \/>\n<meta name=\"robots\" content=\"index, follow, max-snippet:-1, max-image-preview:large, max-video-preview:-1\" \/>\n<link rel=\"canonical\" href=\"https:\/\/serennashop.com\/en\/prod\/guess-gf5082-6052f\/\" \/>\n<meta property=\"og:locale\" content=\"en_US\" \/>\n<meta property=\"og:type\" content=\"article\" \/>\n<meta property=\"og:title\" content=\"Men&#x27;s sunglasses Guess GF5082 6052F - Serenna\" \/>\n<meta property=\"og:description\" content=\"Aurinkolasit \u2013 tyylikk\u00e4\u00e4t ja laadukkaat aurinkolasit miehille. Suojaa silm\u00e4si UV-s\u00e4teilylt\u00e4 ja viimeistele asusi tunnetuilla br\u00e4ndeill\u00e4.\" \/>\n<meta property=\"og:url\" content=\"https:\/\/serennashop.com\/en\/prod\/guess-gf5082-6052f\/\" \/>\n<meta property=\"og:site_name\" content=\"Serenna\" \/>\n<meta property=\"article:publisher\" content=\"https:\/\/www.facebook.com\/serennadecor\" \/>\n<meta property=\"article:modified_time\" content=\"2026-03-25T22:05:48+00:00\" \/>\n<meta property=\"og:image\" content=\"https:\/\/serennashop.com\/wp-content\/uploads\/2026\/01\/0889214290601_S7234365_P01.jpg\" \/>\n\t<meta property=\"og:image:width\" content=\"1200\" \/>\n\t<meta property=\"og:image:height\" content=\"1200\" \/>\n\t<meta property=\"og:image:type\" content=\"image\/jpeg\" \/>\n<meta name=\"twitter:card\" content=\"summary_large_image\" \/>\n<meta name=\"twitter:label1\" content=\"Est. reading time\" \/>\n\t<meta name=\"twitter:data1\" content=\"1 minute\" \/>\n<script type=\"application\/ld+json\" class=\"yoast-schema-graph\">{\"@context\":\"https:\\\/\\\/schema.org\",\"@graph\":[{\"@type\":\"WebPage\",\"@id\":\"https:\\\/\\\/serennashop.com\\\/en\\\/prod\\\/guess-gf5082-6052f\\\/\",\"url\":\"https:\\\/\\\/serennashop.com\\\/en\\\/prod\\\/guess-gf5082-6052f\\\/\",\"name\":\"Men&#x27;s sunglasses Guess GF5082 6052F - Serenna\",\"isPartOf\":{\"@id\":\"https:\\\/\\\/serennashop.com\\\/en\\\/#website\"},\"primaryImageOfPage\":{\"@id\":\"https:\\\/\\\/serennashop.com\\\/en\\\/prod\\\/guess-gf5082-6052f\\\/#primaryimage\"},\"image\":{\"@id\":\"https:\\\/\\\/serennashop.com\\\/en\\\/prod\\\/guess-gf5082-6052f\\\/#primaryimage\"},\"thumbnailUrl\":\"https:\\\/\\\/serennashop.com\\\/wp-content\\\/uploads\\\/2026\\\/01\\\/0889214290601_S7234365_P01.jpg\",\"datePublished\":\"2026-01-09T08:23:16+00:00\",\"dateModified\":\"2026-03-25T22:05:48+00:00\",\"description\":\"Aurinkolasit \u2013 tyylikk\u00e4\u00e4t ja laadukkaat aurinkolasit miehille. Suojaa silm\u00e4si UV-s\u00e4teilylt\u00e4 ja viimeistele asusi tunnetuilla br\u00e4ndeill\u00e4.\",\"breadcrumb\":{\"@id\":\"https:\\\/\\\/serennashop.com\\\/en\\\/prod\\\/guess-gf5082-6052f\\\/#breadcrumb\"},\"inLanguage\":\"en-US\",\"potentialAction\":[{\"@type\":\"ReadAction\",\"target\":[\"https:\\\/\\\/serennashop.com\\\/en\\\/prod\\\/guess-gf5082-6052f\\\/\"]}]},{\"@type\":\"ImageObject\",\"inLanguage\":\"en-US\",\"@id\":\"https:\\\/\\\/serennashop.com\\\/en\\\/prod\\\/guess-gf5082-6052f\\\/#primaryimage\",\"url\":\"https:\\\/\\\/serennashop.com\\\/wp-content\\\/uploads\\\/2026\\\/01\\\/0889214290601_S7234365_P01.jpg\",\"contentUrl\":\"https:\\\/\\\/serennashop.com\\\/wp-content\\\/uploads\\\/2026\\\/01\\\/0889214290601_S7234365_P01.jpg\",\"width\":1200,\"height\":1200,\"caption\":\"S7234365_0\"},{\"@type\":\"BreadcrumbList\",\"@id\":\"https:\\\/\\\/serennashop.com\\\/en\\\/prod\\\/guess-gf5082-6052f\\\/#breadcrumb\",\"itemListElement\":[{\"@type\":\"ListItem\",\"position\":1,\"name\":\"Etusivu\",\"item\":\"https:\\\/\\\/serennashop.com\\\/en\\\/\"},{\"@type\":\"ListItem\",\"position\":2,\"name\":\"Shop\",\"item\":\"https:\\\/\\\/serennashop.com\\\/en\\\/shop\\\/\"},{\"@type\":\"ListItem\",\"position\":3,\"name\":\"Men&#x27;s sunglasses Guess GF5082 6052F\"}]},{\"@type\":\"WebSite\",\"@id\":\"https:\\\/\\\/serennashop.com\\\/en\\\/#website\",\"url\":\"https:\\\/\\\/serennashop.com\\\/en\\\/\",\"name\":\"Serenna\",\"description\":\"\",\"publisher\":{\"@id\":\"https:\\\/\\\/serennashop.com\\\/en\\\/#organization\"},\"potentialAction\":[{\"@type\":\"SearchAction\",\"target\":{\"@type\":\"EntryPoint\",\"urlTemplate\":\"https:\\\/\\\/serennashop.com\\\/en\\\/?s={search_term_string}\"},\"query-input\":{\"@type\":\"PropertyValueSpecification\",\"valueRequired\":true,\"valueName\":\"search_term_string\"}}],\"inLanguage\":\"en-US\"},{\"@type\":\"Organization\",\"@id\":\"https:\\\/\\\/serennashop.com\\\/en\\\/#organization\",\"name\":\"Serenna\",\"url\":\"https:\\\/\\\/serennashop.com\\\/en\\\/\",\"logo\":{\"@type\":\"ImageObject\",\"inLanguage\":\"en-US\",\"@id\":\"https:\\\/\\\/serennashop.com\\\/en\\\/#\\\/schema\\\/logo\\\/image\\\/\",\"url\":\"https:\\\/\\\/www.serenna.fi\\\/wp-content\\\/uploads\\\/2025\\\/12\\\/serenna-logo2.png\",\"contentUrl\":\"https:\\\/\\\/www.serenna.fi\\\/wp-content\\\/uploads\\\/2025\\\/12\\\/serenna-logo2.png\",\"width\":2383,\"height\":317,\"caption\":\"Serenna\"},\"image\":{\"@id\":\"https:\\\/\\\/serennashop.com\\\/en\\\/#\\\/schema\\\/logo\\\/image\\\/\"},\"sameAs\":[\"https:\\\/\\\/www.facebook.com\\\/serennadecor\",\"https:\\\/\\\/www.instagram.com\\\/serennadecor\"]}]}<\/script>\n<!-- \/ Yoast SEO plugin. -->","yoast_head_json":{"title":"Men&#x27;s sunglasses Guess GF5082 6052F - Serenna","description":"Aurinkolasit \u2013 tyylikk\u00e4\u00e4t ja laadukkaat aurinkolasit miehille. Suojaa silm\u00e4si UV-s\u00e4teilylt\u00e4 ja viimeistele asusi tunnetuilla br\u00e4ndeill\u00e4.","robots":{"index":"index","follow":"follow","max-snippet":"max-snippet:-1","max-image-preview":"max-image-preview:large","max-video-preview":"max-video-preview:-1"},"canonical":"https:\/\/serennashop.com\/en\/prod\/guess-gf5082-6052f\/","og_locale":"en_US","og_type":"article","og_title":"Men&#x27;s sunglasses Guess GF5082 6052F - Serenna","og_description":"Aurinkolasit \u2013 tyylikk\u00e4\u00e4t ja laadukkaat aurinkolasit miehille. Suojaa silm\u00e4si UV-s\u00e4teilylt\u00e4 ja viimeistele asusi tunnetuilla br\u00e4ndeill\u00e4.","og_url":"https:\/\/serennashop.com\/en\/prod\/guess-gf5082-6052f\/","og_site_name":"Serenna","article_publisher":"https:\/\/www.facebook.com\/serennadecor","article_modified_time":"2026-03-25T22:05:48+00:00","og_image":[{"width":1200,"height":1200,"url":"https:\/\/serennashop.com\/wp-content\/uploads\/2026\/01\/0889214290601_S7234365_P01.jpg","type":"image\/jpeg"}],"twitter_card":"summary_large_image","twitter_misc":{"Est. reading time":"1 minute"},"schema":{"@context":"https:\/\/schema.org","@graph":[{"@type":"WebPage","@id":"https:\/\/serennashop.com\/en\/prod\/guess-gf5082-6052f\/","url":"https:\/\/serennashop.com\/en\/prod\/guess-gf5082-6052f\/","name":"Men&#x27;s sunglasses Guess GF5082 6052F - Serenna","isPartOf":{"@id":"https:\/\/serennashop.com\/en\/#website"},"primaryImageOfPage":{"@id":"https:\/\/serennashop.com\/en\/prod\/guess-gf5082-6052f\/#primaryimage"},"image":{"@id":"https:\/\/serennashop.com\/en\/prod\/guess-gf5082-6052f\/#primaryimage"},"thumbnailUrl":"https:\/\/serennashop.com\/wp-content\/uploads\/2026\/01\/0889214290601_S7234365_P01.jpg","datePublished":"2026-01-09T08:23:16+00:00","dateModified":"2026-03-25T22:05:48+00:00","description":"Aurinkolasit \u2013 tyylikk\u00e4\u00e4t ja laadukkaat aurinkolasit miehille. Suojaa silm\u00e4si UV-s\u00e4teilylt\u00e4 ja viimeistele asusi tunnetuilla br\u00e4ndeill\u00e4.","breadcrumb":{"@id":"https:\/\/serennashop.com\/en\/prod\/guess-gf5082-6052f\/#breadcrumb"},"inLanguage":"en-US","potentialAction":[{"@type":"ReadAction","target":["https:\/\/serennashop.com\/en\/prod\/guess-gf5082-6052f\/"]}]},{"@type":"ImageObject","inLanguage":"en-US","@id":"https:\/\/serennashop.com\/en\/prod\/guess-gf5082-6052f\/#primaryimage","url":"https:\/\/serennashop.com\/wp-content\/uploads\/2026\/01\/0889214290601_S7234365_P01.jpg","contentUrl":"https:\/\/serennashop.com\/wp-content\/uploads\/2026\/01\/0889214290601_S7234365_P01.jpg","width":1200,"height":1200,"caption":"S7234365_0"},{"@type":"BreadcrumbList","@id":"https:\/\/serennashop.com\/en\/prod\/guess-gf5082-6052f\/#breadcrumb","itemListElement":[{"@type":"ListItem","position":1,"name":"Etusivu","item":"https:\/\/serennashop.com\/en\/"},{"@type":"ListItem","position":2,"name":"Shop","item":"https:\/\/serennashop.com\/en\/shop\/"},{"@type":"ListItem","position":3,"name":"Men&#x27;s sunglasses Guess GF5082 6052F"}]},{"@type":"WebSite","@id":"https:\/\/serennashop.com\/en\/#website","url":"https:\/\/serennashop.com\/en\/","name":"Serenna","description":"","publisher":{"@id":"https:\/\/serennashop.com\/en\/#organization"},"potentialAction":[{"@type":"SearchAction","target":{"@type":"EntryPoint","urlTemplate":"https:\/\/serennashop.com\/en\/?s={search_term_string}"},"query-input":{"@type":"PropertyValueSpecification","valueRequired":true,"valueName":"search_term_string"}}],"inLanguage":"en-US"},{"@type":"Organization","@id":"https:\/\/serennashop.com\/en\/#organization","name":"Serenna","url":"https:\/\/serennashop.com\/en\/","logo":{"@type":"ImageObject","inLanguage":"en-US","@id":"https:\/\/serennashop.com\/en\/#\/schema\/logo\/image\/","url":"https:\/\/www.serenna.fi\/wp-content\/uploads\/2025\/12\/serenna-logo2.png","contentUrl":"https:\/\/www.serenna.fi\/wp-content\/uploads\/2025\/12\/serenna-logo2.png","width":2383,"height":317,"caption":"Serenna"},"image":{"@id":"https:\/\/serennashop.com\/en\/#\/schema\/logo\/image\/"},"sameAs":["https:\/\/www.facebook.com\/serennadecor","https:\/\/www.instagram.com\/serennadecor"]}]}},"_links":{"self":[{"href":"https:\/\/serennashop.com\/en\/wp-json\/wp\/v2\/product\/54299","targetHints":{"allow":["GET"]}}],"collection":[{"href":"https:\/\/serennashop.com\/en\/wp-json\/wp\/v2\/product"}],"about":[{"href":"https:\/\/serennashop.com\/en\/wp-json\/wp\/v2\/types\/product"}],"replies":[{"embeddable":true,"href":"https:\/\/serennashop.com\/en\/wp-json\/wp\/v2\/comments?post=54299"}],"wp:featuredmedia":[{"embeddable":true,"href":"https:\/\/serennashop.com\/en\/wp-json\/wp\/v2\/media\/13243"}],"wp:attachment":[{"href":"https:\/\/serennashop.com\/en\/wp-json\/wp\/v2\/media?parent=54299"}],"wp:term":[{"taxonomy":"product_brand","embeddable":true,"href":"https:\/\/serennashop.com\/en\/wp-json\/wp\/v2\/product_brand?post=54299"},{"taxonomy":"product_cat","embeddable":true,"href":"https:\/\/serennashop.com\/en\/wp-json\/wp\/v2\/product_cat?post=54299"},{"taxonomy":"product_tag","embeddable":true,"href":"https:\/\/serennashop.com\/en\/wp-json\/wp\/v2\/product_tag?post=54299"}],"curies":[{"name":"wp","href":"https:\/\/api.w.org\/{rel}","templated":true}]}}