{"id":54728,"date":"2026-01-10T22:58:27","date_gmt":"2026-01-10T20:58:27","guid":{"rendered":"https:\/\/serennashop.com\/prod\/epiluch-innovagoods\/"},"modified":"2026-03-26T00:06:12","modified_gmt":"2026-03-25T22:06:12","slug":"epiluch-innovagoods","status":"publish","type":"product","link":"https:\/\/serennashop.com\/de\/prod\/epiluch-innovagoods\/","title":{"rendered":"Wiederaufladbarer Mini-Haarentferner mit LED-Licht Epiluch InnovaGoods"},"content":{"rendered":"<div class=\"col-md-6\">\n<p><b>InnovaGoods<\/b> macht es Ihnen leicht, sich ohne Ausreden um sich selbst zu k\u00fcmmern, denn es bietet die besten und neuesten Produkte f\u00fcr Sch\u00f6nheit, Entspannung und Wohlbefinden! <b>Der wiederaufladbare Mini-Haarentferner mit LED-Licht Epiluch InnovaGoods <\/b> ist ein gutes Beispiel daf\u00fcr! Entdecken Sie eine gro\u00dfe Auswahl an hochwertigen Produkten, die sich durch ihre Funktionalit\u00e4t, Effizienz und ihr innovatives Design auszeichnen.<\/p>\n<p>Ein moderner und separater wiederaufladbarer Epilierer mit LED-Licht f\u00fcr Frauen, ideal f\u00fcr eine schmerzfreie, schnelle und effektive Haarentfernung, wann und wo immer Sie es brauchen. Dank seiner Mikrovibrationstechnologie entfernt das Ger\u00e4t Haare in einem einzigen Durchgang ohne Schmerzen und Reizungen. Eine einfache und angenehme Methode zur Haarentfernung, die die Haut glatt und weich hinterl\u00e4sst. Dank seiner geringen Gr\u00f6\u00dfe, seines geringen Gewichts und seines kompakten Designs l\u00e4sst sich das Ger\u00e4t leicht transportieren und \u00fcberall aufbewahren und nimmt nur wenig Platz ein. Dieser ergonomische und tragbare Mini-Haarentferner ist sehr einfach zu bedienen und bietet h\u00f6chsten Komfort, ohne dass Kabel oder Stecker erforderlich sind. Das Ger\u00e4t verf\u00fcgt \u00fcber eine Schutzkappe \u00fcber der Klinge und einen Ein-\/Aus-Schalter. Dank des Sicherheitskontaktsensors beginnt das Ger\u00e4t erst zu arbeiten, wenn es mit der Haut in Kontakt kommt. Wenn das Ger\u00e4t nicht mit der Haut in Kontakt ist, schaltet es sich nach einigen Sekunden automatisch aus. Dank der LED-Beleuchtung (Sense-Light-Technologie) erm\u00f6glicht das Ger\u00e4t eine bessere Sicht auf den zu enthaarenden Bereich, sodass Sie auch die k\u00fcrzesten und feinsten Haare sehen k\u00f6nnen. Um ein optimales Ergebnis zu erzielen, sollten Sie den Haarentferner entgegen der Haarwuchsrichtung (in einem Winkel von 25\u00b0 bis 35\u00b0) ohne \u00fcberm\u00e4\u00dfigen Druck f\u00fchren. Der Haarentferner kann am ganzen K\u00f6rper angewendet werden und eignet sich auch f\u00fcr die Trockenrasur. Der Kopf des Ger\u00e4ts l\u00e4sst sich leicht abnehmen, wenn Sie es in seine Einzelteile zerlegen m\u00f6chten. Enth\u00e4lt eine kleine Reinigungsb\u00fcrste und ein USB\/Micro-USB-Ladekabel.<\/p>\n<ul>\n<li>Material:\n<ul>\n<li>ABS<\/li>\n<li>Edelstahl<\/li>\n<\/ul>\n<\/li>\n<li>Farbe\n<ul>\n<li>Wei\u00df<\/li>\n<li>Violett<\/li>\n<\/ul>\n<\/li>\n<li>Modernes Design: Ergonomisch<\/li>\n<li>Typ:\n<ul>\n<li>Elektronisch<\/li>\n<li>Aufladbar<\/li>\n<li>Kabellos<\/li>\n<\/ul>\n<\/li>\n<li>Ultimate Personal Shaver f\u00fcr Frauen: Schmerzfrei<\/li>\n<li>Wiederaufladbarer Haarentferner f\u00fcr Frauen: Trockene Haarentfernung<\/li>\n<li>Einzigartig und mobil: Keine Kabel<\/li>\n<li>Reduzierte kompakte Gr\u00f6\u00dfe: Nimmt nur wenig Platz ein<\/li>\n<li>Leicht und handlich: Einfach zu transportieren und zu verstauen<\/li>\n<li>LED-Licht: Bessere Sicht<\/li>\n<li>Ber\u00fchrungssensor: Touch-Steuerung<\/li>\n<li>Vielseitig und anpassungsf\u00e4hig: Passt sich Ihrem K\u00f6rper an<\/li>\n<li>Ein Knopf: Ein-\/Aus-Schalter<\/li>\n<li>Einfach zu bedienen: Bequem, einfach und leicht zu bedienen<\/li>\n<li>Im Lieferumfang enthalten: Kleine Reinigungsb\u00fcrste<\/li>\n<li>USB-Aufladung: Inklusive USB-Micro-USB-Kabel<\/li>\n<li>Akku: Li-Ion 150 mAh<\/li>\n<li>DC-Eingang: 5 V \/ 500 mA<\/li>\n<li>Abmessungen ca.: 12 x 4,8 x 1,8 cm<\/li>\n<li>Verpackung und Anleitung in 24 Sprachen: Englisch, Franz\u00f6sisch, Spanisch, Deutsch, Italienisch, Portugiesisch, Niederl\u00e4ndisch, Polnisch, Ungarisch, Rum\u00e4nisch, D\u00e4nisch, Schwedisch, Finnisch, Litauisch, Norwegisch, Slowenisch, Griechisch, Tschechisch, Bulgarisch, Kroatisch, Slowakisch, Estnisch, Russisch und Lettisch<\/li>\n<\/ul>\n<p>Verpackung und Gebrauchsanweisung in 24 Sprachen: Englisch, Franz\u00f6sisch, Spanisch, Deutsch, Italienisch, Portugiesisch, Niederl\u00e4ndisch, Polnisch, Ungarisch, Rum\u00e4nisch, D\u00e4nisch, Schwedisch, Finnisch, Litauisch, Norwegisch, Slowenisch, Griechisch, Tschechisch, Bulgarisch, Kroatisch, Slowakisch, Estnisch, Russisch und Lettisch.<\/p>\n<\/div>\n<div class=\"col-md-6\">\n<div class=\"embed-responsive embed-responsive-16by9\"><\/div>\n<\/div>\n","protected":false},"excerpt":{"rendered":"<p>InnovaGoods macht es Ihnen leicht, sich ohne Ausreden um sich selbst zu k\u00fcmmern, denn es bietet die besten und neuesten Produkte f\u00fcr Sch\u00f6nheit, Entspannung und Wohlbefinden! Der wiederaufladbare Mini-Haarentferner mit LED-Licht Epiluch InnovaGoods ist ein gutes Beispiel daf\u00fcr! Entdecken Sie eine gro\u00dfe Auswahl an hochwertigen Produkten, die sich durch ihre Funktionalit\u00e4t, Effizienz und ihr innovatives [&#8230;]\n","protected":false},"featured_media":13699,"comment_status":"open","ping_status":"closed","template":"","meta":[],"product_brand":[],"product_cat":[1335,888],"product_tag":[1343,891],"class_list":{"0":"post-54728","1":"product","2":"type-product","3":"status-publish","4":"has-post-thumbnail","6":"product_cat-haare-bart","7":"product_cat-schonheit-und-gesundheit","8":"product_tag-tag_218","9":"product_tag-tag_217","11":"first","12":"instock","13":"taxable","14":"shipping-taxable","15":"purchasable","16":"product-type-simple"},"yoast_head":"<!-- This site is optimized with the Yoast SEO plugin v27.4 - https:\/\/yoast.com\/product\/yoast-seo-wordpress\/ -->\n<title>Wiederaufladbarer Mini-Haarentferner mit LED-Licht Epiluch InnovaGoods - Serenna<\/title>\n<meta name=\"robots\" content=\"index, follow, max-snippet:-1, max-image-preview:large, max-video-preview:-1\" \/>\n<link rel=\"canonical\" href=\"https:\/\/serennashop.com\/de\/prod\/epiluch-innovagoods\/\" \/>\n<meta property=\"og:locale\" content=\"de_DE\" \/>\n<meta property=\"og:type\" content=\"article\" \/>\n<meta property=\"og:title\" content=\"Wiederaufladbarer Mini-Haarentferner mit LED-Licht Epiluch InnovaGoods - Serenna\" \/>\n<meta property=\"og:description\" content=\"InnovaGoods macht es Ihnen leicht, sich ohne Ausreden um sich selbst zu k\u00fcmmern, denn es bietet die besten und neuesten Produkte f\u00fcr Sch\u00f6nheit, Entspannung und Wohlbefinden! Der wiederaufladbare Mini-Haarentferner mit LED-Licht Epiluch InnovaGoods ist ein gutes Beispiel daf\u00fcr! Entdecken Sie eine gro\u00dfe Auswahl an hochwertigen Produkten, die sich durch ihre Funktionalit\u00e4t, Effizienz und ihr innovatives [...]\" \/>\n<meta property=\"og:url\" content=\"https:\/\/serennashop.com\/de\/prod\/epiluch-innovagoods\/\" \/>\n<meta property=\"og:site_name\" content=\"Serenna\" \/>\n<meta property=\"article:publisher\" content=\"https:\/\/www.facebook.com\/serennadecor\" \/>\n<meta property=\"article:modified_time\" content=\"2026-03-25T22:06:12+00:00\" \/>\n<meta property=\"og:image\" content=\"https:\/\/serennashop.com\/wp-content\/uploads\/2026\/01\/V0103457_000_MKT-v_15.jpg\" \/>\n\t<meta property=\"og:image:width\" content=\"1200\" \/>\n\t<meta property=\"og:image:height\" content=\"1200\" \/>\n\t<meta property=\"og:image:type\" content=\"image\/jpeg\" \/>\n<meta name=\"twitter:card\" content=\"summary_large_image\" \/>\n<meta name=\"twitter:label1\" content=\"Gesch\u00e4tzte Lesezeit\" \/>\n\t<meta name=\"twitter:data1\" content=\"3\u00a0Minuten\" \/>\n<script type=\"application\/ld+json\" class=\"yoast-schema-graph\">{\"@context\":\"https:\\\/\\\/schema.org\",\"@graph\":[{\"@type\":\"WebPage\",\"@id\":\"https:\\\/\\\/serennashop.com\\\/de\\\/prod\\\/epiluch-innovagoods\\\/\",\"url\":\"https:\\\/\\\/serennashop.com\\\/de\\\/prod\\\/epiluch-innovagoods\\\/\",\"name\":\"Wiederaufladbarer Mini-Haarentferner mit LED-Licht Epiluch InnovaGoods - Serenna\",\"isPartOf\":{\"@id\":\"https:\\\/\\\/serennashop.com\\\/de\\\/#website\"},\"primaryImageOfPage\":{\"@id\":\"https:\\\/\\\/serennashop.com\\\/de\\\/prod\\\/epiluch-innovagoods\\\/#primaryimage\"},\"image\":{\"@id\":\"https:\\\/\\\/serennashop.com\\\/de\\\/prod\\\/epiluch-innovagoods\\\/#primaryimage\"},\"thumbnailUrl\":\"https:\\\/\\\/serennashop.com\\\/wp-content\\\/uploads\\\/2026\\\/01\\\/V0103457_000_MKT-v_15.jpg\",\"datePublished\":\"2026-01-10T20:58:27+00:00\",\"dateModified\":\"2026-03-25T22:06:12+00:00\",\"breadcrumb\":{\"@id\":\"https:\\\/\\\/serennashop.com\\\/de\\\/prod\\\/epiluch-innovagoods\\\/#breadcrumb\"},\"inLanguage\":\"de\",\"potentialAction\":[{\"@type\":\"ReadAction\",\"target\":[\"https:\\\/\\\/serennashop.com\\\/de\\\/prod\\\/epiluch-innovagoods\\\/\"]}]},{\"@type\":\"ImageObject\",\"inLanguage\":\"de\",\"@id\":\"https:\\\/\\\/serennashop.com\\\/de\\\/prod\\\/epiluch-innovagoods\\\/#primaryimage\",\"url\":\"https:\\\/\\\/serennashop.com\\\/wp-content\\\/uploads\\\/2026\\\/01\\\/V0103457_000_MKT-v_15.jpg\",\"contentUrl\":\"https:\\\/\\\/serennashop.com\\\/wp-content\\\/uploads\\\/2026\\\/01\\\/V0103457_000_MKT-v_15.jpg\",\"width\":1200,\"height\":1200,\"caption\":\"V0103457_0\"},{\"@type\":\"BreadcrumbList\",\"@id\":\"https:\\\/\\\/serennashop.com\\\/de\\\/prod\\\/epiluch-innovagoods\\\/#breadcrumb\",\"itemListElement\":[{\"@type\":\"ListItem\",\"position\":1,\"name\":\"Etusivu\",\"item\":\"https:\\\/\\\/serennashop.com\\\/de\\\/\"},{\"@type\":\"ListItem\",\"position\":2,\"name\":\"Kauppa\",\"item\":\"https:\\\/\\\/serennashop.com\\\/de\\\/shop\\\/\"},{\"@type\":\"ListItem\",\"position\":3,\"name\":\"Wiederaufladbarer Mini-Haarentferner mit LED-Licht Epiluch InnovaGoods\"}]},{\"@type\":\"WebSite\",\"@id\":\"https:\\\/\\\/serennashop.com\\\/de\\\/#website\",\"url\":\"https:\\\/\\\/serennashop.com\\\/de\\\/\",\"name\":\"Serenna\",\"description\":\"\",\"publisher\":{\"@id\":\"https:\\\/\\\/serennashop.com\\\/de\\\/#organization\"},\"potentialAction\":[{\"@type\":\"SearchAction\",\"target\":{\"@type\":\"EntryPoint\",\"urlTemplate\":\"https:\\\/\\\/serennashop.com\\\/de\\\/?s={search_term_string}\"},\"query-input\":{\"@type\":\"PropertyValueSpecification\",\"valueRequired\":true,\"valueName\":\"search_term_string\"}}],\"inLanguage\":\"de\"},{\"@type\":\"Organization\",\"@id\":\"https:\\\/\\\/serennashop.com\\\/de\\\/#organization\",\"name\":\"Serenna\",\"url\":\"https:\\\/\\\/serennashop.com\\\/de\\\/\",\"logo\":{\"@type\":\"ImageObject\",\"inLanguage\":\"de\",\"@id\":\"https:\\\/\\\/serennashop.com\\\/de\\\/#\\\/schema\\\/logo\\\/image\\\/\",\"url\":\"https:\\\/\\\/www.serenna.fi\\\/wp-content\\\/uploads\\\/2025\\\/12\\\/serenna-logo2.png\",\"contentUrl\":\"https:\\\/\\\/www.serenna.fi\\\/wp-content\\\/uploads\\\/2025\\\/12\\\/serenna-logo2.png\",\"width\":2383,\"height\":317,\"caption\":\"Serenna\"},\"image\":{\"@id\":\"https:\\\/\\\/serennashop.com\\\/de\\\/#\\\/schema\\\/logo\\\/image\\\/\"},\"sameAs\":[\"https:\\\/\\\/www.facebook.com\\\/serennadecor\",\"https:\\\/\\\/www.instagram.com\\\/serennadecor\"]}]}<\/script>\n<!-- \/ Yoast SEO plugin. -->","yoast_head_json":{"title":"Wiederaufladbarer Mini-Haarentferner mit LED-Licht Epiluch InnovaGoods - Serenna","robots":{"index":"index","follow":"follow","max-snippet":"max-snippet:-1","max-image-preview":"max-image-preview:large","max-video-preview":"max-video-preview:-1"},"canonical":"https:\/\/serennashop.com\/de\/prod\/epiluch-innovagoods\/","og_locale":"de_DE","og_type":"article","og_title":"Wiederaufladbarer Mini-Haarentferner mit LED-Licht Epiluch InnovaGoods - Serenna","og_description":"InnovaGoods macht es Ihnen leicht, sich ohne Ausreden um sich selbst zu k\u00fcmmern, denn es bietet die besten und neuesten Produkte f\u00fcr Sch\u00f6nheit, Entspannung und Wohlbefinden! Der wiederaufladbare Mini-Haarentferner mit LED-Licht Epiluch InnovaGoods ist ein gutes Beispiel daf\u00fcr! Entdecken Sie eine gro\u00dfe Auswahl an hochwertigen Produkten, die sich durch ihre Funktionalit\u00e4t, Effizienz und ihr innovatives [...]","og_url":"https:\/\/serennashop.com\/de\/prod\/epiluch-innovagoods\/","og_site_name":"Serenna","article_publisher":"https:\/\/www.facebook.com\/serennadecor","article_modified_time":"2026-03-25T22:06:12+00:00","og_image":[{"width":1200,"height":1200,"url":"https:\/\/serennashop.com\/wp-content\/uploads\/2026\/01\/V0103457_000_MKT-v_15.jpg","type":"image\/jpeg"}],"twitter_card":"summary_large_image","twitter_misc":{"Gesch\u00e4tzte Lesezeit":"3\u00a0Minuten"},"schema":{"@context":"https:\/\/schema.org","@graph":[{"@type":"WebPage","@id":"https:\/\/serennashop.com\/de\/prod\/epiluch-innovagoods\/","url":"https:\/\/serennashop.com\/de\/prod\/epiluch-innovagoods\/","name":"Wiederaufladbarer Mini-Haarentferner mit LED-Licht Epiluch InnovaGoods - Serenna","isPartOf":{"@id":"https:\/\/serennashop.com\/de\/#website"},"primaryImageOfPage":{"@id":"https:\/\/serennashop.com\/de\/prod\/epiluch-innovagoods\/#primaryimage"},"image":{"@id":"https:\/\/serennashop.com\/de\/prod\/epiluch-innovagoods\/#primaryimage"},"thumbnailUrl":"https:\/\/serennashop.com\/wp-content\/uploads\/2026\/01\/V0103457_000_MKT-v_15.jpg","datePublished":"2026-01-10T20:58:27+00:00","dateModified":"2026-03-25T22:06:12+00:00","breadcrumb":{"@id":"https:\/\/serennashop.com\/de\/prod\/epiluch-innovagoods\/#breadcrumb"},"inLanguage":"de","potentialAction":[{"@type":"ReadAction","target":["https:\/\/serennashop.com\/de\/prod\/epiluch-innovagoods\/"]}]},{"@type":"ImageObject","inLanguage":"de","@id":"https:\/\/serennashop.com\/de\/prod\/epiluch-innovagoods\/#primaryimage","url":"https:\/\/serennashop.com\/wp-content\/uploads\/2026\/01\/V0103457_000_MKT-v_15.jpg","contentUrl":"https:\/\/serennashop.com\/wp-content\/uploads\/2026\/01\/V0103457_000_MKT-v_15.jpg","width":1200,"height":1200,"caption":"V0103457_0"},{"@type":"BreadcrumbList","@id":"https:\/\/serennashop.com\/de\/prod\/epiluch-innovagoods\/#breadcrumb","itemListElement":[{"@type":"ListItem","position":1,"name":"Etusivu","item":"https:\/\/serennashop.com\/de\/"},{"@type":"ListItem","position":2,"name":"Kauppa","item":"https:\/\/serennashop.com\/de\/shop\/"},{"@type":"ListItem","position":3,"name":"Wiederaufladbarer Mini-Haarentferner mit LED-Licht Epiluch InnovaGoods"}]},{"@type":"WebSite","@id":"https:\/\/serennashop.com\/de\/#website","url":"https:\/\/serennashop.com\/de\/","name":"Serenna","description":"","publisher":{"@id":"https:\/\/serennashop.com\/de\/#organization"},"potentialAction":[{"@type":"SearchAction","target":{"@type":"EntryPoint","urlTemplate":"https:\/\/serennashop.com\/de\/?s={search_term_string}"},"query-input":{"@type":"PropertyValueSpecification","valueRequired":true,"valueName":"search_term_string"}}],"inLanguage":"de"},{"@type":"Organization","@id":"https:\/\/serennashop.com\/de\/#organization","name":"Serenna","url":"https:\/\/serennashop.com\/de\/","logo":{"@type":"ImageObject","inLanguage":"de","@id":"https:\/\/serennashop.com\/de\/#\/schema\/logo\/image\/","url":"https:\/\/www.serenna.fi\/wp-content\/uploads\/2025\/12\/serenna-logo2.png","contentUrl":"https:\/\/www.serenna.fi\/wp-content\/uploads\/2025\/12\/serenna-logo2.png","width":2383,"height":317,"caption":"Serenna"},"image":{"@id":"https:\/\/serennashop.com\/de\/#\/schema\/logo\/image\/"},"sameAs":["https:\/\/www.facebook.com\/serennadecor","https:\/\/www.instagram.com\/serennadecor"]}]}},"_links":{"self":[{"href":"https:\/\/serennashop.com\/de\/wp-json\/wp\/v2\/product\/54728","targetHints":{"allow":["GET"]}}],"collection":[{"href":"https:\/\/serennashop.com\/de\/wp-json\/wp\/v2\/product"}],"about":[{"href":"https:\/\/serennashop.com\/de\/wp-json\/wp\/v2\/types\/product"}],"replies":[{"embeddable":true,"href":"https:\/\/serennashop.com\/de\/wp-json\/wp\/v2\/comments?post=54728"}],"wp:featuredmedia":[{"embeddable":true,"href":"https:\/\/serennashop.com\/de\/wp-json\/wp\/v2\/media\/13699"}],"wp:attachment":[{"href":"https:\/\/serennashop.com\/de\/wp-json\/wp\/v2\/media?parent=54728"}],"wp:term":[{"taxonomy":"product_brand","embeddable":true,"href":"https:\/\/serennashop.com\/de\/wp-json\/wp\/v2\/product_brand?post=54728"},{"taxonomy":"product_cat","embeddable":true,"href":"https:\/\/serennashop.com\/de\/wp-json\/wp\/v2\/product_cat?post=54728"},{"taxonomy":"product_tag","embeddable":true,"href":"https:\/\/serennashop.com\/de\/wp-json\/wp\/v2\/product_tag?post=54728"}],"curies":[{"name":"wp","href":"https:\/\/api.w.org\/{rel}","templated":true}]}}