{"id":54721,"date":"2026-01-10T22:58:22","date_gmt":"2026-01-10T20:58:22","guid":{"rendered":"https:\/\/serennashop.com\/prod\/trimpen-innovagoods\/"},"modified":"2026-03-26T00:06:11","modified_gmt":"2026-03-25T22:06:11","slug":"trimpen-innovagoods","status":"publish","type":"product","link":"https:\/\/serennashop.com\/de\/prod\/trimpen-innovagoods\/","title":{"rendered":"Nasen- und Ohrenhaarschneider Trimpen InnovaGoods"},"content":{"rendered":"<div class=\"col-md-6\">\n<p><b>InnovaGoods<\/b> macht es Ihnen leicht, Ihrer pers\u00f6nlichen Pflege ohne Ausreden Priorit\u00e4t einzur\u00e4umen, denn es bietet die besten und neuesten Produkte f\u00fcr Sch\u00f6nheit, Entspannung und Wohlbefinden! <b>Der Nasen- und Ohrenhaarschneider Trimpen von InnovaGoods Wellness Beauty<\/b> ist ein gutes Beispiel daf\u00fcr! Entdecken Sie eine gro\u00dfe Auswahl an hochwertigen Produkten, die sich durch ihre Funktionalit\u00e4t, Effizienz und ihr innovatives Design auszeichnen.<\/p>\n<p>Der Nasen- und Ohrenhaarschneider mit seinem modernen, ergonomischen und kompakten Design eignet sich hervorragend zum Trimmen und Entfernen von Nasen- und Ohrenhaaren. Er ist kabellos und wird mit 1 x AAA-Batterie (nicht im Lieferumfang enthalten) betrieben, sodass keine l\u00e4stigen Kabel oder Steckdosen erforderlich sind. Dank seiner kleinen und unauff\u00e4lligen Gr\u00f6\u00dfe l\u00e4sst er sich leicht transportieren und \u00fcberall verstauen, ohne viel Platz zu beanspruchen. Mit diesem Mini-Trimmer gelangen Sie auch an die schwierigsten Stellen. Eines seiner wichtigsten Merkmale ist seine Schmerzfreiheit, da er die Haare nicht an der Wurzel zieht oder zupft, sondern sie schmerzfrei und ohne empfindliche Bereiche zu verletzen abschneidet. Er verf\u00fcgt \u00fcber einen Ein-\/Aus-Schalter und ist sehr einfach zu bedienen. Er funktioniert mit einer rotierenden Schneidetechnik. Sie f\u00fchren einfach vorsichtig rotierende Bewegungen innerhalb der Nase und des Ohrs aus und wiederholen dies, bis die Haare entfernt sind. Der Schneidekopf ist abnehmbar, sodass er leicht zu reinigen ist, und verf\u00fcgt \u00fcber eine Klingenschutzkappe. Eine kleine Reinigungsb\u00fcrste ist ebenfalls enthalten.<\/p>\n<ul>\n<li>Material:\n<ul>\n<li>ABS<\/li>\n<li>Aluminium<\/li>\n<\/ul>\n<\/li>\n<li>Farbe\n<ul>\n<li>Schwarz<\/li>\n<li>Grau<\/li>\n<\/ul>\n<\/li>\n<li>Modernes Design: Ergonomisch<\/li>\n<li>Typ: Elektronisch<\/li>\n<li>Kabellos: Keine Kabel<\/li>\n<li>Batteriebetrieben (nicht im Lieferumfang enthalten): 1 x AAA 1,5 V<\/li>\n<li>Profilschneider\/Pr\u00e4zisionsschneider: Nasen- und Ohrenhaarschneider<\/li>\n<li>Schmerzfrei: Angenehm, einfach und leicht zu bedienen<\/li>\n<li>Abnehmbarer Kopf: Leicht zu reinigen<\/li>\n<li>Schutzkappe: Leicht zu \u00f6ffnen<\/li>\n<li>Ein-\/Aus-Schalter: Einfach zu bedienen<\/li>\n<li>Im Lieferumfang enthalten: Kleine Reinigungsb\u00fcrste<\/li>\n<li>Reduzierte kompakte Gr\u00f6\u00dfe: Nimmt nur wenig Platz ein<\/li>\n<li>Leicht und handlich: Einfach zu transportieren und zu verstauen<\/li>\n<li>Geschwindigkeit: 15000 U\/min<\/li>\n<li>Geringer Verbrauch: 0,5 W<\/li>\n<li>Ma\u00dfe ca.: \u00d8 1,4 x 11,3 cm<\/li>\n<li>Verpackung und Anleitung in 24 Sprachen: Englisch, Franz\u00f6sisch, Spanisch, Deutsch, Italienisch, Portugiesisch, Niederl\u00e4ndisch, Polnisch, Ungarisch, Rum\u00e4nisch, D\u00e4nisch, Schwedisch, Finnisch, Litauisch, Norwegisch, Slowenisch, Griechisch, Tschechisch, Bulgarisch, Kroatisch, Slowakisch, Estnisch, Russisch und Lettisch<\/li>\n<\/ul>\n<p>Verpackung und Gebrauchsanweisung in 24 Sprachen: Englisch, Franz\u00f6sisch, Spanisch, Deutsch, Italienisch, Portugiesisch, Niederl\u00e4ndisch, Polnisch, Ungarisch, Rum\u00e4nisch, D\u00e4nisch, Schwedisch, Finnisch, Litauisch, Norwegisch, Slowenisch, Griechisch, Tschechisch, Bulgarisch, Kroatisch, Slowakisch, Estnisch, Russisch und Lettisch.<\/p>\n<\/div>\n<div class=\"col-md-6\">\n<div class=\"embed-responsive embed-responsive-16by9\"><\/div>\n<\/div>\n","protected":false},"excerpt":{"rendered":"<p>InnovaGoods macht es Ihnen leicht, Ihrer pers\u00f6nlichen Pflege ohne Ausreden Priorit\u00e4t einzur\u00e4umen, denn es bietet die besten und neuesten Produkte f\u00fcr Sch\u00f6nheit, Entspannung und Wohlbefinden! Der Nasen- und Ohrenhaarschneider Trimpen von InnovaGoods Wellness Beauty ist ein gutes Beispiel daf\u00fcr! Entdecken Sie eine gro\u00dfe Auswahl an hochwertigen Produkten, die sich durch ihre Funktionalit\u00e4t, Effizienz und ihr [&#8230;]\n","protected":false},"featured_media":13686,"comment_status":"open","ping_status":"closed","template":"","meta":[],"product_brand":[],"product_cat":[1335,888],"product_tag":[891],"class_list":{"0":"post-54721","1":"product","2":"type-product","3":"status-publish","4":"has-post-thumbnail","6":"product_cat-haare-bart","7":"product_cat-schonheit-und-gesundheit","8":"product_tag-tag_217","10":"first","11":"instock","12":"taxable","13":"shipping-taxable","14":"purchasable","15":"product-type-simple"},"yoast_head":"<!-- This site is optimized with the Yoast SEO plugin v27.4 - https:\/\/yoast.com\/product\/yoast-seo-wordpress\/ -->\n<title>Nasen- und Ohrenhaarschneider Trimpen InnovaGoods - Serenna<\/title>\n<meta name=\"robots\" content=\"index, follow, max-snippet:-1, max-image-preview:large, max-video-preview:-1\" \/>\n<link rel=\"canonical\" href=\"https:\/\/serennashop.com\/de\/prod\/trimpen-innovagoods\/\" \/>\n<meta property=\"og:locale\" content=\"de_DE\" \/>\n<meta property=\"og:type\" content=\"article\" \/>\n<meta property=\"og:title\" content=\"Nasen- und Ohrenhaarschneider Trimpen InnovaGoods - Serenna\" \/>\n<meta property=\"og:description\" content=\"InnovaGoods macht es Ihnen leicht, Ihrer pers\u00f6nlichen Pflege ohne Ausreden Priorit\u00e4t einzur\u00e4umen, denn es bietet die besten und neuesten Produkte f\u00fcr Sch\u00f6nheit, Entspannung und Wohlbefinden! Der Nasen- und Ohrenhaarschneider Trimpen von InnovaGoods Wellness Beauty ist ein gutes Beispiel daf\u00fcr! Entdecken Sie eine gro\u00dfe Auswahl an hochwertigen Produkten, die sich durch ihre Funktionalit\u00e4t, Effizienz und ihr [...]\" \/>\n<meta property=\"og:url\" content=\"https:\/\/serennashop.com\/de\/prod\/trimpen-innovagoods\/\" \/>\n<meta property=\"og:site_name\" content=\"Serenna\" \/>\n<meta property=\"article:publisher\" content=\"https:\/\/www.facebook.com\/serennadecor\" \/>\n<meta property=\"article:modified_time\" content=\"2026-03-25T22:06:11+00:00\" \/>\n<meta property=\"og:image\" content=\"https:\/\/serennashop.com\/wp-content\/uploads\/2026\/01\/V0103330_000_MKT-v_13.jpg\" \/>\n\t<meta property=\"og:image:width\" content=\"1200\" \/>\n\t<meta property=\"og:image:height\" content=\"1200\" \/>\n\t<meta property=\"og:image:type\" content=\"image\/jpeg\" \/>\n<meta name=\"twitter:card\" content=\"summary_large_image\" \/>\n<meta name=\"twitter:label1\" content=\"Gesch\u00e4tzte Lesezeit\" \/>\n\t<meta name=\"twitter:data1\" content=\"3\u00a0Minuten\" \/>\n<script type=\"application\/ld+json\" class=\"yoast-schema-graph\">{\"@context\":\"https:\\\/\\\/schema.org\",\"@graph\":[{\"@type\":\"WebPage\",\"@id\":\"https:\\\/\\\/serennashop.com\\\/de\\\/prod\\\/trimpen-innovagoods\\\/\",\"url\":\"https:\\\/\\\/serennashop.com\\\/de\\\/prod\\\/trimpen-innovagoods\\\/\",\"name\":\"Nasen- und Ohrenhaarschneider Trimpen InnovaGoods - Serenna\",\"isPartOf\":{\"@id\":\"https:\\\/\\\/serennashop.com\\\/de\\\/#website\"},\"primaryImageOfPage\":{\"@id\":\"https:\\\/\\\/serennashop.com\\\/de\\\/prod\\\/trimpen-innovagoods\\\/#primaryimage\"},\"image\":{\"@id\":\"https:\\\/\\\/serennashop.com\\\/de\\\/prod\\\/trimpen-innovagoods\\\/#primaryimage\"},\"thumbnailUrl\":\"https:\\\/\\\/serennashop.com\\\/wp-content\\\/uploads\\\/2026\\\/01\\\/V0103330_000_MKT-v_13.jpg\",\"datePublished\":\"2026-01-10T20:58:22+00:00\",\"dateModified\":\"2026-03-25T22:06:11+00:00\",\"breadcrumb\":{\"@id\":\"https:\\\/\\\/serennashop.com\\\/de\\\/prod\\\/trimpen-innovagoods\\\/#breadcrumb\"},\"inLanguage\":\"de\",\"potentialAction\":[{\"@type\":\"ReadAction\",\"target\":[\"https:\\\/\\\/serennashop.com\\\/de\\\/prod\\\/trimpen-innovagoods\\\/\"]}]},{\"@type\":\"ImageObject\",\"inLanguage\":\"de\",\"@id\":\"https:\\\/\\\/serennashop.com\\\/de\\\/prod\\\/trimpen-innovagoods\\\/#primaryimage\",\"url\":\"https:\\\/\\\/serennashop.com\\\/wp-content\\\/uploads\\\/2026\\\/01\\\/V0103330_000_MKT-v_13.jpg\",\"contentUrl\":\"https:\\\/\\\/serennashop.com\\\/wp-content\\\/uploads\\\/2026\\\/01\\\/V0103330_000_MKT-v_13.jpg\",\"width\":1200,\"height\":1200,\"caption\":\"V0103330_0\"},{\"@type\":\"BreadcrumbList\",\"@id\":\"https:\\\/\\\/serennashop.com\\\/de\\\/prod\\\/trimpen-innovagoods\\\/#breadcrumb\",\"itemListElement\":[{\"@type\":\"ListItem\",\"position\":1,\"name\":\"Etusivu\",\"item\":\"https:\\\/\\\/serennashop.com\\\/de\\\/\"},{\"@type\":\"ListItem\",\"position\":2,\"name\":\"Kauppa\",\"item\":\"https:\\\/\\\/serennashop.com\\\/de\\\/shop\\\/\"},{\"@type\":\"ListItem\",\"position\":3,\"name\":\"Nasen- und Ohrenhaarschneider Trimpen InnovaGoods\"}]},{\"@type\":\"WebSite\",\"@id\":\"https:\\\/\\\/serennashop.com\\\/de\\\/#website\",\"url\":\"https:\\\/\\\/serennashop.com\\\/de\\\/\",\"name\":\"Serenna\",\"description\":\"\",\"publisher\":{\"@id\":\"https:\\\/\\\/serennashop.com\\\/de\\\/#organization\"},\"potentialAction\":[{\"@type\":\"SearchAction\",\"target\":{\"@type\":\"EntryPoint\",\"urlTemplate\":\"https:\\\/\\\/serennashop.com\\\/de\\\/?s={search_term_string}\"},\"query-input\":{\"@type\":\"PropertyValueSpecification\",\"valueRequired\":true,\"valueName\":\"search_term_string\"}}],\"inLanguage\":\"de\"},{\"@type\":\"Organization\",\"@id\":\"https:\\\/\\\/serennashop.com\\\/de\\\/#organization\",\"name\":\"Serenna\",\"url\":\"https:\\\/\\\/serennashop.com\\\/de\\\/\",\"logo\":{\"@type\":\"ImageObject\",\"inLanguage\":\"de\",\"@id\":\"https:\\\/\\\/serennashop.com\\\/de\\\/#\\\/schema\\\/logo\\\/image\\\/\",\"url\":\"https:\\\/\\\/www.serenna.fi\\\/wp-content\\\/uploads\\\/2025\\\/12\\\/serenna-logo2.png\",\"contentUrl\":\"https:\\\/\\\/www.serenna.fi\\\/wp-content\\\/uploads\\\/2025\\\/12\\\/serenna-logo2.png\",\"width\":2383,\"height\":317,\"caption\":\"Serenna\"},\"image\":{\"@id\":\"https:\\\/\\\/serennashop.com\\\/de\\\/#\\\/schema\\\/logo\\\/image\\\/\"},\"sameAs\":[\"https:\\\/\\\/www.facebook.com\\\/serennadecor\",\"https:\\\/\\\/www.instagram.com\\\/serennadecor\"]}]}<\/script>\n<!-- \/ Yoast SEO plugin. -->","yoast_head_json":{"title":"Nasen- und Ohrenhaarschneider Trimpen InnovaGoods - Serenna","robots":{"index":"index","follow":"follow","max-snippet":"max-snippet:-1","max-image-preview":"max-image-preview:large","max-video-preview":"max-video-preview:-1"},"canonical":"https:\/\/serennashop.com\/de\/prod\/trimpen-innovagoods\/","og_locale":"de_DE","og_type":"article","og_title":"Nasen- und Ohrenhaarschneider Trimpen InnovaGoods - Serenna","og_description":"InnovaGoods macht es Ihnen leicht, Ihrer pers\u00f6nlichen Pflege ohne Ausreden Priorit\u00e4t einzur\u00e4umen, denn es bietet die besten und neuesten Produkte f\u00fcr Sch\u00f6nheit, Entspannung und Wohlbefinden! Der Nasen- und Ohrenhaarschneider Trimpen von InnovaGoods Wellness Beauty ist ein gutes Beispiel daf\u00fcr! Entdecken Sie eine gro\u00dfe Auswahl an hochwertigen Produkten, die sich durch ihre Funktionalit\u00e4t, Effizienz und ihr [...]","og_url":"https:\/\/serennashop.com\/de\/prod\/trimpen-innovagoods\/","og_site_name":"Serenna","article_publisher":"https:\/\/www.facebook.com\/serennadecor","article_modified_time":"2026-03-25T22:06:11+00:00","og_image":[{"width":1200,"height":1200,"url":"https:\/\/serennashop.com\/wp-content\/uploads\/2026\/01\/V0103330_000_MKT-v_13.jpg","type":"image\/jpeg"}],"twitter_card":"summary_large_image","twitter_misc":{"Gesch\u00e4tzte Lesezeit":"3\u00a0Minuten"},"schema":{"@context":"https:\/\/schema.org","@graph":[{"@type":"WebPage","@id":"https:\/\/serennashop.com\/de\/prod\/trimpen-innovagoods\/","url":"https:\/\/serennashop.com\/de\/prod\/trimpen-innovagoods\/","name":"Nasen- und Ohrenhaarschneider Trimpen InnovaGoods - Serenna","isPartOf":{"@id":"https:\/\/serennashop.com\/de\/#website"},"primaryImageOfPage":{"@id":"https:\/\/serennashop.com\/de\/prod\/trimpen-innovagoods\/#primaryimage"},"image":{"@id":"https:\/\/serennashop.com\/de\/prod\/trimpen-innovagoods\/#primaryimage"},"thumbnailUrl":"https:\/\/serennashop.com\/wp-content\/uploads\/2026\/01\/V0103330_000_MKT-v_13.jpg","datePublished":"2026-01-10T20:58:22+00:00","dateModified":"2026-03-25T22:06:11+00:00","breadcrumb":{"@id":"https:\/\/serennashop.com\/de\/prod\/trimpen-innovagoods\/#breadcrumb"},"inLanguage":"de","potentialAction":[{"@type":"ReadAction","target":["https:\/\/serennashop.com\/de\/prod\/trimpen-innovagoods\/"]}]},{"@type":"ImageObject","inLanguage":"de","@id":"https:\/\/serennashop.com\/de\/prod\/trimpen-innovagoods\/#primaryimage","url":"https:\/\/serennashop.com\/wp-content\/uploads\/2026\/01\/V0103330_000_MKT-v_13.jpg","contentUrl":"https:\/\/serennashop.com\/wp-content\/uploads\/2026\/01\/V0103330_000_MKT-v_13.jpg","width":1200,"height":1200,"caption":"V0103330_0"},{"@type":"BreadcrumbList","@id":"https:\/\/serennashop.com\/de\/prod\/trimpen-innovagoods\/#breadcrumb","itemListElement":[{"@type":"ListItem","position":1,"name":"Etusivu","item":"https:\/\/serennashop.com\/de\/"},{"@type":"ListItem","position":2,"name":"Kauppa","item":"https:\/\/serennashop.com\/de\/shop\/"},{"@type":"ListItem","position":3,"name":"Nasen- und Ohrenhaarschneider Trimpen InnovaGoods"}]},{"@type":"WebSite","@id":"https:\/\/serennashop.com\/de\/#website","url":"https:\/\/serennashop.com\/de\/","name":"Serenna","description":"","publisher":{"@id":"https:\/\/serennashop.com\/de\/#organization"},"potentialAction":[{"@type":"SearchAction","target":{"@type":"EntryPoint","urlTemplate":"https:\/\/serennashop.com\/de\/?s={search_term_string}"},"query-input":{"@type":"PropertyValueSpecification","valueRequired":true,"valueName":"search_term_string"}}],"inLanguage":"de"},{"@type":"Organization","@id":"https:\/\/serennashop.com\/de\/#organization","name":"Serenna","url":"https:\/\/serennashop.com\/de\/","logo":{"@type":"ImageObject","inLanguage":"de","@id":"https:\/\/serennashop.com\/de\/#\/schema\/logo\/image\/","url":"https:\/\/www.serenna.fi\/wp-content\/uploads\/2025\/12\/serenna-logo2.png","contentUrl":"https:\/\/www.serenna.fi\/wp-content\/uploads\/2025\/12\/serenna-logo2.png","width":2383,"height":317,"caption":"Serenna"},"image":{"@id":"https:\/\/serennashop.com\/de\/#\/schema\/logo\/image\/"},"sameAs":["https:\/\/www.facebook.com\/serennadecor","https:\/\/www.instagram.com\/serennadecor"]}]}},"_links":{"self":[{"href":"https:\/\/serennashop.com\/de\/wp-json\/wp\/v2\/product\/54721","targetHints":{"allow":["GET"]}}],"collection":[{"href":"https:\/\/serennashop.com\/de\/wp-json\/wp\/v2\/product"}],"about":[{"href":"https:\/\/serennashop.com\/de\/wp-json\/wp\/v2\/types\/product"}],"replies":[{"embeddable":true,"href":"https:\/\/serennashop.com\/de\/wp-json\/wp\/v2\/comments?post=54721"}],"wp:featuredmedia":[{"embeddable":true,"href":"https:\/\/serennashop.com\/de\/wp-json\/wp\/v2\/media\/13686"}],"wp:attachment":[{"href":"https:\/\/serennashop.com\/de\/wp-json\/wp\/v2\/media?parent=54721"}],"wp:term":[{"taxonomy":"product_brand","embeddable":true,"href":"https:\/\/serennashop.com\/de\/wp-json\/wp\/v2\/product_brand?post=54721"},{"taxonomy":"product_cat","embeddable":true,"href":"https:\/\/serennashop.com\/de\/wp-json\/wp\/v2\/product_cat?post=54721"},{"taxonomy":"product_tag","embeddable":true,"href":"https:\/\/serennashop.com\/de\/wp-json\/wp\/v2\/product_tag?post=54721"}],"curies":[{"name":"wp","href":"https:\/\/api.w.org\/{rel}","templated":true}]}}