{"id":50823,"date":"2025-12-24T21:28:36","date_gmt":"2025-12-24T19:28:36","guid":{"rendered":"https:\/\/serennashop.com\/prod\/naisten-kaulakorut-pandora-368425c02-45-kullattu-pinkki\/"},"modified":"2026-03-26T00:03:17","modified_gmt":"2026-03-25T22:03:17","slug":"naisten-kaulakorut-pandora-368425c02-45-kullattu-pinkki","status":"publish","type":"product","link":"https:\/\/serennashop.com\/de\/prod\/naisten-kaulakorut-pandora-368425c02-45-kullattu-pinkki\/","title":{"rendered":"Halskette Pandora Elevated Heart 368425C02-45"},"content":{"rendered":"<p><strong>Pandora-Schmuckst\u00fccke<\/strong> sind bekannt f\u00fcr ihren einzigartigen, pers\u00f6nlichen Stil und ihre hochwertige Verarbeitung. Die Schmuckst\u00fccke der Marke verbinden zeitlose Eleganz, moderne Design-Details und die M\u00f6glichkeit, ein ganz individuelles Ensemble zu kreieren \u2013 egal, ob f\u00fcr den Alltag oder f\u00fcr besondere Anl\u00e4sse.<\/p><p>Die Pandora-Kollektion umfasst eine gro\u00dfe Auswahl an Schmuckst\u00fccken wie Armb\u00e4nder, Anh\u00e4nger, Halsketten, Ringe und Ohrringe, von denen viele mit abnehmbaren und austauschbaren <strong>Charm-Anh\u00e4ngern<\/strong> personalisiert werden k\u00f6nnen. Das macht Pandora-Schmuckst\u00fccke besonders beliebt \u2013 jedes Schmuckst\u00fcck kann seine eigene Geschichte erz\u00e4hlen und die Pers\u00f6nlichkeit seines Tr\u00e4gers widerspiegeln oder Erinnerungsst\u00fccke an wichtige Momente enthalten.<\/p><p>Pandora-Schmuck ist genau das Richtige f\u00fcr dich, wenn du Schmuck mit Bedeutung und Stil suchst und deine Geschichte durch ein sch\u00f6nes und gepflegtes Accessoire erz\u00e4hlen m\u00f6chtest.<\/p>\n<ul>\n<li>Typ:\n<ul>\n<li>Halsketten<\/li>\n<li>Halsketten f\u00fcr Damen<\/li>\n<\/ul>\n<\/li>\n<li>Design: Elegant<\/li>\n<li>Farbe:\n<ul>\n<li>Vergoldet<\/li>\n<li>Ros<\/li>\n<\/ul>\n<\/li>\n<\/ul>\n","protected":false},"excerpt":{"rendered":"<p>Typ: Halsketten Halsketten f\u00fcr Damen Design: Elegant Farbe: Vergoldet Ros<\/p>\n","protected":false},"featured_media":65905,"comment_status":"open","ping_status":"closed","template":"","meta":[],"product_brand":[],"product_cat":[],"product_tag":[752,822,754],"class_list":{"0":"post-50823","1":"product","2":"type-product","3":"status-publish","4":"has-post-thumbnail","6":"product_tag-tag_203","7":"product_tag-tag_189","8":"product_tag-tag_188","10":"first","11":"instock","12":"taxable","13":"shipping-taxable","14":"purchasable","15":"product-type-simple"},"yoast_head":"<!-- This site is optimized with the Yoast SEO plugin v27.4 - https:\/\/yoast.com\/product\/yoast-seo-wordpress\/ -->\n<title>Halskette Pandora Elevated Heart 368425C02-45 - Serenna<\/title>\n<meta name=\"robots\" content=\"index, follow, max-snippet:-1, max-image-preview:large, max-video-preview:-1\" \/>\n<link rel=\"canonical\" href=\"https:\/\/serennashop.com\/de\/prod\/naisten-kaulakorut-pandora-368425c02-45-kullattu-pinkki\/\" \/>\n<meta property=\"og:locale\" content=\"de_DE\" \/>\n<meta property=\"og:type\" content=\"article\" \/>\n<meta property=\"og:title\" content=\"Halskette Pandora Elevated Heart 368425C02-45 - Serenna\" \/>\n<meta property=\"og:description\" content=\"Typ: Halsketten Halsketten f\u00fcr Damen Design: Elegant Farbe: Vergoldet Ros\" \/>\n<meta property=\"og:url\" content=\"https:\/\/serennashop.com\/de\/prod\/naisten-kaulakorut-pandora-368425c02-45-kullattu-pinkki\/\" \/>\n<meta property=\"og:site_name\" content=\"Serenna\" \/>\n<meta property=\"article:publisher\" content=\"https:\/\/www.facebook.com\/serennadecor\" \/>\n<meta property=\"article:modified_time\" content=\"2026-03-25T22:03:17+00:00\" \/>\n<meta property=\"og:image\" content=\"https:\/\/serennashop.com\/wp-content\/uploads\/2025\/12\/5700303232508_S72133625_P00.jpg\" \/>\n\t<meta property=\"og:image:width\" content=\"1200\" \/>\n\t<meta property=\"og:image:height\" content=\"1200\" \/>\n\t<meta property=\"og:image:type\" content=\"image\/jpeg\" \/>\n<meta name=\"twitter:card\" content=\"summary_large_image\" \/>\n<script type=\"application\/ld+json\" class=\"yoast-schema-graph\">{\"@context\":\"https:\\\/\\\/schema.org\",\"@graph\":[{\"@type\":\"WebPage\",\"@id\":\"https:\\\/\\\/serennashop.com\\\/de\\\/prod\\\/naisten-kaulakorut-pandora-368425c02-45-kullattu-pinkki\\\/\",\"url\":\"https:\\\/\\\/serennashop.com\\\/de\\\/prod\\\/naisten-kaulakorut-pandora-368425c02-45-kullattu-pinkki\\\/\",\"name\":\"Halskette Pandora Elevated Heart 368425C02-45 - Serenna\",\"isPartOf\":{\"@id\":\"https:\\\/\\\/serennashop.com\\\/de\\\/#website\"},\"primaryImageOfPage\":{\"@id\":\"https:\\\/\\\/serennashop.com\\\/de\\\/prod\\\/naisten-kaulakorut-pandora-368425c02-45-kullattu-pinkki\\\/#primaryimage\"},\"image\":{\"@id\":\"https:\\\/\\\/serennashop.com\\\/de\\\/prod\\\/naisten-kaulakorut-pandora-368425c02-45-kullattu-pinkki\\\/#primaryimage\"},\"thumbnailUrl\":\"https:\\\/\\\/serennashop.com\\\/wp-content\\\/uploads\\\/2025\\\/12\\\/5700303232508_S72133625_P00.jpg\",\"datePublished\":\"2025-12-24T19:28:36+00:00\",\"dateModified\":\"2026-03-25T22:03:17+00:00\",\"breadcrumb\":{\"@id\":\"https:\\\/\\\/serennashop.com\\\/de\\\/prod\\\/naisten-kaulakorut-pandora-368425c02-45-kullattu-pinkki\\\/#breadcrumb\"},\"inLanguage\":\"de\",\"potentialAction\":[{\"@type\":\"ReadAction\",\"target\":[\"https:\\\/\\\/serennashop.com\\\/de\\\/prod\\\/naisten-kaulakorut-pandora-368425c02-45-kullattu-pinkki\\\/\"]}]},{\"@type\":\"ImageObject\",\"inLanguage\":\"de\",\"@id\":\"https:\\\/\\\/serennashop.com\\\/de\\\/prod\\\/naisten-kaulakorut-pandora-368425c02-45-kullattu-pinkki\\\/#primaryimage\",\"url\":\"https:\\\/\\\/serennashop.com\\\/wp-content\\\/uploads\\\/2025\\\/12\\\/5700303232508_S72133625_P00.jpg\",\"contentUrl\":\"https:\\\/\\\/serennashop.com\\\/wp-content\\\/uploads\\\/2025\\\/12\\\/5700303232508_S72133625_P00.jpg\",\"width\":1200,\"height\":1200,\"caption\":\"S72133625_0\"},{\"@type\":\"BreadcrumbList\",\"@id\":\"https:\\\/\\\/serennashop.com\\\/de\\\/prod\\\/naisten-kaulakorut-pandora-368425c02-45-kullattu-pinkki\\\/#breadcrumb\",\"itemListElement\":[{\"@type\":\"ListItem\",\"position\":1,\"name\":\"Etusivu\",\"item\":\"https:\\\/\\\/serennashop.com\\\/de\\\/\"},{\"@type\":\"ListItem\",\"position\":2,\"name\":\"Kauppa\",\"item\":\"https:\\\/\\\/serennashop.com\\\/de\\\/shop\\\/\"},{\"@type\":\"ListItem\",\"position\":3,\"name\":\"Halskette Pandora Elevated Heart 368425C02-45\"}]},{\"@type\":\"WebSite\",\"@id\":\"https:\\\/\\\/serennashop.com\\\/de\\\/#website\",\"url\":\"https:\\\/\\\/serennashop.com\\\/de\\\/\",\"name\":\"Serenna\",\"description\":\"\",\"publisher\":{\"@id\":\"https:\\\/\\\/serennashop.com\\\/de\\\/#organization\"},\"potentialAction\":[{\"@type\":\"SearchAction\",\"target\":{\"@type\":\"EntryPoint\",\"urlTemplate\":\"https:\\\/\\\/serennashop.com\\\/de\\\/?s={search_term_string}\"},\"query-input\":{\"@type\":\"PropertyValueSpecification\",\"valueRequired\":true,\"valueName\":\"search_term_string\"}}],\"inLanguage\":\"de\"},{\"@type\":\"Organization\",\"@id\":\"https:\\\/\\\/serennashop.com\\\/de\\\/#organization\",\"name\":\"Serenna\",\"url\":\"https:\\\/\\\/serennashop.com\\\/de\\\/\",\"logo\":{\"@type\":\"ImageObject\",\"inLanguage\":\"de\",\"@id\":\"https:\\\/\\\/serennashop.com\\\/de\\\/#\\\/schema\\\/logo\\\/image\\\/\",\"url\":\"https:\\\/\\\/www.serenna.fi\\\/wp-content\\\/uploads\\\/2025\\\/12\\\/serenna-logo2.png\",\"contentUrl\":\"https:\\\/\\\/www.serenna.fi\\\/wp-content\\\/uploads\\\/2025\\\/12\\\/serenna-logo2.png\",\"width\":2383,\"height\":317,\"caption\":\"Serenna\"},\"image\":{\"@id\":\"https:\\\/\\\/serennashop.com\\\/de\\\/#\\\/schema\\\/logo\\\/image\\\/\"},\"sameAs\":[\"https:\\\/\\\/www.facebook.com\\\/serennadecor\",\"https:\\\/\\\/www.instagram.com\\\/serennadecor\"]}]}<\/script>\n<!-- \/ Yoast SEO plugin. -->","yoast_head_json":{"title":"Halskette Pandora Elevated Heart 368425C02-45 - Serenna","robots":{"index":"index","follow":"follow","max-snippet":"max-snippet:-1","max-image-preview":"max-image-preview:large","max-video-preview":"max-video-preview:-1"},"canonical":"https:\/\/serennashop.com\/de\/prod\/naisten-kaulakorut-pandora-368425c02-45-kullattu-pinkki\/","og_locale":"de_DE","og_type":"article","og_title":"Halskette Pandora Elevated Heart 368425C02-45 - Serenna","og_description":"Typ: Halsketten Halsketten f\u00fcr Damen Design: Elegant Farbe: Vergoldet Ros","og_url":"https:\/\/serennashop.com\/de\/prod\/naisten-kaulakorut-pandora-368425c02-45-kullattu-pinkki\/","og_site_name":"Serenna","article_publisher":"https:\/\/www.facebook.com\/serennadecor","article_modified_time":"2026-03-25T22:03:17+00:00","og_image":[{"width":1200,"height":1200,"url":"https:\/\/serennashop.com\/wp-content\/uploads\/2025\/12\/5700303232508_S72133625_P00.jpg","type":"image\/jpeg"}],"twitter_card":"summary_large_image","schema":{"@context":"https:\/\/schema.org","@graph":[{"@type":"WebPage","@id":"https:\/\/serennashop.com\/de\/prod\/naisten-kaulakorut-pandora-368425c02-45-kullattu-pinkki\/","url":"https:\/\/serennashop.com\/de\/prod\/naisten-kaulakorut-pandora-368425c02-45-kullattu-pinkki\/","name":"Halskette Pandora Elevated Heart 368425C02-45 - Serenna","isPartOf":{"@id":"https:\/\/serennashop.com\/de\/#website"},"primaryImageOfPage":{"@id":"https:\/\/serennashop.com\/de\/prod\/naisten-kaulakorut-pandora-368425c02-45-kullattu-pinkki\/#primaryimage"},"image":{"@id":"https:\/\/serennashop.com\/de\/prod\/naisten-kaulakorut-pandora-368425c02-45-kullattu-pinkki\/#primaryimage"},"thumbnailUrl":"https:\/\/serennashop.com\/wp-content\/uploads\/2025\/12\/5700303232508_S72133625_P00.jpg","datePublished":"2025-12-24T19:28:36+00:00","dateModified":"2026-03-25T22:03:17+00:00","breadcrumb":{"@id":"https:\/\/serennashop.com\/de\/prod\/naisten-kaulakorut-pandora-368425c02-45-kullattu-pinkki\/#breadcrumb"},"inLanguage":"de","potentialAction":[{"@type":"ReadAction","target":["https:\/\/serennashop.com\/de\/prod\/naisten-kaulakorut-pandora-368425c02-45-kullattu-pinkki\/"]}]},{"@type":"ImageObject","inLanguage":"de","@id":"https:\/\/serennashop.com\/de\/prod\/naisten-kaulakorut-pandora-368425c02-45-kullattu-pinkki\/#primaryimage","url":"https:\/\/serennashop.com\/wp-content\/uploads\/2025\/12\/5700303232508_S72133625_P00.jpg","contentUrl":"https:\/\/serennashop.com\/wp-content\/uploads\/2025\/12\/5700303232508_S72133625_P00.jpg","width":1200,"height":1200,"caption":"S72133625_0"},{"@type":"BreadcrumbList","@id":"https:\/\/serennashop.com\/de\/prod\/naisten-kaulakorut-pandora-368425c02-45-kullattu-pinkki\/#breadcrumb","itemListElement":[{"@type":"ListItem","position":1,"name":"Etusivu","item":"https:\/\/serennashop.com\/de\/"},{"@type":"ListItem","position":2,"name":"Kauppa","item":"https:\/\/serennashop.com\/de\/shop\/"},{"@type":"ListItem","position":3,"name":"Halskette Pandora Elevated Heart 368425C02-45"}]},{"@type":"WebSite","@id":"https:\/\/serennashop.com\/de\/#website","url":"https:\/\/serennashop.com\/de\/","name":"Serenna","description":"","publisher":{"@id":"https:\/\/serennashop.com\/de\/#organization"},"potentialAction":[{"@type":"SearchAction","target":{"@type":"EntryPoint","urlTemplate":"https:\/\/serennashop.com\/de\/?s={search_term_string}"},"query-input":{"@type":"PropertyValueSpecification","valueRequired":true,"valueName":"search_term_string"}}],"inLanguage":"de"},{"@type":"Organization","@id":"https:\/\/serennashop.com\/de\/#organization","name":"Serenna","url":"https:\/\/serennashop.com\/de\/","logo":{"@type":"ImageObject","inLanguage":"de","@id":"https:\/\/serennashop.com\/de\/#\/schema\/logo\/image\/","url":"https:\/\/www.serenna.fi\/wp-content\/uploads\/2025\/12\/serenna-logo2.png","contentUrl":"https:\/\/www.serenna.fi\/wp-content\/uploads\/2025\/12\/serenna-logo2.png","width":2383,"height":317,"caption":"Serenna"},"image":{"@id":"https:\/\/serennashop.com\/de\/#\/schema\/logo\/image\/"},"sameAs":["https:\/\/www.facebook.com\/serennadecor","https:\/\/www.instagram.com\/serennadecor"]}]}},"_links":{"self":[{"href":"https:\/\/serennashop.com\/de\/wp-json\/wp\/v2\/product\/50823","targetHints":{"allow":["GET"]}}],"collection":[{"href":"https:\/\/serennashop.com\/de\/wp-json\/wp\/v2\/product"}],"about":[{"href":"https:\/\/serennashop.com\/de\/wp-json\/wp\/v2\/types\/product"}],"replies":[{"embeddable":true,"href":"https:\/\/serennashop.com\/de\/wp-json\/wp\/v2\/comments?post=50823"}],"wp:featuredmedia":[{"embeddable":true,"href":"https:\/\/serennashop.com\/de\/wp-json\/wp\/v2\/media\/65905"}],"wp:attachment":[{"href":"https:\/\/serennashop.com\/de\/wp-json\/wp\/v2\/media?parent=50823"}],"wp:term":[{"taxonomy":"product_brand","embeddable":true,"href":"https:\/\/serennashop.com\/de\/wp-json\/wp\/v2\/product_brand?post=50823"},{"taxonomy":"product_cat","embeddable":true,"href":"https:\/\/serennashop.com\/de\/wp-json\/wp\/v2\/product_cat?post=50823"},{"taxonomy":"product_tag","embeddable":true,"href":"https:\/\/serennashop.com\/de\/wp-json\/wp\/v2\/product_tag?post=50823"}],"curies":[{"name":"wp","href":"https:\/\/api.w.org\/{rel}","templated":true}]}}