{"id":50214,"date":"2025-12-24T18:49:02","date_gmt":"2025-12-24T16:49:02","guid":{"rendered":"https:\/\/serennashop.com\/prod\/police-pewjk2003440m\/"},"modified":"2026-03-26T00:02:11","modified_gmt":"2026-03-25T22:02:11","slug":"police-pewjk2003440m","status":"publish","type":"product","link":"https:\/\/serennashop.com\/de\/prod\/police-pewjk2003440m\/","title":{"rendered":"Herrenarmbanduhr Police PEWJK2003440M"},"content":{"rendered":"<p><strong>Police-Armbanduhren<\/strong> sind eine mutige und stilvolle Wahl f\u00fcr alle, die zeitloses Design und einen selbstbewussten Look in ihrem Alltagsoutfit vereinen m\u00f6chten. Der f\u00fcr die Marke typische Stil zeichnet sich durch urbanen Charme, moderne \u00c4sthetik und die Liebe zum Detail aus, was Police-Uhren zu einem auff\u00e4lligen Accessoire sowohl f\u00fcr den Alltag als auch f\u00fcr die Freizeit macht.<\/p><p>Das Sortiment an Police-Uhren umfasst Modelle verschiedener Stilrichtungen, von klassischen und zur\u00fcckhaltenden Ausf\u00fchrungen bis hin zu sportlicheren und auff\u00e4lligeren Designs \u2013 von klaren, minimalistischen Zifferbl\u00e4ttern bis hin zu detailreicheren und dynamischeren Gesamtkompositionen. Hochwertige Materialien wie Edelstahl, widerstandsf\u00e4higes Mineralglas und pr\u00e4zise Quarzwerke garantieren zuverl\u00e4ssige Funktion und lange Lebensdauer.<\/p><p><strong>Die wichtigsten Merkmale der Police-Armbanduhren:<\/strong><\/p><ul>\n<li>Ausdrucksstarkes und modernes Design<\/li>\n<li>Hochwertige Materialien und Verarbeitung<\/li>\n<li>Pr\u00e4zise und zuverl\u00e4ssige Zeitmessung<\/li>\n<li>Vielf\u00e4ltige Stilvarianten f\u00fcr den Alltag und festliche Anl\u00e4sse<\/li>\n<li>L\u00e4sst sich leicht mit verschiedenen Outfits kombinieren<\/li>\n<\/ul><p>Police-Armbanduhren eignen sich besonders f\u00fcr diejenigen, die sich bei ihren Accessoires Individualit\u00e4t und Charakter w\u00fcnschen \u2013 eine Uhr, die nicht nur die Zeit anzeigt, sondern auch den Stil ihres Tr\u00e4gers widerspiegelt.<\/p><p><br data-mce-bogus=\"1\"><\/p>\n","protected":false},"excerpt":{"rendered":"","protected":false},"featured_media":65821,"comment_status":"open","ping_status":"closed","template":"","meta":[],"product_brand":[],"product_cat":[1231,1232],"product_tag":[822,754],"class_list":{"0":"post-50214","1":"product","2":"type-product","3":"status-publish","4":"has-post-thumbnail","6":"product_cat-armbanduhren","7":"product_cat-herrenarmbanduhren","8":"product_tag-tag_189","9":"product_tag-tag_188","11":"first","12":"instock","13":"taxable","14":"shipping-taxable","15":"purchasable","16":"product-type-simple"},"yoast_head":"<!-- This site is optimized with the Yoast SEO plugin v27.4 - https:\/\/yoast.com\/product\/yoast-seo-wordpress\/ -->\n<title>Herrenarmbanduhr Police PEWJK2003440M - Serenna<\/title>\n<meta name=\"description\" content=\"Miesten rannekellot yhdist\u00e4v\u00e4t tyylin ja k\u00e4yt\u00e4nn\u00f6llisyyden. Valikoimasta l\u00f6yd\u00e4t ajattomat ja modernit kellot arkeen ja juhlaan.\" \/>\n<meta name=\"robots\" content=\"index, follow, max-snippet:-1, max-image-preview:large, max-video-preview:-1\" \/>\n<link rel=\"canonical\" href=\"https:\/\/serennashop.com\/de\/prod\/police-pewjk2003440m\/\" \/>\n<meta property=\"og:locale\" content=\"de_DE\" \/>\n<meta property=\"og:type\" content=\"article\" \/>\n<meta property=\"og:title\" content=\"Herrenarmbanduhr Police PEWJK2003440M - Serenna\" \/>\n<meta property=\"og:description\" content=\"Miesten rannekellot yhdist\u00e4v\u00e4t tyylin ja k\u00e4yt\u00e4nn\u00f6llisyyden. Valikoimasta l\u00f6yd\u00e4t ajattomat ja modernit kellot arkeen ja juhlaan.\" \/>\n<meta property=\"og:url\" content=\"https:\/\/serennashop.com\/de\/prod\/police-pewjk2003440m\/\" \/>\n<meta property=\"og:site_name\" content=\"Serenna\" \/>\n<meta property=\"article:publisher\" content=\"https:\/\/www.facebook.com\/serennadecor\" \/>\n<meta property=\"article:modified_time\" content=\"2026-03-25T22:02:11+00:00\" \/>\n<meta property=\"og:image\" content=\"https:\/\/serennashop.com\/wp-content\/uploads\/2025\/12\/4894816134259_S72131088_P00.jpg\" \/>\n\t<meta property=\"og:image:width\" content=\"1200\" \/>\n\t<meta property=\"og:image:height\" content=\"1200\" \/>\n\t<meta property=\"og:image:type\" content=\"image\/jpeg\" \/>\n<meta name=\"twitter:card\" content=\"summary_large_image\" \/>\n<script type=\"application\/ld+json\" class=\"yoast-schema-graph\">{\"@context\":\"https:\\\/\\\/schema.org\",\"@graph\":[{\"@type\":\"WebPage\",\"@id\":\"https:\\\/\\\/serennashop.com\\\/de\\\/prod\\\/police-pewjk2003440m\\\/\",\"url\":\"https:\\\/\\\/serennashop.com\\\/de\\\/prod\\\/police-pewjk2003440m\\\/\",\"name\":\"Herrenarmbanduhr Police PEWJK2003440M - Serenna\",\"isPartOf\":{\"@id\":\"https:\\\/\\\/serennashop.com\\\/de\\\/#website\"},\"primaryImageOfPage\":{\"@id\":\"https:\\\/\\\/serennashop.com\\\/de\\\/prod\\\/police-pewjk2003440m\\\/#primaryimage\"},\"image\":{\"@id\":\"https:\\\/\\\/serennashop.com\\\/de\\\/prod\\\/police-pewjk2003440m\\\/#primaryimage\"},\"thumbnailUrl\":\"https:\\\/\\\/serennashop.com\\\/wp-content\\\/uploads\\\/2025\\\/12\\\/4894816134259_S72131088_P00.jpg\",\"datePublished\":\"2025-12-24T16:49:02+00:00\",\"dateModified\":\"2026-03-25T22:02:11+00:00\",\"description\":\"Miesten rannekellot yhdist\u00e4v\u00e4t tyylin ja k\u00e4yt\u00e4nn\u00f6llisyyden. Valikoimasta l\u00f6yd\u00e4t ajattomat ja modernit kellot arkeen ja juhlaan.\",\"breadcrumb\":{\"@id\":\"https:\\\/\\\/serennashop.com\\\/de\\\/prod\\\/police-pewjk2003440m\\\/#breadcrumb\"},\"inLanguage\":\"de\",\"potentialAction\":[{\"@type\":\"ReadAction\",\"target\":[\"https:\\\/\\\/serennashop.com\\\/de\\\/prod\\\/police-pewjk2003440m\\\/\"]}]},{\"@type\":\"ImageObject\",\"inLanguage\":\"de\",\"@id\":\"https:\\\/\\\/serennashop.com\\\/de\\\/prod\\\/police-pewjk2003440m\\\/#primaryimage\",\"url\":\"https:\\\/\\\/serennashop.com\\\/wp-content\\\/uploads\\\/2025\\\/12\\\/4894816134259_S72131088_P00.jpg\",\"contentUrl\":\"https:\\\/\\\/serennashop.com\\\/wp-content\\\/uploads\\\/2025\\\/12\\\/4894816134259_S72131088_P00.jpg\",\"width\":1200,\"height\":1200,\"caption\":\"S72131088_0\"},{\"@type\":\"BreadcrumbList\",\"@id\":\"https:\\\/\\\/serennashop.com\\\/de\\\/prod\\\/police-pewjk2003440m\\\/#breadcrumb\",\"itemListElement\":[{\"@type\":\"ListItem\",\"position\":1,\"name\":\"Etusivu\",\"item\":\"https:\\\/\\\/serennashop.com\\\/de\\\/\"},{\"@type\":\"ListItem\",\"position\":2,\"name\":\"Kauppa\",\"item\":\"https:\\\/\\\/serennashop.com\\\/de\\\/shop\\\/\"},{\"@type\":\"ListItem\",\"position\":3,\"name\":\"Herrenarmbanduhr Police PEWJK2003440M\"}]},{\"@type\":\"WebSite\",\"@id\":\"https:\\\/\\\/serennashop.com\\\/de\\\/#website\",\"url\":\"https:\\\/\\\/serennashop.com\\\/de\\\/\",\"name\":\"Serenna\",\"description\":\"\",\"publisher\":{\"@id\":\"https:\\\/\\\/serennashop.com\\\/de\\\/#organization\"},\"potentialAction\":[{\"@type\":\"SearchAction\",\"target\":{\"@type\":\"EntryPoint\",\"urlTemplate\":\"https:\\\/\\\/serennashop.com\\\/de\\\/?s={search_term_string}\"},\"query-input\":{\"@type\":\"PropertyValueSpecification\",\"valueRequired\":true,\"valueName\":\"search_term_string\"}}],\"inLanguage\":\"de\"},{\"@type\":\"Organization\",\"@id\":\"https:\\\/\\\/serennashop.com\\\/de\\\/#organization\",\"name\":\"Serenna\",\"url\":\"https:\\\/\\\/serennashop.com\\\/de\\\/\",\"logo\":{\"@type\":\"ImageObject\",\"inLanguage\":\"de\",\"@id\":\"https:\\\/\\\/serennashop.com\\\/de\\\/#\\\/schema\\\/logo\\\/image\\\/\",\"url\":\"https:\\\/\\\/www.serenna.fi\\\/wp-content\\\/uploads\\\/2025\\\/12\\\/serenna-logo2.png\",\"contentUrl\":\"https:\\\/\\\/www.serenna.fi\\\/wp-content\\\/uploads\\\/2025\\\/12\\\/serenna-logo2.png\",\"width\":2383,\"height\":317,\"caption\":\"Serenna\"},\"image\":{\"@id\":\"https:\\\/\\\/serennashop.com\\\/de\\\/#\\\/schema\\\/logo\\\/image\\\/\"},\"sameAs\":[\"https:\\\/\\\/www.facebook.com\\\/serennadecor\",\"https:\\\/\\\/www.instagram.com\\\/serennadecor\"]}]}<\/script>\n<!-- \/ Yoast SEO plugin. -->","yoast_head_json":{"title":"Herrenarmbanduhr Police PEWJK2003440M - Serenna","description":"Miesten rannekellot yhdist\u00e4v\u00e4t tyylin ja k\u00e4yt\u00e4nn\u00f6llisyyden. Valikoimasta l\u00f6yd\u00e4t ajattomat ja modernit kellot arkeen ja juhlaan.","robots":{"index":"index","follow":"follow","max-snippet":"max-snippet:-1","max-image-preview":"max-image-preview:large","max-video-preview":"max-video-preview:-1"},"canonical":"https:\/\/serennashop.com\/de\/prod\/police-pewjk2003440m\/","og_locale":"de_DE","og_type":"article","og_title":"Herrenarmbanduhr Police PEWJK2003440M - Serenna","og_description":"Miesten rannekellot yhdist\u00e4v\u00e4t tyylin ja k\u00e4yt\u00e4nn\u00f6llisyyden. Valikoimasta l\u00f6yd\u00e4t ajattomat ja modernit kellot arkeen ja juhlaan.","og_url":"https:\/\/serennashop.com\/de\/prod\/police-pewjk2003440m\/","og_site_name":"Serenna","article_publisher":"https:\/\/www.facebook.com\/serennadecor","article_modified_time":"2026-03-25T22:02:11+00:00","og_image":[{"width":1200,"height":1200,"url":"https:\/\/serennashop.com\/wp-content\/uploads\/2025\/12\/4894816134259_S72131088_P00.jpg","type":"image\/jpeg"}],"twitter_card":"summary_large_image","schema":{"@context":"https:\/\/schema.org","@graph":[{"@type":"WebPage","@id":"https:\/\/serennashop.com\/de\/prod\/police-pewjk2003440m\/","url":"https:\/\/serennashop.com\/de\/prod\/police-pewjk2003440m\/","name":"Herrenarmbanduhr Police PEWJK2003440M - Serenna","isPartOf":{"@id":"https:\/\/serennashop.com\/de\/#website"},"primaryImageOfPage":{"@id":"https:\/\/serennashop.com\/de\/prod\/police-pewjk2003440m\/#primaryimage"},"image":{"@id":"https:\/\/serennashop.com\/de\/prod\/police-pewjk2003440m\/#primaryimage"},"thumbnailUrl":"https:\/\/serennashop.com\/wp-content\/uploads\/2025\/12\/4894816134259_S72131088_P00.jpg","datePublished":"2025-12-24T16:49:02+00:00","dateModified":"2026-03-25T22:02:11+00:00","description":"Miesten rannekellot yhdist\u00e4v\u00e4t tyylin ja k\u00e4yt\u00e4nn\u00f6llisyyden. Valikoimasta l\u00f6yd\u00e4t ajattomat ja modernit kellot arkeen ja juhlaan.","breadcrumb":{"@id":"https:\/\/serennashop.com\/de\/prod\/police-pewjk2003440m\/#breadcrumb"},"inLanguage":"de","potentialAction":[{"@type":"ReadAction","target":["https:\/\/serennashop.com\/de\/prod\/police-pewjk2003440m\/"]}]},{"@type":"ImageObject","inLanguage":"de","@id":"https:\/\/serennashop.com\/de\/prod\/police-pewjk2003440m\/#primaryimage","url":"https:\/\/serennashop.com\/wp-content\/uploads\/2025\/12\/4894816134259_S72131088_P00.jpg","contentUrl":"https:\/\/serennashop.com\/wp-content\/uploads\/2025\/12\/4894816134259_S72131088_P00.jpg","width":1200,"height":1200,"caption":"S72131088_0"},{"@type":"BreadcrumbList","@id":"https:\/\/serennashop.com\/de\/prod\/police-pewjk2003440m\/#breadcrumb","itemListElement":[{"@type":"ListItem","position":1,"name":"Etusivu","item":"https:\/\/serennashop.com\/de\/"},{"@type":"ListItem","position":2,"name":"Kauppa","item":"https:\/\/serennashop.com\/de\/shop\/"},{"@type":"ListItem","position":3,"name":"Herrenarmbanduhr Police PEWJK2003440M"}]},{"@type":"WebSite","@id":"https:\/\/serennashop.com\/de\/#website","url":"https:\/\/serennashop.com\/de\/","name":"Serenna","description":"","publisher":{"@id":"https:\/\/serennashop.com\/de\/#organization"},"potentialAction":[{"@type":"SearchAction","target":{"@type":"EntryPoint","urlTemplate":"https:\/\/serennashop.com\/de\/?s={search_term_string}"},"query-input":{"@type":"PropertyValueSpecification","valueRequired":true,"valueName":"search_term_string"}}],"inLanguage":"de"},{"@type":"Organization","@id":"https:\/\/serennashop.com\/de\/#organization","name":"Serenna","url":"https:\/\/serennashop.com\/de\/","logo":{"@type":"ImageObject","inLanguage":"de","@id":"https:\/\/serennashop.com\/de\/#\/schema\/logo\/image\/","url":"https:\/\/www.serenna.fi\/wp-content\/uploads\/2025\/12\/serenna-logo2.png","contentUrl":"https:\/\/www.serenna.fi\/wp-content\/uploads\/2025\/12\/serenna-logo2.png","width":2383,"height":317,"caption":"Serenna"},"image":{"@id":"https:\/\/serennashop.com\/de\/#\/schema\/logo\/image\/"},"sameAs":["https:\/\/www.facebook.com\/serennadecor","https:\/\/www.instagram.com\/serennadecor"]}]}},"_links":{"self":[{"href":"https:\/\/serennashop.com\/de\/wp-json\/wp\/v2\/product\/50214","targetHints":{"allow":["GET"]}}],"collection":[{"href":"https:\/\/serennashop.com\/de\/wp-json\/wp\/v2\/product"}],"about":[{"href":"https:\/\/serennashop.com\/de\/wp-json\/wp\/v2\/types\/product"}],"replies":[{"embeddable":true,"href":"https:\/\/serennashop.com\/de\/wp-json\/wp\/v2\/comments?post=50214"}],"wp:featuredmedia":[{"embeddable":true,"href":"https:\/\/serennashop.com\/de\/wp-json\/wp\/v2\/media\/65821"}],"wp:attachment":[{"href":"https:\/\/serennashop.com\/de\/wp-json\/wp\/v2\/media?parent=50214"}],"wp:term":[{"taxonomy":"product_brand","embeddable":true,"href":"https:\/\/serennashop.com\/de\/wp-json\/wp\/v2\/product_brand?post=50214"},{"taxonomy":"product_cat","embeddable":true,"href":"https:\/\/serennashop.com\/de\/wp-json\/wp\/v2\/product_cat?post=50214"},{"taxonomy":"product_tag","embeddable":true,"href":"https:\/\/serennashop.com\/de\/wp-json\/wp\/v2\/product_tag?post=50214"}],"curies":[{"name":"wp","href":"https:\/\/api.w.org\/{rel}","templated":true}]}}