{"id":45204,"date":"2025-12-18T08:48:12","date_gmt":"2025-12-18T06:48:12","guid":{"rendered":"https:\/\/serennashop.com\/prod\/bmw-bw0047-p-6102u\/"},"modified":"2026-03-25T23:57:05","modified_gmt":"2026-03-25T21:57:05","slug":"bmw-bw0047-p-6102u","status":"publish","type":"product","link":"https:\/\/serennashop.com\/de\/prod\/bmw-bw0047-p-6102u\/","title":{"rendered":"Herren-Sonnenbrille BMW BW0047-P 6102U"},"content":{"rendered":"<p><strong>Die BMW BW0047-P 6102U<\/strong> sind stilvolle und moderne Sonnenbrillen, die zeitloses Design mit praktischem Sonnenschutz verbinden. Diese Brillen spiegeln die Leidenschaft der Marke <strong>BMW<\/strong> f\u00fcr technische Perfektion und elegante \u00c4sthetik wider.<\/p>\n<p>Der Rahmen der Sonnenbrille wurde sorgf\u00e4ltig so gestaltet, dass sie bequem sitzt und sicher auf dem Gesicht bleibt \u2013 egal, ob es sich um einen allt\u00e4glichen Stadtlook oder ein Accessoire f\u00fcr Autofahren und Freizeitaktivit\u00e4ten handelt. Die hochwertigen Gl\u00e4ser bieten einen wirksamen UV-Schutz und reduzieren Blendungen, was den Tragekomfort bei strahlendem Sonnenschein erh\u00f6ht.<\/p>\n<p>Das Modell BMW BW0047-P 6102U vereint Funktionalit\u00e4t, Langlebigkeit und zur\u00fcckhaltende Eleganz und ist damit eine hervorragende Wahl f\u00fcr M\u00e4nner, die Funktionalit\u00e4t und Premium-Design miteinander verbinden m\u00f6chten.<\/p>\n<p><strong>Hauptmerkmale:<\/strong><\/p>\n<ul>\n<li>Modernes und zeitloses BMW Design<\/li>\n<li>UV-sch\u00fctzende Gl\u00e4ser<\/li>\n<li>Bequemer und sicherer Sitz<\/li>\n<li>Geeignet f\u00fcr den Alltag, das Autofahren und die Freizeit<\/li>\n<li>Vielseitiges und stilvolles Accessoire<\/li>\n<\/ul>\n<p>Die Sonnenbrille BMW BW0047-P 6102U ist eine ausgezeichnete Wahl, wenn Sie praktischen Schutz und stilvolles Aussehen in einem hochwertigen Accessoire vereinen m\u00f6chten.<\/p>\n<p>\u00a0<\/p>\n","protected":false},"excerpt":{"rendered":"<p>Die BMW BW0047-P 6102U sind stilvolle und moderne Sonnenbrillen, die zeitloses Design mit praktischem Sonnenschutz verbinden. Diese Brillen spiegeln die Leidenschaft der Marke BMW f\u00fcr technische Perfektion und elegante \u00c4sthetik wider. Der Rahmen der Sonnenbrille wurde sorgf\u00e4ltig so gestaltet, dass sie bequem sitzt und sicher auf dem Gesicht bleibt \u2013 egal, ob es sich um [&#8230;]\n","protected":false},"featured_media":43427,"comment_status":"open","ping_status":"closed","template":"","meta":[],"product_brand":[],"product_cat":[2504,1194],"product_tag":[821,822,1197,754],"class_list":{"0":"post-45204","1":"product","2":"type-product","3":"status-publish","4":"has-post-thumbnail","6":"product_cat-sonnenbrillen","7":"product_cat-sonnenbrillen-fur-herren","8":"product_tag-tag_195","9":"product_tag-tag_189","10":"product_tag-tag_194","11":"product_tag-tag_188","13":"first","14":"instock","15":"taxable","16":"shipping-taxable","17":"purchasable","18":"product-type-simple"},"yoast_head":"<!-- This site is optimized with the Yoast SEO plugin v27.4 - https:\/\/yoast.com\/product\/yoast-seo-wordpress\/ -->\n<title>Herren-Sonnenbrille BMW BW0047-P 6102U - Serenna<\/title>\n<meta name=\"description\" content=\"Aurinkolasit \u2013 tyylikk\u00e4\u00e4t ja laadukkaat aurinkolasit miehille. Suojaa silm\u00e4si UV-s\u00e4teilylt\u00e4 ja viimeistele asusi tunnetuilla br\u00e4ndeill\u00e4.\" \/>\n<meta name=\"robots\" content=\"index, follow, max-snippet:-1, max-image-preview:large, max-video-preview:-1\" \/>\n<link rel=\"canonical\" href=\"https:\/\/serennashop.com\/de\/prod\/bmw-bw0047-p-6102u\/\" \/>\n<meta property=\"og:locale\" content=\"de_DE\" \/>\n<meta property=\"og:type\" content=\"article\" \/>\n<meta property=\"og:title\" content=\"Herren-Sonnenbrille BMW BW0047-P 6102U - Serenna\" \/>\n<meta property=\"og:description\" content=\"Aurinkolasit \u2013 tyylikk\u00e4\u00e4t ja laadukkaat aurinkolasit miehille. Suojaa silm\u00e4si UV-s\u00e4teilylt\u00e4 ja viimeistele asusi tunnetuilla br\u00e4ndeill\u00e4.\" \/>\n<meta property=\"og:url\" content=\"https:\/\/serennashop.com\/de\/prod\/bmw-bw0047-p-6102u\/\" \/>\n<meta property=\"og:site_name\" content=\"Serenna\" \/>\n<meta property=\"article:publisher\" content=\"https:\/\/www.facebook.com\/serennadecor\" \/>\n<meta property=\"article:modified_time\" content=\"2026-03-25T21:57:05+00:00\" \/>\n<meta property=\"og:image\" content=\"https:\/\/serennashop.com\/wp-content\/uploads\/2025\/12\/0889214448262_S72124871_P00.jpg\" \/>\n\t<meta property=\"og:image:width\" content=\"1200\" \/>\n\t<meta property=\"og:image:height\" content=\"1200\" \/>\n\t<meta property=\"og:image:type\" content=\"image\/jpeg\" \/>\n<meta name=\"twitter:card\" content=\"summary_large_image\" \/>\n<meta name=\"twitter:label1\" content=\"Gesch\u00e4tzte Lesezeit\" \/>\n\t<meta name=\"twitter:data1\" content=\"1\u00a0Minute\" \/>\n<script type=\"application\/ld+json\" class=\"yoast-schema-graph\">{\"@context\":\"https:\\\/\\\/schema.org\",\"@graph\":[{\"@type\":\"WebPage\",\"@id\":\"https:\\\/\\\/serennashop.com\\\/de\\\/prod\\\/bmw-bw0047-p-6102u\\\/\",\"url\":\"https:\\\/\\\/serennashop.com\\\/de\\\/prod\\\/bmw-bw0047-p-6102u\\\/\",\"name\":\"Herren-Sonnenbrille BMW BW0047-P 6102U - Serenna\",\"isPartOf\":{\"@id\":\"https:\\\/\\\/serennashop.com\\\/de\\\/#website\"},\"primaryImageOfPage\":{\"@id\":\"https:\\\/\\\/serennashop.com\\\/de\\\/prod\\\/bmw-bw0047-p-6102u\\\/#primaryimage\"},\"image\":{\"@id\":\"https:\\\/\\\/serennashop.com\\\/de\\\/prod\\\/bmw-bw0047-p-6102u\\\/#primaryimage\"},\"thumbnailUrl\":\"https:\\\/\\\/serennashop.com\\\/wp-content\\\/uploads\\\/2025\\\/12\\\/0889214448262_S72124871_P00.jpg\",\"datePublished\":\"2025-12-18T06:48:12+00:00\",\"dateModified\":\"2026-03-25T21:57:05+00:00\",\"description\":\"Aurinkolasit \u2013 tyylikk\u00e4\u00e4t ja laadukkaat aurinkolasit miehille. Suojaa silm\u00e4si UV-s\u00e4teilylt\u00e4 ja viimeistele asusi tunnetuilla br\u00e4ndeill\u00e4.\",\"breadcrumb\":{\"@id\":\"https:\\\/\\\/serennashop.com\\\/de\\\/prod\\\/bmw-bw0047-p-6102u\\\/#breadcrumb\"},\"inLanguage\":\"de\",\"potentialAction\":[{\"@type\":\"ReadAction\",\"target\":[\"https:\\\/\\\/serennashop.com\\\/de\\\/prod\\\/bmw-bw0047-p-6102u\\\/\"]}]},{\"@type\":\"ImageObject\",\"inLanguage\":\"de\",\"@id\":\"https:\\\/\\\/serennashop.com\\\/de\\\/prod\\\/bmw-bw0047-p-6102u\\\/#primaryimage\",\"url\":\"https:\\\/\\\/serennashop.com\\\/wp-content\\\/uploads\\\/2025\\\/12\\\/0889214448262_S72124871_P00.jpg\",\"contentUrl\":\"https:\\\/\\\/serennashop.com\\\/wp-content\\\/uploads\\\/2025\\\/12\\\/0889214448262_S72124871_P00.jpg\",\"width\":1200,\"height\":1200,\"caption\":\"S72124871_0\"},{\"@type\":\"BreadcrumbList\",\"@id\":\"https:\\\/\\\/serennashop.com\\\/de\\\/prod\\\/bmw-bw0047-p-6102u\\\/#breadcrumb\",\"itemListElement\":[{\"@type\":\"ListItem\",\"position\":1,\"name\":\"Etusivu\",\"item\":\"https:\\\/\\\/serennashop.com\\\/de\\\/\"},{\"@type\":\"ListItem\",\"position\":2,\"name\":\"Kauppa\",\"item\":\"https:\\\/\\\/serennashop.com\\\/de\\\/shop\\\/\"},{\"@type\":\"ListItem\",\"position\":3,\"name\":\"Herren-Sonnenbrille BMW BW0047-P 6102U\"}]},{\"@type\":\"WebSite\",\"@id\":\"https:\\\/\\\/serennashop.com\\\/de\\\/#website\",\"url\":\"https:\\\/\\\/serennashop.com\\\/de\\\/\",\"name\":\"Serenna\",\"description\":\"\",\"publisher\":{\"@id\":\"https:\\\/\\\/serennashop.com\\\/de\\\/#organization\"},\"potentialAction\":[{\"@type\":\"SearchAction\",\"target\":{\"@type\":\"EntryPoint\",\"urlTemplate\":\"https:\\\/\\\/serennashop.com\\\/de\\\/?s={search_term_string}\"},\"query-input\":{\"@type\":\"PropertyValueSpecification\",\"valueRequired\":true,\"valueName\":\"search_term_string\"}}],\"inLanguage\":\"de\"},{\"@type\":\"Organization\",\"@id\":\"https:\\\/\\\/serennashop.com\\\/de\\\/#organization\",\"name\":\"Serenna\",\"url\":\"https:\\\/\\\/serennashop.com\\\/de\\\/\",\"logo\":{\"@type\":\"ImageObject\",\"inLanguage\":\"de\",\"@id\":\"https:\\\/\\\/serennashop.com\\\/de\\\/#\\\/schema\\\/logo\\\/image\\\/\",\"url\":\"https:\\\/\\\/www.serenna.fi\\\/wp-content\\\/uploads\\\/2025\\\/12\\\/serenna-logo2.png\",\"contentUrl\":\"https:\\\/\\\/www.serenna.fi\\\/wp-content\\\/uploads\\\/2025\\\/12\\\/serenna-logo2.png\",\"width\":2383,\"height\":317,\"caption\":\"Serenna\"},\"image\":{\"@id\":\"https:\\\/\\\/serennashop.com\\\/de\\\/#\\\/schema\\\/logo\\\/image\\\/\"},\"sameAs\":[\"https:\\\/\\\/www.facebook.com\\\/serennadecor\",\"https:\\\/\\\/www.instagram.com\\\/serennadecor\"]}]}<\/script>\n<!-- \/ Yoast SEO plugin. -->","yoast_head_json":{"title":"Herren-Sonnenbrille BMW BW0047-P 6102U - Serenna","description":"Aurinkolasit \u2013 tyylikk\u00e4\u00e4t ja laadukkaat aurinkolasit miehille. Suojaa silm\u00e4si UV-s\u00e4teilylt\u00e4 ja viimeistele asusi tunnetuilla br\u00e4ndeill\u00e4.","robots":{"index":"index","follow":"follow","max-snippet":"max-snippet:-1","max-image-preview":"max-image-preview:large","max-video-preview":"max-video-preview:-1"},"canonical":"https:\/\/serennashop.com\/de\/prod\/bmw-bw0047-p-6102u\/","og_locale":"de_DE","og_type":"article","og_title":"Herren-Sonnenbrille BMW BW0047-P 6102U - Serenna","og_description":"Aurinkolasit \u2013 tyylikk\u00e4\u00e4t ja laadukkaat aurinkolasit miehille. Suojaa silm\u00e4si UV-s\u00e4teilylt\u00e4 ja viimeistele asusi tunnetuilla br\u00e4ndeill\u00e4.","og_url":"https:\/\/serennashop.com\/de\/prod\/bmw-bw0047-p-6102u\/","og_site_name":"Serenna","article_publisher":"https:\/\/www.facebook.com\/serennadecor","article_modified_time":"2026-03-25T21:57:05+00:00","og_image":[{"width":1200,"height":1200,"url":"https:\/\/serennashop.com\/wp-content\/uploads\/2025\/12\/0889214448262_S72124871_P00.jpg","type":"image\/jpeg"}],"twitter_card":"summary_large_image","twitter_misc":{"Gesch\u00e4tzte Lesezeit":"1\u00a0Minute"},"schema":{"@context":"https:\/\/schema.org","@graph":[{"@type":"WebPage","@id":"https:\/\/serennashop.com\/de\/prod\/bmw-bw0047-p-6102u\/","url":"https:\/\/serennashop.com\/de\/prod\/bmw-bw0047-p-6102u\/","name":"Herren-Sonnenbrille BMW BW0047-P 6102U - Serenna","isPartOf":{"@id":"https:\/\/serennashop.com\/de\/#website"},"primaryImageOfPage":{"@id":"https:\/\/serennashop.com\/de\/prod\/bmw-bw0047-p-6102u\/#primaryimage"},"image":{"@id":"https:\/\/serennashop.com\/de\/prod\/bmw-bw0047-p-6102u\/#primaryimage"},"thumbnailUrl":"https:\/\/serennashop.com\/wp-content\/uploads\/2025\/12\/0889214448262_S72124871_P00.jpg","datePublished":"2025-12-18T06:48:12+00:00","dateModified":"2026-03-25T21:57:05+00:00","description":"Aurinkolasit \u2013 tyylikk\u00e4\u00e4t ja laadukkaat aurinkolasit miehille. Suojaa silm\u00e4si UV-s\u00e4teilylt\u00e4 ja viimeistele asusi tunnetuilla br\u00e4ndeill\u00e4.","breadcrumb":{"@id":"https:\/\/serennashop.com\/de\/prod\/bmw-bw0047-p-6102u\/#breadcrumb"},"inLanguage":"de","potentialAction":[{"@type":"ReadAction","target":["https:\/\/serennashop.com\/de\/prod\/bmw-bw0047-p-6102u\/"]}]},{"@type":"ImageObject","inLanguage":"de","@id":"https:\/\/serennashop.com\/de\/prod\/bmw-bw0047-p-6102u\/#primaryimage","url":"https:\/\/serennashop.com\/wp-content\/uploads\/2025\/12\/0889214448262_S72124871_P00.jpg","contentUrl":"https:\/\/serennashop.com\/wp-content\/uploads\/2025\/12\/0889214448262_S72124871_P00.jpg","width":1200,"height":1200,"caption":"S72124871_0"},{"@type":"BreadcrumbList","@id":"https:\/\/serennashop.com\/de\/prod\/bmw-bw0047-p-6102u\/#breadcrumb","itemListElement":[{"@type":"ListItem","position":1,"name":"Etusivu","item":"https:\/\/serennashop.com\/de\/"},{"@type":"ListItem","position":2,"name":"Kauppa","item":"https:\/\/serennashop.com\/de\/shop\/"},{"@type":"ListItem","position":3,"name":"Herren-Sonnenbrille BMW BW0047-P 6102U"}]},{"@type":"WebSite","@id":"https:\/\/serennashop.com\/de\/#website","url":"https:\/\/serennashop.com\/de\/","name":"Serenna","description":"","publisher":{"@id":"https:\/\/serennashop.com\/de\/#organization"},"potentialAction":[{"@type":"SearchAction","target":{"@type":"EntryPoint","urlTemplate":"https:\/\/serennashop.com\/de\/?s={search_term_string}"},"query-input":{"@type":"PropertyValueSpecification","valueRequired":true,"valueName":"search_term_string"}}],"inLanguage":"de"},{"@type":"Organization","@id":"https:\/\/serennashop.com\/de\/#organization","name":"Serenna","url":"https:\/\/serennashop.com\/de\/","logo":{"@type":"ImageObject","inLanguage":"de","@id":"https:\/\/serennashop.com\/de\/#\/schema\/logo\/image\/","url":"https:\/\/www.serenna.fi\/wp-content\/uploads\/2025\/12\/serenna-logo2.png","contentUrl":"https:\/\/www.serenna.fi\/wp-content\/uploads\/2025\/12\/serenna-logo2.png","width":2383,"height":317,"caption":"Serenna"},"image":{"@id":"https:\/\/serennashop.com\/de\/#\/schema\/logo\/image\/"},"sameAs":["https:\/\/www.facebook.com\/serennadecor","https:\/\/www.instagram.com\/serennadecor"]}]}},"_links":{"self":[{"href":"https:\/\/serennashop.com\/de\/wp-json\/wp\/v2\/product\/45204","targetHints":{"allow":["GET"]}}],"collection":[{"href":"https:\/\/serennashop.com\/de\/wp-json\/wp\/v2\/product"}],"about":[{"href":"https:\/\/serennashop.com\/de\/wp-json\/wp\/v2\/types\/product"}],"replies":[{"embeddable":true,"href":"https:\/\/serennashop.com\/de\/wp-json\/wp\/v2\/comments?post=45204"}],"wp:featuredmedia":[{"embeddable":true,"href":"https:\/\/serennashop.com\/de\/wp-json\/wp\/v2\/media\/43427"}],"wp:attachment":[{"href":"https:\/\/serennashop.com\/de\/wp-json\/wp\/v2\/media?parent=45204"}],"wp:term":[{"taxonomy":"product_brand","embeddable":true,"href":"https:\/\/serennashop.com\/de\/wp-json\/wp\/v2\/product_brand?post=45204"},{"taxonomy":"product_cat","embeddable":true,"href":"https:\/\/serennashop.com\/de\/wp-json\/wp\/v2\/product_cat?post=45204"},{"taxonomy":"product_tag","embeddable":true,"href":"https:\/\/serennashop.com\/de\/wp-json\/wp\/v2\/product_tag?post=45204"}],"curies":[{"name":"wp","href":"https:\/\/api.w.org\/{rel}","templated":true}]}}