{"id":55893,"date":"2026-01-21T21:10:17","date_gmt":"2026-01-21T19:10:17","guid":{"rendered":"https:\/\/serennashop.com\/prod\/tommy-hilfiger-th-2078_s\/"},"modified":"2026-03-26T00:06:56","modified_gmt":"2026-03-25T22:06:56","slug":"tommy-hilfiger-th-2078_s","status":"publish","type":"product","link":"https:\/\/serennashop.com\/da\/prod\/tommy-hilfiger-th-2078_s\/","title":{"rendered":"Solbriller til m\u00e6nd Tommy Hilfiger TH 2078_S"},"content":{"rendered":"<p><b>Herresolbriller Tommy Hilfiger TH 2078_S<\/b><\/p>\n<ul>\n<li>Type: Herresolbriller<\/li>\n<li>Beskyttelse: 100 % UV-beskyttelse (UV400)<\/li>\n<li>Materiale: Metal<\/li>\n<li>K\u00f8n: Herre<\/li>\n<\/ul>\n<p><strong>Tommy Hilfiger solbriller \u2013 ikonisk amerikansk stil og moderne elegance<\/strong><\/p>\r\n<p>Tommy Hilfiger solbriller kombinerer klassisk amerikansk modetradition, moderne design og materialer af h\u00f8j kvalitet. M\u00e6rkets genkendelige preppy stil er tydelig i alle modeller \u2013 frisk, ungdommelig og raffineret. Tommy Hilfiger solbriller er det perfekte valg for dem, der \u00f8nsker at kombinere tidl\u00f8s mode, komfort og selvsikker stil.\r\n<p>Kollektionen tilbyder et bredt udvalg af modeller til hverdagsbrug og fritid. V\u00e6lg mellem trendy oversized stel, klassiske aviator-briller, sporty designs og elegante unisex-solbriller. Det, de alle har til f\u00e6lles, er gennemt\u00e6nkt design, ikoniske branddetaljer og en behagelig pasform.\r\nTommy Hilfiger solbriller er designet til en aktiv livsstil. Letv\u00e6gtsstel og linser af h\u00f8j kvalitet sikrer behagelig brug hele dagen, og UV-beskyttelse hj\u00e6lper med at beskytte dine \u00f8jne mod solens skadelige str\u00e5ler. Hver model tilf\u00f8jer en poleret finish til dit outfit, uanset om du er p\u00e5 vej til arbejde, i byen eller p\u00e5 ferie. \r\n<p><strong>Hvorfor v\u00e6lge Tommy Hilfiger solbriller?<\/strong><\/p>\r\n<ul>\r\n<li>\u2728 Tidl\u00f8st og trendy design<\/li>\r\n<li>\ud83c\udf1e UV-beskyttelse i h\u00f8j kvalitet i mange modeller<\/li>\r\n<li>\ud83d\udc53 Behagelig og let pasform<\/li>\r\n<li>\ud83e\udde9 Stort udvalg af forskellige stilarter<\/li>\r\n<li>\ud83c\udf0d Internationalt anerkendt premium-brand<\/li>\r\n<\/ul>\r\n<p>Tommy Hilfiger solbriller er perfekte til dem, der s\u00e6tter pris p\u00e5 kvalitet, p\u00e5lideligt design og moderne amerikansk mode. Med disse stel kan du skabe et ubesv\u00e6ret stilfuldt look \u2013 hele \u00e5ret rundt.\r\n<p>&nbsp;<\/p><\/p><\/p><\/p>\n","protected":false},"excerpt":{"rendered":"<p>Herresolbriller Tommy Hilfiger TH 2078_S Type: Herresolbriller Beskyttelse: 100 % UV-beskyttelse (UV400) Materiale: Metal K\u00f8n: Herre<\/p>\n","protected":false},"featured_media":18180,"comment_status":"open","ping_status":"closed","template":"","meta":[],"product_brand":[],"product_cat":[1205,1170],"product_tag":[789,790,1173,726],"class_list":{"0":"post-55893","1":"product","2":"type-product","3":"status-publish","4":"has-post-thumbnail","6":"product_cat-solbriller","7":"product_cat-solbriller-til-maend","8":"product_tag-tag_195","9":"product_tag-tag_189","10":"product_tag-tag_194","11":"product_tag-tag_188","13":"first","14":"instock","15":"taxable","16":"shipping-taxable","17":"purchasable","18":"product-type-simple"},"yoast_head":"<!-- This site is optimized with the Yoast SEO plugin v27.4 - https:\/\/yoast.com\/product\/yoast-seo-wordpress\/ -->\n<title>Solbriller til m\u00e6nd Tommy Hilfiger TH 2078_S - Serenna<\/title>\n<meta name=\"robots\" content=\"index, follow, max-snippet:-1, max-image-preview:large, max-video-preview:-1\" \/>\n<link rel=\"canonical\" href=\"https:\/\/serennashop.com\/da\/prod\/tommy-hilfiger-th-2078_s\/\" \/>\n<meta property=\"og:locale\" content=\"da_DK\" \/>\n<meta property=\"og:type\" content=\"article\" \/>\n<meta property=\"og:title\" content=\"Solbriller til m\u00e6nd Tommy Hilfiger TH 2078_S - Serenna\" \/>\n<meta property=\"og:description\" content=\"Herresolbriller Tommy Hilfiger TH 2078_S Type: Herresolbriller Beskyttelse: 100 % UV-beskyttelse (UV400) Materiale: Metal K\u00f8n: Herre\" \/>\n<meta property=\"og:url\" content=\"https:\/\/serennashop.com\/da\/prod\/tommy-hilfiger-th-2078_s\/\" \/>\n<meta property=\"og:site_name\" content=\"Serenna\" \/>\n<meta property=\"article:publisher\" content=\"https:\/\/www.facebook.com\/serennadecor\" \/>\n<meta property=\"article:modified_time\" content=\"2026-03-25T22:06:56+00:00\" \/>\n<meta property=\"og:image\" content=\"https:\/\/serennashop.com\/wp-content\/uploads\/2026\/01\/0716736978277_S72121519_P00.jpg\" \/>\n\t<meta property=\"og:image:width\" content=\"1200\" \/>\n\t<meta property=\"og:image:height\" content=\"1200\" \/>\n\t<meta property=\"og:image:type\" content=\"image\/jpeg\" \/>\n<meta name=\"twitter:card\" content=\"summary_large_image\" \/>\n<meta name=\"twitter:label1\" content=\"Estimeret l\u00e6setid\" \/>\n\t<meta name=\"twitter:data1\" content=\"1 minut\" \/>\n<script type=\"application\/ld+json\" class=\"yoast-schema-graph\">{\"@context\":\"https:\\\/\\\/schema.org\",\"@graph\":[{\"@type\":\"WebPage\",\"@id\":\"https:\\\/\\\/serennashop.com\\\/da\\\/prod\\\/tommy-hilfiger-th-2078_s\\\/\",\"url\":\"https:\\\/\\\/serennashop.com\\\/da\\\/prod\\\/tommy-hilfiger-th-2078_s\\\/\",\"name\":\"Solbriller til m\u00e6nd Tommy Hilfiger TH 2078_S - Serenna\",\"isPartOf\":{\"@id\":\"https:\\\/\\\/serennashop.com\\\/da\\\/#website\"},\"primaryImageOfPage\":{\"@id\":\"https:\\\/\\\/serennashop.com\\\/da\\\/prod\\\/tommy-hilfiger-th-2078_s\\\/#primaryimage\"},\"image\":{\"@id\":\"https:\\\/\\\/serennashop.com\\\/da\\\/prod\\\/tommy-hilfiger-th-2078_s\\\/#primaryimage\"},\"thumbnailUrl\":\"https:\\\/\\\/serennashop.com\\\/wp-content\\\/uploads\\\/2026\\\/01\\\/0716736978277_S72121519_P00.jpg\",\"datePublished\":\"2026-01-21T19:10:17+00:00\",\"dateModified\":\"2026-03-25T22:06:56+00:00\",\"breadcrumb\":{\"@id\":\"https:\\\/\\\/serennashop.com\\\/da\\\/prod\\\/tommy-hilfiger-th-2078_s\\\/#breadcrumb\"},\"inLanguage\":\"da-DK\",\"potentialAction\":[{\"@type\":\"ReadAction\",\"target\":[\"https:\\\/\\\/serennashop.com\\\/da\\\/prod\\\/tommy-hilfiger-th-2078_s\\\/\"]}]},{\"@type\":\"ImageObject\",\"inLanguage\":\"da-DK\",\"@id\":\"https:\\\/\\\/serennashop.com\\\/da\\\/prod\\\/tommy-hilfiger-th-2078_s\\\/#primaryimage\",\"url\":\"https:\\\/\\\/serennashop.com\\\/wp-content\\\/uploads\\\/2026\\\/01\\\/0716736978277_S72121519_P00.jpg\",\"contentUrl\":\"https:\\\/\\\/serennashop.com\\\/wp-content\\\/uploads\\\/2026\\\/01\\\/0716736978277_S72121519_P00.jpg\",\"width\":1200,\"height\":1200,\"caption\":\"S72121519_0\"},{\"@type\":\"BreadcrumbList\",\"@id\":\"https:\\\/\\\/serennashop.com\\\/da\\\/prod\\\/tommy-hilfiger-th-2078_s\\\/#breadcrumb\",\"itemListElement\":[{\"@type\":\"ListItem\",\"position\":1,\"name\":\"Etusivu\",\"item\":\"https:\\\/\\\/serennashop.com\\\/da\\\/\"},{\"@type\":\"ListItem\",\"position\":2,\"name\":\"Handel\",\"item\":\"https:\\\/\\\/serennashop.com\\\/da\\\/shop\\\/\"},{\"@type\":\"ListItem\",\"position\":3,\"name\":\"Solbriller til m\u00e6nd Tommy Hilfiger TH 2078_S\"}]},{\"@type\":\"WebSite\",\"@id\":\"https:\\\/\\\/serennashop.com\\\/da\\\/#website\",\"url\":\"https:\\\/\\\/serennashop.com\\\/da\\\/\",\"name\":\"Serenna\",\"description\":\"\",\"publisher\":{\"@id\":\"https:\\\/\\\/serennashop.com\\\/da\\\/#organization\"},\"potentialAction\":[{\"@type\":\"SearchAction\",\"target\":{\"@type\":\"EntryPoint\",\"urlTemplate\":\"https:\\\/\\\/serennashop.com\\\/da\\\/?s={search_term_string}\"},\"query-input\":{\"@type\":\"PropertyValueSpecification\",\"valueRequired\":true,\"valueName\":\"search_term_string\"}}],\"inLanguage\":\"da-DK\"},{\"@type\":\"Organization\",\"@id\":\"https:\\\/\\\/serennashop.com\\\/da\\\/#organization\",\"name\":\"Serenna\",\"url\":\"https:\\\/\\\/serennashop.com\\\/da\\\/\",\"logo\":{\"@type\":\"ImageObject\",\"inLanguage\":\"da-DK\",\"@id\":\"https:\\\/\\\/serennashop.com\\\/da\\\/#\\\/schema\\\/logo\\\/image\\\/\",\"url\":\"https:\\\/\\\/www.serenna.fi\\\/wp-content\\\/uploads\\\/2025\\\/12\\\/serenna-logo2.png\",\"contentUrl\":\"https:\\\/\\\/www.serenna.fi\\\/wp-content\\\/uploads\\\/2025\\\/12\\\/serenna-logo2.png\",\"width\":2383,\"height\":317,\"caption\":\"Serenna\"},\"image\":{\"@id\":\"https:\\\/\\\/serennashop.com\\\/da\\\/#\\\/schema\\\/logo\\\/image\\\/\"},\"sameAs\":[\"https:\\\/\\\/www.facebook.com\\\/serennadecor\",\"https:\\\/\\\/www.instagram.com\\\/serennadecor\"]}]}<\/script>\n<!-- \/ Yoast SEO plugin. -->","yoast_head_json":{"title":"Solbriller til m\u00e6nd Tommy Hilfiger TH 2078_S - Serenna","robots":{"index":"index","follow":"follow","max-snippet":"max-snippet:-1","max-image-preview":"max-image-preview:large","max-video-preview":"max-video-preview:-1"},"canonical":"https:\/\/serennashop.com\/da\/prod\/tommy-hilfiger-th-2078_s\/","og_locale":"da_DK","og_type":"article","og_title":"Solbriller til m\u00e6nd Tommy Hilfiger TH 2078_S - Serenna","og_description":"Herresolbriller Tommy Hilfiger TH 2078_S Type: Herresolbriller Beskyttelse: 100 % UV-beskyttelse (UV400) Materiale: Metal K\u00f8n: Herre","og_url":"https:\/\/serennashop.com\/da\/prod\/tommy-hilfiger-th-2078_s\/","og_site_name":"Serenna","article_publisher":"https:\/\/www.facebook.com\/serennadecor","article_modified_time":"2026-03-25T22:06:56+00:00","og_image":[{"width":1200,"height":1200,"url":"https:\/\/serennashop.com\/wp-content\/uploads\/2026\/01\/0716736978277_S72121519_P00.jpg","type":"image\/jpeg"}],"twitter_card":"summary_large_image","twitter_misc":{"Estimeret l\u00e6setid":"1 minut"},"schema":{"@context":"https:\/\/schema.org","@graph":[{"@type":"WebPage","@id":"https:\/\/serennashop.com\/da\/prod\/tommy-hilfiger-th-2078_s\/","url":"https:\/\/serennashop.com\/da\/prod\/tommy-hilfiger-th-2078_s\/","name":"Solbriller til m\u00e6nd Tommy Hilfiger TH 2078_S - Serenna","isPartOf":{"@id":"https:\/\/serennashop.com\/da\/#website"},"primaryImageOfPage":{"@id":"https:\/\/serennashop.com\/da\/prod\/tommy-hilfiger-th-2078_s\/#primaryimage"},"image":{"@id":"https:\/\/serennashop.com\/da\/prod\/tommy-hilfiger-th-2078_s\/#primaryimage"},"thumbnailUrl":"https:\/\/serennashop.com\/wp-content\/uploads\/2026\/01\/0716736978277_S72121519_P00.jpg","datePublished":"2026-01-21T19:10:17+00:00","dateModified":"2026-03-25T22:06:56+00:00","breadcrumb":{"@id":"https:\/\/serennashop.com\/da\/prod\/tommy-hilfiger-th-2078_s\/#breadcrumb"},"inLanguage":"da-DK","potentialAction":[{"@type":"ReadAction","target":["https:\/\/serennashop.com\/da\/prod\/tommy-hilfiger-th-2078_s\/"]}]},{"@type":"ImageObject","inLanguage":"da-DK","@id":"https:\/\/serennashop.com\/da\/prod\/tommy-hilfiger-th-2078_s\/#primaryimage","url":"https:\/\/serennashop.com\/wp-content\/uploads\/2026\/01\/0716736978277_S72121519_P00.jpg","contentUrl":"https:\/\/serennashop.com\/wp-content\/uploads\/2026\/01\/0716736978277_S72121519_P00.jpg","width":1200,"height":1200,"caption":"S72121519_0"},{"@type":"BreadcrumbList","@id":"https:\/\/serennashop.com\/da\/prod\/tommy-hilfiger-th-2078_s\/#breadcrumb","itemListElement":[{"@type":"ListItem","position":1,"name":"Etusivu","item":"https:\/\/serennashop.com\/da\/"},{"@type":"ListItem","position":2,"name":"Handel","item":"https:\/\/serennashop.com\/da\/shop\/"},{"@type":"ListItem","position":3,"name":"Solbriller til m\u00e6nd Tommy Hilfiger TH 2078_S"}]},{"@type":"WebSite","@id":"https:\/\/serennashop.com\/da\/#website","url":"https:\/\/serennashop.com\/da\/","name":"Serenna","description":"","publisher":{"@id":"https:\/\/serennashop.com\/da\/#organization"},"potentialAction":[{"@type":"SearchAction","target":{"@type":"EntryPoint","urlTemplate":"https:\/\/serennashop.com\/da\/?s={search_term_string}"},"query-input":{"@type":"PropertyValueSpecification","valueRequired":true,"valueName":"search_term_string"}}],"inLanguage":"da-DK"},{"@type":"Organization","@id":"https:\/\/serennashop.com\/da\/#organization","name":"Serenna","url":"https:\/\/serennashop.com\/da\/","logo":{"@type":"ImageObject","inLanguage":"da-DK","@id":"https:\/\/serennashop.com\/da\/#\/schema\/logo\/image\/","url":"https:\/\/www.serenna.fi\/wp-content\/uploads\/2025\/12\/serenna-logo2.png","contentUrl":"https:\/\/www.serenna.fi\/wp-content\/uploads\/2025\/12\/serenna-logo2.png","width":2383,"height":317,"caption":"Serenna"},"image":{"@id":"https:\/\/serennashop.com\/da\/#\/schema\/logo\/image\/"},"sameAs":["https:\/\/www.facebook.com\/serennadecor","https:\/\/www.instagram.com\/serennadecor"]}]}},"_links":{"self":[{"href":"https:\/\/serennashop.com\/da\/wp-json\/wp\/v2\/product\/55893","targetHints":{"allow":["GET"]}}],"collection":[{"href":"https:\/\/serennashop.com\/da\/wp-json\/wp\/v2\/product"}],"about":[{"href":"https:\/\/serennashop.com\/da\/wp-json\/wp\/v2\/types\/product"}],"replies":[{"embeddable":true,"href":"https:\/\/serennashop.com\/da\/wp-json\/wp\/v2\/comments?post=55893"}],"wp:featuredmedia":[{"embeddable":true,"href":"https:\/\/serennashop.com\/da\/wp-json\/wp\/v2\/media\/18180"}],"wp:attachment":[{"href":"https:\/\/serennashop.com\/da\/wp-json\/wp\/v2\/media?parent=55893"}],"wp:term":[{"taxonomy":"product_brand","embeddable":true,"href":"https:\/\/serennashop.com\/da\/wp-json\/wp\/v2\/product_brand?post=55893"},{"taxonomy":"product_cat","embeddable":true,"href":"https:\/\/serennashop.com\/da\/wp-json\/wp\/v2\/product_cat?post=55893"},{"taxonomy":"product_tag","embeddable":true,"href":"https:\/\/serennashop.com\/da\/wp-json\/wp\/v2\/product_tag?post=55893"}],"curies":[{"name":"wp","href":"https:\/\/api.w.org\/{rel}","templated":true}]}}