{"id":54717,"date":"2026-01-10T22:58:22","date_gmt":"2026-01-10T20:58:22","guid":{"rendered":"https:\/\/serennashop.com\/prod\/trimpen-innovagoods\/"},"modified":"2026-03-26T00:06:11","modified_gmt":"2026-03-25T22:06:11","slug":"trimpen-innovagoods","status":"publish","type":"product","link":"https:\/\/serennashop.com\/da\/prod\/trimpen-innovagoods\/","title":{"rendered":"N\u00e6se- og \u00f8reh\u00e5rtrimmer Trimpen InnovaGoods"},"content":{"rendered":"<div class=\"col-md-6\">\n<p><b>InnovaGoods<\/b> g\u00f8r det nemt at prioritere personlig pleje uden undskyldninger, da det tilbyder de bedste og nyeste produkter til sk\u00f8nhed, afslapning og velv\u00e6re! <b>N\u00e6se- og \u00f8reh\u00e5rtrimmeren Trimpen InnovaGoods Wellness Beauty<\/b> er et godt eksempel p\u00e5 dette! Oplev et bredt udvalg af produkter af h\u00f8j kvalitet, der udm\u00e6rker sig ved deres praktiske anvendelighed, effektivitet og innovative design.<\/p>\n<p>N\u00e6se- og \u00f8retrimmeren, med sit moderne, ergonomiske og kompakte design, er ideel til at trimme og fjerne n\u00e6se- og \u00f8reh\u00e5r. Den er tr\u00e5dl\u00f8s og k\u00f8rer p\u00e5 1 x AAA-batteri (medf\u00f8lger ikke), s\u00e5 der er ikke behov for besv\u00e6rlige kabler eller stik. Den lille og diskrete st\u00f8rrelse g\u00f8r den nem at transportere og opbevare hvor som helst, da den kun optager meget lidt plads. Denne mini-trimmer kan ogs\u00e5 n\u00e5 de mest vanskelige omr\u00e5der. En af dens vigtigste egenskaber er, at den er smertefri, da den ikke tr\u00e6kker eller plukker h\u00e5rene fra roden, men klipper dem uden at for\u00e5rsage smerte eller beskadige f\u00f8lsomme omr\u00e5der. Den har en enkelt t\u00e6nd\/sluk-knap og er meget nem at bruge. Den fungerer ved hj\u00e6lp af en roterende sk\u00e6reteknik. Du skal blot lave blide cirkul\u00e6re bev\u00e6gelser inde i n\u00e6sen og \u00f8rerne og gentage, indtil h\u00e5rene er fjernet. Sk\u00e6rehovedet er aftageligt, hvilket g\u00f8r det nemt at reng\u00f8re, og den har en knivbeskyttelse. Der medf\u00f8lger ogs\u00e5 en lille reng\u00f8ringsb\u00f8rste.<\/p>\n<ul>\n<li>Materiale:\n<ul>\n<li>ABS<\/li>\n<li>Aluminium<\/li>\n<\/ul>\n<\/li>\n<li>Farve\n<ul>\n<li>Sort<\/li>\n<li>Gr\u00e5<\/li>\n<\/ul>\n<\/li>\n<li>Moderne design: Ergonomisk<\/li>\n<li>Type: Elektronisk<\/li>\n<li>Tr\u00e5dl\u00f8s: Ingen kabler<\/li>\n<li>Batteridrevet (medf\u00f8lger ikke): 1 x AAA 1,5 V<\/li>\n<li>Profiltrimmer\/pr\u00e6cisionstrimmer: N\u00e6se- og \u00f8reh\u00e5rtrimmer<\/li>\n<li>Smertefri: Behagelig, enkel og nem at bruge<\/li>\n<li>Aftageligt hoved: Let at reng\u00f8re<\/li>\n<li>Beskyttelseskappe: Let at \u00e5bne<\/li>\n<li>T\u00e6nd\/sluk-knap: Nem at bruge<\/li>\n<li>Inkluderet: Lille reng\u00f8ringsb\u00f8rste<\/li>\n<li>Reduceret kompakt st\u00f8rrelse: Optager kun lidt plads<\/li>\n<li>Let og handy: Let at transportere og opbevare<\/li>\n<li>Hastighed: 15.000 omdrejninger i minuttet<\/li>\n<li>Lavt str\u00f8mforbrug: 0,5 W<\/li>\n<li>Dimensioner ca.: \u00d81,4 x 11,3 cm<\/li>\n<li>Emballage og brugsanvisning p\u00e5 24 sprog: engelsk, fransk, spansk, tysk, italiensk, portugisisk, hollandsk, polsk, ungarsk, rum\u00e6nsk, dansk, svensk, finsk, litauisk, norsk, slovensk, gr\u00e6sk, tjekkisk, bulgarsk, kroatisk, slovakisk, estisk, russisk og lettisk<\/li>\n<\/ul>\n<p>Emballage og brugsanvisning p\u00e5 24 sprog: engelsk, fransk, spansk, tysk, italiensk, portugisisk, hollandsk, polsk, ungarsk, rum\u00e6nsk, dansk, svensk, finsk, litauisk, norsk, slovensk, gr\u00e6sk, tjekkisk, bulgarsk, kroatisk, slovakisk, estisk, russisk og lettisk.<\/p>\n<\/div>\n<div class=\"col-md-6\">\n<div class=\"embed-responsive embed-responsive-16by9\"><\/div>\n<\/div>\n","protected":false},"excerpt":{"rendered":"<p>InnovaGoods g\u00f8r det nemt at prioritere personlig pleje uden undskyldninger, da det tilbyder de bedste og nyeste produkter til sk\u00f8nhed, afslapning og velv\u00e6re! N\u00e6se- og \u00f8reh\u00e5rtrimmeren Trimpen InnovaGoods Wellness Beauty er et godt eksempel p\u00e5 dette! Oplev et bredt udvalg af produkter af h\u00f8j kvalitet, der udm\u00e6rker sig ved deres praktiske anvendelighed, effektivitet og innovative [&#8230;]\n","protected":false},"featured_media":13686,"comment_status":"open","ping_status":"closed","template":"","meta":[],"product_brand":[],"product_cat":[1295,868],"product_tag":[871],"class_list":{"0":"post-54717","1":"product","2":"type-product","3":"status-publish","4":"has-post-thumbnail","6":"product_cat-har-og-skaeg","7":"product_cat-skon","8":"product_tag-tag_217","10":"first","11":"instock","12":"taxable","13":"shipping-taxable","14":"purchasable","15":"product-type-simple"},"yoast_head":"<!-- This site is optimized with the Yoast SEO plugin v27.4 - https:\/\/yoast.com\/product\/yoast-seo-wordpress\/ -->\n<title>N\u00e6se- og \u00f8reh\u00e5rtrimmer Trimpen InnovaGoods - Serenna<\/title>\n<meta name=\"robots\" content=\"index, follow, max-snippet:-1, max-image-preview:large, max-video-preview:-1\" \/>\n<link rel=\"canonical\" href=\"https:\/\/serennashop.com\/da\/prod\/trimpen-innovagoods\/\" \/>\n<meta property=\"og:locale\" content=\"da_DK\" \/>\n<meta property=\"og:type\" content=\"article\" \/>\n<meta property=\"og:title\" content=\"N\u00e6se- og \u00f8reh\u00e5rtrimmer Trimpen InnovaGoods - Serenna\" \/>\n<meta property=\"og:description\" content=\"InnovaGoods g\u00f8r det nemt at prioritere personlig pleje uden undskyldninger, da det tilbyder de bedste og nyeste produkter til sk\u00f8nhed, afslapning og velv\u00e6re! N\u00e6se- og \u00f8reh\u00e5rtrimmeren Trimpen InnovaGoods Wellness Beauty er et godt eksempel p\u00e5 dette! Oplev et bredt udvalg af produkter af h\u00f8j kvalitet, der udm\u00e6rker sig ved deres praktiske anvendelighed, effektivitet og innovative [...]\" \/>\n<meta property=\"og:url\" content=\"https:\/\/serennashop.com\/da\/prod\/trimpen-innovagoods\/\" \/>\n<meta property=\"og:site_name\" content=\"Serenna\" \/>\n<meta property=\"article:publisher\" content=\"https:\/\/www.facebook.com\/serennadecor\" \/>\n<meta property=\"article:modified_time\" content=\"2026-03-25T22:06:11+00:00\" \/>\n<meta property=\"og:image\" content=\"https:\/\/serennashop.com\/wp-content\/uploads\/2026\/01\/V0103330_000_MKT-v_13.jpg\" \/>\n\t<meta property=\"og:image:width\" content=\"1200\" \/>\n\t<meta property=\"og:image:height\" content=\"1200\" \/>\n\t<meta property=\"og:image:type\" content=\"image\/jpeg\" \/>\n<meta name=\"twitter:card\" content=\"summary_large_image\" \/>\n<meta name=\"twitter:label1\" content=\"Estimeret l\u00e6setid\" \/>\n\t<meta name=\"twitter:data1\" content=\"3 minutter\" \/>\n<script type=\"application\/ld+json\" class=\"yoast-schema-graph\">{\"@context\":\"https:\\\/\\\/schema.org\",\"@graph\":[{\"@type\":\"WebPage\",\"@id\":\"https:\\\/\\\/serennashop.com\\\/da\\\/prod\\\/trimpen-innovagoods\\\/\",\"url\":\"https:\\\/\\\/serennashop.com\\\/da\\\/prod\\\/trimpen-innovagoods\\\/\",\"name\":\"N\u00e6se- og \u00f8reh\u00e5rtrimmer Trimpen InnovaGoods - Serenna\",\"isPartOf\":{\"@id\":\"https:\\\/\\\/serennashop.com\\\/da\\\/#website\"},\"primaryImageOfPage\":{\"@id\":\"https:\\\/\\\/serennashop.com\\\/da\\\/prod\\\/trimpen-innovagoods\\\/#primaryimage\"},\"image\":{\"@id\":\"https:\\\/\\\/serennashop.com\\\/da\\\/prod\\\/trimpen-innovagoods\\\/#primaryimage\"},\"thumbnailUrl\":\"https:\\\/\\\/serennashop.com\\\/wp-content\\\/uploads\\\/2026\\\/01\\\/V0103330_000_MKT-v_13.jpg\",\"datePublished\":\"2026-01-10T20:58:22+00:00\",\"dateModified\":\"2026-03-25T22:06:11+00:00\",\"breadcrumb\":{\"@id\":\"https:\\\/\\\/serennashop.com\\\/da\\\/prod\\\/trimpen-innovagoods\\\/#breadcrumb\"},\"inLanguage\":\"da-DK\",\"potentialAction\":[{\"@type\":\"ReadAction\",\"target\":[\"https:\\\/\\\/serennashop.com\\\/da\\\/prod\\\/trimpen-innovagoods\\\/\"]}]},{\"@type\":\"ImageObject\",\"inLanguage\":\"da-DK\",\"@id\":\"https:\\\/\\\/serennashop.com\\\/da\\\/prod\\\/trimpen-innovagoods\\\/#primaryimage\",\"url\":\"https:\\\/\\\/serennashop.com\\\/wp-content\\\/uploads\\\/2026\\\/01\\\/V0103330_000_MKT-v_13.jpg\",\"contentUrl\":\"https:\\\/\\\/serennashop.com\\\/wp-content\\\/uploads\\\/2026\\\/01\\\/V0103330_000_MKT-v_13.jpg\",\"width\":1200,\"height\":1200,\"caption\":\"V0103330_0\"},{\"@type\":\"BreadcrumbList\",\"@id\":\"https:\\\/\\\/serennashop.com\\\/da\\\/prod\\\/trimpen-innovagoods\\\/#breadcrumb\",\"itemListElement\":[{\"@type\":\"ListItem\",\"position\":1,\"name\":\"Etusivu\",\"item\":\"https:\\\/\\\/serennashop.com\\\/da\\\/\"},{\"@type\":\"ListItem\",\"position\":2,\"name\":\"Handel\",\"item\":\"https:\\\/\\\/serennashop.com\\\/da\\\/shop\\\/\"},{\"@type\":\"ListItem\",\"position\":3,\"name\":\"N\u00e6se- og \u00f8reh\u00e5rtrimmer Trimpen InnovaGoods\"}]},{\"@type\":\"WebSite\",\"@id\":\"https:\\\/\\\/serennashop.com\\\/da\\\/#website\",\"url\":\"https:\\\/\\\/serennashop.com\\\/da\\\/\",\"name\":\"Serenna\",\"description\":\"\",\"publisher\":{\"@id\":\"https:\\\/\\\/serennashop.com\\\/da\\\/#organization\"},\"potentialAction\":[{\"@type\":\"SearchAction\",\"target\":{\"@type\":\"EntryPoint\",\"urlTemplate\":\"https:\\\/\\\/serennashop.com\\\/da\\\/?s={search_term_string}\"},\"query-input\":{\"@type\":\"PropertyValueSpecification\",\"valueRequired\":true,\"valueName\":\"search_term_string\"}}],\"inLanguage\":\"da-DK\"},{\"@type\":\"Organization\",\"@id\":\"https:\\\/\\\/serennashop.com\\\/da\\\/#organization\",\"name\":\"Serenna\",\"url\":\"https:\\\/\\\/serennashop.com\\\/da\\\/\",\"logo\":{\"@type\":\"ImageObject\",\"inLanguage\":\"da-DK\",\"@id\":\"https:\\\/\\\/serennashop.com\\\/da\\\/#\\\/schema\\\/logo\\\/image\\\/\",\"url\":\"https:\\\/\\\/www.serenna.fi\\\/wp-content\\\/uploads\\\/2025\\\/12\\\/serenna-logo2.png\",\"contentUrl\":\"https:\\\/\\\/www.serenna.fi\\\/wp-content\\\/uploads\\\/2025\\\/12\\\/serenna-logo2.png\",\"width\":2383,\"height\":317,\"caption\":\"Serenna\"},\"image\":{\"@id\":\"https:\\\/\\\/serennashop.com\\\/da\\\/#\\\/schema\\\/logo\\\/image\\\/\"},\"sameAs\":[\"https:\\\/\\\/www.facebook.com\\\/serennadecor\",\"https:\\\/\\\/www.instagram.com\\\/serennadecor\"]}]}<\/script>\n<!-- \/ Yoast SEO plugin. -->","yoast_head_json":{"title":"N\u00e6se- og \u00f8reh\u00e5rtrimmer Trimpen InnovaGoods - Serenna","robots":{"index":"index","follow":"follow","max-snippet":"max-snippet:-1","max-image-preview":"max-image-preview:large","max-video-preview":"max-video-preview:-1"},"canonical":"https:\/\/serennashop.com\/da\/prod\/trimpen-innovagoods\/","og_locale":"da_DK","og_type":"article","og_title":"N\u00e6se- og \u00f8reh\u00e5rtrimmer Trimpen InnovaGoods - Serenna","og_description":"InnovaGoods g\u00f8r det nemt at prioritere personlig pleje uden undskyldninger, da det tilbyder de bedste og nyeste produkter til sk\u00f8nhed, afslapning og velv\u00e6re! N\u00e6se- og \u00f8reh\u00e5rtrimmeren Trimpen InnovaGoods Wellness Beauty er et godt eksempel p\u00e5 dette! Oplev et bredt udvalg af produkter af h\u00f8j kvalitet, der udm\u00e6rker sig ved deres praktiske anvendelighed, effektivitet og innovative [...]","og_url":"https:\/\/serennashop.com\/da\/prod\/trimpen-innovagoods\/","og_site_name":"Serenna","article_publisher":"https:\/\/www.facebook.com\/serennadecor","article_modified_time":"2026-03-25T22:06:11+00:00","og_image":[{"width":1200,"height":1200,"url":"https:\/\/serennashop.com\/wp-content\/uploads\/2026\/01\/V0103330_000_MKT-v_13.jpg","type":"image\/jpeg"}],"twitter_card":"summary_large_image","twitter_misc":{"Estimeret l\u00e6setid":"3 minutter"},"schema":{"@context":"https:\/\/schema.org","@graph":[{"@type":"WebPage","@id":"https:\/\/serennashop.com\/da\/prod\/trimpen-innovagoods\/","url":"https:\/\/serennashop.com\/da\/prod\/trimpen-innovagoods\/","name":"N\u00e6se- og \u00f8reh\u00e5rtrimmer Trimpen InnovaGoods - Serenna","isPartOf":{"@id":"https:\/\/serennashop.com\/da\/#website"},"primaryImageOfPage":{"@id":"https:\/\/serennashop.com\/da\/prod\/trimpen-innovagoods\/#primaryimage"},"image":{"@id":"https:\/\/serennashop.com\/da\/prod\/trimpen-innovagoods\/#primaryimage"},"thumbnailUrl":"https:\/\/serennashop.com\/wp-content\/uploads\/2026\/01\/V0103330_000_MKT-v_13.jpg","datePublished":"2026-01-10T20:58:22+00:00","dateModified":"2026-03-25T22:06:11+00:00","breadcrumb":{"@id":"https:\/\/serennashop.com\/da\/prod\/trimpen-innovagoods\/#breadcrumb"},"inLanguage":"da-DK","potentialAction":[{"@type":"ReadAction","target":["https:\/\/serennashop.com\/da\/prod\/trimpen-innovagoods\/"]}]},{"@type":"ImageObject","inLanguage":"da-DK","@id":"https:\/\/serennashop.com\/da\/prod\/trimpen-innovagoods\/#primaryimage","url":"https:\/\/serennashop.com\/wp-content\/uploads\/2026\/01\/V0103330_000_MKT-v_13.jpg","contentUrl":"https:\/\/serennashop.com\/wp-content\/uploads\/2026\/01\/V0103330_000_MKT-v_13.jpg","width":1200,"height":1200,"caption":"V0103330_0"},{"@type":"BreadcrumbList","@id":"https:\/\/serennashop.com\/da\/prod\/trimpen-innovagoods\/#breadcrumb","itemListElement":[{"@type":"ListItem","position":1,"name":"Etusivu","item":"https:\/\/serennashop.com\/da\/"},{"@type":"ListItem","position":2,"name":"Handel","item":"https:\/\/serennashop.com\/da\/shop\/"},{"@type":"ListItem","position":3,"name":"N\u00e6se- og \u00f8reh\u00e5rtrimmer Trimpen InnovaGoods"}]},{"@type":"WebSite","@id":"https:\/\/serennashop.com\/da\/#website","url":"https:\/\/serennashop.com\/da\/","name":"Serenna","description":"","publisher":{"@id":"https:\/\/serennashop.com\/da\/#organization"},"potentialAction":[{"@type":"SearchAction","target":{"@type":"EntryPoint","urlTemplate":"https:\/\/serennashop.com\/da\/?s={search_term_string}"},"query-input":{"@type":"PropertyValueSpecification","valueRequired":true,"valueName":"search_term_string"}}],"inLanguage":"da-DK"},{"@type":"Organization","@id":"https:\/\/serennashop.com\/da\/#organization","name":"Serenna","url":"https:\/\/serennashop.com\/da\/","logo":{"@type":"ImageObject","inLanguage":"da-DK","@id":"https:\/\/serennashop.com\/da\/#\/schema\/logo\/image\/","url":"https:\/\/www.serenna.fi\/wp-content\/uploads\/2025\/12\/serenna-logo2.png","contentUrl":"https:\/\/www.serenna.fi\/wp-content\/uploads\/2025\/12\/serenna-logo2.png","width":2383,"height":317,"caption":"Serenna"},"image":{"@id":"https:\/\/serennashop.com\/da\/#\/schema\/logo\/image\/"},"sameAs":["https:\/\/www.facebook.com\/serennadecor","https:\/\/www.instagram.com\/serennadecor"]}]}},"_links":{"self":[{"href":"https:\/\/serennashop.com\/da\/wp-json\/wp\/v2\/product\/54717","targetHints":{"allow":["GET"]}}],"collection":[{"href":"https:\/\/serennashop.com\/da\/wp-json\/wp\/v2\/product"}],"about":[{"href":"https:\/\/serennashop.com\/da\/wp-json\/wp\/v2\/types\/product"}],"replies":[{"embeddable":true,"href":"https:\/\/serennashop.com\/da\/wp-json\/wp\/v2\/comments?post=54717"}],"wp:featuredmedia":[{"embeddable":true,"href":"https:\/\/serennashop.com\/da\/wp-json\/wp\/v2\/media\/13686"}],"wp:attachment":[{"href":"https:\/\/serennashop.com\/da\/wp-json\/wp\/v2\/media?parent=54717"}],"wp:term":[{"taxonomy":"product_brand","embeddable":true,"href":"https:\/\/serennashop.com\/da\/wp-json\/wp\/v2\/product_brand?post=54717"},{"taxonomy":"product_cat","embeddable":true,"href":"https:\/\/serennashop.com\/da\/wp-json\/wp\/v2\/product_cat?post=54717"},{"taxonomy":"product_tag","embeddable":true,"href":"https:\/\/serennashop.com\/da\/wp-json\/wp\/v2\/product_tag?post=54717"}],"curies":[{"name":"wp","href":"https:\/\/api.w.org\/{rel}","templated":true}]}}