{"id":54703,"date":"2026-01-10T22:58:16","date_gmt":"2026-01-10T20:58:16","guid":{"rendered":"https:\/\/serennashop.com\/prod\/jeanne-piaubert-jeanne-piaubert-100-ml\/"},"modified":"2026-03-26T00:06:11","modified_gmt":"2026-03-25T22:06:11","slug":"jeanne-piaubert-jeanne-piaubert-100-ml","status":"publish","type":"product","link":"https:\/\/serennashop.com\/da\/prod\/jeanne-piaubert-jeanne-piaubert-100-ml\/","title":{"rendered":"Jeanne Piaubert Barberingsbalsam Jeanne Piaubert 100 ml"},"content":{"rendered":"<p>Aftershave Balm Methode for Men Jeanne Piaubert (100 ml) er et eksklusivt produkt af h\u00f8jeste kvalitet til kropspleje. Hvis du er p\u00e5 udkig efter de bedste produkter til personlig hygiejne, er 100 % autentiske Jeanne Piaubert-produkter lige det, du har brug for.<\/p>\n<p><b>B\u00e1lsamo Aftershave Jeanne Piaubert M\u00e9thode For Men<\/b> er et produkt, der er specielt designet til m\u00e6nds pleje efter barbering, <b>og<\/b> som kombinerer effektivitet og komfort i en <b>100 ml<\/b>-pakke. Denne aftershave-balsam, der er fremstillet ud fra en kombination af spanske og franske kosmetiske traditioner, har <b>beroligende<\/b> egenskaber, der lindrer irriteret hud efter barbering og hj\u00e6lper med at reducere ubehag og r\u00f8dme. Den bl\u00f8de tekstur absorberes hurtigt og giver n\u00e6rende fugt, der hj\u00e6lper med at holde ansigtshuden i god stand efter daglig barbering. Denne balsam, der er en del af <b>M\u00e9thode For Men<\/b>-serien, er et effektivt produkt af h\u00f8j kvalitet til m\u00e6nd, der s\u00f8ger effektiv pleje, der forbereder og beskytter huden p\u00e5 daglig basis. Dens formel er designet til at beskytte og genoprette hudens beskyttende lag, hvilket er afg\u00f8rende for at forhindre t\u00f8rhed og stramhed efter barbering. Samlet set er <b>B\u00e1lsamo Aftershave Jeanne Piaubert<\/b> et p\u00e5lideligt valg til at berolige, bl\u00f8dg\u00f8re og pleje huden efter barbering som en del af en personlig plejerutine for m\u00e6nd, der l\u00e6gger v\u00e6gt p\u00e5 effektivitet og komfort.<\/p>\n<p>\u00a0<\/p>\n<ul>\n<li>K\u00f8n: M\u00e6nd<\/li>\n<li>Indhold: 100 ml<\/li>\n<li>Type\n<ul>\n<li>After Shave Balm<\/li>\n<li>After Shave<\/li>\n<\/ul>\n<\/li>\n<li>Duftnavn: Methode For Men<\/li>\n<\/ul>\n","protected":false},"excerpt":{"rendered":"<p><span class=\"unit-info\">23.0000 \u20ac \/ 100 ml<\/span><\/p>\n","protected":false},"featured_media":72964,"comment_status":"open","ping_status":"closed","template":"","meta":[],"product_brand":[],"product_cat":[1589,868],"product_tag":[871],"class_list":{"0":"post-54703","1":"product","2":"type-product","3":"status-publish","4":"has-post-thumbnail","6":"product_cat-produkter-til-maend","7":"product_cat-skon","8":"product_tag-tag_217","10":"first","11":"instock","12":"taxable","13":"shipping-taxable","14":"purchasable","15":"product-type-simple"},"yoast_head":"<!-- This site is optimized with the Yoast SEO plugin v27.4 - https:\/\/yoast.com\/product\/yoast-seo-wordpress\/ -->\n<title>Jeanne Piaubert Barberingsbalsam Jeanne Piaubert 100 ml - Serenna<\/title>\n<meta name=\"robots\" content=\"index, follow, max-snippet:-1, max-image-preview:large, max-video-preview:-1\" \/>\n<link rel=\"canonical\" href=\"https:\/\/serennashop.com\/da\/prod\/jeanne-piaubert-jeanne-piaubert-100-ml\/\" \/>\n<meta property=\"og:locale\" content=\"da_DK\" \/>\n<meta property=\"og:type\" content=\"article\" \/>\n<meta property=\"og:title\" content=\"Jeanne Piaubert Barberingsbalsam Jeanne Piaubert 100 ml - Serenna\" \/>\n<meta property=\"og:description\" content=\"23.0000 \u20ac \/ 100 ml\" \/>\n<meta property=\"og:url\" content=\"https:\/\/serennashop.com\/da\/prod\/jeanne-piaubert-jeanne-piaubert-100-ml\/\" \/>\n<meta property=\"og:site_name\" content=\"Serenna\" \/>\n<meta property=\"article:publisher\" content=\"https:\/\/www.facebook.com\/serennadecor\" \/>\n<meta property=\"article:modified_time\" content=\"2026-03-25T22:06:11+00:00\" \/>\n<meta property=\"og:image\" content=\"https:\/\/serennashop.com\/wp-content\/uploads\/2026\/02\/import_images-2021042711004701-1.jpg\" \/>\n\t<meta property=\"og:image:width\" content=\"1200\" \/>\n\t<meta property=\"og:image:height\" content=\"1200\" \/>\n\t<meta property=\"og:image:type\" content=\"image\/jpeg\" \/>\n<meta name=\"twitter:card\" content=\"summary_large_image\" \/>\n<meta name=\"twitter:label1\" content=\"Estimeret l\u00e6setid\" \/>\n\t<meta name=\"twitter:data1\" content=\"2 minutter\" \/>\n<script type=\"application\/ld+json\" class=\"yoast-schema-graph\">{\"@context\":\"https:\\\/\\\/schema.org\",\"@graph\":[{\"@type\":\"WebPage\",\"@id\":\"https:\\\/\\\/serennashop.com\\\/da\\\/prod\\\/jeanne-piaubert-jeanne-piaubert-100-ml\\\/\",\"url\":\"https:\\\/\\\/serennashop.com\\\/da\\\/prod\\\/jeanne-piaubert-jeanne-piaubert-100-ml\\\/\",\"name\":\"Jeanne Piaubert Barberingsbalsam Jeanne Piaubert 100 ml - Serenna\",\"isPartOf\":{\"@id\":\"https:\\\/\\\/serennashop.com\\\/da\\\/#website\"},\"primaryImageOfPage\":{\"@id\":\"https:\\\/\\\/serennashop.com\\\/da\\\/prod\\\/jeanne-piaubert-jeanne-piaubert-100-ml\\\/#primaryimage\"},\"image\":{\"@id\":\"https:\\\/\\\/serennashop.com\\\/da\\\/prod\\\/jeanne-piaubert-jeanne-piaubert-100-ml\\\/#primaryimage\"},\"thumbnailUrl\":\"https:\\\/\\\/serennashop.com\\\/wp-content\\\/uploads\\\/2026\\\/04\\\/import_images-2021042711004701.jpg\",\"datePublished\":\"2026-01-10T20:58:16+00:00\",\"dateModified\":\"2026-03-25T22:06:11+00:00\",\"breadcrumb\":{\"@id\":\"https:\\\/\\\/serennashop.com\\\/da\\\/prod\\\/jeanne-piaubert-jeanne-piaubert-100-ml\\\/#breadcrumb\"},\"inLanguage\":\"da-DK\",\"potentialAction\":[{\"@type\":\"ReadAction\",\"target\":[\"https:\\\/\\\/serennashop.com\\\/da\\\/prod\\\/jeanne-piaubert-jeanne-piaubert-100-ml\\\/\"]}]},{\"@type\":\"ImageObject\",\"inLanguage\":\"da-DK\",\"@id\":\"https:\\\/\\\/serennashop.com\\\/da\\\/prod\\\/jeanne-piaubert-jeanne-piaubert-100-ml\\\/#primaryimage\",\"url\":\"https:\\\/\\\/serennashop.com\\\/wp-content\\\/uploads\\\/2026\\\/04\\\/import_images-2021042711004701.jpg\",\"contentUrl\":\"https:\\\/\\\/serennashop.com\\\/wp-content\\\/uploads\\\/2026\\\/04\\\/import_images-2021042711004701.jpg\",\"width\":1200,\"height\":1200,\"caption\":\"S0584419_0\"},{\"@type\":\"BreadcrumbList\",\"@id\":\"https:\\\/\\\/serennashop.com\\\/da\\\/prod\\\/jeanne-piaubert-jeanne-piaubert-100-ml\\\/#breadcrumb\",\"itemListElement\":[{\"@type\":\"ListItem\",\"position\":1,\"name\":\"Etusivu\",\"item\":\"https:\\\/\\\/serennashop.com\\\/da\\\/\"},{\"@type\":\"ListItem\",\"position\":2,\"name\":\"Handel\",\"item\":\"https:\\\/\\\/serennashop.com\\\/da\\\/shop\\\/\"},{\"@type\":\"ListItem\",\"position\":3,\"name\":\"Jeanne Piaubert Barberingsbalsam Jeanne Piaubert 100 ml\"}]},{\"@type\":\"WebSite\",\"@id\":\"https:\\\/\\\/serennashop.com\\\/da\\\/#website\",\"url\":\"https:\\\/\\\/serennashop.com\\\/da\\\/\",\"name\":\"Serenna\",\"description\":\"\",\"publisher\":{\"@id\":\"https:\\\/\\\/serennashop.com\\\/da\\\/#organization\"},\"potentialAction\":[{\"@type\":\"SearchAction\",\"target\":{\"@type\":\"EntryPoint\",\"urlTemplate\":\"https:\\\/\\\/serennashop.com\\\/da\\\/?s={search_term_string}\"},\"query-input\":{\"@type\":\"PropertyValueSpecification\",\"valueRequired\":true,\"valueName\":\"search_term_string\"}}],\"inLanguage\":\"da-DK\"},{\"@type\":\"Organization\",\"@id\":\"https:\\\/\\\/serennashop.com\\\/da\\\/#organization\",\"name\":\"Serenna\",\"url\":\"https:\\\/\\\/serennashop.com\\\/da\\\/\",\"logo\":{\"@type\":\"ImageObject\",\"inLanguage\":\"da-DK\",\"@id\":\"https:\\\/\\\/serennashop.com\\\/da\\\/#\\\/schema\\\/logo\\\/image\\\/\",\"url\":\"https:\\\/\\\/www.serenna.fi\\\/wp-content\\\/uploads\\\/2025\\\/12\\\/serenna-logo2.png\",\"contentUrl\":\"https:\\\/\\\/www.serenna.fi\\\/wp-content\\\/uploads\\\/2025\\\/12\\\/serenna-logo2.png\",\"width\":2383,\"height\":317,\"caption\":\"Serenna\"},\"image\":{\"@id\":\"https:\\\/\\\/serennashop.com\\\/da\\\/#\\\/schema\\\/logo\\\/image\\\/\"},\"sameAs\":[\"https:\\\/\\\/www.facebook.com\\\/serennadecor\",\"https:\\\/\\\/www.instagram.com\\\/serennadecor\"]}]}<\/script>\n<!-- \/ Yoast SEO plugin. -->","yoast_head_json":{"title":"Jeanne Piaubert Barberingsbalsam Jeanne Piaubert 100 ml - Serenna","robots":{"index":"index","follow":"follow","max-snippet":"max-snippet:-1","max-image-preview":"max-image-preview:large","max-video-preview":"max-video-preview:-1"},"canonical":"https:\/\/serennashop.com\/da\/prod\/jeanne-piaubert-jeanne-piaubert-100-ml\/","og_locale":"da_DK","og_type":"article","og_title":"Jeanne Piaubert Barberingsbalsam Jeanne Piaubert 100 ml - Serenna","og_description":"23.0000 \u20ac \/ 100 ml","og_url":"https:\/\/serennashop.com\/da\/prod\/jeanne-piaubert-jeanne-piaubert-100-ml\/","og_site_name":"Serenna","article_publisher":"https:\/\/www.facebook.com\/serennadecor","article_modified_time":"2026-03-25T22:06:11+00:00","og_image":[{"width":1200,"height":1200,"url":"https:\/\/serennashop.com\/wp-content\/uploads\/2026\/02\/import_images-2021042711004701-1.jpg","type":"image\/jpeg"}],"twitter_card":"summary_large_image","twitter_misc":{"Estimeret l\u00e6setid":"2 minutter"},"schema":{"@context":"https:\/\/schema.org","@graph":[{"@type":"WebPage","@id":"https:\/\/serennashop.com\/da\/prod\/jeanne-piaubert-jeanne-piaubert-100-ml\/","url":"https:\/\/serennashop.com\/da\/prod\/jeanne-piaubert-jeanne-piaubert-100-ml\/","name":"Jeanne Piaubert Barberingsbalsam Jeanne Piaubert 100 ml - Serenna","isPartOf":{"@id":"https:\/\/serennashop.com\/da\/#website"},"primaryImageOfPage":{"@id":"https:\/\/serennashop.com\/da\/prod\/jeanne-piaubert-jeanne-piaubert-100-ml\/#primaryimage"},"image":{"@id":"https:\/\/serennashop.com\/da\/prod\/jeanne-piaubert-jeanne-piaubert-100-ml\/#primaryimage"},"thumbnailUrl":"https:\/\/serennashop.com\/wp-content\/uploads\/2026\/04\/import_images-2021042711004701.jpg","datePublished":"2026-01-10T20:58:16+00:00","dateModified":"2026-03-25T22:06:11+00:00","breadcrumb":{"@id":"https:\/\/serennashop.com\/da\/prod\/jeanne-piaubert-jeanne-piaubert-100-ml\/#breadcrumb"},"inLanguage":"da-DK","potentialAction":[{"@type":"ReadAction","target":["https:\/\/serennashop.com\/da\/prod\/jeanne-piaubert-jeanne-piaubert-100-ml\/"]}]},{"@type":"ImageObject","inLanguage":"da-DK","@id":"https:\/\/serennashop.com\/da\/prod\/jeanne-piaubert-jeanne-piaubert-100-ml\/#primaryimage","url":"https:\/\/serennashop.com\/wp-content\/uploads\/2026\/04\/import_images-2021042711004701.jpg","contentUrl":"https:\/\/serennashop.com\/wp-content\/uploads\/2026\/04\/import_images-2021042711004701.jpg","width":1200,"height":1200,"caption":"S0584419_0"},{"@type":"BreadcrumbList","@id":"https:\/\/serennashop.com\/da\/prod\/jeanne-piaubert-jeanne-piaubert-100-ml\/#breadcrumb","itemListElement":[{"@type":"ListItem","position":1,"name":"Etusivu","item":"https:\/\/serennashop.com\/da\/"},{"@type":"ListItem","position":2,"name":"Handel","item":"https:\/\/serennashop.com\/da\/shop\/"},{"@type":"ListItem","position":3,"name":"Jeanne Piaubert Barberingsbalsam Jeanne Piaubert 100 ml"}]},{"@type":"WebSite","@id":"https:\/\/serennashop.com\/da\/#website","url":"https:\/\/serennashop.com\/da\/","name":"Serenna","description":"","publisher":{"@id":"https:\/\/serennashop.com\/da\/#organization"},"potentialAction":[{"@type":"SearchAction","target":{"@type":"EntryPoint","urlTemplate":"https:\/\/serennashop.com\/da\/?s={search_term_string}"},"query-input":{"@type":"PropertyValueSpecification","valueRequired":true,"valueName":"search_term_string"}}],"inLanguage":"da-DK"},{"@type":"Organization","@id":"https:\/\/serennashop.com\/da\/#organization","name":"Serenna","url":"https:\/\/serennashop.com\/da\/","logo":{"@type":"ImageObject","inLanguage":"da-DK","@id":"https:\/\/serennashop.com\/da\/#\/schema\/logo\/image\/","url":"https:\/\/www.serenna.fi\/wp-content\/uploads\/2025\/12\/serenna-logo2.png","contentUrl":"https:\/\/www.serenna.fi\/wp-content\/uploads\/2025\/12\/serenna-logo2.png","width":2383,"height":317,"caption":"Serenna"},"image":{"@id":"https:\/\/serennashop.com\/da\/#\/schema\/logo\/image\/"},"sameAs":["https:\/\/www.facebook.com\/serennadecor","https:\/\/www.instagram.com\/serennadecor"]}]}},"_links":{"self":[{"href":"https:\/\/serennashop.com\/da\/wp-json\/wp\/v2\/product\/54703","targetHints":{"allow":["GET"]}}],"collection":[{"href":"https:\/\/serennashop.com\/da\/wp-json\/wp\/v2\/product"}],"about":[{"href":"https:\/\/serennashop.com\/da\/wp-json\/wp\/v2\/types\/product"}],"replies":[{"embeddable":true,"href":"https:\/\/serennashop.com\/da\/wp-json\/wp\/v2\/comments?post=54703"}],"wp:featuredmedia":[{"embeddable":true,"href":"https:\/\/serennashop.com\/da\/wp-json\/wp\/v2\/media\/72964"}],"wp:attachment":[{"href":"https:\/\/serennashop.com\/da\/wp-json\/wp\/v2\/media?parent=54703"}],"wp:term":[{"taxonomy":"product_brand","embeddable":true,"href":"https:\/\/serennashop.com\/da\/wp-json\/wp\/v2\/product_brand?post=54703"},{"taxonomy":"product_cat","embeddable":true,"href":"https:\/\/serennashop.com\/da\/wp-json\/wp\/v2\/product_cat?post=54703"},{"taxonomy":"product_tag","embeddable":true,"href":"https:\/\/serennashop.com\/da\/wp-json\/wp\/v2\/product_tag?post=54703"}],"curies":[{"name":"wp","href":"https:\/\/api.w.org\/{rel}","templated":true}]}}