{"id":54311,"date":"2026-01-09T10:23:23","date_gmt":"2026-01-09T08:23:23","guid":{"rendered":"https:\/\/serennashop.com\/prod\/guess-gu3047-5384x\/"},"modified":"2026-03-26T00:05:48","modified_gmt":"2026-03-25T22:05:48","slug":"guess-gu3047-5384x","status":"publish","type":"product","link":"https:\/\/serennashop.com\/da\/prod\/guess-gu3047-5384x\/","title":{"rendered":"Herre solbriller Guess GU3047 5384X"},"content":{"rendered":"<p><b>Herresolbriller Guess GU3047 5384X<\/b><\/p>\n<ul>\n<li>Type: Herre solbriller<\/li>\n<li>Beskyttelse: 100 % UV-beskyttelse (UV400)<\/li>\n<li>K\u00f8n: Herre<\/li>\n<li>Inkluderer: Inkluderer m\u00e6rketaske<\/li>\n<\/ul>\n<p><strong>Guess solbriller \u2013 modig mode, ikonisk attitude<\/strong><\/p>\n<p>Guess solbriller kombinerer trendy design, glamour\u00f8s elegance og en ungdommelig attitude p\u00e5 en m\u00e5de, der g\u00f8r m\u00e6rket til et af de mest genkendelige navne i modeverdenen. Guess har altid v\u00e6ret en pioner inden for dristig og selvsikker stil \u2013 og dette afspejles ogs\u00e5 i solbrillekollektionen. Hver model er designet til at fremh\u00e6ve personligheden, s\u00e6tte prikken over i&#x27;et p\u00e5 et outfit og tilf\u00f8re hverdagen et strejf af luksus.<\/p>\n<p>Guess solbriller er det perfekte valg for dem, der elsker trendy mode og en poleret stil. Kollektionen omfatter b\u00e5de markante, glamour\u00f8se stel og mere minimalistiske, moderne og elegante modeller. Udvalget omfatter oversized former, cat-eye-stel, aviator-briller og klassiske modeller med lige linjer \u2013 alle med det genkendelige pr\u00e6g fra modehuset Guess.<\/p>\n<p>Linser af h\u00f8j kvalitet tilbyder komfort og beskyttelse, og lette stel sikrer en behagelig pasform hele dagen. Stilfulde detaljer s\u00e5som logoer, metalakcenter og sofistikerede designelementer g\u00f8r disse briller til et elegant tilbeh\u00f8r til enhver lejlighed.<\/p>\n<p><strong>Hvorfor v\u00e6lge solbriller fra Guess?<\/strong><\/p>\n<ul>\n<li>\u2728 Trendy, luksuri\u00f8st design<\/li>\n<li>\ud83c\udf1e UV-beskyttelse i h\u00f8j kvalitet i mange modeller<\/li>\n<li>\ud83d\udc53 Let og behagelig at have p\u00e5<\/li>\n<li>\ud83d\udc8e Ikoniske Guess-detaljer<\/li>\n<li>\ud83d\udc60 Det perfekte valg for den modebevidste<\/li>\n<\/ul>\n<p>\nGuess solbriller er noget for dig, hvis du vil skille dig ud med din stil og tilf\u00f8je et strejf af glamour til dit outfit \u2013 nemt og imponerende.<br \/>\nSkab et modigt og selvsikkert look med Guess&#x27; ikoniske solbriller.<\/p>\n<p>\u00a0<\/p>\n","protected":false},"excerpt":{"rendered":"<p>Herresolbriller Guess GU3047 5384X Type: Herre solbriller Beskyttelse: 100 % UV-beskyttelse (UV400) K\u00f8n: Herre Inkluderer: Inkluderer m\u00e6rketaske<\/p>\n","protected":false},"featured_media":13252,"comment_status":"open","ping_status":"closed","template":"","meta":[],"product_brand":[],"product_cat":[1205,1170],"product_tag":[789,790,1173,726],"class_list":{"0":"post-54311","1":"product","2":"type-product","3":"status-publish","4":"has-post-thumbnail","6":"product_cat-solbriller","7":"product_cat-solbriller-til-maend","8":"product_tag-tag_195","9":"product_tag-tag_189","10":"product_tag-tag_194","11":"product_tag-tag_188","13":"first","14":"instock","15":"taxable","16":"shipping-taxable","17":"purchasable","18":"product-type-simple"},"yoast_head":"<!-- This site is optimized with the Yoast SEO plugin v27.4 - https:\/\/yoast.com\/product\/yoast-seo-wordpress\/ -->\n<title>Herre solbriller Guess GU3047 5384X - Serenna<\/title>\n<meta name=\"description\" content=\"Aurinkolasit \u2013 tyylikk\u00e4\u00e4t ja laadukkaat aurinkolasit miehille. Suojaa silm\u00e4si UV-s\u00e4teilylt\u00e4 ja viimeistele asusi tunnetuilla br\u00e4ndeill\u00e4.\" \/>\n<meta name=\"robots\" content=\"index, follow, max-snippet:-1, max-image-preview:large, max-video-preview:-1\" \/>\n<link rel=\"canonical\" href=\"https:\/\/serennashop.com\/da\/prod\/guess-gu3047-5384x\/\" \/>\n<meta property=\"og:locale\" content=\"da_DK\" \/>\n<meta property=\"og:type\" content=\"article\" \/>\n<meta property=\"og:title\" content=\"Herre solbriller Guess GU3047 5384X - Serenna\" \/>\n<meta property=\"og:description\" content=\"Aurinkolasit \u2013 tyylikk\u00e4\u00e4t ja laadukkaat aurinkolasit miehille. Suojaa silm\u00e4si UV-s\u00e4teilylt\u00e4 ja viimeistele asusi tunnetuilla br\u00e4ndeill\u00e4.\" \/>\n<meta property=\"og:url\" content=\"https:\/\/serennashop.com\/da\/prod\/guess-gu3047-5384x\/\" \/>\n<meta property=\"og:site_name\" content=\"Serenna\" \/>\n<meta property=\"article:publisher\" content=\"https:\/\/www.facebook.com\/serennadecor\" \/>\n<meta property=\"article:modified_time\" content=\"2026-03-25T22:05:48+00:00\" \/>\n<meta property=\"og:image\" content=\"https:\/\/serennashop.com\/wp-content\/uploads\/2026\/01\/0889214045867_S7234353_P01.jpg\" \/>\n\t<meta property=\"og:image:width\" content=\"1200\" \/>\n\t<meta property=\"og:image:height\" content=\"1200\" \/>\n\t<meta property=\"og:image:type\" content=\"image\/jpeg\" \/>\n<meta name=\"twitter:card\" content=\"summary_large_image\" \/>\n<meta name=\"twitter:label1\" content=\"Estimeret l\u00e6setid\" \/>\n\t<meta name=\"twitter:data1\" content=\"1 minut\" \/>\n<script type=\"application\/ld+json\" class=\"yoast-schema-graph\">{\"@context\":\"https:\\\/\\\/schema.org\",\"@graph\":[{\"@type\":\"WebPage\",\"@id\":\"https:\\\/\\\/serennashop.com\\\/da\\\/prod\\\/guess-gu3047-5384x\\\/\",\"url\":\"https:\\\/\\\/serennashop.com\\\/da\\\/prod\\\/guess-gu3047-5384x\\\/\",\"name\":\"Herre solbriller Guess GU3047 5384X - Serenna\",\"isPartOf\":{\"@id\":\"https:\\\/\\\/serennashop.com\\\/da\\\/#website\"},\"primaryImageOfPage\":{\"@id\":\"https:\\\/\\\/serennashop.com\\\/da\\\/prod\\\/guess-gu3047-5384x\\\/#primaryimage\"},\"image\":{\"@id\":\"https:\\\/\\\/serennashop.com\\\/da\\\/prod\\\/guess-gu3047-5384x\\\/#primaryimage\"},\"thumbnailUrl\":\"https:\\\/\\\/serennashop.com\\\/wp-content\\\/uploads\\\/2026\\\/01\\\/0889214045867_S7234353_P01.jpg\",\"datePublished\":\"2026-01-09T08:23:23+00:00\",\"dateModified\":\"2026-03-25T22:05:48+00:00\",\"description\":\"Aurinkolasit \u2013 tyylikk\u00e4\u00e4t ja laadukkaat aurinkolasit miehille. Suojaa silm\u00e4si UV-s\u00e4teilylt\u00e4 ja viimeistele asusi tunnetuilla br\u00e4ndeill\u00e4.\",\"breadcrumb\":{\"@id\":\"https:\\\/\\\/serennashop.com\\\/da\\\/prod\\\/guess-gu3047-5384x\\\/#breadcrumb\"},\"inLanguage\":\"da-DK\",\"potentialAction\":[{\"@type\":\"ReadAction\",\"target\":[\"https:\\\/\\\/serennashop.com\\\/da\\\/prod\\\/guess-gu3047-5384x\\\/\"]}]},{\"@type\":\"ImageObject\",\"inLanguage\":\"da-DK\",\"@id\":\"https:\\\/\\\/serennashop.com\\\/da\\\/prod\\\/guess-gu3047-5384x\\\/#primaryimage\",\"url\":\"https:\\\/\\\/serennashop.com\\\/wp-content\\\/uploads\\\/2026\\\/01\\\/0889214045867_S7234353_P01.jpg\",\"contentUrl\":\"https:\\\/\\\/serennashop.com\\\/wp-content\\\/uploads\\\/2026\\\/01\\\/0889214045867_S7234353_P01.jpg\",\"width\":1200,\"height\":1200,\"caption\":\"S7234353_0\"},{\"@type\":\"BreadcrumbList\",\"@id\":\"https:\\\/\\\/serennashop.com\\\/da\\\/prod\\\/guess-gu3047-5384x\\\/#breadcrumb\",\"itemListElement\":[{\"@type\":\"ListItem\",\"position\":1,\"name\":\"Etusivu\",\"item\":\"https:\\\/\\\/serennashop.com\\\/da\\\/\"},{\"@type\":\"ListItem\",\"position\":2,\"name\":\"Handel\",\"item\":\"https:\\\/\\\/serennashop.com\\\/da\\\/shop\\\/\"},{\"@type\":\"ListItem\",\"position\":3,\"name\":\"Herre solbriller Guess GU3047 5384X\"}]},{\"@type\":\"WebSite\",\"@id\":\"https:\\\/\\\/serennashop.com\\\/da\\\/#website\",\"url\":\"https:\\\/\\\/serennashop.com\\\/da\\\/\",\"name\":\"Serenna\",\"description\":\"\",\"publisher\":{\"@id\":\"https:\\\/\\\/serennashop.com\\\/da\\\/#organization\"},\"potentialAction\":[{\"@type\":\"SearchAction\",\"target\":{\"@type\":\"EntryPoint\",\"urlTemplate\":\"https:\\\/\\\/serennashop.com\\\/da\\\/?s={search_term_string}\"},\"query-input\":{\"@type\":\"PropertyValueSpecification\",\"valueRequired\":true,\"valueName\":\"search_term_string\"}}],\"inLanguage\":\"da-DK\"},{\"@type\":\"Organization\",\"@id\":\"https:\\\/\\\/serennashop.com\\\/da\\\/#organization\",\"name\":\"Serenna\",\"url\":\"https:\\\/\\\/serennashop.com\\\/da\\\/\",\"logo\":{\"@type\":\"ImageObject\",\"inLanguage\":\"da-DK\",\"@id\":\"https:\\\/\\\/serennashop.com\\\/da\\\/#\\\/schema\\\/logo\\\/image\\\/\",\"url\":\"https:\\\/\\\/www.serenna.fi\\\/wp-content\\\/uploads\\\/2025\\\/12\\\/serenna-logo2.png\",\"contentUrl\":\"https:\\\/\\\/www.serenna.fi\\\/wp-content\\\/uploads\\\/2025\\\/12\\\/serenna-logo2.png\",\"width\":2383,\"height\":317,\"caption\":\"Serenna\"},\"image\":{\"@id\":\"https:\\\/\\\/serennashop.com\\\/da\\\/#\\\/schema\\\/logo\\\/image\\\/\"},\"sameAs\":[\"https:\\\/\\\/www.facebook.com\\\/serennadecor\",\"https:\\\/\\\/www.instagram.com\\\/serennadecor\"]}]}<\/script>\n<!-- \/ Yoast SEO plugin. -->","yoast_head_json":{"title":"Herre solbriller Guess GU3047 5384X - Serenna","description":"Aurinkolasit \u2013 tyylikk\u00e4\u00e4t ja laadukkaat aurinkolasit miehille. Suojaa silm\u00e4si UV-s\u00e4teilylt\u00e4 ja viimeistele asusi tunnetuilla br\u00e4ndeill\u00e4.","robots":{"index":"index","follow":"follow","max-snippet":"max-snippet:-1","max-image-preview":"max-image-preview:large","max-video-preview":"max-video-preview:-1"},"canonical":"https:\/\/serennashop.com\/da\/prod\/guess-gu3047-5384x\/","og_locale":"da_DK","og_type":"article","og_title":"Herre solbriller Guess GU3047 5384X - Serenna","og_description":"Aurinkolasit \u2013 tyylikk\u00e4\u00e4t ja laadukkaat aurinkolasit miehille. Suojaa silm\u00e4si UV-s\u00e4teilylt\u00e4 ja viimeistele asusi tunnetuilla br\u00e4ndeill\u00e4.","og_url":"https:\/\/serennashop.com\/da\/prod\/guess-gu3047-5384x\/","og_site_name":"Serenna","article_publisher":"https:\/\/www.facebook.com\/serennadecor","article_modified_time":"2026-03-25T22:05:48+00:00","og_image":[{"width":1200,"height":1200,"url":"https:\/\/serennashop.com\/wp-content\/uploads\/2026\/01\/0889214045867_S7234353_P01.jpg","type":"image\/jpeg"}],"twitter_card":"summary_large_image","twitter_misc":{"Estimeret l\u00e6setid":"1 minut"},"schema":{"@context":"https:\/\/schema.org","@graph":[{"@type":"WebPage","@id":"https:\/\/serennashop.com\/da\/prod\/guess-gu3047-5384x\/","url":"https:\/\/serennashop.com\/da\/prod\/guess-gu3047-5384x\/","name":"Herre solbriller Guess GU3047 5384X - Serenna","isPartOf":{"@id":"https:\/\/serennashop.com\/da\/#website"},"primaryImageOfPage":{"@id":"https:\/\/serennashop.com\/da\/prod\/guess-gu3047-5384x\/#primaryimage"},"image":{"@id":"https:\/\/serennashop.com\/da\/prod\/guess-gu3047-5384x\/#primaryimage"},"thumbnailUrl":"https:\/\/serennashop.com\/wp-content\/uploads\/2026\/01\/0889214045867_S7234353_P01.jpg","datePublished":"2026-01-09T08:23:23+00:00","dateModified":"2026-03-25T22:05:48+00:00","description":"Aurinkolasit \u2013 tyylikk\u00e4\u00e4t ja laadukkaat aurinkolasit miehille. Suojaa silm\u00e4si UV-s\u00e4teilylt\u00e4 ja viimeistele asusi tunnetuilla br\u00e4ndeill\u00e4.","breadcrumb":{"@id":"https:\/\/serennashop.com\/da\/prod\/guess-gu3047-5384x\/#breadcrumb"},"inLanguage":"da-DK","potentialAction":[{"@type":"ReadAction","target":["https:\/\/serennashop.com\/da\/prod\/guess-gu3047-5384x\/"]}]},{"@type":"ImageObject","inLanguage":"da-DK","@id":"https:\/\/serennashop.com\/da\/prod\/guess-gu3047-5384x\/#primaryimage","url":"https:\/\/serennashop.com\/wp-content\/uploads\/2026\/01\/0889214045867_S7234353_P01.jpg","contentUrl":"https:\/\/serennashop.com\/wp-content\/uploads\/2026\/01\/0889214045867_S7234353_P01.jpg","width":1200,"height":1200,"caption":"S7234353_0"},{"@type":"BreadcrumbList","@id":"https:\/\/serennashop.com\/da\/prod\/guess-gu3047-5384x\/#breadcrumb","itemListElement":[{"@type":"ListItem","position":1,"name":"Etusivu","item":"https:\/\/serennashop.com\/da\/"},{"@type":"ListItem","position":2,"name":"Handel","item":"https:\/\/serennashop.com\/da\/shop\/"},{"@type":"ListItem","position":3,"name":"Herre solbriller Guess GU3047 5384X"}]},{"@type":"WebSite","@id":"https:\/\/serennashop.com\/da\/#website","url":"https:\/\/serennashop.com\/da\/","name":"Serenna","description":"","publisher":{"@id":"https:\/\/serennashop.com\/da\/#organization"},"potentialAction":[{"@type":"SearchAction","target":{"@type":"EntryPoint","urlTemplate":"https:\/\/serennashop.com\/da\/?s={search_term_string}"},"query-input":{"@type":"PropertyValueSpecification","valueRequired":true,"valueName":"search_term_string"}}],"inLanguage":"da-DK"},{"@type":"Organization","@id":"https:\/\/serennashop.com\/da\/#organization","name":"Serenna","url":"https:\/\/serennashop.com\/da\/","logo":{"@type":"ImageObject","inLanguage":"da-DK","@id":"https:\/\/serennashop.com\/da\/#\/schema\/logo\/image\/","url":"https:\/\/www.serenna.fi\/wp-content\/uploads\/2025\/12\/serenna-logo2.png","contentUrl":"https:\/\/www.serenna.fi\/wp-content\/uploads\/2025\/12\/serenna-logo2.png","width":2383,"height":317,"caption":"Serenna"},"image":{"@id":"https:\/\/serennashop.com\/da\/#\/schema\/logo\/image\/"},"sameAs":["https:\/\/www.facebook.com\/serennadecor","https:\/\/www.instagram.com\/serennadecor"]}]}},"_links":{"self":[{"href":"https:\/\/serennashop.com\/da\/wp-json\/wp\/v2\/product\/54311","targetHints":{"allow":["GET"]}}],"collection":[{"href":"https:\/\/serennashop.com\/da\/wp-json\/wp\/v2\/product"}],"about":[{"href":"https:\/\/serennashop.com\/da\/wp-json\/wp\/v2\/types\/product"}],"replies":[{"embeddable":true,"href":"https:\/\/serennashop.com\/da\/wp-json\/wp\/v2\/comments?post=54311"}],"wp:featuredmedia":[{"embeddable":true,"href":"https:\/\/serennashop.com\/da\/wp-json\/wp\/v2\/media\/13252"}],"wp:attachment":[{"href":"https:\/\/serennashop.com\/da\/wp-json\/wp\/v2\/media?parent=54311"}],"wp:term":[{"taxonomy":"product_brand","embeddable":true,"href":"https:\/\/serennashop.com\/da\/wp-json\/wp\/v2\/product_brand?post=54311"},{"taxonomy":"product_cat","embeddable":true,"href":"https:\/\/serennashop.com\/da\/wp-json\/wp\/v2\/product_cat?post=54311"},{"taxonomy":"product_tag","embeddable":true,"href":"https:\/\/serennashop.com\/da\/wp-json\/wp\/v2\/product_tag?post=54311"}],"curies":[{"name":"wp","href":"https:\/\/api.w.org\/{rel}","templated":true}]}}