{"id":53128,"date":"2026-01-07T21:53:17","date_gmt":"2026-01-07T19:53:17","guid":{"rendered":"https:\/\/serennashop.com\/prod\/citizen-tsuyosa-automatic-o-40-mm-2\/"},"modified":"2026-03-26T00:05:23","modified_gmt":"2026-03-25T22:05:23","slug":"citizen-tsuyosa-automatic-o-40-mm-2","status":"publish","type":"product","link":"https:\/\/serennashop.com\/da\/prod\/citizen-tsuyosa-automatic-o-40-mm-2\/","title":{"rendered":"Herrearmb\u00e5ndsur Citizen TSUYOSA AUTOMATIC S\u00f8lv (\u00d8 40 mm)"},"content":{"rendered":"<p><strong>Herreur Citizen TSUYOSA AUTOMATIC S\u00f8lv (\u00d8 40 mm)<\/strong><\/p>\n<ul>\n<li>K\u00f8n: Herre<\/li>\n<li>Ekstra led: Nej<\/li>\n<li>Urtype: Armb\u00e5ndsur<\/li>\n<li>Funktioner: Dato<\/li>\n<li>Remfarve: Rustfrit st\u00e5l<\/li>\n<li>Inkluderet: Inkluderet m\u00e6rketaske<\/li>\n<li>Vandt\u00e6thed: 5 atm<\/li>\n<li>Glas: Safir<\/li>\n<li>Urv\u00e6rkstype:\n<ul>\n<li>Automatisk<\/li>\n<li>Kvarts<\/li>\n<\/ul>\n<\/li>\n<li>Kasse diameter: \u00d8 40 mm<\/li>\n<li>Farve: S\u00f8lv<\/li>\n<li>Design: Dame<\/li>\n<\/ul>\n<p><strong>Citizen armb\u00e5ndsure \u2013 japansk banebrydende teknologi, tidl\u00f8st stilfuldt design og p\u00e5lidelig n\u00f8jagtighed<\/strong><\/p>\n<p>Citizen armb\u00e5ndsure repr\u00e6senterer det ypperste inden for urmageri og kombinerer avanceret teknologi, n\u00f8jagtig tidtagning og tidl\u00f8st design. <strong>Citizen<\/strong> er en af verdens mest respekterede urproducenter, der is\u00e6r er kendt for sine innovationer, holdbarhed og kompromisl\u00f8se kvalitet. Citizen-ure er designet til mennesker, der v\u00e6rds\u00e6tter funktionalitet, holdbarhed og omhyggelig finish \u2013 uden un\u00f8dvendig prang.<\/p>\n<p>Citizen armb\u00e5ndsure har alsidige og gennemt\u00e6nkte designs. Kollektionen omfatter elegante dressure, sporty kronografer, praktiske hverdagsure og teknisk avancerede modeller designet til udend\u00f8rs og professionel brug. F\u00e6lles for alle Citizen-ure er klar l\u00e6sbarhed, afbalanceret design og tidl\u00f8s \u00e6stetik, der modst\u00e5r tidens og trendernes pr\u00f8ve.<\/p>\n<p>En af Citizens mest kendte styrker er dens teknologi. M\u00e6rket er is\u00e6r ber\u00f8mt <strong>for sin Eco-Drive-teknologi<\/strong>, der g\u00f8r det muligt for uret at k\u00f8re p\u00e5 lys uden behov for batteriskift. Dette g\u00f8r Citizen-ure milj\u00f8venlige, vedligeholdelsesfri og ekstremt p\u00e5lidelige. Derudover har mange modeller vandt\u00e6thed, safirglas, radiostyret tid, kronograf eller verdens tid \u2013 praktiske funktioner til kr\u00e6vende brug.<\/p>\n<p><strong>Hvorfor v\u00e6lge et Citizen-armb\u00e5ndsur?<\/strong><\/p>\n<ul>\n<li>\u231a Japansk ekspertise inden for urmageri<\/li>\n<li>\ud83c\udf1e Eco-Drive-teknologi \u2013 drevet af lys, ingen batteriskift<\/li>\n<li>\ud83d\udee0\ufe0f Ekstremt p\u00e5lidelig og pr\u00e6cis tidtagning<\/li>\n<li>\ud83d\udca7 Holdbar konstruktion og alsidige funktioner<\/li>\n<li>\ud83c\udf0d Globalt anerkendt premium-brand<\/li>\n<\/ul>\n<p>Et Citizen-armb\u00e5ndsur er det perfekte valg for dem, der s\u00f8ger et holdbart, teknisk avanceret og stilfuldt ur til daglig brug eller mere kr\u00e6vende brug. Citizen holder ikke bare tiden \u2013 det definerer den.<\/p>\n","protected":false},"excerpt":{"rendered":"<p>Herreur Citizen TSUYOSA AUTOMATIC S\u00f8lv (\u00d8 40 mm) K\u00f8n: Herre Ekstra led: Nej Urtype: Armb\u00e5ndsur Funktioner: Dato Remfarve: Rustfrit st\u00e5l Inkluderet: Inkluderet m\u00e6rketaske Vandt\u00e6thed: 5 atm Glas: Safir Urv\u00e6rkstype: Automatisk Kvarts Kasse diameter: \u00d8 40 mm Farve: S\u00f8lv Design: Dame<\/p>\n","protected":false},"featured_media":11756,"comment_status":"open","ping_status":"closed","template":"","meta":[],"product_brand":[],"product_cat":[1211,1212],"product_tag":[790,726],"class_list":{"0":"post-53128","1":"product","2":"type-product","3":"status-publish","4":"has-post-thumbnail","6":"product_cat-armbandsure","7":"product_cat-herreur","8":"product_tag-tag_189","9":"product_tag-tag_188","11":"first","12":"instock","13":"taxable","14":"shipping-taxable","15":"purchasable","16":"product-type-simple"},"yoast_head":"<!-- This site is optimized with the Yoast SEO plugin v27.4 - https:\/\/yoast.com\/product\/yoast-seo-wordpress\/ -->\n<title>Herrearmb\u00e5ndsur Citizen TSUYOSA AUTOMATIC S\u00f8lv (\u00d8 40 mm) - Serenna<\/title>\n<meta name=\"description\" content=\"Miesten rannekellot yhdist\u00e4v\u00e4t tyylin ja k\u00e4yt\u00e4nn\u00f6llisyyden. Valikoimasta l\u00f6yd\u00e4t ajattomat ja modernit kellot arkeen ja juhlaan.\" \/>\n<meta name=\"robots\" content=\"index, follow, max-snippet:-1, max-image-preview:large, max-video-preview:-1\" \/>\n<link rel=\"canonical\" href=\"https:\/\/serennashop.com\/da\/prod\/citizen-tsuyosa-automatic-o-40-mm-2\/\" \/>\n<meta property=\"og:locale\" content=\"da_DK\" \/>\n<meta property=\"og:type\" content=\"article\" \/>\n<meta property=\"og:title\" content=\"Herrearmb\u00e5ndsur Citizen TSUYOSA AUTOMATIC S\u00f8lv (\u00d8 40 mm) - Serenna\" \/>\n<meta property=\"og:description\" content=\"Miesten rannekellot yhdist\u00e4v\u00e4t tyylin ja k\u00e4yt\u00e4nn\u00f6llisyyden. Valikoimasta l\u00f6yd\u00e4t ajattomat ja modernit kellot arkeen ja juhlaan.\" \/>\n<meta property=\"og:url\" content=\"https:\/\/serennashop.com\/da\/prod\/citizen-tsuyosa-automatic-o-40-mm-2\/\" \/>\n<meta property=\"og:site_name\" content=\"Serenna\" \/>\n<meta property=\"article:publisher\" content=\"https:\/\/www.facebook.com\/serennadecor\" \/>\n<meta property=\"article:modified_time\" content=\"2026-03-25T22:05:23+00:00\" \/>\n<meta property=\"og:image\" content=\"https:\/\/serennashop.com\/wp-content\/uploads\/2026\/01\/8018225036737_S7273484_P01.jpg\" \/>\n\t<meta property=\"og:image:width\" content=\"1200\" \/>\n\t<meta property=\"og:image:height\" content=\"1200\" \/>\n\t<meta property=\"og:image:type\" content=\"image\/jpeg\" \/>\n<meta name=\"twitter:card\" content=\"summary_large_image\" \/>\n<meta name=\"twitter:label1\" content=\"Estimeret l\u00e6setid\" \/>\n\t<meta name=\"twitter:data1\" content=\"1 minut\" \/>\n<script type=\"application\/ld+json\" class=\"yoast-schema-graph\">{\"@context\":\"https:\\\/\\\/schema.org\",\"@graph\":[{\"@type\":\"WebPage\",\"@id\":\"https:\\\/\\\/serennashop.com\\\/da\\\/prod\\\/citizen-tsuyosa-automatic-o-40-mm-2\\\/\",\"url\":\"https:\\\/\\\/serennashop.com\\\/da\\\/prod\\\/citizen-tsuyosa-automatic-o-40-mm-2\\\/\",\"name\":\"Herrearmb\u00e5ndsur Citizen TSUYOSA AUTOMATIC S\u00f8lv (\u00d8 40 mm) - Serenna\",\"isPartOf\":{\"@id\":\"https:\\\/\\\/serennashop.com\\\/da\\\/#website\"},\"primaryImageOfPage\":{\"@id\":\"https:\\\/\\\/serennashop.com\\\/da\\\/prod\\\/citizen-tsuyosa-automatic-o-40-mm-2\\\/#primaryimage\"},\"image\":{\"@id\":\"https:\\\/\\\/serennashop.com\\\/da\\\/prod\\\/citizen-tsuyosa-automatic-o-40-mm-2\\\/#primaryimage\"},\"thumbnailUrl\":\"https:\\\/\\\/serennashop.com\\\/wp-content\\\/uploads\\\/2026\\\/01\\\/8018225036737_S7273484_P01.jpg\",\"datePublished\":\"2026-01-07T19:53:17+00:00\",\"dateModified\":\"2026-03-25T22:05:23+00:00\",\"description\":\"Miesten rannekellot yhdist\u00e4v\u00e4t tyylin ja k\u00e4yt\u00e4nn\u00f6llisyyden. Valikoimasta l\u00f6yd\u00e4t ajattomat ja modernit kellot arkeen ja juhlaan.\",\"breadcrumb\":{\"@id\":\"https:\\\/\\\/serennashop.com\\\/da\\\/prod\\\/citizen-tsuyosa-automatic-o-40-mm-2\\\/#breadcrumb\"},\"inLanguage\":\"da-DK\",\"potentialAction\":[{\"@type\":\"ReadAction\",\"target\":[\"https:\\\/\\\/serennashop.com\\\/da\\\/prod\\\/citizen-tsuyosa-automatic-o-40-mm-2\\\/\"]}]},{\"@type\":\"ImageObject\",\"inLanguage\":\"da-DK\",\"@id\":\"https:\\\/\\\/serennashop.com\\\/da\\\/prod\\\/citizen-tsuyosa-automatic-o-40-mm-2\\\/#primaryimage\",\"url\":\"https:\\\/\\\/serennashop.com\\\/wp-content\\\/uploads\\\/2026\\\/01\\\/8018225036737_S7273484_P01.jpg\",\"contentUrl\":\"https:\\\/\\\/serennashop.com\\\/wp-content\\\/uploads\\\/2026\\\/01\\\/8018225036737_S7273484_P01.jpg\",\"width\":1200,\"height\":1200,\"caption\":\"S7273484_0\"},{\"@type\":\"BreadcrumbList\",\"@id\":\"https:\\\/\\\/serennashop.com\\\/da\\\/prod\\\/citizen-tsuyosa-automatic-o-40-mm-2\\\/#breadcrumb\",\"itemListElement\":[{\"@type\":\"ListItem\",\"position\":1,\"name\":\"Etusivu\",\"item\":\"https:\\\/\\\/serennashop.com\\\/da\\\/\"},{\"@type\":\"ListItem\",\"position\":2,\"name\":\"Handel\",\"item\":\"https:\\\/\\\/serennashop.com\\\/da\\\/shop\\\/\"},{\"@type\":\"ListItem\",\"position\":3,\"name\":\"Herrearmb\u00e5ndsur Citizen TSUYOSA AUTOMATIC S\u00f8lv (\u00d8 40 mm)\"}]},{\"@type\":\"WebSite\",\"@id\":\"https:\\\/\\\/serennashop.com\\\/da\\\/#website\",\"url\":\"https:\\\/\\\/serennashop.com\\\/da\\\/\",\"name\":\"Serenna\",\"description\":\"\",\"publisher\":{\"@id\":\"https:\\\/\\\/serennashop.com\\\/da\\\/#organization\"},\"potentialAction\":[{\"@type\":\"SearchAction\",\"target\":{\"@type\":\"EntryPoint\",\"urlTemplate\":\"https:\\\/\\\/serennashop.com\\\/da\\\/?s={search_term_string}\"},\"query-input\":{\"@type\":\"PropertyValueSpecification\",\"valueRequired\":true,\"valueName\":\"search_term_string\"}}],\"inLanguage\":\"da-DK\"},{\"@type\":\"Organization\",\"@id\":\"https:\\\/\\\/serennashop.com\\\/da\\\/#organization\",\"name\":\"Serenna\",\"url\":\"https:\\\/\\\/serennashop.com\\\/da\\\/\",\"logo\":{\"@type\":\"ImageObject\",\"inLanguage\":\"da-DK\",\"@id\":\"https:\\\/\\\/serennashop.com\\\/da\\\/#\\\/schema\\\/logo\\\/image\\\/\",\"url\":\"https:\\\/\\\/www.serenna.fi\\\/wp-content\\\/uploads\\\/2025\\\/12\\\/serenna-logo2.png\",\"contentUrl\":\"https:\\\/\\\/www.serenna.fi\\\/wp-content\\\/uploads\\\/2025\\\/12\\\/serenna-logo2.png\",\"width\":2383,\"height\":317,\"caption\":\"Serenna\"},\"image\":{\"@id\":\"https:\\\/\\\/serennashop.com\\\/da\\\/#\\\/schema\\\/logo\\\/image\\\/\"},\"sameAs\":[\"https:\\\/\\\/www.facebook.com\\\/serennadecor\",\"https:\\\/\\\/www.instagram.com\\\/serennadecor\"]}]}<\/script>\n<!-- \/ Yoast SEO plugin. -->","yoast_head_json":{"title":"Herrearmb\u00e5ndsur Citizen TSUYOSA AUTOMATIC S\u00f8lv (\u00d8 40 mm) - Serenna","description":"Miesten rannekellot yhdist\u00e4v\u00e4t tyylin ja k\u00e4yt\u00e4nn\u00f6llisyyden. Valikoimasta l\u00f6yd\u00e4t ajattomat ja modernit kellot arkeen ja juhlaan.","robots":{"index":"index","follow":"follow","max-snippet":"max-snippet:-1","max-image-preview":"max-image-preview:large","max-video-preview":"max-video-preview:-1"},"canonical":"https:\/\/serennashop.com\/da\/prod\/citizen-tsuyosa-automatic-o-40-mm-2\/","og_locale":"da_DK","og_type":"article","og_title":"Herrearmb\u00e5ndsur Citizen TSUYOSA AUTOMATIC S\u00f8lv (\u00d8 40 mm) - Serenna","og_description":"Miesten rannekellot yhdist\u00e4v\u00e4t tyylin ja k\u00e4yt\u00e4nn\u00f6llisyyden. Valikoimasta l\u00f6yd\u00e4t ajattomat ja modernit kellot arkeen ja juhlaan.","og_url":"https:\/\/serennashop.com\/da\/prod\/citizen-tsuyosa-automatic-o-40-mm-2\/","og_site_name":"Serenna","article_publisher":"https:\/\/www.facebook.com\/serennadecor","article_modified_time":"2026-03-25T22:05:23+00:00","og_image":[{"width":1200,"height":1200,"url":"https:\/\/serennashop.com\/wp-content\/uploads\/2026\/01\/8018225036737_S7273484_P01.jpg","type":"image\/jpeg"}],"twitter_card":"summary_large_image","twitter_misc":{"Estimeret l\u00e6setid":"1 minut"},"schema":{"@context":"https:\/\/schema.org","@graph":[{"@type":"WebPage","@id":"https:\/\/serennashop.com\/da\/prod\/citizen-tsuyosa-automatic-o-40-mm-2\/","url":"https:\/\/serennashop.com\/da\/prod\/citizen-tsuyosa-automatic-o-40-mm-2\/","name":"Herrearmb\u00e5ndsur Citizen TSUYOSA AUTOMATIC S\u00f8lv (\u00d8 40 mm) - Serenna","isPartOf":{"@id":"https:\/\/serennashop.com\/da\/#website"},"primaryImageOfPage":{"@id":"https:\/\/serennashop.com\/da\/prod\/citizen-tsuyosa-automatic-o-40-mm-2\/#primaryimage"},"image":{"@id":"https:\/\/serennashop.com\/da\/prod\/citizen-tsuyosa-automatic-o-40-mm-2\/#primaryimage"},"thumbnailUrl":"https:\/\/serennashop.com\/wp-content\/uploads\/2026\/01\/8018225036737_S7273484_P01.jpg","datePublished":"2026-01-07T19:53:17+00:00","dateModified":"2026-03-25T22:05:23+00:00","description":"Miesten rannekellot yhdist\u00e4v\u00e4t tyylin ja k\u00e4yt\u00e4nn\u00f6llisyyden. Valikoimasta l\u00f6yd\u00e4t ajattomat ja modernit kellot arkeen ja juhlaan.","breadcrumb":{"@id":"https:\/\/serennashop.com\/da\/prod\/citizen-tsuyosa-automatic-o-40-mm-2\/#breadcrumb"},"inLanguage":"da-DK","potentialAction":[{"@type":"ReadAction","target":["https:\/\/serennashop.com\/da\/prod\/citizen-tsuyosa-automatic-o-40-mm-2\/"]}]},{"@type":"ImageObject","inLanguage":"da-DK","@id":"https:\/\/serennashop.com\/da\/prod\/citizen-tsuyosa-automatic-o-40-mm-2\/#primaryimage","url":"https:\/\/serennashop.com\/wp-content\/uploads\/2026\/01\/8018225036737_S7273484_P01.jpg","contentUrl":"https:\/\/serennashop.com\/wp-content\/uploads\/2026\/01\/8018225036737_S7273484_P01.jpg","width":1200,"height":1200,"caption":"S7273484_0"},{"@type":"BreadcrumbList","@id":"https:\/\/serennashop.com\/da\/prod\/citizen-tsuyosa-automatic-o-40-mm-2\/#breadcrumb","itemListElement":[{"@type":"ListItem","position":1,"name":"Etusivu","item":"https:\/\/serennashop.com\/da\/"},{"@type":"ListItem","position":2,"name":"Handel","item":"https:\/\/serennashop.com\/da\/shop\/"},{"@type":"ListItem","position":3,"name":"Herrearmb\u00e5ndsur Citizen TSUYOSA AUTOMATIC S\u00f8lv (\u00d8 40 mm)"}]},{"@type":"WebSite","@id":"https:\/\/serennashop.com\/da\/#website","url":"https:\/\/serennashop.com\/da\/","name":"Serenna","description":"","publisher":{"@id":"https:\/\/serennashop.com\/da\/#organization"},"potentialAction":[{"@type":"SearchAction","target":{"@type":"EntryPoint","urlTemplate":"https:\/\/serennashop.com\/da\/?s={search_term_string}"},"query-input":{"@type":"PropertyValueSpecification","valueRequired":true,"valueName":"search_term_string"}}],"inLanguage":"da-DK"},{"@type":"Organization","@id":"https:\/\/serennashop.com\/da\/#organization","name":"Serenna","url":"https:\/\/serennashop.com\/da\/","logo":{"@type":"ImageObject","inLanguage":"da-DK","@id":"https:\/\/serennashop.com\/da\/#\/schema\/logo\/image\/","url":"https:\/\/www.serenna.fi\/wp-content\/uploads\/2025\/12\/serenna-logo2.png","contentUrl":"https:\/\/www.serenna.fi\/wp-content\/uploads\/2025\/12\/serenna-logo2.png","width":2383,"height":317,"caption":"Serenna"},"image":{"@id":"https:\/\/serennashop.com\/da\/#\/schema\/logo\/image\/"},"sameAs":["https:\/\/www.facebook.com\/serennadecor","https:\/\/www.instagram.com\/serennadecor"]}]}},"_links":{"self":[{"href":"https:\/\/serennashop.com\/da\/wp-json\/wp\/v2\/product\/53128","targetHints":{"allow":["GET"]}}],"collection":[{"href":"https:\/\/serennashop.com\/da\/wp-json\/wp\/v2\/product"}],"about":[{"href":"https:\/\/serennashop.com\/da\/wp-json\/wp\/v2\/types\/product"}],"replies":[{"embeddable":true,"href":"https:\/\/serennashop.com\/da\/wp-json\/wp\/v2\/comments?post=53128"}],"wp:featuredmedia":[{"embeddable":true,"href":"https:\/\/serennashop.com\/da\/wp-json\/wp\/v2\/media\/11756"}],"wp:attachment":[{"href":"https:\/\/serennashop.com\/da\/wp-json\/wp\/v2\/media?parent=53128"}],"wp:term":[{"taxonomy":"product_brand","embeddable":true,"href":"https:\/\/serennashop.com\/da\/wp-json\/wp\/v2\/product_brand?post=53128"},{"taxonomy":"product_cat","embeddable":true,"href":"https:\/\/serennashop.com\/da\/wp-json\/wp\/v2\/product_cat?post=53128"},{"taxonomy":"product_tag","embeddable":true,"href":"https:\/\/serennashop.com\/da\/wp-json\/wp\/v2\/product_tag?post=53128"}],"curies":[{"name":"wp","href":"https:\/\/api.w.org\/{rel}","templated":true}]}}