{"id":53100,"date":"2026-01-07T21:53:09","date_gmt":"2026-01-07T19:53:09","guid":{"rendered":"https:\/\/serennashop.com\/prod\/calvin-klein-accent-o-41-mm\/"},"modified":"2026-03-26T00:05:22","modified_gmt":"2026-03-25T22:05:22","slug":"calvin-klein-accent-o-41-mm","status":"publish","type":"product","link":"https:\/\/serennashop.com\/da\/prod\/calvin-klein-accent-o-41-mm\/","title":{"rendered":"Herreur Calvin Klein ACCENT (\u00d8 41 mm)"},"content":{"rendered":"<p><strong>Herreur Calvin Klein ACCENT (\u00d8 41 mm)<\/strong><\/p>\n<ul>\n<li>K\u00f8n: Herre<\/li>\n<li>Remfarve: L\u00e6der<\/li>\n<li>Vandt\u00e6thed: 3 atm<\/li>\n<li>Glas: Mineral<\/li>\n<li>Inkluderer: Inkluderer m\u00e6rketaske<\/li>\n<li>Urv\u00e6rkstype: Kvarts<\/li>\n<li>Kasse diameter: \u00d8 41 mm<\/li>\n<\/ul>\n<p><strong>Calvin Klein ure \u2013 minimalistisk design og moderne tidl\u00f8shed&nbsp;<\/strong><\/p>\r\n<p>Calvin Klein ure repr\u00e6senterer det rene, moderne design og den tidl\u00f8se stilfulde \u00e6stetik, som <strong>Calvin Klein<\/strong> er kendt for over hele verden. M\u00e6rkets ure er designet til dem, der v\u00e6rds\u00e6tter minimalistisk design, rene linjer og et raffineret look uden un\u00f8dvendige udsmykninger. Et Calvin Klein-ur er ikke bare et ur \u2013 det er en del af et gennemt\u00e6nkt og stilbevidst ensemble.\r\nCalvin Klein-urene har et minimalistisk og elegant design. Urskiverne er klare og lette at afl\u00e6se, og farvepaletten fokuserer p\u00e5 tidl\u00f8se nuancer som sort, hvid, s\u00f8lv, guld og subtile metalliske farver. Serien omfatter b\u00e5de delikate og feminine modeller samt moderne maskuline modeller, ofte med et slankt profil og en let konstruktion, der sidder behageligt p\u00e5 h\u00e5ndleddet.\r\nTeknisk set er Calvin Klein-ure designet til ubekymret daglig brug. De fleste modeller er udstyret med et p\u00e5lideligt kvartsv\u00e6rk, der garanterer n\u00f8jagtig tidtagning og nem brug. Urene er ideelle til arbejde, fritid og mere formelle lejligheder \u2013 deres minimalistiske design g\u00f8r dem nemme at kombinere med forskellige stilarter.\r\nHvorfor v\u00e6lge et Calvin Klein armb\u00e5ndsur?\r\n<ul>\r\n<li>\u231a Tidl\u00f8st og minimalistisk design<\/li>\r\n<li>\u2728 Moderne, elegant og klart designudtryk<\/li>\r\n<li>\ud83d\udc53 Let og behageligt at have p\u00e5<\/li>\r\n<li>\ud83d\udd27 P\u00e5lideligt kvartsv\u00e6rk<\/li>\r\n<li>\ud83c\udf0d Internationalt kendt modem\u00e6rke<\/li>\r\n<\/ul>\r\n<p>Calvin Klein-ure er det perfekte valg for dem, der s\u00e6tter pris p\u00e5 diskret luksus, ren \u00e6stetik og tidl\u00f8se valg. De tilf\u00f8jer en stilfuld finish til ethvert outfit \u2013 uden at tiltr\u00e6kke for meget opm\u00e6rksomhed, men altid lige tilpas.<\/p><\/p>\n","protected":false},"excerpt":{"rendered":"<p>Herreur Calvin Klein ACCENT (\u00d8 41 mm) K\u00f8n: Herre Remfarve: L\u00e6der Vandt\u00e6thed: 3 atm Glas: Mineral Inkluderer: Inkluderer m\u00e6rketaske Urv\u00e6rkstype: Kvarts Kasse diameter: \u00d8 41 mm<\/p>\n","protected":false},"featured_media":11743,"comment_status":"open","ping_status":"closed","template":"","meta":[],"product_brand":[],"product_cat":[1211,1212],"product_tag":[790,726],"class_list":{"0":"post-53100","1":"product","2":"type-product","3":"status-publish","4":"has-post-thumbnail","6":"product_cat-armbandsure","7":"product_cat-herreur","8":"product_tag-tag_189","9":"product_tag-tag_188","11":"first","12":"instock","13":"taxable","14":"shipping-taxable","15":"purchasable","16":"product-type-simple"},"yoast_head":"<!-- This site is optimized with the Yoast SEO plugin v27.4 - https:\/\/yoast.com\/product\/yoast-seo-wordpress\/ -->\n<title>Herreur Calvin Klein ACCENT (\u00d8 41 mm) - Serenna<\/title>\n<meta name=\"description\" content=\"Miesten rannekellot yhdist\u00e4v\u00e4t tyylin ja k\u00e4yt\u00e4nn\u00f6llisyyden. Valikoimasta l\u00f6yd\u00e4t ajattomat ja modernit kellot arkeen ja juhlaan.\" \/>\n<meta name=\"robots\" content=\"index, follow, max-snippet:-1, max-image-preview:large, max-video-preview:-1\" \/>\n<link rel=\"canonical\" href=\"https:\/\/serennashop.com\/da\/prod\/calvin-klein-accent-o-41-mm\/\" \/>\n<meta property=\"og:locale\" content=\"da_DK\" \/>\n<meta property=\"og:type\" content=\"article\" \/>\n<meta property=\"og:title\" content=\"Herreur Calvin Klein ACCENT (\u00d8 41 mm) - Serenna\" \/>\n<meta property=\"og:description\" content=\"Miesten rannekellot yhdist\u00e4v\u00e4t tyylin ja k\u00e4yt\u00e4nn\u00f6llisyyden. Valikoimasta l\u00f6yd\u00e4t ajattomat ja modernit kellot arkeen ja juhlaan.\" \/>\n<meta property=\"og:url\" content=\"https:\/\/serennashop.com\/da\/prod\/calvin-klein-accent-o-41-mm\/\" \/>\n<meta property=\"og:site_name\" content=\"Serenna\" \/>\n<meta property=\"article:publisher\" content=\"https:\/\/www.facebook.com\/serennadecor\" \/>\n<meta property=\"article:modified_time\" content=\"2026-03-25T22:05:22+00:00\" \/>\n<meta property=\"og:image\" content=\"https:\/\/serennashop.com\/wp-content\/uploads\/2026\/01\/7612635075051_S7223547_P0_WBG2.jpg\" \/>\n\t<meta property=\"og:image:width\" content=\"1200\" \/>\n\t<meta property=\"og:image:height\" content=\"1200\" \/>\n\t<meta property=\"og:image:type\" content=\"image\/jpeg\" \/>\n<meta name=\"twitter:card\" content=\"summary_large_image\" \/>\n<meta name=\"twitter:label1\" content=\"Estimeret l\u00e6setid\" \/>\n\t<meta name=\"twitter:data1\" content=\"1 minut\" \/>\n<script type=\"application\/ld+json\" class=\"yoast-schema-graph\">{\"@context\":\"https:\\\/\\\/schema.org\",\"@graph\":[{\"@type\":\"WebPage\",\"@id\":\"https:\\\/\\\/serennashop.com\\\/da\\\/prod\\\/calvin-klein-accent-o-41-mm\\\/\",\"url\":\"https:\\\/\\\/serennashop.com\\\/da\\\/prod\\\/calvin-klein-accent-o-41-mm\\\/\",\"name\":\"Herreur Calvin Klein ACCENT (\u00d8 41 mm) - Serenna\",\"isPartOf\":{\"@id\":\"https:\\\/\\\/serennashop.com\\\/da\\\/#website\"},\"primaryImageOfPage\":{\"@id\":\"https:\\\/\\\/serennashop.com\\\/da\\\/prod\\\/calvin-klein-accent-o-41-mm\\\/#primaryimage\"},\"image\":{\"@id\":\"https:\\\/\\\/serennashop.com\\\/da\\\/prod\\\/calvin-klein-accent-o-41-mm\\\/#primaryimage\"},\"thumbnailUrl\":\"https:\\\/\\\/serennashop.com\\\/wp-content\\\/uploads\\\/2026\\\/01\\\/7612635075051_S7223547_P0_WBG2.jpg\",\"datePublished\":\"2026-01-07T19:53:09+00:00\",\"dateModified\":\"2026-03-25T22:05:22+00:00\",\"description\":\"Miesten rannekellot yhdist\u00e4v\u00e4t tyylin ja k\u00e4yt\u00e4nn\u00f6llisyyden. Valikoimasta l\u00f6yd\u00e4t ajattomat ja modernit kellot arkeen ja juhlaan.\",\"breadcrumb\":{\"@id\":\"https:\\\/\\\/serennashop.com\\\/da\\\/prod\\\/calvin-klein-accent-o-41-mm\\\/#breadcrumb\"},\"inLanguage\":\"da-DK\",\"potentialAction\":[{\"@type\":\"ReadAction\",\"target\":[\"https:\\\/\\\/serennashop.com\\\/da\\\/prod\\\/calvin-klein-accent-o-41-mm\\\/\"]}]},{\"@type\":\"ImageObject\",\"inLanguage\":\"da-DK\",\"@id\":\"https:\\\/\\\/serennashop.com\\\/da\\\/prod\\\/calvin-klein-accent-o-41-mm\\\/#primaryimage\",\"url\":\"https:\\\/\\\/serennashop.com\\\/wp-content\\\/uploads\\\/2026\\\/01\\\/7612635075051_S7223547_P0_WBG2.jpg\",\"contentUrl\":\"https:\\\/\\\/serennashop.com\\\/wp-content\\\/uploads\\\/2026\\\/01\\\/7612635075051_S7223547_P0_WBG2.jpg\",\"width\":1200,\"height\":1200,\"caption\":\"S7223547_0\"},{\"@type\":\"BreadcrumbList\",\"@id\":\"https:\\\/\\\/serennashop.com\\\/da\\\/prod\\\/calvin-klein-accent-o-41-mm\\\/#breadcrumb\",\"itemListElement\":[{\"@type\":\"ListItem\",\"position\":1,\"name\":\"Etusivu\",\"item\":\"https:\\\/\\\/serennashop.com\\\/da\\\/\"},{\"@type\":\"ListItem\",\"position\":2,\"name\":\"Handel\",\"item\":\"https:\\\/\\\/serennashop.com\\\/da\\\/shop\\\/\"},{\"@type\":\"ListItem\",\"position\":3,\"name\":\"Herreur Calvin Klein ACCENT (\u00d8 41 mm)\"}]},{\"@type\":\"WebSite\",\"@id\":\"https:\\\/\\\/serennashop.com\\\/da\\\/#website\",\"url\":\"https:\\\/\\\/serennashop.com\\\/da\\\/\",\"name\":\"Serenna\",\"description\":\"\",\"publisher\":{\"@id\":\"https:\\\/\\\/serennashop.com\\\/da\\\/#organization\"},\"potentialAction\":[{\"@type\":\"SearchAction\",\"target\":{\"@type\":\"EntryPoint\",\"urlTemplate\":\"https:\\\/\\\/serennashop.com\\\/da\\\/?s={search_term_string}\"},\"query-input\":{\"@type\":\"PropertyValueSpecification\",\"valueRequired\":true,\"valueName\":\"search_term_string\"}}],\"inLanguage\":\"da-DK\"},{\"@type\":\"Organization\",\"@id\":\"https:\\\/\\\/serennashop.com\\\/da\\\/#organization\",\"name\":\"Serenna\",\"url\":\"https:\\\/\\\/serennashop.com\\\/da\\\/\",\"logo\":{\"@type\":\"ImageObject\",\"inLanguage\":\"da-DK\",\"@id\":\"https:\\\/\\\/serennashop.com\\\/da\\\/#\\\/schema\\\/logo\\\/image\\\/\",\"url\":\"https:\\\/\\\/www.serenna.fi\\\/wp-content\\\/uploads\\\/2025\\\/12\\\/serenna-logo2.png\",\"contentUrl\":\"https:\\\/\\\/www.serenna.fi\\\/wp-content\\\/uploads\\\/2025\\\/12\\\/serenna-logo2.png\",\"width\":2383,\"height\":317,\"caption\":\"Serenna\"},\"image\":{\"@id\":\"https:\\\/\\\/serennashop.com\\\/da\\\/#\\\/schema\\\/logo\\\/image\\\/\"},\"sameAs\":[\"https:\\\/\\\/www.facebook.com\\\/serennadecor\",\"https:\\\/\\\/www.instagram.com\\\/serennadecor\"]}]}<\/script>\n<!-- \/ Yoast SEO plugin. -->","yoast_head_json":{"title":"Herreur Calvin Klein ACCENT (\u00d8 41 mm) - Serenna","description":"Miesten rannekellot yhdist\u00e4v\u00e4t tyylin ja k\u00e4yt\u00e4nn\u00f6llisyyden. Valikoimasta l\u00f6yd\u00e4t ajattomat ja modernit kellot arkeen ja juhlaan.","robots":{"index":"index","follow":"follow","max-snippet":"max-snippet:-1","max-image-preview":"max-image-preview:large","max-video-preview":"max-video-preview:-1"},"canonical":"https:\/\/serennashop.com\/da\/prod\/calvin-klein-accent-o-41-mm\/","og_locale":"da_DK","og_type":"article","og_title":"Herreur Calvin Klein ACCENT (\u00d8 41 mm) - Serenna","og_description":"Miesten rannekellot yhdist\u00e4v\u00e4t tyylin ja k\u00e4yt\u00e4nn\u00f6llisyyden. Valikoimasta l\u00f6yd\u00e4t ajattomat ja modernit kellot arkeen ja juhlaan.","og_url":"https:\/\/serennashop.com\/da\/prod\/calvin-klein-accent-o-41-mm\/","og_site_name":"Serenna","article_publisher":"https:\/\/www.facebook.com\/serennadecor","article_modified_time":"2026-03-25T22:05:22+00:00","og_image":[{"width":1200,"height":1200,"url":"https:\/\/serennashop.com\/wp-content\/uploads\/2026\/01\/7612635075051_S7223547_P0_WBG2.jpg","type":"image\/jpeg"}],"twitter_card":"summary_large_image","twitter_misc":{"Estimeret l\u00e6setid":"1 minut"},"schema":{"@context":"https:\/\/schema.org","@graph":[{"@type":"WebPage","@id":"https:\/\/serennashop.com\/da\/prod\/calvin-klein-accent-o-41-mm\/","url":"https:\/\/serennashop.com\/da\/prod\/calvin-klein-accent-o-41-mm\/","name":"Herreur Calvin Klein ACCENT (\u00d8 41 mm) - Serenna","isPartOf":{"@id":"https:\/\/serennashop.com\/da\/#website"},"primaryImageOfPage":{"@id":"https:\/\/serennashop.com\/da\/prod\/calvin-klein-accent-o-41-mm\/#primaryimage"},"image":{"@id":"https:\/\/serennashop.com\/da\/prod\/calvin-klein-accent-o-41-mm\/#primaryimage"},"thumbnailUrl":"https:\/\/serennashop.com\/wp-content\/uploads\/2026\/01\/7612635075051_S7223547_P0_WBG2.jpg","datePublished":"2026-01-07T19:53:09+00:00","dateModified":"2026-03-25T22:05:22+00:00","description":"Miesten rannekellot yhdist\u00e4v\u00e4t tyylin ja k\u00e4yt\u00e4nn\u00f6llisyyden. Valikoimasta l\u00f6yd\u00e4t ajattomat ja modernit kellot arkeen ja juhlaan.","breadcrumb":{"@id":"https:\/\/serennashop.com\/da\/prod\/calvin-klein-accent-o-41-mm\/#breadcrumb"},"inLanguage":"da-DK","potentialAction":[{"@type":"ReadAction","target":["https:\/\/serennashop.com\/da\/prod\/calvin-klein-accent-o-41-mm\/"]}]},{"@type":"ImageObject","inLanguage":"da-DK","@id":"https:\/\/serennashop.com\/da\/prod\/calvin-klein-accent-o-41-mm\/#primaryimage","url":"https:\/\/serennashop.com\/wp-content\/uploads\/2026\/01\/7612635075051_S7223547_P0_WBG2.jpg","contentUrl":"https:\/\/serennashop.com\/wp-content\/uploads\/2026\/01\/7612635075051_S7223547_P0_WBG2.jpg","width":1200,"height":1200,"caption":"S7223547_0"},{"@type":"BreadcrumbList","@id":"https:\/\/serennashop.com\/da\/prod\/calvin-klein-accent-o-41-mm\/#breadcrumb","itemListElement":[{"@type":"ListItem","position":1,"name":"Etusivu","item":"https:\/\/serennashop.com\/da\/"},{"@type":"ListItem","position":2,"name":"Handel","item":"https:\/\/serennashop.com\/da\/shop\/"},{"@type":"ListItem","position":3,"name":"Herreur Calvin Klein ACCENT (\u00d8 41 mm)"}]},{"@type":"WebSite","@id":"https:\/\/serennashop.com\/da\/#website","url":"https:\/\/serennashop.com\/da\/","name":"Serenna","description":"","publisher":{"@id":"https:\/\/serennashop.com\/da\/#organization"},"potentialAction":[{"@type":"SearchAction","target":{"@type":"EntryPoint","urlTemplate":"https:\/\/serennashop.com\/da\/?s={search_term_string}"},"query-input":{"@type":"PropertyValueSpecification","valueRequired":true,"valueName":"search_term_string"}}],"inLanguage":"da-DK"},{"@type":"Organization","@id":"https:\/\/serennashop.com\/da\/#organization","name":"Serenna","url":"https:\/\/serennashop.com\/da\/","logo":{"@type":"ImageObject","inLanguage":"da-DK","@id":"https:\/\/serennashop.com\/da\/#\/schema\/logo\/image\/","url":"https:\/\/www.serenna.fi\/wp-content\/uploads\/2025\/12\/serenna-logo2.png","contentUrl":"https:\/\/www.serenna.fi\/wp-content\/uploads\/2025\/12\/serenna-logo2.png","width":2383,"height":317,"caption":"Serenna"},"image":{"@id":"https:\/\/serennashop.com\/da\/#\/schema\/logo\/image\/"},"sameAs":["https:\/\/www.facebook.com\/serennadecor","https:\/\/www.instagram.com\/serennadecor"]}]}},"_links":{"self":[{"href":"https:\/\/serennashop.com\/da\/wp-json\/wp\/v2\/product\/53100","targetHints":{"allow":["GET"]}}],"collection":[{"href":"https:\/\/serennashop.com\/da\/wp-json\/wp\/v2\/product"}],"about":[{"href":"https:\/\/serennashop.com\/da\/wp-json\/wp\/v2\/types\/product"}],"replies":[{"embeddable":true,"href":"https:\/\/serennashop.com\/da\/wp-json\/wp\/v2\/comments?post=53100"}],"wp:featuredmedia":[{"embeddable":true,"href":"https:\/\/serennashop.com\/da\/wp-json\/wp\/v2\/media\/11743"}],"wp:attachment":[{"href":"https:\/\/serennashop.com\/da\/wp-json\/wp\/v2\/media?parent=53100"}],"wp:term":[{"taxonomy":"product_brand","embeddable":true,"href":"https:\/\/serennashop.com\/da\/wp-json\/wp\/v2\/product_brand?post=53100"},{"taxonomy":"product_cat","embeddable":true,"href":"https:\/\/serennashop.com\/da\/wp-json\/wp\/v2\/product_cat?post=53100"},{"taxonomy":"product_tag","embeddable":true,"href":"https:\/\/serennashop.com\/da\/wp-json\/wp\/v2\/product_tag?post=53100"}],"curies":[{"name":"wp","href":"https:\/\/api.w.org\/{rel}","templated":true}]}}