{"id":50826,"date":"2025-12-24T21:28:36","date_gmt":"2025-12-24T19:28:36","guid":{"rendered":"https:\/\/serennashop.com\/prod\/naisten-kaulakorut-morellato-sanb01-kullattu\/"},"modified":"2026-03-26T00:03:17","modified_gmt":"2026-03-25T22:03:17","slug":"naisten-kaulakorut-morellato-sanb01-kullattu","status":"publish","type":"product","link":"https:\/\/serennashop.com\/da\/prod\/naisten-kaulakorut-morellato-sanb01-kullattu\/","title":{"rendered":"Halsk\u00e6de Morellato Capsule By Aurora SANB01"},"content":{"rendered":"<p><strong>Morellato-Schmuck<\/strong> steht f\u00fcr italienische Designtradition, die raffinierte Eleganz, hochwertige Materialien und zeitlosen Stil vereint. Die f\u00fcr die Marke typische \u00c4sthetik ist von klassischer italienischer Sch\u00f6nheit inspiriert, beh\u00e4lt aber gleichzeitig einen modernen und vielseitigen Look bei, der sowohl zum Alltag als auch zu festlichen Anl\u00e4ssen passt.<\/p><p>Die Morellato-Kollektion umfasst eine gro\u00dfe Auswahl an Schmuckst\u00fccken wie Halsketten, Armb\u00e4nder, Ohrringe und Ringe. Viele Produkte zeichnen sich durch sorgf\u00e4ltige Verarbeitung und Liebe zum Detail aus \u2013 beispielsweise lassen sich die Schmuckst\u00fccke dank polierter Oberfl\u00e4chen, nachhaltig ausgew\u00e4hlter Metallmaterialien und zeitloser Formen leicht mit verschiedenen Stilen kombinieren. Morellato-Schmuckst\u00fccke eignen sich auch hervorragend als Geschenk, da sie einen Hauch von italienischem Charme und gepflegter Eleganz in den Alltag und die Garderobe bringen.<\/p><p><strong>Die wichtigsten Merkmale von Morellato-Schmuck:<\/strong><\/p><ul><li>Elegantes und zeitloses italienisches Design<\/li><li>Hochwertige Materialien und sorgf\u00e4ltige Verarbeitung<\/li><li>Vielseitige Stiloptionen f\u00fcr den Alltag und festliche Anl\u00e4sse<\/li><li>Leicht mit anderen Accessoires zu kombinieren<\/li><li>Hervorragende Geschenkidee f\u00fcr Stilbewusste<\/li><\/ul><p>Morellato-Schmuck ist genau das Richtige f\u00fcr Sie, wenn Sie sch\u00f6nen, hochwertigen und leicht zu kombinierenden Schmuck suchen, der sowohl hinsichtlich seines Stils als auch seiner Materialien zeitlos ist.<\/p>\n<ul>\n<li>Type:\n<ul>\n<li>Halsk\u00e6der<\/li>\n<li>Halsk\u00e6der til kvinder<\/li>\n<\/ul>\n<\/li>\n<li>Design: Elegant<\/li>\n<li>Farve: Forgyldt<\/li>\n<li>Materiale: 925 sterlings\u00f8lv<\/li>\n<li>V\u00e6gt: 10 g<\/li>\n<\/ul>\n","protected":false},"excerpt":{"rendered":"<p>Type: Halsk\u00e6der Halsk\u00e6der til kvinder Design: Elegant Farve: Forgyldt Materiale: 925 sterlings\u00f8lv V\u00e6gt: 10 g<\/p>\n","protected":false},"featured_media":65908,"comment_status":"open","ping_status":"closed","template":"","meta":[],"product_brand":[],"product_cat":[],"product_tag":[724,790,726],"class_list":{"0":"post-50826","1":"product","2":"type-product","3":"status-publish","4":"has-post-thumbnail","6":"product_tag-tag_203","7":"product_tag-tag_189","8":"product_tag-tag_188","10":"first","11":"instock","12":"taxable","13":"shipping-taxable","14":"purchasable","15":"product-type-simple"},"yoast_head":"<!-- This site is optimized with the Yoast SEO plugin v27.4 - https:\/\/yoast.com\/product\/yoast-seo-wordpress\/ -->\n<title>Halsk\u00e6de Morellato Capsule By Aurora SANB01 - Serenna<\/title>\n<meta name=\"robots\" content=\"index, follow, max-snippet:-1, max-image-preview:large, max-video-preview:-1\" \/>\n<link rel=\"canonical\" href=\"https:\/\/serennashop.com\/da\/prod\/naisten-kaulakorut-morellato-sanb01-kullattu\/\" \/>\n<meta property=\"og:locale\" content=\"da_DK\" \/>\n<meta property=\"og:type\" content=\"article\" \/>\n<meta property=\"og:title\" content=\"Halsk\u00e6de Morellato Capsule By Aurora SANB01 - Serenna\" \/>\n<meta property=\"og:description\" content=\"Type: Halsk\u00e6der Halsk\u00e6der til kvinder Design: Elegant Farve: Forgyldt Materiale: 925 sterlings\u00f8lv V\u00e6gt: 10 g\" \/>\n<meta property=\"og:url\" content=\"https:\/\/serennashop.com\/da\/prod\/naisten-kaulakorut-morellato-sanb01-kullattu\/\" \/>\n<meta property=\"og:site_name\" content=\"Serenna\" \/>\n<meta property=\"article:publisher\" content=\"https:\/\/www.facebook.com\/serennadecor\" \/>\n<meta property=\"article:modified_time\" content=\"2026-03-25T22:03:17+00:00\" \/>\n<meta property=\"og:image\" content=\"https:\/\/serennashop.com\/wp-content\/uploads\/2025\/12\/8056783064243_S72133783_P00.jpg\" \/>\n\t<meta property=\"og:image:width\" content=\"1200\" \/>\n\t<meta property=\"og:image:height\" content=\"1200\" \/>\n\t<meta property=\"og:image:type\" content=\"image\/jpeg\" \/>\n<meta name=\"twitter:card\" content=\"summary_large_image\" \/>\n<script type=\"application\/ld+json\" class=\"yoast-schema-graph\">{\"@context\":\"https:\\\/\\\/schema.org\",\"@graph\":[{\"@type\":\"WebPage\",\"@id\":\"https:\\\/\\\/serennashop.com\\\/da\\\/prod\\\/naisten-kaulakorut-morellato-sanb01-kullattu\\\/\",\"url\":\"https:\\\/\\\/serennashop.com\\\/da\\\/prod\\\/naisten-kaulakorut-morellato-sanb01-kullattu\\\/\",\"name\":\"Halsk\u00e6de Morellato Capsule By Aurora SANB01 - Serenna\",\"isPartOf\":{\"@id\":\"https:\\\/\\\/serennashop.com\\\/da\\\/#website\"},\"primaryImageOfPage\":{\"@id\":\"https:\\\/\\\/serennashop.com\\\/da\\\/prod\\\/naisten-kaulakorut-morellato-sanb01-kullattu\\\/#primaryimage\"},\"image\":{\"@id\":\"https:\\\/\\\/serennashop.com\\\/da\\\/prod\\\/naisten-kaulakorut-morellato-sanb01-kullattu\\\/#primaryimage\"},\"thumbnailUrl\":\"https:\\\/\\\/serennashop.com\\\/wp-content\\\/uploads\\\/2025\\\/12\\\/8056783064243_S72133783_P00.jpg\",\"datePublished\":\"2025-12-24T19:28:36+00:00\",\"dateModified\":\"2026-03-25T22:03:17+00:00\",\"breadcrumb\":{\"@id\":\"https:\\\/\\\/serennashop.com\\\/da\\\/prod\\\/naisten-kaulakorut-morellato-sanb01-kullattu\\\/#breadcrumb\"},\"inLanguage\":\"da-DK\",\"potentialAction\":[{\"@type\":\"ReadAction\",\"target\":[\"https:\\\/\\\/serennashop.com\\\/da\\\/prod\\\/naisten-kaulakorut-morellato-sanb01-kullattu\\\/\"]}]},{\"@type\":\"ImageObject\",\"inLanguage\":\"da-DK\",\"@id\":\"https:\\\/\\\/serennashop.com\\\/da\\\/prod\\\/naisten-kaulakorut-morellato-sanb01-kullattu\\\/#primaryimage\",\"url\":\"https:\\\/\\\/serennashop.com\\\/wp-content\\\/uploads\\\/2025\\\/12\\\/8056783064243_S72133783_P00.jpg\",\"contentUrl\":\"https:\\\/\\\/serennashop.com\\\/wp-content\\\/uploads\\\/2025\\\/12\\\/8056783064243_S72133783_P00.jpg\",\"width\":1200,\"height\":1200,\"caption\":\"S72133783_0\"},{\"@type\":\"BreadcrumbList\",\"@id\":\"https:\\\/\\\/serennashop.com\\\/da\\\/prod\\\/naisten-kaulakorut-morellato-sanb01-kullattu\\\/#breadcrumb\",\"itemListElement\":[{\"@type\":\"ListItem\",\"position\":1,\"name\":\"Etusivu\",\"item\":\"https:\\\/\\\/serennashop.com\\\/da\\\/\"},{\"@type\":\"ListItem\",\"position\":2,\"name\":\"Handel\",\"item\":\"https:\\\/\\\/serennashop.com\\\/da\\\/shop\\\/\"},{\"@type\":\"ListItem\",\"position\":3,\"name\":\"Halsk\u00e6de Morellato Capsule By Aurora SANB01\"}]},{\"@type\":\"WebSite\",\"@id\":\"https:\\\/\\\/serennashop.com\\\/da\\\/#website\",\"url\":\"https:\\\/\\\/serennashop.com\\\/da\\\/\",\"name\":\"Serenna\",\"description\":\"\",\"publisher\":{\"@id\":\"https:\\\/\\\/serennashop.com\\\/da\\\/#organization\"},\"potentialAction\":[{\"@type\":\"SearchAction\",\"target\":{\"@type\":\"EntryPoint\",\"urlTemplate\":\"https:\\\/\\\/serennashop.com\\\/da\\\/?s={search_term_string}\"},\"query-input\":{\"@type\":\"PropertyValueSpecification\",\"valueRequired\":true,\"valueName\":\"search_term_string\"}}],\"inLanguage\":\"da-DK\"},{\"@type\":\"Organization\",\"@id\":\"https:\\\/\\\/serennashop.com\\\/da\\\/#organization\",\"name\":\"Serenna\",\"url\":\"https:\\\/\\\/serennashop.com\\\/da\\\/\",\"logo\":{\"@type\":\"ImageObject\",\"inLanguage\":\"da-DK\",\"@id\":\"https:\\\/\\\/serennashop.com\\\/da\\\/#\\\/schema\\\/logo\\\/image\\\/\",\"url\":\"https:\\\/\\\/www.serenna.fi\\\/wp-content\\\/uploads\\\/2025\\\/12\\\/serenna-logo2.png\",\"contentUrl\":\"https:\\\/\\\/www.serenna.fi\\\/wp-content\\\/uploads\\\/2025\\\/12\\\/serenna-logo2.png\",\"width\":2383,\"height\":317,\"caption\":\"Serenna\"},\"image\":{\"@id\":\"https:\\\/\\\/serennashop.com\\\/da\\\/#\\\/schema\\\/logo\\\/image\\\/\"},\"sameAs\":[\"https:\\\/\\\/www.facebook.com\\\/serennadecor\",\"https:\\\/\\\/www.instagram.com\\\/serennadecor\"]}]}<\/script>\n<!-- \/ Yoast SEO plugin. -->","yoast_head_json":{"title":"Halsk\u00e6de Morellato Capsule By Aurora SANB01 - Serenna","robots":{"index":"index","follow":"follow","max-snippet":"max-snippet:-1","max-image-preview":"max-image-preview:large","max-video-preview":"max-video-preview:-1"},"canonical":"https:\/\/serennashop.com\/da\/prod\/naisten-kaulakorut-morellato-sanb01-kullattu\/","og_locale":"da_DK","og_type":"article","og_title":"Halsk\u00e6de Morellato Capsule By Aurora SANB01 - Serenna","og_description":"Type: Halsk\u00e6der Halsk\u00e6der til kvinder Design: Elegant Farve: Forgyldt Materiale: 925 sterlings\u00f8lv V\u00e6gt: 10 g","og_url":"https:\/\/serennashop.com\/da\/prod\/naisten-kaulakorut-morellato-sanb01-kullattu\/","og_site_name":"Serenna","article_publisher":"https:\/\/www.facebook.com\/serennadecor","article_modified_time":"2026-03-25T22:03:17+00:00","og_image":[{"width":1200,"height":1200,"url":"https:\/\/serennashop.com\/wp-content\/uploads\/2025\/12\/8056783064243_S72133783_P00.jpg","type":"image\/jpeg"}],"twitter_card":"summary_large_image","schema":{"@context":"https:\/\/schema.org","@graph":[{"@type":"WebPage","@id":"https:\/\/serennashop.com\/da\/prod\/naisten-kaulakorut-morellato-sanb01-kullattu\/","url":"https:\/\/serennashop.com\/da\/prod\/naisten-kaulakorut-morellato-sanb01-kullattu\/","name":"Halsk\u00e6de Morellato Capsule By Aurora SANB01 - Serenna","isPartOf":{"@id":"https:\/\/serennashop.com\/da\/#website"},"primaryImageOfPage":{"@id":"https:\/\/serennashop.com\/da\/prod\/naisten-kaulakorut-morellato-sanb01-kullattu\/#primaryimage"},"image":{"@id":"https:\/\/serennashop.com\/da\/prod\/naisten-kaulakorut-morellato-sanb01-kullattu\/#primaryimage"},"thumbnailUrl":"https:\/\/serennashop.com\/wp-content\/uploads\/2025\/12\/8056783064243_S72133783_P00.jpg","datePublished":"2025-12-24T19:28:36+00:00","dateModified":"2026-03-25T22:03:17+00:00","breadcrumb":{"@id":"https:\/\/serennashop.com\/da\/prod\/naisten-kaulakorut-morellato-sanb01-kullattu\/#breadcrumb"},"inLanguage":"da-DK","potentialAction":[{"@type":"ReadAction","target":["https:\/\/serennashop.com\/da\/prod\/naisten-kaulakorut-morellato-sanb01-kullattu\/"]}]},{"@type":"ImageObject","inLanguage":"da-DK","@id":"https:\/\/serennashop.com\/da\/prod\/naisten-kaulakorut-morellato-sanb01-kullattu\/#primaryimage","url":"https:\/\/serennashop.com\/wp-content\/uploads\/2025\/12\/8056783064243_S72133783_P00.jpg","contentUrl":"https:\/\/serennashop.com\/wp-content\/uploads\/2025\/12\/8056783064243_S72133783_P00.jpg","width":1200,"height":1200,"caption":"S72133783_0"},{"@type":"BreadcrumbList","@id":"https:\/\/serennashop.com\/da\/prod\/naisten-kaulakorut-morellato-sanb01-kullattu\/#breadcrumb","itemListElement":[{"@type":"ListItem","position":1,"name":"Etusivu","item":"https:\/\/serennashop.com\/da\/"},{"@type":"ListItem","position":2,"name":"Handel","item":"https:\/\/serennashop.com\/da\/shop\/"},{"@type":"ListItem","position":3,"name":"Halsk\u00e6de Morellato Capsule By Aurora SANB01"}]},{"@type":"WebSite","@id":"https:\/\/serennashop.com\/da\/#website","url":"https:\/\/serennashop.com\/da\/","name":"Serenna","description":"","publisher":{"@id":"https:\/\/serennashop.com\/da\/#organization"},"potentialAction":[{"@type":"SearchAction","target":{"@type":"EntryPoint","urlTemplate":"https:\/\/serennashop.com\/da\/?s={search_term_string}"},"query-input":{"@type":"PropertyValueSpecification","valueRequired":true,"valueName":"search_term_string"}}],"inLanguage":"da-DK"},{"@type":"Organization","@id":"https:\/\/serennashop.com\/da\/#organization","name":"Serenna","url":"https:\/\/serennashop.com\/da\/","logo":{"@type":"ImageObject","inLanguage":"da-DK","@id":"https:\/\/serennashop.com\/da\/#\/schema\/logo\/image\/","url":"https:\/\/www.serenna.fi\/wp-content\/uploads\/2025\/12\/serenna-logo2.png","contentUrl":"https:\/\/www.serenna.fi\/wp-content\/uploads\/2025\/12\/serenna-logo2.png","width":2383,"height":317,"caption":"Serenna"},"image":{"@id":"https:\/\/serennashop.com\/da\/#\/schema\/logo\/image\/"},"sameAs":["https:\/\/www.facebook.com\/serennadecor","https:\/\/www.instagram.com\/serennadecor"]}]}},"_links":{"self":[{"href":"https:\/\/serennashop.com\/da\/wp-json\/wp\/v2\/product\/50826","targetHints":{"allow":["GET"]}}],"collection":[{"href":"https:\/\/serennashop.com\/da\/wp-json\/wp\/v2\/product"}],"about":[{"href":"https:\/\/serennashop.com\/da\/wp-json\/wp\/v2\/types\/product"}],"replies":[{"embeddable":true,"href":"https:\/\/serennashop.com\/da\/wp-json\/wp\/v2\/comments?post=50826"}],"wp:featuredmedia":[{"embeddable":true,"href":"https:\/\/serennashop.com\/da\/wp-json\/wp\/v2\/media\/65908"}],"wp:attachment":[{"href":"https:\/\/serennashop.com\/da\/wp-json\/wp\/v2\/media?parent=50826"}],"wp:term":[{"taxonomy":"product_brand","embeddable":true,"href":"https:\/\/serennashop.com\/da\/wp-json\/wp\/v2\/product_brand?post=50826"},{"taxonomy":"product_cat","embeddable":true,"href":"https:\/\/serennashop.com\/da\/wp-json\/wp\/v2\/product_cat?post=50826"},{"taxonomy":"product_tag","embeddable":true,"href":"https:\/\/serennashop.com\/da\/wp-json\/wp\/v2\/product_tag?post=50826"}],"curies":[{"name":"wp","href":"https:\/\/api.w.org\/{rel}","templated":true}]}}