{"id":33008,"date":"2026-01-11T14:23:37","date_gmt":"2026-01-11T12:23:37","guid":{"rendered":"https:\/\/serennashop.com\/?post_type=product&#038;p=33008"},"modified":"2026-04-17T11:59:34","modified_gmt":"2026-04-17T08:59:34","slug":"seb-man-the-groom-30-ml","status":"publish","type":"product","link":"https:\/\/serennashop.com\/da\/prod\/seb-man-the-groom-30-ml\/","title":{"rendered":"Sk\u00e6golie Seb Man The Groom 30 ml"},"content":{"rendered":"<p><strong>Seb Man The Groom Hair &amp; Beard Oil<\/strong> er en alsidig og plejende <strong>h\u00e5r- og sk\u00e6golie<\/strong>, der g\u00f8r sk\u00e6g og h\u00e5r bl\u00f8dere, lettere at style og mere glansfuldt. Den lette og n\u00e6rende formel indeholder h\u00f8jkvalitetsolier, der fugter h\u00e5ret og sk\u00e6gstubbene uden at f\u00f8les tungt eller fedtet. <strong>\ud83c\udf1f Produktets vigtigste egenskaber<\/strong><\/p>\n<ul>\n<li><strong>Bl\u00f8dg\u00f8r og udglatter<\/strong> sk\u00e6g og h\u00e5r, s\u00e5 de bliver nemmere at style.<\/li>\n<li><strong>Giver en naturlig glans<\/strong> uden at f\u00f8les kl\u00e6brig.<\/li>\n<li><strong>En n\u00e6rende blanding af olier<\/strong> \u2013 bl.a. jojoba-, mandel-, argan- og vindruekerneolie, som tilsammen fugter og plejer huden.<\/li>\n<li><strong>Let, men effektiv<\/strong> \u2013 egner sig b\u00e5de til h\u00e5r og sk\u00e6g.<\/li>\n<\/ul>\n<p><strong>\ud83c\udf43 Duft &amp; brugeroplevelse<\/strong> Olien har en <strong>frisk og raffineret duft<\/strong>, hvor nuancer af bergamot og rosenpeber tilf\u00f8rer en energisk friskhed til den daglige plejerutine. <strong>\ud83e\uddd4 Hvem er produktet velegnet til?<\/strong> Denne h\u00e5r- og sk\u00e6golie er et fremragende valg til m\u00e6nd, der:<\/p>\n<ul>\n<li>\u00d8nsker <strong>et bl\u00f8dere og velplejet sk\u00e6g<\/strong>.<\/li>\n<li>S\u00e6tter pris p\u00e5 et plejeprodukt, der <strong>er let at sm\u00f8re ud og tr\u00e6nger hurtigt ind<\/strong>.<\/li>\n<li>\u00d8nsker at <strong>give sin sk\u00e6g- eller frisure mere glans og kontrol<\/strong>.<\/li>\n<\/ul>\n<p>\ud83c\udfaf <strong>Tip:<\/strong> P\u00e5f\u00f8r en lille m\u00e6ngde olie p\u00e5 t\u00f8rt eller fugtigt sk\u00e6g\/h\u00e5r med fingerspidserne, og form det, som du \u00f8nsker. <strong>Seb Man The Groom Hair &amp; Beard Oil<\/strong> er et fremragende valg, n\u00e5r du \u00f8nsker <strong>et luksuri\u00f8st, plejende og brugervenligt produkt<\/strong> som en del af din daglige plejerutine \u2013 for et bl\u00f8dere, mere glansfuldt og mere h\u00e5ndterbart sk\u00e6g. &nbsp;<\/p>\n<ul>\n<li>Type: Sk\u00e6golie<\/li>\n<li>K\u00f8n:\n<ul>\n<li>M\u00e6nd<\/li>\n<li>Unisex<\/li>\n<\/ul>\n<\/li>\n<li>Sammens\u00e6tning: Olie<\/li>\n<li>Anbefalet anvendelse: Alle hudtyper<\/li>\n<li>Ingredienser:\n<ul>\n<li>Prunus amygdalus dulcis (s\u00f8d mandel) olie<\/li>\n<li>Vitis vinifera (drue) fr\u00f8olie<\/li>\n<li>Alfa-isomethylionon<\/li>\n<li>BHT<\/li>\n<li>Citronellol<\/li>\n<li>Coumarin<\/li>\n<li>Cyclopentasiloxan<\/li>\n<li>Dimethiconol<\/li>\n<li>Duft (parfum)<\/li>\n<li>Hexylcinnamal<\/li>\n<li>Isododecan<\/li>\n<li>Limonen<\/li>\n<li>Linalool<\/li>\n<li>Benzylbenzoat<\/li>\n<li>Argania spinosa-kerneolie<\/li>\n<li>Jojoba<\/li>\n<li>Simmondsia chinensis (jojoba)-fr\u00f8olie<\/li>\n<li>Argan<\/li>\n<\/ul>\n<\/li>\n<li>Indhold: 30 ml<\/li>\n<\/ul>\n<ul>\n<\/ul>\n","protected":false},"excerpt":{"rendered":"<p><span class=\"unit-info\">89.3333 \u20ac \/ 100 ml<\/span><\/p>\n","protected":false},"featured_media":80100,"comment_status":"open","ping_status":"closed","template":"","meta":[],"product_brand":[],"product_cat":[1589,868],"product_tag":[871],"class_list":{"0":"post-33008","1":"product","2":"type-product","3":"status-publish","4":"has-post-thumbnail","6":"product_cat-produkter-til-maend","7":"product_cat-skon","8":"product_tag-tag_217","10":"first","11":"instock","12":"taxable","13":"shipping-taxable","14":"purchasable","15":"product-type-simple"},"yoast_head":"<!-- This site is optimized with the Yoast SEO plugin v27.4 - https:\/\/yoast.com\/product\/yoast-seo-wordpress\/ -->\n<title>Sk\u00e6golie Seb Man The Groom 30 ml - Serenna<\/title>\n<meta name=\"robots\" content=\"index, follow, max-snippet:-1, max-image-preview:large, max-video-preview:-1\" \/>\n<link rel=\"canonical\" href=\"https:\/\/serennashop.com\/da\/prod\/seb-man-the-groom-30-ml\/\" \/>\n<meta property=\"og:locale\" content=\"da_DK\" \/>\n<meta property=\"og:type\" content=\"article\" \/>\n<meta property=\"og:title\" content=\"Sk\u00e6golie Seb Man The Groom 30 ml - Serenna\" \/>\n<meta property=\"og:description\" content=\"89.3333 \u20ac \/ 100 ml\" \/>\n<meta property=\"og:url\" content=\"https:\/\/serennashop.com\/da\/prod\/seb-man-the-groom-30-ml\/\" \/>\n<meta property=\"og:site_name\" content=\"Serenna\" \/>\n<meta property=\"article:publisher\" content=\"https:\/\/www.facebook.com\/serennadecor\" \/>\n<meta property=\"article:modified_time\" content=\"2026-04-17T08:59:34+00:00\" \/>\n<meta property=\"og:image\" content=\"https:\/\/serennashop.com\/wp-content\/uploads\/2026\/04\/4064666213132_S05123487_P00.jpg\" \/>\n\t<meta property=\"og:image:width\" content=\"1200\" \/>\n\t<meta property=\"og:image:height\" content=\"1200\" \/>\n\t<meta property=\"og:image:type\" content=\"image\/jpeg\" \/>\n<meta name=\"twitter:card\" content=\"summary_large_image\" \/>\n<meta name=\"twitter:label1\" content=\"Estimeret l\u00e6setid\" \/>\n\t<meta name=\"twitter:data1\" content=\"1 minut\" \/>\n<script type=\"application\/ld+json\" class=\"yoast-schema-graph\">{\"@context\":\"https:\\\/\\\/schema.org\",\"@graph\":[{\"@type\":\"WebPage\",\"@id\":\"https:\\\/\\\/serennashop.com\\\/da\\\/prod\\\/seb-man-the-groom-30-ml\\\/\",\"url\":\"https:\\\/\\\/serennashop.com\\\/da\\\/prod\\\/seb-man-the-groom-30-ml\\\/\",\"name\":\"Sk\u00e6golie Seb Man The Groom 30 ml - Serenna\",\"isPartOf\":{\"@id\":\"https:\\\/\\\/serennashop.com\\\/da\\\/#website\"},\"primaryImageOfPage\":{\"@id\":\"https:\\\/\\\/serennashop.com\\\/da\\\/prod\\\/seb-man-the-groom-30-ml\\\/#primaryimage\"},\"image\":{\"@id\":\"https:\\\/\\\/serennashop.com\\\/da\\\/prod\\\/seb-man-the-groom-30-ml\\\/#primaryimage\"},\"thumbnailUrl\":\"https:\\\/\\\/serennashop.com\\\/wp-content\\\/uploads\\\/2026\\\/04\\\/4064666213132_S05123487_P00.jpg\",\"datePublished\":\"2026-01-11T12:23:37+00:00\",\"dateModified\":\"2026-04-17T08:59:34+00:00\",\"breadcrumb\":{\"@id\":\"https:\\\/\\\/serennashop.com\\\/da\\\/prod\\\/seb-man-the-groom-30-ml\\\/#breadcrumb\"},\"inLanguage\":\"da-DK\",\"potentialAction\":[{\"@type\":\"ReadAction\",\"target\":[\"https:\\\/\\\/serennashop.com\\\/da\\\/prod\\\/seb-man-the-groom-30-ml\\\/\"]}]},{\"@type\":\"ImageObject\",\"inLanguage\":\"da-DK\",\"@id\":\"https:\\\/\\\/serennashop.com\\\/da\\\/prod\\\/seb-man-the-groom-30-ml\\\/#primaryimage\",\"url\":\"https:\\\/\\\/serennashop.com\\\/wp-content\\\/uploads\\\/2026\\\/04\\\/4064666213132_S05123487_P00.jpg\",\"contentUrl\":\"https:\\\/\\\/serennashop.com\\\/wp-content\\\/uploads\\\/2026\\\/04\\\/4064666213132_S05123487_P00.jpg\",\"width\":1200,\"height\":1200,\"caption\":\"S05123487_0\"},{\"@type\":\"BreadcrumbList\",\"@id\":\"https:\\\/\\\/serennashop.com\\\/da\\\/prod\\\/seb-man-the-groom-30-ml\\\/#breadcrumb\",\"itemListElement\":[{\"@type\":\"ListItem\",\"position\":1,\"name\":\"Etusivu\",\"item\":\"https:\\\/\\\/serennashop.com\\\/da\\\/\"},{\"@type\":\"ListItem\",\"position\":2,\"name\":\"Handel\",\"item\":\"https:\\\/\\\/serennashop.com\\\/da\\\/shop\\\/\"},{\"@type\":\"ListItem\",\"position\":3,\"name\":\"Sk\u00e6golie Seb Man The Groom 30 ml\"}]},{\"@type\":\"WebSite\",\"@id\":\"https:\\\/\\\/serennashop.com\\\/da\\\/#website\",\"url\":\"https:\\\/\\\/serennashop.com\\\/da\\\/\",\"name\":\"Serenna\",\"description\":\"\",\"publisher\":{\"@id\":\"https:\\\/\\\/serennashop.com\\\/da\\\/#organization\"},\"potentialAction\":[{\"@type\":\"SearchAction\",\"target\":{\"@type\":\"EntryPoint\",\"urlTemplate\":\"https:\\\/\\\/serennashop.com\\\/da\\\/?s={search_term_string}\"},\"query-input\":{\"@type\":\"PropertyValueSpecification\",\"valueRequired\":true,\"valueName\":\"search_term_string\"}}],\"inLanguage\":\"da-DK\"},{\"@type\":\"Organization\",\"@id\":\"https:\\\/\\\/serennashop.com\\\/da\\\/#organization\",\"name\":\"Serenna\",\"url\":\"https:\\\/\\\/serennashop.com\\\/da\\\/\",\"logo\":{\"@type\":\"ImageObject\",\"inLanguage\":\"da-DK\",\"@id\":\"https:\\\/\\\/serennashop.com\\\/da\\\/#\\\/schema\\\/logo\\\/image\\\/\",\"url\":\"https:\\\/\\\/www.serenna.fi\\\/wp-content\\\/uploads\\\/2025\\\/12\\\/serenna-logo2.png\",\"contentUrl\":\"https:\\\/\\\/www.serenna.fi\\\/wp-content\\\/uploads\\\/2025\\\/12\\\/serenna-logo2.png\",\"width\":2383,\"height\":317,\"caption\":\"Serenna\"},\"image\":{\"@id\":\"https:\\\/\\\/serennashop.com\\\/da\\\/#\\\/schema\\\/logo\\\/image\\\/\"},\"sameAs\":[\"https:\\\/\\\/www.facebook.com\\\/serennadecor\",\"https:\\\/\\\/www.instagram.com\\\/serennadecor\"]}]}<\/script>\n<!-- \/ Yoast SEO plugin. -->","yoast_head_json":{"title":"Sk\u00e6golie Seb Man The Groom 30 ml - Serenna","robots":{"index":"index","follow":"follow","max-snippet":"max-snippet:-1","max-image-preview":"max-image-preview:large","max-video-preview":"max-video-preview:-1"},"canonical":"https:\/\/serennashop.com\/da\/prod\/seb-man-the-groom-30-ml\/","og_locale":"da_DK","og_type":"article","og_title":"Sk\u00e6golie Seb Man The Groom 30 ml - Serenna","og_description":"89.3333 \u20ac \/ 100 ml","og_url":"https:\/\/serennashop.com\/da\/prod\/seb-man-the-groom-30-ml\/","og_site_name":"Serenna","article_publisher":"https:\/\/www.facebook.com\/serennadecor","article_modified_time":"2026-04-17T08:59:34+00:00","og_image":[{"width":1200,"height":1200,"url":"https:\/\/serennashop.com\/wp-content\/uploads\/2026\/04\/4064666213132_S05123487_P00.jpg","type":"image\/jpeg"}],"twitter_card":"summary_large_image","twitter_misc":{"Estimeret l\u00e6setid":"1 minut"},"schema":{"@context":"https:\/\/schema.org","@graph":[{"@type":"WebPage","@id":"https:\/\/serennashop.com\/da\/prod\/seb-man-the-groom-30-ml\/","url":"https:\/\/serennashop.com\/da\/prod\/seb-man-the-groom-30-ml\/","name":"Sk\u00e6golie Seb Man The Groom 30 ml - Serenna","isPartOf":{"@id":"https:\/\/serennashop.com\/da\/#website"},"primaryImageOfPage":{"@id":"https:\/\/serennashop.com\/da\/prod\/seb-man-the-groom-30-ml\/#primaryimage"},"image":{"@id":"https:\/\/serennashop.com\/da\/prod\/seb-man-the-groom-30-ml\/#primaryimage"},"thumbnailUrl":"https:\/\/serennashop.com\/wp-content\/uploads\/2026\/04\/4064666213132_S05123487_P00.jpg","datePublished":"2026-01-11T12:23:37+00:00","dateModified":"2026-04-17T08:59:34+00:00","breadcrumb":{"@id":"https:\/\/serennashop.com\/da\/prod\/seb-man-the-groom-30-ml\/#breadcrumb"},"inLanguage":"da-DK","potentialAction":[{"@type":"ReadAction","target":["https:\/\/serennashop.com\/da\/prod\/seb-man-the-groom-30-ml\/"]}]},{"@type":"ImageObject","inLanguage":"da-DK","@id":"https:\/\/serennashop.com\/da\/prod\/seb-man-the-groom-30-ml\/#primaryimage","url":"https:\/\/serennashop.com\/wp-content\/uploads\/2026\/04\/4064666213132_S05123487_P00.jpg","contentUrl":"https:\/\/serennashop.com\/wp-content\/uploads\/2026\/04\/4064666213132_S05123487_P00.jpg","width":1200,"height":1200,"caption":"S05123487_0"},{"@type":"BreadcrumbList","@id":"https:\/\/serennashop.com\/da\/prod\/seb-man-the-groom-30-ml\/#breadcrumb","itemListElement":[{"@type":"ListItem","position":1,"name":"Etusivu","item":"https:\/\/serennashop.com\/da\/"},{"@type":"ListItem","position":2,"name":"Handel","item":"https:\/\/serennashop.com\/da\/shop\/"},{"@type":"ListItem","position":3,"name":"Sk\u00e6golie Seb Man The Groom 30 ml"}]},{"@type":"WebSite","@id":"https:\/\/serennashop.com\/da\/#website","url":"https:\/\/serennashop.com\/da\/","name":"Serenna","description":"","publisher":{"@id":"https:\/\/serennashop.com\/da\/#organization"},"potentialAction":[{"@type":"SearchAction","target":{"@type":"EntryPoint","urlTemplate":"https:\/\/serennashop.com\/da\/?s={search_term_string}"},"query-input":{"@type":"PropertyValueSpecification","valueRequired":true,"valueName":"search_term_string"}}],"inLanguage":"da-DK"},{"@type":"Organization","@id":"https:\/\/serennashop.com\/da\/#organization","name":"Serenna","url":"https:\/\/serennashop.com\/da\/","logo":{"@type":"ImageObject","inLanguage":"da-DK","@id":"https:\/\/serennashop.com\/da\/#\/schema\/logo\/image\/","url":"https:\/\/www.serenna.fi\/wp-content\/uploads\/2025\/12\/serenna-logo2.png","contentUrl":"https:\/\/www.serenna.fi\/wp-content\/uploads\/2025\/12\/serenna-logo2.png","width":2383,"height":317,"caption":"Serenna"},"image":{"@id":"https:\/\/serennashop.com\/da\/#\/schema\/logo\/image\/"},"sameAs":["https:\/\/www.facebook.com\/serennadecor","https:\/\/www.instagram.com\/serennadecor"]}]}},"_links":{"self":[{"href":"https:\/\/serennashop.com\/da\/wp-json\/wp\/v2\/product\/33008","targetHints":{"allow":["GET"]}}],"collection":[{"href":"https:\/\/serennashop.com\/da\/wp-json\/wp\/v2\/product"}],"about":[{"href":"https:\/\/serennashop.com\/da\/wp-json\/wp\/v2\/types\/product"}],"replies":[{"embeddable":true,"href":"https:\/\/serennashop.com\/da\/wp-json\/wp\/v2\/comments?post=33008"}],"wp:featuredmedia":[{"embeddable":true,"href":"https:\/\/serennashop.com\/da\/wp-json\/wp\/v2\/media\/80100"}],"wp:attachment":[{"href":"https:\/\/serennashop.com\/da\/wp-json\/wp\/v2\/media?parent=33008"}],"wp:term":[{"taxonomy":"product_brand","embeddable":true,"href":"https:\/\/serennashop.com\/da\/wp-json\/wp\/v2\/product_brand?post=33008"},{"taxonomy":"product_cat","embeddable":true,"href":"https:\/\/serennashop.com\/da\/wp-json\/wp\/v2\/product_cat?post=33008"},{"taxonomy":"product_tag","embeddable":true,"href":"https:\/\/serennashop.com\/da\/wp-json\/wp\/v2\/product_tag?post=33008"}],"curies":[{"name":"wp","href":"https:\/\/api.w.org\/{rel}","templated":true}]}}